{"id":18907,"date":"2025-04-07T06:01:33","date_gmt":"2025-04-07T06:01:33","guid":{"rendered":"https:\/\/www.hydraulic-cylinders.net\/product\/boom-cylinder-for-sumitomo-large-excavator-sh340\/"},"modified":"2025-04-07T06:01:36","modified_gmt":"2025-04-07T06:01:36","slug":"boom-cylinder-for-sumitomo-large-excavator-sh340","status":"publish","type":"product","link":"https:\/\/www.hydraulic-cylinders.net\/sl\/izdelek\/boom-cylinder-for-sumitomo-large-excavator-sh340\/","title":{"rendered":"Cilinder roke za velik bager Sumitomo SH340"},"content":{"rendered":"<h1>Cilinder roke za velik bager Sumitomo SH340<\/h1>\n<h2>Pregled izdelka<\/h2>\n<p>Hidravli\u010dni cilinder roke za Sumitomo Large Excavator SH340 je specializiran hidravli\u010dni cilinder, zasnovan za te\u017eko mehanizacijo. Ta cilinder igra klju\u010dno vlogo pri nadzoru gibanja roke bagra, kar omogo\u010da natan\u010dno dvigovanje, spu\u0161\u010danje in nagibanje. V bistvu omogo\u010da u\u010dinkovito ravnanje z materiali, saj poganja gibanje \u017elice, kar olaj\u0161a kopanje, nakladanje in prevoz razli\u010dnih materialov.<\/p>\n<p><img decoding=\"async\" src=\"https:\/\/www.hydraulic-cylinders.net\/wp-content\/uploads\/2025\/04\/songte-company-1.webp\" alt=\"Cilinder roke za bagre\"><\/p>\n<h3>Definicija in funkcija<\/h3>\n<p>Hidravli\u010dni cilinder \u017elice je vrsta hidravli\u010dnega cilindra, ki se uporablja posebej za krmiljenje gibanja \u017elic v te\u017ekih strojih, kot so bagri, bagri nakladalniki in \u010delni nakladalniki. Ta hidravli\u010dna komponenta pretvarja hidravli\u010dni tlak v mehansko silo, kar upravljavcu omogo\u010da hitro in u\u010dinkovito izvajanje nalog. Vsak cilinder \u017elice je zasnovan tako, da prenese ogromne pritiske, ki nastanejo med delovanjem, kar zagotavlja vzdr\u017eljivost in zanesljivost v zahtevnih okoljih.<\/p>\n<h2>Klju\u010dne lastnosti<\/h2>\n<ul>\n<li><strong>Visoka trdnost in vzdr\u017eljivost:<\/strong> Te valje, izdelane iz visoko trdnega jekla ali aluminija, lahko prenesejo visoke tlake in velike obremenitve, zasnovane so tako, da prenesejo te\u017eke delovne pogoje, in so zasnovane za odpornost proti obrabi in koroziji, kar podalj\u0161a njihovo \u017eivljenjsko dobo.<\/li>\n<li><strong>U\u010dinkovito hidravli\u010dno delovanje:<\/strong> Z uporabo hidravli\u010dnega oljnega tlaka za gladko iztegovanje in vstavljanje se hitro odzivajo na ukaze upravljavca ter zagotavljajo mo\u010dne potisne in vle\u010dne sile, idealne za opravljanje te\u017ekih in kompleksnih nalog.<\/li>\n<li><strong>Razli\u010dne vrste:<\/strong> Na voljo so v enosmerno delujo\u010di (hidravli\u010dni tlak se uporablja v eni smeri) ali dvosmerno delujo\u010di (hidravli\u010dni tlak se uporablja v obeh smereh) konfiguraciji, nekateri modeli pa so teleskopski, kar omogo\u010da ve\u010dji razteg brez pove\u010danja zunanjih dimenzij, primerni za aplikacije z omejenim prostorom.<\/li>\n<\/ul>\n<p>Na\u0161i izdelki lahko popolnoma nadomestijo te hidravli\u010dne cilindre.<\/p>\n<p><img decoding=\"async\" src=\"https:\/\/www.hydraulic-cylinders.net\/wp-content\/uploads\/2025\/04\/songte-cylinder-head-with-all-kinds-excavator-models.webp\" alt=\"Modeli bagrov\"><\/p>\n<h2>Aplikacije<\/h2>\n<h3>Gradbena oprema<\/h3>\n<p>Pri bagrih so cilindri roke klju\u010dni za kopanje, nakladanje in premikanje zemlje ali ru\u0161evin. Omogo\u010dajo u\u010dinkovito prodiranje \u017elice v tla, kar zagotavlja u\u010dinkovita izkopavanja. Ti cilindri pomagajo tudi pri dvigovanju in odlaganju materialov, kar pove\u010duje produktivnost na gradbi\u0161\u010dih.<\/p>\n<h3>Kmetijska mehanizacija<\/h3>\n<p>Ti cilindri, ki se uporabljajo v \u010delnih nakladalnikih, so bistveni za zajemanje, dvigovanje in prevoz zemlje, sena in drugih materialov. Njihovo zanesljivo delovanje omogo\u010da kmetom u\u010dinkovito upravljanje materialov in izbolj\u0161uje operativno u\u010dinkovitost pri kmetijskih opravilih.<\/p>\n<h3>Bagri<\/h3>\n<p>Pri bagrih cilinder roke omogo\u010da, da se \u017elica zarije v zemljo, kar omogo\u010da u\u010dinkovito izkopavanje. Ta zmogljivost je bistvena za razli\u010dna opravila, kot sta kopanje jarkov in priprava gradbi\u0161\u010da, kar pomembno vpliva na celotne \u010dasovne okvire projekta.<\/p>\n<h3>Nakladalci<\/h3>\n<p>Pri \u010delnih nakladalnikih so ti cilindri klju\u010dni za u\u010dinkovito dvigovanje in razkladanje bremen. Podpirajo razli\u010dne materiale, od zemlje do gradbenih odpadkov, zaradi \u010desar so nepogre\u0161ljivi pri razli\u010dnih nakladalnih operacijah.<\/p>\n<h2>Oblikovalski vidiki in izbirna merila<\/h2>\n<h3>Nosilnost<\/h3>\n<p>Bistveno je zagotoviti, da lahko valj roke prenese najve\u010djo obremenitev, ki jo bo do\u017eivel med delovanjem. Pravilna izbira nosilnosti prepre\u010duje mehanske okvare, zagotavlja varnost in u\u010dinkovitost delovanja. Preobremenitev lahko povzro\u010di znatno \u0161kodo, kar vpliva na produktivnost in povzro\u010di draga popravila.<\/p>\n<h3>Tesnilna zmogljivost<\/h3>\n<p>U\u010dinkovito tesnjenje je klju\u010dnega pomena za hidravli\u010dne cilindre. Visokokakovostna tesnila prepre\u010dujejo pu\u0161\u010danje hidravli\u010dne teko\u010dine, ohranjajo tlak in zmogljivost. Uporaba naprednih tesnilnih materialov, kot sta poliuretan in nitrilna guma, pove\u010duje vzdr\u017eljivost in zmanj\u0161uje potrebe po vzdr\u017eevanju. Redni pregled tesnil je potreben za zagotovitev dolge \u017eivljenjske dobe in zmogljivosti.<\/p>\n<h3>Vzdr\u017eljivost<\/h3>\n<p>Vzdr\u017eljivost je klju\u010dni dejavnik pri zasnovi hidravli\u010dnih cilindrov. Prenesti morajo te\u017eke obratovalne pogoje, vklju\u010dno z ekstremnimi temperaturami in izpostavljenostjo umazaniji. Izbira materialov, ki zagotavljajo odpornost proti koroziji in obrabi, je klju\u010dnega pomena za zagotovitev dolge \u017eivljenjske dobe. Dobro zasnovan valj bo zanesljivo deloval skozi celotno \u017eivljenjsko dobo, kar bo znatno zmanj\u0161alo \u010das izpada.<\/p>\n<h3>Varnostne funkcije<\/h3>\n<p>Vklju\u010ditev varnostnih elementov v zasnovo cilindra roke je klju\u010dnega pomena. To vklju\u010duje varnostne ventile, ki prepre\u010dujejo previsok tlak in zagotavljajo varno delovanje. Izvedba varnostnih elementov ne le \u0161\u010diti opremo, temve\u010d zagotavlja tudi varnost upravljavcev in okoli\u0161kih delavcev na gradbi\u0161\u010du.<\/p>\n<h3>Uporabnost<\/h3>\n<p>Zasnova za enostavno vzdr\u017eevanje je klju\u010dnega pomena. Valj, ki ga je mogo\u010de enostavno razstaviti za pregled in popravila, bo dolgoro\u010dno prihranil \u010das in stro\u0161ke. Funkcije, kot so zamenljiva tesnila in enostaven dostop do notranjih komponent, izbolj\u0161ujejo uporabnost hidravli\u010dnih valjev, zaradi \u010desar je redno vzdr\u017eevanje preprosto in u\u010dinkovito.<\/p>\n<p><img decoding=\"async\" src=\"https:\/\/www.hydraulic-cylinders.net\/wp-content\/uploads\/2025\/04\/songte-oil-pipes-and-spare-parts.webp\" alt=\"Hidravli\u010dni deli\"><\/p>\n<h2>Tesnjenje in mazanje<\/h2>\n<p>U\u010dinkovito tesnjenje in mazanje sta klju\u010dnega pomena za optimalno delovanje hidravli\u010dnih cilindrov. Za prepre\u010devanje pu\u0161\u010danja hidravli\u010dne teko\u010dine se uporabljajo razli\u010dni tesnilni elementi, kot so tesnila bata in ojnice. Izbira trpe\u017enih materialov, kot sta poliuretan in nitrilna guma, pove\u010da odpornost proti obrabi. Poleg tega so ohi\u0161je cilindra in navojne kon\u010dne povr\u0161ine podvr\u017eene finim postopkom obdelave za izbolj\u0161anje vzdr\u017eljivosti. Redno mazanje s hidravli\u010dnim oljem je bistveno za zmanj\u0161anje trenja in obrabe, kar zagotavlja nemoteno delovanje in podalj\u0161uje \u017eivljenjsko dobo cilindra.<\/p>\n<h2>Redni pregledi in preventivno vzdr\u017eevanje<\/h2>\n<ul>\n<li><strong>Rutinski pregledi:<\/strong> Redni pregledi pomagajo prepoznati morebitne te\u017eave, preden se stopnjujejo. S pregledom tesnil, cevi in \u200b\u200bpriklju\u010dkov lahko zagotovite, da se morebitna obraba pravo\u010dasno odpravi.<\/li>\n<li><strong>Pravilno mazanje:<\/strong> Vzdr\u017eevanje ustrezne ravni hidravli\u010dnega olja je klju\u010dnega pomena za dolgo \u017eivljenjsko dobo cilindra. Redno ma\u017eite, da prepre\u010dite pregrevanje in obrabo.<\/li>\n<li><strong>Zamenjava tesnila:<\/strong> Redno preverjajte tesnila in jih po potrebi zamenjajte. Obrabljena tesnila lahko povzro\u010dijo pu\u0161\u010danje in zmanj\u0161ano delovanje, zato je proaktivna zamenjava klju\u010dnega pomena.<\/li>\n<\/ul>\n<h2>Navodila za namestitev<\/h2>\n<p>Za pravilno namestitev cilindra roke upo\u0161tevajte ta navodila:<br \/>\n1. Najprej se prepri\u010dajte, da sta valj in nosilci pravilno poravnani. Nepravilna poravnava lahko povzro\u010di prezgodnjo obrabo in okvaro.<br \/>\n2. Za trdno pritrditev cilindra uporabite ustrezne monta\u017ene nosilce. Ta stabilnost je klju\u010dnega pomena za varno delovanje.<br \/>\n3. Hidravli\u010dne cevi previdno napeljite, da se izognete ostrim ovinkom ali pregibom, ki lahko omejijo pretok teko\u010dine in povzro\u010dijo \u0161kodo.<br \/>\n4. Po namestitvi temeljito pregledajte in preizkusite hidravli\u010dni sistem, da se prepri\u010date, da ni pu\u0161\u010danja in da valj deluje gladko.<br \/>\n5. Za zagotovitev varnih povezav upo\u0161tevajte proizvajal\u010deve specifikacije glede nastavitev navora na vseh vijakih in spojih.<\/p>\n<p><img decoding=\"async\" src=\"https:\/\/www.hydraulic-cylinders.net\/wp-content\/uploads\/2025\/04\/songte-chushion-collar.webp\" alt=\"Blazinasti ovratnik\"><\/p>\n<h2>Vzdr\u017eevalna opravila<\/h2>\n<h3>Redni pregledi<\/h3>\n<p>Redno pregledujte cilindre roke, da odkrijete morebitne znake obrabe ali morebitne te\u017eave. Ta preventivni ukrep pomaga zgodaj odkriti te\u017eave, zagotavlja delovanje cilindra in zmanj\u0161uje tveganje za okvaro med kriti\u010dnimi opravili.<\/p>\n<h3>Pravilno mazanje<\/h3>\n<p>Vzdr\u017eevanje ustrezne ravni mazanja je bistvenega pomena za pravilno delovanje hidravli\u010dnih valjev. Redno preverjajte nivo teko\u010dine in po potrebi dolivajte hidravli\u010dno olje, da zagotovite nemoteno delovanje in zmanj\u0161ate obrabo notranjih komponent.<\/p>\n<h3>Zamenjava tesnila<\/h3>\n<p>S\u010dasoma se lahko tesnila zaradi izpostavljenosti hidravli\u010dnim teko\u010dinam in okoljskim dejavnikom obrabijo. Redno pregledujte tesnila in jih zamenjajte, ko so vidni znaki obrabe. To proaktivno vzdr\u017eevanje pomaga prepre\u010devati pu\u0161\u010danje in zagotavlja u\u010dinkovito delovanje valja.<\/p>\n<h2>Varnostni vidiki in okoljski dejavniki<\/h2>\n<p>Pri delu s hidravli\u010dnimi cilindri je izvajanje varnostnih ukrepov klju\u010dnega pomena. Upravljavci morajo biti usposobljeni za prepoznavanje znakov okvare cilindra in razumevanje delovanja hidravli\u010dnega sistema. Nositi je treba ustrezno varnostno opremo in jasno dolo\u010diti postopke v sili. Poleg tega je bistvenega pomena razumevanje vpliva hidravli\u010dnih teko\u010din na okolje, kar zahteva ustrezne postopke odstranjevanja in ravnanja z njimi za za\u0161\u010dito okoli\u0161kih ekosistemov.<\/p>\n<h2>Odpravljanje te\u017eav in pogoste te\u017eave<\/h2>\n<ul>\n<li><strong>Pu\u0161\u010danje:<\/strong> \u010ce odkrijete pu\u0161\u010danje, preverite tesnila in priklju\u010dke. Obrabljena tesnila je treba zamenjati, priklju\u010dke pa zategniti, da prepre\u010dite uhajanje teko\u010dine.<\/li>\n<li><strong>Zmanj\u0161ana zmogljivost:<\/strong> \u010ce valj ne deluje pravilno, preverite, ali so v hidravli\u010dnih ceveh blokade ali da je raven teko\u010dine nizka. Te\u017eave z delovanjem lahko odpravi tudi zagotavljanje ustreznega mazanja.<\/li>\n<li><strong>Nepri\u010dakovani zvoki:<\/strong> Kakr\u0161ni koli nenavadni zvoki med delovanjem lahko ka\u017eejo na notranje po\u0161kodbe. V takih primerih je potreben temeljit pregled, da se oceni stanje cilindra.<\/li>\n<\/ul>\n<h2>Nasveti za odpravljanje te\u017eav<\/h2>\n<p>Za u\u010dinkovito odpravljanje te\u017eav vodite dnevnik morebitnih te\u017eav in re\u0161itev, da boste lahko skozi \u010das prepoznali vzorce. Redno izobra\u017eujte upravljavce o pogostih znakih okvar in spodbujajte takoj\u0161nje poro\u010danje o morebitnih nepravilnostih. Ta proaktivni pristop zmanj\u0161uje morebitne te\u017eave in zagotavlja u\u010dinkovito delovanje.<\/p>\n<p><img decoding=\"async\" src=\"https:\/\/www.hydraulic-cylinders.net\/wp-content\/uploads\/2025\/04\/songte-bushings-with-all-kinds-of-excavator-models.webp\" alt=\"Pu\u0161e za bagre\"><\/p>\n<h2>Pregled podjetja<\/h2>\n<p>Smo proizvajalci nadomestnih hidravli\u010dnih cilindrov, ki ponujajo \u0161iroko paleto izdelkov in so eden vodilnih proizvajalcev in veleprodajnih distributerjev na doma\u010dem in mednarodnem trgu. Zavzemamo se za odli\u010dnost v kakovosti in izvajamo prefinjeno strategijo proizvodnih delavnic. Na\u0161e podjetje nenehno izbolj\u0161uje svojo proizvodno platformo z uporabo usposobljenega osebja, vrhunske digitalne proizvodne opreme in profesionalnih sistemov za testiranje. Vzpostavili smo mo\u010dno zmogljivost za inovacije in izpolnjujemo raznolike potrebe strank z visoko u\u010dinkovitostjo, natan\u010dnostjo in kakovostjo.<\/p>\n<p><img decoding=\"async\" src=\"https:\/\/www.hydraulic-cylinders.net\/wp-content\/uploads\/2025\/04\/songte-company-4.webp\" alt=\"Pregled podjetja\"><br \/>\n<img decoding=\"async\" src=\"https:\/\/www.hydraulic-cylinders.net\/wp-content\/uploads\/2025\/04\/songte-company-3.webp\" alt=\"Proizvodnja podjetja\"><\/p>\n<p>Na\u0161e podjetje poudarja profesionalnost, mednarodne certifikate, prilagojene storitve, napredno proizvodno opremo in celovite poprodajne storitve, da bi zagotovili zadovoljstvo strank in zanesljivost izdelkov.<\/p>\n<p>Avtor: lyl<\/p>","protected":false},"excerpt":{"rendered":"<p>Boom Cylinder For Sumitomo Large Excavator SH340 Product Overview The Boom Cylinder for Sumitomo Large Excavator SH340 is a specialized hydraulic cylinder designed for heavy-duty machinery. This cylinder plays a crucial role in controlling the movement of the excavator&#8217;s boom, allowing for precise lifting, lowering, and tilting actions. Essentially, it enables efficient material handling tasks [&hellip;]<\/p>","protected":false},"featured_media":17879,"comment_status":"open","ping_status":"closed","template":"","meta":{"_et_pb_use_builder":"","_et_pb_old_content":"","_et_gb_content_width":""},"product_brand":[],"product_cat":[1546],"product_tag":[1547,1496],"class_list":{"0":"post-18907","1":"product","2":"type-product","3":"status-publish","4":"has-post-thumbnail","6":"product_cat-boom-cylinders","7":"product_tag-boom-cylinders","8":"product_tag-hydraulic-cylinders","10":"first","11":"instock","12":"shipping-taxable","13":"product-type-simple"},"amp_enabled":true,"_links":{"self":[{"href":"https:\/\/www.hydraulic-cylinders.net\/sl\/wp-json\/wp\/v2\/product\/18907","targetHints":{"allow":["GET"]}}],"collection":[{"href":"https:\/\/www.hydraulic-cylinders.net\/sl\/wp-json\/wp\/v2\/product"}],"about":[{"href":"https:\/\/www.hydraulic-cylinders.net\/sl\/wp-json\/wp\/v2\/types\/product"}],"replies":[{"embeddable":true,"href":"https:\/\/www.hydraulic-cylinders.net\/sl\/wp-json\/wp\/v2\/comments?post=18907"}],"wp:featuredmedia":[{"embeddable":true,"href":"https:\/\/www.hydraulic-cylinders.net\/sl\/wp-json\/wp\/v2\/media\/17879"}],"wp:attachment":[{"href":"https:\/\/www.hydraulic-cylinders.net\/sl\/wp-json\/wp\/v2\/media?parent=18907"}],"wp:term":[{"taxonomy":"product_brand","embeddable":true,"href":"https:\/\/www.hydraulic-cylinders.net\/sl\/wp-json\/wp\/v2\/product_brand?post=18907"},{"taxonomy":"product_cat","embeddable":true,"href":"https:\/\/www.hydraulic-cylinders.net\/sl\/wp-json\/wp\/v2\/product_cat?post=18907"},{"taxonomy":"product_tag","embeddable":true,"href":"https:\/\/www.hydraulic-cylinders.net\/sl\/wp-json\/wp\/v2\/product_tag?post=18907"}],"curies":[{"name":"delovni list","href":"https:\/\/api.w.org\/{rel}","templated":true}]}}