{"id":18924,"date":"2025-04-07T06:02:28","date_gmt":"2025-04-07T06:02:28","guid":{"rendered":"https:\/\/www.hydraulic-cylinders.net\/product\/boom-cylinder-for-caterpillar-small-excavator-e110-110b\/"},"modified":"2025-04-07T06:02:31","modified_gmt":"2025-04-07T06:02:31","slug":"boom-cylinder-for-caterpillar-small-excavator-e110-110b","status":"publish","type":"product","link":"https:\/\/www.hydraulic-cylinders.net\/sl\/izdelek\/boom-cylinder-for-caterpillar-small-excavator-e110-110b\/","title":{"rendered":"Cilinder roke za majhen bager Caterpillar E110\/110B"},"content":{"rendered":"<h1>Cilinder roke za majhen bager Caterpillar E110\/110B<\/h1>\n<h2>Pregled izdelka<\/h2>\n<p>Hidravli\u010dni cilinder roke je klju\u010dna hidravli\u010dna komponenta, posebej zasnovana za modela Caterpillar E110 in E110B malih bagrov. Igra klju\u010dno vlogo pri nadzoru gibanja roke, kar omogo\u010da upravljavcu u\u010dinkovito dvigovanje, spu\u0161\u010danje in nagibanje roke. Ta hidravli\u010dni cilinder je bistvenega pomena za razli\u010dna opravila s te\u017ekimi stroji, zaradi \u010desar je sestavni del delovanja bagrov, bagrov in \u010delnih nakladalnikov. Omogo\u010da natan\u010dno ravnanje z materiali, kar pove\u010duje produktivnost na gradbi\u0161\u010dih in drugih aplikacijah.<\/p>\n<p><img decoding=\"async\" src=\"https:\/\/www.hydraulic-cylinders.net\/wp-content\/uploads\/2025\/04\/songte-company-1.webp\" alt=\"Slika cilindra roke\"><\/p>\n<h3>Definicija in funkcija cilindrov z \u017elico<\/h3>\n<p>Hidravli\u010dni cilinder \u017elice, vrsta hidravli\u010dnega cilindra, se uporablja posebej za upravljanje gibanja \u017elice v te\u017ekih strojih, kot so bagri, bagri in \u010delni nakladalci. Ta hidravli\u010dna komponenta omogo\u010da upravljavcem izvajanje vitalnih nalog, kot so dvigovanje, spu\u0161\u010danje in nagibanje \u017elice, kar je bistveno za operacije ravnanja z materiali. Funkcionalnost cilindra \u017elice je klju\u010dnega pomena za doseganje \u017eelene zmogljivosti pri razli\u010dnih aplikacijah, vklju\u010dno z izkopavanjem in prevozom materiala, zaradi \u010desar je nepogre\u0161ljiv del hidravli\u010dnih sistemov v gradbeni opremi.<\/p>\n<h2>Klju\u010dne zna\u010dilnosti cilindra roke<\/h2>\n<ul>\n<li><strong>Visoka trdnost in vzdr\u017eljivost:<\/strong> Ta jeklenka, izdelana iz visoko trdnega jekla ali aluminija, je zasnovana tako, da prenese visok tlak in velike obremenitve, prilagojena zahtevnim delovnim okoljem, hkrati pa zagotavlja odpornost proti obrabi in koroziji za dalj\u0161o \u017eivljenjsko dobo.<\/li>\n<li><strong>U\u010dinkovito hidravli\u010dno delovanje:<\/strong> Cilinder roke uporablja hidravli\u010dni tlak olja za omogo\u010danje gladkega iztegovanja in vvla\u010devanja, kar omogo\u010da hiter odziv na ukaze upravljavca in zagotavlja znatne zmogljivosti potiskanja in vle\u010denja, primerne za opravljanje te\u017ekih in kompleksnih nalog.<\/li>\n<li><strong>Razli\u010dne vrste:<\/strong> Na voljo je kot enosmerno delujo\u010d (hidravli\u010dna sila se uporablja v eni smeri) ali dvosmerno delujo\u010d (hidravli\u010dna sila se uporablja v obeh smereh), pri \u010demer je mogo\u010de cilinder izbrati glede na specifi\u010dne operativne zahteve. Nekateri modeli imajo tudi teleskopsko zasnovo, ki omogo\u010da ve\u010dji razteg brez pove\u010danja zunanjih dimenzij, kar je idealno za aplikacije z omejenim prostorom.<\/li>\n<li><strong>Izdelava po meri:<\/strong> Ponujamo prilagojene re\u0161itve za izdelavo nadomestnih hidravli\u010dnih cilindrov, ki se popolnoma ujemajo s specifikacijami razli\u010dnih modelov strojev, kar zagotavlja brezhibno integracijo in izbolj\u0161ano zmogljivost.<\/li>\n<\/ul>\n<p><img decoding=\"async\" src=\"https:\/\/www.hydraulic-cylinders.net\/wp-content\/uploads\/2025\/04\/songte-cylinder-head-with-all-kinds-excavator-models.webp\" alt=\"Modeli bagrov\"><\/p>\n<h2>Uporaba cilindra roke<\/h2>\n<h3>Gradbena oprema<\/h3>\n<p>Pri bagrih so cilindri roke klju\u010dnega pomena za izkopavanje, nakladanje in premikanje zemlje ali ru\u0161evin. Omogo\u010dajo stroju u\u010dinkovito opravljanje razli\u010dnih nalog, od kopanja jarkov do dvigovanja te\u017ekih materialov. Natan\u010den nadzor, ki ga zagotavlja cilinder roke, izbolj\u0161a sposobnost upravljavca za izvajanje kompleksnih manevrov, zaradi \u010desar je bistvenega pomena za pripravo gradbi\u0161\u010da in gradbena dela.<\/p>\n<h3>Kmetijska mehanizacija<\/h3>\n<p>Pri \u010delnih nakladalnikih cilindri roke olaj\u0161ajo strganje, dvigovanje in prevoz zemlje, sena in drugih materialov. Njihova robustna zasnova zagotavlja zanesljivo delovanje pri zahtevnih kmetijskih opravilih, pomaga pri nakladanju in razkladanju, hkrati pa pove\u010duje splo\u0161no produktivnost pri kmetijskih dejavnostih.<\/p>\n<h3>Izkopni stroji<\/h3>\n<p>Pri bagrih cilinder roke omogo\u010da, da \u017elica u\u010dinkovito prodre v zemljo, kar olaj\u0161a kopanje. Njegov natan\u010den nadzor omogo\u010da razli\u010dne globine in kote kopanja, zaradi \u010desar je primeren za \u0161tevilna izkopna opravila na razli\u010dnih terenih.<\/p>\n<h3>Nakladalci<\/h3>\n<p>Pri \u010delnih nakladalnikih cilinder roke pomaga pri u\u010dinkovitem dvigovanju in odlaganju materialov. Ta zmogljivost je klju\u010dnega pomena za hitro premikanje velikih koli\u010din zemlje ali ru\u0161evin, kar znatno izbolj\u0161a operativno u\u010dinkovitost in uspe\u0161nost nakladalnika pri nakladanju in razkladanju.<\/p>\n<h2>Oblikovalski vidiki in standardi izbire<\/h2>\n<h3>Nosilnost<\/h3>\n<p>Nosilnost cilindra roke je eden najpomembnej\u0161ih konstrukcijskih dejavnikov. Mora biti ustrezno dimenzioniran, da prenese najve\u010dje pri\u010dakovane obremenitve med delovanjem. To zagotavlja varno in u\u010dinkovito delovanje cilindra v razli\u010dnih pogojih. Pri izbiri hidravli\u010dnega cilindra je bistveno oceniti te\u017eo materialov, s katerimi se ravna, in sile, ki delujejo na opremo, da se zagotovi, da lahko cilinder brezhibno prenese te zahteve.<\/p>\n<h3>Tesnilna zmogljivost<\/h3>\n<p>Tesnilna zmogljivost je klju\u010dnega pomena za ohranjanje hidravli\u010dne u\u010dinkovitosti in prepre\u010devanje pu\u0161\u010danja. Visokokakovostna tesnila so zasnovana tako, da prenesejo tlake, ki se pojavljajo v hidravli\u010dnih sistemih, in zagotavljajo oviro pred izgubo teko\u010dine, hkrati pa zagotavljajo u\u010dinkovito delovanje. Izbira pravih tesnilnih materialov, kot sta poliuretan ali nitrilna guma, je bistvenega pomena za zagotavljanje dolgoro\u010dne zanesljivosti in delovanja ter zmanj\u0161anje potreb po vzdr\u017eevanju.<\/p>\n<h3>Vzdr\u017eljivost<\/h3>\n<p>Vzdr\u017eljivost je pomemben dejavnik pri obravnavi \u017eivljenjske dobe cilindra roke. Izdelan mora biti iz materialov, ki so odporni na obrabo in korozijo v zahtevnih okoljih. Zasnova mora dati prednost odpornosti proti eroziji in utrujanju, kar zagotavlja, da valj ohrani svojo operativno integriteto skozi \u010das, kar je \u0161e posebej pomembno v panogah, kjer je oprema izpostavljena te\u017ekim pogojem.<\/p>\n<h3>Varnost<\/h3>\n<p>Pri na\u010drtovanju in izbiri cilindra roke je varnost najpomembnej\u0161a. Funkcije, kot so varnostni ventili in robustna konstrukcija, pomagajo zmanj\u0161ati tveganja, povezana s hidravli\u010dnimi okvarami. Zagotavljanje varnostne zasnove cilindra \u0161\u010diti tako upravljavce kot stroje ter zmanj\u0161uje verjetnost nesre\u010d med delovanjem.<\/p>\n<h3>Vzdr\u017eevanje<\/h3>\n<p>Enostavno vzdr\u017eevanje je klju\u010dni dejavnik pri zasnovi, ki vpliva na operativno u\u010dinkovitost cilindra roke. Cilinder mora biti zasnovan tako, da omogo\u010da dostopnost, kar omogo\u010da redne preglede in servisiranje brez pretiranega razstavljanja. Pravilna zasnova olaj\u0161a rutinska vzdr\u017eevalna opravila, kot sta zamenjava tesnil in mazanje, kar zagotavlja, da cilinder ostane v optimalnem delovnem stanju in podalj\u0161uje njegovo \u017eivljenjsko dobo.<\/p>\n<p><img decoding=\"async\" src=\"https:\/\/www.hydraulic-cylinders.net\/wp-content\/uploads\/2025\/04\/songte-oil-pipes-and-spare-parts.webp\" alt=\"Hidravli\u010dni deli\"><\/p>\n<h2>Tesnjenje in mazanje<\/h2>\n<p>U\u010dinkovito tesnjenje in mazanje sta bistvenega pomena za nemoteno delovanje cilindrov roke. Za ohranjanje celovitosti hidravli\u010dne teko\u010dine se uporabljajo razli\u010dne tesnilne komponente, kot so tesnila bata in tesnila palic. Tesnila iz materialov, odpornih proti obrabi, kot sta poliuretan in nitrilna guma, so izbrana zaradi svoje vzdr\u017eljivosti in u\u010dinkovitosti pri prepre\u010devanju pu\u0161\u010danja. Ohi\u0161je cilindra in navojni konci morajo biti podvr\u017eeni skrbni povr\u0161inski obdelavi, da se pove\u010da odpornost proti obrabi in zagotovi tesno tesnjenje. Poleg tega je za zagotovitev nemotenega delovanja in prepre\u010devanje obrabe notranjih komponent potrebno redno mazanje s hidravli\u010dnim oljem.<\/p>\n<h2>Redni pregledi in preventivno vzdr\u017eevanje<\/h2>\n<ul>\n<li><strong>Redni vizualni pregledi:<\/strong> Redno vizualno preverjajte morebitne znake obrabe, pu\u0161\u010danja ali po\u0161kodb. Zgodnje odkrivanje te\u017eav lahko prepre\u010di resnej\u0161e te\u017eave v prihodnosti in zagotovi u\u010dinkovito in varno delovanje jeklenke.<\/li>\n<li><strong>Vzdr\u017eevanje mazanja:<\/strong> Redno ma\u017eite valj s predpisanim hidravli\u010dnim oljem, da zagotovite nemoteno delovanje. Pravilno mazanje zmanj\u0161a trenje in obrabo ter s tem podalj\u0161a \u017eivljenjsko dobo in zmogljivost valja.<\/li>\n<li><strong>Zamenjava tesnila:<\/strong> Med rutinskimi pregledi preverite tesnila glede znakov obrabe ali pu\u0161\u010danja. Pravo\u010dasna zamenjava tesnil je klju\u010dnega pomena za ohranjanje hidravli\u010dne u\u010dinkovitosti in prepre\u010devanje izgube teko\u010dine.<\/li>\n<\/ul>\n<h2>Navodila za namestitev<\/h2>\n<p>Pravilna namestitev cilindra roke je klju\u010dnega pomena za njegovo delovanje in dolgo \u017eivljenjsko dobo. Pred namestitvijo se prepri\u010dajte, da so vse komponente \u010diste in brez ostankov. Cilinder natan\u010dno poravnajte z pritrdilnimi to\u010dkami in ga pritrdite z ustreznimi pritrdilnimi nosilci. Prepri\u010dajte se, da so vse hidravli\u010dne povezave tesne in ne pu\u0161\u010dajo. Po namestitvi je nujno preizkusiti cilinder pod obremenitvijo, da se prepri\u010date, da deluje gladko in u\u010dinkovito. Upo\u0161tevajte proizvajal\u010deve specifikacije za nastavitve navora in postopke priklju\u010ditve ter vedno glejte priro\u010dnik za namestitev za podrobna navodila.<\/p>\n<h2>Pogosta vzdr\u017eevalna opravila<\/h2>\n<ul>\n<li><strong>Redni pregledi:<\/strong> Pogosti pregledi so pomembni za odkrivanje obrabe cilindra roke. Prepri\u010dajte se, da ste preverili znake pu\u0161\u010danja in korozije, ki bi lahko kazali na te\u017eave, ki zahtevajo takoj\u0161njo pozornost.<\/li>\n<li><strong>Pravilno mazanje:<\/strong> Redno ma\u017eite valj, da zagotovite nemoteno delovanje notranjih komponent. Pravilno mazanje prepre\u010duje prekomerno obrabo in zagotavlja u\u010dinkovito hidravli\u010dno delovanje, kar podalj\u0161uje \u017eivljenjsko dobo opreme.<\/li>\n<li><strong>Zamenjava tesnila:<\/strong> Redno preverjajte celovitost tesnil. \u010ce opazite kakr\u0161ne koli znake obrabe ali po\u0161kodb, jih nemudoma zamenjajte, da ohranite hidravli\u010dno u\u010dinkovitost in prepre\u010dite pu\u0161\u010danje. Pravilno vzdr\u017eevanje tesnil lahko znatno podalj\u0161a \u017eivljenjsko dobo cilindra roke.<\/li>\n<\/ul>\n<p>Pravilna namestitev, mazanje in nastavitve so bistvenega pomena za u\u010dinkovitost delovanja. Med namestitvijo zagotovite, da je valj natan\u010dno poravnan, da prepre\u010dite obremenitev komponent, in za pritrditev uporabite ustrezne pritrdilne elemente. Za ohranjanje optimalne zmogljivosti in zanesljivosti je treba redno pregledovati, popravljati in zamenjati obrabljene dele.<\/p>\n<p><img decoding=\"async\" src=\"https:\/\/www.hydraulic-cylinders.net\/wp-content\/uploads\/2025\/04\/songte-chushion-collar.webp\" alt=\"Blazinasti ovratnik\"><\/p>\n<h2>Varnostni vidiki in okoljski dejavniki<\/h2>\n<p>Pri uporabi hidravli\u010dnih cilindrov so varnostni ukrepi izjemnega pomena. Zagotovite, da so upravljavci usposobljeni za prepoznavanje morebitnih nevarnosti, povezanih s hidravli\u010dnimi sistemi. Redni varnostni pregledi in upo\u0161tevanje varnostnih protokolov so bistveni za zmanj\u0161anje tveganj. Poleg tega upo\u0161tevajte okoljske dejavnike, kot so odlaganje teko\u010din in morebitna pu\u0161\u010danja, ter uvedite strategije za ubla\u017eitev njihovega vpliva na okolico.<\/p>\n<h2>Diagnoza napak in pogoste te\u017eave<\/h2>\n<ul>\n<li><strong>Pu\u0161\u010danje:<\/strong> Pu\u0161\u010danje je ena najpogostej\u0161ih te\u017eav z cilindri roke. Lahko ga povzro\u010dijo obrabljena tesnila ali po\u0161kodovane komponente. Redni pregledi lahko pomagajo zgodaj odkriti pu\u0161\u010danja, kar omogo\u010da pravo\u010dasna popravila.<\/li>\n<li><strong>Zmanj\u0161ana zmogljivost:<\/strong> \u010ce valj ne dosega pri\u010dakovane zmogljivosti, je to lahko posledica nezadostnega mazanja ali zraka, ujetega v hidravli\u010dnem sistemu. Pravilno vzdr\u017eevanje lahko odpravi te te\u017eave.<\/li>\n<li><strong>Pregrevanje:<\/strong> Do pregrevanja lahko pride, \u010de hidravli\u010dna teko\u010dina ne kro\u017ei pravilno ali \u010de je v sistemu prekomerno trenje. Redni pregledi in dolivanje teko\u010dine lahko pomagajo prepre\u010diti to te\u017eavo.<\/li>\n<\/ul>\n<p>Za u\u010dinkovito diagnosticiranje napak je bistveno izvajati sistemati\u010dne preglede hidravli\u010dnega sistema. Redno vzdr\u017eevanje lahko prepre\u010di \u0161tevilne pogoste te\u017eave in zagotovi u\u010dinkovito delovanje cilindra roke. Upravljavci morajo biti usposobljeni za prepoznavanje zgodnjih opozorilnih znakov okvare, da lahko pravo\u010dasno ukrepajo.<\/p>\n<p><img decoding=\"async\" src=\"https:\/\/www.hydraulic-cylinders.net\/wp-content\/uploads\/2025\/04\/songte-bushings-with-all-kinds-of-excavator-models.webp\" alt=\"Pu\u0161e za bagre\"><\/p>\n<h2>Predstavitev podjetja<\/h2>\n<p>Smo proizvajalec, specializiran za nadomestne hidravli\u010dne cilindre, ki ponuja \u0161iroko paleto izdelkov za zadovoljevanje raznolikih potreb doma\u010dega in mednarodnega trga. Kot eden vodilnih proizvajalcev in veletrgovcev s hidravli\u010dnimi cilindri se dr\u017eimo odli\u010dnosti v kakovosti. Na\u0161a proizvodna strategija se osredoto\u010da na izpopolnjene proizvodne procese, pri \u010demer uporabljamo vrhunsko digitalno proizvodno opremo in napredne sisteme testiranja za nenehno izbolj\u0161evanje na\u0161e proizvodne platforme. Na\u0161a mo\u010dna inovacijska zmogljivost nam omogo\u010da, da z visoko u\u010dinkovitostjo, natan\u010dnostjo in kakovostjo izpolnjujemo raznolike zahteve na\u0161ih strank.<\/p>\n<p><img decoding=\"async\" src=\"https:\/\/www.hydraulic-cylinders.net\/wp-content\/uploads\/2025\/04\/songte-company-4.webp\" alt=\"Pregled podjetja\"><br \/>\n<img decoding=\"async\" src=\"https:\/\/www.hydraulic-cylinders.net\/wp-content\/uploads\/2025\/04\/songte-company-3.webp\" alt=\"Proizvodni proces\"><\/p>\n<p>Na\u0161a zavezanost profesionalnim storitvam, mednarodnim certifikatom, prilagodljivim re\u0161itvam, najsodobnej\u0161i proizvodni opremi in odzivni poprodajni podpori nas lo\u010di od drugih v panogi. Prizadevamo si, da bi svojim strankam zagotovili ne le visokokakovostne izdelke, temve\u010d tudi zanesljivo podporo skozi celotno izku\u0161njo z nami.<\/p>\n<p>Avtor: lyl<\/p>","protected":false},"excerpt":{"rendered":"<p>Boom Cylinder For Caterpillar Small Excavator E110\/110B Product Overview The Boom Cylinder is a crucial hydraulic component specifically designed for the Caterpillar Small Excavator models E110 and E110B. It plays a vital role in controlling the boom&#8217;s movement, allowing the operator to lift, lower, and tilt the boom efficiently. This hydraulic cylinder is essential for [&hellip;]<\/p>","protected":false},"featured_media":17881,"comment_status":"open","ping_status":"closed","template":"","meta":{"_et_pb_use_builder":"","_et_pb_old_content":"","_et_gb_content_width":""},"product_brand":[],"product_cat":[1546],"product_tag":[1547,1496],"class_list":{"0":"post-18924","1":"product","2":"type-product","3":"status-publish","4":"has-post-thumbnail","6":"product_cat-boom-cylinders","7":"product_tag-boom-cylinders","8":"product_tag-hydraulic-cylinders","10":"first","11":"instock","12":"shipping-taxable","13":"product-type-simple"},"amp_enabled":true,"_links":{"self":[{"href":"https:\/\/www.hydraulic-cylinders.net\/sl\/wp-json\/wp\/v2\/product\/18924","targetHints":{"allow":["GET"]}}],"collection":[{"href":"https:\/\/www.hydraulic-cylinders.net\/sl\/wp-json\/wp\/v2\/product"}],"about":[{"href":"https:\/\/www.hydraulic-cylinders.net\/sl\/wp-json\/wp\/v2\/types\/product"}],"replies":[{"embeddable":true,"href":"https:\/\/www.hydraulic-cylinders.net\/sl\/wp-json\/wp\/v2\/comments?post=18924"}],"wp:featuredmedia":[{"embeddable":true,"href":"https:\/\/www.hydraulic-cylinders.net\/sl\/wp-json\/wp\/v2\/media\/17881"}],"wp:attachment":[{"href":"https:\/\/www.hydraulic-cylinders.net\/sl\/wp-json\/wp\/v2\/media?parent=18924"}],"wp:term":[{"taxonomy":"product_brand","embeddable":true,"href":"https:\/\/www.hydraulic-cylinders.net\/sl\/wp-json\/wp\/v2\/product_brand?post=18924"},{"taxonomy":"product_cat","embeddable":true,"href":"https:\/\/www.hydraulic-cylinders.net\/sl\/wp-json\/wp\/v2\/product_cat?post=18924"},{"taxonomy":"product_tag","embeddable":true,"href":"https:\/\/www.hydraulic-cylinders.net\/sl\/wp-json\/wp\/v2\/product_tag?post=18924"}],"curies":[{"name":"delovni list","href":"https:\/\/api.w.org\/{rel}","templated":true}]}}