{"id":18926,"date":"2025-04-07T06:02:34","date_gmt":"2025-04-07T06:02:34","guid":{"rendered":"https:\/\/www.hydraulic-cylinders.net\/product\/boom-cylinder-for-caterpillar-small-excavator-e306ez\/"},"modified":"2025-04-07T06:02:37","modified_gmt":"2025-04-07T06:02:37","slug":"boom-cylinder-for-caterpillar-small-excavator-e306ez","status":"publish","type":"product","link":"https:\/\/www.hydraulic-cylinders.net\/sl\/izdelek\/boom-cylinder-for-caterpillar-small-excavator-e306ez\/","title":{"rendered":"Cilinder roke za majhen bager Caterpillar E306EZ"},"content":{"rendered":"<h1>Cilinder roke za majhen bager Caterpillar E306EZ<\/h1>\n<h2>Pregled izdelka<\/h2>\n<p>Cilinder roke za majhen bager Caterpillar E306EZ je klju\u010dna komponenta hidravli\u010dnih sistemov, posebej zasnovana za nadzor gibanja roke v razli\u010dnih te\u017ekih strojih. Ti cilindri omogo\u010dajo dvigovanje, spu\u0161\u010danje in nagibanje roke bagra, kar omogo\u010da u\u010dinkovito ravnanje z materiali. Cilinder \u017elice je vrsta hidravli\u010dnega cilindra, ki igra klju\u010dno vlogo pri delovanju bagrov, bagrov nakladalnikov in \u010delnih nakladalnikov, saj omogo\u010da natan\u010den nadzor nad delovanjem stroja.<\/p>\n<p><img decoding=\"async\" src=\"https:\/\/www.hydraulic-cylinders.net\/wp-content\/uploads\/2025\/04\/songte-company-1.webp\" alt=\"Cilinder roke\"><\/p>\n<h2>Klju\u010dne lastnosti<\/h2>\n<ul>\n<li><strong>Visoka trdnost in vzdr\u017eljivost:<\/strong> Ti cilindri, obi\u010dajno izdelani iz visoko trdnega jekla ali aluminija, lahko prenesejo visok tlak in velike obremenitve. Zasnovani so tako, da prenesejo te\u017eke delovne pogoje, kar zagotavlja dolgo \u017eivljenjsko dobo zaradi odpornosti proti obrabi in za\u0161\u010dite pred korozijo.<\/li>\n<li><strong>U\u010dinkovito hidravli\u010dno delovanje:<\/strong> Z uporabo hidravli\u010dnega tlaka olja cilindri roke zagotavljajo gladko iztegovanje in vstavljanje. Hitro se odzivajo na krmilne ukaze in zagotavljajo mo\u010dne potisne in vle\u010dne sile, idealne za ravnanje s te\u017ekimi materiali in kompleksnimi nalogami.<\/li>\n<li><strong>Razli\u010dne vrste:<\/strong> Cilindri roke so na voljo v razli\u010dnih vrstah, vklju\u010dno z enosmerno delujo\u010dimi (delujejo v eno smer) in dvosmerno delujo\u010dimi (delujejo v obe smeri). Nekateri modeli imajo teleskopske zasnove, ki omogo\u010dajo ve\u010dji izvle\u010dek brez pove\u010danja zunanjih dimenzij, kar je primerno za aplikacije z omejenim prostorom.<\/li>\n<li><strong>Izdelava po meri:<\/strong> Na\u0161i izdelki so izdelani natan\u010dno in lahko popolnoma nadomestijo obstoje\u010de hidravli\u010dne cilindre, kar zagotavlja brezhibno integracijo in delovanje.<\/li>\n<li><strong>Zagotavljanje kakovosti:<\/strong> Vsak valj je podvr\u017een strogim preverjanjem kakovosti in je v skladu z industrijskimi standardi, kar zagotavlja zanesljivost in optimalno delovanje v razli\u010dnih aplikacijah.<\/li>\n<\/ul>\n<p><img decoding=\"async\" src=\"https:\/\/www.hydraulic-cylinders.net\/wp-content\/uploads\/2025\/04\/songte-cylinder-head-with-all-kinds-excavator-models.webp\" alt=\"Modeli bagrov Caterpillar\"><\/p>\n<h2>Scenariji uporabe<\/h2>\n<h3>Gradbena oprema<\/h3>\n<p>V gradbeni opremi, kot so bagri, so cilindri roke bistveni za kopanje, nakladanje in premikanje zemlje ali ru\u0161evin. Njihova sposobnost, da omogo\u010dajo vrtenje roke in doseganje razli\u010dnih kotov, pove\u010duje operativno vsestranskost bagra. Pri bagrih nakladalnikih cilinder roke ne pomaga le pri izkopavanju, temve\u010d tudi pri dvigovanju te\u017ekih bremen, zaradi \u010desar je nepogre\u0161ljiv del stroja.<\/p>\n<h3>Kmetijska mehanizacija<\/h3>\n<p>V kmetijstvu \u010delni nakladalniki uporabljajo cilindre roke za zajemanje, dvigovanje in prevoz zemlje, sena in drugih materialov. Natan\u010den nadzor, ki ga ponujajo ti cilindri, kmetom omogo\u010da u\u010dinkovito upravljanje njihovih nalog, od nalaganja \u017eita do \u010di\u0161\u010denja polj.<\/p>\n<h3>Bagri<\/h3>\n<p>Pri bagrih cilinder roke olaj\u0161a kopanje, saj omogo\u010da, da \u017elica prodre v zemljo. Ta sposobnost je klju\u010dnega pomena za ohranjanje produktivnosti na gradbi\u0161\u010dih, zagotavljanje hitrej\u0161ega opravljanja izkopnih nalog in izbolj\u0161anje splo\u0161ne operativne u\u010dinkovitosti.<\/p>\n<h3>Nakladalci<\/h3>\n<p>Pri \u010delnih nakladalnikih so cilindri roke odgovorni za u\u010dinkovito dvigovanje in prekucanje bremen. Ta funkcija je klju\u010dnega pomena za premikanje materialov, kot so gramoz, pesek ali gradbeni odpadki, zaradi \u010desar je nakladalnik vsestransko orodje pri gradbenih in krajinskih projektih.<\/p>\n<h2>Oblikovalski vidiki in izbirna merila<\/h2>\n<h3>Nosilnost<\/h3>\n<p>Nosilnost cilindra roke je klju\u010dni dejavnik pri na\u010drtovanju, saj dolo\u010da najve\u010djo te\u017eo, ki jo lahko valj varno prenese. Proizvajalci morajo zagotoviti, da je valj ocenjen za predvideno uporabo, pri \u010demer upo\u0161tevajo tako stati\u010dne kot dinami\u010dne obremenitve. Preobremenitev lahko povzro\u010di prezgodnjo odpoved, kar poudarja pomen natan\u010dne ocene obremenitve med postopkom izbire.<\/p>\n<h3>Tesnjenje<\/h3>\n<p>U\u010dinkovito tesnjenje je bistvenega pomena za hidravli\u010dne cilindre, da prepre\u010dijo pu\u0161\u010danje teko\u010dine in ohranijo delovanje. Visokokakovostna tesnila, kot so tesnila bata in ojnice, izdelana iz trpe\u017enih materialov, kot sta poliuretan ali nitrilna guma, so klju\u010dnega pomena za zagotavljanje dolgotrajnega delovanja. Pravilna zasnova tesnjenja zmanj\u0161uje obrabo in pove\u010duje splo\u0161no zanesljivost hidravli\u010dnega sistema.<\/p>\n<h3>Vzdr\u017eljivost<\/h3>\n<p>Vzdr\u017eljivost je najpomembnej\u0161a za cilindre roke, zlasti glede na zahtevna okolja, v katerih delujejo. Dejavniki, kot so izbira materiala, povr\u0161inska obdelava in geometrija zasnove, prispevajo k sposobnosti cilindra, da prenese obrabo, utrujenost in okoljske stresne dejavnike. Proizvajalci pogosto uporabljajo napredne premaze in materiale za pove\u010danje odpornosti proti abraziji in koroziji, kar zagotavlja dolgo \u017eivljenjsko dobo.<\/p>\n<h3>Varnost<\/h3>\n<p>V zasnovo cilindrov roke morajo biti vklju\u010dene varnostne funkcije, da se za\u0161\u010ditijo upravljavci in stroji. To vklju\u010duje elemente zasnove, ki prepre\u010dujejo odpoved cilindra pod obremenitvijo, ter mehanizme, ki zagotavljajo pravilno namestitev in delovanje. Redno vzdr\u017eevanje in pregledi so prav tako klju\u010dni za prepoznavanje morebitnih varnostnih te\u017eav, preden se te stopnjujejo.<\/p>\n<h3>Vzdr\u017eevanje<\/h3>\n<p>Zasnova za vzdr\u017eevanje vklju\u010duje izdelavo cilindrov roke, ki jih je enostavno servisirati in popravljati. To vklju\u010duje upo\u0161tevanje enostavnega dostopa do tesnil, le\u017eajev in drugih komponent, ki lahko zahtevajo redno vzdr\u017eevanje. Zagotavljanje jasnih smernic za postopke vzdr\u017eevanja lahko znatno podalj\u0161a \u017eivljenjsko dobo hidravli\u010dnega cilindra in zagotovi dosledno delovanje.<\/p>\n<p><img decoding=\"async\" src=\"https:\/\/www.hydraulic-cylinders.net\/wp-content\/uploads\/2025\/04\/songte-oil-pipes-and-spare-parts.webp\" alt=\"Hidravli\u010dni deli\"><\/p>\n<h2>Tesnjenje in mazanje<\/h2>\n<p>Pravilno tesnjenje in mazanje sta klju\u010dnega pomena za dolgo \u017eivljenjsko dobo in u\u010dinkovito delovanje cilindrov roke. Za prepre\u010devanje pu\u0161\u010danja hidravli\u010dne teko\u010dine in prepre\u010devanje vdora onesna\u017eevalcev v cilindre se uporabljajo razli\u010dni tesnilni elementi, vklju\u010dno s tesnili bata in palice. Tesnila iz materialov, odpornih proti obrabi, kot sta poliuretan in nitrilna guma, se pogosto izberejo zaradi njihove vzdr\u017eljivosti. Poleg tega so ohi\u0161je cilindra in navojne kon\u010dne povr\u0161ine fino obdelane za pove\u010danje odpornosti proti obrabi.<\/p>\n<p>Redno mazanje s hidravli\u010dnim oljem je bistvenega pomena za ohranjanje optimalne zmogljivosti. Pravilno mazanje zmanj\u0161a trenje med gibljivimi deli, prepre\u010duje prezgodnjo obrabo in zagotavlja nemoteno delovanje. Vzpostavitev rutine za preverjanje in dolivanje nivoja hidravli\u010dne teko\u010dine lahko znatno vpliva na splo\u0161no u\u010dinkovitost in vzdr\u017eljivost cilindra.<\/p>\n<h2>Preventivni vzdr\u017eevalni ukrepi<\/h2>\n<ul>\n<li><strong>Redni pregledi:<\/strong> Redno pregledujte, da odkrijete znake obrabe, pu\u0161\u010danja ali po\u0161kodb. Med delovanjem bodite pozorni na nenavadne zvoke, ki lahko ka\u017eejo na notranje te\u017eave.<\/li>\n<li><strong>Preverjanje mazanja:<\/strong> Zagotovite ustrezno mazanje z rednim preverjanjem nivoja hidravli\u010dne teko\u010dine in po potrebi dolivanjem, da prepre\u010dite delovanje na suho.<\/li>\n<li><strong>Zamenjava tesnil:<\/strong> Spremljajte tesnila glede znakov obrabe in jih pravo\u010dasno zamenjajte, da ohranite u\u010dinkovitost in prepre\u010dite pu\u0161\u010danje.<\/li>\n<\/ul>\n<h2>Navodila za namestitev<\/h2>\n<p>Pravilna namestitev cilindra roke je klju\u010dnega pomena za optimalno delovanje. Za\u010dnite s poravnavo cilindra z nosilci in se prepri\u010dajte, da so vse komponente pravilno poravnane, da prepre\u010dite prekomerno obremenitev. Za pritrditev cilindra uporabite ustrezne nosilce, saj bo to pomagalo ohraniti njegov polo\u017eaj med delovanjem.<\/p>\n<p>Za zagotovitev varne pritrditve upo\u0161tevajte proizvajal\u010deve specifikacije glede nastavitev navora in pritrdilnih elementov. Prav tako je bistveno preveriti, ali so hidravli\u010dne cevi pravilno priklju\u010dene in brez pregibov ali ovir. Po namestitvi preizkusite sistem glede pravilnega delovanja in pred polnim delovanjem preverite morebitna pu\u0161\u010danja ali nepravilnosti.<\/p>\n<h2>Pogosta vzdr\u017eevalna opravila<\/h2>\n<ul>\n<li><strong>Redni pregledi:<\/strong> Izvajajte preglede za ugotavljanje obrabe in po\u0161kodb. Ta proaktivni ukrep lahko pomaga prepre\u010diti katastrofalne okvare.<\/li>\n<li><strong>Pravilno mazanje:<\/strong> Zagotovite vzdr\u017eevanje ravni hidravli\u010dnega olja in redno mazanje, da zmanj\u0161ate trenje in obrabo.<\/li>\n<li><strong>Zamenjava tesnila:<\/strong> Redno preverjajte tesnila glede obrabe in jih zamenjajte, da prepre\u010dite pu\u0161\u010danje in ohranite celovitost sistema.<\/li>\n<\/ul>\n<h2>Varnostni vidiki in okoljski dejavniki<\/h2>\n<p>Varnostni ukrepi so pri uporabi hidravli\u010dnih cilindrov najpomembnej\u0161i. Upravljavci morajo biti usposobljeni za prepoznavanje morebitnih nevarnosti in upo\u0161tevanje varnostnih protokolov med delovanjem in vzdr\u017eevanjem. To vklju\u010duje zagotavljanje, da cilindri roke niso preobremenjeni in da vse varnostne naprave delujejo. Poleg tega je treba pri izbiri materialov in na\u010drtovanju cilindrov upo\u0161tevati okoljske dejavnike, kot so temperaturna nihanja in izpostavljenost korozivnim elementom.<\/p>\n<h2>Odpravljanje pogostih te\u017eav<\/h2>\n<ul>\n<li><strong>Pu\u0161\u010danje:<\/strong> \u010ce hidravli\u010dni valj pu\u0161\u010da, preverite tesnila glede obrabe ali po\u0161kodb. Po potrebi zamenjajte tesnila in se prepri\u010dajte, da so vse povezave tesne.<\/li>\n<li><strong>Slaba zmogljivost:<\/strong> To je lahko posledica nezadostnega mazanja ali onesna\u017eenja hidravli\u010dne teko\u010dine. Redno preverjajte nivo teko\u010dine in zamenjajte onesna\u017eeno teko\u010dino.<\/li>\n<li><strong>Hrupno delovanje:<\/strong> Nenavadni zvoki lahko ka\u017eejo na notranjo obrabo ali nezadostno mazanje. Opravite temeljit pregled, da diagnosticirate te\u017eavo in sprejmete korektivne ukrepe.<\/li>\n<\/ul>\n<h2>Nasveti za odpravljanje te\u017eav<\/h2>\n<p>Za u\u010dinkovito diagnosticiranje in odpravljanje te\u017eav s hidravli\u010dnimi cilindri je bistvenega pomena sistemati\u010den pristop. Za\u010dnite z identifikacijo simptomov in izolacijo problemati\u010dnega obmo\u010dja. Redno preverjajte nivo teko\u010din in stanje tesnil, da prepre\u010dite pu\u0161\u010danje in ohranite delovanje. Izvajajte preventivne ukrepe, kot so redno vzdr\u017eevanje in pregledi, da zmanj\u0161ate tveganje za morebitne te\u017eave.<\/p>\n<p><img decoding=\"async\" src=\"https:\/\/www.hydraulic-cylinders.net\/wp-content\/uploads\/2025\/04\/songte-bushings-with-all-kinds-of-excavator-models.webp\" alt=\"Pu\u0161e za bagre\"><\/p>\n<h2>Pregled podjetja<\/h2>\n<p>Smo vodilni proizvajalec in veleprodajni distributer nadomestnih hidravli\u010dnih cilindrov, ki ponuja \u0161iroko paleto izdelkov za zadovoljevanje povpra\u0161evanja doma\u010dega in mednarodnega trga. Na\u0161a zavezanost odli\u010dnosti se ka\u017ee v na\u0161ih izpopolnjenih proizvodnih strategijah in visokokakovostnem upravljanju proizvodnje. Z uporabo usposobljenih tehnikov in digitalne proizvodne opreme nenehno izbolj\u0161ujemo na\u0161e proizvodne zmogljivosti, da bi zadovoljili raznolike potrebe strank z visoko u\u010dinkovitostjo, natan\u010dnostjo in kakovostjo.<\/p>\n<p>Na\u0161 profesionalni pristop vklju\u010duje mednarodne certifikate, storitve po meri, napredno proizvodno opremo in celovito poprodajno podporo, s \u010dimer zagotavljamo, da na\u0161e stranke prejmejo najbolj\u0161e izdelke in storitve v panogi.<\/p>\n<p><img decoding=\"async\" src=\"https:\/\/www.hydraulic-cylinders.net\/wp-content\/uploads\/2025\/04\/songte-company-4.webp\" alt=\"Pregled podjetja\"><br \/>\n<img decoding=\"async\" src=\"https:\/\/www.hydraulic-cylinders.net\/wp-content\/uploads\/2025\/04\/songte-company-3.webp\" alt=\"Proizvodna oprema\"><\/p>\n<p>Avtor: lyl<\/p>","protected":false},"excerpt":{"rendered":"<p>Boom Cylinder For Caterpillar Small Excavator E306EZ Product Overview The Boom Cylinder for Caterpillar Small Excavator E306EZ is a critical component in hydraulic systems, specifically designed to control the movement of the boom in various heavy machinery. These cylinders enable the boom of an excavator to raise, lower, and tilt, facilitating efficient material handling tasks. [&hellip;]<\/p>","protected":false},"featured_media":17868,"comment_status":"open","ping_status":"closed","template":"","meta":{"_et_pb_use_builder":"","_et_pb_old_content":"","_et_gb_content_width":""},"product_brand":[],"product_cat":[1546],"product_tag":[1547,1496],"class_list":{"0":"post-18926","1":"product","2":"type-product","3":"status-publish","4":"has-post-thumbnail","6":"product_cat-boom-cylinders","7":"product_tag-boom-cylinders","8":"product_tag-hydraulic-cylinders","10":"first","11":"instock","12":"shipping-taxable","13":"product-type-simple"},"amp_enabled":true,"_links":{"self":[{"href":"https:\/\/www.hydraulic-cylinders.net\/sl\/wp-json\/wp\/v2\/product\/18926","targetHints":{"allow":["GET"]}}],"collection":[{"href":"https:\/\/www.hydraulic-cylinders.net\/sl\/wp-json\/wp\/v2\/product"}],"about":[{"href":"https:\/\/www.hydraulic-cylinders.net\/sl\/wp-json\/wp\/v2\/types\/product"}],"replies":[{"embeddable":true,"href":"https:\/\/www.hydraulic-cylinders.net\/sl\/wp-json\/wp\/v2\/comments?post=18926"}],"wp:featuredmedia":[{"embeddable":true,"href":"https:\/\/www.hydraulic-cylinders.net\/sl\/wp-json\/wp\/v2\/media\/17868"}],"wp:attachment":[{"href":"https:\/\/www.hydraulic-cylinders.net\/sl\/wp-json\/wp\/v2\/media?parent=18926"}],"wp:term":[{"taxonomy":"product_brand","embeddable":true,"href":"https:\/\/www.hydraulic-cylinders.net\/sl\/wp-json\/wp\/v2\/product_brand?post=18926"},{"taxonomy":"product_cat","embeddable":true,"href":"https:\/\/www.hydraulic-cylinders.net\/sl\/wp-json\/wp\/v2\/product_cat?post=18926"},{"taxonomy":"product_tag","embeddable":true,"href":"https:\/\/www.hydraulic-cylinders.net\/sl\/wp-json\/wp\/v2\/product_tag?post=18926"}],"curies":[{"name":"delovni list","href":"https:\/\/api.w.org\/{rel}","templated":true}]}}