{"id":18941,"date":"2025-04-07T06:03:23","date_gmt":"2025-04-07T06:03:23","guid":{"rendered":"https:\/\/www.hydraulic-cylinders.net\/product\/boom-cylinder-for-caterpillar-small-excavator-e313d\/"},"modified":"2025-04-07T06:03:25","modified_gmt":"2025-04-07T06:03:25","slug":"boom-cylinder-for-caterpillar-small-excavator-e313d","status":"publish","type":"product","link":"https:\/\/www.hydraulic-cylinders.net\/sl\/izdelek\/boom-cylinder-for-caterpillar-small-excavator-e313d\/","title":{"rendered":"Cilinder roke za majhen bager Caterpillar E313D"},"content":{"rendered":"<h1>Cilinder roke za majhen bager Caterpillar E313D<\/h1>\n<h2>Razumevanje cilindra roke<\/h2>\n<p>Hidravli\u010dni cilinder roke je specializiran hidravli\u010dni cilinder, zasnovan za krmiljenje gibanja \u017elic v te\u017ekih strojih, kot so bagri, bagri nakladalniki in \u010delni nakladalniki. Omogo\u010da dvigovanje, spu\u0161\u010danje in nagibanje \u017elice, kar olaj\u0161a u\u010dinkovito ravnanje z materiali. V hidravli\u010dnih sistemih ima cilinder roke klju\u010dno vlogo pri pretvorbi hidravli\u010dnega tlaka v linearno gibanje, kar upravljavcem omogo\u010da natan\u010dno upravljanje priklju\u010dkov strojev.<\/p>\n<p><img decoding=\"async\" src=\"https:\/\/www.hydraulic-cylinders.net\/wp-content\/uploads\/2025\/04\/songte-company-1.webp\" alt=\"Slika cilindra roke\" \/><\/p>\n<h3>Definicija in pregled<\/h3>\n<p>Cilinder roke je prilagojen za upravljanje kompleksnih nalog, potrebnih pri delu s te\u017eko opremo. Kot osrednji sestavni del omogo\u010da navpi\u010dno in vodoravno gibanje \u017elice, kar je bistveno pri zemeljskih delih, gradbenih delih in ru\u0161enju. Z uporabo hidravli\u010dne teko\u010dine pod tlakom lahko cilinder u\u010dinkovito izvaja dejanja, ki bi bila pri ro\u010dnem izvajanju okorna, kar znatno izbolj\u0161a produktivnost in varnost na gradbi\u0161\u010dih.<\/p>\n<h2>Zna\u010dilnosti cilindra roke<\/h2>\n<ul>\n<li><strong>Visoka trdnost in vzdr\u017eljivost:<\/strong> Ti cilindri, obi\u010dajno izdelani iz visoko trdnega jekla ali aluminija, lahko prenesejo visok tlak in velike obremenitve, zaradi \u010desar so primerni za zahtevna delovna okolja. Zasnovani so z za\u0161\u010dito pred obrabo in korozijo, kar podalj\u0161a njihovo \u017eivljenjsko dobo.<\/li>\n<li><strong>U\u010dinkovito hidravli\u010dno delovanje:<\/strong> Cilinder roke uporablja hidravli\u010dni tlak teko\u010dine za doseganje gladkih gibov iztegovanja in vvla\u010devanja. To omogo\u010da hiter odziv na krmilne ukaze in zagotavlja mo\u010dne potisne in vle\u010dne sile, primerne za ravnanje s te\u017ekimi predmeti in kompleksne operativne naloge.<\/li>\n<li><strong>Razli\u010dne vrste:<\/strong> Glede na operativne potrebe je mogo\u010de izbrati cilindre kot enosmerne (delujejo v eno smer) ali dvosmerne (delujejo v obe smeri). Nekateri modeli imajo teleskopsko zasnovo, ki omogo\u010da ve\u010dji razteg brez pove\u010danja zunanjih dimenzij, kar je idealno za aplikacije z omejenim prostorom.<\/li>\n<\/ul>\n<h3>Na\u0161e proizvodne zmogljivosti<\/h3>\n<p>Specializirani smo za proizvodnjo tega izdelka, na\u0161i cilindri pa lahko odli\u010dno nadomestijo tiste, ki se uporabljajo v razli\u010dnih hidravli\u010dnih sistemih.<\/p>\n<p><img decoding=\"async\" src=\"https:\/\/www.hydraulic-cylinders.net\/wp-content\/uploads\/2025\/04\/songte-cylinder-head-with-all-kinds-excavator-models.webp\" alt=\"Modeli bagrov\" \/><\/p>\n<h2>Uporaba cilindra roke<\/h2>\n<ul>\n<li><strong>Gradbena oprema:<\/strong> Pri bagrih so cilindri roke klju\u010dnega pomena za kopanje, nakladanje in premikanje zemlje ali ru\u0161evin. Olaj\u0161ajo tako kopanje kot dvigovanje pri bagrih nakladalnikih, zaradi \u010desar so bistveni pri gradbenih delih.<\/li>\n<li><strong>Kmetijska mehanizacija:<\/strong> Cilindri roke, ki se uporabljajo v \u010delnih nakladalnikih, pomagajo pri zajemanju, dvigovanju in prevozu zemlje, sena in drugih materialov, kar pove\u010duje kmetijsko produktivnost.<\/li>\n<li><strong>Bagri:<\/strong> Cilinder \u017elice omogo\u010da bagrom u\u010dinkovito prodiranje v zemljo, kar omogo\u010da u\u010dinkovito kopanje in zmanj\u0161uje utrujenost upravljavca.<\/li>\n<li><strong>Nakladalci:<\/strong> Pri \u010delnih nakladalnikih cilindri roke pomagajo pri u\u010dinkovitem dvigovanju in razkladanju tovora, kar prispeva k kraj\u0161im \u010dasom obdelave na delovnih mestih.<\/li>\n<\/ul>\n<h2>Oblikovalski vidiki in izbirna merila<\/h2>\n<ul>\n<li><strong>Nosilnost:<\/strong> Eden glavnih dejavnikov pri izbiri cilindra roke je njegova nosilnost. Mora biti sposoben prenesti najve\u010djo te\u017eo, s katero se bo soo\u010dil med delovanjem. Ta dejavnik ne zagotavlja le varnosti, temve\u010d tudi podalj\u0161uje \u017eivljenjsko dobo cilindra. Za izbiro ustreznega cilindra za dolo\u010dene naloge je bistveno, da se posvetujete z diagrami obremenitve in specifikacijami, ki jih zagotavljajo proizvajalci. Podcenjevanje nosilnosti lahko povzro\u010di katastrofalne okvare, precenjevanje pa lahko povzro\u010di nepotrebne stro\u0161ke.<\/li>\n<li><strong>Tesnilna zmogljivost:<\/strong> Pravilno tesnjenje je klju\u010dnega pomena za vzdr\u017eevanje hidravli\u010dnega tlaka in prepre\u010devanje pu\u0161\u010danja teko\u010dine. Valj mora biti opremljen z visokokakovostnimi tesnili, ki lahko prenesejo te\u017eke pogoje na gradbi\u0161\u010dih. Redno vzdr\u017eevanje je potrebno za zagotovitev u\u010dinkovitosti tesnil, saj lahko obraba s\u010dasoma povzro\u010di zmanj\u0161ano delovanje in izgubo hidravli\u010dne teko\u010dine. Izbira tesnil iz trpe\u017enih materialov, kot sta poliuretan ali nitrilna guma, lahko pove\u010da zanesljivost valja.<\/li>\n<li><strong>Vzdr\u017eljivost:<\/strong> Materiali, uporabljeni pri izdelavi cilindra roke, pomembno vplivajo na njegovo vzdr\u017eljivost. Pogosto se uporabljajo visokotrdne zlitine, ki zagotavljajo, da lahko valj prenese zahtevne operacije, ne da bi se obrabil ali pokvaril. Poleg tega lahko povr\u0161inska obdelava, kot je trdo kromiranje, zagotovi dodatno za\u0161\u010dito pred korozijo in obrabo, kar podalj\u0161a \u017eivljenjsko dobo cilindra v zahtevnih okoljih.<\/li>\n<li><strong>Varnostne funkcije:<\/strong> Varnost je pri hidravli\u010dnih sistemih najpomembnej\u0161a. Zasnova cilindra roke mora vklju\u010devati funkcije, ki prepre\u010dujejo nenadzorovane premike, kot so varnostni ventili, ki lahko med delovanjem sprostijo prese\u017eek tlaka. Ustrezni varnostni ukrepi lahko prepre\u010dijo nesre\u010de in po\u0161kodbe na gradbi\u0161\u010dih. Pomembno je tudi upo\u0161tevati industrijske standarde in predpise pri na\u010drtovanju in izbiri hidravli\u010dnih komponent, da se zagotovi skladnost z varnostnimi normami.<\/li>\n<li><strong>Dostopnost vzdr\u017eevanja:<\/strong> Dobro zasnovan valj roke mora omogo\u010dati enostavno vzdr\u017eevanje in popravilo. Funkcije, kot so odstranljivi kon\u010dni pokrovi in \u200b\u200bdostopne mazalne to\u010dke, lahko poenostavijo vzdr\u017eevalna opravila. Redni pregledi in preventivno vzdr\u017eevanje lahko pomagajo prepoznati in odpraviti morebitne te\u017eave, preden se stopnjujejo, s \u010dimer se zagotovi optimalno delovanje valja skozi celotno \u017eivljenjsko dobo.<\/li>\n<\/ul>\n<p><img decoding=\"async\" src=\"https:\/\/www.hydraulic-cylinders.net\/wp-content\/uploads\/2025\/04\/songte-oil-pipes-and-spare-parts.webp\" alt=\"Hidravli\u010dne komponente\" \/><\/p>\n<h2>Tesnjenje in mazanje hidravli\u010dnega cilindra<\/h2>\n<p>Zmogljivost cilindra roke je zelo odvisna od u\u010dinkovitega tesnjenja in mazanja. Uporabljajo se razli\u010dna tesnila, vklju\u010dno s tesnili bata in ojnice, ki so pogosto izdelana iz materialov, odpornih proti obrabi, kot sta poliuretan in nitrilna guma. Povr\u0161ine ohi\u0161ja cilindra in navojnih koncev so skrbno obdelane, da se pove\u010da odpornost proti obrabi in zagotovi tesno tesnjenje.<\/p>\n<p>Redno mazanje je klju\u010dnega pomena za optimalno delovanje. Hidravli\u010dno olje je treba redno dodajati, da se ohrani zadostna raven maziva, kar prepre\u010duje trenje in obrabo gibljivih delov. Ustrezno mazanje zmanj\u0161uje tveganje pregrevanja in podalj\u0161uje \u017eivljenjsko dobo valja, zato so redni pregledi bistveni za u\u010dinkovitost delovanja.<\/p>\n<h2>Preventivni vzdr\u017eevalni ukrepi<\/h2>\n<ul>\n<li><strong>Redni pregledi:<\/strong> Na\u010drtovani pregledi so klju\u010dnega pomena za zgodnje odkrivanje obrabe, pu\u0161\u010danja in drugih morebitnih te\u017eav. Upravljavci morajo preveriti znake pu\u0161\u010danja hidravli\u010dne teko\u010dine okoli tesnil in cevnih priklju\u010dkov ter pregledati stanje samega cilindra glede morebitnih znakov po\u0161kodb ali korozije.<\/li>\n<li><strong>Preverjanje mazanja:<\/strong> Vzdr\u017eevanje ustrezne ravni mazanja je klju\u010dnega pomena. Upravljavci morajo redno spremljati raven hidravli\u010dne teko\u010dine in jo po potrebi dolivati, da zagotovijo nemoteno delovanje. Poleg tega morajo preveriti kakovost hidravli\u010dnega olja in ga zamenjati, \u010de ka\u017ee znake onesna\u017eenja ali degradacije.<\/li>\n<li><strong>Zamenjava tesnil in preverjanje kalibracije:<\/strong> Tesnila je treba redno pregledovati in proaktivno menjati, da prepre\u010dite pu\u0161\u010danje hidravli\u010dne teko\u010dine. Upravljavci morajo izvajati tudi kalibracijske preglede, da zagotovijo, da se valj natan\u010dno odziva na krmilne vhode, in po potrebi prilagajati nastavitve za ohranjanje optimalne zmogljivosti.<\/li>\n<\/ul>\n<h2>Navodila za namestitev cilindra roke<\/h2>\n<p>Pravilna namestitev cilindra roke je klju\u010dnega pomena za doseganje optimalne zmogljivosti in dolge \u017eivljenjske dobe. Tukaj so klju\u010dne smernice:<\/p>\n<ul>\n<li>Prepri\u010dajte se, da so nosilci pravilno poravnani, da prepre\u010dite prekomerno obremenitev cilindra med delovanjem. Nepravilna poravnava lahko povzro\u010di prezgodnjo obrabo in okvare.<\/li>\n<li>Za pritrditev cilindra uporabite ustrezne pritrdilne opore. To pomaga ohranjati njegov polo\u017eaj in u\u010dinkovito delovanje brez pretiranega premikanja.<\/li>\n<li>Pri pritrjevanju cilindra upo\u0161tevajte navodila proizvajalca glede navora, da zagotovite trdno pritrditev, ne da bi ga preve\u010d zategnili, kar bi lahko povzro\u010dilo po\u0161kodbe.<\/li>\n<li>Po namestitvi preverite morebitna pu\u0161\u010danja hidravli\u010dnega sistema na priklju\u010dnih to\u010dkah in izvedite funkcionalni preizkus, da zagotovite nemoteno delovanje cilindra.<\/li>\n<li>Redno pregledujte protokole namestitve in urnike vzdr\u017eevanja, da zagotovite stalno skladnost z varnostnimi in operativnimi standardi.<\/li>\n<\/ul>\n<p><img decoding=\"async\" src=\"https:\/\/www.hydraulic-cylinders.net\/wp-content\/uploads\/2025\/04\/songte-chushion-collar.webp\" alt=\"Blazinasti ovratnik\" \/><\/p>\n<h2>Varnostni vidiki in okoljski dejavniki<\/h2>\n<p>Pri delu s hidravli\u010dnimi cilindri je izvajanje varnostnih ukrepov klju\u010dnega pomena za za\u0161\u010dito upravljavcev in opreme. Varnostni protokoli morajo vklju\u010devati usposabljanje za pravilno ravnanje s hidravli\u010dnimi sistemi, razumevanje morebitnih nevarnosti in prepoznavanje postopkov v sili. Pri na\u010drtovanju in delovanju hidravli\u010dnih komponent je treba upo\u0161tevati tudi okoljske dejavnike, kot je izpostavljenost ekstremnim temperaturam ali korozivnim snovem, da se zagotovi optimalno delovanje in dolga \u017eivljenjsko doba.<\/p>\n<h2>Diagnoza napak in pogoste te\u017eave<\/h2>\n<ul>\n<li><strong>Pu\u0161\u010danje:<\/strong> Ena najpogostej\u0161ih te\u017eav s hidravli\u010dnimi cilindri je pu\u0161\u010danje teko\u010dine. To lahko povzro\u010dijo obrabljena tesnila ali po\u0161kodovane povr\u0161ine cilindrov. Redni pregledi in pravo\u010dasna zamenjava tesnil lahko ubla\u017eijo to te\u017eavo.<\/li>\n<li><strong>Poslab\u0161anje delovanja:<\/strong> \u010ce se valj ne odziva pravilno na krmiljenje, lahko to ka\u017ee na notranjo obrabo ali kontaminacijo hidravli\u010dne teko\u010dine. Upravljavci morajo izvajati preglede kakovosti teko\u010dine in po potrebi sprati sistem.<\/li>\n<li><strong>Pregrevanje:<\/strong> Prekomerna vro\u010dina lahko poslab\u0161a delovanje hidravli\u010dne teko\u010dine in po\u0161koduje komponente. Zagotavljanje ustreznega mazanja in spremljanje obratovalnih pogojev lahko pomagata prepre\u010diti pregrevanje.<\/li>\n<\/ul>\n<h2>Nasveti in re\u0161itve za odpravljanje te\u017eav<\/h2>\n<p>Za u\u010dinkovito diagnosticiranje in odpravljanje te\u017eav s hidravli\u010dnimi cilindri upo\u0161tevajte naslednje nasvete:<\/p>\n<ul>\n<li>Za morebitna pu\u0161\u010danja najprej preverite tesnila in povezave ter zamenjajte vse obrabljene dele, da obnovite delovanje. Zagotovite, da so vse komponente privite v skladu s specifikacijami proizvajalca, da prepre\u010dite nadaljnje pu\u0161\u010danje.<\/li>\n<li>\u010ce se pojavijo te\u017eave z delovanjem, preverite kakovost hidravli\u010dne teko\u010dine in razmislite o izpiranju sistema, da odstranite onesna\u017eevalce, ki bi lahko vplivali na delovanje.<\/li>\n<li>Med delovanjem spremljajte temperaturo hidravli\u010dnega sistema; \u010de pride do pregrevanja, preverite nivo mazanja in morebitne ovire, ki bi lahko ovirale pretok teko\u010dine.<\/li>\n<li>Za zmanj\u0161anje verjetnosti prihodnjih te\u017eav izvajajte preventivne vzdr\u017eevalne postopke, vklju\u010dno z rednimi pregledi in pravo\u010dasnimi popravili.<\/li>\n<\/ul>\n<p><img decoding=\"async\" src=\"https:\/\/www.hydraulic-cylinders.net\/wp-content\/uploads\/2025\/04\/songte-bushings-with-all-kinds-of-excavator-models.webp\" alt=\"Pu\u0161e za bagre\" \/><\/p>\n<h2>O na\u0161em podjetju<\/h2>\n<p>Smo vodilni proizvajalec in veletrgovec hidravli\u010dnih cilindrov, specializiran za proizvodnjo visokokakovostnih nadomestnih delov za razli\u010dne aplikacije. Na\u0161a obse\u017ena ponudba izdelkov nas je uveljavila kot klju\u010dnega akterja tako na doma\u010dem kot na mednarodnem trgu. Odli\u010dnost v kakovosti zagotavljamo z izpopolnjenimi strategijami upravljanja proizvodnje, izkori\u0161\u010danjem tehni\u010dnega znanja, napredne proizvodne opreme in profesionalnih sistemov za pregledovanje.<\/p>\n<p>Z nenehnim izbolj\u0161evanjem na\u0161e proizvodne platforme zagotavljamo kakovost izdelkov in inovacije, ki jih poganja visoka u\u010dinkovitost, natan\u010dnost in vrhunska kakovost, da bi zadovoljili raznolike potrebe na\u0161ih strank.<\/p>\n<p><img decoding=\"async\" src=\"https:\/\/www.hydraulic-cylinders.net\/wp-content\/uploads\/2025\/04\/songte-company-4.webp\" alt=\"Slika podjetja 1\" \/><br \/>\n<img decoding=\"async\" src=\"https:\/\/www.hydraulic-cylinders.net\/wp-content\/uploads\/2025\/04\/songte-company-3.webp\" alt=\"Slika podjetja 2\" \/><\/p>\n<p>Na\u0161o zavezanost profesionalnosti dodatno dokazujejo mednarodni certifikati, prilagojene storitve, najsodobnej\u0161a proizvodna oprema in namenska poprodajna podpora.<\/p>\n<p>Avtor: lyl<\/p>","protected":false},"excerpt":{"rendered":"<p>Boom Cylinder For Caterpillar Small Excavator E313D Understanding the Boom Cylinder The boom cylinder is a specialized hydraulic cylinder designed for controlling the movement of buckets in heavy machinery, such as excavators, backhoe loaders, and front loaders. It enables the bucket to lift, lower, and tilt, facilitating material handling tasks efficiently. In hydraulic systems, the [&hellip;]<\/p>","protected":false},"featured_media":17868,"comment_status":"open","ping_status":"closed","template":"","meta":{"_et_pb_use_builder":"","_et_pb_old_content":"","_et_gb_content_width":""},"product_brand":[],"product_cat":[1546],"product_tag":[1547,1496],"class_list":{"0":"post-18941","1":"product","2":"type-product","3":"status-publish","4":"has-post-thumbnail","6":"product_cat-boom-cylinders","7":"product_tag-boom-cylinders","8":"product_tag-hydraulic-cylinders","10":"first","11":"instock","12":"shipping-taxable","13":"product-type-simple"},"amp_enabled":true,"_links":{"self":[{"href":"https:\/\/www.hydraulic-cylinders.net\/sl\/wp-json\/wp\/v2\/product\/18941","targetHints":{"allow":["GET"]}}],"collection":[{"href":"https:\/\/www.hydraulic-cylinders.net\/sl\/wp-json\/wp\/v2\/product"}],"about":[{"href":"https:\/\/www.hydraulic-cylinders.net\/sl\/wp-json\/wp\/v2\/types\/product"}],"replies":[{"embeddable":true,"href":"https:\/\/www.hydraulic-cylinders.net\/sl\/wp-json\/wp\/v2\/comments?post=18941"}],"wp:featuredmedia":[{"embeddable":true,"href":"https:\/\/www.hydraulic-cylinders.net\/sl\/wp-json\/wp\/v2\/media\/17868"}],"wp:attachment":[{"href":"https:\/\/www.hydraulic-cylinders.net\/sl\/wp-json\/wp\/v2\/media?parent=18941"}],"wp:term":[{"taxonomy":"product_brand","embeddable":true,"href":"https:\/\/www.hydraulic-cylinders.net\/sl\/wp-json\/wp\/v2\/product_brand?post=18941"},{"taxonomy":"product_cat","embeddable":true,"href":"https:\/\/www.hydraulic-cylinders.net\/sl\/wp-json\/wp\/v2\/product_cat?post=18941"},{"taxonomy":"product_tag","embeddable":true,"href":"https:\/\/www.hydraulic-cylinders.net\/sl\/wp-json\/wp\/v2\/product_tag?post=18941"}],"curies":[{"name":"delovni list","href":"https:\/\/api.w.org\/{rel}","templated":true}]}}