{"id":18945,"date":"2025-04-07T06:03:33","date_gmt":"2025-04-07T06:03:33","guid":{"rendered":"https:\/\/www.hydraulic-cylinders.net\/product\/boom-cylinder-for-caterpillar-middle-excavator-e320d-gc\/"},"modified":"2025-04-07T06:03:36","modified_gmt":"2025-04-07T06:03:36","slug":"boom-cylinder-for-caterpillar-middle-excavator-e320d-gc","status":"publish","type":"product","link":"https:\/\/www.hydraulic-cylinders.net\/sl\/izdelek\/boom-cylinder-for-caterpillar-middle-excavator-e320d-gc\/","title":{"rendered":"Cilinder roke za Caterpillar srednji bager E320D GC"},"content":{"rendered":"<h1>Cilinder roke za Caterpillar srednji bager E320D GC<\/h1>\n<h2>Uvod v cilindre roke<\/h2>\n<p>The <strong>cilinder roke<\/strong> igra klju\u010dno vlogo pri delovanju te\u017ekih strojev, zlasti pri bagrih, kot je Caterpillar E320D GC. Ti cilindri so hidravli\u010dne naprave, zasnovane za nadzor gibanja roke roke, kar omogo\u010da dvigovanje, spu\u0161\u010danje in nagibanje. Cilinder roke je bistvenega pomena za razli\u010dna opravila, povezana z ravnanjem z materiali, in zagotavlja u\u010dinkovito delovanje pri gradbenih in izkopnih projektih.<\/p>\n<p><img decoding=\"async\" src=\"https:\/\/www.hydraulic-cylinders.net\/wp-content\/uploads\/2025\/04\/songte-company-1.webp\" alt=\"Cilinder roke\"><\/p>\n<h3>Definicija in funkcionalnost<\/h3>\n<p>Hidravli\u010dni cilindri roke so vrsta hidravli\u010dnega cilindra, ki se uporablja predvsem v te\u017ekih strojih, kot so bagri, bagri in \u010delni nakladalniki. Omogo\u010dajo nadzorovano gibanje \u017elice ali roke, kar je klju\u010dnega pomena za naloge, kot so kopanje, nakladanje in prevoz materialov. Hidravli\u010dni sistem deluje s tlakom hidravli\u010dnega olja, kar omogo\u010da gladko in u\u010dinkovito iztegovanje in vstavljanje cilindra ter zagotavlja znatno dvi\u017eno mo\u010d za te\u017eke tovore.<\/p>\n<h2>Zna\u010dilnosti cilindra roke<\/h2>\n<ul>\n<li><strong>Visoka trdnost in vzdr\u017eljivost:<\/strong> Ti cilindri, obi\u010dajno izdelani iz visoko trdnega jekla ali aluminija, lahko prenesejo visok tlak in velike obremenitve ter so zasnovani tako, da prenesejo zahtevna delovna okolja. Odpornost proti obrabi in za\u0161\u010dita pred korozijo sta klju\u010dna dejavnika pri zasnovi, ki podalj\u0161ujeta \u017eivljenjsko dobo izdelka.<\/li>\n<li><strong>U\u010dinkovito hidravli\u010dno delovanje:<\/strong> Uporaba hidravli\u010dnega oljnega tlaka zagotavlja gladko iztegovanje in vstavljanje, kar omogo\u010da hiter odziv na ukaze upravljavca. To zagotavlja mo\u010dno potisno in vle\u010dno silo, idealno za ravnanje s te\u017ekimi materiali in kompleksnimi nalogami.<\/li>\n<li><strong>Razli\u010dne vrste:<\/strong> Cilindre roke je mogo\u010de prilagoditi operativnim potrebam in so na voljo v enosmerno delujo\u010dih (hidravli\u010dni v eni smeri) ali dvosmerno delujo\u010dih (hidravli\u010dni v obe smeri) konfiguracijah. Nekateri modeli ponujajo teleskopske zmogljivosti za ve\u010dji izvle\u010dek brez pove\u010danja zunanjih dimenzij, kar je primerno za omejene prostore.<\/li>\n<\/ul>\n<p>Ta izdelek lahko izdelamo natan\u010dno, na\u0161i cilindri pa odli\u010dno nadomestijo razli\u010dne hidravli\u010dne cilindre.<\/p>\n<p><img decoding=\"async\" src=\"https:\/\/www.hydraulic-cylinders.net\/wp-content\/uploads\/2025\/04\/songte-cylinder-head-with-all-kinds-excavator-models.webp\" alt=\"Modeli bagrov\"><\/p>\n<h2>Uporaba cilindra roke<\/h2>\n<h3>Gradbena oprema<\/h3>\n<p>Pri bagrih so cilindri roke klju\u010dni za kopanje, nakladanje in premikanje zemlje ali ru\u0161evin. Upravljavcem omogo\u010dajo dostop do globokih jarkov in u\u010dinkovitej\u0161e opravljanje nalog. Pri bagrih ti cilindri podpirajo tako kopanje kot dvigovanje, zaradi \u010desar so nepogre\u0161ljivi pri gradbenih in zemeljskih delih.<\/p>\n<h3>Kmetijska mehanizacija<\/h3>\n<p>Pri \u010delnih nakladalnikih se cilindri roke uporabljajo za zajemanje, dvigovanje in prevoz zemlje, sena in drugih materialov. Njihova robustna konstrukcija in hidravli\u010dna u\u010dinkovitost olaj\u0161ata razli\u010dna kmetijska opravila, kar pove\u010duje produktivnost in upravljanje virov na kmetijah.<\/p>\n<h3>Bagri<\/h3>\n<p>Pri bagrih cilinder roke omogo\u010da u\u010dinkovito kopanje, saj omogo\u010da, da \u017elica prodre v zemljo, kar zagotavlja natan\u010dne gibe in optimizira delovanje. Ta funkcionalnost je klju\u010dnega pomena za u\u010dinkovita zemeljska dela in gradbena dela.<\/p>\n<h3>Nakladalci<\/h3>\n<p>Pri \u010delnih nakladalnikih cilindri roke u\u010dinkovito pomagajo pri dvigovanju in razkladanju bremen. Njihova zasnova omogo\u010da zmogljive dvi\u017ene zmogljivosti, zaradi \u010desar so idealni za razli\u010dna opravila ravnanja z materiali v gradbeni\u0161tvu in urejanju okolice.<\/p>\n<h2>Oblikovalski vidiki in izbirna merila<\/h2>\n<h3>Nosilnost<\/h3>\n<p>Pri izbiri cilindra roke je klju\u010dnega pomena razumevanje nosilnosti. Cilindri morajo biti ocenjeni za najve\u010djo te\u017eo, ki jo lahko dvignejo, pri \u010demer je treba upo\u0161tevati tako stati\u010dne kot dinami\u010dne obremenitve. Izbrani cilinder mora zagotavljati ustrezne varnostne rezerve, da se zagotovi, da lahko brez okvare prenese nepri\u010dakovane obremenitve.<\/p>\n<h3>Tesnjenje<\/h3>\n<p>U\u010dinkovito tesnjenje je klju\u010dnega pomena za hidravli\u010dne sisteme. Izbira tesnil, kot so tesnila bata in tesnila ojnic, mora biti prilagojena delovnemu okolju. Visokokakovostna tesnila prepre\u010dujejo pu\u0161\u010danje hidravli\u010dne teko\u010dine, kar zagotavlja u\u010dinkovitost in dolgo \u017eivljenjsko dobo sistema.<\/p>\n<h3>Vzdr\u017eljivost<\/h3>\n<p>Trpe\u017een valj roke mora prenesti te\u017eke delovne pogoje. To vklju\u010duje odpornost proti obrabi zaradi abrazije in korozije, kar je mogo\u010de dose\u010di z uporabo vrhunskih materialov in premazov. Valje je treba preizkusiti tudi na utrujenost, da se zagotovi, da ohranijo svojo zmogljivost skozi \u010das.<\/p>\n<h3>Varnost<\/h3>\n<p>Varnost je najpomembnej\u0161a v vsakem hidravli\u010dnem sistemu. Cilindri roke morajo biti zasnovani z varnostnimi funkcijami, kot sta za\u0161\u010dita pred po\u010denjem in alarmi za preobremenitev. Upravljavci morajo biti usposobljeni za razumevanje omejitev strojev, da prepre\u010dijo nesre\u010de in zagotovijo varno delovanje.<\/p>\n<h3>Dostopnost vzdr\u017eevanja<\/h3>\n<p>Dobra zasnova mora upo\u0161tevati tudi enostavnost vzdr\u017eevanja. Cilindri roke morajo omogo\u010dati enostaven dostop do tesnil in komponent za preglede in zamenjave. To zmanj\u0161a \u010das izpada in pomaga ohranjati operativno u\u010dinkovitost.<\/p>\n<p><img decoding=\"async\" src=\"https:\/\/www.hydraulic-cylinders.net\/wp-content\/uploads\/2025\/04\/songte-oil-pipes-and-spare-parts.webp\" alt=\"Oljne cevi in \u200b\u200brezervni deli\"><\/p>\n<h2>Tesnjenje in mazanje<\/h2>\n<p>Pravilno tesnjenje in mazanje sta bistvenega pomena za zanesljivo delovanje cilindrov roke. Razli\u010dne tesnilne komponente, vklju\u010dno s tesnili bata in palice, so obi\u010dajno izdelane iz trpe\u017enih materialov, kot sta poliuretan in nitrilna guma. Ti materiali so odporni proti obrabi in zagotavljajo u\u010dinkovito tesnjenje pod visokim tlakom. Poleg tega je treba ohi\u0161je cilindra in navojne konce natan\u010dno obdelati, da se pove\u010da odpornost proti obrabi.<\/p>\n<p>Redno mazanje s hidravli\u010dnim oljem je potrebno za zmanj\u0161anje trenja in obrabe, kar zagotavlja nemoteno delovanje in podalj\u0161uje \u017eivljenjsko dobo cilindra. Upravljavci morajo upo\u0161tevati navodila proizvajalca glede vrste olja in intervalov menjave, da ohranijo optimalno delovanje.<\/p>\n<h2>Redni pregledi in preventivno vzdr\u017eevanje<\/h2>\n<ul>\n<li><strong>Rutinski pregledi:<\/strong> Redni pregledi cilindrov roke so klju\u010dnega pomena za odkrivanje morebitnih pu\u0161\u010danj ali obrabe. Upravljavci morajo vizualno pregledati valj glede morebitnih znakov pu\u0161\u010danja olja ali fizi\u010dnih po\u0161kodb.<\/li>\n<li><strong>Mazanje:<\/strong> Zagotovite, da je valj ustrezno namazan, da prepre\u010dite prekomerno obrabo. Upravljavci morajo vzdr\u017eevati priporo\u010deno raven olja in ga po potrebi menjati.<\/li>\n<li><strong>Zamenjava tesnila:<\/strong> S\u010dasoma se lahko tesnila obrabijo in poslab\u0161ajo delovanje jeklenke. Dolo\u010diti je treba urnik rednih pregledov in zamenjav tesnil.<\/li>\n<\/ul>\n<h2>Navodila za namestitev<\/h2>\n<p>Pravilna namestitev cilindrov roke je klju\u010dnega pomena za optimalno delovanje. Najprej zagotovite, da je delovno obmo\u010dje \u010disto in brez ostankov. Med namestitvijo uporabite pravilno poravnavo; napa\u010dna poravnava lahko povzro\u010di prezgodnjo obrabo ali okvaro cilindra. Priporo\u010dljivo je uporabiti ustrezne pritrdilne nosilce za pritrditev cilindra na mesto, s \u010dimer se zmanj\u0161a premikanje med delovanjem. Za zagotovitev varnosti in u\u010dinkovitosti upo\u0161tevajte proizvajal\u010deve specifikacije glede nastavitev navora in na\u010dinov priklju\u010ditve.<\/p>\n<h2>Pogosta vzdr\u017eevalna opravila<\/h2>\n<ul>\n<li><strong>Redni pregledi:<\/strong> Pogosti pregledi pomagajo zgodaj odkriti te\u017eave. Bodite pozorni na znake obrabe, pu\u0161\u010danja ali po\u0161kodbe cilindra in pripadajo\u010dih komponent.<\/li>\n<li><strong>Pravilno mazanje:<\/strong> Ensure that the cylinder is lubricated according to the manufacturer&#8217;s specifications. Incorrect lubrication can lead to increased wear and reduced efficiency.<\/li>\n<li><strong>Zamenjava tesnila:<\/strong> Redno preverjajte tesnila glede obrabe in jih po potrebi zamenjajte. \u010ce zanemarjate vzdr\u017eevanje tesnil, lahko pride do pu\u0161\u010danja hidravli\u010dne teko\u010dine, kar zmanj\u0161a u\u010dinkovitost sistema.<\/li>\n<\/ul>\n<h2>Varnostni vidiki in okoljski dejavniki<\/h2>\n<p>Varnostni ukrepi so klju\u010dnega pomena pri delu z valji roke. Upravljavci morajo upo\u0161tevati vse varnostne smernice za prepre\u010devanje nesre\u010d, vklju\u010dno z uporabo osebne za\u0161\u010ditne opreme in upo\u0161tevanjem operativnih protokolov. Ustrezno usposabljanje za uporabo in vzdr\u017eevanje hidravli\u010dnih sistemov je nujno za za\u0161\u010dito osebja in opreme. Poleg tega je treba uporabljati okolju prijazne prakse za prepre\u010devanje razlitja hidravli\u010dne teko\u010dine in odgovorno ravnanje z odpadnimi materiali.<\/p>\n<h2>Odpravljanje te\u017eav in pogoste te\u017eave<\/h2>\n<ul>\n<li><strong>Pu\u0161\u010danje:<\/strong> \u010ce opazite pu\u0161\u010danje hidravli\u010dne teko\u010dine, preverite tesnila in priklju\u010dke. Zamenjajte obrabljena tesnila in privijte ohlapne spoje, da odpravite te\u017eavo.<\/li>\n<li><strong>Zmanj\u0161ana zmogljivost:<\/strong> \u010ce se valj ne odziva pravilno, preverite nivo hidravli\u010dne teko\u010dine in se prepri\u010dajte, da v ceveh ni blokad.<\/li>\n<li><strong>\u010cudni zvoki:<\/strong> Nenavadni zvoki lahko ka\u017eejo na notranje po\u0161kodbe. Preverite valj za morebitne vidne znake po\u0161kodb in se po potrebi posvetujte s tehnikom.<\/li>\n<\/ul>\n<p>Izvajajte preventivne ukrepe, kot so redno vzdr\u017eevanje in pregledi, da zmanj\u0161ate morebitne te\u017eave in zagotovite dolgo \u017eivljenjsko dobo cilindra roke.<\/p>\n<p><img decoding=\"async\" src=\"https:\/\/www.hydraulic-cylinders.net\/wp-content\/uploads\/2025\/04\/songte-bushings-with-all-kinds-of-excavator-models.webp\" alt=\"Pu\u0161e za modele bagrov\"><\/p>\n<h2>Pregled podjetja<\/h2>\n<p>Smo vodilni proizvajalec nadomestnih hidravli\u010dnih cilindrov, ki ponuja \u0161iroko paleto izdelkov tako na doma\u010dem kot mednarodnem trgu. Na\u0161o zavezanost odli\u010dnosti v kakovosti podpira izpopolnjena strategija upravljanja proizvodnje. Z uporabo usposobljenega osebja, napredne digitalne proizvodne opreme in profesionalnih sistemov testiranja nenehno izbolj\u0161ujemo na\u0161e proizvodne zmogljivosti. Na\u0161a osredoto\u010denost na u\u010dinkovitost, natan\u010dnost in visoko kakovost nam omogo\u010da, da zadovoljimo raznolike potrebe na\u0161ih strank.<\/p>\n<p>Na\u0161a specializacija sega v proizvodnjo jeklenk, ki ustrezajo mednarodnim certifikatom, in zagotavljanje prilagojenih storitev za zagotavljanje zadovoljstva strank. Predani smo zagotavljanju izjemne poprodajne storitve, s katero zagotavljamo, da na\u0161e stranke prejmejo potrebno podporo skozi celoten \u017eivljenjski cikel izdelka.<\/p>\n<p><img decoding=\"async\" src=\"https:\/\/www.hydraulic-cylinders.net\/wp-content\/uploads\/2025\/04\/songte-company-4.webp\" alt=\"Pregled podjetja\"><br \/>\n<img decoding=\"async\" src=\"https:\/\/www.hydraulic-cylinders.net\/wp-content\/uploads\/2025\/04\/songte-company-3.webp\" alt=\"Oprema podjetja\"><\/p>\n<p>Avtor: lyl<\/p>","protected":false},"excerpt":{"rendered":"<p>Boom Cylinder For Caterpillar Middle Excavator E320D GC Introduction to Boom Cylinders The boom cylinder plays a crucial role in the operation of heavy machinery, specifically in excavators like the Caterpillar E320D GC. These cylinders are hydraulic devices designed to control the movement of the boom arm, enabling it to lift, lower, and tilt. The [&hellip;]<\/p>","protected":false},"featured_media":17872,"comment_status":"open","ping_status":"closed","template":"","meta":{"_et_pb_use_builder":"","_et_pb_old_content":"","_et_gb_content_width":""},"product_brand":[],"product_cat":[1546],"product_tag":[1547,1496],"class_list":{"0":"post-18945","1":"product","2":"type-product","3":"status-publish","4":"has-post-thumbnail","6":"product_cat-boom-cylinders","7":"product_tag-boom-cylinders","8":"product_tag-hydraulic-cylinders","10":"first","11":"instock","12":"shipping-taxable","13":"product-type-simple"},"amp_enabled":true,"_links":{"self":[{"href":"https:\/\/www.hydraulic-cylinders.net\/sl\/wp-json\/wp\/v2\/product\/18945","targetHints":{"allow":["GET"]}}],"collection":[{"href":"https:\/\/www.hydraulic-cylinders.net\/sl\/wp-json\/wp\/v2\/product"}],"about":[{"href":"https:\/\/www.hydraulic-cylinders.net\/sl\/wp-json\/wp\/v2\/types\/product"}],"replies":[{"embeddable":true,"href":"https:\/\/www.hydraulic-cylinders.net\/sl\/wp-json\/wp\/v2\/comments?post=18945"}],"wp:featuredmedia":[{"embeddable":true,"href":"https:\/\/www.hydraulic-cylinders.net\/sl\/wp-json\/wp\/v2\/media\/17872"}],"wp:attachment":[{"href":"https:\/\/www.hydraulic-cylinders.net\/sl\/wp-json\/wp\/v2\/media?parent=18945"}],"wp:term":[{"taxonomy":"product_brand","embeddable":true,"href":"https:\/\/www.hydraulic-cylinders.net\/sl\/wp-json\/wp\/v2\/product_brand?post=18945"},{"taxonomy":"product_cat","embeddable":true,"href":"https:\/\/www.hydraulic-cylinders.net\/sl\/wp-json\/wp\/v2\/product_cat?post=18945"},{"taxonomy":"product_tag","embeddable":true,"href":"https:\/\/www.hydraulic-cylinders.net\/sl\/wp-json\/wp\/v2\/product_tag?post=18945"}],"curies":[{"name":"delovni list","href":"https:\/\/api.w.org\/{rel}","templated":true}]}}