{"id":18946,"date":"2025-04-07T06:03:36","date_gmt":"2025-04-07T06:03:36","guid":{"rendered":"https:\/\/www.hydraulic-cylinders.net\/product\/boom-cylinder-for-caterpillar-middle-excavator-e320dlrr\/"},"modified":"2025-04-07T06:03:38","modified_gmt":"2025-04-07T06:03:38","slug":"boom-cylinder-for-caterpillar-middle-excavator-e320dlrr","status":"publish","type":"product","link":"https:\/\/www.hydraulic-cylinders.net\/sl\/izdelek\/boom-cylinder-for-caterpillar-middle-excavator-e320dlrr\/","title":{"rendered":"Cilinder roke za srednji bager Caterpillar E320DLRR"},"content":{"rendered":"<h1>Cilinder roke za srednji bager Caterpillar E320DLRR<\/h1>\n<h2>Pregled cilindra roke<\/h2>\n<p>Cilinder roke je klju\u010dna komponenta hidravli\u010dnih sistemov te\u017ekih strojev, posebej zasnovana za nadzor gibanja \u017elic bagra. Ta vrsta hidravli\u010dnega cilindra omogo\u010da dvigovanje, spu\u0161\u010danje in nagibanje \u017elice, zaradi \u010desar je bistvenega pomena za naloge ravnanja z materiali v gradbeni\u0161tvu in drugih panogah.<\/p>\n<p>V bistvu je cilinder roke hidravli\u010dni cilinder, ki zagotavlja natan\u010den nadzor in mo\u010d \u017elice strojev, kot so bagri, bagri in \u010delni nakladalniki. Gladko delovanje teh cilindrov zagotavlja u\u010dinkovito kopanje, nakladanje in prevoz materialov, kar pove\u010duje produktivnost na gradbi\u0161\u010dih.<\/p>\n<p><img decoding=\"async\" src=\"https:\/\/www.hydraulic-cylinders.net\/wp-content\/uploads\/2025\/04\/songte-company-1.webp\" alt=\"Hidravli\u010dni cilinder\" \/><\/p>\n<h2>Zna\u010dilnosti cilindra roke<\/h2>\n<ul>\n<li><strong>Visoka trdnost in vzdr\u017eljivost:<\/strong> Izdelani iz visoko trdnega jekla ali aluminija, ti cilindri lahko prenesejo visok tlak in velike obremenitve, zaradi \u010desar so primerni za zahtevna delovna okolja.<\/li>\n<li><strong>U\u010dinkovito hidravli\u010dno delovanje:<\/strong> Ti cilindri z uporabo hidravli\u010dnega oljnega tlaka za gladko iztegovanje in vstavljanje zagotavljajo hiter odziv na krmilne ukaze ter zagotavljajo mo\u010dne potisne in vle\u010dne sile, idealne za ravnanje s te\u017ekimi materiali.<\/li>\n<li><strong>Razli\u010dne vrste:<\/strong> Ti cilindri, ki so na voljo v enosmerni (delujejo v eno smer) ali dvosmerni (delujejo v obe smeri), lahko izpolnjujejo razli\u010dne operativne zahteve. Nekateri modeli imajo teleskopsko zasnovo, ki omogo\u010da ve\u010dji razteg brez pove\u010danja zunanjih dimenzij, kar je idealno za aplikacije z omejenim prostorom.<\/li>\n<li><strong>Mo\u017enosti prilagajanja:<\/strong> Na\u0161i izdelki lahko popolnoma nadomestijo vrsto hidravli\u010dnih cilindrov, pri \u010demer ustrezajo specifi\u010dnim potrebam projektov in zahtevam glede zmogljivosti.<\/li>\n<\/ul>\n<p><img decoding=\"async\" src=\"https:\/\/www.hydraulic-cylinders.net\/wp-content\/uploads\/2025\/04\/songte-cylinder-head-with-all-kinds-excavator-models.webp\" alt=\"Modeli bagrov\" \/><\/p>\n<h2>Uporaba cilindra roke<\/h2>\n<h3>Gradbena oprema<\/h3>\n<p>Pri bagrih so cilindri roke klju\u010dni za kopanje, nakladanje in premikanje zemlje ali ru\u0161evin. Omogo\u010dajo, da \u017elica prodre v tla, zaradi \u010desar so izkopavanja u\u010dinkovita. Poleg tega pri bagrih nakladalnikih ti cilindri pomagajo ne le pri kopanju, temve\u010d tudi pri dvigovanju, kar ka\u017ee na njihovo vsestranskost pri razli\u010dnih vrstah strojev.<\/p>\n<h3>Kmetijska mehanizacija<\/h3>\n<p>Pri \u010delnih nakladalnikih se cilindri roke uporabljajo za zajemanje, dvigovanje in prevoz zemlje, sena in drugih materialov. Njihova robustna zasnova omogo\u010da kmetom enostavno rokovanje s te\u017ekimi bremeni, kar pove\u010duje produktivnost pri razli\u010dnih kmetijskih opravilih.<\/p>\n<h3>Bagri<\/h3>\n<p>Cilinder \u017elice omogo\u010da bagrom u\u010dinkovito kopanje, saj \u017elici omogo\u010da, da brez napora prodre v zemljo. Ta funkcija je klju\u010dnega pomena za gradbena in zemeljska dela, saj omogo\u010da hitrej\u0161e dokon\u010danje del pri velikih projektih.<\/p>\n<h3>Nakladalci<\/h3>\n<p>Pri \u010delnih nakladalnikih imajo cilindri roke pomembno vlogo pri u\u010dinkovitem dvigovanju in razkladanju materialov. Njihovo delovanje zagotavlja enostavno rokovanje s te\u017ekimi bremeni, kar skraj\u0161a \u010das in trud, potreben za dokon\u010danje nakladalnih nalog.<\/p>\n<h2>Oblikovalski vidiki in izbirna merila<\/h2>\n<h3>Nosilnost<\/h3>\n<p>Pri izbiri cilindra roke je nosilnost najpomembnej\u0161i dejavnik. Cilinder mora biti sposoben podpirati najve\u010djo te\u017eo \u017elice in materialov, ki jih bo premikal. In\u017eenirji morajo izra\u010dunati sile, ki sodelujejo pri razli\u010dnih operacijah, da zagotovijo, da izbrani valj lahko prenese obremenitve brez okvare.<\/p>\n<h3>Tesnilni mehanizmi<\/h3>\n<p>U\u010dinkovito tesnjenje je bistvenega pomena za hidravli\u010dne cilindre, da prepre\u010dijo pu\u0161\u010danje teko\u010dine in ohranijo tlak. Pri izbiri tesnil \u2013 kot so tesnila bata in tesnila palic \u2013 je treba upo\u0161tevati dejavnike, kot so delovna temperatura, tlak in zdru\u017eljivost teko\u010din. Pravilno tesnjenje izbolj\u0161a delovanje in \u017eivljenjsko dobo cilindra.<\/p>\n<h3>Vzdr\u017eljivost in vzdr\u017eevanje<\/h3>\n<p>Vzdr\u017eljivost je klju\u010dnega pomena za hidravli\u010dne cilindre, ki so izpostavljeni zahtevnim okoljem. Materiali morajo biti odporni proti obrabi in koroziji. Redni vzdr\u017eevalni postopki, kot so pregledi in mazanje, so bistveni za zagotovitev, da cilindri ostanejo v optimalnem stanju in zanesljivo delujejo skozi \u010das.<\/p>\n<h3>Varnostne funkcije<\/h3>\n<p>Varnostni vidiki vklju\u010dujejo vgradnjo varnostnih naprav in tla\u010dnih varnostnih ventilov za za\u0161\u010dito pred preobremenitvijo. Proizvajalci morajo jeklenke zasnovati z rezervnimi napravami za nenadne okvare, da prepre\u010dijo nesre\u010de med delovanjem in tako zagotovijo varnost tako upravljavcev kot opreme.<\/p>\n<p><img decoding=\"async\" src=\"https:\/\/www.hydraulic-cylinders.net\/wp-content\/uploads\/2025\/04\/songte-oil-pipes-and-spare-parts.webp\" alt=\"Oljne cevi in \u200b\u200brezervni deli\" \/><\/p>\n<h2>Tesnjenje in mazanje<\/h2>\n<p>Pravilno tesnjenje in mazanje sta klju\u010dnega pomena za delovanje hidravli\u010dnih cilindrov. Razli\u010dna tesnila, kot so tesnila bata in palice, so obi\u010dajno izdelana iz materialov, odpornih proti obrabi, kot sta poliuretan in nitrilna guma, kar zagotavlja dolgo \u017eivljenjsko dobo in zanesljivost. Povr\u0161ine ohi\u0161ja cilindra in navojnih koncev so natan\u010dno obdelane za pove\u010danje odpornosti proti obrabi. Redno mazanje s hidravli\u010dnim oljem je potrebno za nemoteno delovanje sistema in prepre\u010devanje obrabe.<\/p>\n<h2>Redni pregledi in preventivno vzdr\u017eevanje<\/h2>\n<ul>\n<li><strong>Rutinski pregledi:<\/strong> Redni pregledi pu\u0161\u010danja, obrabe in po\u0161kodb pomagajo prepoznati morebitne te\u017eave, preden se stopnjujejo, kar zagotavlja u\u010dinkovito delovanje jeklenke.<\/li>\n<li><strong>Vzdr\u017eevanje mazanja:<\/strong> Ustrezno mazanje je bistvenega pomena; upravljavci morajo upo\u0161tevati navodila proizvajalca glede vrst olja in intervalov menjave, da ohranijo optimalno delovanje.<\/li>\n<li><strong>Zamenjava tesnila:<\/strong> Tesnila je treba pregledati in po potrebi zamenjati, da se prepre\u010di pu\u0161\u010danje hidravli\u010dne teko\u010dine ter ohrani celovitost in delovanje sistema.<\/li>\n<\/ul>\n<h2>Navodila za namestitev<\/h2>\n<p>Pravilna namestitev je klju\u010dnega pomena za u\u010dinkovito delovanje cilindra roke. Najprej se prepri\u010dajte, da so pritrdilne povr\u0161ine \u010diste in brez umazanije. Cilinder natan\u010dno poravnajte s pritrdilnimi to\u010dkami, da se izognete te\u017eavam z neporavnanostjo, ki lahko povzro\u010dijo prezgodnjo obrabo. Za trdno pritrditev cilindra je priporo\u010dljivo uporabiti ustrezne pritrdilne nosilce. Upo\u0161tevajte proizvajal\u010deva navodila za namestitev in specifikacije navora, da zagotovite varno pritrditev vseh spojev. Po namestitvi temeljito pregledajte, ali vse komponente delujejo pravilno, in za\u017eenite testno delovanje, da potrdite operativno celovitost.<\/p>\n<h2>Pogosta vzdr\u017eevalna opravila<\/h2>\n<ul>\n<li><strong>Redni pregledi:<\/strong> Redno pregledujte obrabo, da zagotovite varnost in delovanje.<\/li>\n<li><strong>Pravilno mazanje:<\/strong> Poskrbite, da se hidravli\u010dno olje doliva po potrebi, pri \u010demer uporabite pravilno vrsto olja, ki jo priporo\u010da proizvajalec.<\/li>\n<li><strong>Zamenjava tesnila:<\/strong> Spremljajte stanje tesnil in jih zamenjajte, da prepre\u010dite pu\u0161\u010danje in ohranite delovanje.<\/li>\n<\/ul>\n<h2>Varnostni vidiki in okoljski dejavniki<\/h2>\n<p>Pri uporabi hidravli\u010dnih cilindrov je zagotavljanje varnosti najpomembnej\u0161e. Upravljavci morajo biti usposobljeni za razumevanje tveganj, povezanih s hidravli\u010dnimi sistemi. Ustrezni varnostni ukrepi, kot sta no\u0161enje za\u0161\u010ditne opreme in upo\u0161tevanje operativnih protokolov, so bistveni za prepre\u010devanje nesre\u010d. Poleg tega je treba upo\u0161tevati okoljske vidike, kot je pravilno odstranjevanje hidravli\u010dnih teko\u010din in materialov, da se za\u0161\u010ditijo tako delavci kot okolica.<\/p>\n<h2>Odpravljanje te\u017eav in pogoste te\u017eave<\/h2>\n<ul>\n<li><strong>Pu\u0161\u010danje teko\u010dine:<\/strong> Preverite tesnila in fitinge glede obrabe ali po\u0161kodb. Obrabljena tesnila pogosto povzro\u010dijo pu\u0161\u010danje, kar zahteva zamenjavo.<\/li>\n<li><strong>Slaba zmogljivost:<\/strong> Preverite nivo in kakovost teko\u010dine; nizka raven ali onesna\u017eeno olje lahko ovira delovanje cilindra. Zagotovite pravilno vzdr\u017eevanje hidravli\u010dne teko\u010dine.<\/li>\n<li><strong>Pregrevanje:<\/strong> Spremljajte delovne temperature; pregrevanje lahko ka\u017ee na prekomerno obremenitev ali nezadostno mazanje, kar zahteva takoj\u0161njo pozornost.<\/li>\n<\/ul>\n<h2>Diagnoza in preventivni ukrepi<\/h2>\n<p>Za zmanj\u0161anje morebitnih te\u017eav je bistveno proaktivno izvajanje preventivnih ukrepov. Redno na\u010drtovano vzdr\u017eevanje, vklju\u010dno s pregledi in mazanjem, bo pomagalo zgodaj odkriti te\u017eave. Izobra\u017eevanje upravljavcev o prepoznavanju simptomov okvare lahko znatno zmanj\u0161a \u010das izpada in stro\u0161ke vzdr\u017eevanja ter zagotovi u\u010dinkovito delovanje hidravli\u010dnega sistema.<\/p>\n<p><img decoding=\"async\" src=\"https:\/\/www.hydraulic-cylinders.net\/wp-content\/uploads\/2025\/04\/songte-bushings-with-all-kinds-of-excavator-models.webp\" alt=\"Pu\u0161e za bagre\" \/><\/p>\n<h2>Predstavitev podjetja<\/h2>\n<p>Smo vodilni proizvajalec nadomestnih hidravli\u010dnih cilindrov, ki je predan zagotavljanju celovite palete izdelkov. Na\u0161a zavezanost odli\u010dnosti nas je postavila med pomembne akterje tako na doma\u010dem kot na mednarodnem trgu. Osredoto\u010damo se na vrhunsko kakovost in uporabljamo napredne strategije upravljanja proizvodnje. Z uporabo usposobljenega tehni\u010dnega osebja, vrhunske digitalne proizvodne opreme in profesionalnih sistemov za testiranje nenehno izbolj\u0161ujemo na\u0161e proizvodne zmogljivosti. Na\u0161 poudarek na u\u010dinkovitosti, natan\u010dnosti in kakovosti zagotavlja, da z izjemnimi izdelki izpolnjujemo raznolike potrebe na\u0161ih strank.<\/p>\n<p>Na\u0161e podjetje izstopa zaradi profesionalnosti, mednarodnih certifikatov in storitev po meri. Uporabljamo napredno proizvodno opremo in nudimo izjemno poprodajno podporo, s \u010dimer zagotavljamo zadovoljstvo strank na vsaki stopnji.<\/p>\n<p><img decoding=\"async\" src=\"https:\/\/www.hydraulic-cylinders.net\/wp-content\/uploads\/2025\/04\/songte-company-4.webp\" alt=\"Slika podjetja 1\" \/><br \/>\n<img decoding=\"async\" src=\"https:\/\/www.hydraulic-cylinders.net\/wp-content\/uploads\/2025\/04\/songte-company-3.webp\" alt=\"Slika podjetja 2\" \/><\/p>\n<p>Avtor: lyl<\/p>","protected":false},"excerpt":{"rendered":"<p>Boom Cylinder For Caterpillar Middle Excavator E320DLRR Overview of Boom Cylinder The Boom Cylinder is a crucial component in the hydraulic systems of heavy machinery, specifically designed for controlling the movement of excavator buckets. This type of hydraulic cylinder facilitates the lifting, lowering, and tilting of the bucket, making it essential for material handling tasks [&hellip;]<\/p>","protected":false},"featured_media":17873,"comment_status":"open","ping_status":"closed","template":"","meta":{"_et_pb_use_builder":"","_et_pb_old_content":"","_et_gb_content_width":""},"product_brand":[],"product_cat":[1546],"product_tag":[1547,1496],"class_list":{"0":"post-18946","1":"product","2":"type-product","3":"status-publish","4":"has-post-thumbnail","6":"product_cat-boom-cylinders","7":"product_tag-boom-cylinders","8":"product_tag-hydraulic-cylinders","10":"first","11":"instock","12":"shipping-taxable","13":"product-type-simple"},"amp_enabled":true,"_links":{"self":[{"href":"https:\/\/www.hydraulic-cylinders.net\/sl\/wp-json\/wp\/v2\/product\/18946","targetHints":{"allow":["GET"]}}],"collection":[{"href":"https:\/\/www.hydraulic-cylinders.net\/sl\/wp-json\/wp\/v2\/product"}],"about":[{"href":"https:\/\/www.hydraulic-cylinders.net\/sl\/wp-json\/wp\/v2\/types\/product"}],"replies":[{"embeddable":true,"href":"https:\/\/www.hydraulic-cylinders.net\/sl\/wp-json\/wp\/v2\/comments?post=18946"}],"wp:featuredmedia":[{"embeddable":true,"href":"https:\/\/www.hydraulic-cylinders.net\/sl\/wp-json\/wp\/v2\/media\/17873"}],"wp:attachment":[{"href":"https:\/\/www.hydraulic-cylinders.net\/sl\/wp-json\/wp\/v2\/media?parent=18946"}],"wp:term":[{"taxonomy":"product_brand","embeddable":true,"href":"https:\/\/www.hydraulic-cylinders.net\/sl\/wp-json\/wp\/v2\/product_brand?post=18946"},{"taxonomy":"product_cat","embeddable":true,"href":"https:\/\/www.hydraulic-cylinders.net\/sl\/wp-json\/wp\/v2\/product_cat?post=18946"},{"taxonomy":"product_tag","embeddable":true,"href":"https:\/\/www.hydraulic-cylinders.net\/sl\/wp-json\/wp\/v2\/product_tag?post=18946"}],"curies":[{"name":"delovni list","href":"https:\/\/api.w.org\/{rel}","templated":true}]}}