{"id":18947,"date":"2025-04-07T06:03:39","date_gmt":"2025-04-07T06:03:39","guid":{"rendered":"https:\/\/www.hydraulic-cylinders.net\/product\/boom-cylinder-for-caterpillar-middle-excavator-e324d-324dz\/"},"modified":"2025-04-07T06:03:42","modified_gmt":"2025-04-07T06:03:42","slug":"boom-cylinder-for-caterpillar-middle-excavator-e324d-324dz","status":"publish","type":"product","link":"https:\/\/www.hydraulic-cylinders.net\/sl\/izdelek\/boom-cylinder-for-caterpillar-middle-excavator-e324d-324dz\/","title":{"rendered":"Cilinder roke za Caterpillar srednji bager E324D\/324DZ"},"content":{"rendered":"<h1>Cilinder roke za Caterpillar srednji bager E324D\/324DZ<\/h1>\n<h2>Uvod v valj \u017elice<\/h2>\n<p>Cilinder \u017elice, del hidravli\u010dnega sistema, igra klju\u010dno vlogo pri nadzoru gibanja \u017elic te\u017ekih strojev, kot so tiste v bagrih, bagrih nakladalnikih in \u010delnih nakladalnikih. Ta hidravli\u010dni cilinder omogo\u010da dvigovanje, spu\u0161\u010danje in nagibanje \u017elice, kar omogo\u010da u\u010dinkovito ravnanje z materiali. Z uporabo tlaka hidravli\u010dne teko\u010dine cilinder gladko deluje pri iztegovanju in umikanju, kar omogo\u010da natan\u010den nadzor nad te\u017ekimi bremeni.<\/p>\n<p><img decoding=\"async\" src=\"https:\/\/www.hydraulic-cylinders.net\/wp-content\/uploads\/2025\/04\/songte-company-1.webp\" alt=\"Slika cilindra roke\"><\/p>\n<h2>Zna\u010dilnosti cilindra roke<\/h2>\n<ul>\n<li>\n<h3>Visoka trdnost in vzdr\u017eljivost<\/h3>\n<p>Cilinder roke, izdelan iz visoko trdnega jekla ali aluminija, je zasnovan tako, da prenese visoke tlake in velike obremenitve, zaradi \u010desar je primeren za zahtevna delovna okolja. Njegova zasnova vklju\u010duje lastnosti, odporne proti obrabi in koroziji, ki podalj\u0161ujejo njegovo \u017eivljenjsko dobo.<\/p>\n<\/li>\n<li>\n<h3>U\u010dinkovito hidravli\u010dno delovanje<\/h3>\n<p>Cilinder uporablja hidravli\u010dni tlak olja za gladko iztegovanje in vstavljanje. Hitro se odziva na krmilne ukaze in zagotavlja mo\u010dne potisne in vle\u010dne sile, ki so idealne za opravljanje te\u017ekih in kompleksnih nalog.<\/p>\n<\/li>\n<li>\n<h3>Na voljo so razli\u010dne vrste<\/h3>\n<p>Ti cilindri so na voljo v enosmerni (hidravli\u010dni tlak se uporablja v eni smeri) in dvosmerni (hidravli\u010dni tlak se uporablja v obeh smereh) konfiguraciji in lahko zadovoljijo razli\u010dne operativne potrebe. Nekateri modeli so teleskopski, kar omogo\u010da ve\u010dji razteg brez pove\u010danja zunanjih dimenzij, kar je idealno za aplikacije z omejenim prostorom.<\/p>\n<\/li>\n<\/ul>\n<h2>Scenariji uporabe cilindra roke<\/h2>\n<h3>Gradbena oprema<\/h3>\n<p>Pri bagrih so cilindri roke bistveni za kopanje, nakladanje in premikanje zemlje ali ru\u0161evin. Olaj\u0161ajo kopanje in pomagajo pri dvigovanju za prevoz materiala. Pri bagrih nakladalnikih ti cilindri izbolj\u0161ajo tako kopanje kot dvigovanje, zaradi \u010desar so klju\u010dni za gradbene projekte.<\/p>\n<h3>Kmetijska mehanizacija<\/h3>\n<p>Pri \u010delnih nakladalnikih se cilindri roke uporabljajo za zajemanje, dvigovanje in prevoz zemlje, sena in drugih materialov. Zagotavljajo potrebno silo za u\u010dinkovito opravljanje kmetijskih opravil, kar zagotavlja, da lahko kmetje pravo\u010dasno opravijo svoje delo.<\/p>\n<h3>Bagri<\/h3>\n<p>Cilinder \u017elice omogo\u010da, da \u017elica prodre v zemljo za u\u010dinkovito kopanje. Ta funkcionalnost je klju\u010dnega pomena za razli\u010dne izkopne projekte, saj omogo\u010da upravljavcem u\u010dinkovito opravljanje nalog z ustrezno mero mo\u010di in nadzora.<\/p>\n<h3>Nakladalci<\/h3>\n<p>Pri \u010delnih nakladalnikih cilindri roke pomagajo pri u\u010dinkovitem dvigovanju in razkladanju bremen. Njihova zasnova zagotavlja, da lahko upravljavci z lahkoto rokujejo s te\u017ekimi materiali, kar izbolj\u0161uje produktivnost in operativno u\u010dinkovitost na gradbi\u0161\u010dih.<\/p>\n<h2>Oblikovalski vidiki in izbirna merila<\/h2>\n<h3>Nosilnost<\/h3>\n<p>Nosilnost cilindra roke je najpomembnej\u0161a. Mora biti sposoben prenesti najve\u010djo te\u017eo, ki se pojavi med delovanjem, brez okvare. Zasnova mora vklju\u010devati robustne materiale in in\u017eenirska na\u010dela, da se zagotovi varnost in zanesljivost pri velikih obremenitvah.<\/p>\n<h3>Tesnilna zmogljivost<\/h3>\n<p>U\u010dinkovito tesnjenje je klju\u010dnega pomena za prepre\u010devanje pu\u0161\u010danja hidravli\u010dne teko\u010dine, ki lahko povzro\u010di neu\u010dinkovitost sistema in morebitne nevarnosti. Za vzdr\u017eevanje optimalnega tlaka in delovanja je treba uporabiti visokokakovostna tesnila iz trpe\u017enih materialov.<\/p>\n<h3>Vzdr\u017eljivost<\/h3>\n<p>Cilinder roke mora biti odporen na te\u017eke okoljske razmere in obrabo skozi \u010das. Materiale je treba izbrati glede na njihovo trdnost in odpornost proti abraziji in koroziji, kar zagotavlja dolgo \u017eivljenjsko dobo in zmanj\u0161uje potrebe po vzdr\u017eevanju.<\/p>\n<h3>Varnostne funkcije<\/h3>\n<p>Varnost je pri zasnovi hidravli\u010dnih cilindrov glavna prednostna naloga. Vgradnja varnostnih mehanizmov, varnostnih ventilov in varnih mo\u017enosti pritrditve je bistvenega pomena za prepre\u010devanje nesre\u010d med delovanjem, s \u010dimer se za\u0161\u010diti tako oprema kot osebje.<\/p>\n<h3>Dostopnost vzdr\u017eevanja<\/h3>\n<p>Zasnova za enostavno vzdr\u017eevanje je klju\u010dnega pomena za podalj\u0161anje \u017eivljenjske dobe cilindra roke. Funkcije, ki omogo\u010dajo enostaven pregled, mazanje in zamenjavo tesnil, lahko izbolj\u0161ajo uporabnost in skraj\u0161ajo \u010das izpada.<\/p>\n<p><img decoding=\"async\" src=\"https:\/\/www.hydraulic-cylinders.net\/wp-content\/uploads\/2025\/04\/songte-oil-pipes-and-spare-parts.webp\" alt=\"Oljne cevi in \u200b\u200brezervni deli\"><\/p>\n<h2>Tesnjenje in mazanje<\/h2>\n<p>Tesnilni sistem cilindra roke vklju\u010duje razli\u010dne komponente, kot so tesnila bata in tesnila palic. Za ve\u010djo vzdr\u017eljivost se uporabljajo tesnila iz materialov, odpornih proti obrabi, kot sta poliuretan in nitrilna guma. Ohi\u0161je cilindra in navojni konci so fino obdelani za izbolj\u0161anje odpornosti proti obrabi. Redno mazanje z ustrezno koli\u010dino hidravli\u010dnega olja je potrebno za zagotovitev nemotenega delovanja in prepre\u010devanje obrabe zaradi trenja.<\/p>\n<h2>Redni pregledi in preventivni vzdr\u017eevalni ukrepi<\/h2>\n<ul>\n<li>\n<h3>Redni pregledi<\/h3>\n<p>Redni pregledi cilindra roke glede znakov obrabe, pu\u0161\u010danja ali po\u0161kodb so bistvenega pomena. Pravo\u010dasno odkrivanje te\u017eav lahko prepre\u010di draga popravila in podalj\u0161a \u017eivljenjsko dobo opreme.<\/p>\n<\/li>\n<li>\n<h3>Pravilno mazanje<\/h3>\n<p>Zagotavljanje pravilnega mazanja valja s hidravli\u010dnim oljem je klju\u010dnega pomena za nemoteno delovanje. Nezadostno mazanje lahko povzro\u010di ve\u010djo obrabo in s\u010dasoma okvaro valja.<\/p>\n<\/li>\n<li>\n<h3>Zamenjava tesnila<\/h3>\n<p>Tesnila je treba redno preverjati in jih zamenjati, ko so obrabljena. To vzdr\u017eevalno opravilo je bistveno za prepre\u010devanje pu\u0161\u010danja in ohranjanje hidravli\u010dne u\u010dinkovitosti.<\/p>\n<\/li>\n<\/ul>\n<h2>Navodila za namestitev<\/h2>\n<p>Pravilna namestitev cilindra roke je klju\u010dnega pomena za zagotovitev njegovega u\u010dinkovitega delovanja. Najprej natan\u010dno poravnajte cilinder z nosilci in se prepri\u010dajte, da je varno pritrjen. Med namestitvijo uporabite ustrezne nosilce za stabilizacijo cilindra. Klju\u010dnega pomena je, da za vse pritrdilne elemente upo\u0161tevate priporo\u010dene navorne vrednosti, da zagotovite varno pritrditev. Po namestitvi temeljito preverite, ali so vse povezave tesne in ali hidravli\u010dni sistem ne pu\u0161\u010da. Preizkus delovanja cilindra pred uporabo v polni meri bo zgodaj odkril morebitne te\u017eave.<\/p>\n<p><img decoding=\"async\" src=\"https:\/\/www.hydraulic-cylinders.net\/wp-content\/uploads\/2025\/04\/songte-chushion-collar.webp\" alt=\"Blazinasti ovratnik\"><\/p>\n<h2>Varnostni vidiki in okoljski dejavniki<\/h2>\n<p>Pri uporabi cilindra roke je izvajanje varnostnih ukrepov klju\u010dnega pomena za za\u0161\u010dito upravljavcev in mimoido\u010dih. Ustrezno usposabljanje za uporabo opreme in redni varnostni pregledi lahko znatno zmanj\u0161ajo tveganja. Poleg tega je treba pri izbiri materialov in na\u010drtovanju cilindra upo\u0161tevati okoljske dejavnike, kot so ekstremne temperature in izpostavljenost korozivnim snovem, da se zagotovi optimalno delovanje in dolga \u017eivljenjsko dobo.<\/p>\n<h2>Diagnoza napak in pogoste te\u017eave<\/h2>\n<ul>\n<li>\n<h3>Pu\u0161\u010danje hidravli\u010dne teko\u010dine<\/h3>\n<p>Pu\u0161\u010danja lahko pogosto ka\u017eejo na okvaro ali po\u0161kodbo tesnila. Redni pregledi lahko pomagajo odkriti tak\u0161ne te\u017eave, preden se stopnjujejo. Pravo\u010dasno odpravljanje pu\u0161\u010danj je klju\u010dnega pomena za vzdr\u017eevanje tlaka in delovanja sistema.<\/p>\n<\/li>\n<li>\n<h3>Nedosledno gibanje valja<\/h3>\n<p>\u010ce se valj ne premika gladko, je to lahko posledica nezadostnega mazanja, zraka v hidravli\u010dnem sistemu ali blokade v poteh za teko\u010dine. Diagnosticiranje vira te\u017eave bo prepre\u010dilo nadaljnje zaplete.<\/p>\n<\/li>\n<li>\n<h3>Prekomerni hrup med delovanjem<\/h3>\n<p>Nenavadni zvoki lahko ka\u017eejo na te\u017eave, kot sta kavitacija v hidravli\u010dnem sistemu ali mehansko blokiranje. Zgodnje odkrivanje teh zvokov lahko prepre\u010di znatno \u0161kodo na opremi.<\/p>\n<\/li>\n<\/ul>\n<h2>Nasveti in re\u0161itve za odpravljanje te\u017eav<\/h2>\n<p>Za u\u010dinkovito diagnosticiranje napak naj si upravljavci ogledajo priro\u010dnik za opremo za posebna navodila za odpravljanje te\u017eav. Redno vzdr\u017eevanje, vklju\u010dno s preverjanjem nivoja hidravli\u010dne teko\u010dine in zagotavljanjem ustreznega tesnjenja, bo pomagalo prepre\u010diti nastanek pogostih te\u017eav. Uporaba manometrov in drugih diagnosti\u010dnih orodij lahko zagotovi vpogled v morebitne te\u017eave. Vzpostavitev rutine za preventivne ukrepe bo zmanj\u0161ala verjetnost nepri\u010dakovanih okvar, zagotovila bolj teko\u010de delovanje in podalj\u0161ala \u017eivljenjsko dobo.<\/p>\n<p><img decoding=\"async\" src=\"https:\/\/www.hydraulic-cylinders.net\/wp-content\/uploads\/2025\/04\/songte-bushings-with-all-kinds-of-excavator-models.webp\" alt=\"Pu\u0161e za modele bagrov\"><\/p>\n<h2>Pregled podjetja<\/h2>\n<p>Smo vodilni proizvajalec in veletrgovec hidravli\u010dnih cilindrov, specializiran za proizvodnjo visokokakovostnih alternativ za razli\u010dne aplikacije. Na\u0161a obse\u017ena ponudba izdelkov nas je uvrstila med vodilne proizvajalce in distributerje hidravli\u010dnih cilindrov na doma\u010dem in mednarodnem trgu. Zavzemamo se za odli\u010dnost v kakovosti, pri \u010demer uporabljamo natan\u010dno ugla\u0161eno strategijo upravljanja proizvodnje, osredoto\u010deno na napredne proizvodne tehnologije. Na\u0161a zavezanost inovacijam se odra\u017ea v na\u0161ih nalo\u017ebah v usposobljeno osebje, visokotehnolo\u0161ko proizvodno opremo in dovr\u0161ene sisteme testiranja, s \u010dimer nenehno izbolj\u0161ujemo na\u0161e proizvodne procese in kakovost izdelkov.<\/p>\n<p><img decoding=\"async\" src=\"https:\/\/www.hydraulic-cylinders.net\/wp-content\/uploads\/2025\/04\/songte-company-4.webp\" alt=\"Slika podjetja 1\"><br \/>\n<img decoding=\"async\" src=\"https:\/\/www.hydraulic-cylinders.net\/wp-content\/uploads\/2025\/04\/songte-company-3.webp\" alt=\"Slika podjetja 2\"><\/p>\n<p>Na\u0161 poudarek na profesionalnosti podpirajo mednarodni certifikati, ponudba storitev po meri, najsodobnej\u0161a proizvodna oprema in celovita poprodajna podpora, kar zagotavlja, da u\u010dinkovito izpolnjujemo raznolike zahteve strank.<\/p>\n<p>Avtor: lyl<\/p>","protected":false},"excerpt":{"rendered":"<p>Boom Cylinder For Caterpillar Middle Excavator E324D\/324DZ Introduction to Bucket Cylinder The bucket cylinder, part of the hydraulic system, plays a crucial role in controlling the movement of heavy machinery buckets, such as those found in excavators, backhoe loaders, and front loaders. This hydraulic cylinder allows the bucket to lift, lower, and tilt, facilitating efficient [&hellip;]<\/p>","protected":false},"featured_media":17874,"comment_status":"open","ping_status":"closed","template":"","meta":{"_et_pb_use_builder":"","_et_pb_old_content":"","_et_gb_content_width":""},"product_brand":[],"product_cat":[1546],"product_tag":[1547,1496],"class_list":{"0":"post-18947","1":"product","2":"type-product","3":"status-publish","4":"has-post-thumbnail","6":"product_cat-boom-cylinders","7":"product_tag-boom-cylinders","8":"product_tag-hydraulic-cylinders","10":"first","11":"instock","12":"shipping-taxable","13":"product-type-simple"},"amp_enabled":true,"_links":{"self":[{"href":"https:\/\/www.hydraulic-cylinders.net\/sl\/wp-json\/wp\/v2\/product\/18947","targetHints":{"allow":["GET"]}}],"collection":[{"href":"https:\/\/www.hydraulic-cylinders.net\/sl\/wp-json\/wp\/v2\/product"}],"about":[{"href":"https:\/\/www.hydraulic-cylinders.net\/sl\/wp-json\/wp\/v2\/types\/product"}],"replies":[{"embeddable":true,"href":"https:\/\/www.hydraulic-cylinders.net\/sl\/wp-json\/wp\/v2\/comments?post=18947"}],"wp:featuredmedia":[{"embeddable":true,"href":"https:\/\/www.hydraulic-cylinders.net\/sl\/wp-json\/wp\/v2\/media\/17874"}],"wp:attachment":[{"href":"https:\/\/www.hydraulic-cylinders.net\/sl\/wp-json\/wp\/v2\/media?parent=18947"}],"wp:term":[{"taxonomy":"product_brand","embeddable":true,"href":"https:\/\/www.hydraulic-cylinders.net\/sl\/wp-json\/wp\/v2\/product_brand?post=18947"},{"taxonomy":"product_cat","embeddable":true,"href":"https:\/\/www.hydraulic-cylinders.net\/sl\/wp-json\/wp\/v2\/product_cat?post=18947"},{"taxonomy":"product_tag","embeddable":true,"href":"https:\/\/www.hydraulic-cylinders.net\/sl\/wp-json\/wp\/v2\/product_tag?post=18947"}],"curies":[{"name":"delovni list","href":"https:\/\/api.w.org\/{rel}","templated":true}]}}