{"id":18952,"date":"2025-04-07T06:03:52","date_gmt":"2025-04-07T06:03:52","guid":{"rendered":"https:\/\/www.hydraulic-cylinders.net\/product\/boom-cylinder-for-caterpillar-middle-excavator-e325bl325c\/"},"modified":"2025-04-07T06:03:54","modified_gmt":"2025-04-07T06:03:54","slug":"boom-cylinder-for-caterpillar-middle-excavator-e325bl325c","status":"publish","type":"product","link":"https:\/\/www.hydraulic-cylinders.net\/sl\/izdelek\/boom-cylinder-for-caterpillar-middle-excavator-e325bl325c\/","title":{"rendered":"Cilinder roke za Caterpillar srednji bager E325BL325C"},"content":{"rendered":"<h1>Cilinder roke za Caterpillar srednji bager E325BL325C<\/h1>\n<h2>Uvod v cilinder roke<\/h2>\n<p>Cilinder roke je klju\u010dni sestavni del hidravli\u010dnih sistemov, posebej zasnovan za te\u017eko mehanizacijo. Nadzoruje gibanje \u017elice v bagrih, bagrih nakladalnikih in \u010delnih nakladalnikih. Primarna funkcija cilindra je olaj\u0161anje dvigovanja, spu\u0161\u010danja in nagibanja \u017elice, zaradi \u010desar so naloge ravnanja z materiali u\u010dinkovite in uspe\u0161ne. Ta hidravli\u010dni cilinder deluje tako, da pretvarja hidravli\u010dni tlak v mehansko gibanje, kar upravljavcem omogo\u010da natan\u010dno upravljanje te\u017ekih bremen.<\/p>\n<p><img decoding=\"async\" src=\"https:\/\/www.hydraulic-cylinders.net\/wp-content\/uploads\/2025\/04\/songte-company-1.webp\" alt=\"Cilinder roke\" \/><\/p>\n<h3>Klju\u010dne zna\u010dilnosti cilindra roke<\/h3>\n<ul>\n<li><strong>Visoka trdnost in vzdr\u017eljivost:<\/strong> Ti cilindri, izdelani iz visoko trdnega jekla ali aluminija, lahko prenesejo visok tlak in velike obremenitve, zaradi \u010desar so primerni za zahtevna delovna okolja.<\/li>\n<li><strong>U\u010dinkovito hidravli\u010dno delovanje:<\/strong> Za doseganje gladkega iztegovanja in vvla\u010denja uporabljajo hidravli\u010dni tlak olja, se hitro odzivajo na ukaze upravljavca, hkrati pa zagotavljajo znatno potisno in vle\u010dno silo.<\/li>\n<li><strong>Raznolikost vrst:<\/strong> Na voljo so v enojno ali dvojno delujo\u010di razli\u010dici, kar uporabnikom omogo\u010da izbiro glede na operativne potrebe. Nekateri modeli so teleskopski, kar omogo\u010da ve\u010dji izvle\u010dek brez pove\u010danja zunanjih dimenzij.<\/li>\n<li><strong>Izdelava po meri:<\/strong> Na\u0161e proizvodne zmogljivosti zagotavljajo, da lahko ustvarimo cilindre, ki popolnoma nadomestijo obstoje\u010de hidravli\u010dne komponente in s tem izbolj\u0161ajo zdru\u017eljivost z razli\u010dnimi stroji.<\/li>\n<li><strong>Odpornost proti koroziji:<\/strong> Zasnovan z materiali, ki so odporni proti obrabi in koroziji, kar podalj\u0161uje \u017eivljenjsko dobo cilindra in ohranja zmogljivost v zahtevnih pogojih.<\/li>\n<\/ul>\n<p><img decoding=\"async\" src=\"https:\/\/www.hydraulic-cylinders.net\/wp-content\/uploads\/2025\/04\/songte-cylinder-head-with-all-kinds-excavator-models.webp\" alt=\"Model bagra\" \/><\/p>\n<h2>Uporaba cilindra roke<\/h2>\n<h3>Gradbena oprema<\/h3>\n<p>V gradbeni\u0161tvu so cilindri roke sestavni del bagrov, saj olaj\u0161ajo kopanje, nakladanje in prevoz zemlje ali ru\u0161evin. U\u010dinkovito delovanje cilindra \u017elice omogo\u010da hitre in natan\u010dne premike, kar je bistveno v gradbenih okoljih, kjer sta \u010das in natan\u010dnost klju\u010dnega pomena. Poleg tega pri bagrih nakladalnikih cilinder roke pomaga tako pri kopanju kot pri dvigovanju, zaradi \u010desar je vsestranski sestavni del za razli\u010dna opravila.<\/p>\n<h3>Kmetijska mehanizacija<\/h3>\n<p>\u010celni nakladalniki, opremljeni s cilindri roke, so klju\u010dni za kmetijska opravila, kot so zajemanje, dvigovanje in prevoz zemlje, sena in drugih materialov. Zmo\u017enost manevriranja z \u017elico u\u010dinkovito pove\u010da produktivnost na kmetijah, saj lahko upravljavci hitro natovarjajo in raztovarjajo materiale, kar zagotavlja u\u010dinkovit potek dela med sezono sajenja in \u017eetve.<\/p>\n<h3>Bagri<\/h3>\n<p>Bagri uporabljajo cilindre roke za u\u010dinkovito prodiranje v zemljo med izkopavanjem. Hidravli\u010dno delovanje omogo\u010da, da \u017elica koplje globoko v zemljo, kar olaj\u0161a premikanje zemlje in pripravo gradbi\u0161\u010da. Ta zmogljivost je klju\u010dnega pomena za gradbeni\u0161tvo, urejanje krajine in rudarske projekte, kjer je potrebno natan\u010dno izkopavanje.<\/p>\n<h3>Nakladalci<\/h3>\n<p>Pri \u010delnih nakladalnikih so cilindri roke bistveni za u\u010dinkovito dvigovanje in razkladanje bremen. Upravljavcem omogo\u010dajo dvigovanje te\u017ekih materialov in njihovo natan\u010dno odlaganje tja, kjer je potrebno, kar izbolj\u0161a splo\u0161no operativno u\u010dinkovitost in zmanj\u0161a ro\u010dno preme\u0161\u010danje materialov.<\/p>\n<h2>Oblikovalski vidiki in izbirna merila<\/h2>\n<h3>Nosilnost<\/h3>\n<p>Pri izbiri cilindra roke je klju\u010dnega pomena razumevanje nosilnosti. Cilinder mora biti sposoben prenesti najve\u010djo te\u017eo, ki ji bo izpostavljen med delovanjem. Proizvajalci pogosto navedejo podrobne specifikacije glede omejitev obremenitve, s \u010dimer zagotovijo, da lahko uporabniki izberejo ustrezen cilinder za svojo mehanizacijo.<\/p>\n<h3>Tesnilna zmogljivost<\/h3>\n<p>U\u010dinkovito tesnjenje je bistvenega pomena za dolgo \u017eivljenjsko dobo hidravli\u010dnih valjev. Prepre\u010duje pu\u0161\u010danje hidravli\u010dne teko\u010dine, kar lahko povzro\u010di te\u017eave z delovanjem in nevarnosti za okolje. Visokokakovostna tesnila iz trpe\u017enih materialov so klju\u010dnega pomena za vzdr\u017eevanje tlaka v valju. Redni pregledi celovitosti tesnil so priporo\u010dljivi, da se prepre\u010dijo draga popravila.<\/p>\n<h3>Vzdr\u017eljivost<\/h3>\n<p>Vzdr\u017eljivost cilindra roke je odvisna od materialov, uporabljenih pri njegovi izdelavi, in njegovih oblikovnih zna\u010dilnosti. Visokokakovostno jeklo ali aluminij v kombinaciji z za\u0161\u010ditnimi premazi pove\u010da odpornost proti obrabi in podalj\u0161a \u017eivljenjsko dobo cilindra. Upravljavci morajo oceniti delovno okolje, da se prepri\u010dajo, da izbrani valj prenese ustrezne pogoje.<\/p>\n<h3>Varnostne funkcije<\/h3>\n<p>Varnostni vidiki pri na\u010drtovanju cilindrov roke so izjemnega pomena. Funkcije, kot so varnostni ventili, pomagajo prepre\u010diti preobremenitev, ki lahko povzro\u010di katastrofalne okvare. Razumevanje teh varnostnih mehanizmov omogo\u010da upravljavcem samozavestno uporabo strojev, saj vedo, da je tveganje okvare \u010dim manj\u0161e.<\/p>\n<h3>Dostopnost vzdr\u017eevanja<\/h3>\n<p>Zasnova cilindra za enostavno vzdr\u017eevanje je bistvenega pomena. Dostopne komponente omogo\u010dajo rutinske preglede in popravila z minimalnim \u010dasom izpada. Upravljavci naj i\u0161\u010dejo cilindre, ki omogo\u010dajo enostaven dostop do tesnil, mazalnih mest in drugih kriti\u010dnih komponent.<\/p>\n<p><img decoding=\"async\" src=\"https:\/\/www.hydraulic-cylinders.net\/wp-content\/uploads\/2025\/04\/songte-oil-pipes-and-spare-parts.webp\" alt=\"Hidravli\u010dni deli\" \/><\/p>\n<h2>Tesnjenje in mazanje valja<\/h2>\n<p>U\u010dinkovito tesnjenje in mazanje sta klju\u010dnega pomena za delovanje cilindra roke. Za prepre\u010devanje pu\u0161\u010danja hidravli\u010dne teko\u010dine se uporabljajo razli\u010dna tesnila, vklju\u010dno s tesnili bata in ojnice. Tesnila iz materialov, kot sta poliuretan in nitrilna guma, so izbrana zaradi svoje odpornosti proti obrabi in vzdr\u017eljivosti.<\/p>\n<p>Natan\u010dna obdelava ohi\u0161ja valja in navojnih koncev izbolj\u0161a odpornost proti obrabi in u\u010dinkovitost tesnjenja. Redno mazanje z ustreznim hidravli\u010dnim oljem je potrebno za zagotovitev nemotenega delovanja in prepre\u010devanje po\u0161kodb zaradi trenja, ki lahko povzro\u010dijo prezgodnjo odpoved valja.<\/p>\n<h2>Preventivni vzdr\u017eevalni ukrepi<\/h2>\n<ul>\n<li><strong>Redni pregledi:<\/strong> Redno preverjajte morebitne znake obrabe ali po\u0161kodb tesnil, palic in ohi\u0161ja valja. Zgodnje odkrivanje te\u017eav lahko prepre\u010di draga popravila.<\/li>\n<li><strong>Takoj\u0161nje mazanje:<\/strong> Zagotovite vzdr\u017eevanje ustrezne ravni hidravli\u010dnega olja in nama\u017eite valj v skladu z navodili proizvajalca, da zagotovite nemoteno delovanje.<\/li>\n<li><strong>Zamenjava tesnila:<\/strong> Redno menjajte tesnila glede na obrabo in stopnjo uporabe, da ohranite celovitost jeklenke in prepre\u010dite pu\u0161\u010danje.<\/li>\n<\/ul>\n<h2>Navodila za namestitev<\/h2>\n<p>Pravilna namestitev cilindra roke je klju\u010dnega pomena za njegovo delovanje in dolgo \u017eivljenjsko dobo. Najprej se prepri\u010dajte, da so pritrdilne to\u010dke \u010diste in brez umazanije. Cilinder pravilno poravnajte s strojem in \u017elico, da prepre\u010dite prekomerno obremenitev komponent. Uporaba ustreznih pritrdilnih nosilcev za pritrditev cilindra lahko prepre\u010di premikanje med delovanjem.<\/p>\n<p>Po namestitvi preverite, ali so hidravli\u010dne povezave trdne in ne pu\u0161\u010dajo. Po namestitvi je priporo\u010dljivo, da sistem za\u017eenete pri nizkem tlaku, da preverite njegovo pravilno delovanje, preden ga v celoti za\u017eenete. Seznanite se z mehanizmi za nastavitev na valju, da zagotovite optimalno delovanje med uporabo.<\/p>\n<h2>Pogosta vzdr\u017eevalna opravila<\/h2>\n<ul>\n<li><strong>Redni pregledi:<\/strong> Pogosto pregledujte, da ugotovite obrabo ali po\u0161kodbe. To vklju\u010duje preverjanje tesnil, palic in celotne celovitosti cilindra.<\/li>\n<li><strong>Ustrezno mazanje:<\/strong> Za zagotovitev u\u010dinkovitega delovanja vzdr\u017eujte ustrezno raven hidravli\u010dnega olja in ma\u017eite komponente v skladu s priporo\u010dili proizvajalca.<\/li>\n<li><strong>Zamenjava tesnila:<\/strong> Vzpostavite rutino za pregledovanje in zamenjavo tesnil, da prepre\u010dite pu\u0161\u010danje in vzdr\u017eujete sistemski tlak ter zagotovite u\u010dinkovito delovanje jeklenke.<\/li>\n<\/ul>\n<h2>Varnostni vidiki in okoljski dejavniki<\/h2>\n<p>Pri delu s hidravli\u010dnimi cilindri je izvajanje varnostnih ukrepov klju\u010dnega pomena. Upravljavci morajo nositi ustrezno osebno za\u0161\u010ditno opremo (OZO) in zagotoviti, da se stroji upravljajo znotraj dolo\u010denih meja. Upo\u0161tevati je treba okoljske vidike, kot so morebitna razlitja hidravli\u010dne teko\u010dine, s poudarkom na pomenu prepre\u010devanja pu\u0161\u010danja in ustreznih metod odstranjevanja hidravli\u010dnih teko\u010din.<\/p>\n<h2>Odpravljanje te\u017eav in pogoste te\u017eave<\/h2>\n<ul>\n<li><strong>Pu\u0161\u010danje:<\/strong> \u010ce opazite znake pu\u0161\u010danja hidravli\u010dne teko\u010dine, preverite tesnila in priklju\u010dke glede po\u0161kodb ali obrabe. Te\u017eavo lahko pogosto odpravite z zamenjavo tesnil ali zategovanjem priklju\u010dkov.<\/li>\n<li><strong>Slaba zmogljivost:<\/strong> \u010ce se valj ne odziva po pri\u010dakovanjih, preverite nivo hidravli\u010dne teko\u010dine in se prepri\u010dajte, da v hidravli\u010dnih ceveh ni blokad.<\/li>\n<li><strong>Prekomerni hrup:<\/strong> Nenavadni zvoki med delovanjem lahko ka\u017eejo na notranjo obrabo ali okvaro komponente. Redno vzdr\u017eevanje in pregledi lahko pomagajo prepoznati morebitne te\u017eave, preden se stopnjujejo.<\/li>\n<\/ul>\n<p>Z izvajanjem preventivnih ukrepov in pravo\u010dasnim odpravljanjem te\u017eav lahko skraj\u0161ate \u010das izpada in podalj\u0161ate \u017eivljenjsko dobo cilindra roke.<\/p>\n<p><img decoding=\"async\" src=\"https:\/\/www.hydraulic-cylinders.net\/wp-content\/uploads\/2025\/04\/songte-bushings-with-all-kinds-of-excavator-models.webp\" alt=\"Pu\u0161e za bagre\" \/><\/p>\n<h2>Pregled podjetja<\/h2>\n<p>Smo vodilni proizvajalec in veletrgovec alternativnih hidravli\u010dnih cilindrov z raznoliko ponudbo izdelkov, ki nas uvr\u0161\u010da v ospredje tako na doma\u010dem kot na mednarodnem trgu. Na\u0161o zavezanost odli\u010dnosti podpira izpopolnjena strategija upravljanja proizvodnje, ki zagotavlja visokokakovostno proizvodnjo. Za izbolj\u0161anje na\u0161ih proizvodnih zmogljivosti uporabljamo napredno tehnologijo, usposobljeno osebje in celovit sistem nadzora kakovosti.<\/p>\n<p>Na\u0161a specializacija za hidravli\u010dne re\u0161itve po meri nam omogo\u010da, da u\u010dinkovito izpolnjujemo razli\u010dne zahteve strank. Mednarodni certifikati potrjujejo na\u0161o skladnost z svetovnimi standardi, na\u0161a predana poprodajna storitev pa zagotavlja zadovoljstvo strank. Nenehno vlagamo v vrhunsko proizvodno opremo in inovativne procese, da bi na\u0161im strankam zagotovili u\u010dinkovite, natan\u010dne in visokokakovostne hidravli\u010dne izdelke, prilagojene njihovim potrebam.<\/p>\n<p><img decoding=\"async\" src=\"https:\/\/www.hydraulic-cylinders.net\/wp-content\/uploads\/2025\/04\/songte-company-4.webp\" alt=\"Proizvodnja podjetja\" \/><br \/>\n<img decoding=\"async\" src=\"https:\/\/www.hydraulic-cylinders.net\/wp-content\/uploads\/2025\/04\/songte-company-3.webp\" alt=\"Objekt podjetja\" \/><\/p>\n<p>Avtor: lyl<\/p>","protected":false},"excerpt":{"rendered":"<p>Boom Cylinder For Caterpillar Middle Excavator E325BL325C Introduction to Boom Cylinder The boom cylinder is a vital component in hydraulic systems, specifically designed for heavy machinery. It controls the movement of the bucket in excavators, backhoe loaders, and front-end loaders. The cylinder&#8217;s primary function is to facilitate the lifting, lowering, and tilting of the bucket, [&hellip;]<\/p>","protected":false},"featured_media":17879,"comment_status":"open","ping_status":"closed","template":"","meta":{"_et_pb_use_builder":"","_et_pb_old_content":"","_et_gb_content_width":""},"product_brand":[],"product_cat":[1546],"product_tag":[1547,1496],"class_list":{"0":"post-18952","1":"product","2":"type-product","3":"status-publish","4":"has-post-thumbnail","6":"product_cat-boom-cylinders","7":"product_tag-boom-cylinders","8":"product_tag-hydraulic-cylinders","10":"first","11":"instock","12":"shipping-taxable","13":"product-type-simple"},"amp_enabled":true,"_links":{"self":[{"href":"https:\/\/www.hydraulic-cylinders.net\/sl\/wp-json\/wp\/v2\/product\/18952","targetHints":{"allow":["GET"]}}],"collection":[{"href":"https:\/\/www.hydraulic-cylinders.net\/sl\/wp-json\/wp\/v2\/product"}],"about":[{"href":"https:\/\/www.hydraulic-cylinders.net\/sl\/wp-json\/wp\/v2\/types\/product"}],"replies":[{"embeddable":true,"href":"https:\/\/www.hydraulic-cylinders.net\/sl\/wp-json\/wp\/v2\/comments?post=18952"}],"wp:featuredmedia":[{"embeddable":true,"href":"https:\/\/www.hydraulic-cylinders.net\/sl\/wp-json\/wp\/v2\/media\/17879"}],"wp:attachment":[{"href":"https:\/\/www.hydraulic-cylinders.net\/sl\/wp-json\/wp\/v2\/media?parent=18952"}],"wp:term":[{"taxonomy":"product_brand","embeddable":true,"href":"https:\/\/www.hydraulic-cylinders.net\/sl\/wp-json\/wp\/v2\/product_brand?post=18952"},{"taxonomy":"product_cat","embeddable":true,"href":"https:\/\/www.hydraulic-cylinders.net\/sl\/wp-json\/wp\/v2\/product_cat?post=18952"},{"taxonomy":"product_tag","embeddable":true,"href":"https:\/\/www.hydraulic-cylinders.net\/sl\/wp-json\/wp\/v2\/product_tag?post=18952"}],"curies":[{"name":"delovni list","href":"https:\/\/api.w.org\/{rel}","templated":true}]}}