{"id":18954,"date":"2025-04-07T06:03:57","date_gmt":"2025-04-07T06:03:57","guid":{"rendered":"https:\/\/www.hydraulic-cylinders.net\/product\/boom-cylinder-for-caterpillar-middle-excavator-e320dz-bl\/"},"modified":"2025-04-07T06:03:59","modified_gmt":"2025-04-07T06:03:59","slug":"boom-cylinder-for-caterpillar-middle-excavator-e320dz-bl","status":"publish","type":"product","link":"https:\/\/www.hydraulic-cylinders.net\/sl\/izdelek\/boom-cylinder-for-caterpillar-middle-excavator-e320dz-bl\/","title":{"rendered":"Cilinder roke za srednji bager Caterpillar E320DZ\/BL"},"content":{"rendered":"<h1>Cilinder roke za srednji bager Caterpillar E320DZ\/BL<\/h1>\n<h2>Uvod v cilindre roke<\/h2>\n<p>Cilinder roke je klju\u010dna komponenta hidravli\u010dnih sistemov, posebej zasnovana za nadzor gibanja \u017elic bagrov v te\u017ekih strojih, kot so bagri, bagri nakladalniki in \u010delni nakladalniki. Ti hidravli\u010dni cilindri omogo\u010dajo dvigovanje, spu\u0161\u010danje in nagibanje \u017elice, kar omogo\u010da u\u010dinkovito ravnanje z materiali. Cilinder \u017elice je bistvenega pomena za doseganje natan\u010dnih gibov in delovanja pri gradbenih projektih.<\/p>\n<p><img decoding=\"async\" src=\"https:\/\/www.hydraulic-cylinders.net\/wp-content\/uploads\/2025\/04\/songte-company-1.webp\" alt=\"Cilinder roke za bagre\" \/><\/p>\n<h3>Definicija in pregled<\/h3>\n<p>Hidravli\u010dni cilindri roke so vrsta hidravli\u010dnega cilindra, ki deluje s pomo\u010djo tlaka hidravli\u010dnega olja. Njegova glavna funkcija je nadzor nad procesom izkopavanja, ki vklju\u010duje kopanje, dvigovanje in transport materialov. U\u010dinkovita zasnova in robustna konstrukcija cilindrov roke zagotavljata optimalno delovanje v razli\u010dnih pogojih, zaradi \u010desar so nepogre\u0161ljivi v gradbeni industriji.<\/p>\n<h2>Zna\u010dilnosti cilindra roke<\/h2>\n<ul>\n<li><strong>Visoka trdnost in vzdr\u017eljivost:<\/strong> Ti cilindri, izdelani iz visoko trdnega jekla ali aluminija, lahko prenesejo visok tlak in velike obremenitve, zaradi \u010desar so primerni za zahtevna delovna okolja.<\/li>\n<li><strong>U\u010dinkovito hidravli\u010dno delovanje:<\/strong> Za gladko raztezanje in kr\u010denje uporabljajo hidravli\u010dni oljni tlak, se hitro odzivajo na operativne ukaze in zagotavljajo mo\u010dne sile potiska in vle\u010denja.<\/li>\n<li><strong>Razli\u010dne vrste:<\/strong> Cilindri roke so lahko enosmerno delujo\u010di (hidravli\u010dno delovanje v eni smeri) ali dvosmerno delujo\u010di (hidravli\u010dno delovanje v obeh smereh), da zadostijo razli\u010dnim operativnim potrebam. Nekateri modeli so teleskopski, kar omogo\u010da ve\u010dji izvle\u010dek brez pove\u010danja zunanjih dimenzij.<\/li>\n<li><strong>Napredna tehnologija tesnjenja:<\/strong> Opremljen z visokokakovostnimi tesnili za prepre\u010devanje pu\u0161\u010danja in zagotavljanje optimalne zmogljivosti v razli\u010dnih pogojih.<\/li>\n<li><strong>Re\u0161itve po meri:<\/strong> Na\u0161i izdelki lahko popolnoma nadomestijo te hidravli\u010dne cilindre in zagotavljajo prilagojene re\u0161itve za izpolnjevanje specifi\u010dnih zahtev strojev.<\/li>\n<\/ul>\n<p><img decoding=\"async\" src=\"https:\/\/www.hydraulic-cylinders.net\/wp-content\/uploads\/2025\/04\/songte-cylinder-head-with-all-kinds-excavator-models.webp\" alt=\"Zamenjava hidravli\u010dnega cilindra\" \/><\/p>\n<h2>Scenariji uporabe<\/h2>\n<h3>Gradbena oprema<\/h3>\n<p>Pri bagrih so cilindri roke klju\u010dni za kopanje, nakladanje in premikanje zemlje ali ru\u0161evin. Omogo\u010dajo natan\u010den nadzor nad gibanjem \u017elice, kar pove\u010duje u\u010dinkovitost izkopavanja. Pri bagrih nakladalnikih cilinder \u017elice pomaga tako pri kopanju kot dvigovanju, kar \u0161iri paleto uporabe teh vsestranskih strojev.<\/p>\n<h3>Kmetijska mehanizacija<\/h3>\n<p>Pri \u010delnih nakladalnikih se cilindri roke uporabljajo za zajemanje, dvigovanje in prevoz zemlje, sena in drugih materialov. Zaradi svoje sposobnosti preva\u017eanja te\u017ekih bremen so idealni za kmetijska opravila in prispevajo k u\u010dinkovitemu delovanju kmetije.<\/p>\n<h3>Bagri<\/h3>\n<p>Z \u017elico lahko bagri u\u010dinkovito prodrejo v zemljo, kar omogo\u010da globoko kopanje in natan\u010dno izkopavanje. To je \u0161e posebej pomembno pri projektih, ki zahtevajo temeljna dela ali podzemne instalacije.<\/p>\n<h3>Nakladalci<\/h3>\n<p>Pri \u010delnih nakladalnikih cilindri roke pomagajo pri dvigovanju in razkladanju blaga. Zaradi njihovega hitrega odziva in zmogljivih dvi\u017enih zmogljivosti so bistveni za ravnanje z materiali v gradbeni\u0161tvu in urejanju okolice.<\/p>\n<h2>Oblikovalski vidiki in izbirna merila<\/h2>\n<h3>Nosilnost<\/h3>\n<p>Eden glavnih dejavnikov pri na\u010drtovanju cilindra roke je njegova nosilnost. Ta dolo\u010da najve\u010djo te\u017eo, ki jo lahko varno prenese med delovanjem. In\u017eenirji morajo zagotoviti, da materiali in konstrukcija cilindra podpirajo predvideno obremenitev, da prepre\u010dijo okvaro.<\/p>\n<h3>U\u010dinkovitost tesnjenja<\/h3>\n<p>U\u010dinkovito tesnjenje je klju\u010dnega pomena za prepre\u010devanje pu\u0161\u010danja hidravli\u010dne teko\u010dine, kar lahko povzro\u010di padec zmogljivosti in pove\u010dane stro\u0161ke vzdr\u017eevanja. Izbira visokokakovostnih tesnil je bistvena za ohranjanje celovitosti hidravli\u010dnega sistema.<\/p>\n<h3>Vzdr\u017eljivost<\/h3>\n<p>Vzdr\u017eljivost je klju\u010dni dejavnik pri zasnovi cilindrov roke. Morali bi biti sposobni prenesti te\u017eke delovne pogoje, vklju\u010dno z izpostavljenostjo ekstremnim temperaturam, umazaniji in drugim okoljskim dejavnikom. To se obi\u010dajno dose\u017ee z uporabo naprednih materialov in za\u0161\u010ditnih premazov.<\/p>\n<h3>Varnostne funkcije<\/h3>\n<p>Vklju\u010ditev varnostnih elementov v zasnovo cilindrov roke je klju\u010dnega pomena. To vklju\u010duje sisteme za za\u0161\u010dito pred preobremenitvijo za prepre\u010devanje nesre\u010d in okvar. Za varnost uporabnika je bistveno tudi zagotavljanje, da cilinder izpolnjuje mednarodne varnostne standarde.<\/p>\n<h3>Vzdr\u017eevanje<\/h3>\n<p>Zasnova za vzdr\u017eevanje vklju\u010duje zagotavljanje enostavnega servisiranja in popravila cilindra. To vklju\u010duje upo\u0161tevanje dostopnosti komponent in uporabo standardnih delov za la\u017eja popravila.<\/p>\n<p><img decoding=\"async\" src=\"https:\/\/www.hydraulic-cylinders.net\/wp-content\/uploads\/2025\/04\/songte-oil-pipes-and-spare-parts.webp\" alt=\"Deli hidravli\u010dnega cilindra\" \/><\/p>\n<h2>Tesnjenje in mazanje<\/h2>\n<p>Pravilno tesnjenje in mazanje sta klju\u010dnega pomena za delovanje cilindrov roke. Za prepre\u010devanje pu\u0161\u010danja teko\u010dine in kontaminacije se uporabljajo razli\u010dne tesnilne komponente, kot so tesnila bata in ojnice. Izbira trpe\u017enih materialov, kot sta poliuretan in nitrilna guma, za tesnila pove\u010da njihovo odpornost proti obrabi.<\/p>\n<p>Telo valja in navojne kon\u010dne povr\u0161ine morajo biti skrbno obdelane, da se izbolj\u0161a odpornost proti obrabi. Redno mazanje s hidravli\u010dnim oljem zagotavlja nemoteno delovanje in podalj\u0161uje \u017eivljenjsko dobo valja. Za ohranjanje optimalne zmogljivosti je bistveno spremljati nivo olja in ga po potrebi dolivati.<\/p>\n<h2>Preventivni vzdr\u017eevalni ukrepi<\/h2>\n<ul>\n<li><strong>Redni pregledi:<\/strong> Redno preverjajte hidravli\u010dni sistem, da odkrijete morebitne znake obrabe ali po\u0161kodb. To pomaga pri zgodnjem odkrivanju morebitnih te\u017eav.<\/li>\n<li><strong>Ustrezno mazanje:<\/strong> Za ohranitev delovanja cilindra zagotovite ustrezno koli\u010dino hidravli\u010dnega olja in mazanje v priporo\u010denih intervalih.<\/li>\n<li><strong>Zamenjava tesnila:<\/strong> Spremljajte stanje tesnil in jih po potrebi zamenjajte, da prepre\u010dite pu\u0161\u010danje in ohranite tlak v sistemu.<\/li>\n<\/ul>\n<h2>Navodila za namestitev<\/h2>\n<p>Pravilna namestitev cilindra roke je klju\u010dnega pomena za njegovo delovanje in dolgo \u017eivljenjsko dobo. Za pravilno namestitev sledite tem korakom:<\/p>\n<ol>\n<li><strong>Poravnava:<\/strong> Prepri\u010dajte se, da je valj pravilno poravnan z monta\u017enimi nosilci, da prepre\u010dite neenakomerno obremenitev med delovanjem.<\/li>\n<li><strong>Uporabite ustrezne monta\u017ene nosilce:<\/strong> Jeklenko pritrdite z ustreznimi nosilci, ki lahko prenesejo sile, ki delujejo med delovanjem.<\/li>\n<li><strong>Privijte pritrdilne elemente:<\/strong> Prepri\u010dajte se, da so vsi vijaki in pritrdilni elementi priviti v skladu s specifikacijami proizvajalca, da se med delovanjem ne bi zrahljali.<\/li>\n<li><strong>Preverite hidravli\u010dne priklju\u010dke:<\/strong> Pred priklju\u010ditvijo na hidravli\u010dni sistem preverite hidravli\u010dne cevi glede morebitnih pu\u0161\u010danj ali po\u0161kodb.<\/li>\n<li><strong>Preverjanje funkcionalnosti:<\/strong> Po namestitvi preizkusite delovanje cilindra roke, da se prepri\u010date, da deluje gladko in brez te\u017eav.<\/li>\n<\/ol>\n<p><img decoding=\"async\" src=\"https:\/\/www.hydraulic-cylinders.net\/wp-content\/uploads\/2025\/04\/songte-chushion-collar.webp\" alt=\"Blazinasti ovratnik za valj roke\" \/><\/p>\n<h2>Varnostni vidiki in okoljski dejavniki<\/h2>\n<p>Pri rokovanju z cilindri roke so varnostni ukrepi bistveni za prepre\u010devanje nesre\u010d in zagotavljanje varnosti upravljavca. Ustrezno usposabljanje upravljavcev za uporabo hidravli\u010dnih strojev je klju\u010dnega pomena, prav tako pa tudi upo\u0161tevanje varnostnih protokolov med delovanjem. Poleg tega je treba med delovanjem in vzdr\u017eevanjem hidravli\u010dnih sistemov upo\u0161tevati okoljske dejavnike, kot sta odlaganje teko\u010din in hrup.<\/p>\n<h2>Odpravljanje pogostih te\u017eav<\/h2>\n<ul>\n<li><strong>Pu\u0161\u010danje hidravli\u010dne teko\u010dine:<\/strong> To lahko ka\u017ee na obrabljena tesnila ali po\u0161kodovane cevi. Preverite in po potrebi zamenjajte okvarjene komponente.<\/li>\n<li><strong>Po\u010dasno gibanje valja:<\/strong> To je lahko posledica nizke ravni hidravli\u010dne teko\u010dine ali onesna\u017eenja. Preverite teko\u010dino in jo po potrebi zamenjajte.<\/li>\n<li><strong>Nenavadni zvoki med delovanjem:<\/strong> \u0160kripajo\u010di ali sikajo\u010di zvoki lahko ka\u017eejo na te\u017eave s hidravli\u010dno \u010drpalko ali notranjimi komponentami. Potreben je temeljit pregled.<\/li>\n<\/ul>\n<h2>Diagnoza napak in preventivni ukrepi<\/h2>\n<p>Za u\u010dinkovito diagnosticiranje napak sledite tem korakom:<\/p>\n<ul>\n<li><strong>Prepoznajte simptome:<\/strong> Opazujte simptome, ki jih prikazuje oprema, kar lahko vodi pri diagnosticiranju.<\/li>\n<li><strong>Izvedite vizualne preglede:<\/strong> Redno pregledujte hidravli\u010dne cevi, tesnila in priklju\u010dke glede obrabe in po\u0161kodb.<\/li>\n<li><strong>Izvajajte preventivne ukrepe:<\/strong> Vzpostavite urnik rednega vzdr\u017eevanja, da zmanj\u0161ate morebitne te\u017eave in podalj\u0161ate \u017eivljenjsko dobo jeklenke.<\/li>\n<\/ul>\n<p><img decoding=\"async\" src=\"https:\/\/www.hydraulic-cylinders.net\/wp-content\/uploads\/2025\/04\/songte-bushings-with-all-kinds-of-excavator-models.webp\" alt=\"Pu\u0161e za valj roke\" \/><\/p>\n<h2>Pregled podjetja<\/h2>\n<p>Smo vodilni proizvajalec alternativnih hidravli\u010dnih cilindrov, ki ponuja \u0161iroko paleto izdelkov tako za doma\u010di kot mednarodni trg. Na\u0161a zavezanost odli\u010dnosti se odra\u017ea v na\u0161ih strategijah upravljanja industrijske proizvodnje, zaposlovanju usposobljenih tehnikov, napredni digitalni proizvodni opremi in profesionalnih sistemih testiranja. Nenehno izbolj\u0161ujemo na\u0161o proizvodno platformo in kakovost izdelkov, s \u010dimer zagotavljamo, da z visoko u\u010dinkovitostjo, natan\u010dnostjo in kakovostjo izpolnjujemo raznolike potrebe strank.<\/p>\n<h3>Na\u0161e specialitete<\/h3>\n<ul>\n<li><strong>Strokovno znanje:<\/strong> Na\u0161a ekipa ima obse\u017eno znanje na podro\u010dju na\u010drtovanja in proizvodnje hidravli\u010dnih cilindrov, kar zagotavlja visokokakovostne izdelke.<\/li>\n<li><strong>Mednarodno certificiranje:<\/strong> Na\u0161i izdelki izpolnjujejo mednarodne standarde kakovosti, kar strankam zagotavlja zanesljivo delovanje.<\/li>\n<li><strong>Re\u0161itve po meri:<\/strong> Ponujamo prilagojene storitve, ki ustrezajo specifi\u010dnim zahtevam in zagotavljajo zadovoljstvo strank.<\/li>\n<li><strong>Sodobna oprema:<\/strong> Uporaba najsodobnej\u0161ih proizvodnih strojev zagotavlja natan\u010dnost in kakovost vsakega cilindra, ki ga izdelamo.<\/li>\n<li><strong>Poprodajna podpora:<\/strong> Na\u0161a namenska ekipa za podporo je na voljo za pomo\u010d strankam pri namestitvi, vzdr\u017eevanju in vseh morebitnih vpra\u0161anjih.<\/li>\n<\/ul>\n<p><img decoding=\"async\" src=\"https:\/\/www.hydraulic-cylinders.net\/wp-content\/uploads\/2025\/04\/songte-company-4.webp\" alt=\"Izdelava hidravli\u010dnih cilindrov\" \/><br \/>\n<img decoding=\"async\" src=\"https:\/\/www.hydraulic-cylinders.net\/wp-content\/uploads\/2025\/04\/songte-company-3.webp\" alt=\"Prostori podjetja\" \/><\/p>\n<p>Avtor: lyl<\/p>","protected":false},"excerpt":{"rendered":"<p>Boom Cylinder For Caterpillar Middle Excavator E320DZ\/BL Introduction to Boom Cylinders The Boom Cylinder is a critical component in hydraulic systems, specifically designed for controlling the movement of excavator buckets in heavy machinery such as excavators, backhoe loaders, and front-end loaders. These hydraulic cylinders enable the bucket to lift, lower, and tilt, facilitating efficient material [&hellip;]<\/p>","protected":false},"featured_media":17881,"comment_status":"open","ping_status":"closed","template":"","meta":{"_et_pb_use_builder":"","_et_pb_old_content":"","_et_gb_content_width":""},"product_brand":[],"product_cat":[1546],"product_tag":[1547,1496],"class_list":{"0":"post-18954","1":"product","2":"type-product","3":"status-publish","4":"has-post-thumbnail","6":"product_cat-boom-cylinders","7":"product_tag-boom-cylinders","8":"product_tag-hydraulic-cylinders","10":"first","11":"instock","12":"shipping-taxable","13":"product-type-simple"},"amp_enabled":true,"_links":{"self":[{"href":"https:\/\/www.hydraulic-cylinders.net\/sl\/wp-json\/wp\/v2\/product\/18954","targetHints":{"allow":["GET"]}}],"collection":[{"href":"https:\/\/www.hydraulic-cylinders.net\/sl\/wp-json\/wp\/v2\/product"}],"about":[{"href":"https:\/\/www.hydraulic-cylinders.net\/sl\/wp-json\/wp\/v2\/types\/product"}],"replies":[{"embeddable":true,"href":"https:\/\/www.hydraulic-cylinders.net\/sl\/wp-json\/wp\/v2\/comments?post=18954"}],"wp:featuredmedia":[{"embeddable":true,"href":"https:\/\/www.hydraulic-cylinders.net\/sl\/wp-json\/wp\/v2\/media\/17881"}],"wp:attachment":[{"href":"https:\/\/www.hydraulic-cylinders.net\/sl\/wp-json\/wp\/v2\/media?parent=18954"}],"wp:term":[{"taxonomy":"product_brand","embeddable":true,"href":"https:\/\/www.hydraulic-cylinders.net\/sl\/wp-json\/wp\/v2\/product_brand?post=18954"},{"taxonomy":"product_cat","embeddable":true,"href":"https:\/\/www.hydraulic-cylinders.net\/sl\/wp-json\/wp\/v2\/product_cat?post=18954"},{"taxonomy":"product_tag","embeddable":true,"href":"https:\/\/www.hydraulic-cylinders.net\/sl\/wp-json\/wp\/v2\/product_tag?post=18954"}],"curies":[{"name":"delovni list","href":"https:\/\/api.w.org\/{rel}","templated":true}]}}