{"id":1896,"date":"2023-10-19T06:24:49","date_gmt":"2023-10-19T06:24:49","guid":{"rendered":"https:\/\/hydraulic-cylinders.net\/?post_type=product&#038;p=1896"},"modified":"2025-04-11T02:51:56","modified_gmt":"2025-04-11T02:51:56","slug":"open-tbm-thrust-cylinder","status":"publish","type":"product","link":"https:\/\/www.hydraulic-cylinders.net\/sl\/izdelek\/open-tbm-thrust-cylinder\/","title":{"rendered":"Odprti potisni valj TBM"},"content":{"rendered":"<h1 style=\"text-align: center;\"><strong>Odprti potisni valj TBM<\/strong><\/h1>\n<p><img loading=\"lazy\" decoding=\"async\" class=\"aligncenter wp-image-1897\" src=\"https:\/\/hydraulic-cylinders.net\/wp-content\/uploads\/2023\/10\/thrust-cylinder-1-2-300x300.webp\" alt=\"\" width=\"400\" height=\"400\" \/><\/p>\n<p>Odprti potisni cilinder TBM je najsodobnej\u0161a hidravli\u010dna komponenta, zasnovana za optimizacijo mo\u010di in u\u010dinkovitosti vrtalnih strojev za predore (TBMS). Ta specializirani cilinder igra klju\u010dno vlogo pri zagotavljanju potrebne potisne sile za premikanje TBM-ja naprej med izkopavanjem. V tem informativnem \u010dlanku se bomo poglobili v klju\u010dne zna\u010dilnosti, na\u010dine uporabe in smernice za vzdr\u017eevanje odprtega potisnega cilindra TBM.<\/p>\n<p>Odprti potisni valj tbm je mo\u010dna hidravli\u010dna komponenta, ki pove\u010duje u\u010dinkovitost in produktivnost vrtanja predorov. Z robustno potisno silo, natan\u010dnim krmiljenjem, vzdr\u017eljivostjo in varnostnimi funkcijami ta valj zagotavlja gladko in zanesljivo gibanje tbm naprej. Z upo\u0161tevanjem priporo\u010denih metod uporabe in rednih vzdr\u017eevalnih praks bo odprti potisni valj tbm \u0161e naprej zagotavljal izjemno zmogljivost in prispeval k uspehu projektov vrtanja predorov. Izbolj\u0161ajte svoje vrtanje predorov z mo\u010djo in u\u010dinkovitostjo, ki jo ponuja odprti potisni valj tbm.<\/p>\n<p>Klju\u010dne zna\u010dilnosti odprtega potisnega cilindra TBM:<\/p>\n<ol>\n<li>Robustna potisna sila: Odprti potisni valj tbm zagotavlja robustno potisno silo, ki omogo\u010da tbm-u premagovanje zahtevnih geolo\u0161kih formacij. Z visoko nosilnostjo in natan\u010dno in\u017eenirsko izdelavo ta valj zagotavlja u\u010dinkovito in zanesljivo gibanje naprej, kar skraj\u0161a \u010dasovne okvire projekta in pove\u010da produktivnost.<\/li>\n<li>Natan\u010den nadzor: Ta valj, opremljen z naprednimi hidravli\u010dnimi sistemi, ponuja natan\u010den nadzor nad potisno silo, ki jo izvaja bager za izkopavanje (TBM). Operaterji lahko prilagajajo izteg in vle\u010denje valja za natan\u010dno nastavitev napredovanja bagerja za izkopavanje, kar zagotavlja optimalno hitrost in natan\u010dnost izkopavanja.<\/li>\n<li>Izbolj\u0161ana vzdr\u017eljivost: Odprti potisni valj tbm, izdelan iz visokokakovostnih materialov, je zasnovan tako, da prenese zahtevne pogoje, s katerimi se sre\u010dujemo pri vrtanju predorov. Prenese lahko visoke tlake, udarce in vibracije, kar zagotavlja dolgotrajno vzdr\u017eljivost, zmanj\u0161uje izpade in stro\u0161ke vzdr\u017eevanja.<\/li>\n<li>Varnostne funkcije: Odprti potisni valj tbm ima varnostne funkcije, kot sta za\u0161\u010dita pred preobremenitvijo in mehanizmi za zaustavitev v sili. Te funkcije pomagajo prepre\u010diti prekomerne sile na valj, kar zagotavlja varnost upravljavcev tbm in zmanj\u0161uje tveganje po\u0161kodb opreme.<\/li>\n<\/ol>\n<h2><strong>Parameter odprtega potisnega cilindra TBM:<\/strong><\/h2>\n<table border=\"1\" cellspacing=\"0\" cellpadding=\"0\">\n<tbody>\n<tr>\n<td>Ime izdelka<\/td>\n<td>Potisni valj odprtega vrtalnega stroja za predore<\/td>\n<\/tr>\n<tr>\n<td>Zna\u010dilnosti:<\/td>\n<td>Zagotovite potisk stroja za vrtanje predorov naprej pri vrtanju predorov<\/td>\n<\/tr>\n<tr>\n<td>Premer izvrtine:<\/td>\n<td>300 mm\uff5e600 mm<\/td>\n<\/tr>\n<tr>\n<td>Premer palice:<\/td>\n<td>200 mm\uff5e400 mm<br \/>\nHod 1100 mm\uff5e2050 mm<\/td>\n<\/tr>\n<tr>\n<td>Tlak:<\/td>\n<td>do 35 MPa<\/td>\n<\/tr>\n<tr>\n<td>Uporaba:<\/td>\n<td>Odprti vrtalni stroj za predore<\/td>\n<\/tr>\n<\/tbody>\n<\/table>\n<h2><strong>Odprta uporaba cilindra TBM:<\/strong><\/h2>\n<p><img loading=\"lazy\" decoding=\"async\" class=\"alignnone wp-image-1899 size-full\" src=\"https:\/\/hydraulic-cylinders.net\/wp-content\/uploads\/2023\/10\/open-tbm-cylinder-1.webp\" alt=\"\" width=\"709\" height=\"473\" srcset=\"https:\/\/hydraulic-cylinders.net\/wp-content\/uploads\/2023\/10\/open-tbm-cylinder-1.webp 709w, https:\/\/hydraulic-cylinders.net\/wp-content\/uploads\/2023\/10\/open-tbm-cylinder-1-480x320.webp 480w\" sizes=\"(min-width: 0px) and (max-width: 480px) 480px, (min-width: 481px) 709px, 100vw\" \/><\/p>\n<h2><strong>Metoda uporabe odprtega potisnega cilindra TBM<\/strong><strong>:<\/strong><\/h2>\n<ol>\n<li><strong>Namestitev cilindra:<\/strong>\u00a0 Namestite odprt potisni valj tbm v skladu z navodili proizvajalca. Za zagotovitev pravilne poravnave in varne pritrditve na konstrukcijo tbm uporabite ustrezne monta\u017ene nosilce ali dodatke.<\/li>\n<li><strong>Integracija hidravli\u010dnega sistema:<\/strong>\u00a0 Priklju\u010dite jeklenko na hidravli\u010dni sistem TBM z uporabo zdru\u017eljivih cevi in \u200b\u200bspojk. Preverite, ali so vse povezave varne, netesne in ustrezno zategnjene, da ohranite optimalno hidravli\u010dno delovanje.<\/li>\n<li><strong>Nastavitev potisne sile:<\/strong>\u00a0 Seznanite se s krmilnimi elementi, specifi\u010dnimi za odprti potisni valj TBM. S temi krmilnimi elementi prilagodite izteg in vle\u010denje valja, kar omogo\u010da natan\u010den nadzor nad potisno silo, ki jo izvaja TBM. Potisno silo prilagodite geolo\u0161kim razmeram in \u017eeleni hitrosti izkopavanja.<\/li>\n<li><strong>Varnostni ukrepi:<\/strong>\u00a0 Upo\u0161tevajte vse varnostne protokole in smernice proizvajalca TBM. Zagotovite, da so upravljavci usposobljeni za varno upravljanje TBM in odprtega potisnega cilindra TBM. Redno pregledujte varnostne mehanizme in izvajajte vzdr\u017eevanje po priporo\u010dilih, da zagotovite njihovo pravilno delovanje.<\/li>\n<\/ol>\n<h2><strong>Kako odzra\u010diti hidravli\u010dni cilinder za cepilnik drv?<\/strong><\/h2>\n<p>Odzra\u010devanje hidravli\u010dnega cilindra v cepilniku drv je klju\u010dnega pomena za ohranjanje optimalne zmogljivosti in odpravljanje te\u017eav, kot sta po\u010dasno ali \u0161ibko delovanje. Za odzra\u010devanje hidravli\u010dnega cilindra v cepilniku drv sledite tem korakom:<\/p>\n<ol>\n<li><strong>Varnost na prvem mestu:<\/strong> Preden za\u010dnete s kakr\u0161nimi koli vzdr\u017eevalnimi deli, se prepri\u010dajte, da je cepilnik drv izklopljen, motor ohlajen in hidravli\u010dni sistem brez tlaka. Prav tako si nadenite ustrezno osebno za\u0161\u010ditno opremo (OZO), kot so rokavice in za\u0161\u010ditna o\u010dala.<\/li>\n<li><strong>Poi\u0161\u010dite odzra\u010devalni ventil:<\/strong> Poi\u0161\u010dite odzra\u010devalni ventil na hidravli\u010dnem cilindru. Obi\u010dajno je to majhen vijak ali ventil, name\u0161\u010den na ohi\u0161ju cilindra ali v bli\u017eini hidravli\u010dnih priklju\u010dkov.<\/li>\n<li><strong>Pozicioniranje:<\/strong> Cepilnik drv postavite v stabilen in raven polo\u017eaj, da zagotovite varno in u\u010dinkovito odzra\u010devanje hidravli\u010dnega cilindra. Prepri\u010dajte se, da je odzra\u010devalni ventil dostopen.<\/li>\n<li><strong>Priprava posode za zbiranje:<\/strong> Pod odzra\u010devalni ventil postavite primerno posodo, da ujamete morebitno hidravli\u010dno teko\u010dino, ki bi lahko iztekla med postopkom odzra\u010devanja.<\/li>\n<li><strong>Odprite odzra\u010devalni ventil:<\/strong> Z ustreznim klju\u010dem ali orodjem previdno odprite odzra\u010devalni ventil tako, da ga obrnete v nasprotni smeri urinega kazalca. Tako boste lahko izpustili zrak in ujeto teko\u010dino.<\/li>\n<li><strong>Za\u017eenite motor:<\/strong> Za\u017eenite motor cepilnika drv in ga pustite delovati v prostem teku. S tem boste aktivirali hidravli\u010dno \u010drpalko, ki bo omogo\u010dila pretok teko\u010dine skozi sistem.<\/li>\n<li><strong>Upravljanje krmilne ro\u010dice:<\/strong> Vklopite krmilno ro\u010dico ali vzvod, ki aktivira hidravli\u010dni cilinder. Premaknite krmilno ro\u010dico v iztegnjen ali uvle\u010den polo\u017eaj, odvisno od \u017eelenega dejanja. To bo pomagalo ustvariti hidravli\u010dni tlak in iztisniti morebitni ujeti zrak iz cilindra.<\/li>\n<li><strong>Opazujte pretok teko\u010dine:<\/strong> Opazujte pretok teko\u010dine iz odzra\u010devalnega ventila. Sprva so lahko prisotni zra\u010dni mehur\u010dki, vendar se mora med odzra\u010devanjem teko\u010dina zgostiti in ne bo vsebovati zraka. Pustite, da teko\u010dina nekaj \u010dasa te\u010de, da se zagotovi iztisnitev vsega zraka.<\/li>\n<li><strong>Zaprite odzra\u010devalni ventil:<\/strong> Ko teko\u010dina te\u010de gladko brez zra\u010dnih mehur\u010dkov, zaprite odzra\u010devalni ventil tako, da ga obrnete v smeri urinega kazalca. Pazite, da ga ne zategnete preve\u010d.<\/li>\n<li><strong>Preverite nivo teko\u010dine:<\/strong> Preverite nivo hidravli\u010dne teko\u010dine v rezervoarju. Po potrebi dolijte priporo\u010deno hidravli\u010dno teko\u010dino, da ohranite pravilno raven. Za pravilno vrsto in specifikacije hidravli\u010dne teko\u010dine glejte priro\u010dnik za cepilnik drv.<\/li>\n<li><strong>Preizkusno delovanje:<\/strong> Ko je hidravli\u010dni valj odzra\u010den in nivo teko\u010dine preverjen, preizkusite delovanje cepilnika drv. Vklopite krmilno ro\u010dico in opazujte delovanje cilindra. Delovati mora gladko in zagotavljati zadostno silo za cepljenje hlodov.<\/li>\n<li><strong>Po potrebi ponovite:<\/strong> V nekaterih primerih lahko trdovratni zra\u010dni \u017eepi zahtevajo ve\u010d ciklov odzra\u010devanja. Postopek odzra\u010devanja ponovite, \u010de v sistemu \u0161e vedno opazite zrak ali \u010de delovanje sistema ni dobro.<\/li>\n<\/ol>\n<h2><strong>Zmogljivost in zmogljivost tovarne:<\/strong><\/h2>\n<h3>(1) Sestavljanje<\/h3>\n<p>Imamo prvovrstno neodvisno platformo za raziskave in razvoj. Delavnica za proizvodnjo hidravli\u010dnih cilindrov ima \u0161tiri polavtomatske monta\u017ene linije za dvi\u017ene cilindre in eno avtomatsko monta\u017eno linijo za nagibne cilindre z letno proizvodno zmogljivostjo 1 milijona kosov. Delavnica za posebne cilindre je opremljena z razli\u010dnimi specifikacijami polavtomatskega sistema za \u010di\u0161\u010denje in monta\u017eo z letno proizvodno zmogljivostjo 200.000 kosov ter znano CNC obdelovalno opremo, obdelovalnim centrom, visoko precizno posebno opremo za obdelavo cilindrov, robotskim varilnim strojem, avtomatskim \u010distilnim strojem, avtomatskim strojem za monta\u017eo cilindrov in avtomatsko proizvodno linijo za barvanje. Obstoje\u010da kriti\u010dna oprema obsega ve\u010d kot 300 kompletov (kompletov). Optimalna razporeditev in u\u010dinkovita uporaba opremnih virov zagotavljata zahteve glede natan\u010dnosti izdelkov in izpolnjujeta visoke zahteve glede kakovosti izdelkov.<\/p>\n<p><img loading=\"lazy\" decoding=\"async\" class=\"alignnone wp-image-626\" src=\"https:\/\/hydraulic-cylinders.net\/wp-content\/uploads\/2023\/08\/hydraulic-cylinder-product-1-300x158.webp\" alt=\"\" width=\"495\" height=\"260\" srcset=\"https:\/\/hydraulic-cylinders.net\/wp-content\/uploads\/2023\/08\/hydraulic-cylinder-product-1-300x158.webp 495w, https:\/\/hydraulic-cylinders.net\/wp-content\/uploads\/2023\/08\/hydraulic-cylinder-product-1-480x252.webp 480w\" sizes=\"(min-width: 0px) and (max-width: 480px) 480px, (min-width: 481px) 495px, 100vw\" \/> <img loading=\"lazy\" decoding=\"async\" class=\"alignnone wp-image-627\" src=\"https:\/\/hydraulic-cylinders.net\/wp-content\/uploads\/2023\/08\/hydraulic-cylinder-product-2-300x189.webp\" alt=\"\" width=\"413\" height=\"260\" \/><\/p>\n<h3>(2) Strojna obdelava<\/h3>\n<p>Strojna delavnica je opremljena s prilagojenim centrom za stru\u017eenje nagnjenih tirnic, obdelovalnim centrom, visokohitrostnim strojem za honanje, varilnim robotom in drugo sorodno opremo, ki lahko obdeluje cilindri\u010dne cevi z najve\u010djim notranjim premerom 400 mm in najve\u010djo dol\u017eino 6 metrov.<\/p>\n<p><img loading=\"lazy\" decoding=\"async\" class=\"alignnone wp-image-628 size-large\" src=\"https:\/\/hydraulic-cylinders.net\/wp-content\/uploads\/2023\/08\/hydraulic-cylinder-product-3-1024x391.webp\" alt=\"\" width=\"1024\" height=\"391\" srcset=\"https:\/\/hydraulic-cylinders.net\/wp-content\/uploads\/2023\/08\/hydraulic-cylinder-product-3-980x374.webp 980w, https:\/\/hydraulic-cylinders.net\/wp-content\/uploads\/2023\/08\/hydraulic-cylinder-product-3-480x183.webp 480w\" sizes=\"(min-width: 0px) and (max-width: 480px) 480px, (min-width: 481px) and (max-width: 980px) 980px, (min-width: 981px) 1024px, 100vw\" \/><\/p>\n<h3>(3) Varjenje<\/h3>\n<p><img loading=\"lazy\" decoding=\"async\" class=\"alignnone wp-image-629 size-large\" src=\"https:\/\/hydraulic-cylinders.net\/wp-content\/uploads\/2023\/08\/hydraulic-cylinder-product-4-1024x510.webp\" alt=\"\" width=\"1024\" height=\"510\" srcset=\"https:\/\/hydraulic-cylinders.net\/wp-content\/uploads\/2023\/08\/hydraulic-cylinder-product-4-980x488.webp 980w, https:\/\/hydraulic-cylinders.net\/wp-content\/uploads\/2023\/08\/hydraulic-cylinder-product-4-480x239.webp 480w\" sizes=\"(min-width: 0px) and (max-width: 480px) 480px, (min-width: 481px) and (max-width: 980px) 980px, (min-width: 981px) 1024px, 100vw\" \/><\/p>\n<h3>(4) Barvanje in premazovanje<\/h3>\n<p>Z majhnimi in srednje velikimi cilindri\u010dnimi avtomatskimi linijami za barvanje na vodni osnovi, za doseganje avtomatskega nakladanja in razkladanja robotov ter avtomatskega brizganja, je projektna zmogljivost 4000 kosov na izmeno;<br \/>\nImamo tudi polavtomatsko linijo za proizvodnjo barv za velike jeklenke, ki jo poganja veriga, s projektno zmogljivostjo 60 zabojev na izmeno.<\/p>\n<p><img loading=\"lazy\" decoding=\"async\" class=\"alignnone wp-image-630\" src=\"https:\/\/hydraulic-cylinders.net\/wp-content\/uploads\/2023\/08\/hydraulic-cylinder-product-5-300x213.webp\" alt=\"\" width=\"366\" height=\"260\" \/> <img loading=\"lazy\" decoding=\"async\" class=\"alignnone wp-image-631\" src=\"https:\/\/hydraulic-cylinders.net\/wp-content\/uploads\/2023\/08\/hydraulic-cylinder-product-6-300x225.webp\" alt=\"\" width=\"347\" height=\"260\" \/><\/p>\n<h3>(5) Testiranje<\/h3>\n<p>Imamo prvovrstne in\u0161pekcijske prostore in testne postaje, s katerimi zagotavljamo, da delovanje jeklenke izpolnjuje zahteve.<\/p>\n<p><img loading=\"lazy\" decoding=\"async\" class=\"alignnone wp-image-632\" src=\"https:\/\/hydraulic-cylinders.net\/wp-content\/uploads\/2023\/08\/hydraulic-cylinder-product-8-300x200.webp\" alt=\"\" width=\"389\" height=\"260\" \/><\/p>\n<p>&nbsp;<\/p>\n<p>&nbsp;<\/p>\n<p>Smo eden najbolj\u0161ih proizvajalcev hidravli\u010dnih cilindrov. Ponujamo vam celovite hidravli\u010dne cilindre. Zagotavljamo tudi ustrezne <a href=\"https:\/\/hzpt.com\/agricultural-pto-gearbox\/\" target=\"_blank\" rel=\"noopener\">kmetijski menjalniki<\/a>Na\u0161e izdelke smo izvozili strankam po vsem svetu in si prislu\u017eili dober ugled zaradi vrhunske kakovosti izdelkov in poprodajnih storitev. Z veseljem vas vabimo, da nas kontaktirate za poslovne dogovore, izmenjavo informacij in ... <a href=\"https:\/\/www.hydraulic-cylinders.net\/sl\/contact-us\/\">sodelujte z nami<\/a>!<\/p>\n<p>&nbsp;<\/p>","protected":false},"excerpt":{"rendered":"<p>Open TBM Thrust Cylinder The open tbm thrust cylinder is a cutting-edge hydraulic component designed to optimize the power and efficiency of tunnel boring machines (tbms). This specialized cylinder plays a vital role in providing the necessary thrust force for the tbm&#8217;s forward movement during excavation. In this informative article, we will delve into the [&hellip;]<\/p>","protected":false},"featured_media":1898,"comment_status":"open","ping_status":"closed","template":"","meta":{"_et_pb_use_builder":"","_et_pb_old_content":"","_et_gb_content_width":""},"product_brand":[],"product_cat":[1519,1549],"product_tag":[1380],"class_list":{"0":"post-1896","1":"product","2":"type-product","3":"status-publish","4":"has-post-thumbnail","6":"product_cat-shield-machine-hydraulic-cylinders","7":"product_cat-single-acting-hydraulic-cylinder","8":"product_tag-hydraulic-cylinder","10":"first","11":"instock","12":"shipping-taxable","13":"product-type-simple"},"amp_enabled":true,"_links":{"self":[{"href":"https:\/\/www.hydraulic-cylinders.net\/sl\/wp-json\/wp\/v2\/product\/1896","targetHints":{"allow":["GET"]}}],"collection":[{"href":"https:\/\/www.hydraulic-cylinders.net\/sl\/wp-json\/wp\/v2\/product"}],"about":[{"href":"https:\/\/www.hydraulic-cylinders.net\/sl\/wp-json\/wp\/v2\/types\/product"}],"replies":[{"embeddable":true,"href":"https:\/\/www.hydraulic-cylinders.net\/sl\/wp-json\/wp\/v2\/comments?post=1896"}],"wp:featuredmedia":[{"embeddable":true,"href":"https:\/\/www.hydraulic-cylinders.net\/sl\/wp-json\/wp\/v2\/media\/1898"}],"wp:attachment":[{"href":"https:\/\/www.hydraulic-cylinders.net\/sl\/wp-json\/wp\/v2\/media?parent=1896"}],"wp:term":[{"taxonomy":"product_brand","embeddable":true,"href":"https:\/\/www.hydraulic-cylinders.net\/sl\/wp-json\/wp\/v2\/product_brand?post=1896"},{"taxonomy":"product_cat","embeddable":true,"href":"https:\/\/www.hydraulic-cylinders.net\/sl\/wp-json\/wp\/v2\/product_cat?post=1896"},{"taxonomy":"product_tag","embeddable":true,"href":"https:\/\/www.hydraulic-cylinders.net\/sl\/wp-json\/wp\/v2\/product_tag?post=1896"}],"curies":[{"name":"delovni list","href":"https:\/\/api.w.org\/{rel}","templated":true}]}}