{"id":18963,"date":"2025-04-07T06:04:29","date_gmt":"2025-04-07T06:04:29","guid":{"rendered":"https:\/\/www.hydraulic-cylinders.net\/product\/boom-cylinder-for-caterpillar-large-excavator-e336dzgc\/"},"modified":"2025-04-07T06:04:31","modified_gmt":"2025-04-07T06:04:31","slug":"boom-cylinder-for-caterpillar-large-excavator-e336dzgc","status":"publish","type":"product","link":"https:\/\/www.hydraulic-cylinders.net\/sl\/izdelek\/boom-cylinder-for-caterpillar-large-excavator-e336dzgc\/","title":{"rendered":"Cilinder roke za velik bager Caterpillar E336DZGC"},"content":{"rendered":"<h1>Cilinder roke za velik bager Caterpillar E336DZGC<\/h1>\n<h2>Uvod v cilinder roke<\/h2>\n<p>Cilinder roke je klju\u010dna hidravli\u010dna komponenta, posebej zasnovana za te\u017eke stroje, kot so bagri. Ta cilinder igra bistveno vlogo pri nadzoru gibanja roke, kar omogo\u010da dvigovanje, spu\u0161\u010danje in nagibanje. Ta zmogljivost je klju\u010dnega pomena za razli\u010dna opravila ravnanja z materiali, saj zagotavlja u\u010dinkovitost in natan\u010dnost pri delovanju.<\/p>\n<p>Kot hidravli\u010dni valj, valj roke uporablja hidravli\u010dno teko\u010dino za ustvarjanje tlaka, kar omogo\u010da nemoteno delovanje priklju\u010dka. Njegova glavna funkcija je zagotavljanje potrebne sile za manevriranje roke, kar omogo\u010da priklju\u010dku opravljanje nalog, kot so kopanje, dvigovanje in prevoz materialov. Cilinder roke je izdelan tako, da prenese visok tlak in znatne obremenitve, zaradi \u010desar je nepogre\u0161ljiv sestavni del hidravli\u010dnih sistemov bagrov.<\/p>\n<p><img decoding=\"async\" src=\"https:\/\/www.hydraulic-cylinders.net\/wp-content\/uploads\/2025\/04\/songte-company-1.webp\" alt=\"Cilinder roke za bagre\"><\/p>\n<h2>Zna\u010dilnosti cilindra roke<\/h2>\n<ul>\n<li><strong>Visoka trdnost in vzdr\u017eljivost:<\/strong> Cilinder roke je izdelan iz visoko trdnega jekla ali aluminija in lahko prenese visok tlak in velike obremenitve, zaradi \u010desar je primeren za zahtevna delovna okolja. Njegova zasnova vklju\u010duje odpornost proti obrabi in koroziji, kar podalj\u0161a njegovo \u017eivljenjsko dobo.<\/li>\n<li><strong>U\u010dinkovito hidravli\u010dno delovanje:<\/strong> Cilinder uporablja hidravli\u010dni tlak olja za doseganje gladkega iztegovanja in vle\u010denja, se hitro odziva na operativne ukaze in zagotavlja mo\u010dne potisne in vle\u010dne zmogljivosti, idealne za te\u017eka in kompleksna opravila.<\/li>\n<li><strong>Razli\u010dne vrste:<\/strong> Na voljo je v enosmerno delujo\u010di (hidravli\u010dno delovanje v eni smeri) ali dvosmerno delujo\u010di (hidravli\u010dno delovanje v obeh smereh) izvedbi, ki omogo\u010da razli\u010dne operativne zahteve. Nekateri modeli imajo tudi teleskopsko zasnovo za dalj\u0161i doseg brez pove\u010danja zunanjih dimenzij, kar je idealno za uporabo v omejenem prostoru.<\/li>\n<li><strong>Prilagodljive re\u0161itve:<\/strong> Ta izdelek izdelujemo natan\u010dno, kar zagotavlja, da lahko na\u0161i hidravli\u010dni cilindri popolnoma nadomestijo obstoje\u010de modele, prilagojene specifi\u010dnim potrebam in specifikacijam.<\/li>\n<\/ul>\n<p><img decoding=\"async\" src=\"https:\/\/www.hydraulic-cylinders.net\/wp-content\/uploads\/2025\/04\/songte-cylinder-head-with-all-kinds-excavator-models.webp\" alt=\"Modeli bagrov z cilindrom roke\"><\/p>\n<h2>Uporaba cilindra roke<\/h2>\n<h3>Gradbena oprema<\/h3>\n<p>Pri bagrih je cilinder roke klju\u010dnega pomena za kopanje, nakladanje in premikanje zemlje ali ru\u0161evin. Omogo\u010da roki, da u\u010dinkovito dose\u017ee in manipulira z materialom, kar zagotavlja potrebno silo in nadzor za razli\u010dna gradbena opravila. Pri bagrih nakladalnikih cilinder roke pomaga pri kopanju in dvigovanju, kar pove\u010duje splo\u0161no produktivnost na gradbi\u0161\u010dih.<\/p>\n<h3>Kmetijska mehanizacija<\/h3>\n<p>Pri \u010delnih nakladalnikih ima cilinder roke pomembno vlogo pri zajemanju, dvigovanju in prevozu zemlje, sena in drugih materialov. Kmetom omogo\u010da hitro in u\u010dinkovito opravljanje nalog, kar je bistveno za ohranjanje produktivnosti v kmetijskih dejavnostih.<\/p>\n<h3>Bagri<\/h3>\n<p>Zasnova cilindra roke omogo\u010da u\u010dinkovito prodiranje v zemljo, kar olaj\u0161a izkopavanja. Hidravli\u010dno delovanje zagotavlja, da lahko upravljavci izvajajo izkopavanja natan\u010dno, kar prispeva k splo\u0161ni u\u010dinkovitosti izkopavanja.<\/p>\n<h3>Nakladalci<\/h3>\n<p>Pri \u010delnih nakladalnikih cilinder roke u\u010dinkovito pomaga pri dvigovanju in razkladanju materialov. Zagotavlja potrebno mo\u010d za dvigovanje te\u017ekih bremen in zagotavlja nemoteno delovanje, kar izbolj\u0161a zmogljivost nakladalnika pri razli\u010dnih nalogah ravnanja z materiali.<\/p>\n<h2>Oblikovalski vidiki in izbirna merila<\/h2>\n<h3>Nosilnost<\/h3>\n<p>Pri izbiri cilindra roke je razumevanje njegove nosilnosti najpomembnej\u0161e. Cilinder mora biti sposoben prenesti najve\u010djo te\u017eo, s katero se bo soo\u010dil med delovanjem. To vklju\u010duje izra\u010dun te\u017ee materialov, ki se premikajo, in zagotovitev, da specifikacije cilindra presegajo te vrednosti. Dobro izbran cilinder roke bo pove\u010dal varnost in produktivnost na gradbi\u0161\u010du.<\/p>\n<h3>Tesnjenje in vzdr\u017eljivost<\/h3>\n<p>Tesnjenje je klju\u010dnega pomena v hidravli\u010dnih sistemih za prepre\u010devanje pu\u0161\u010danja teko\u010dine in vzdr\u017eevanje tlaka. Zasnova cilindra roke mora vklju\u010devati visokokakovostna tesnila, kot so tesnila bata in ojnice, izdelana iz trpe\u017enih materialov, kot sta poliuretan in nitrilna guma. Ti materiali zagotavljajo odli\u010dno odpornost proti obrabi, kar zagotavlja dolgo \u017eivljenjsko dobo in zanesljivost delovanja.<\/p>\n<h3>Varnostne funkcije<\/h3>\n<p>Varnost je klju\u010dni dejavnik pri na\u010drtovanju hidravli\u010dnih cilindrov. Funkcije, kot so tla\u010dni varnostni ventili in napredne tehnologije tesnjenja, pomagajo prepre\u010diti nesre\u010de in zagotoviti varno delovanje. Poleg tega se morajo in\u017eenirji pred uporabo osredoto\u010diti na celovite protokole testiranja, da bi potrdili varnost in vzdr\u017eljivost cilindrov.<\/p>\n<h3>Vzdr\u017eevanje in servisiranje<\/h3>\n<p>Zasnova cilindra roke za la\u017eje vzdr\u017eevanje lahko znatno podalj\u0161a njegovo \u017eivljenjsko dobo in izbolj\u0161a operativno u\u010dinkovitost. Funkcije, kot so dostopne servisne to\u010dke in modularne zasnove, omogo\u010dajo hitrej\u0161a popravila in zamenjave, kar zmanj\u0161uje \u010das izpada. Vzpostaviti je treba redne protokole vzdr\u017eevanja, da se zagotovi optimalno delovanje cilindrov skozi celotno njihovo \u017eivljenjsko dobo.<\/p>\n<p><img decoding=\"async\" src=\"https:\/\/www.hydraulic-cylinders.net\/wp-content\/uploads\/2025\/04\/songte-oil-pipes-and-spare-parts.webp\" alt=\"Komponente hidravli\u010dnega cilindra\"><\/p>\n<h2>Tesnjenje in mazanje<\/h2>\n<p>U\u010dinkovito tesnjenje in mazanje sta bistvenega pomena za delovanje cilindra roke. Za prepre\u010devanje pu\u0161\u010danja hidravli\u010dne teko\u010dine in ohranjanje u\u010dinkovitosti sistema so potrebne razli\u010dne tesnilne komponente, vklju\u010dno s tesnili bata in palice. Tesnila iz trpe\u017enih materialov, kot sta poliuretan in nitrilna guma, zagotavljajo odpornost proti obrabi in okoljskim dejavnikom ter tako zagotavljajo dolgo \u017eivljenjsko dobo.<\/p>\n<p>Telo valja in navojne kon\u010dne povr\u0161ine morajo biti natan\u010dno obdelane, da se pove\u010da odpornost proti obrabi in u\u010dinkovitost tesnjenja. Redno mazanje s hidravli\u010dnim oljem je klju\u010dnega pomena, saj ne le zmanj\u0161a trenje, temve\u010d tudi hladi komponente med delovanjem. Pravilni postopki mazanja bodo znatno podalj\u0161ali \u017eivljenjsko dobo valja roke in izbolj\u0161ali njegovo splo\u0161no delovanje.<\/p>\n<h2>Preventivni vzdr\u017eevalni ukrepi<\/h2>\n<ul>\n<li><strong>Redni pregledi:<\/strong> Redno pregledujte hidravli\u010dni sistem glede pu\u0161\u010danja, obrabe ali po\u0161kodb. To omogo\u010da zgodnje odkrivanje morebitnih te\u017eav, preden se razvijejo v resne te\u017eave.<\/li>\n<li><strong>Ustrezno mazanje:<\/strong> Zagotovite, da je valj roke ustrezno mazan v skladu s specifikacijami proizvajalca. Redno mazanje zmanj\u0161a obrabo in podalj\u0161a \u017eivljenjsko dobo valja.<\/li>\n<li><strong>Zamenjava tesnila:<\/strong> Spremljajte stanje tesnil in jih po potrebi zamenjajte. Obrabljena tesnila lahko povzro\u010dijo pu\u0161\u010danje in zmanj\u0161an hidravli\u010dni tlak, kar negativno vpliva na delovanje.<\/li>\n<\/ul>\n<h2>Navodila za namestitev<\/h2>\n<p>Pravilna namestitev cilindra roke je klju\u010dnega pomena za optimalno delovanje in dolgo \u017eivljenjsko dobo. Najprej se prepri\u010dajte, da so monta\u017ene povr\u0161ine \u010diste in brez umazanije. Cilinder natan\u010dno poravnajte z monta\u017enimi nosilci in ga pritrdite z ustreznim orodjem. Uporaba ustreznega monta\u017enega nosilca je bistvenega pomena za poravnavo in podporo cilindra.<\/p>\n<p>Med namestitvijo je klju\u010dnega pomena upo\u0161tevati proizvajal\u010deve specifikacije glede nastavitev navora in postopkov poravnave. Nepravilna namestitev lahko povzro\u010di prezgodnjo obrabo ali okvaro cilindra. Ko je namestitev kon\u010dana, temeljito preverite morebitne nepravilnosti in jih odpravite, preden za\u010dnete uporabljati stroj.<\/p>\n<h2>Pogosta vzdr\u017eevalna opravila<\/h2>\n<h3>Redni pregledi<\/h3>\n<p>Redni pregledi cilindra roke in okoli\u0161kega hidravli\u010dnega sistema so klju\u010dnega pomena. Preverite morebitne znake pu\u0161\u010danja, obrabe ali po\u0161kodb. Zgodnje odkrivanje te\u017eav lahko prepre\u010di ve\u010dje te\u017eave in draga popravila. Redni pregledi morajo vklju\u010devati tudi pregled nivoja hidravli\u010dne teko\u010dine ter stanja cevi in \u200b\u200bfitingov.<\/p>\n<h3>Pravilno mazanje<\/h3>\n<p>Za optimalno delovanje je bistveno vzdr\u017eevati ustrezno mazanje cilindra roke. Uporabljajte visokokakovostno hidravli\u010dno olje in upo\u0161tevajte priporo\u010dene intervale mazanja, ki jih je dolo\u010dil proizvajalec. Pravilno mazanje zmanj\u0161a trenje in obrabo, kar prispeva k dalj\u0161i \u017eivljenjski dobi cilindra.<\/p>\n<h3>Zamenjava tesnil in preverjanje kalibracije<\/h3>\n<p>Redno preverjajte tesnila glede znakov obrabe ali po\u0161kodb in jih po potrebi zamenjajte. Obrabljena tesnila lahko povzro\u010dijo pu\u0161\u010danje hidravli\u010dne teko\u010dine, kar zmanj\u0161a u\u010dinkovitost sistema. Preverjanje kalibracije je prav tako bistveno za zagotovitev, da valj deluje znotraj dolo\u010denih parametrov in ohranja optimalno delovanje.<\/p>\n<p><img decoding=\"async\" src=\"https:\/\/www.hydraulic-cylinders.net\/wp-content\/uploads\/2025\/04\/songte-chushion-collar.webp\" alt=\"Blazinasti ovratnik za valj roke\"><\/p>\n<h2>Varnostni vidiki in okoljski dejavniki<\/h2>\n<p>Pri delu s hidravli\u010dnimi sistemi so varnostni ukrepi najpomembnej\u0161i. Upravljavci morajo biti usposobljeni za odgovorno ravnanje z opremo in za prepoznavanje morebitnih nevarnosti, povezanih s hidravli\u010dnimi operacijami. Med vzdr\u017eevanjem in delovanjem je treba vedno uporabljati ustrezno osebno za\u0161\u010ditno opremo (OZO). Poleg tega je treba upo\u0161tevati okoljske vidike, kot je prepre\u010devanje pu\u0161\u010danja hidravli\u010dne teko\u010dine, ki lahko onesna\u017ei tla in vodne vire.<\/p>\n<h2>Odpravljanje te\u017eav in pogoste te\u017eave<\/h2>\n<h3>Te\u017eave s pu\u0161\u010danjem<\/h3>\n<p>Pu\u0161\u010danje je ena najpogostej\u0161ih te\u017eav z cilindri roke. Preverite morebitne vidne znake kopi\u010denja hidravli\u010dne teko\u010dine okoli tesnil ali spojev. \u010ce jih najdete, preverite tesnila glede obrabe in jih po potrebi zamenjajte. Pravilno privijanje vseh spojev lahko pomaga prepre\u010diti pu\u0161\u010danje.<\/p>\n<h3>Zmanj\u0161ana zmogljivost<\/h3>\n<p>\u010ce delovanje cilindra roke zmanj\u0161ano, to lahko ka\u017ee na nizko raven hidravli\u010dne teko\u010dine ali zrak v hidravli\u010dnem sistemu. Preverite raven teko\u010dine in jo po potrebi dolijte. Odzra\u010dite sistem, da odstranite morebitni ujeti zrak, in zagotovite u\u010dinkovito kro\u017eenje hidravli\u010dne teko\u010dine.<\/p>\n<h3>Nenavadni zvoki<\/h3>\n<p>Nenavadni zvoki med delovanjem lahko ka\u017eejo na notranje te\u017eave v cilindru. To je lahko posledica nizke ravni teko\u010dine, onesna\u017eenja ali notranje obrabe. Temeljito preglejte cilinder in hidravli\u010dne komponente ter zamenjajte vse po\u0161kodovane dele, da ponovno vzpostavite pravilno delovanje.<\/p>\n<p><img decoding=\"async\" src=\"https:\/\/www.hydraulic-cylinders.net\/wp-content\/uploads\/2025\/04\/songte-bushings-with-all-kinds-of-excavator-models.webp\" alt=\"Pu\u0161e za bagre\"><\/p>\n<h2>Zaklju\u010dek<\/h2>\n<p>Na\u0161e podjetje je vodilni proizvajalec hidravli\u010dnih cilindrov, specializiran za proizvodnjo visokokakovostnih nadomestnih delov za razli\u010dne modele. Ponosni smo na na\u0161o \u0161iroko paleto izdelkov in zavezanost k odli\u010dnosti. Z uporabo naprednih proizvodnih tehnologij in strogih ukrepov za nadzor kakovosti zagotavljamo, da na\u0161i izdelki izpolnjujejo najvi\u0161je standarde. Na\u0161e strokovno znanje na podro\u010dju hidravli\u010dnih sistemov, skupaj z mednarodnimi certifikati in prilagodljivimi storitvami, nas uvr\u0161\u010da med zaupanja vredne partnerje za stranke po vsem svetu.<\/p>\n<p>S poudarkom na zagotavljanju u\u010dinkovitih in natan\u010dnih proizvodnih procesov nenehno izbolj\u0161ujemo svoje zmogljivosti, da bi zadostili raznolikim potrebam na\u0161ih strank. Ne glede na to, ali potrebujete standardne izdelke ali re\u0161itve po meri, vam je na\u0161a predana ekipa na voljo.<\/p>\n<p><img decoding=\"async\" src=\"https:\/\/www.hydraulic-cylinders.net\/wp-content\/uploads\/2025\/04\/songte-company-4.webp\" alt=\"Proizvodni obrat hidravli\u010dnih cilindrov\"><br \/>\n<img decoding=\"async\" src=\"https:\/\/www.hydraulic-cylinders.net\/wp-content\/uploads\/2025\/04\/songte-company-3.webp\" alt=\"Postopek izdelave hidravli\u010dnih cilindrov\"><\/p>\n<p>Avtor: lyl<\/p>","protected":false},"excerpt":{"rendered":"<p>Boom Cylinder For Caterpillar Large Excavator E336DZGC Introduction to Boom Cylinder The Boom Cylinder is a crucial hydraulic component specifically designed for heavy machinery, such as excavators. This cylinder plays an essential role in controlling the movement of the boom, enabling it to lift, lower, and tilt. This capability is vital for various material handling [&hellip;]<\/p>","protected":false},"featured_media":17875,"comment_status":"open","ping_status":"closed","template":"","meta":{"_et_pb_use_builder":"","_et_pb_old_content":"","_et_gb_content_width":""},"product_brand":[],"product_cat":[1546],"product_tag":[1547,1496],"class_list":{"0":"post-18963","1":"product","2":"type-product","3":"status-publish","4":"has-post-thumbnail","6":"product_cat-boom-cylinders","7":"product_tag-boom-cylinders","8":"product_tag-hydraulic-cylinders","10":"first","11":"instock","12":"shipping-taxable","13":"product-type-simple"},"amp_enabled":true,"_links":{"self":[{"href":"https:\/\/www.hydraulic-cylinders.net\/sl\/wp-json\/wp\/v2\/product\/18963","targetHints":{"allow":["GET"]}}],"collection":[{"href":"https:\/\/www.hydraulic-cylinders.net\/sl\/wp-json\/wp\/v2\/product"}],"about":[{"href":"https:\/\/www.hydraulic-cylinders.net\/sl\/wp-json\/wp\/v2\/types\/product"}],"replies":[{"embeddable":true,"href":"https:\/\/www.hydraulic-cylinders.net\/sl\/wp-json\/wp\/v2\/comments?post=18963"}],"wp:featuredmedia":[{"embeddable":true,"href":"https:\/\/www.hydraulic-cylinders.net\/sl\/wp-json\/wp\/v2\/media\/17875"}],"wp:attachment":[{"href":"https:\/\/www.hydraulic-cylinders.net\/sl\/wp-json\/wp\/v2\/media?parent=18963"}],"wp:term":[{"taxonomy":"product_brand","embeddable":true,"href":"https:\/\/www.hydraulic-cylinders.net\/sl\/wp-json\/wp\/v2\/product_brand?post=18963"},{"taxonomy":"product_cat","embeddable":true,"href":"https:\/\/www.hydraulic-cylinders.net\/sl\/wp-json\/wp\/v2\/product_cat?post=18963"},{"taxonomy":"product_tag","embeddable":true,"href":"https:\/\/www.hydraulic-cylinders.net\/sl\/wp-json\/wp\/v2\/product_tag?post=18963"}],"curies":[{"name":"delovni list","href":"https:\/\/api.w.org\/{rel}","templated":true}]}}