{"id":18974,"date":"2025-04-07T06:04:58","date_gmt":"2025-04-07T06:04:58","guid":{"rendered":"https:\/\/www.hydraulic-cylinders.net\/product\/boom-cylinder-for-caterpillar-large-excavator-e349d\/"},"modified":"2025-04-07T06:05:00","modified_gmt":"2025-04-07T06:05:00","slug":"boom-cylinder-for-caterpillar-large-excavator-e349d","status":"publish","type":"product","link":"https:\/\/www.hydraulic-cylinders.net\/sl\/izdelek\/boom-cylinder-for-caterpillar-large-excavator-e349d\/","title":{"rendered":"Cilinder roke za velik bager Caterpillar E349D"},"content":{"rendered":"<h1>Cilinder roke za velik bager Caterpillar E349D<\/h1>\n<h2>Uvod v cilinder roke<\/h2>\n<p>Cilinder roke je bistvena hidravli\u010dna komponenta, zasnovana posebej za te\u017eko mehanizacijo, zlasti za bager Caterpillar E349D. Ta hidravli\u010dni cilinder je odgovoren za nadzor gibanja roke, kar bagru omogo\u010da natan\u010dno in u\u010dinkovito opravljanje njegovih primarnih funkcij. Cilinder roke omogo\u010da dvigovanje, spu\u0161\u010danje in nagibanje roke, kar je klju\u010dnega pomena za razli\u010dna opravila ravnanja z materiali v gradbeni\u0161tvu in izkopavanjih.<\/p>\n<p><img decoding=\"async\" src=\"https:\/\/www.hydraulic-cylinders.net\/wp-content\/uploads\/2025\/04\/songte-company-1.webp\" alt=\"Slika cilindra roke\"><\/p>\n<h3>Definicija in pregled<\/h3>\n<p>Hidravli\u010dni cilindri, vklju\u010dno z cilindrom roke, so mehanske naprave, ki pretvarjajo hidravli\u010dno energijo v mehansko energijo. V primeru cilindra roke omogo\u010da zgib roke bagra. To gibanje omogo\u010da upravljavcem u\u010dinkovito kopanje, dvigovanje in prevoz materialov. Hidravli\u010dni sistem uporablja tla\u010dno teko\u010dino za ustvarjanje gibanja, kar omogo\u010da gladko in nadzorovano delovanje, kar je bistveno pri kompleksnih nalogah, kjer je natan\u010dnost klju\u010dnega pomena.<\/p>\n<h2>Zna\u010dilnosti cilindra roke<\/h2>\n<ul>\n<li><strong>Visoka trdnost in vzdr\u017eljivost:<\/strong> Obi\u010dajno so izdelani iz visoko trdnega jekla ali aluminija, da prenesejo visok pritisk in velike obremenitve, kar zagotavlja dolgo \u017eivljenjsko dobo v te\u017ekih delovnih okoljih.<\/li>\n<li><strong>U\u010dinkovito hidravli\u010dno delovanje:<\/strong> Uporablja hidravli\u010dni tlak olja za doseganje gladkega iztegovanja in vvla\u010devanja, kar zagotavlja hiter odziv na ukaze upravljavca in ustvarja znatno silo potiska in vle\u010denja.<\/li>\n<li><strong>Razli\u010dne vrste:<\/strong> Na voljo so v enosmerni ali dvosmerni izvedbi za razli\u010dne operativne potrebe, nekateri modeli pa imajo teleskopske zasnove, ki omogo\u010dajo dalj\u0161i doseg brez pove\u010danja zunanjih dimenzij.<\/li>\n<li><strong>Izbolj\u0161ana odpornost proti obrabi:<\/strong> Zasnovan z upo\u0161tevanjem odpornosti proti obrabi in koroziji, kar podalj\u0161uje \u017eivljenjsko dobo izdelka v zahtevnih pogojih.<\/li>\n<li><strong>Enostavno vzdr\u017eevanje:<\/strong> Zasnovan za enostavno vzdr\u017eevanje, kar omogo\u010da hitre preglede in redno servisiranje za zagotovitev optimalnega delovanja.<\/li>\n<\/ul>\n<h2>Proizvodne zmogljivosti<\/h2>\n<p>Zmo\u017eni smo izdelati cilindre roke in druge hidravli\u010dne cilindre, ki popolnoma nadomestijo obstoje\u010de modele. Na\u0161i izdelki so zasnovani z mislijo na natan\u010dnost in kakovost, kar zagotavlja zdru\u017eljivost in zmogljivost, ki ustreza ali presega industrijske standarde.<\/p>\n<p><img decoding=\"async\" src=\"https:\/\/www.hydraulic-cylinders.net\/wp-content\/uploads\/2025\/04\/songte-cylinder-head-with-all-kinds-excavator-models.webp\" alt=\"Cilindri za modele bagrov\"><\/p>\n<h2>Scenariji uporabe<\/h2>\n<h3>Gradbena oprema<\/h3>\n<p>Pri gradbenih strojih, kot so bagri, so cilindri roke klju\u010dnega pomena za kopanje, nakladanje in premikanje zemlje ali ru\u0161evin. Natan\u010den nadzor, ki ga omogo\u010dajo ti cilindri, omogo\u010da upravljavcem izvajanje zapletenih nalog in pove\u010duje produktivnost na gradbi\u0161\u010du.<\/p>\n<h3>Kmetijska mehanizacija<\/h3>\n<p>Cilindri roke se uporabljajo tudi v \u010delnih nakladalnikih, kjer pomagajo pri zajemanju, dvigovanju in prevozu zemlje, sena in drugih materialov, zaradi \u010desar so nepogre\u0161ljivi v kmetijskih dejavnostih.<\/p>\n<h3>Bagri<\/h3>\n<p>Pri bagrih cilinder roke olaj\u0161a kopanje, saj omogo\u010da, da \u017elica u\u010dinkovito prodre v tla, kar je klju\u010dnega pomena za izkopne projekte.<\/p>\n<h3>Nakladalci<\/h3>\n<p>Pri \u010delnih nakladalnikih cilindri roke pomagajo pri u\u010dinkovitem dvigovanju in razkladanju bremen, kar je bistvenega pomena za naloge ravnanja z materiali v razli\u010dnih panogah.<\/p>\n<h2>Oblikovalski vidiki<\/h2>\n<h3>Nosilnost<\/h3>\n<p>Eden glavnih dejavnikov pri na\u010drtovanju cilindra roke je njegova nosilnost. Mora biti sposoben prenesti te\u017eo in obremenitev, ki jih bo upravljal, ne da bi pri tem ogrozil varnost ali zmogljivost. To zahteva skrbno izbiro materialov in in\u017eenirskih praks, da se zagotovi, da lahko valj prenese dinami\u010dne sile, ki nastanejo med delovanjem.<\/p>\n<h3>Tesnilna zmogljivost<\/h3>\n<p>U\u010dinkovito tesnjenje je klju\u010dnega pomena za prepre\u010devanje pu\u0161\u010danja hidravli\u010dne teko\u010dine in zagotavljanje operativne u\u010dinkovitosti. Izbira tesnil in tesnilnih olj mora upo\u0161tevati delovno okolje, temperaturna nihanja in vrsto uporabljene hidravli\u010dne teko\u010dine. Visokokakovostna tesnila lahko znatno podalj\u0161ajo \u017eivljenjsko dobo hidravli\u010dnega cilindra.<\/p>\n<h3>Vzdr\u017eljivost<\/h3>\n<p>Vzdr\u017eljivost cilindra roke je izjemnega pomena glede na zahtevne pogoje, v katerih deluje. Dejavniki, kot so izbira materiala, povr\u0161inska obdelava in oblikovne zna\u010dilnosti, igrajo klju\u010dno vlogo pri pove\u010danju vzdr\u017eljivosti, saj omogo\u010dajo, da cilindru ustrezajo abrazivnim materialom in korozivnim elementom.<\/p>\n<h3>Varnostne funkcije<\/h3>\n<p>Varnost je glavni dejavnik pri na\u010drtovanju hidravli\u010dnih cilindrov. Vklju\u010ditev elementov, kot so tla\u010dni varnostni ventili in razpo\u010dne membrane, lahko prepre\u010di katastrofalne okvare in zagotovi varnost tako upravljavcev kot strojev med delovanjem.<\/p>\n<h3>Dostopnost vzdr\u017eevanja<\/h3>\n<p>Zasnova za dostopnost vzdr\u017eevanja je bistvenega pomena za hidravli\u010dne cilindre. Vklju\u010ditev funkcij, ki omogo\u010dajo enostaven pregled in servisiranje, lahko skraj\u0161a \u010das izpada in podalj\u0161a \u017eivljenjsko dobo opreme.<\/p>\n<p><img decoding=\"async\" src=\"https:\/\/www.hydraulic-cylinders.net\/wp-content\/uploads\/2025\/04\/songte-oil-pipes-and-spare-parts.webp\" alt=\"Hidravli\u010dni deli in tesnila\"><\/p>\n<h2>Tesnjenje in mazanje<\/h2>\n<p>Pravilno tesnjenje in mazanje sta klju\u010dnega pomena za u\u010dinkovito delovanje hidravli\u010dnih cilindrov. Razli\u010dne tesnilne komponente, kot so tesnila bata in tesnila palic, igrajo klju\u010dno vlogo pri ohranjanju hidravli\u010dne celovitosti. Tesnila iz trpe\u017enih materialov, kot sta poliuretan in nitrilna guma, se pogosto uporabljajo za odpornost proti obrabi. Poleg tega sta ohi\u0161je cilindra in navojni konci natan\u010dno obdelani za ve\u010djo odpornost proti obrabi. Redno mazanje s hidravli\u010dnim oljem je potrebno za nemoteno delovanje in prepre\u010devanje po\u0161kodb zaradi trenja.<\/p>\n<h2>Preventivni vzdr\u017eevalni ukrepi<\/h2>\n<ul>\n<li><strong>Redni pregledi:<\/strong> Redni pregledi cilindra glede znakov obrabe, pu\u0161\u010danja ali po\u0161kodb lahko pomagajo prepoznati te\u017eave, preden se stopnjujejo, kar zagotavlja nadaljnjo zanesljivost strojev.<\/li>\n<li><strong>Mazanje:<\/strong> Zagotavljanje ustreznega mazanja valja zmanj\u0161uje trenje in obrabo, kar prispeva k celotni \u017eivljenjski dobi komponente.<\/li>\n<li><strong>Zamenjava tesnila:<\/strong> Redno preverjanje in zamenjava tesnil po potrebi prepre\u010duje pu\u0161\u010danje in vzdr\u017euje hidravli\u010dni tlak v valju.<\/li>\n<\/ul>\n<h2>Navodila za namestitev<\/h2>\n<p>Pravilna namestitev cilindra roke je klju\u010dnega pomena za njegovo delovanje. Za optimalne rezultate upo\u0161tevajte ta navodila:<\/p>\n<ul>\n<li>Prepri\u010dajte se, da je valj pravilno poravnan z roko, da prepre\u010dite napa\u010dno upravljanje.<\/li>\n<li>Za pritrditev cilindra na mesto uporabite ustrezne pritrdilne nosilce, s \u010dimer boste zmanj\u0161ali premikanje med delovanjem.<\/li>\n<li>Pred uporabo preverite, ali so vse hidravli\u010dne povezave varne in ne pu\u0161\u010dajo.<\/li>\n<li>Preverite nivo hidravli\u010dne teko\u010dine in se prepri\u010dajte, da ustreza specifikacijam proizvajalca.<\/li>\n<li>Po namestitvi izvedite funkcionalni preizkus, da potrdite, da jeklenka deluje gladko.<\/li>\n<\/ul>\n<h2>Pogosta vzdr\u017eevalna opravila<\/h2>\n<h3>Redni pregledi<\/h3>\n<p>Redni pregledi cilindra roke so bistveni za zgodnje odkrivanje morebitnih te\u017eav. To vklju\u010duje preverjanje znakov pu\u0161\u010danja, obrabe ali nepravilne poravnave. Zagotavljanje dobrega stanja cilindra lahko znatno zmanj\u0161a tveganje za okvare v delovanju.<\/p>\n<h3>Ustrezno mazanje<\/h3>\n<p>Vzdr\u017eevanje ustreznega mazanja je klju\u010dnega pomena za nemoteno delovanje hidravli\u010dnega cilindra. Redno nana\u0161anje prave vrste in koli\u010dine hidravli\u010dnega olja zagotavlja, da tesnila ostanejo u\u010dinkovita in da se trenje zmanj\u0161a, kar podalj\u0161a \u017eivljenjsko dobo cilindra.<\/p>\n<h3>Zamenjava tesnil in preverjanje kalibracije<\/h3>\n<p>S\u010dasoma se tesnila lahko obrabijo in jih je treba zamenjati. Redno preverjanje tesnil glede znakov obrabe in njihova zamenjava po potrebi pomaga ohranjati hidravli\u010dno u\u010dinkovitost. Preverjanje kalibracije zagotavlja, da valj deluje znotraj dolo\u010denih parametrov, prepre\u010duje morebitne po\u0161kodbe in zagotavlja optimalno delovanje.<\/p>\n<p><img decoding=\"async\" src=\"https:\/\/www.hydraulic-cylinders.net\/wp-content\/uploads\/2025\/04\/songte-chushion-collar.webp\" alt=\"Slika ovratnika z blazino\"><\/p>\n<h2>Varnostni vidiki<\/h2>\n<p>Varnostni ukrepi so pri delu s hidravli\u010dnimi cilindri bistvenega pomena. Ustrezno usposabljanje upravljavcev, upo\u0161tevanje varnostnih protokolov in uporaba osebne za\u0161\u010ditne opreme (OZO) so bistveni. Zagotavljanje delovanja vseh varnostnih funkcij hidravli\u010dnega sistema lahko prepre\u010di nesre\u010de in po\u0161kodbe med delovanjem.<\/p>\n<h2>Diagnoza napak in pogoste te\u017eave<\/h2>\n<ul>\n<li><strong>Pu\u0161\u010danje:<\/strong> Ena najpogostej\u0161ih te\u017eav je pu\u0161\u010danje hidravli\u010dne teko\u010dine, ki je lahko posledica obrabljenih tesnil ali po\u0161kodovanih komponent. Redni pregledi lahko pomagajo hitro prepoznati in odpraviti pu\u0161\u010danja.<\/li>\n<li><strong>Slaba zmogljivost:<\/strong> \u010ce se valj ne izteguje ali umika gladko, lahko to ka\u017ee na nizko raven hidravli\u010dne teko\u010dine ali notranjo po\u0161kodbo. Hitro odpravljanje teh te\u017eav je klju\u010dnega pomena, da se prepre\u010di nadaljnja \u0161koda.<\/li>\n<li><strong>Pregrevanje:<\/strong> Prekomerna vro\u010dina lahko povzro\u010di razgradnjo hidravli\u010dne teko\u010dine, kar vodi v slabo delovanje. Redno spremljanje obratovalnih temperatur lahko pomaga ubla\u017eiti to te\u017eavo.<\/li>\n<\/ul>\n<h2>Nasveti za odpravljanje te\u017eav<\/h2>\n<p>Za u\u010dinkovito diagnosticiranje in odpravljanje te\u017eav z cilindrom roke upo\u0161tevajte naslednje nasvete:<\/p>\n<ul>\n<li>Opravite vizualni pregled za morebitne znake po\u0161kodb ali obrabe.<\/li>\n<li>Preverite nivo hidravli\u010dne teko\u010dine in jo po potrebi dolijte.<\/li>\n<li>Preverite tesnila glede morebitnih znakov obrabe in jih po potrebi zamenjajte.<\/li>\n<li>Za specifi\u010dne te\u017eave, povezane z jeklenko, glejte navodila proizvajalca za odpravljanje te\u017eav.<\/li>\n<\/ul>\n<p><img decoding=\"async\" src=\"https:\/\/www.hydraulic-cylinders.net\/wp-content\/uploads\/2025\/04\/songte-bushings-with-all-kinds-of-excavator-models.webp\" alt=\"Pu\u0161a za modele bagrov\"><\/p>\n<h2>Pregled podjetja<\/h2>\n<p>Smo vodilni proizvajalec nadomestnih hidravli\u010dnih cilindrov in ponujamo \u0161iroko paleto izdelkov, ki zadovoljujejo potrebe doma\u010dega in mednarodnega trga. Na\u0161a zavezanost odli\u010dnosti v kakovosti in natan\u010dnim proizvodnim praksam nas je postavila med zaupanja vredne partnerje v industriji hidravli\u010dnih cilindrov. Z naprednimi proizvodnimi tehnologijami, usposobljenim tehni\u010dnim osebjem in robustnim sistemom zagotavljanja kakovosti izbolj\u0161ujemo svoje proizvodne zmogljivosti in zagotavljamo, da na\u0161i izdelki izpolnjujejo najvi\u0161je standarde.<\/p>\n<p><img decoding=\"async\" src=\"https:\/\/www.hydraulic-cylinders.net\/wp-content\/uploads\/2025\/04\/songte-company-4.webp\" alt=\"Proizvodni obrat podjetja\"><br \/>\n<img decoding=\"async\" src=\"https:\/\/www.hydraulic-cylinders.net\/wp-content\/uploads\/2025\/04\/songte-company-3.webp\" alt=\"Oprema podjetja za proizvodnjo\"><\/p>\n<h3>Profesionalnost in certifikati<\/h3>\n<p>Na\u0161a ekipa je sestavljena iz visoko usposobljenih strokovnjakov, ki so predani zagotavljanju vrhunskih izdelkov. Imamo mednarodne certifikate, ki potrjujejo na\u0161o zavezanost kakovosti in zanesljivosti ter zagotavljajo, da na\u0161e stranke prejmejo izdelke, ki jim lahko zaupajo.<\/p>\n<h3>Prilagojene storitve<\/h3>\n<p>Ponujamo re\u0161itve za hidravli\u010dne cilindre po meri, prilagojene specifi\u010dnim zahtevam strank, s \u010dimer zagotavljamo u\u010dinkovito obravnavo edinstvenih aplikacij.<\/p>\n<h3>Proizvodna oprema<\/h3>\n<p>Z uporabo najsodobnej\u0161e proizvodne opreme vzdr\u017eujemo visoko raven operativne u\u010dinkovitosti in natan\u010dnosti v na\u0161ih proizvodnih procesih, kar omogo\u010da hitro dobavo visokokakovostnih izdelkov.<\/p>\n<h3>Poprodajna podpora<\/h3>\n<p>Na\u0161a zavezanost zadovoljstvu strank sega dlje od same prodaje. Ponujamo celovito poprodajno podporo, vklju\u010dno s svetovanjem glede vzdr\u017eevanja in pomo\u010djo pri odpravljanju te\u017eav, da zagotovimo, da na\u0161e stranke kar najbolje izkoristijo svoje izdelke.<\/p>\n<p>Avtor: lyl<\/p>","protected":false},"excerpt":{"rendered":"<p>Boom Cylinder For Caterpillar Large Excavator E349D Introduction to Boom Cylinder The Boom Cylinder is an essential hydraulic component designed specifically for heavy machinery, particularly the Caterpillar E349D excavator. This hydraulic cylinder is responsible for controlling the movement of the boom, enabling the excavator to perform its primary functions with precision and efficiency. The boom [&hellip;]<\/p>","protected":false},"featured_media":17871,"comment_status":"open","ping_status":"closed","template":"","meta":{"_et_pb_use_builder":"","_et_pb_old_content":"","_et_gb_content_width":""},"product_brand":[],"product_cat":[1546],"product_tag":[1547,1496],"class_list":{"0":"post-18974","1":"product","2":"type-product","3":"status-publish","4":"has-post-thumbnail","6":"product_cat-boom-cylinders","7":"product_tag-boom-cylinders","8":"product_tag-hydraulic-cylinders","10":"first","11":"instock","12":"shipping-taxable","13":"product-type-simple"},"amp_enabled":true,"_links":{"self":[{"href":"https:\/\/www.hydraulic-cylinders.net\/sl\/wp-json\/wp\/v2\/product\/18974","targetHints":{"allow":["GET"]}}],"collection":[{"href":"https:\/\/www.hydraulic-cylinders.net\/sl\/wp-json\/wp\/v2\/product"}],"about":[{"href":"https:\/\/www.hydraulic-cylinders.net\/sl\/wp-json\/wp\/v2\/types\/product"}],"replies":[{"embeddable":true,"href":"https:\/\/www.hydraulic-cylinders.net\/sl\/wp-json\/wp\/v2\/comments?post=18974"}],"wp:featuredmedia":[{"embeddable":true,"href":"https:\/\/www.hydraulic-cylinders.net\/sl\/wp-json\/wp\/v2\/media\/17871"}],"wp:attachment":[{"href":"https:\/\/www.hydraulic-cylinders.net\/sl\/wp-json\/wp\/v2\/media?parent=18974"}],"wp:term":[{"taxonomy":"product_brand","embeddable":true,"href":"https:\/\/www.hydraulic-cylinders.net\/sl\/wp-json\/wp\/v2\/product_brand?post=18974"},{"taxonomy":"product_cat","embeddable":true,"href":"https:\/\/www.hydraulic-cylinders.net\/sl\/wp-json\/wp\/v2\/product_cat?post=18974"},{"taxonomy":"product_tag","embeddable":true,"href":"https:\/\/www.hydraulic-cylinders.net\/sl\/wp-json\/wp\/v2\/product_tag?post=18974"}],"curies":[{"name":"delovni list","href":"https:\/\/api.w.org\/{rel}","templated":true}]}}