{"id":18978,"date":"2025-04-07T06:05:27","date_gmt":"2025-04-07T06:05:27","guid":{"rendered":"https:\/\/www.hydraulic-cylinders.net\/product\/boom-cylinder-for-caterpillar-wheel-excavator-m320dz\/"},"modified":"2025-04-07T06:05:30","modified_gmt":"2025-04-07T06:05:30","slug":"boom-cylinder-for-caterpillar-wheel-excavator-m320dz","status":"publish","type":"product","link":"https:\/\/www.hydraulic-cylinders.net\/sl\/izdelek\/boom-cylinder-for-caterpillar-wheel-excavator-m320dz\/","title":{"rendered":"Cilinder roke za kolesni bager Caterpillar M320DZ"},"content":{"rendered":"<h1>Cilinder roke za kolesni bager Caterpillar M320DZ<\/h1>\n<h2>Pregled izdelka<\/h2>\n<p>Cilinder roke za kolesni bager Caterpillar M320DZ je klju\u010dna komponenta, zasnovana za nadzor gibanja \u017elice v te\u017ekih strojih. Kot vrsta hidravli\u010dnega cilindra igra klju\u010dno vlogo v hidravli\u010dnih sistemih, saj omogo\u010da natan\u010dno dvigovanje, spu\u0161\u010danje in nagibanje \u017elic, zaradi \u010desar je bistvenega pomena za naloge ravnanja z materiali. Cilinder \u017elice je posebej zasnovan za razli\u010dne aplikacije te\u017eke opreme, vklju\u010dno z bagri, bagri nakladalniki in \u010delnimi nakladalniki. Njegovo hidravli\u010dno delovanje omogo\u010da u\u010dinkovito manipulacijo \u017elice, s \u010dimer se pove\u010da produktivnost na gradbi\u0161\u010dih in pri drugih te\u017ekih aplikacijah.<\/p>\n<p><img decoding=\"async\" src=\"https:\/\/www.hydraulic-cylinders.net\/wp-content\/uploads\/2025\/04\/songte-company-1.webp\" alt=\"Cilinder roke za kolesni bager Caterpillar M320DZ\"><\/p>\n<h3>Zna\u010dilnosti cilindra roke<\/h3>\n<ul>\n<li><strong>Visoka trdnost in vzdr\u017eljivost:<\/strong> Ti cilindri, izdelani iz visoko trdnega jekla ali aluminija, so zasnovani tako, da prenesejo visoke tlake in velike obremenitve, zaradi \u010desar so primerni za zahtevna delovna okolja.<\/li>\n<li><strong>U\u010dinkovito hidravli\u010dno delovanje:<\/strong> Cilinder uporablja hidravli\u010dni tlak olja za gladko iztegovanje in vstavljanje, kar omogo\u010da hiter odziv na operativne ukaze, hkrati pa zagotavlja znatno potisno in vle\u010dno silo.<\/li>\n<li><strong>Razli\u010dne vrste na voljo:<\/strong> Stranke lahko izbirajo med enosmerno delujo\u010dimi (delujejo v eno smer) ali dvosmerno delujo\u010dimi (delujejo v obe smeri) cilindri, kar ustreza razli\u010dnim operativnim potrebam.<\/li>\n<li><strong>Prostorsko var\u010dne zasnove:<\/strong> Nekateri modeli so teleskopski, kar omogo\u010da ve\u010dji razteg brez pove\u010danja zunanjih dimenzij, kar je idealno za aplikacije z omejenim prostorom.<\/li>\n<li><strong>Odpornost proti koroziji in obrabi:<\/strong> Cilinder roke je zasnovan iz materialov, odpornih proti obrabi, zato odlikuje izjemna vzdr\u017eljivost in dolgo \u017eivljenjsko dobo, kar s\u010dasoma zmanj\u0161uje potrebe po vzdr\u017eevanju.<\/li>\n<\/ul>\n<h2>Uporaba cilindra roke<\/h2>\n<h3>Gradbena oprema<\/h3>\n<p>Pri bagrih imajo cilindri roke klju\u010dno vlogo pri kopanju, nakladanju in premikanju zemlje ali ru\u0161evin. Omogo\u010dajo, da \u017elica u\u010dinkovito prodre v tla, kar olaj\u0161a razli\u010dna gradbena opravila, kot sta kopanje jarkov in izkopavanje materiala. Pri bagrih nakladalnikih ti cilindri prispevajo ne le k kopanju, temve\u010d tudi k dvigovanju, zaradi \u010desar so nepogre\u0161ljivi pri pripravi gradbi\u0161\u010da.<\/p>\n<h3>Kmetijska mehanizacija<\/h3>\n<p>\u010celni nakladalniki uporabljajo cilindre roke za zajemanje, dvigovanje in prevoz materialov, kot so zemlja, seno in drugi kmetijski pridelki. Hidravli\u010dno delovanje, ki ga zagotavljajo ti cilindri, zagotavlja enostavno rokovanje s te\u017ekimi bremeni, kar pove\u010duje produktivnost na kmetijah in kmetijskih obmo\u010djih.<\/p>\n<h3>Bagri<\/h3>\n<p>Cilinder roke omogo\u010da bagrom izvajanje izkopnih dejanj, saj omogo\u010da, da \u017elica prodre v zemljo. Ta funkcionalnost je klju\u010dnega pomena za u\u010dinkovito izkopavanje, saj omogo\u010da upravljavcem, da naloge opravljajo natan\u010dno in u\u010dinkovito. Mo\u010dna hidravli\u010dna sila, ki jo zagotavlja cilinder roke, zagotavlja maksimalno globino kopanja in u\u010dinkovitost.<\/p>\n<h3>Nakladalci<\/h3>\n<p>Pri \u010delnih nakladalnikih cilindri roke u\u010dinkovito pomagajo pri dvigovanju in odlaganju materialov. Njihove hidravli\u010dne zmogljivosti omogo\u010dajo upravljavcem brez napora rokovanje s te\u017ekimi bremeni, kar izbolj\u0161uje operativno u\u010dinkovitost in zmanj\u0161uje utrujenost, povezano z ro\u010dnim dvigovanjem.<\/p>\n<h2>Oblikovalski vidiki in izbirna merila<\/h2>\n<h3>Nosilnost<\/h3>\n<p>Pri izbiri cilindra roke je razumevanje njegove nosilnosti najpomembnej\u0161e. Nosilnost dolo\u010da najve\u010djo te\u017eo, ki jo lahko valj prenese, ne da bi pri tem ogrozil svojo strukturno celovitost. Temeljita ocena pri\u010dakovanih obremenitev med delovanjem lahko prepre\u010di prezgodnjo odpoved in podalj\u0161a \u017eivljenjsko dobo cilindra. Za zagotovitev optimalne zmogljivosti je bistveno, da se zmogljivost cilindra uskladi z operativnimi zahtevami stroja.<\/p>\n<h3>Tesnjenje in vzdr\u017eljivost<\/h3>\n<p>U\u010dinkovito tesnjenje je klju\u010dnega pomena za hidravli\u010dne cilindre, saj prepre\u010duje pu\u0161\u010danje teko\u010dine in vzdr\u017euje tlak v sistemu. Za zagotavljanje dolgotrajnega delovanja se obi\u010dajno uporabljajo visokokakovostna tesnila iz trpe\u017enih materialov, kot sta poliuretan in nitrilna guma. Poleg tega se mora zasnova cilindra prilagajati razli\u010dnim okoljskim pogojem, kot so temperaturna nihanja in izpostavljenost agresivnim kemikalijam, kar lahko vpliva na njegovo vzdr\u017eljivost.<\/p>\n<h3>Varnostni ukrepi<\/h3>\n<p>Varnost je glavni dejavnik pri na\u010drtovanju cilindrov roke. Funkcije, kot so varnostni ventili in robustna konstrukcija, lahko pomagajo zmanj\u0161ati tveganja, povezana s hidravli\u010dnimi okvarami. Bistveno je zagotoviti, da se med namestitvijo in delovanjem upo\u0161tevajo vsi varnostni protokoli, da se za\u0161\u010ditita tako oprema kot upravljavci.<\/p>\n<h3>Vzdr\u017eevanje in popravljivost<\/h3>\n<p>Izbira cilindra roke z mislijo na enostavno vzdr\u017eevanje lahko znatno zmanj\u0161a \u010das izpada in obratovalne stro\u0161ke. Funkcije, ki omogo\u010dajo enostaven dostop za popravila in preglede, kot so odstranljivi kon\u010dni pokrovi in \u200b\u200bstandardizirani priklju\u010dki, izbolj\u0161ajo splo\u0161no u\u010dinkovitost vzdr\u017eevalnih postopkov. Redne vzdr\u017eevalne na\u010drte je treba dolo\u010diti glede na uporabo opreme, da se zagotovi dolga \u017eivljenjsko doba in zanesljivost.<\/p>\n<p><img decoding=\"async\" src=\"https:\/\/www.hydraulic-cylinders.net\/wp-content\/uploads\/2025\/04\/songte-oil-pipes-and-spare-parts.webp\" alt=\"Komponente hidravli\u010dnega cilindra\"><\/p>\n<h2>Tesnjenje in mazanje<\/h2>\n<p>U\u010dinkovito tesnjenje in mazanje igrata klju\u010dno vlogo pri delovanju in dolgi \u017eivljenjski dobi cilindrov roke. Za prepre\u010devanje pu\u0161\u010danja hidravli\u010dne teko\u010dine se uporabljajo razli\u010dne tesnilne komponente, vklju\u010dno s tesnili bata in palice. Ta tesnila so obi\u010dajno izdelana iz materialov, odpornih proti obrabi, kot sta poliuretan in nitrilna guma, kar zagotavlja odli\u010dno vzdr\u017eljivost v zahtevnih pogojih. Poleg tega so ohi\u0161ja cilindrov in navojni konci skrbno obdelani za pove\u010danje odpornosti proti obrabi in podalj\u0161anje \u017eivljenjske dobe.<\/p>\n<p>Redno mazanje je klju\u010dnega pomena za nemoteno delovanje. Za vzdr\u017eevanje optimalne ravni mazanja je nujno redno dolivanje hidravli\u010dnega olja. Pravilno mazanje prepre\u010duje prekomerno obrabo gibljivih delov in pomaga ohranjati dosledno hidravli\u010dno delovanje.<\/p>\n<h2>Preventivni vzdr\u017eevalni ukrepi<\/h2>\n<ul>\n<li><strong>Redni pregledi:<\/strong> Redni pregledi cilindra roke lahko pomagajo prepoznati obrabo in morebitne te\u017eave, preden se razvijejo v ve\u010dje te\u017eave. Preverite tesnila, cevi in \u200b\u200bpriklju\u010dke glede znakov po\u0161kodb ali obrabe.<\/li>\n<li><strong>Pravilno mazanje:<\/strong> Zagotovite, da je hidravli\u010dni sistem ustrezno mazan, da prepre\u010dite trenje in obrabo notranjih komponent. Uporabljajte priporo\u010deno hidravli\u010dno teko\u010dino in upo\u0161tevajte navodila proizvajalca glede intervalov mazanja.<\/li>\n<li><strong>Zamenjava tesnila:<\/strong> Redno pregledujte tesnila glede obrabe in jih po potrebi zamenjajte, da prepre\u010dite pu\u0161\u010danje. Ta praksa pomaga ohranjati u\u010dinkovitost sistema in zmanj\u0161uje tveganje za hidravli\u010dno okvaro.<\/li>\n<\/ul>\n<h2>Navodila za namestitev<\/h2>\n<p>Pravilna namestitev cilindra roke je klju\u010dnega pomena za njegovo optimalno delovanje in dolgo \u017eivljenjsko dobo. Najprej se prepri\u010dajte, da so vse komponente \u010diste in brez umazanije. Cilinder natan\u010dno namestite, da prepre\u010dite napa\u010dno poravnavo, ki lahko povzro\u010di prezgodnjo obrabo in okvaro. Med namestitvijo uporabite ustrezne nosilce, da trdno pritrdite cilinder.<\/p>\n<p>Pomembno je upo\u0161tevati specifikacije navora, ki jih je navedel proizvajalec, da se izognete prekomernemu ali premajhnemu zategovanju povezav. Po namestitvi temeljito pregledajte, da zagotovite, da so vse hidravli\u010dne povezave varne in ne pu\u0161\u010dajo. Na koncu preizkusite delovanje hidravli\u010dnega sistema, da potrdite pravilno delovanje valja.<\/p>\n<h2>Pogosta vzdr\u017eevalna opravila<\/h2>\n<ul>\n<li><strong>Redni pregledi:<\/strong> Redni pregledi pomagajo zgodaj odkriti morebitne te\u017eave. Preverite pu\u0161\u010danja, obrabo tesnil in splo\u0161no celovitost jeklenke.<\/li>\n<li><strong>Pravilno mazanje:<\/strong> Zagotovite, da je hidravli\u010dni sistem vedno ustrezno mazan. Upo\u0161tevajte navodila proizvajalca glede vrste in pogostosti mazanja.<\/li>\n<li><strong>Zamenjava tesnila:<\/strong> Redno pregledujte tesnila glede obrabe in jih po potrebi zamenjajte. Ohranjanje celovitosti tesnil je klju\u010dnega pomena za prepre\u010devanje pu\u0161\u010danja hidravli\u010dne teko\u010dine.<\/li>\n<\/ul>\n<h3>Pomen pravilne namestitve, mazanja in nastavitve<\/h3>\n<p>Pravilna namestitev cilindra roke je bistvenega pomena za zagotovitev njegove funkcionalnosti in dolge \u017eivljenjske dobe. Nepravilna poravnava med namestitvijo lahko povzro\u010di ve\u010djo obrabo in zmanj\u0161ano u\u010dinkovitost. Zato je klju\u010dnega pomena, da cilinder pravilno poravnate in pritrdite z ustrezno monta\u017eno opremo.<\/p>\n<p>Redno mazanje je prav tako pomembno. Nezadostno mazanje lahko povzro\u010di hitro obrabo notranjih komponent, kar vodi do dragih popravil. Upo\u0161tevanje na\u010drtov mazanja je klju\u010dnega pomena za ohranjanje optimalne zmogljivosti.<\/p>\n<p>Prilagoditev hidravli\u010dnega sistema je treba izvesti v skladu s specifikacijami proizvajalca. Redna kalibracija in nastavitve pomagajo ohranjati hidravli\u010dni tlak na priporo\u010denih ravneh, kar zagotavlja u\u010dinkovitost delovanja.<\/p>\n<p><img decoding=\"async\" src=\"https:\/\/www.hydraulic-cylinders.net\/wp-content\/uploads\/2025\/04\/songte-chushion-collar.webp\" alt=\"Namestitev cilindra roke\"><\/p>\n<h2>Varnostni vidiki in okoljski dejavniki<\/h2>\n<p>Pri delu s hidravli\u010dnimi sistemi nikoli ne smemo spregledati varnostnih ukrepov. Upravljavci morajo biti usposobljeni za pravilno ravnanje s hidravli\u010dno opremo in se zavedati morebitnih nevarnosti. Uporaba varnostne opreme, kot so rokavice in za\u0161\u010ditna o\u010dala, lahko zmanj\u0161a tveganja, povezana s pu\u0161\u010danjem hidravli\u010dne teko\u010dine ali okvarami valjev. Poleg tega lahko temeljito razumevanje delovanja hidravli\u010dnega sistema pomaga prepre\u010diti nesre\u010de in zagotoviti varno uporabo.<\/p>\n<h2>Odpravljanje pogostih te\u017eav<\/h2>\n<h3>Pogoste te\u017eave in re\u0161itve<\/h3>\n<ul>\n<li><strong>Pu\u0161\u010danje:<\/strong> Pu\u0161\u010danje pogosto povzro\u010dijo po\u0161kodovana tesnila ali nepravilna namestitev. Redni pregledi in pravo\u010dasna zamenjava tesnil lahko prepre\u010dijo to te\u017eavo.<\/li>\n<li><strong>Nedosledna zmogljivost:<\/strong> \u010ce valj ne deluje gladko, preverite, ali je v hidravli\u010dnih ceveh zrak ali ali je raven teko\u010dine premajhna. To te\u017eavo lahko odpravite z odzra\u010devanjem sistema in zagotavljanjem ustrezne ravni teko\u010dine.<\/li>\n<li><strong>Pregrevanje:<\/strong> Preobremenitev jeklenke lahko povzro\u010di prekomerno segrevanje. Prepri\u010dajte se, da je obremenitev znotraj zmogljivosti jeklenke, in spremljajte obratovalne temperature.<\/li>\n<\/ul>\n<h3>Preventivni ukrepi<\/h3>\n<p>Da bi zmanj\u0161ali morebitne te\u017eave z cilindrom roke, izvajajte preventivne ukrepe, kot so redni vzdr\u017eevalni na\u010drti, usposabljanje upravljavcev in upo\u0161tevanje smernic glede nosilnosti. S proaktivnim odpravljanjem manj\u0161ih te\u017eav, preden se stopnjujejo, lahko znatno podalj\u0161ate \u017eivljenjsko dobo in u\u010dinkovitost hidravli\u010dnega sistema.<\/p>\n<p><img decoding=\"async\" src=\"https:\/\/www.hydraulic-cylinders.net\/wp-content\/uploads\/2025\/04\/songte-bushings-with-all-kinds-of-excavator-models.webp\" alt=\"Komponente hidravli\u010dnega cilindra\"><\/p>\n<h2>O na\u0161em podjetju<\/h2>\n<p>Smo vodilni proizvajalec hidravli\u010dnih cilindrov, specializiran za zagotavljanje alternativnih mo\u017enosti za razli\u010dne hidravli\u010dne aplikacije. Na\u0161a raznolika ponudba izdelkov nas je uveljavila kot uglednega proizvajalca in veleprodajnega distributerja tako na doma\u010dem kot na mednarodnem trgu. Dr\u017eimo se filozofije odli\u010dnosti v kakovosti, ki jo podpira izpopolnjena strategija upravljanja proizvodnje. Na\u0161e tehnolo\u0161ko znanje, skupaj z napredno digitalno proizvodno opremo in profesionalnimi sistemi za testiranje, nenehno izbolj\u0161uje na\u0161e proizvodne zmogljivosti.<\/p>\n<p>Na\u0161a zavezanost visoki u\u010dinkovitosti, natan\u010dnosti in kakovosti zagotavlja, da izpolnjujemo raznolike potrebe na\u0161ih strank. Ponujamo prilagojene storitve, mednarodne certifikate in izjemno poprodajno podporo, da zagotovimo zadovoljstvo strank.<\/p>\n<p><img decoding=\"async\" src=\"https:\/\/www.hydraulic-cylinders.net\/wp-content\/uploads\/2025\/04\/songte-company-4.webp\" alt=\"Pregled podjetja\"><br \/>\n<img decoding=\"async\" src=\"https:\/\/www.hydraulic-cylinders.net\/wp-content\/uploads\/2025\/04\/songte-company-3.webp\" alt=\"Prostori podjetja\"><\/p>\n<p>Avtor: lyl<\/p>","protected":false},"excerpt":{"rendered":"<p>Boom Cylinder For Caterpillar Wheel Excavator M320DZ Product Overview The Boom Cylinder for Caterpillar Wheel Excavator M320DZ is a vital component designed to control the movement of the bucket in heavy machinery. As a type of hydraulic cylinder, it plays a crucial role in hydraulic systems, facilitating the precise lifting, lowering, and tilting of buckets, [&hellip;]<\/p>","protected":false},"featured_media":17875,"comment_status":"open","ping_status":"closed","template":"","meta":{"_et_pb_use_builder":"","_et_pb_old_content":"","_et_gb_content_width":""},"product_brand":[],"product_cat":[1546],"product_tag":[1547,1496],"class_list":{"0":"post-18978","1":"product","2":"type-product","3":"status-publish","4":"has-post-thumbnail","6":"product_cat-boom-cylinders","7":"product_tag-boom-cylinders","8":"product_tag-hydraulic-cylinders","10":"first","11":"instock","12":"shipping-taxable","13":"product-type-simple"},"amp_enabled":true,"_links":{"self":[{"href":"https:\/\/www.hydraulic-cylinders.net\/sl\/wp-json\/wp\/v2\/product\/18978","targetHints":{"allow":["GET"]}}],"collection":[{"href":"https:\/\/www.hydraulic-cylinders.net\/sl\/wp-json\/wp\/v2\/product"}],"about":[{"href":"https:\/\/www.hydraulic-cylinders.net\/sl\/wp-json\/wp\/v2\/types\/product"}],"replies":[{"embeddable":true,"href":"https:\/\/www.hydraulic-cylinders.net\/sl\/wp-json\/wp\/v2\/comments?post=18978"}],"wp:featuredmedia":[{"embeddable":true,"href":"https:\/\/www.hydraulic-cylinders.net\/sl\/wp-json\/wp\/v2\/media\/17875"}],"wp:attachment":[{"href":"https:\/\/www.hydraulic-cylinders.net\/sl\/wp-json\/wp\/v2\/media?parent=18978"}],"wp:term":[{"taxonomy":"product_brand","embeddable":true,"href":"https:\/\/www.hydraulic-cylinders.net\/sl\/wp-json\/wp\/v2\/product_brand?post=18978"},{"taxonomy":"product_cat","embeddable":true,"href":"https:\/\/www.hydraulic-cylinders.net\/sl\/wp-json\/wp\/v2\/product_cat?post=18978"},{"taxonomy":"product_tag","embeddable":true,"href":"https:\/\/www.hydraulic-cylinders.net\/sl\/wp-json\/wp\/v2\/product_tag?post=18978"}],"curies":[{"name":"delovni list","href":"https:\/\/api.w.org\/{rel}","templated":true}]}}