{"id":1900,"date":"2023-10-19T06:38:44","date_gmt":"2023-10-19T06:38:44","guid":{"rendered":"https:\/\/hydraulic-cylinders.net\/?post_type=product&#038;p=1900"},"modified":"2025-04-11T03:43:26","modified_gmt":"2025-04-11T03:43:26","slug":"open-tbm-torque-cylinder","status":"publish","type":"product","link":"https:\/\/www.hydraulic-cylinders.net\/sl\/izdelek\/open-tbm-torque-cylinder\/","title":{"rendered":"Odprti navorni valj TBM"},"content":{"rendered":"<h1 style=\"text-align: center;\"><strong>Odprti navorni valj TBM<\/strong><\/h1>\n<p><img loading=\"lazy\" decoding=\"async\" class=\"aligncenter wp-image-1901\" src=\"https:\/\/hydraulic-cylinders.net\/wp-content\/uploads\/2023\/10\/torque-cylinder-1-300x300.webp\" alt=\"\" width=\"400\" height=\"400\" \/><\/p>\n<p>Odprti vrtalni valj TBM je najsodobnej\u0161a hidravli\u010dna komponenta, zasnovana za zagotavljanje izjemne mo\u010di in natan\u010dnosti pri vrtanju predorov. Ta specializirani valj igra klju\u010dno vlogo pri zagotavljanju navorne sile vrtalnemu stroju za predore (TBM), kar omogo\u010da u\u010dinkovito izkopavanje skozi razli\u010dne geolo\u0161ke formacije. V tem informativnem \u010dlanku bomo raziskali klju\u010dne zna\u010dilnosti, na\u010dine uporabe in smernice za vzdr\u017eevanje odprtega vrtalnega valja TBM.<\/p>\n<p>Odprti navorni valj TBM je mo\u010dna hidravli\u010dna komponenta, ki pove\u010duje u\u010dinkovitost in natan\u010dnost vrtanja predorov. Z visokim navorom, natan\u010dnim nadzorom, vzdr\u017eljivostjo in varnostnimi funkcijami ta valj zagotavlja nemoteno in zanesljivo izkopavanje predorov. Z upo\u0161tevanjem priporo\u010denih metod uporabe in rednih vzdr\u017eevalnih praks bo odprti navorni valj tbm \u0161e naprej zagotavljal izjemno zmogljivost in prispeval k uspehu projektov vrtanja predorov. Izkusite mo\u010d in natan\u010dnost odprtega navornega valja tbm, ki z neprimerljivo u\u010dinkovitostjo revolucionira vrtanje predorov.<\/p>\n<p>Klju\u010dne zna\u010dilnosti odprtega navornega cilindra TBM:<\/p>\n<ul>\n<li>Visok navor: Odprti navorni valj TBM se pona\u0161a z impresivnim navorom, ki omogo\u010da TBM-ju, da z lahkoto premaga zahtevne talne razmere. Njegova robustna zasnova in natan\u010dna in\u017eeniring zagotavljata optimalen prenos navora, kar omogo\u010da u\u010dinkovito izkopavanje in skraj\u0161anje \u010dasovnih okvirov projekta.<\/li>\n<li>Natan\u010den nadzor in natan\u010dnost: Ta valj, opremljen z naprednimi hidravli\u010dnimi sistemi, ponuja natan\u010den nadzor nad navorom, ki ga uporablja TBM. Operaterji lahko prilagodijo izhodni navor specifi\u010dnim zahtevam razli\u010dnih geolo\u0161kih formacij, kar zagotavlja natan\u010dno in u\u010dinkovito izkopavanje.<\/li>\n<li>Vzdr\u017eljivost in zanesljivost: Odprti momentni valj tbm, izdelan iz visokokakovostnih materialov, je zasnovan tako, da prenese zahtevne pogoje, s katerimi se sre\u010dujemo pri vrtanju predorov. Prenese velike obremenitve, vibracije in udarce, kar zagotavlja dolgotrajno vzdr\u017eljivost, zmanj\u0161uje \u010das izpada in stro\u0161ke vzdr\u017eevanja.<\/li>\n<li>Varnostne funkcije: Odprti momentni valj tbm ima varnostne funkcije, kot sta za\u0161\u010dita pred preobremenitvijo in mehanizmi za zaustavitev v sili. Te funkcije pomagajo prepre\u010diti prekomerni navor in zagotavljajo varnost upravljavcev tbm, s \u010dimer se zmanj\u0161a tveganje za po\u0161kodbe opreme.<\/li>\n<\/ul>\n<h2><strong>Parameter odprtega navornega cilindra TBM:<\/strong><\/h2>\n<table border=\"1\" cellspacing=\"0\" cellpadding=\"0\">\n<tbody>\n<tr>\n<td>Ime izdelka<\/td>\n<td>Navorni valj za odprti vrtalni stroj za predore<\/td>\n<\/tr>\n<tr>\n<td>Zna\u010dilnosti:<\/td>\n<td>Uporablja se za nastavitev smeri vrtanja predorov in prenos navora rezalne glave<\/td>\n<\/tr>\n<tr>\n<td>Premer izvrtine:<\/td>\n<td>220 mm\uff5e450 mm<\/td>\n<\/tr>\n<tr>\n<td>Premer palice:<\/td>\n<td>125 mm\uff5e260 mm<br \/>\nHod 200 mm\uff5e260 mm<\/td>\n<\/tr>\n<tr>\n<td>Tlak:<\/td>\n<td>do 35 MPa<\/td>\n<\/tr>\n<tr>\n<td>Uporaba:<\/td>\n<td>Odprti vrtalni stroj za predore<\/td>\n<\/tr>\n<\/tbody>\n<\/table>\n<h2><strong>Odprta uporaba cilindra TBM:<\/strong><\/h2>\n<p><img loading=\"lazy\" decoding=\"async\" class=\"alignnone wp-image-1899 size-full\" src=\"https:\/\/hydraulic-cylinders.net\/wp-content\/uploads\/2023\/10\/open-tbm-cylinder-1.webp\" alt=\"\" width=\"709\" height=\"473\" srcset=\"https:\/\/hydraulic-cylinders.net\/wp-content\/uploads\/2023\/10\/open-tbm-cylinder-1.webp 709w, https:\/\/hydraulic-cylinders.net\/wp-content\/uploads\/2023\/10\/open-tbm-cylinder-1-480x320.webp 480w\" sizes=\"(min-width: 0px) and (max-width: 480px) 480px, (min-width: 481px) 709px, 100vw\" \/><\/p>\n<h2><strong>Metoda uporabe odprtega navornega cilindra TBM<\/strong><strong>:<\/strong><\/h2>\n<ul>\n<li><strong>Namestitev cilindra:<\/strong>\u00a0 Namestite odprti momentni valj tbm v skladu z navodili proizvajalca. Zagotovite pravilno poravnavo in varno pritrditev na konstrukcijo tbm z uporabo ustreznih monta\u017enih nosilcev ali dodatkov.<\/li>\n<li><strong>Integracija hidravli\u010dnega sistema:<\/strong> Priklju\u010dite jeklenko na hidravli\u010dni sistem TBM z uporabo zdru\u017eljivih cevi in \u200b\u200bspojk. Preverite, ali so vse povezave varne, netesne in ustrezno zategnjene, da zagotovite optimalno hidravli\u010dno delovanje.<\/li>\n<li><strong>Nastavitev navora:<\/strong>\u00a0 Seznanite se s krmilnimi elementi, specifi\u010dnimi za odprti momentni valj TBM. Ti krmilniki prilagajajo izhodni navor, kar omogo\u010da natan\u010den nadzor nad silo izkopa TBM. Prilagodite izhodni navor glede na pogoje tal in zahteve izkopa.<\/li>\n<li><strong>Varnostni ukrepi:<\/strong>\u00a0 Upo\u0161tevajte vse varnostne protokole in smernice proizvajalca TBM. Zagotovite, da so upravljavci usposobljeni za varno upravljanje TBM in odprtega navornega cilindra TBM. Redno pregledujte varnostne mehanizme in izvajajte vzdr\u017eevanje po priporo\u010dilih, da zagotovite pravilno delovanje.<\/li>\n<\/ul>\n<h2><strong>Kako odzra\u010diti hidravli\u010dni cilinder na traktorju?<\/strong><\/h2>\n<p>Odzra\u010devanje hidravli\u010dnega cilindra na traktorju je pomembno za ohranjanje pravilnega delovanja in zmogljivosti hidravli\u010dnega sistema. Tukaj je navodilo po korakih, ki vam bo pomagalo pri odzra\u010devanju hidravli\u010dnega cilindra:<\/p>\n<ol>\n<li><strong>Varnost na prvem mestu:<\/strong> Preden za\u010dnete, se prepri\u010dajte, da je traktor izklopljen, motor ohlajen in da je hidravli\u010dni sistem brez tlaka. Prav tako si nadenite ustrezno osebno za\u0161\u010ditno opremo (OZO), kot so rokavice in za\u0161\u010ditna o\u010dala.<\/li>\n<li><strong>Poi\u0161\u010dite odzra\u010devalni ventil:<\/strong> Poi\u0161\u010dite odzra\u010devalni ventil na hidravli\u010dnem cilindru. Odzra\u010devalni ventil je obi\u010dajno majhen vijak ali ventil, ki se nahaja na ohi\u0161ju cilindra ali v bli\u017eini hidravli\u010dnih priklju\u010dkov.<\/li>\n<li><strong>Priprava posode za zbiranje:<\/strong> Pod odzra\u010devalni ventil postavite primerno posodo, da ujamete morebitno hidravli\u010dno teko\u010dino, ki bi lahko iztekla med postopkom odzra\u010devanja.<\/li>\n<li><strong>Odprite odzra\u010devalni ventil:<\/strong> Z ustreznim klju\u010dem ali orodjem previdno odprite odzra\u010devalni ventil tako, da ga obrnete v nasprotni smeri urinega kazalca. Tako boste lahko izpustili zrak in morebitno ujeto teko\u010dino.<\/li>\n<li><strong>Za\u017eenite motor:<\/strong> Za\u017eenite motor traktorja in ga pustite delovati v prostem teku. S tem aktivirate hidravli\u010dno \u010drpalko, ki omogo\u010da pretok teko\u010dine skozi sistem.<\/li>\n<li><strong>Upravljanje hidravli\u010dnega krmilnika:<\/strong> Vklopite hidravli\u010dni regulator, ki upravlja valj, ki ga \u017eelite odzra\u010diti. Premaknite regulator v iztegnjen ali uvle\u010den polo\u017eaj, odvisno od \u017eelenega delovanja. To bo pomagalo ustvariti hidravli\u010dni tlak in iztisniti morebitni ujeti zrak iz valja.<\/li>\n<li><strong>Opazujte pretok teko\u010dine:<\/strong> Opazujte pretok teko\u010dine iz odzra\u010devalnega ventila. Sprva boste morda opazili zra\u010dne mehur\u010dke, vendar se mora teko\u010dina med odzra\u010devanjem zgostiti in postati brez zraka. Pustite, da teko\u010dina nekaj \u010dasa te\u010de, da se zagotovi iztisnitev vsega zraka.<\/li>\n<li><strong>Zaprite odzra\u010devalni ventil:<\/strong> Ko teko\u010dina te\u010de gladko brez zra\u010dnih mehur\u010dkov, zaprite odzra\u010devalni ventil tako, da ga obrnete v smeri urinega kazalca. Pazite, da ga ne zategnete preve\u010d.<\/li>\n<li><strong>Preverite nivo hidravli\u010dne teko\u010dine:<\/strong> Preverite nivo hidravli\u010dne teko\u010dine v rezervoarju traktorja. Po potrebi dolijte priporo\u010deno hidravli\u010dno teko\u010dino, da ohranite pravilno raven. Za pravilno vrsto in specifikacije hidravli\u010dne teko\u010dine glejte priro\u010dnik za traktor.<\/li>\n<li><strong>Preizkusno delovanje:<\/strong> Ko je hidravli\u010dni valj odzra\u010den in je preverjen nivo teko\u010dine, preizkusite hidravli\u010dni sistem traktorja tako, da aktivirate krmilnik odzra\u010denega valja. Opazujte delovanje valja. Ta mora delovati gladko in zagotavljati zadostno silo.<\/li>\n<li><strong>Po potrebi ponovite:<\/strong> V nekaterih primerih lahko trdovratni zra\u010dni \u017eepi zahtevajo ve\u010d ciklov odzra\u010devanja. \u010ce v sistemu \u0161e vedno opazite zrak ali \u010de delovanje ni dobro, ponovite postopek odzra\u010devanja.<\/li>\n<\/ol>\n<h2><strong>Zmogljivost in zmogljivost tovarne:<\/strong><\/h2>\n<h3>(1) Sestavljanje<\/h3>\n<p>Imamo prvovrstno neodvisno platformo za raziskave in razvoj. Delavnica za proizvodnjo hidravli\u010dnih cilindrov ima \u0161tiri polavtomatske monta\u017ene linije za dvi\u017ene cilindre in eno avtomatsko monta\u017eno linijo za nagibne cilindre z letno proizvodno zmogljivostjo 1 milijona kosov. Delavnica za posebne cilindre je opremljena z razli\u010dnimi specifikacijami polavtomatskega sistema za \u010di\u0161\u010denje in monta\u017eo z letno proizvodno zmogljivostjo 200.000 kosov ter znano CNC obdelovalno opremo, obdelovalnim centrom, visoko precizno posebno opremo za obdelavo cilindrov, robotskim varilnim strojem, avtomatskim \u010distilnim strojem, avtomatskim strojem za monta\u017eo cilindrov in avtomatsko proizvodno linijo za barvanje. Obstoje\u010da kriti\u010dna oprema obsega ve\u010d kot 300 kompletov (kompletov). Optimalna razporeditev in u\u010dinkovita uporaba opremnih virov zagotavljata zahteve glede natan\u010dnosti izdelkov in izpolnjujeta visoke zahteve glede kakovosti izdelkov.<\/p>\n<p><img loading=\"lazy\" decoding=\"async\" class=\"alignnone wp-image-626\" src=\"https:\/\/hydraulic-cylinders.net\/wp-content\/uploads\/2023\/08\/hydraulic-cylinder-product-1-300x158.webp\" alt=\"\" width=\"495\" height=\"260\" srcset=\"https:\/\/hydraulic-cylinders.net\/wp-content\/uploads\/2023\/08\/hydraulic-cylinder-product-1-300x158.webp 495w, https:\/\/hydraulic-cylinders.net\/wp-content\/uploads\/2023\/08\/hydraulic-cylinder-product-1-480x252.webp 480w\" sizes=\"(min-width: 0px) and (max-width: 480px) 480px, (min-width: 481px) 495px, 100vw\" \/> <img loading=\"lazy\" decoding=\"async\" class=\"alignnone wp-image-627\" src=\"https:\/\/hydraulic-cylinders.net\/wp-content\/uploads\/2023\/08\/hydraulic-cylinder-product-2-300x189.webp\" alt=\"\" width=\"413\" height=\"260\" \/><\/p>\n<h3>(2) Strojna obdelava<\/h3>\n<p>Strojna delavnica je opremljena s prilagojenim centrom za stru\u017eenje nagnjenih tirnic, obdelovalnim centrom, visokohitrostnim strojem za honanje, varilnim robotom in drugo sorodno opremo, ki lahko obdeluje cilindri\u010dne cevi z najve\u010djim notranjim premerom 400 mm in najve\u010djo dol\u017eino 6 metrov.<\/p>\n<p><img loading=\"lazy\" decoding=\"async\" class=\"alignnone wp-image-628 size-large\" src=\"https:\/\/hydraulic-cylinders.net\/wp-content\/uploads\/2023\/08\/hydraulic-cylinder-product-3-1024x391.webp\" alt=\"\" width=\"1024\" height=\"391\" srcset=\"https:\/\/hydraulic-cylinders.net\/wp-content\/uploads\/2023\/08\/hydraulic-cylinder-product-3-980x374.webp 980w, https:\/\/hydraulic-cylinders.net\/wp-content\/uploads\/2023\/08\/hydraulic-cylinder-product-3-480x183.webp 480w\" sizes=\"(min-width: 0px) and (max-width: 480px) 480px, (min-width: 481px) and (max-width: 980px) 980px, (min-width: 981px) 1024px, 100vw\" \/><\/p>\n<h3>(3) Varjenje<\/h3>\n<p><img loading=\"lazy\" decoding=\"async\" class=\"alignnone wp-image-629 size-large\" src=\"https:\/\/hydraulic-cylinders.net\/wp-content\/uploads\/2023\/08\/hydraulic-cylinder-product-4-1024x510.webp\" alt=\"\" width=\"1024\" height=\"510\" srcset=\"https:\/\/hydraulic-cylinders.net\/wp-content\/uploads\/2023\/08\/hydraulic-cylinder-product-4-980x488.webp 980w, https:\/\/hydraulic-cylinders.net\/wp-content\/uploads\/2023\/08\/hydraulic-cylinder-product-4-480x239.webp 480w\" sizes=\"(min-width: 0px) and (max-width: 480px) 480px, (min-width: 481px) and (max-width: 980px) 980px, (min-width: 981px) 1024px, 100vw\" \/><\/p>\n<h3>(4) Barvanje in premazovanje<\/h3>\n<p>Z majhnimi in srednje velikimi cilindri\u010dnimi avtomatskimi linijami za barvanje na vodni osnovi, za doseganje avtomatskega nakladanja in razkladanja robotov ter avtomatskega brizganja, je projektna zmogljivost 4000 kosov na izmeno;<br \/>\nImamo tudi polavtomatsko linijo za proizvodnjo barv za velike jeklenke, ki jo poganja veriga, s projektno zmogljivostjo 60 zabojev na izmeno.<\/p>\n<p><img loading=\"lazy\" decoding=\"async\" class=\"alignnone wp-image-630\" src=\"https:\/\/hydraulic-cylinders.net\/wp-content\/uploads\/2023\/08\/hydraulic-cylinder-product-5-300x213.webp\" alt=\"\" width=\"366\" height=\"260\" \/> <img loading=\"lazy\" decoding=\"async\" class=\"alignnone wp-image-631\" src=\"https:\/\/hydraulic-cylinders.net\/wp-content\/uploads\/2023\/08\/hydraulic-cylinder-product-6-300x225.webp\" alt=\"\" width=\"347\" height=\"260\" \/><\/p>\n<h3>(5) Testiranje<\/h3>\n<p>Imamo prvovrstne in\u0161pekcijske prostore in testne postaje, s katerimi zagotavljamo, da delovanje jeklenke izpolnjuje zahteve.<\/p>\n<p><img loading=\"lazy\" decoding=\"async\" class=\"alignnone wp-image-632\" src=\"https:\/\/hydraulic-cylinders.net\/wp-content\/uploads\/2023\/08\/hydraulic-cylinder-product-8-300x200.webp\" alt=\"\" width=\"389\" height=\"260\" \/><\/p>\n<p>&nbsp;<\/p>\n<p>&nbsp;<\/p>\n<p>Smo eden najbolj\u0161ih proizvajalcev hidravli\u010dnih cilindrov. Ponujamo vam celovite hidravli\u010dne cilindre. Zagotavljamo tudi ustrezne <a href=\"https:\/\/hzpt.com\/agricultural-pto-gearbox\/\" target=\"_blank\" rel=\"noopener\">kmetijski menjalniki<\/a>Na\u0161e izdelke smo izvozili strankam po vsem svetu in si prislu\u017eili dober ugled zaradi vrhunske kakovosti izdelkov in poprodajnih storitev. Z veseljem vas vabimo, da nas kontaktirate za poslovne dogovore, izmenjavo informacij in ... <a href=\"https:\/\/www.hydraulic-cylinders.net\/sl\/contact-us\/\">sodelujte z nami<\/a>!<\/p>\n<p>&nbsp;<\/p>","protected":false},"excerpt":{"rendered":"<p>Open TBM Torque Cylinder The open TBM torque cylinder is a cutting-edge hydraulic component designed to deliver exceptional power and precision in tunnel boring operations. This specialized cylinder plays a vital role in providing torque force to the tunnel boring machine (TBM), enabling efficient excavation through various geological formations. In this informative article, we will [&hellip;]<\/p>","protected":false},"featured_media":1902,"comment_status":"open","ping_status":"closed","template":"","meta":{"_et_pb_use_builder":"","_et_pb_old_content":"","_et_gb_content_width":""},"product_brand":[],"product_cat":[1550,1519],"product_tag":[1380],"class_list":{"0":"post-1900","1":"product","2":"type-product","3":"status-publish","4":"has-post-thumbnail","6":"product_cat-double-acting-hydraulic-cylinder","7":"product_cat-shield-machine-hydraulic-cylinders","8":"product_tag-hydraulic-cylinder","10":"first","11":"instock","12":"shipping-taxable","13":"product-type-simple"},"amp_enabled":true,"_links":{"self":[{"href":"https:\/\/www.hydraulic-cylinders.net\/sl\/wp-json\/wp\/v2\/product\/1900","targetHints":{"allow":["GET"]}}],"collection":[{"href":"https:\/\/www.hydraulic-cylinders.net\/sl\/wp-json\/wp\/v2\/product"}],"about":[{"href":"https:\/\/www.hydraulic-cylinders.net\/sl\/wp-json\/wp\/v2\/types\/product"}],"replies":[{"embeddable":true,"href":"https:\/\/www.hydraulic-cylinders.net\/sl\/wp-json\/wp\/v2\/comments?post=1900"}],"wp:featuredmedia":[{"embeddable":true,"href":"https:\/\/www.hydraulic-cylinders.net\/sl\/wp-json\/wp\/v2\/media\/1902"}],"wp:attachment":[{"href":"https:\/\/www.hydraulic-cylinders.net\/sl\/wp-json\/wp\/v2\/media?parent=1900"}],"wp:term":[{"taxonomy":"product_brand","embeddable":true,"href":"https:\/\/www.hydraulic-cylinders.net\/sl\/wp-json\/wp\/v2\/product_brand?post=1900"},{"taxonomy":"product_cat","embeddable":true,"href":"https:\/\/www.hydraulic-cylinders.net\/sl\/wp-json\/wp\/v2\/product_cat?post=1900"},{"taxonomy":"product_tag","embeddable":true,"href":"https:\/\/www.hydraulic-cylinders.net\/sl\/wp-json\/wp\/v2\/product_tag?post=1900"}],"curies":[{"name":"delovni list","href":"https:\/\/api.w.org\/{rel}","templated":true}]}}