{"id":19003,"date":"2025-04-07T06:06:39","date_gmt":"2025-04-07T06:06:39","guid":{"rendered":"https:\/\/www.hydraulic-cylinders.net\/product\/boom-cylinder-for-doosan-large-excavator-dh290\/"},"modified":"2025-04-07T06:06:41","modified_gmt":"2025-04-07T06:06:41","slug":"boom-cylinder-for-doosan-large-excavator-dh290","status":"publish","type":"product","link":"https:\/\/www.hydraulic-cylinders.net\/sl\/izdelek\/boom-cylinder-for-doosan-large-excavator-dh290\/","title":{"rendered":"Cilinder roke za Doosan velik bager DH290"},"content":{"rendered":"<h1>Cilinder roke za Doosan velik bager DH290<\/h1>\n<h2>Uvod v cilinder roke<\/h2>\n<p>Cilinder roke je klju\u010dna hidravli\u010dna komponenta, zasnovana posebej za velike bagre, kot je Doosan DH290. Ta hidravli\u010dni cilinder igra bistveno vlogo pri nadzoru gibanja roke, kar omogo\u010da natan\u010dno dvigovanje, spu\u0161\u010danje in nagibanje roke bagra. Funkcionalnost cilindra roke je klju\u010dnega pomena za razli\u010dna opravila ravnanja z materiali, saj omogo\u010da u\u010dinkovito delovanje v gradbeni\u0161tvu, rudarstvu in drugih te\u017ekih aplikacijah.<\/p>\n<p><img decoding=\"async\" src=\"https:\/\/www.hydraulic-cylinders.net\/wp-content\/uploads\/2025\/04\/songte-company-1.webp\" alt=\"Slika cilindra roke\" \/><\/p>\n<h3>Razumevanje cilindra vedra<\/h3>\n<p>Cilindri \u017elice so specializirani hidravli\u010dni cilindri, ki krmilijo gibanje \u017elice v te\u017ekih strojih, kot so bagri, bagri nakladalniki in \u010delni nakladalniki. Omogo\u010dajo dvigovanje, spu\u0161\u010danje in nagibanje \u017elice, kar olaj\u0161a naloge ravnanja z materiali. Ti cilindri so zasnovani tako, da prenesejo visok tlak in velike obremenitve, zaradi \u010desar so bistveni za u\u010dinkovito delovanje v razli\u010dnih delovnih okoljih.<\/p>\n<h2>Zna\u010dilnosti cilindra roke<\/h2>\n<ul>\n<li><strong>Visoka trdnost in vzdr\u017eljivost:<\/strong> Cilinder roke je izdelan iz visoko trdnega jekla ali aluminija in lahko prenese visok tlak in velike obremenitve, zato je primeren za te\u017eke delovne pogoje. Zasnova upo\u0161teva odpornost proti obrabi in koroziji, kar podalj\u0161uje njegovo \u017eivljenjsko dobo.<\/li>\n<li><strong>U\u010dinkovito hidravli\u010dno delovanje:<\/strong> Z uporabo hidravli\u010dnega tlaka teko\u010dine cilinder roke zagotavlja gladko iztegovanje in vstavljanje. Hitro se odziva na ukaze upravljavca in zagotavlja mo\u010dne potisne in vle\u010dne sile za opravljanje te\u017ekih in kompleksnih nalog.<\/li>\n<li><strong>Raznolikost vrst:<\/strong> Na voljo v enosmerno delujo\u010di (hidravlika v eni smeri) ali dvosmerno delujo\u010di (hidravlika v obeh smereh) konfiguraciji za razli\u010dne operativne potrebe. Nekateri modeli so teleskopski, kar omogo\u010da ve\u010dji razteg brez pove\u010danja zunanjih dimenzij, kar je idealno za aplikacije z omejenim prostorom.<\/li>\n<li><strong>Prilagodljive re\u0161itve:<\/strong> Na\u0161e proizvodne zmogljivosti nam omogo\u010dajo izdelavo cilindrov roke, ki popolnoma nadomestijo obstoje\u010de hidravli\u010dne cilindre in zagotavljajo prilagojene re\u0161itve za razli\u010dno opremo.<\/li>\n<li><strong>Napredna tehnologija:<\/strong> Z uporabo najnovej\u0161e tehnologije hidravli\u010dne zasnove na\u0161i cilindri roke izbolj\u0161ujejo zmogljivost in zanesljivost ter zagotavljajo optimalno u\u010dinkovitost delovanja.<\/li>\n<\/ul>\n<p><img decoding=\"async\" src=\"https:\/\/www.hydraulic-cylinders.net\/wp-content\/uploads\/2025\/04\/songte-cylinder-head-with-all-kinds-excavator-models.webp\" alt=\"Zdru\u017eljivost modelov bagrov\" \/><\/p>\n<h2>Uporaba cilindra roke<\/h2>\n<h3>Gradbena oprema<\/h3>\n<p>Pri bagrih so cilindri roke klju\u010dnega pomena za kopanje, nakladanje in premikanje zemlje ali ru\u0161evin. Omogo\u010dajo bagru u\u010dinkovito opravljanje nalog, kar pove\u010duje produktivnost na gradbi\u0161\u010dih. Pri bagrih nakladalnikih cilinder roke pomaga tako pri kopanju kot pri dvigovanju, zaradi \u010desar je nepogre\u0161ljiv pri razli\u010dnih gradbenih opravilih.<\/p>\n<h3>Kmetijska mehanizacija<\/h3>\n<p>Cilindri roke, ki se uporabljajo v \u010delnih nakladalnikih, pomagajo pri zajemanju, dvigovanju in prevozu zemlje, sena in drugih materialov. Njihova robustna zasnova zagotavlja, da lahko obvladujejo zahtevna kmetijska opravila in pove\u010dujejo u\u010dinkovitost kmetijskih dejavnosti.<\/p>\n<h3>Bagri<\/h3>\n<p>Pri bagrih cilindri \u017elice omogo\u010dajo, da \u017elica prodre v zemljo, kar olaj\u0161a u\u010dinkovito kopanje. Njihova zasnova omogo\u010da maksimalno uporabo sile, zaradi \u010desar so idealni za te\u017eka izkopavanja.<\/p>\n<h3>Nakladalci<\/h3>\n<p>Pri \u010delnih nakladalnikih cilindri roke u\u010dinkovito prispevajo k dvigovanju in odlaganju materialov. Njihova mo\u010d in zanesljivost zagotavljata nemoteno delovanje, kar zmanj\u0161uje \u010das izpada in pove\u010duje splo\u0161no operativno u\u010dinkovitost.<\/p>\n<h2>Oblikovalski vidiki in izbirna merila<\/h2>\n<h3>Nosilnost<\/h3>\n<p>Pri izbiri cilindra roke je razumevanje njegove nosilnosti najpomembnej\u0161e. Cilinder mora biti sposoben prenesti najve\u010djo te\u017eo, s katero se bo soo\u010dil med delovanjem. To zagotavlja varnost in u\u010dinkovitost pri opravljanju nalog. Ustrezna nosilnost prepre\u010duje tudi prezgodnjo obrabo in okvaro, kar podalj\u0161a \u017eivljenjsko dobo cilindra.<\/p>\n<h3>Tesnilni mehanizmi<\/h3>\n<p>U\u010dinkovito tesnjenje je klju\u010dnega pomena za prepre\u010devanje pu\u0161\u010danja hidravli\u010dne teko\u010dine in vzdr\u017eevanje tlaka v sistemu. Visokokakovostna tesnila iz trpe\u017enih materialov, kot sta poliuretan in nitrilna guma, so bistvenega pomena. Tesnila morajo biti zasnovana tako, da prenesejo te\u017eke obratovalne pogoje, zagotavljajo zanesljivo delovanje in zmanj\u0161ujejo stro\u0161ke vzdr\u017eevanja.<\/p>\n<h3>Vzdr\u017eljivost in odpornost<\/h3>\n<p>Vzdr\u017eljivost je klju\u010dni dejavnik pri zasnovi cilindrov roke. Biti morajo odporni proti obrabi in koroziji, saj delujejo v zahtevnih okoljih. Materiali, uporabljeni pri gradnji, morajo imeti odli\u010dno odpornost proti utrujanju in biti sposobni prenesti ponavljajo\u010de se obremenitve brez degradacije.<\/p>\n<h3>Varnostne funkcije<\/h3>\n<p>Vklju\u010ditev varnostnih elementov v zasnovo cilindrov roke zagotavlja za\u0161\u010dito upravljavcev in opreme. Funkcije, kot so tla\u010dni varnostni ventili in mehanizmi za za\u0161\u010dito pred preobremenitvijo, pove\u010dujejo varnost med delovanjem. Proizvajalci bi morali dati prednost zasnovi cilindrov, ki prepre\u010dujejo nesre\u010de in po\u0161kodbe opreme.<\/p>\n<h3>Vzdr\u017eevanje in servisiranje<\/h3>\n<p>Zasnova cilindrov roke za enostavno vzdr\u017eevanje je bistvenega pomena za zagotavljanje dolge \u017eivljenjske dobe in zmogljivosti. Funkcije, kot so dostopne mazalne to\u010dke, zamenljiva tesnila in enostavna demonta\u017ea, prispevajo k skraj\u0161anju izpadov in ni\u017ejim stro\u0161kom vzdr\u017eevanja. Redno vzdr\u017eevanje bi moralo biti olaj\u0161ano z izbirami zasnove, ki omogo\u010dajo hitre preglede in popravila.<\/p>\n<p><img decoding=\"async\" src=\"https:\/\/www.hydraulic-cylinders.net\/wp-content\/uploads\/2025\/04\/songte-oil-pipes-and-spare-parts.webp\" alt=\"Hidravli\u010dne komponente\" \/><\/p>\n<h2>Tesnjenje in mazanje v hidravli\u010dnih cilindrih<\/h2>\n<p>U\u010dinkovito tesnjenje in mazanje sta klju\u010dnega pomena za optimalno delovanje cilindrov roke. Za zagotavljanje zrakotesnosti predelkov znotraj cilindra se uporabljajo razli\u010dni tesnilni elementi, vklju\u010dno s tesnili bata in ojnice. Visokokakovostna tesnila, izdelana iz materialov, odpornih proti obrabi, kot sta poliuretan in nitrilna guma, so bistvena za prepre\u010devanje pu\u0161\u010danja in vzdr\u017eevanje hidravli\u010dnega tlaka.<\/p>\n<p>Povr\u0161ine ohi\u0161ja valja in navojnih koncev so natan\u010dno obdelane za pove\u010danje odpornosti proti obrabi. Redno mazanje s hidravli\u010dnim oljem je potrebno za zmanj\u0161anje trenja in nastajanja toplote, s \u010dimer se podalj\u0161a \u017eivljenjska doba valja. Upravljavci morajo zagotoviti pravilno vrsto in koli\u010dino hidravli\u010dnega olja, da zagotovijo nemoteno delovanje.<\/p>\n<h2>Redni pregledi in preventivni vzdr\u017eevalni ukrepi<\/h2>\n<ul>\n<li><strong>Vizualni pregledi:<\/strong> Redni vizualni pregledi znakov obrabe, pu\u0161\u010danja ali po\u0161kodb lahko pomagajo prepoznati morebitne te\u017eave, preden se stopnjujejo. Upravljavci morajo pregledati tesnila, priklju\u010dke in cevi glede obrabe ali po\u0161kodb.<\/li>\n<li><strong>Nivo hidravli\u010dne teko\u010dine:<\/strong> Zagotavljanje vzdr\u017eevanja nivoja hidravli\u010dne teko\u010dine je klju\u010dnega pomena. Nizka raven teko\u010dine lahko povzro\u010di nezadostno mazanje in pregrevanje, kar vodi v okvaro cilindra. Upravljavci morajo redno preverjati in po potrebi dopolnjevati teko\u010dine.<\/li>\n<li><strong>Zamenjava tesnila:<\/strong> Tesnila so obrabni deli, ki jih je treba redno menjati. Spremljanje stanja tesnil in njihova zamenjava po potrebi bosta prepre\u010dila pu\u0161\u010danje in ohranila delovanje valja.<\/li>\n<\/ul>\n<h2>Navodila za namestitev cilindrov roke<\/h2>\n<p>Namestitev cilindra roke zahteva skrbno na\u010drtovanje in izvedbo, da se zagotovi optimalno delovanje. Najprej zagotovite, da je povr\u0161ina za namestitev \u010dista in ravna, kar zagotavlja stabilno podlago za valj. Poravnajte valj z nosilci in se prepri\u010dajte, da ni nobenih nepravilnosti, ki bi lahko povzro\u010dile prezgodnjo obrabo.<\/p>\n<p>Za pritrditev cilindra uporabite ustrezno monta\u017eno opremo in tehnike. Priporo\u010dljivo je uporabiti ustrezne monta\u017ene nosilce, da trdno pritrdite cilinder. Ko je cilinder name\u0161\u010den, temeljito preverite poravnavo, da se prepri\u010date, da deluje gladko in brez ovir.<\/p>\n<p>Po namestitvi izvedite tla\u010dni preizkus, da preverite, ali ni pu\u0161\u010danja in ali jeklenka deluje pravilno. Po namestitvi redno preverjajte priklju\u010dke in delovanje jeklenke, da zagotovite njeno stalno delovanje.<\/p>\n<h2>Pogosta vzdr\u017eevalna opravila<\/h2>\n<ul>\n<li><strong>Redni pregledi:<\/strong> Redni pregledi so klju\u010dnega pomena za zgodnje odkrivanje morebitnih te\u017eav. Redni pregledi pomagajo odkriti morebitne znake obrabe ali po\u0161kodb, kar omogo\u010da pravo\u010dasna popravila.<\/li>\n<li><strong>Pravilno mazanje:<\/strong> Zagotavljanje ustreznega mazanja cilindra roke je klju\u010dnega pomena za zmanj\u0161anje trenja in obrabe. Redno dodajanje pravilne vrste hidravli\u010dnega olja bo izbolj\u0161alo zmogljivost in dolgo \u017eivljenjsko dobo.<\/li>\n<li><strong>Zamenjava tesnila:<\/strong> Redno spremljanje in zamenjava obrabljenih tesnil je bistvenega pomena za vzdr\u017eevanje hidravli\u010dnega tlaka in prepre\u010devanje pu\u0161\u010danja. Pravilno delujo\u010da tesnila so klju\u010dnega pomena za u\u010dinkovitost hidravli\u010dnega sistema.<\/li>\n<\/ul>\n<h2>Varnostni vidiki in okoljski dejavniki<\/h2>\n<p>Varnostni ukrepi so pri uporabi hidravli\u010dnih cilindrov bistvenega pomena. Upravljavci se morajo zavedati morebitnih nevarnosti, povezanih s hidravli\u010dnimi sistemi, vklju\u010dno s teko\u010dino pod tlakom in morebitnimi mehanskimi okvarami. Izvajanje varnostnih protokolov, kot sta no\u0161enje za\u0161\u010ditne opreme in redni varnostni pregledi, je klju\u010dnega pomena za prepre\u010devanje nesre\u010d in po\u0161kodb.<\/p>\n<h2>Diagnoza napak in pogoste te\u017eave<\/h2>\n<ul>\n<li><strong>Pu\u0161\u010danje:<\/strong> Pu\u0161\u010danje iz tesnil lahko ka\u017ee na obrabo ali po\u0161kodbo. Redni pregledi in pravo\u010dasna zamenjava tesnil lahko ubla\u017eijo to te\u017eavo.<\/li>\n<li><strong>Zmanj\u0161ana zmogljivost:<\/strong> Padec u\u010dinkovitosti delovanja cilindra lahko ka\u017ee na nizko raven hidravli\u010dne teko\u010dine ali notranjo obrabo. Redno vzdr\u017eevanje in spremljanje lahko pomagata odpraviti te te\u017eave.<\/li>\n<li><strong>Nenavadni zvoki:<\/strong> \u010cudni zvoki med delovanjem lahko ka\u017eejo na mehansko okvaro ali nezadostno mazanje. Temeljiti pregledi lahko pomagajo prepoznati in odpraviti te te\u017eave.<\/li>\n<\/ul>\n<h2>Nasveti za odpravljanje te\u017eav<\/h2>\n<p>Za u\u010dinkovito diagnosticiranje in odpravljanje te\u017eav z cilindrom roke morajo upravljavci slediti sistemati\u010dnemu pristopu. Za\u010dnite z identifikacijo simptomov in njihovim sledenjem do morebitnih vzrokov. Za pu\u0161\u010danje preverite tesnila in povezave glede po\u0161kodb. \u010ce delovanje ni zadostno, preverite nivo teko\u010din in hidravli\u010dni sistem glede blokad ali pu\u0161\u010danja.<\/p>\n<p>Preventivni ukrepi, kot sta redno vzdr\u017eevanje in pravo\u010dasna popravila, lahko znatno zmanj\u0161ajo tveganje za pogoste te\u017eave. Zagotavljanje temeljitega usposabljanja upravljavcev o pravilnem ravnanju lahko prav tako pomaga zmanj\u0161ati te\u017eave in podalj\u0161ati \u017eivljenjsko dobo cilindra roke.<\/p>\n<p><img decoding=\"async\" src=\"https:\/\/www.hydraulic-cylinders.net\/wp-content\/uploads\/2025\/04\/songte-bushings-with-all-kinds-of-excavator-models.webp\" alt=\"Pu\u0161e za bagre\" \/><\/p>\n<h2>O na\u0161em podjetju<\/h2>\n<p>Smo vodilni proizvajalec hidravli\u010dnih cilindrov, specializiran za proizvodnjo visokokakovostnih nadomestnih delov za razli\u010dne aplikacije. Z obse\u017eno paleto izdelkov smo se uveljavili kot klju\u010dni akter tako na doma\u010dem kot na mednarodnem trgu. Na\u0161a zavezanost odli\u010dnosti se ka\u017ee v strogih proizvodnih procesih in upo\u0161tevanju mednarodnih standardov.<\/p>\n<p>Na\u0161e podjetje poudarja kakovost, pri \u010demer uporablja napredne proizvodne tehnike in najsodobnej\u0161o opremo. Zaposlujemo usposobljene strokovnjake, ki so predani izpopolnjevanju na\u0161ih proizvodnih procesov za izbolj\u0161anje kakovosti izdelkov. Na\u0161e zmogljivosti segajo do ponujanja prilagojenih re\u0161itev, prilagojenih raznolikim potrebam na\u0161ih strank.<\/p>\n<p><img decoding=\"async\" src=\"https:\/\/www.hydraulic-cylinders.net\/wp-content\/uploads\/2025\/04\/songte-company-4.webp\" alt=\"Proizvodnja podjetja\" \/><br \/>\n<img decoding=\"async\" src=\"https:\/\/www.hydraulic-cylinders.net\/wp-content\/uploads\/2025\/04\/songte-company-3.webp\" alt=\"Objekt podjetja\" \/><\/p>\n<p>Za ve\u010d informacij o na\u0161ih izdelkih in storitvah nas kontaktirajte. Predani smo zagotavljanju izjemne storitve in podpore strankam ter zagotavljamo, da so vse va\u0161e potrebe glede hidravli\u010dnih cilindrov u\u010dinkovito izpolnjene.<\/p>\n<p>Avtor: lyl<\/p>","protected":false},"excerpt":{"rendered":"<p>Boom Cylinder For Doosan Large Excavator DH290 Introduction to the Boom Cylinder The Boom Cylinder is a critical hydraulic component designed specifically for large excavators such as the Doosan DH290. This hydraulic cylinder plays an essential role in controlling the movement of the boom, allowing for precise lifting, lowering, and tilting of the excavator&#8217;s arm. [&hellip;]<\/p>","protected":false},"featured_media":17870,"comment_status":"open","ping_status":"closed","template":"","meta":{"_et_pb_use_builder":"","_et_pb_old_content":"","_et_gb_content_width":""},"product_brand":[],"product_cat":[1546],"product_tag":[1547,1496],"class_list":{"0":"post-19003","1":"product","2":"type-product","3":"status-publish","4":"has-post-thumbnail","6":"product_cat-boom-cylinders","7":"product_tag-boom-cylinders","8":"product_tag-hydraulic-cylinders","10":"first","11":"instock","12":"shipping-taxable","13":"product-type-simple"},"amp_enabled":true,"_links":{"self":[{"href":"https:\/\/www.hydraulic-cylinders.net\/sl\/wp-json\/wp\/v2\/product\/19003","targetHints":{"allow":["GET"]}}],"collection":[{"href":"https:\/\/www.hydraulic-cylinders.net\/sl\/wp-json\/wp\/v2\/product"}],"about":[{"href":"https:\/\/www.hydraulic-cylinders.net\/sl\/wp-json\/wp\/v2\/types\/product"}],"replies":[{"embeddable":true,"href":"https:\/\/www.hydraulic-cylinders.net\/sl\/wp-json\/wp\/v2\/comments?post=19003"}],"wp:featuredmedia":[{"embeddable":true,"href":"https:\/\/www.hydraulic-cylinders.net\/sl\/wp-json\/wp\/v2\/media\/17870"}],"wp:attachment":[{"href":"https:\/\/www.hydraulic-cylinders.net\/sl\/wp-json\/wp\/v2\/media?parent=19003"}],"wp:term":[{"taxonomy":"product_brand","embeddable":true,"href":"https:\/\/www.hydraulic-cylinders.net\/sl\/wp-json\/wp\/v2\/product_brand?post=19003"},{"taxonomy":"product_cat","embeddable":true,"href":"https:\/\/www.hydraulic-cylinders.net\/sl\/wp-json\/wp\/v2\/product_cat?post=19003"},{"taxonomy":"product_tag","embeddable":true,"href":"https:\/\/www.hydraulic-cylinders.net\/sl\/wp-json\/wp\/v2\/product_tag?post=19003"}],"curies":[{"name":"delovni list","href":"https:\/\/api.w.org\/{rel}","templated":true}]}}