{"id":19004,"date":"2025-04-07T06:06:41","date_gmt":"2025-04-07T06:06:41","guid":{"rendered":"https:\/\/www.hydraulic-cylinders.net\/product\/boom-cylinder-for-doosan-large-excavator-dh320\/"},"modified":"2025-04-07T06:06:44","modified_gmt":"2025-04-07T06:06:44","slug":"boom-cylinder-for-doosan-large-excavator-dh320","status":"publish","type":"product","link":"https:\/\/www.hydraulic-cylinders.net\/sl\/izdelek\/boom-cylinder-for-doosan-large-excavator-dh320\/","title":{"rendered":"Cilinder roke za Doosan velik bager DH320"},"content":{"rendered":"<h1>Cilinder roke za Doosan velik bager DH320<\/h1>\n<h2>Pregled cilindra roke<\/h2>\n<p>Cilinder roke je klju\u010dna hidravli\u010dna komponenta v te\u017eki mehanizaciji, posebej zasnovana za nadzor gibanja \u017elice v razli\u010dni opremi, kot so bagri, bagri nakladalniki in \u010delni nakladalniki. Ta hidravli\u010dni cilinder omogo\u010da dvigovanje, spu\u0161\u010danje in nagibanje \u017elice, kar omogo\u010da u\u010dinkovito ravnanje z materiali. Zasnova cilindra roke omogo\u010da natan\u010den nadzor nad delovanjem \u017elice, zaradi \u010desar je sestavni del hidravli\u010dnega sistema v gradbenih in kmetijskih strojih.<\/p>\n<p><img decoding=\"async\" src=\"https:\/\/www.hydraulic-cylinders.net\/wp-content\/uploads\/2025\/04\/songte-company-1.webp\" alt=\"Cilinder roke za bager\" \/><\/p>\n<h2>Zna\u010dilnosti cilindra roke<\/h2>\n<ul>\n<li><strong>Visoka trdnost in vzdr\u017eljivost:<\/strong> Ti cilindri so obi\u010dajno izdelani iz visoko trdnega jekla ali aluminija in so izdelani tako, da prenesejo visok tlak in velike obremenitve, zaradi \u010desar so primerni za zahtevna delovna okolja. Zasnova vklju\u010duje odpornost proti obrabi in koroziji za podalj\u0161anje \u017eivljenjske dobe.<\/li>\n<li><strong>U\u010dinkovito hidravli\u010dno delovanje:<\/strong> Uporaba hidravli\u010dnega oljnega tlaka omogo\u010da gladko iztegovanje in vstavljanje, kar zagotavlja hiter odziv na krmilne ukaze in mo\u010dne potisne in vle\u010dne sile, primerne za opravljanje te\u017ekih in kompleksnih nalog.<\/li>\n<li><strong>Razli\u010dne vrste:<\/strong> Mo\u017enosti vklju\u010dujejo enosmerno delujo\u010de (hidravli\u010dna sila deluje v eno smer) in dvosmerno delujo\u010de cilindre (delujejo v obe smeri). Nekateri modeli ponujajo teleskopsko zasnovo, ki omogo\u010da ve\u010dji razteg brez pove\u010danja zunanjih dimenzij, kar je idealno za aplikacije z omejenim prostorom.<\/li>\n<li><strong>Prilagoditev:<\/strong> Na\u0161i izdelki lahko popolnoma nadomestijo obstoje\u010de hidravli\u010dne cilindre, kar zagotavlja zdru\u017eljivost in zmogljivost.<\/li>\n<li><strong>Robustna zmogljivost:<\/strong> Ti cilindri so zasnovani za zanesljivost in so preizku\u0161eni v razli\u010dnih pogojih, da se zagotovi optimalno delovanje v vseh aplikacijah.<\/li>\n<\/ul>\n<p><img decoding=\"async\" src=\"https:\/\/www.hydraulic-cylinders.net\/wp-content\/uploads\/2025\/04\/songte-cylinder-head-with-all-kinds-excavator-models.webp\" alt=\"Modeli bagrov\" \/><\/p>\n<h2>Uporaba cilindra roke<\/h2>\n<h3>Gradbena oprema<\/h3>\n<p>Pri bagrih so cilindri roke bistveni za kopanje, nakladanje in premikanje zemlje ali ru\u0161evin. Ti hidravli\u010dni cilindri zagotavljajo potrebno silo za prodiranje v tla, kar omogo\u010da upravljavcem u\u010dinkovito zajemanje in prevoz materialov. Njihova funkcionalnost je klju\u010dnega pomena na gradbi\u0161\u010dih, kjer sta natan\u010dnost in mo\u010d najpomembnej\u0161i.<\/p>\n<h3>Kmetijska mehanizacija<\/h3>\n<p>\u010celni nakladalniki uporabljajo cilindre roke za zajemanje, dvigovanje in prevoz zemlje, sena in drugih materialov. Zmo\u017enost manipuliranja z \u017elico omogo\u010da kmetom opravljanje bistvenih nalog, kot so nalaganje krme, premikanje bal in priprava polj za setev, zaradi \u010desar so ti cilindri nepogre\u0161ljivi v kmetijskih dejavnostih.<\/p>\n<h3>Bagri<\/h3>\n<p>Pri bagrih cilinder roke omogo\u010da, da \u017elica med kopanjem prodre v zemljo. To dejanje je klju\u010dnega pomena za razli\u010dna opravila, vklju\u010dno z izkopavanjem jarkov in temeljenjem, saj omogo\u010da natan\u010dno izkopavanje v razli\u010dnih vrstah tal in pogojih.<\/p>\n<h3>Nakladalci<\/h3>\n<p>Pri \u010delnih nakladalnikih cilindri roke u\u010dinkovito pomagajo pri dvigovanju in odlaganju materialov. Njihova zasnova omogo\u010da nemoteno delovanje, kar upravljavcem omogo\u010da u\u010dinkovito nalaganje tovornjakov ali premikanje materialov po gradbi\u0161\u010dih.<\/p>\n<h2>Oblikovalski vidiki in izbirna merila<\/h2>\n<h3>Nosilnost<\/h3>\n<p>Pri izbiri cilindra roke je klju\u010dnega pomena razumevanje njegove nosilnosti. Cilinder mora biti sposoben prenesti najve\u010djo te\u017eo, ki jo bo moral dvigniti in premakniti, ne da bi pri tem tvegali okvaro. Preobremenitev lahko povzro\u010di katastrofalne okvare, ki po\u0161kodujejo tako valj kot stroje, na katere je pritrjen. In\u017eenirji morajo oceniti te\u017eo materialov, s katerimi se rokuje, in izbrati valj, ki presega to zahtevo, da zagotovijo varnost in zanesljivost.<\/p>\n<h3>U\u010dinkovitost tesnjenja<\/h3>\n<p>U\u010dinkovito tesnjenje je bistvenega pomena za vzdr\u017eevanje hidravli\u010dnega tlaka in prepre\u010devanje pu\u0161\u010danja. Uporaba visokokakovostnih tesnil, zasnovanih tako, da prenesejo pogoje v hidravli\u010dnem sistemu, je klju\u010dnega pomena. Tesnila iz materialov, kot sta poliuretan ali nitrilna guma, zagotavljajo vzdr\u017eljivost in dolgo \u017eivljenjsko dobo, kar zmanj\u0161uje potrebo po pogostih menjavah. Pravilno tesnjenje prav tako izbolj\u0161a splo\u0161no u\u010dinkovitost sistema z zmanj\u0161anjem izgube teko\u010dine.<\/p>\n<h3>Vzdr\u017eljivost<\/h3>\n<p>Vzdr\u017eljivost je klju\u010dni vidik zasnove hidravli\u010dnih cilindrov. Uporabljeni materiali morajo biti odporni na obrabo zaradi stalnih mehanskih obremenitev. Dejavniki, kot so okoljski pogoji in izpostavljenost kemikalijam, lahko vplivajo na \u017eivljenjsko dobo cilindra. Proizvajalci pogosto uporabljajo povr\u0161inske obdelave in premaze za izbolj\u0161anje odpornosti proti koroziji in abraziji, kar je bistveno za ohranjanje delovanja skozi \u010das.<\/p>\n<h3>Varnostne funkcije<\/h3>\n<p>Varnost je pri zasnovi hidravli\u010dnega sistema najpomembnej\u0161a. Cilindri roke morajo imeti funkcije, ki prepre\u010dujejo nenamerno premikanje in zagotavljajo varno delovanje. Varnostni ventili in mehanizmi za razbremenitev tlaka lahko prepre\u010dijo previsok tlak, robustna zasnova pa lahko brez okvar prenese nepri\u010dakovane obremenitve. Zagotavljanje izpolnjevanja vseh varnostnih standardov med proizvodnim procesom je klju\u010dnega pomena za zaupanje uporabnikov.<\/p>\n<h3>Vzdr\u017eevanje<\/h3>\n<p>Zasnova za vzdr\u017eevanje je bistvenega pomena za zagotovitev dolge \u017eivljenjske dobe hidravli\u010dnih cilindrov. Ti morajo biti lahko dostopni za pregled, servisiranje in popravila. Zasnova mora omogo\u010dati enostavno zamenjavo tesnil in drugih obrabnih komponent brez potrebe po obse\u017enem razstavljanju. Redni vzdr\u017eevalni pregledi lahko pomagajo prepoznati morebitne te\u017eave, preden se stopnjujejo, kar na koncu prihrani stro\u0161ke in zmanj\u0161a izpade.<\/p>\n<p><img decoding=\"async\" src=\"https:\/\/www.hydraulic-cylinders.net\/wp-content\/uploads\/2025\/04\/songte-oil-pipes-and-spare-parts.webp\" alt=\"Hidravli\u010dne komponente\" \/><\/p>\n<h2>Tesnjenje in mazanje<\/h2>\n<p>Zmogljivost cilindra roke je mo\u010dno odvisna od u\u010dinkovitega tesnjenja in mazanja. Razli\u010dna tesnila, kot so tesnila bata in tesnila palice, igrajo klju\u010dno vlogo pri vzdr\u017eevanju hidravli\u010dnega tlaka v sistemu. Izbira tesnil iz trpe\u017enih materialov, kot sta poliuretan in nitrilna guma, pove\u010da odpornost proti obrabi in dolgo \u017eivljenjsko dobo.<\/p>\n<p>Poleg tega je treba ohi\u0161je valja in navojne konce natan\u010dno obdelati, da se izbolj\u0161a odpornost proti obrabi, zagotovi tesnej\u0161e prileganje in zmanj\u0161a tveganje pu\u0161\u010danja. Redno mazanje s hidravli\u010dnim oljem je bistvenega pomena za nemoteno delovanje in prepre\u010devanje obrabe. Upravljavci se morajo dr\u017eati urnika menjave olja, da zagotovijo optimalno delovanje in dolgo \u017eivljenjsko dobo hidravli\u010dnega sistema.<\/p>\n<h2>Redni pregledi in preventivni vzdr\u017eevalni ukrepi<\/h2>\n<ul>\n<li><strong>Rutinski pregledi:<\/strong> Redno pregledujte cilindre roke glede morebitnih znakov obrabe, pu\u0161\u010danja ali po\u0161kodb. To pomaga zgodaj odkriti te\u017eave, kar omogo\u010da pravo\u010dasna popravila in skraj\u0161a \u010das izpada.<\/li>\n<li><strong>Pravilno mazanje:<\/strong> Prepri\u010dajte se, da je nivo hidravli\u010dnega olja pravilen in primeren za delovne pogoje. Redno preverjajte kakovost olja in ga po potrebi zamenjajte, da ohranite u\u010dinkovito delovanje.<\/li>\n<li><strong>Zamenjava tesnila:<\/strong> Redna menjava tesnil pomaga ohranjati celovitost hidravli\u010dnega sistema. Spremljajte stanje tesnil in jih zamenjajte ob prvih znakih obrabe, da prepre\u010dite pu\u0161\u010danje.<\/li>\n<\/ul>\n<h2>Navodila za namestitev<\/h2>\n<p>Pravilna namestitev cilindra roke je klju\u010dnega pomena za optimalno delovanje. Najprej se prepri\u010dajte, da so vse komponente \u010diste in brez umazanije. Cilinder pravilno poravnajte z nosilci in se prepri\u010dajte, da je varno pritrjen. Za stabilizacijo cilindra med delovanjem uporabite ustrezne nosilce.<\/p>\n<p>Prepri\u010dajte se, da so vse hidravli\u010dne povezave tesne, da prepre\u010dite pu\u0161\u010danje, in da uporabljate ustrezno hidravli\u010dno teko\u010dino. Po namestitvi izvedite funkcionalni preizkus, da preverite morebitna pu\u0161\u010danja in nemoteno delovanje valja. Redno spremljajte namestitev glede morebitnih znakov obrabe ali nepravilne poravnave, ki bi lahko vplivale na delovanje in varnost.<\/p>\n<h2>Pogosta vzdr\u017eevalna opravila<\/h2>\n<h3>Redni pregledi<\/h3>\n<p>Redni pregledi so klju\u010dnega pomena za zagotovitev dolge \u017eivljenjske dobe cilindra roke. Preverite morebitne znake obrabe, korozije ali po\u0161kodb. Zgodnje odkrivanje te\u017eav lahko prepre\u010di ve\u010dje te\u017eave v prihodnosti, s \u010dimer prihrani \u010das in stro\u0161ke, povezane s popravili. Preverite tesnost pritrdilnih to\u010dk in se prepri\u010dajte, da v hidravli\u010dnih priklju\u010dkih ni pu\u0161\u010danja.<\/p>\n<h3>Pravilno mazanje<\/h3>\n<p>Vzdr\u017eevanje ustreznega mazanja je klju\u010dnega pomena za nemoteno delovanje hidravli\u010dnih valjev. Redno preverjajte nivo hidravli\u010dne teko\u010dine in jo po potrebi dolijte. Uporaba prave vrste hidravli\u010dnega olja bo zagotovila u\u010dinkovito delovanje valjev in zmanj\u0161ala obrabo notranjih komponent. Zanemarjanje mazanja lahko povzro\u010di pove\u010dano trenje in prezgodnjo odpoved valjev.<\/p>\n<h3>Zamenjava tesnila in preverjanje kalibracije<\/h3>\n<p>Zamenjava tesnil kot del rednega vzdr\u017eevanja je bistvenega pomena za prepre\u010devanje pu\u0161\u010danja. Med pregledi ocenite stanje tesnil in jih zamenjajte, \u010de ka\u017eejo znake obrabe. Preverjanje kalibracije zagotavlja, da jeklenka deluje znotraj dolo\u010denih parametrov, kar omogo\u010da u\u010dinkovito in varno delovanje. Bodite pozorni na morebitne nepravilnosti v delovanju, ki bi lahko kazale na potrebo po ponovni kalibraciji.<\/p>\n<p><img decoding=\"async\" src=\"https:\/\/www.hydraulic-cylinders.net\/wp-content\/uploads\/2025\/04\/songte-chushion-collar.webp\" alt=\"Vzdr\u017eevalne komponente\" \/><\/p>\n<h2>Varnostni vidiki in okoljski dejavniki<\/h2>\n<p>Pri uporabi cilindrov roke je treba dati prednost varnostnim ukrepom za za\u0161\u010dito upravljavcev in opreme. Zagotovite, da so vsi upravljavci usposobljeni za pravilno uporabo hidravli\u010dnih sistemov in razumejo morebitne nevarnosti, povezane z njimi. Izvedite varnostne protokole za obravnavo tveganj, kot sta preobremenitev in nepravilno ravnanje z opremo.<\/p>\n<p>Poleg tega je treba med delovanjem upo\u0161tevati okoljske dejavnike. Zagotovite odgovorno ravnanje s hidravli\u010dnimi teko\u010dinami, da prepre\u010dite razlitja in pu\u0161\u010danja, ki lahko \u0161kodujejo okolju. Redno vzdr\u017eevanje in pregledi lahko pomagajo zmanj\u0161ati tveganje onesna\u017eenja okolja in zagotoviti skladnost z varnostnimi predpisi.<\/p>\n<h2>Diagnoza napak in pogoste te\u017eave<\/h2>\n<ul>\n<li><strong>Pu\u0161\u010danje:<\/strong> Ena najpogostej\u0161ih te\u017eav s hidravli\u010dnimi cilindri je pu\u0161\u010danje, ki ga pogosto povzro\u010dijo obrabljena tesnila ali nepravilna namestitev. Redno pregledujte tesnila in jih po potrebi zamenjajte, da prepre\u010dite izgubo teko\u010dine.<\/li>\n<li><strong>Po\u010dasno delovanje:<\/strong> \u010ce se valj vrti po\u010dasi, to lahko ka\u017ee na nizko raven hidravli\u010dne teko\u010dine ali zrak v sistemu. Preverite raven teko\u010dine in odzra\u010dite sistem, da odstranite morebitni ujeti zrak.<\/li>\n<li><strong>Prekomerni hrup:<\/strong> Nenavadni zvoki med delovanjem lahko ka\u017eejo na mehanske te\u017eave ali neustrezno mazanje. Preverite obrabo in se prepri\u010dajte, da so vse komponente ustrezno mazane.<\/li>\n<\/ul>\n<h2>Nasveti za odpravljanje te\u017eav<\/h2>\n<p>Za u\u010dinkovito diagnosticiranje in odpravljanje te\u017eav z cilindri roke za\u010dnite s temeljitim pregledom vseh komponent. Ugotovite morebitne vidne znake obrabe, po\u0161kodb ali nepravilne poravnave. Zamenjajte obrabljena tesnila in se prepri\u010dajte, da so vse hidravli\u010dne povezave varne.<\/p>\n<p>Da bi prepre\u010dili te\u017eave v prihodnosti, vzpostavite redno vzdr\u017eevalno rutino, ki vklju\u010duje preverjanje pu\u0161\u010danja, pravilno mazanje in pregled tesnil. Pou\u010dite upravljavce o pomenu prepoznavanja zgodnjih znakov te\u017eav in njihovega pravo\u010dasnega odpravljanja, da zmanj\u0161ate izpade in morebitno \u0161kodo.<\/p>\n<p><img decoding=\"async\" src=\"https:\/\/www.hydraulic-cylinders.net\/wp-content\/uploads\/2025\/04\/songte-bushings-with-all-kinds-of-excavator-models.webp\" alt=\"Pu\u0161e za bagre\" \/><\/p>\n<h2>O na\u0161em podjetju<\/h2>\n<p>Smo vodilni proizvajalec nadomestnih delov za hidravli\u010dne cilindre in ponujamo \u0161iroko paleto izdelkov, ki ustrezajo tako doma\u010demu kot mednarodnemu trgu. Na\u0161a zavezanost odli\u010dnosti v kakovosti, skupaj z izpopolnjeno proizvodno strategijo, nam omogo\u010da, da u\u010dinkovito izpolnjujemo raznolike potrebe strank.<\/p>\n<p>Na\u0161 proizvodni obrat je opremljen z napredno tehnologijo in usposobljenimi strokovnjaki, kar nenehno izbolj\u0161uje na\u0161o proizvodno platformo in zagotavlja visokokakovosten proizvodni proces. Ponosni smo na svojo sposobnost zagotavljanja visoke u\u010dinkovitosti, natan\u010dnosti in kakovosti, s \u010dimer smo se uveljavili kot zaupanja vreden partner v industriji hidravli\u010dnih cilindrov.<\/p>\n<p>Ponosni smo tudi, da ponujamo re\u0161itve po meri, prilagojene specifi\u010dnim zahtevam, s \u010dimer zagotavljamo, da na\u0161i izdelki ustrezajo edinstvenim potrebam na\u0161ih strank. Z mednarodnimi certifikati in robustno poprodajno storitvijo smo pripravljeni podpirati na\u0161e stranke skozi celotno izku\u0161njo z na\u0161imi izdelki.<\/p>\n<p><img decoding=\"async\" src=\"https:\/\/www.hydraulic-cylinders.net\/wp-content\/uploads\/2025\/04\/songte-company-4.webp\" alt=\"Pregled podjetja\" \/><\/p>\n<p><img decoding=\"async\" src=\"https:\/\/www.hydraulic-cylinders.net\/wp-content\/uploads\/2025\/04\/songte-company-3.webp\" alt=\"Proizvodni obrat\" \/><\/p>\n<p>Avtor: lyl<\/p>","protected":false},"excerpt":{"rendered":"<p>Boom Cylinder For Doosan Large Excavator DH320 Overview of Boom Cylinder The boom cylinder is a crucial hydraulic component in heavy machinery, specifically designed for controlling the movement of the bucket in various equipment like excavators, backhoe loaders, and front-end loaders. This hydraulic cylinder enables the bucket to lift, lower, and tilt, facilitating efficient material [&hellip;]<\/p>","protected":false},"featured_media":17871,"comment_status":"open","ping_status":"closed","template":"","meta":{"_et_pb_use_builder":"","_et_pb_old_content":"","_et_gb_content_width":""},"product_brand":[],"product_cat":[1546],"product_tag":[1547,1496],"class_list":{"0":"post-19004","1":"product","2":"type-product","3":"status-publish","4":"has-post-thumbnail","6":"product_cat-boom-cylinders","7":"product_tag-boom-cylinders","8":"product_tag-hydraulic-cylinders","10":"first","11":"instock","12":"shipping-taxable","13":"product-type-simple"},"amp_enabled":true,"_links":{"self":[{"href":"https:\/\/www.hydraulic-cylinders.net\/sl\/wp-json\/wp\/v2\/product\/19004","targetHints":{"allow":["GET"]}}],"collection":[{"href":"https:\/\/www.hydraulic-cylinders.net\/sl\/wp-json\/wp\/v2\/product"}],"about":[{"href":"https:\/\/www.hydraulic-cylinders.net\/sl\/wp-json\/wp\/v2\/types\/product"}],"replies":[{"embeddable":true,"href":"https:\/\/www.hydraulic-cylinders.net\/sl\/wp-json\/wp\/v2\/comments?post=19004"}],"wp:featuredmedia":[{"embeddable":true,"href":"https:\/\/www.hydraulic-cylinders.net\/sl\/wp-json\/wp\/v2\/media\/17871"}],"wp:attachment":[{"href":"https:\/\/www.hydraulic-cylinders.net\/sl\/wp-json\/wp\/v2\/media?parent=19004"}],"wp:term":[{"taxonomy":"product_brand","embeddable":true,"href":"https:\/\/www.hydraulic-cylinders.net\/sl\/wp-json\/wp\/v2\/product_brand?post=19004"},{"taxonomy":"product_cat","embeddable":true,"href":"https:\/\/www.hydraulic-cylinders.net\/sl\/wp-json\/wp\/v2\/product_cat?post=19004"},{"taxonomy":"product_tag","embeddable":true,"href":"https:\/\/www.hydraulic-cylinders.net\/sl\/wp-json\/wp\/v2\/product_tag?post=19004"}],"curies":[{"name":"delovni list","href":"https:\/\/api.w.org\/{rel}","templated":true}]}}