{"id":19009,"date":"2025-04-07T06:06:54","date_gmt":"2025-04-07T06:06:54","guid":{"rendered":"https:\/\/www.hydraulic-cylinders.net\/product\/boom-cylinder-for-doosan-large-excavator-dh330-3\/"},"modified":"2025-04-07T06:06:57","modified_gmt":"2025-04-07T06:06:57","slug":"boom-cylinder-for-doosan-large-excavator-dh330-3","status":"publish","type":"product","link":"https:\/\/www.hydraulic-cylinders.net\/sl\/izdelek\/boom-cylinder-for-doosan-large-excavator-dh330-3\/","title":{"rendered":"Cilinder roke za Doosan velik bager DH330-3"},"content":{"rendered":"<h1>Cilinder roke za Doosan velik bager DH330-3<\/h1>\n<h2>Pregled valja z \u017elico<\/h2>\n<p>Cilinder roke za Doosan Large Excavator DH330-3 je klju\u010dna komponenta hidravli\u010dnega sistema te\u017eke mehanizacije. Ta hidravli\u010dni cilinder je zasnovan posebej za nadzor gibanja \u017elice v razli\u010dni te\u017eki opremi, kot so bagri, bagri nakladalniki in \u010delni nakladalniki. Omogo\u010da dvigovanje, spu\u0161\u010danje in nagibanje \u017elice, zaradi \u010desar je bistvenega pomena za u\u010dinkovito ravnanje z materiali.<\/p>\n<p>Z uporabo hidravli\u010dnega tlaka omogo\u010da cilinder roke gladko in natan\u010dno gibanje \u017elice, kar upravljavcem omogo\u010da enostavno opravljanje kompleksnih nalog. Klju\u010dnega pomena je pri aplikacijah, kjer je potrebno dvigovanje te\u017ekih bremen, saj zagotavlja potrebno silo za manipulacijo velikih koli\u010din materialov, kot so zemlja, gramoz in ru\u0161evine. Zasnova in funkcionalnost tega hidravli\u010dnega cilindra pomembno prispevata k splo\u0161ni zmogljivosti in produktivnosti strojev, v katere je name\u0161\u010den.<\/p>\n<p><img decoding=\"async\" src=\"https:\/\/www.hydraulic-cylinders.net\/wp-content\/uploads\/2025\/04\/songte-company-1.webp\" alt=\"Cilinder roke za bager\" \/><\/p>\n<h2>Zna\u010dilnosti cilindra roke<\/h2>\n<ul>\n<li>\n<h3>Visoka trdnost in vzdr\u017eljivost<\/h3>\n<p>Na\u0161 valj roke, izdelan iz visoko trdnega jekla ali aluminija, je sposoben prenesti visok tlak in velike obremenitve, zaradi \u010desar je primeren za zahtevna delovna okolja. Njegova zasnova poudarja odpornost proti obrabi in koroziji, kar znatno podalj\u0161a njegovo \u017eivljenjsko dobo.<\/p>\n<\/li>\n<li>\n<h3>U\u010dinkovito hidravli\u010dno delovanje<\/h3>\n<p>Cilinder deluje gladko zaradi hidravli\u010dnega tlaka olja, kar omogo\u010da hiter odziv na krmilne ukaze. Ta u\u010dinkovitost zagotavlja mo\u010dno vle\u010dno in potisno silo, idealno za rokovanje s te\u017ekimi predmeti in kompleksnimi nalogami.<\/p>\n<\/li>\n<li>\n<h3>Vsestranske vrste<\/h3>\n<p>Glede na operativne potrebe so na voljo mo\u017enosti z enosmernim (hidravli\u010dno delovanje v eno smer) ali dvosmernim (hidravli\u010dno delovanje v obe smeri) cilindri. Nekateri modeli so teleskopski, kar omogo\u010da ve\u010dji razteg brez pove\u010danja zunanjih dimenzij, kar je koristno pri aplikacijah z omejenim prostorom.<\/p>\n<\/li>\n<li>\n<h3>Zdru\u017eljivost<\/h3>\n<p>Na\u0161i izdelki so zasnovani kot popolna zamenjava za obstoje\u010de hidravli\u010dne cilindre, kar zagotavlja brezhibno integracijo z razli\u010dnimi modeli bagrov.<\/p>\n<\/li>\n<li>\n<h3>Enostavno vzdr\u017eevanje<\/h3>\n<p>S poudarkom na udobju uporabnika zasnova omogo\u010da preproste postopke vzdr\u017eevanja, kar zagotavlja, da lahko upravljavci z minimalnim naporom vzdr\u017eujejo opremo v optimalnem delovnem stanju.<\/p>\n<\/li>\n<\/ul>\n<p><img decoding=\"async\" src=\"https:\/\/www.hydraulic-cylinders.net\/wp-content\/uploads\/2025\/04\/songte-cylinder-head-with-all-kinds-excavator-models.webp\" alt=\"Zdru\u017eljivi modeli bagrov\" \/><\/p>\n<h2>Uporaba cilindra roke<\/h2>\n<ul>\n<li>\n<h3>Gradbena oprema<\/h3>\n<p>Pri bagrih so cilindri roke klju\u010dni za kopanje, nakladanje in premikanje zemlje ali ru\u0161evin. Zaradi svoje sposobnosti, da olaj\u0161ajo tako izkopavanje kot dvigovanje, so nepogre\u0161ljivi na gradbi\u0161\u010dih, saj prispevajo k u\u010dinkovitosti in produktivnosti.<\/p>\n<\/li>\n<li>\n<h3>Kmetijska mehanizacija<\/h3>\n<p>Cilindri roke, ki se uporabljajo v \u010delnih nakladalnikih, omogo\u010dajo dvigovanje, zajemanje in prevoz zemlje, sena in razli\u010dnih materialov. Njihova robustna zasnova omogo\u010da u\u010dinkovito opravljanje kmetijskih opravil in zagotavlja nemoteno delovanje pri kmetijskih dejavnostih.<\/p>\n<\/li>\n<li>\n<h3>Bagri<\/h3>\n<p>Pri bagrih cilinder roke pomaga pri u\u010dinkovitem prodiranju v zemljo, kar omogo\u010da mo\u010dna kopanja. Ta sposobnost je bistvena za razli\u010dne projekte urejanja krajine in gradnje, kjer sta potrebna natan\u010dnost in mo\u010d.<\/p>\n<\/li>\n<li>\n<h3>Nakladalci<\/h3>\n<p>Pri \u010delnih nakladalnikih cilindri roke pomagajo pri u\u010dinkovitem dvigovanju in razkladanju tovora. Ta funkcionalnost je klju\u010dnega pomena za ravnanje z odpadki, ravnanje z materiali in nakladanje, saj pove\u010duje splo\u0161no operativno u\u010dinkovitost.<\/p>\n<\/li>\n<\/ul>\n<h2>Oblikovalski vidiki in izbirna merila<\/h2>\n<ul>\n<li>\n<h3>Nosilnost<\/h3>\n<p>Razumevanje nosilnosti cilindra roke je klju\u010dnega pomena. Cilinder mora biti zasnovan tako, da varno obvladuje najve\u010dje obremenitve brez okvare. Na ta vidik vplivajo dejavniki, kot so trdnost materiala, konfiguracija zasnove in nazivni hidravli\u010dni tlak. In\u017eenirji morajo opraviti temeljite izra\u010dune, da zagotovijo, da lahko valj prenese operativno obremenitev v vseh fazah uporabe.<\/p>\n<\/li>\n<li>\n<h3>Tesnilni mehanizmi<\/h3>\n<p>U\u010dinkovito tesnjenje je klju\u010dnega pomena za prepre\u010devanje pu\u0161\u010danja hidravli\u010dne teko\u010dine in vzdr\u017eevanje tlaka v valju. Uporabljajo se razli\u010dne tehnologije tesnjenja, kot so tesnila bata in ojnice. Izbira materialov, kot sta poliuretan in nitrilna guma, zagotavlja vzdr\u017eljivost in odpornost proti obrabi ter okoljskim dejavnikom, kar prispeva k dolgi \u017eivljenjski dobi hidravli\u010dnega sistema.<\/p>\n<\/li>\n<li>\n<h3>Vzdr\u017eljivost<\/h3>\n<p>Vzdr\u017eljivost cilindra roke je bistvenega pomena za dolgoro\u010dno delovanje. To vklju\u010duje odpornost proti obrabi, koroziji in utrujenosti. Zasnova mora vklju\u010devati funkcije, ki podalj\u0161ajo \u017eivljenjsko dobo, kot so povr\u0161inska obdelava in visokokakovostni materiali, da prenese te\u017eke pogoje, s katerimi se pogosto sre\u010dujemo pri delovanju te\u017ekih strojev.<\/p>\n<\/li>\n<li>\n<h3>Varnostne funkcije<\/h3>\n<p>Varnostni vidiki morajo biti vklju\u010deni v zasnovo cilindra roke. To vklju\u010duje funkcije, kot so mehanizmi za za\u0161\u010dito pred preobremenitvijo, ki prepre\u010dujejo po\u0161kodbe zaradi prekomernih obremenitev, in varne zasnove, ki zagotavljajo, da sistem ostane delujo\u010d tudi v primeru okvare komponente. Redne varnostne ocene in upo\u0161tevanje industrijskih standardov so klju\u010dnega pomena za ohranjanje obratovalne varnosti.<\/p>\n<\/li>\n<li>\n<h3>Dostopnost vzdr\u017eevanja<\/h3>\n<p>Zasnova cilindra roke za enostavno vzdr\u017eevanje je klju\u010dnega pomena za zmanj\u0161anje izpadov. Funkcije, ki omogo\u010dajo redne preglede in servisiranje, kot so lahko dostopna tesnila in mazalna mesta, zagotavljajo, da lahko upravljavci u\u010dinkovito izvajajo vzdr\u017eevanje, s \u010dimer se podalj\u0161a \u017eivljenjska doba in zanesljivost cilindra.<\/p>\n<\/li>\n<\/ul>\n<p><img decoding=\"async\" src=\"https:\/\/www.hydraulic-cylinders.net\/wp-content\/uploads\/2025\/04\/songte-oil-pipes-and-spare-parts.webp\" alt=\"Hidravli\u010dne komponente\" \/><\/p>\n<h2>Tesnjenje in mazanje hidravli\u010dnega cilindra<\/h2>\n<p>Tesnjenje in mazanje cilindra roke sta klju\u010dnega pomena za optimalno delovanje. Za ohranjanje hidravli\u010dne celovitosti se uporabljajo razli\u010dne tesnilne komponente, kot so tesnila bata in ojnice. Tesnila iz trpe\u017enih materialov, kot sta poliuretan in nitrilna guma, so izbrana zaradi njihove odpornosti na obrabo in vplive okolja.<\/p>\n<p>Poleg tega sta ohi\u0161je valja in navojni konci natan\u010dno obdelani za ve\u010djo odpornost proti obrabi, kar zagotavlja tesno prileganje in zmanj\u0161uje pu\u0161\u010danje teko\u010dine. Redno mazanje z ustreznim hidravli\u010dnim oljem je potrebno za nemoteno delovanje in prepre\u010devanje obrabe tesnil in gibljivih delov. Ta vzdr\u017eevalna praksa ne le podalj\u0161a \u017eivljenjsko dobo valja, temve\u010d tudi izbolj\u0161a njegovo splo\u0161no u\u010dinkovitost z zmanj\u0161anjem trenja v hidravli\u010dnem sistemu.<\/p>\n<h2>Preventivni vzdr\u017eevalni ukrepi<\/h2>\n<ul>\n<li>\n<h3>Redni pregledi<\/h3>\n<p>Redni pregledi so klju\u010dnega pomena za zgodnje odkrivanje morebitnih te\u017eav. To vklju\u010duje preverjanje znakov obrabe, pu\u0161\u010danja in morebitnih nenavadnih hrupov med delovanjem. Vzpostavitev urnika rutinskih pregledov pomaga ohranjati optimalno delovanje in prepre\u010devati nepri\u010dakovane okvare.<\/p>\n<\/li>\n<li>\n<h3>Pravilno mazanje<\/h3>\n<p>Zagotavljanje pravilnega mazanja hidravli\u010dnega cilindra je bistvenega pomena za njegovo nemoteno delovanje. Upravljavci se morajo dr\u017eati na\u010drta mazanja in uporabljati priporo\u010dene vrste hidravli\u010dnega olja, da zmanj\u0161ajo trenje in obrabo tesnil in gibljivih delov. Ta praksa je klju\u010dnega pomena za prepre\u010devanje prezgodnjih okvar in zagotavljanje dolge \u017eivljenjske dobe.<\/p>\n<\/li>\n<li>\n<h3>Zamenjava tesnila<\/h3>\n<p>Redna menjava tesnil je potrebna za ohranjanje celovitosti hidravli\u010dnega sistema. Obrabljena ali po\u0161kodovana tesnila lahko povzro\u010dijo pu\u0161\u010danje in izgubo tlaka, kar vpliva na delovanje cilindra roke. Upravljavci morajo biti usposobljeni za prepoznavanje znakov obrabe tesnil in za upo\u0161tevanje urnika zamenjave, da se zagotovi nadaljnje u\u010dinkovito delovanje.<\/p>\n<\/li>\n<\/ul>\n<p><img decoding=\"async\" src=\"https:\/\/www.hydraulic-cylinders.net\/wp-content\/uploads\/2025\/04\/songte-chushion-collar.webp\" alt=\"Blazinasti ovratnik\" \/><\/p>\n<h2>Navodila za namestitev<\/h2>\n<p>Pravilna namestitev cilindra roke je klju\u010dnega pomena za njegovo delovanje in dolgo \u017eivljenjsko dobo. Tukaj so klju\u010dni koraki, ki jih je treba upo\u0161tevati:<\/p>\n<ol>\n<li>\n<h3>Priprava<\/h3>\n<p>Pred namestitvijo se prepri\u010dajte, da je delovno obmo\u010dje \u010disto in da so na voljo vsa potrebna orodja in komponente. Preglejte specifikacije proizvajalca in navodila za namestitev, da se seznanite s postopkom.<\/p>\n<\/li>\n<li>\n<h3>Poravnava<\/h3>\n<p>Pravilna poravnava cilindra je bistvenega pomena. Zagotovite, da so pritrdilne to\u010dke pravilno name\u0161\u010dene, da se izognete prekomerni obremenitvi cilindra. Za doseganje natan\u010dnosti uporabite orodja za poravnavo, kot je potrebno.<\/p>\n<\/li>\n<li>\n<h3>Pritrditev cilindra<\/h3>\n<p>Za trdno pritrditev cilindra uporabite ustrezne monta\u017ene nosilce. To bo prepre\u010dilo premikanje, ki lahko povzro\u010di prezgodnjo obrabo in okvaro.<\/p>\n<\/li>\n<li>\n<h3>Hidravli\u010dne povezave<\/h3>\n<p>Hidravli\u010dne cevi priklju\u010dite v skladu s prilo\u017eenimi specifikacijami. Za vzdr\u017eevanje sistemskega tlaka se prepri\u010dajte, da so vsi priklju\u010dki tesni in ne pu\u0161\u010dajo.<\/p>\n<\/li>\n<li>\n<h3>Testiranje<\/h3>\n<p>Po namestitvi temeljito preizkusite hidravli\u010dni sistem. Preverite morebitna pu\u0161\u010danja in se prepri\u010dajte, da cilinder roke deluje gladko v vseh obmo\u010djih gibanja. Preden opremo za\u017eenete v polno delovanje, odpravite morebitne te\u017eave.<\/p>\n<\/li>\n<\/ol>\n<h2>Vzdr\u017eevalna opravila<\/h2>\n<ul>\n<li>\n<h3>Redni pregledi<\/h3>\n<p>Bistveno je redno pregledovati cilindre roke, da zagotovite njihovo pravilno delovanje. Poi\u0161\u010dite znake obrabe, pu\u0161\u010danja ali po\u0161kodb in takoj odpravite te\u017eave. Redni pregledi lahko prepre\u010dijo ve\u010dje te\u017eave in podalj\u0161ajo \u017eivljenjsko dobo hidravli\u010dnega sistema.<\/p>\n<\/li>\n<li>\n<h3>Pravilno mazanje<\/h3>\n<p>Zagotovite, da je valj ustrezno namazan v skladu z navodili proizvajalca. Redno mazanje zmanj\u0161a trenje, prepre\u010duje obrabo tesnil in podalj\u0161uje celotno \u017eivljenjsko dobo cilindra roke. Za optimalno delovanje uporabite priporo\u010deno hidravli\u010dno olje.<\/p>\n<\/li>\n<li>\n<h3>Zamenjava tesnila<\/h3>\n<p>Spremljanje stanja tesnil je klju\u010dnega pomena. Obrabljena tesnila je treba pravo\u010dasno zamenjati, da se prepre\u010di pu\u0161\u010danje in zagotovi ustrezen hidravli\u010dni tlak v sistemu. Upravljavci morajo biti usposobljeni za prepoznavanje znakov obrabe tesnil in upo\u0161tevanje urnika zamenjave.<\/p>\n<\/li>\n<\/ul>\n<h2>Varnostni vidiki in okoljski dejavniki<\/h2>\n<p>Pri delu s hidravli\u010dnimi sistemi so varnostni ukrepi najpomembnej\u0161i. Upravljavci morajo biti usposobljeni za pravilne tehnike ravnanja, da prepre\u010dijo nesre\u010de. Uporaba osebne za\u0161\u010ditne opreme (OZO) je bistvenega pomena za za\u0161\u010dito pred nevarnostmi, povezanimi s hidravli\u010dno teko\u010dino in delovanjem te\u017ekih strojev. Poleg tega je treba upo\u0161tevati okoljske dejavnike, kot je zagotavljanje pravilnega odstranjevanja hidravli\u010dne teko\u010dine, da se prepre\u010di onesna\u017eenje tal in vode. Redno usposabljanje o varnostnih postopkih in okoljskih predpisih lahko zmanj\u0161a tveganja in izbolj\u0161a varnost na delovnem mestu.<\/p>\n<h2>Odpravljanje pogostih te\u017eav<\/h2>\n<ul>\n<li>\n<h3>Pu\u0161\u010danje<\/h3>\n<p>Pu\u0161\u010danje hidravli\u010dne teko\u010dine lahko ka\u017ee na okvaro tesnila ali po\u0161kodbo valja. Preverite tesnila glede obrabe in jih po potrebi zamenjajte. Prepri\u010dajte se, da so vse povezave tesne in ne pu\u0161\u010dajo.<\/p>\n<\/li>\n<li>\n<h3>Nezadostna mo\u010d<\/h3>\n<p>\u010ce valj roke ne deluje pravilno, preverite nivo hidravli\u010dne teko\u010dine in se prepri\u010dajte, da v sistemu ni zraka. Preverite, ali so v hidravli\u010dnih ceveh blokade ali omejitve, ki bi lahko ovirale pretok.<\/p>\n<\/li>\n<li>\n<h3>Nenavadni zvoki<\/h3>\n<p>Nenavadni zvoki med delovanjem lahko ka\u017eejo na notranjo po\u0161kodbo ali neustrezno mazanje. Sistem takoj izklopite in temeljito pregledajte, da diagnosticirate te\u017eavo.<\/p>\n<\/li>\n<\/ul>\n<p><img decoding=\"async\" src=\"https:\/\/www.hydraulic-cylinders.net\/wp-content\/uploads\/2025\/04\/songte-bushings-with-all-kinds-of-excavator-models.webp\" alt=\"Pu\u0161e za bagre\" \/><\/p>\n<p>Za u\u010dinkovito odpravljanje te\u017eav morajo upravljavci uporabljati sistemati\u010den pristop, pri \u010demer morajo prepoznati simptome in morebitne vzroke. Vodenje dnevnika servisnih zapisov lahko pomaga pri diagnosticiranju ponavljajo\u010dih se te\u017eav in pri sprejemanju preventivnih ukrepov.<\/p>\n<h2>O na\u0161em podjetju<\/h2>\n<p>Smo vodilni proizvajalec in veletrgovec nadomestnih hidravli\u010dnih cilindrov, specializiran za zagotavljanje celovite palete izdelkov za doma\u010di in mednarodni trg. Na\u0161a zavezanost odli\u010dnosti se odra\u017ea v na\u0161ih strategijah natan\u010dne izdelave in uporabi napredne digitalne proizvodne opreme.<\/p>\n<p>Na\u0161e proizvodne zmogljivosti nenehno izbolj\u0161ujemo z izkori\u0161\u010danjem tehni\u010dnega talenta in uvajanjem profesionalnih sistemov testiranja. Na\u0161a robustna proizvodna platforma je zasnovana tako, da z visoko u\u010dinkovitostjo, natan\u010dnostjo in kakovostjo izpolnjuje raznolike potrebe strank. Na\u0161e storitve vklju\u010dujejo re\u0161itve hidravli\u010dnih cilindrov po meri, ki ustrezajo specifi\u010dnim aplikacijam, podprte z mednarodnimi certifikati, ki zagotavljajo zanesljivost in varnost.<\/p>\n<p>Ponosni smo na na\u0161o poprodajno podporo, saj ponujamo vzdr\u017eevanje, popravila in zamenjave, da zagotovimo, da so na\u0161i stranki dele\u017eni minimalnih izpadov in da je njihovo zadovoljstvo maksimalno.<\/p>\n<p><img decoding=\"async\" src=\"https:\/\/www.hydraulic-cylinders.net\/wp-content\/uploads\/2025\/04\/songte-company-4.webp\" alt=\"Pregled podjetja\" \/><br \/>\n<img decoding=\"async\" src=\"https:\/\/www.hydraulic-cylinders.net\/wp-content\/uploads\/2025\/04\/songte-company-3.webp\" alt=\"Proizvodni proces\" \/><\/p>\n<p>Avtor: lyl<\/p>","protected":false},"excerpt":{"rendered":"<p>Boom Cylinder For Doosan Large Excavator DH330-3 Overview of the Bucket Cylinder The Boom Cylinder for Doosan Large Excavator DH330-3 is a critical component in the hydraulic system of heavy machinery. This hydraulic cylinder is designed specifically to control the movement of the bucket in various heavy equipment, such as excavators, backhoe loaders, and front [&hellip;]<\/p>","protected":false},"featured_media":17876,"comment_status":"open","ping_status":"closed","template":"","meta":{"_et_pb_use_builder":"","_et_pb_old_content":"","_et_gb_content_width":""},"product_brand":[],"product_cat":[1546],"product_tag":[1547,1496],"class_list":{"0":"post-19009","1":"product","2":"type-product","3":"status-publish","4":"has-post-thumbnail","6":"product_cat-boom-cylinders","7":"product_tag-boom-cylinders","8":"product_tag-hydraulic-cylinders","10":"first","11":"instock","12":"shipping-taxable","13":"product-type-simple"},"amp_enabled":true,"_links":{"self":[{"href":"https:\/\/www.hydraulic-cylinders.net\/sl\/wp-json\/wp\/v2\/product\/19009","targetHints":{"allow":["GET"]}}],"collection":[{"href":"https:\/\/www.hydraulic-cylinders.net\/sl\/wp-json\/wp\/v2\/product"}],"about":[{"href":"https:\/\/www.hydraulic-cylinders.net\/sl\/wp-json\/wp\/v2\/types\/product"}],"replies":[{"embeddable":true,"href":"https:\/\/www.hydraulic-cylinders.net\/sl\/wp-json\/wp\/v2\/comments?post=19009"}],"wp:featuredmedia":[{"embeddable":true,"href":"https:\/\/www.hydraulic-cylinders.net\/sl\/wp-json\/wp\/v2\/media\/17876"}],"wp:attachment":[{"href":"https:\/\/www.hydraulic-cylinders.net\/sl\/wp-json\/wp\/v2\/media?parent=19009"}],"wp:term":[{"taxonomy":"product_brand","embeddable":true,"href":"https:\/\/www.hydraulic-cylinders.net\/sl\/wp-json\/wp\/v2\/product_brand?post=19009"},{"taxonomy":"product_cat","embeddable":true,"href":"https:\/\/www.hydraulic-cylinders.net\/sl\/wp-json\/wp\/v2\/product_cat?post=19009"},{"taxonomy":"product_tag","embeddable":true,"href":"https:\/\/www.hydraulic-cylinders.net\/sl\/wp-json\/wp\/v2\/product_tag?post=19009"}],"curies":[{"name":"delovni list","href":"https:\/\/api.w.org\/{rel}","templated":true}]}}