{"id":19018,"date":"2025-04-07T06:07:25","date_gmt":"2025-04-07T06:07:25","guid":{"rendered":"https:\/\/www.hydraulic-cylinders.net\/product\/boom-cylinder-for-doosan-large-excavator-dh360\/"},"modified":"2025-04-07T06:07:27","modified_gmt":"2025-04-07T06:07:27","slug":"boom-cylinder-for-doosan-large-excavator-dh360","status":"publish","type":"product","link":"https:\/\/www.hydraulic-cylinders.net\/sl\/izdelek\/boom-cylinder-for-doosan-large-excavator-dh360\/","title":{"rendered":"Cilinder roke za Doosan Large Excavator DH360"},"content":{"rendered":"<h1>Cilinder roke za Doosan Large Excavator DH360<\/h1>\n<h2>Pregled izdelka<\/h2>\n<p>Cilinder roke za Doosan Large Excavator DH360 je bistvena hidravli\u010dna komponenta, zasnovana za la\u017eje premikanje roke bagra. Ta hidravli\u010dni cilinder igra klju\u010dno vlogo pri nadzoru dvigovanja, spu\u0161\u010danja in nagibanja \u017elice, s \u010dimer poenostavi razli\u010dne naloge ravnanja z materiali. Cilinder \u017elice je specializiran hidravli\u010dni cilinder, ki omogo\u010da u\u010dinkovito delovanje te\u017ekih strojev, kot so bagri, bagri nakladalniki in \u010delni nakladalniki. Z uporabo tlaka hidravli\u010dne teko\u010dine omogo\u010da natan\u010dne in nadzorovane gibe, kar zagotavlja, da lahko upravljavci naloge izvajajo enostavno in natan\u010dno.<\/p>\n<p><img decoding=\"async\" src=\"https:\/\/www.hydraulic-cylinders.net\/wp-content\/uploads\/2025\/04\/songte-company-1.webp\" alt=\"Cilinder roke za bager\"><\/p>\n<h2>Zna\u010dilnosti cilindra roke<\/h2>\n<ul>\n<li><strong>Visoka trdnost in vzdr\u017eljivost:<\/strong> Ta jeklenka, izdelana iz visoko trdnega jekla ali aluminija, lahko prenese visok tlak in velike obremenitve, zaradi \u010desar je idealna za zahtevna delovna okolja.<\/li>\n<li><strong>U\u010dinkovito hidravli\u010dno delovanje:<\/strong> Cilinder uporablja hidravli\u010dni tlak olja za gladko iztegovanje in vstavljanje, kar zagotavlja hiter odziv na krmilne ukaze in ustvarja znatno silo potiska in vle\u010denja.<\/li>\n<li><strong>Razli\u010dne vrste:<\/strong> Na voljo so v enosmerni (hidravli\u010dni sili v eni smeri) ali dvosmerni (hidravli\u010dni sili v obeh smereh) izvedbi za razli\u010dne operativne potrebe, pri \u010demer imajo nekateri modeli teleskopske zasnove za ve\u010dji izvle\u010dek brez pove\u010danja zunanjih dimenzij.<\/li>\n<li><strong>Odpornost proti koroziji:<\/strong> Zasnovan z lastnostmi odpornosti proti obrabi in koroziji za pove\u010danje vzdr\u017eljivosti in znatno podalj\u0161anje \u017eivljenjske dobe izdelka.<\/li>\n<li><strong>Prilagodljive mo\u017enosti:<\/strong> Na\u0161i izdelki lahko popolnoma nadomestijo razli\u010dne hidravli\u010dne cilindre in strankam zagotavljajo prilagojene re\u0161itve, ki temeljijo na specifi\u010dnih zahtevah.<\/li>\n<\/ul>\n<p><img decoding=\"async\" src=\"https:\/\/www.hydraulic-cylinders.net\/wp-content\/uploads\/2025\/04\/songte-cylinder-head-with-all-kinds-excavator-models.webp\" alt=\"Modeli bagrov\"><\/p>\n<h2>Uporaba cilindra roke<\/h2>\n<h3>Gradbena oprema<\/h3>\n<p>Pri bagrih je cilinder roke klju\u010dnega pomena za kopanje, nakladanje in premikanje zemlje ali ru\u0161evin. Upravljavcu omogo\u010da u\u010dinkovito manevriranje z \u017elico, kar zagotavlja prakti\u010dno in u\u010dinkovito ravnanje z materiali na gradbi\u0161\u010dih. Brez zanesljivega cilindra roke bi bila funkcionalnost bagra mo\u010dno ogro\u017eena, kar bi vplivalo na produktivnost in operativno u\u010dinkovitost.<\/p>\n<h3>Kmetijska mehanizacija<\/h3>\n<p>Pri \u010delnih nakladalnikih ima cilinder roke klju\u010dno vlogo pri zajemanju, dvigovanju in transportu zemlje, sena in drugih materialov. Ta uporaba je \u0161e posebej pomembna v kmetijskih okoljih, kjer morajo stroji delovati zanesljivo, da lahko u\u010dinkovito opravljajo naloge. Robustni cilinder roke zagotavlja, da se kmetijska opravila lahko izvajajo z minimalnim \u010dasom izpada in maksimalno u\u010dinkovitostjo.<\/p>\n<h3>Bagri<\/h3>\n<p>Cilinder roke omogo\u010da, da \u017elica u\u010dinkovito prodre v zemljo in dose\u017ee kopanje, potrebno za izkopavanje. Njegova zmogljivost je klju\u010dnega pomena za uspe\u0161no delovanje bagrov, na katere se zana\u0161ajo razli\u010dni gradbeni in zemeljski projekti. U\u010dinkovitost cilindra roke je neposredno povezana s splo\u0161no zmogljivostjo bagra.<\/p>\n<h3>Nakladalci<\/h3>\n<p>Pri \u010delnih nakladalnikih cilindri roke pomagajo pri u\u010dinkovitem dvigovanju in razkladanju bremen. Upravljavcem omogo\u010dajo upravljanje te\u017ekih materialov, kar zagotavlja varno in u\u010dinkovito delovanje. Zmo\u017enost nadzora kota in vi\u0161ine roke omogo\u010da natan\u010dno razkladanje in odlaganje materiala, kar pove\u010duje uporabnost nakladalnika na gradbi\u0161\u010du.<\/p>\n<h2>Oblikovalski vidiki in izbirna merila<\/h2>\n<h3>Nosilnost<\/h3>\n<p>Nosilnost cilindra roke je najpomembnej\u0161i dejavnik pri na\u010drtovanju. Za zagotovitev varnosti in u\u010dinkovitosti med delovanjem mora biti sposoben prenesti najve\u010djo te\u017eo bremena. Proizvajalci obi\u010dajno dolo\u010dijo nazivno obremenitev, ki mora biti skladna z namembnostjo stroja, da se prepre\u010dijo okvare med te\u017ekimi nalogami. Pravilna ocena nosilnosti zagotavlja, da je za dolo\u010dene aplikacije izbran pravi cilinder, s \u010dimer se izbolj\u0161a zmogljivost in zmanj\u0161a verjetnost nesre\u010d.<\/p>\n<h3>Celovitost tesnjenja<\/h3>\n<p>Celovitost tesnjenja je klju\u010dnega pomena za ohranjanje u\u010dinkovitosti hidravli\u010dnega sistema. Visokokakovostna tesnila prepre\u010dujejo pu\u0161\u010danje hidravli\u010dne teko\u010dine, kar lahko povzro\u010di zmanj\u0161ano delovanje in morebitno okvaro sistema. Izbira tesnilnih materialov, kot sta poliuretan ali nitrilna guma, je klju\u010dnega pomena za zagotavljanje dolgotrajnega delovanja v razli\u010dnih pogojih. Pravilna zasnova tesnila prispeva k ve\u010dji vzdr\u017eljivosti in zanesljivosti delovanja, zato je bistven dejavnik pri izbiri cilindra roke.<\/p>\n<h3>Vzdr\u017eljivost<\/h3>\n<p>Vzdr\u017eljivost je klju\u010dni vidik zasnove hidravli\u010dnih cilindrov. Materiali, uporabljeni pri izdelavi, morajo biti odporni na obrabo in utrujenost skozi \u010das, zlasti pri izpostavljenosti te\u017ekim pogojem. Napredne proizvodne tehnike in izbira materialov prispevajo k dolgi \u017eivljenjski dobi cilindra roke, kar mu omogo\u010da, da prenese obremenitve te\u017ekih aplikacij. Vzdr\u017eljiva zasnova zmanj\u0161uje potrebe po vzdr\u017eevanju in pogostost zamenjav, kar ponuja stro\u0161kovno u\u010dinkovite re\u0161itve za upravljavce.<\/p>\n<h3>Varnostne funkcije<\/h3>\n<p>Vklju\u010ditev varnostnih elementov v zasnovo cilindrov roke je nujna za za\u0161\u010dito tako upravljavcev kot strojev. Te funkcije lahko vklju\u010dujejo tla\u010dne varnostne ventile za prepre\u010devanje preobremenitve in varnostne mehanizme, ki zagotavljajo nadzorovano delovanje tudi v neugodnih pogojih. Pozornost na varnost ne le izbolj\u0161a operativno integriteto strojev, temve\u010d tudi krepi zaupanje med uporabniki, zaradi \u010desar je klju\u010dnega pomena \u017ee v fazi na\u010drtovanja.<\/p>\n<h3>Vzdr\u017eevanje<\/h3>\n<p>Vzdr\u017eevanje je pomemben dejavnik pri zasnovi hidravli\u010dnih cilindrov. Enostaven dostop do komponent za pregled, vzdr\u017eevanje in zamenjavo je klju\u010dnega pomena za zmanj\u0161anje izpadov. Zasnove cilindrov, ki omogo\u010dajo enostavno razstavljanje in ponovno sestavljanje, olaj\u0161ajo rutinska vzdr\u017eevalna opravila, kar zagotavlja, da lahko upravljavci ohranjajo stroje nemoteno delujo\u010de. Z dajanjem prednosti vzdr\u017eevanju lahko proizvajalci optimizirajo operativno u\u010dinkovitost in pove\u010dajo zadovoljstvo uporabnikov.<\/p>\n<p><img decoding=\"async\" src=\"https:\/\/www.hydraulic-cylinders.net\/wp-content\/uploads\/2025\/04\/songte-oil-pipes-and-spare-parts.webp\" alt=\"Hidravli\u010dni deli\"><\/p>\n<h2>Tesnjenje in mazanje hidravli\u010dnega cilindra<\/h2>\n<p>U\u010dinkovito tesnjenje in mazanje sta klju\u010dnega pomena za pravilno delovanje hidravli\u010dnih cilindrov. Za prepre\u010devanje pu\u0161\u010danja teko\u010dine in vzdr\u017eevanje tlaka v sistemu se uporabljajo razli\u010dne tesnilne komponente, kot so tesnila bata in palice. Tesnilni materiali, kot sta poliuretan in nitrilna guma, so izbrani zaradi svoje odpornosti proti obrabi in vzdr\u017eljivosti, kar zagotavlja dolgotrajno delovanje tudi pod visokim tlakom. Poleg tega sta ohi\u0161je cilindra in navojni konci fino obdelani, da se pove\u010da odpornost proti obrabi in izbolj\u0161ajo tesnilne lastnosti.<\/p>\n<p>Redno mazanje je bistvenega pomena za optimalno delovanje, saj zahteva redno vbrizgavanje hidravli\u010dnega olja za zmanj\u0161anje trenja in obrabe gibljivih delov. Pravilni postopki mazanja ne le podalj\u0161ajo \u017eivljenjsko dobo hidravli\u010dnega cilindra, temve\u010d prispevajo tudi k splo\u0161ni u\u010dinkovitosti hidravli\u010dnega sistema, zaradi \u010desar je to klju\u010dni vidik strategij vzdr\u017eevanja.<\/p>\n<h2>Redno vzdr\u017eevanje in preventivni ukrepi<\/h2>\n<ul>\n<li><strong>Rutinski pregledi:<\/strong> Redno pregledujte, da odkrijete znake obrabe ali po\u0161kodb. Ta proaktivni pristop lahko pomaga prepre\u010diti draga popravila in zagotoviti varno delovanje.<\/li>\n<li><strong>Mazanje:<\/strong> Redno dolivajte hidravli\u010dno olje, da ohranite optimalno raven mazanja. Pravilno mazanje zmanj\u0161a trenje in obrabo komponent, kar podalj\u0161a \u017eivljenjsko dobo.<\/li>\n<li><strong>Zamenjava tesnila:<\/strong> Spremljajte stanje tesnil in jih po potrebi zamenjajte. Obrabljena tesnila lahko povzro\u010dijo pu\u0161\u010danje teko\u010dine, poslab\u0161ajo delovanje in morebitne okvare sistema.<\/li>\n<\/ul>\n<h2>Navodila za namestitev<\/h2>\n<p>Pravilna namestitev hidravli\u010dnega cilindra je klju\u010dnega pomena za njegovo delovanje. Najprej se prepri\u010dajte, da je obmo\u010dje namestitve \u010disto in brez ostankov, ki bi lahko ogrozili delovanje. Pravilna poravnava cilindra z nosilci je bistvenega pomena; napa\u010dna poravnava lahko povzro\u010di prekomerno obrabo in prezgodnjo odpoved. Priporo\u010dljivo je uporabiti ustrezne nosilce, da valj trdno pritrdite na svoje mesto. Upo\u0161tevanje proizvajal\u010devih specifikacij glede navorov in zra\u010dnosti bo zagotovilo u\u010dinkovito delovanje cilindra.<\/p>\n<p>Po namestitvi je klju\u010dnega pomena preveriti, ali so hidravli\u010dne povezave varne in ne pu\u0161\u010dajo. Temeljit preizkus sistema bo pomagal odkriti morebitne te\u017eave, preden se jeklenka za\u010dne redno uporabljati. Redno pregledovanje postopka namestitve in izvajanje potrebnih prilagoditev lahko znatno izbolj\u0161ata delovanje in \u017eivljenjsko dobo jeklenke.<\/p>\n<h2>Pogosta vzdr\u017eevalna opravila<\/h2>\n<h3>Rutinski pregledi<\/h3>\n<p>Redni pregledi so bistveni za zagotovitev optimalnega delovanja hidravli\u010dnega cilindra. Preverite, ali so med delovanjem prisotni znaki obrabe, pu\u0161\u010danja in morebitni nenavadni zvoki. Ta proaktivni pristop prepozna morebitne te\u017eave, preden se stopnjujejo, kar zagotavlja varnost in u\u010dinkovitost.<\/p>\n<h3>Pravilno mazanje<\/h3>\n<p>Vzdr\u017eevanje ustreznega mazanja je klju\u010dnega pomena za dolgo \u017eivljenjsko dobo hidravli\u010dnega cilindra. Redno je treba spremljati nivo olja in po potrebi dodajati ustrezno hidravli\u010dno teko\u010dino. Pravilno mazanje zmanj\u0161a trenje, kar zmanj\u0161a obrabo komponent cilindra in s tem podalj\u0161a \u017eivljenjsko dobo.<\/p>\n<h3>Zamenjava in kalibracija tesnila<\/h3>\n<p>Zamenjava tesnil ob prvih znakih obrabe je klju\u010dnega pomena za prepre\u010devanje pu\u0161\u010danja in vzdr\u017eevanje tlaka v sistemu. Redno umerjanje hidravli\u010dnega sistema zagotavlja, da deluje znotraj dolo\u010denih parametrov, kar optimizira delovanje. Pravilna nastavitev in vzdr\u017eevanje tesnil zagotavlja zanesljivo delovanje in podalj\u0161uje \u017eivljenjsko dobo hidravli\u010dnega cilindra.<\/p>\n<p><img decoding=\"async\" src=\"https:\/\/www.hydraulic-cylinders.net\/wp-content\/uploads\/2025\/04\/songte-chushion-collar.webp\" alt=\"Blazinasti ovratnik\"><\/p>\n<h2>Varnostni vidiki in okoljski dejavniki<\/h2>\n<p>Pri uporabi hidravli\u010dnih cilindrov je izvajanje varnostnih ukrepov klju\u010dnega pomena. Upravljavci morajo biti usposobljeni za pravilno ravnanje z opremo in se zavedati tveganj, povezanih s hidravli\u010dnimi sistemi. Vedno morajo biti name\u0161\u010dene varnostne funkcije za prepre\u010devanje nesre\u010d, redno vzdr\u017eevanje pa je treba izvajati za zagotovitev pravilnega delovanja cilindrov. Pri na\u010drtovanju in izbiri hidravli\u010dnih cilindrov je treba upo\u0161tevati tudi okoljske dejavnike, kot so temperaturna nihanja in izpostavljenost korozivnim snovem, da se zagotovi zanesljivo delovanje v razli\u010dnih pogojih.<\/p>\n<h2>Odpravljanje te\u017eav in pogoste te\u017eave<\/h2>\n<ul>\n<li><strong>Pu\u0161\u010danje:<\/strong> Ena najpogostej\u0161ih te\u017eav je pu\u0161\u010danje teko\u010dine, ki ga pogosto povzro\u010dijo obrabljena tesnila ali nepravilna namestitev. Redno pregledujte tesnila in jih po potrebi zamenjajte, da prepre\u010dite izgubo teko\u010dine.<\/li>\n<li><strong>Nedosledno gibanje:<\/strong> \u010ce se valj premika neenakomerno ali sunkovito, to lahko ka\u017ee na zrak v hidravli\u010dnih ceveh ali nezadostno mazanje. Odzra\u010dite sistem in zagotovite ustrezno raven olja, da ponovno vzpostavite nemoteno delovanje.<\/li>\n<li><strong>Izguba tlaka:<\/strong> Nenadna izguba tlaka lahko ka\u017ee na notranjo po\u0161kodbo ali pu\u0161\u010danje. Opravite temeljit pregled, da ugotovite vir te\u017eave in jo nemudoma odpravite.<\/li>\n<\/ul>\n<h2>Nasveti za odpravljanje te\u017eav in preventivni ukrepi<\/h2>\n<p>Za u\u010dinkovito diagnosticiranje in odpravljanje te\u017eav s hidravli\u010dnimi cilindri morajo upravljavci redno preverjati pu\u0161\u010danje in spremljati delovanje. Izvajanje preventivnih ukrepov, kot sta redno vzdr\u017eevanje in ustrezno mazanje, zmanj\u0161uje tveganje za nastanek te\u017eav. Vodenje podrobnega dnevnika pregledov in vzdr\u017eevalnih dejavnosti omogo\u010da prepoznavanje vzorcev in proaktivno obravnavanje morebitnih te\u017eav.<\/p>\n<p><img decoding=\"async\" src=\"https:\/\/www.hydraulic-cylinders.net\/wp-content\/uploads\/2025\/04\/songte-bushings-with-all-kinds-of-excavator-models.webp\" alt=\"Pu\u0161e za modele bagrov\"><\/p>\n<h2>Pregled podjetja<\/h2>\n<p>Smo vodilni proizvajalec in veletrgovec, specializiran za nadomestne hidravli\u010dne cilindre. Na\u0161a \u0161iroka paleta izdelkov nas je uveljavila kot pomembnega akterja tako na doma\u010dem kot na mednarodnem trgu. Dr\u017eimo se strogih standardov kakovosti in uporabljamo natan\u010dne proizvodne strategije, ki izkori\u0161\u010dajo napredne tehnologije in strokovno znanje. Na\u0161 poudarek na visoko u\u010dinkoviti proizvodnji, natan\u010dnem in\u017eeniringu in vrhunski kakovosti zagotavlja, da u\u010dinkovito izpolnjujemo raznolike zahteve strank.<\/p>\n<p>Na\u0161o ponudbo izdelkov podpirajo mednarodni certifikati, ki dokazujejo na\u0161o zavezanost kakovosti in varnosti. Ponujamo tudi prilagojene storitve, prilagojene individualnim potrebam strank, s \u010dimer zagotavljamo, da vsak izdelek izpolnjuje posebne operativne zahteve. Na\u0161a najsodobnej\u0161a proizvodna oprema in strogi sistemi testiranja zagotavljajo, da vsak hidravli\u010dni valj, ki ga izdelamo, izpolnjuje najvi\u0161je standarde delovanja in zanesljivosti.<\/p>\n<p><img decoding=\"async\" src=\"https:\/\/www.hydraulic-cylinders.net\/wp-content\/uploads\/2025\/04\/songte-company-4.webp\" alt=\"Proizvodni obrat podjetja\"><br \/>\n<img decoding=\"async\" src=\"https:\/\/www.hydraulic-cylinders.net\/wp-content\/uploads\/2025\/04\/songte-company-3.webp\" alt=\"Oprema podjetja za proizvodnjo\"><\/p>\n<p>Avtor: lyl<\/p>","protected":false},"excerpt":{"rendered":"<p>Boom Cylinder For Doosan Large Excavator DH360 Product Overview The Boom Cylinder for Doosan Large Excavator DH360 is an essential hydraulic component designed to facilitate the movement of the excavator&#8217;s boom. This hydraulic cylinder plays a critical role in controlling the lifting, lowering, and tilting of the bucket, thereby streamlining various material handling tasks. A [&hellip;]<\/p>","protected":false},"featured_media":17870,"comment_status":"open","ping_status":"closed","template":"","meta":{"_et_pb_use_builder":"","_et_pb_old_content":"","_et_gb_content_width":""},"product_brand":[],"product_cat":[1546],"product_tag":[1547,1496],"class_list":{"0":"post-19018","1":"product","2":"type-product","3":"status-publish","4":"has-post-thumbnail","6":"product_cat-boom-cylinders","7":"product_tag-boom-cylinders","8":"product_tag-hydraulic-cylinders","10":"first","11":"instock","12":"shipping-taxable","13":"product-type-simple"},"amp_enabled":true,"_links":{"self":[{"href":"https:\/\/www.hydraulic-cylinders.net\/sl\/wp-json\/wp\/v2\/product\/19018","targetHints":{"allow":["GET"]}}],"collection":[{"href":"https:\/\/www.hydraulic-cylinders.net\/sl\/wp-json\/wp\/v2\/product"}],"about":[{"href":"https:\/\/www.hydraulic-cylinders.net\/sl\/wp-json\/wp\/v2\/types\/product"}],"replies":[{"embeddable":true,"href":"https:\/\/www.hydraulic-cylinders.net\/sl\/wp-json\/wp\/v2\/comments?post=19018"}],"wp:featuredmedia":[{"embeddable":true,"href":"https:\/\/www.hydraulic-cylinders.net\/sl\/wp-json\/wp\/v2\/media\/17870"}],"wp:attachment":[{"href":"https:\/\/www.hydraulic-cylinders.net\/sl\/wp-json\/wp\/v2\/media?parent=19018"}],"wp:term":[{"taxonomy":"product_brand","embeddable":true,"href":"https:\/\/www.hydraulic-cylinders.net\/sl\/wp-json\/wp\/v2\/product_brand?post=19018"},{"taxonomy":"product_cat","embeddable":true,"href":"https:\/\/www.hydraulic-cylinders.net\/sl\/wp-json\/wp\/v2\/product_cat?post=19018"},{"taxonomy":"product_tag","embeddable":true,"href":"https:\/\/www.hydraulic-cylinders.net\/sl\/wp-json\/wp\/v2\/product_tag?post=19018"}],"curies":[{"name":"delovni list","href":"https:\/\/api.w.org\/{rel}","templated":true}]}}