{"id":19030,"date":"2025-04-07T06:07:56","date_gmt":"2025-04-07T06:07:56","guid":{"rendered":"https:\/\/www.hydraulic-cylinders.net\/product\/boom-cylinder-for-hyundai-middle-excavator-r170lc-5\/"},"modified":"2025-04-07T06:07:59","modified_gmt":"2025-04-07T06:07:59","slug":"boom-cylinder-for-hyundai-middle-excavator-r170lc-5","status":"publish","type":"product","link":"https:\/\/www.hydraulic-cylinders.net\/sl\/izdelek\/boom-cylinder-for-hyundai-middle-excavator-r170lc-5\/","title":{"rendered":"Cilinder roke za srednji bager Hyundai R170LC-5"},"content":{"rendered":"<h1>Cilinder roke za srednji bager Hyundai R170LC-5<\/h1>\n<h2>Pregled izdelka<\/h2>\n<p>Cilinder roke je klju\u010dni sestavni del hidravli\u010dnih sistemov, posebej zasnovan za nadzor gibanja \u017elice v te\u017ekih strojih, kot so bagri, bagri nakladalniki in \u010delni nakladalniki. Ti hidravli\u010dni cilindri omogo\u010dajo dvigovanje, spu\u0161\u010danje in nagibanje \u017elice, kar omogo\u010da u\u010dinkovito ravnanje z materiali. Cilinder \u017elice igra klju\u010dno vlogo pri delovanju bagrov, saj jim omogo\u010da natan\u010dno in mo\u010dno opravljanje razli\u010dnih funkcij.<\/p>\n<p><img decoding=\"async\" src=\"https:\/\/www.hydraulic-cylinders.net\/wp-content\/uploads\/2025\/04\/songte-company-1.webp\" alt=\"Cilinder roke za bagre\" \/><\/p>\n<h3>Definicija in funkcija<\/h3>\n<p>Hidravli\u010dni cilindri \u017elice so vrsta hidravli\u010dnega cilindra, ki posebej upravlja gibanje \u017elice v te\u017ekih strojih. Za ustvarjanje tlaka uporablja hidravli\u010dno olje, kar vodi do nadzorovanega gibanja. Ta mehanizem omogo\u010da nemoteno delovanje, kar znatno izbolj\u0161a funkcionalnost stroja, hkrati pa olaj\u0161a manevriranje s te\u017ekimi bremeni. Zasnova teh cilindrov upo\u0161teva dejavnike, kot so u\u010dinkovitost, vzdr\u017eljivost in odpornost na zahtevna delovna okolja, ki so nujni v panogah, kot sta gradbeni\u0161tvo in kmetijstvo.<\/p>\n<h2>Klju\u010dne zna\u010dilnosti cilindra roke<\/h2>\n<ul>\n<li><strong>Visoka trdnost in vzdr\u017eljivost:<\/strong> Ti cilindri, obi\u010dajno izdelani iz visoko trdnega jekla ali aluminija, lahko prenesejo visok tlak in velike obremenitve, zaradi \u010desar so primerni za te\u017eke delovne pogoje. Njihova zasnova pogosto upo\u0161teva odpornost proti obrabi in protikorozijske lastnosti za podalj\u0161anje njihove \u017eivljenjske dobe.<\/li>\n<li><strong>U\u010dinkovito hidravli\u010dno delovanje:<\/strong> Valji izkori\u0161\u010dajo tlak hidravli\u010dnega olja za doseganje gladkega iztegovanja in vvla\u010devanja. Hitro se odzivajo na operativne ukaze in zagotavljajo znatne potisne in vle\u010dne sile, ki so bistvene za ravnanje s te\u017ekimi materiali in kompleksnimi nalogami.<\/li>\n<li><strong>Razli\u010dne vrste:<\/strong> Cilindre roke je mogo\u010de izbrati glede na operativne potrebe, vklju\u010dno z enosmerno delujo\u010dimi (delujejo v eno smer) ali dvosmerno delujo\u010dimi (delujejo v dve smeri) izvedbami. Nekateri modeli imajo lahko tudi teleskopsko zasnovo za ve\u010dji izvle\u010dek brez pove\u010danja zunanjih dimenzij, kar je idealno za aplikacije z omejenim prostorom.<\/li>\n<\/ul>\n<p>Ta izdelek izdelujemo mi in na\u0161a ponudba lahko odli\u010dno nadomesti razli\u010dne hidravli\u010dne cilindre.<\/p>\n<p><img decoding=\"async\" src=\"https:\/\/www.hydraulic-cylinders.net\/wp-content\/uploads\/2025\/04\/songte-cylinder-head-with-all-kinds-excavator-models.webp\" alt=\"Hidravli\u010dni cilinder za bagre\" \/><\/p>\n<h2>Uporaba cilindra roke<\/h2>\n<ul>\n<li><strong>Gradbena oprema:<\/strong> Cilindri roke se nahajajo v bagrih, kjer so bistveni za kopanje, nakladanje in premikanje zemlje ali ru\u0161evin. Pri bagrih nakladalnikih ti cilindri olaj\u0161ajo tako izkopavanje kot dvigovanje, kar omogo\u010da upravljavcem u\u010dinkovito delo.<\/li>\n<li><strong>Kmetijska mehanizacija:<\/strong> Pri \u010delnih nakladalnikih se cilindri roke uporabljajo za zajemanje, dvigovanje in prevoz zemlje, sena in drugih materialov. Njihova robustna zasnova podpira kmetijska dela, zaradi \u010desar so naloge la\u017eje in u\u010dinkovitej\u0161e.<\/li>\n<li><strong>Bagri:<\/strong> Cilinder \u017elice omogo\u010da bagrom u\u010dinkovito prodiranje v zemljo, kar izbolj\u0161a zmogljivost kopanja. Ta funkcionalnost je klju\u010dnega pomena za gradbeni\u0161tvo, rudarstvo in urejanje krajine.<\/li>\n<li><strong>Nakladalci:<\/strong> Pri \u010delnih nakladalnikih ti cilindri pomagajo pri u\u010dinkovitem dvigovanju in razkladanju bremen, kar je klju\u010dnega pomena za ravnanje z razli\u010dnimi materiali na gradbi\u0161\u010dih.<\/li>\n<\/ul>\n<h2>Oblikovalski vidiki in izbirna merila<\/h2>\n<ul>\n<li><strong>Nosilnost:<\/strong> Nosilnost cilindra roke je temeljni dejavnik pri na\u010drtovanju. Mora biti sposoben podpirati in dvigovati znatne te\u017ee, ne da bi pri tem ogrozil svojo strukturno celovitost. To vklju\u010duje izra\u010dun skupne obremenitve in izbiro cilindra, ki jo lahko varno prenese.<\/li>\n<li><strong>Tesnjenje:<\/strong> U\u010dinkovito tesnjenje je klju\u010dnega pomena za prepre\u010devanje pu\u0161\u010danja in vzdr\u017eevanje tlaka v hidravli\u010dnem sistemu. Izbira tesnil, kot so tesnila bata in ojnice iz poliuretana ali nitrilne gume, zagotavlja vzdr\u017eljivost in zanesljivost v razli\u010dnih pogojih.<\/li>\n<li><strong>Vzdr\u017eljivost:<\/strong> Dolgo\u017eivost cilindra je odvisna od njegove vzdr\u017eljivosti. To vklju\u010duje odpornost proti obrabi, koroziji in utrujenosti, kar zagotavlja u\u010dinkovito delovanje skozi \u010das, tudi v zahtevnih okoljih.<\/li>\n<li><strong>Varnost:<\/strong> Varnostne funkcije, kot so varnostni ventili, morajo biti vklju\u010dene v zasnovo, da se prepre\u010di previsok tlak, ki bi lahko povzro\u010dil okvaro in nesre\u010de. Dobro zasnovana jeklenka mora dati prednost varnosti uporabnika.<\/li>\n<li><strong>Vzdr\u017eevanje:<\/strong> Enostavnost vzdr\u017eevanja je bistven dejavnik pri zasnovi. Izvedba funkcij, ki omogo\u010dajo enostaven pregled in servisiranje, lahko znatno zmanj\u0161a \u010das izpada in stro\u0161ke popravil.<\/li>\n<\/ul>\n<p><img decoding=\"async\" src=\"https:\/\/www.hydraulic-cylinders.net\/wp-content\/uploads\/2025\/04\/songte-oil-pipes-and-spare-parts.webp\" alt=\"Deli hidravli\u010dnega cilindra\" \/><\/p>\n<h2>Tesnjenje in mazanje valja<\/h2>\n<p>Za optimalno delovanje se uporabljajo razli\u010dne tesnilne komponente, vklju\u010dno s tesnili bata in ojnic. Izbira tesnil iz materialov, odpornih proti obrabi, kot sta poliuretan in nitrilna guma, je klju\u010dnega pomena. Poleg tega sta telo valja in navojni konci fino obdelani za pove\u010danje odpornosti proti obrabi. Redno mazanje s hidravli\u010dnim oljem je potrebno za ohranjanje pravilnega delovanja tesnil in celotnega hidravli\u010dnega sistema, prepre\u010devanje obrabe in podalj\u0161evanje \u017eivljenjske dobe valja.<\/p>\n<h2>Redni pregledi in preventivno vzdr\u017eevanje<\/h2>\n<ul>\n<li><strong>Redni pregledi:<\/strong> Izvajanje rednih pregledov je klju\u010dnega pomena za prepoznavanje obrabe in morebitnih te\u017eav, preden se te stopnjujejo. To vklju\u010duje preverjanje pu\u0161\u010danja, pregled tesnil in zagotavljanje varnosti vseh priklju\u010dkov.<\/li>\n<li><strong>Pravilno mazanje:<\/strong> Zagotavljanje ustrezne ravni hidravli\u010dnega olja in njegovo \u010disto\u010do bo pripomoglo k ohranjanju optimalne zmogljivosti. Bistveno je upo\u0161tevati proizvajal\u010deva navodila glede pogostosti in koli\u010dine mazanja.<\/li>\n<li><strong>Zamenjava tesnil in preverjanje kalibracije:<\/strong> Tesnila je treba zamenjati, ko se pojavijo znaki obrabe. Redni pregledi kalibracije bodo zagotovili, da jeklenka deluje znotraj predvidenih parametrov, kar je klju\u010dnega pomena za varnost in u\u010dinkovitost.<\/li>\n<\/ul>\n<h3>Navodila za namestitev<\/h3>\n<p>Za pravilno namestitev cilindra roke sledite tem korakom:<\/p>\n<ol>\n<li>Pred za\u010detkom namestitve se prepri\u010dajte, da je oprema na stabilni, ravni povr\u0161ini.<\/li>\n<li>Pravilno poravnajte valj z nosilci, da prepre\u010dite napa\u010dno poravnavo, ki lahko povzro\u010di prezgodnjo obrabo ali okvaro.<\/li>\n<li>Za pritrditev cilindra uporabite ustrezne pritrdilne nosilce in zagotovite, da je tesno pritrjen, da se med delovanjem ne premika.<\/li>\n<li>Pri priklopu hidravli\u010dnih cevi se prepri\u010dajte, da niso prepognjene in preve\u010d raztegnjene. Dvakrat preverite vse priklju\u010dke, da prepre\u010dite pu\u0161\u010danje.<\/li>\n<li>Ko je oprema name\u0161\u010dena, jo pred ponovno uporabo temeljito preizkusite, da zagotovite njeno pravilno delovanje.<\/li>\n<\/ol>\n<p><img decoding=\"async\" src=\"https:\/\/www.hydraulic-cylinders.net\/wp-content\/uploads\/2025\/04\/songte-chushion-collar.webp\" alt=\"Namestitev hidravli\u010dnega cilindra\" \/><\/p>\n<h2>Varnostni vidiki in okoljski dejavniki<\/h2>\n<p>Pri razpravi o varnostnih ukrepih, povezanih z cilindrom roke, je bistveno poudariti pomen upo\u0161tevanja varnostnih protokolov. Upravljavci morajo biti ustrezno usposobljeni za upravljanje strojev, vklju\u010dno s prepoznavanjem nevarnosti, povezanih s hidravli\u010dnimi sistemi. Zagotavljanje, da je vsa varnostna oprema, kot so tla\u010dni varnostni ventili, name\u0161\u010dena, lahko prepre\u010di nesre\u010de in zagotovi varnej\u0161e delovno okolje.<\/p>\n<h2>Odpravljanje te\u017eav in pogoste te\u017eave<\/h2>\n<ul>\n<li><strong>Pu\u0161\u010danja:<\/strong> Pu\u0161\u010danje hidravli\u010dne teko\u010dine lahko ka\u017ee na okvaro tesnila ali te\u017eave s priklju\u010dki. Redno pregledujte tesnila in priklju\u010dke, da ugotovite in odpravite vir pu\u0161\u010danja.<\/li>\n<li><strong>Po\u010dasno delovanje:<\/strong> \u010ce valj deluje po\u010dasi, je to lahko posledica nizke ravni hidravli\u010dne teko\u010dine ali onesna\u017eenega olja. Preverite raven teko\u010dine in po potrebi zamenjajte olje.<\/li>\n<li><strong>Nenavadni zvoki:<\/strong> Nenavadni zvoki med delovanjem lahko ka\u017eejo na mehanske te\u017eave. Preverite valj in hidravli\u010dni sistem glede morebitnih znakov po\u0161kodb ali obrabe.<\/li>\n<\/ul>\n<h2>Nasveti za odpravljanje te\u017eav<\/h2>\n<p>Za u\u010dinkovito diagnosticiranje in odpravljanje te\u017eav z cilindrom roke upo\u0161tevajte naslednje nasvete:<\/p>\n<ul>\n<li>Redno spremljajte in vzdr\u017eujte nivo hidravli\u010dne teko\u010dine, da prepre\u010dite te\u017eave pri delovanju.<\/li>\n<li>Spremljajte delovanje tesnil in jih zamenjajte ob prvih znakih obrabe, da prepre\u010dite pu\u0161\u010danje teko\u010dine.<\/li>\n<li>Redno pregledujte jeklenko glede morebitnih znakov obrabe ali po\u0161kodb in odpravite te\u017eave, ko se pojavijo, da prepre\u010dite nadaljnje zaplete.<\/li>\n<\/ul>\n<p><img decoding=\"async\" src=\"https:\/\/www.hydraulic-cylinders.net\/wp-content\/uploads\/2025\/04\/songte-bushings-with-all-kinds-of-excavator-models.webp\" alt=\"Pu\u0161a hidravli\u010dnega cilindra\" \/><\/p>\n<h2>O na\u0161em podjetju<\/h2>\n<p>Smo proizvajalec, specializiran za nadomestne hidravli\u010dne cilindre. Na\u0161a raznolika ponudba izdelkov nas je uveljavila kot vodilnega proizvajalca in veleprodajnega distributerja tako na doma\u010dem kot na mednarodnem trgu. Zana\u0161amo se na odli\u010dnost v kakovosti in prefinjeno strategijo upravljanja proizvodnje. Na\u0161e podjetje nenehno izbolj\u0161uje na\u0161o proizvodno platformo z usposobljenim osebjem, vrhunsko digitalno proizvodno opremo in specializiranimi testnimi sistemi, s \u010dimer zagotavljamo, da z visoko u\u010dinkovitostjo, natan\u010dnostjo in kakovostjo izpolnjujemo raznolike potrebe na\u0161ih strank.<\/p>\n<p><img decoding=\"async\" src=\"https:\/\/www.hydraulic-cylinders.net\/wp-content\/uploads\/2025\/04\/songte-company-4.webp\" alt=\"Pregled podjetja\" \/><br \/>\n<img decoding=\"async\" src=\"https:\/\/www.hydraulic-cylinders.net\/wp-content\/uploads\/2025\/04\/songte-company-3.webp\" alt=\"Proizvodni obrat\" \/><\/p>\n<p>Na\u0161a zavezanost profesionalnosti, mednarodnim certifikatom, prilagojenim storitvam, napredni proizvodni opremi in izjemni poprodajni storitvi nas lo\u010di od drugih v panogi.<\/p>\n<p>Avtor: lyl<\/p>","protected":false},"excerpt":{"rendered":"<p>Boom Cylinder For Hyundai Middle Excavator R170LC-5 Product Overview The Boom Cylinder is a vital component in hydraulic systems, specifically designed for controlling the movements of the bucket in heavy machinery such as excavators, backhoe loaders, and front loaders. These hydraulic cylinders enable the bucket to lift, lower, and tilt, facilitating efficient material handling tasks. [&hellip;]<\/p>","protected":false},"featured_media":17867,"comment_status":"open","ping_status":"closed","template":"","meta":{"_et_pb_use_builder":"","_et_pb_old_content":"","_et_gb_content_width":""},"product_brand":[],"product_cat":[1546],"product_tag":[1547,1496],"class_list":{"0":"post-19030","1":"product","2":"type-product","3":"status-publish","4":"has-post-thumbnail","6":"product_cat-boom-cylinders","7":"product_tag-boom-cylinders","8":"product_tag-hydraulic-cylinders","10":"first","11":"instock","12":"shipping-taxable","13":"product-type-simple"},"amp_enabled":true,"_links":{"self":[{"href":"https:\/\/www.hydraulic-cylinders.net\/sl\/wp-json\/wp\/v2\/product\/19030","targetHints":{"allow":["GET"]}}],"collection":[{"href":"https:\/\/www.hydraulic-cylinders.net\/sl\/wp-json\/wp\/v2\/product"}],"about":[{"href":"https:\/\/www.hydraulic-cylinders.net\/sl\/wp-json\/wp\/v2\/types\/product"}],"replies":[{"embeddable":true,"href":"https:\/\/www.hydraulic-cylinders.net\/sl\/wp-json\/wp\/v2\/comments?post=19030"}],"wp:featuredmedia":[{"embeddable":true,"href":"https:\/\/www.hydraulic-cylinders.net\/sl\/wp-json\/wp\/v2\/media\/17867"}],"wp:attachment":[{"href":"https:\/\/www.hydraulic-cylinders.net\/sl\/wp-json\/wp\/v2\/media?parent=19030"}],"wp:term":[{"taxonomy":"product_brand","embeddable":true,"href":"https:\/\/www.hydraulic-cylinders.net\/sl\/wp-json\/wp\/v2\/product_brand?post=19030"},{"taxonomy":"product_cat","embeddable":true,"href":"https:\/\/www.hydraulic-cylinders.net\/sl\/wp-json\/wp\/v2\/product_cat?post=19030"},{"taxonomy":"product_tag","embeddable":true,"href":"https:\/\/www.hydraulic-cylinders.net\/sl\/wp-json\/wp\/v2\/product_tag?post=19030"}],"curies":[{"name":"delovni list","href":"https:\/\/api.w.org\/{rel}","templated":true}]}}