{"id":1906,"date":"2023-10-19T06:58:04","date_gmt":"2023-10-19T06:58:04","guid":{"rendered":"https:\/\/hydraulic-cylinders.net\/?post_type=product&#038;p=1906"},"modified":"2025-04-11T02:51:49","modified_gmt":"2025-04-11T02:51:49","slug":"double-shield-tbm-support-shoe-cylinder","status":"publish","type":"product","link":"https:\/\/www.hydraulic-cylinders.net\/sl\/izdelek\/double-shield-tbm-support-shoe-cylinder\/","title":{"rendered":"Dvojni \u0161\u010ditni podporni cilinder TBM"},"content":{"rendered":"<h1 style=\"text-align: center;\"><strong>Dvojni \u0161\u010ditni podporni cilinder TBM<\/strong><\/h1>\n<p><img loading=\"lazy\" decoding=\"async\" class=\"aligncenter wp-image-1907\" src=\"https:\/\/hydraulic-cylinders.net\/wp-content\/uploads\/2023\/10\/support-shoe-cylinder-1-2-300x300.webp\" alt=\"\" width=\"400\" height=\"400\" \/><\/p>\n<p>Dvojno \u0161\u010ditni podporni valj TBM je najsodobnej\u0161a hidravli\u010dna komponenta, zasnovana za pove\u010danje u\u010dinkovitosti in varnosti vrtanja predorov. Ta specializirani valj igra klju\u010dno vlogo pri podpiranju \u0161\u010dita dvojno \u0161\u010ditnega vrtalnega stroja za predore (TBM), saj zagotavlja stabilnost in za\u0161\u010dito med izkopavanjem. Ta informativni \u010dlanek bo raziskal klju\u010dne zna\u010dilnosti, na\u010dine uporabe in smernice za vzdr\u017eevanje dvojno \u0161\u010ditnega podpornega valja TBM.<\/p>\n<p>Dvojno \u0161\u010ditni podporni valj TBM je klju\u010dna komponenta, ki pove\u010duje u\u010dinkovitost in varnost vrtanja predorov z dvojnim \u0161\u010ditom. Z izbolj\u0161ano stabilnostjo, natan\u010dnim krmiljenjem, dvojno delujo\u010do zasnovo, vzdr\u017eljivostjo in zanesljivostjo ta valj zagotavlja varno podporo in za\u0161\u010dito \u0161\u010dita TBM med izkopavanjem. Z upo\u0161tevanjem priporo\u010denih metod uporabe in rednih vzdr\u017eevalnih praks bo dvojno \u0161\u010ditni podporni valj TBM \u0161e naprej zagotavljal izjemno zmogljivost in prispeval k uspehu projektov vrtanja predorov. Izkusite u\u010dinkovitost in varnost dvojno \u0161\u010ditnega podpornega valja TBM, ki z napredno tehnologijo in zanesljivostjo revolucionira vrtanje predorov.<\/p>\n<p>Klju\u010dne zna\u010dilnosti cilindra podporne \u010deljusti Double Shield TBM:<\/p>\n<ul>\n<li>Izbolj\u0161ana stabilnost in nosilnost: Dvojni podporni valj TBM je zasnovan tako, da zagotavlja izjemno stabilnost in nosilnost \u0161\u010dita TBM. Njegova robustna konstrukcija in natan\u010dna in\u017eeniring zagotavljata, da \u0161\u010dit med izkopom ostane varno na svojem mestu, kar zmanj\u0161uje tveganje zru\u0161itve tal in zagotavlja varnost ekipe za gradnjo predora.<\/li>\n<li>Natan\u010den nadzor in pozicioniranje: Ta valj, opremljen z naprednimi hidravli\u010dnimi krmilnimi sistemi, ponuja natan\u010den nadzor nad pozicioniranjem podpornih \u010devljev. To omogo\u010da upravljavcem, da prilagodijo orientacijo in poravnavo \u010devljev specifi\u010dnim talnim razmeram, kar zagotavlja natan\u010dno in u\u010dinkovito izkopavanje.<\/li>\n<li>Dvostransko delujo\u010da zasnova: Dvojno za\u0161\u010diteni valj podpornih \u010devljev tbm ima dvojno delujo\u010do zasnovo, kar pomeni, da lahko izvaja silo tako v smeri iztegovanja kot v smeri umika. Ta zmogljivost omogo\u010da vsestransko in nadzorovano gibanje podpornih \u010devljev, kar zagotavlja optimalno oporo in stabilnost med postopkom kopanja predora.<\/li>\n<li>Vzdr\u017eljivost in zanesljivost: Dvojno za\u0161\u010diteni podporni valj tbm, izdelan iz visokokakovostnih materialov, je zasnovan tako, da prenese zahtevne pogoje, s katerimi se sre\u010dujemo med predorskimi operacijami. Prenese lahko velike obremenitve, vibracije in udarce, kar zagotavlja dolgotrajno vzdr\u017eljivost, zmanj\u0161uje izpade in stro\u0161ke vzdr\u017eevanja.<\/li>\n<\/ul>\n<h2><strong>Parameter cilindra podporne \u010deljusti z dvojnim \u0161\u010ditom TBM:<\/strong><\/h2>\n<table border=\"1\" cellspacing=\"0\" cellpadding=\"0\">\n<tbody>\n<tr>\n<td>Ime izdelka<\/td>\n<td>Dvojni \u0161\u010ditnik za podporni \u010develj za vrtalni stroj za predore<\/td>\n<\/tr>\n<tr>\n<td>Zna\u010dilnosti:<\/td>\n<td>Zagotavlja potisk pri vrtanju predorov z rezalno glavo<\/td>\n<\/tr>\n<tr>\n<td>Premer izvrtine:<\/td>\n<td>320 mm\uff5e700 mm<\/td>\n<\/tr>\n<tr>\n<td>Premer palice:<\/td>\n<td>220 mm\uff5e500 mm<br \/>\nHod: 300 mm\uff5e1200 mm<\/td>\n<\/tr>\n<tr>\n<td>Tlak:<\/td>\n<td>do 35 MPa<\/td>\n<\/tr>\n<tr>\n<td>Uporaba:<\/td>\n<td>Stroj za vrtanje predorov z dvojnim \u0161\u010ditom<\/td>\n<\/tr>\n<\/tbody>\n<\/table>\n<h2><strong>Uporaba dvojnega \u0161\u010ditnega cilindra TBM:<\/strong><\/h2>\n<p><img loading=\"lazy\" decoding=\"async\" class=\"alignnone wp-image-1909 size-full\" src=\"https:\/\/hydraulic-cylinders.net\/wp-content\/uploads\/2023\/10\/double-shield-tbm-cylinder-1.webp\" alt=\"\" width=\"709\" height=\"473\" srcset=\"https:\/\/hydraulic-cylinders.net\/wp-content\/uploads\/2023\/10\/double-shield-tbm-cylinder-1.webp 709w, https:\/\/hydraulic-cylinders.net\/wp-content\/uploads\/2023\/10\/double-shield-tbm-cylinder-1-480x320.webp 480w\" sizes=\"(min-width: 0px) and (max-width: 480px) 480px, (min-width: 481px) 709px, 100vw\" \/><\/p>\n<h2><strong>Na\u010din uporabe <\/strong><strong>Dvojni \u0161\u010ditni podporni cilinder TBM<\/strong><strong>:<\/strong><\/h2>\n<ul>\n<li><strong>Namestitev cilindra:<\/strong>\u00a0 Namestite valj podpornega \u010devlja z dvojnim \u0161\u010ditom TBM v skladu z navodili proizvajalca. Za zagotovitev pravilne poravnave in varne pritrditve na konstrukcijo podpornega \u010devlja TBM uporabite ustrezne monta\u017ene nosilce ali dodatke.<\/li>\n<li><strong>Integracija hidravli\u010dnega sistema:<\/strong> Priklju\u010dite jeklenko na hidravli\u010dni sistem TBM z uporabo zdru\u017eljivih cevi in \u200b\u200bspojk. Preverite, ali so vse povezave varne, netesne in ustrezno zategnjene, da zagotovite optimalno hidravli\u010dno delovanje.<\/li>\n<li><strong>Nadzor in pozicioniranje:<\/strong>\u00a0 Seznanite se s pravili, ki veljajo za valj podpornih \u010devljev z dvojnim \u0161\u010ditom TBM. S temi krmilnimi elementi po potrebi prilagodite polo\u017eaj, poravnavo in kot podpornih \u010devljev. Upo\u0161tevajte smernice in priporo\u010dila proizvajalca TBM za optimalno pozicioniranje podpornih \u010devljev glede na talne razmere.<\/li>\n<li><strong>Varnostni ukrepi:<\/strong>\u00a0 Upo\u0161tevajte vse varnostne protokole in smernice proizvajalca TBM. Zagotovite, da so upravljavci usposobljeni za varno upravljanje TBM in cilindra z dvojnim \u0161\u010ditom podporne \u010devlje TBM. Redno pregledujte varnostne mehanizme in izvajajte vzdr\u017eevanje po priporo\u010dilih, da zagotovite pravilno delovanje.<\/li>\n<\/ul>\n<h2><strong>Kako zgraditi hidravli\u010dni cilinder?<\/strong><\/h2>\n<p>Izdelava hidravli\u010dnega cilindra zahteva napredno in\u017eenirsko znanje, specializirano opremo in dostop do visokokakovostnih materialov. Zaradi kompleksnosti in natan\u010dnosti je to obi\u010dajno naloga, ki jo opravljajo profesionalni proizvajalci. Vendar pa je tukaj splo\u0161en pregled korakov pri izdelavi hidravli\u010dnega cilindra:<\/p>\n<ol>\n<li><strong>Oblikovanje in in\u017eeniring:<\/strong>\n<ul>\n<li>Dolo\u010dite posebne zahteve in specifikacije hidravli\u010dnega cilindra, kot so dol\u017eina hoda, premer izvrtine, delovni tlak in nosilnost.<\/li>\n<li>S programsko opremo za ra\u010dunalni\u0161ko podprto na\u010drtovanje (CAD) ustvarite podroben na\u010drt, ki vklju\u010duje dimenzije valja, notranje komponente in tesnila.<\/li>\n<\/ul>\n<\/li>\n<li><strong>Izbira materiala:<\/strong>\n<ul>\n<li>Za hidravli\u010dne aplikacije izberite visokokakovostne materiale, kot sta jeklo ali aluminij za valj, bat in kon\u010dne pokrov\u010dke.<\/li>\n<li>Izberite ustrezna tesnila, kot so O-tesnila ali tesnila bata, ki lahko prenesejo obratovalne pogoje in so zdru\u017eljiva s teko\u010dinami.<\/li>\n<\/ul>\n<\/li>\n<li><strong>Strojna obdelava:<\/strong>\n<ul>\n<li>Za izdelavo komponent valjev v skladu s konstrukcijskimi specifikacijami uporabite precizno obdelovalno opremo, kot so stru\u017enice, rezkalniki in brusilniki.<\/li>\n<li>Strojno obdelajte valj valja, kon\u010dne pokrove, bat, palico in druge notranje komponente do zahtevanih dimenzij in toleranc.<\/li>\n<\/ul>\n<\/li>\n<li><strong>Sestavljanje:<\/strong>\n<ul>\n<li>Vse komponente temeljito o\u010distite, da odstranite morebitne umazanije ali ostanke.<\/li>\n<li>Namestite tesnila v za to namenjene utore na batu, kon\u010dnih pokrovih in batnici.<\/li>\n<li>Previdno vstavite bat v valj valja in pri tem pazite na pravilno poravnavo in zra\u010dnost.<\/li>\n<li>Kon\u010dne pokrov\u010dke pritrdite na cev valja in tako zagotovite varno in neprepustno povezavo.<\/li>\n<li>Vstavite palico v bat in jo pritrdite z ustreznimi pritrdilnimi elementi.<\/li>\n<li>Na kon\u010dne pokrov\u010dke pritrdite hidravli\u010dne priklju\u010dke ali odprtine za priklju\u010dke teko\u010din.<\/li>\n<\/ul>\n<\/li>\n<li><strong>Testiranje in nadzor kakovosti:<\/strong>\n<ul>\n<li>Izvedite tla\u010dni preizkus, da zagotovite, da jeklenka prenese dolo\u010deni delovni tlak brez pu\u0161\u010danja ali okvar.<\/li>\n<li>Pravilno delovanje cilindra preverite tako, da ga pod nadzorovanimi pogoji iztegnete in uvle\u010dete.<\/li>\n<li>Preverite vse komponente glede napak ali nepopolnosti in se prepri\u010dajte, da ustrezajo zahtevanim specifikacijam.<\/li>\n<li>Izvedite preglede kakovosti, da zagotovite, da jeklenka izpolnjuje varnostne in regulativne zahteve.<\/li>\n<\/ul>\n<\/li>\n<\/ol>\n<h2><strong>Zmogljivost in zmogljivost tovarne:<\/strong><\/h2>\n<h3>(1) Sestavljanje<\/h3>\n<p>Imamo prvovrstno neodvisno platformo za raziskave in razvoj. Delavnica za proizvodnjo hidravli\u010dnih cilindrov ima \u0161tiri polavtomatske monta\u017ene linije za dvi\u017ene cilindre in eno avtomatsko monta\u017eno linijo za nagibne cilindre z letno proizvodno zmogljivostjo 1 milijona kosov. Delavnica za posebne cilindre je opremljena z razli\u010dnimi specifikacijami polavtomatskega sistema za \u010di\u0161\u010denje in monta\u017eo z letno proizvodno zmogljivostjo 200.000 kosov ter znano CNC obdelovalno opremo, obdelovalnim centrom, visoko precizno posebno opremo za obdelavo cilindrov, robotskim varilnim strojem, avtomatskim \u010distilnim strojem, avtomatskim strojem za monta\u017eo cilindrov in avtomatsko proizvodno linijo za barvanje. Obstoje\u010da kriti\u010dna oprema obsega ve\u010d kot 300 kompletov (kompletov). Optimalna razporeditev in u\u010dinkovita uporaba opremnih virov zagotavljata zahteve glede natan\u010dnosti izdelkov in izpolnjujeta visoke zahteve glede kakovosti izdelkov.<\/p>\n<p><img loading=\"lazy\" decoding=\"async\" class=\"alignnone wp-image-626\" src=\"https:\/\/hydraulic-cylinders.net\/wp-content\/uploads\/2023\/08\/hydraulic-cylinder-product-1-300x158.webp\" alt=\"\" width=\"495\" height=\"260\" srcset=\"https:\/\/hydraulic-cylinders.net\/wp-content\/uploads\/2023\/08\/hydraulic-cylinder-product-1-300x158.webp 495w, https:\/\/hydraulic-cylinders.net\/wp-content\/uploads\/2023\/08\/hydraulic-cylinder-product-1-480x252.webp 480w\" sizes=\"(min-width: 0px) and (max-width: 480px) 480px, (min-width: 481px) 495px, 100vw\" \/> <img loading=\"lazy\" decoding=\"async\" class=\"alignnone wp-image-627\" src=\"https:\/\/hydraulic-cylinders.net\/wp-content\/uploads\/2023\/08\/hydraulic-cylinder-product-2-300x189.webp\" alt=\"\" width=\"413\" height=\"260\" \/><\/p>\n<h3>(2) Strojna obdelava<\/h3>\n<p>Strojna delavnica je opremljena s prilagojenim centrom za stru\u017eenje nagnjenih tirnic, obdelovalnim centrom, visokohitrostnim strojem za honanje, varilnim robotom in drugo sorodno opremo, ki lahko obdeluje cilindri\u010dne cevi z najve\u010djim notranjim premerom 400 mm in najve\u010djo dol\u017eino 6 metrov.<\/p>\n<p><img loading=\"lazy\" decoding=\"async\" class=\"alignnone wp-image-628 size-large\" src=\"https:\/\/hydraulic-cylinders.net\/wp-content\/uploads\/2023\/08\/hydraulic-cylinder-product-3-1024x391.webp\" alt=\"\" width=\"1024\" height=\"391\" srcset=\"https:\/\/hydraulic-cylinders.net\/wp-content\/uploads\/2023\/08\/hydraulic-cylinder-product-3-980x374.webp 980w, https:\/\/hydraulic-cylinders.net\/wp-content\/uploads\/2023\/08\/hydraulic-cylinder-product-3-480x183.webp 480w\" sizes=\"(min-width: 0px) and (max-width: 480px) 480px, (min-width: 481px) and (max-width: 980px) 980px, (min-width: 981px) 1024px, 100vw\" \/><\/p>\n<h3>(3) Varjenje<\/h3>\n<p><img loading=\"lazy\" decoding=\"async\" class=\"alignnone wp-image-629 size-large\" src=\"https:\/\/hydraulic-cylinders.net\/wp-content\/uploads\/2023\/08\/hydraulic-cylinder-product-4-1024x510.webp\" alt=\"\" width=\"1024\" height=\"510\" srcset=\"https:\/\/hydraulic-cylinders.net\/wp-content\/uploads\/2023\/08\/hydraulic-cylinder-product-4-980x488.webp 980w, https:\/\/hydraulic-cylinders.net\/wp-content\/uploads\/2023\/08\/hydraulic-cylinder-product-4-480x239.webp 480w\" sizes=\"(min-width: 0px) and (max-width: 480px) 480px, (min-width: 481px) and (max-width: 980px) 980px, (min-width: 981px) 1024px, 100vw\" \/><\/p>\n<h3>(4) Barvanje in premazovanje<\/h3>\n<p>Z majhnimi in srednje velikimi cilindri\u010dnimi avtomatskimi linijami za barvanje na vodni osnovi, za doseganje avtomatskega nakladanja in razkladanja robotov ter avtomatskega brizganja, je projektna zmogljivost 4000 kosov na izmeno;<br \/>\nImamo tudi polavtomatsko linijo za proizvodnjo barv za velike jeklenke, ki jo poganja veriga, s projektno zmogljivostjo 60 zabojev na izmeno.<\/p>\n<p><img loading=\"lazy\" decoding=\"async\" class=\"alignnone wp-image-630\" src=\"https:\/\/hydraulic-cylinders.net\/wp-content\/uploads\/2023\/08\/hydraulic-cylinder-product-5-300x213.webp\" alt=\"\" width=\"366\" height=\"260\" \/> <img loading=\"lazy\" decoding=\"async\" class=\"alignnone wp-image-631\" src=\"https:\/\/hydraulic-cylinders.net\/wp-content\/uploads\/2023\/08\/hydraulic-cylinder-product-6-300x225.webp\" alt=\"\" width=\"347\" height=\"260\" \/><\/p>\n<h3>(5) Testiranje<\/h3>\n<p>Imamo prvovrstne in\u0161pekcijske prostore in testne postaje, s katerimi zagotavljamo, da delovanje jeklenke izpolnjuje zahteve.<\/p>\n<p><img loading=\"lazy\" decoding=\"async\" class=\"alignnone wp-image-632\" src=\"https:\/\/hydraulic-cylinders.net\/wp-content\/uploads\/2023\/08\/hydraulic-cylinder-product-8-300x200.webp\" alt=\"\" width=\"389\" height=\"260\" \/><\/p>\n<p>&nbsp;<\/p>\n<p>&nbsp;<\/p>\n<p>Smo eden najbolj\u0161ih proizvajalcev hidravli\u010dnih cilindrov. Ponujamo vam celovite hidravli\u010dne cilindre. Zagotavljamo tudi ustrezne <a href=\"https:\/\/hzpt.com\/agricultural-pto-gearbox\/\" target=\"_blank\" rel=\"noopener\">kmetijski menjalniki<\/a>Na\u0161e izdelke smo izvozili strankam po vsem svetu in si prislu\u017eili dober ugled zaradi vrhunske kakovosti izdelkov in poprodajnih storitev. Z veseljem vas vabimo, da nas kontaktirate za poslovne dogovore, izmenjavo informacij in ... <a href=\"https:\/\/www.hydraulic-cylinders.net\/sl\/contact-us\/\">sodelujte z nami<\/a>!<\/p>\n<p>&nbsp;<\/p>","protected":false},"excerpt":{"rendered":"<p>Double Shield TBM Support Shoe Cylinder The double shield TBM support shoe cylinder is a cutting-edge hydraulic component designed to enhance tunnel boring operations&#8217; efficiency and safety. This specialized cylinder plays a crucial role in supporting the shield of a double-shield tunnel boring machine (TBM), ensuring stability and protection during excavation. This informative article will [&hellip;]<\/p>","protected":false},"featured_media":1908,"comment_status":"open","ping_status":"closed","template":"","meta":{"_et_pb_use_builder":"","_et_pb_old_content":"","_et_gb_content_width":""},"product_brand":[],"product_cat":[1519,1549],"product_tag":[1380],"class_list":{"0":"post-1906","1":"product","2":"type-product","3":"status-publish","4":"has-post-thumbnail","6":"product_cat-shield-machine-hydraulic-cylinders","7":"product_cat-single-acting-hydraulic-cylinder","8":"product_tag-hydraulic-cylinder","10":"first","11":"instock","12":"shipping-taxable","13":"product-type-simple"},"amp_enabled":true,"_links":{"self":[{"href":"https:\/\/www.hydraulic-cylinders.net\/sl\/wp-json\/wp\/v2\/product\/1906","targetHints":{"allow":["GET"]}}],"collection":[{"href":"https:\/\/www.hydraulic-cylinders.net\/sl\/wp-json\/wp\/v2\/product"}],"about":[{"href":"https:\/\/www.hydraulic-cylinders.net\/sl\/wp-json\/wp\/v2\/types\/product"}],"replies":[{"embeddable":true,"href":"https:\/\/www.hydraulic-cylinders.net\/sl\/wp-json\/wp\/v2\/comments?post=1906"}],"wp:featuredmedia":[{"embeddable":true,"href":"https:\/\/www.hydraulic-cylinders.net\/sl\/wp-json\/wp\/v2\/media\/1908"}],"wp:attachment":[{"href":"https:\/\/www.hydraulic-cylinders.net\/sl\/wp-json\/wp\/v2\/media?parent=1906"}],"wp:term":[{"taxonomy":"product_brand","embeddable":true,"href":"https:\/\/www.hydraulic-cylinders.net\/sl\/wp-json\/wp\/v2\/product_brand?post=1906"},{"taxonomy":"product_cat","embeddable":true,"href":"https:\/\/www.hydraulic-cylinders.net\/sl\/wp-json\/wp\/v2\/product_cat?post=1906"},{"taxonomy":"product_tag","embeddable":true,"href":"https:\/\/www.hydraulic-cylinders.net\/sl\/wp-json\/wp\/v2\/product_tag?post=1906"}],"curies":[{"name":"delovni list","href":"https:\/\/api.w.org\/{rel}","templated":true}]}}