{"id":19094,"date":"2025-04-07T06:12:30","date_gmt":"2025-04-07T06:12:30","guid":{"rendered":"https:\/\/www.hydraulic-cylinders.net\/product\/boom-cylinder-for-yugong-wy15-7\/"},"modified":"2025-04-07T06:12:32","modified_gmt":"2025-04-07T06:12:32","slug":"boom-cylinder-for-yugong-wy15-7","status":"publish","type":"product","link":"https:\/\/www.hydraulic-cylinders.net\/sl\/izdelek\/boom-cylinder-for-yugong-wy15-7\/","title":{"rendered":"Cilinder roke za Yugong WY15-7"},"content":{"rendered":"<h1>Cilinder roke za Yugong WY15-7<\/h1>\n<h2>Pregled izdelka<\/h2>\n<p>Hidravli\u010dni cilinder roke za Yugong WY15-7 je specializiran hidravli\u010dni cilinder, zasnovan za krmiljenje gibanja \u017elic v razli\u010dnih te\u017ekih strojih. Hidravli\u010dni cilindri so klju\u010dne komponente v hidravli\u010dnih sistemih, ki omogo\u010dajo natan\u010den nadzor gibanja in pozicioniranja opreme. Ta poseben cilinder roke je sestavni del delovanja bagrov, bagrov nakladalnikov in \u010delnih nakladalnikov, saj omogo\u010da u\u010dinkovito dvigovanje, spu\u0161\u010danje in nagibanje \u017elice, s \u010dimer se olaj\u0161ajo naloge ravnanja z materiali.<\/p>\n<p>Cilindri \u017elice so hidravli\u010dni cilindri, ki se posebej uporabljajo za upravljanje delovanja priklju\u010dkov za kopanje in dvigovanje ter delujejo kot hrbtenica \u0161tevilnih operacij gradbenih in kmetijskih strojev. Mo\u010d hidravli\u010dnega sistema v kombinaciji z mehansko prednostjo, ki jo zagotavlja cilinder, omogo\u010da enostavno manevriranje te\u017ekih bremen. S poudarkom na zanesljivosti in zmogljivosti cilinder roke za Yugong WY15-7 zagotavlja, da lahko upravljavci varno in u\u010dinkovito opravljajo naloge.<\/p>\n<p><img decoding=\"async\" src=\"https:\/\/www.hydraulic-cylinders.net\/wp-content\/uploads\/2025\/04\/songte-company-1.webp\" alt=\"Cilinder roke za Yugong WY15-7\"><\/p>\n<h2>Zna\u010dilnosti cilindra roke za Yugong WY15-7<\/h2>\n<ul>\n<li><strong>Visoka trdnost in vzdr\u017eljivost:<\/strong> Ta jeklenka, izdelana iz visoko trdnega jekla ali aluminija, lahko prenese visok tlak in velike obremenitve, zaradi \u010desar je primerna za zahtevna delovna okolja. Zasnova upo\u0161teva odpornost proti obrabi in koroziji, kar podalj\u0161uje njeno \u017eivljenjsko dobo.<\/li>\n<li><strong>U\u010dinkovito hidravli\u010dno delovanje:<\/strong> Ta valj uporablja hidravli\u010dni tlak olja za doseganje gladkega vle\u010denja in izvle\u010denja, se hitro odziva na ukaze upravljavca in zagotavlja mo\u010dno silo potiska in vle\u010denja, kar je idealno za te\u017eka in kompleksna opravila.<\/li>\n<li><strong>Razli\u010dne mo\u017enosti:<\/strong> Cilinder roke je na voljo v enosmerni (hidravli\u010dno delovanje v eni smeri) ali dvosmerni (hidravli\u010dno delovanje v obeh smereh) konfiguraciji, da zadosti razli\u010dnim operativnim zahtevam. Nekateri modeli imajo teleskopske zasnove, ki omogo\u010dajo ve\u010dji razteg brez pove\u010danja zunanjih dimenzij, kar je idealno za aplikacije z omejenim prostorom.<\/li>\n<li><strong>Precizno in\u017eenirstvo:<\/strong> Vsak valj je izdelan natan\u010dno, da se zagotovi optimalna zmogljivost in dolga \u017eivljenjsko doba, pri \u010demer je v proizvodni proces vklju\u010dena napredna tehnologija.<\/li>\n<li><strong>Zdru\u017eljivost:<\/strong> Na\u0161i izdelki slu\u017eijo kot popolna zamenjava za razli\u010dne hidravli\u010dne cilindre, kar zagotavlja brezhibno integracijo in delovanje v razli\u010dnih modelih strojev.<\/li>\n<\/ul>\n<p><img decoding=\"async\" src=\"https:\/\/www.hydraulic-cylinders.net\/wp-content\/uploads\/2025\/04\/songte-cylinder-head-with-all-kinds-excavator-models.webp\" alt=\"Zdru\u017eljivost z modeli bagrov\"><\/p>\n<h2>Uporaba cilindra roke za Yugong WY15-7<\/h2>\n<h3>Gradbena oprema<\/h3>\n<p>Pri bagrih ima cilinder roke klju\u010dno vlogo pri kopanju, nakladanju in premikanju zemlje ali ru\u0161evin. Omogo\u010da natan\u010den nadzor nad polo\u017eajem \u017elice, kar upravljavcem omogo\u010da u\u010dinkovito in uspe\u0161no delo. Pri bagrih nakladalnikih cilinder \u017elice pomaga ne le pri izkopavanju, temve\u010d tudi pri dvigovanju, zaradi \u010desar je bistvenega pomena za opravljanje razli\u010dnih nalog na gradbi\u0161\u010dih.<\/p>\n<h3>Kmetijska mehanizacija<\/h3>\n<p>Pri \u010delnih nakladalnikih je cilinder roke klju\u010dnega pomena za zajemanje, dvigovanje in prevoz zemlje, sena in drugih materialov. Ta hidravli\u010dna komponenta zagotavlja hitro in minimalno naporno izvajanje kmetijskih opravil, kar pove\u010duje produktivnost pri kmetijskih delih.<\/p>\n<h3>Bagri<\/h3>\n<p>Cilinder roke olaj\u0161a kopanje, saj omogo\u010da, da \u017elica u\u010dinkovito prodre v zemljo. Ta zasnova je klju\u010dnega pomena za doseganje globokih izkopov in zagotavljanje, da lahko upravljavci opravljajo svoja dela brez prevelike obremenitve stroja.<\/p>\n<h3>Nakladalci<\/h3>\n<p>Pri \u010delnih nakladalnikih je cilinder roke odgovoren za u\u010dinkovito dvigovanje in razkladanje tovora. Njegovo zanesljivo delovanje zagotavlja hitro premikanje materialov, kar skraj\u0161a \u010das izpada in pove\u010da splo\u0161no produktivnost na gradbi\u0161\u010du.<\/p>\n<h2>Oblikovalski vidiki in izbirna merila<\/h2>\n<h3>Nosilnost<\/h3>\n<p>Pri izbiri cilindra roke je eden glavnih dejavnikov njegova nosilnost. Cilinder mora biti sposoben prenesti najve\u010djo te\u017eo, ki jo bo med delovanjem obvladal. To vklju\u010duje oceno specifikacij hidravli\u010dnega sistema in zagotovitev, da lahko valj dose\u017ee zahtevano silo, ne da bi pri tem ogrozil varnost ali delovanje. Temeljita analiza zahtev glede obremenitve je bistvena za prepre\u010devanje okvare cilindra in zagotavljanje varnega delovanja.<\/p>\n<h3>Tesnilna zmogljivost<\/h3>\n<p>Tesnjenje je klju\u010dni vidik zasnove hidravli\u010dnega cilindra. Za ohranjanje optimalne zmogljivosti in u\u010dinkovitosti morajo tesnila prepre\u010devati pu\u0161\u010danje hidravli\u010dne teko\u010dine, hkrati pa omogo\u010dati nemoteno gibanje cilindra. Visokokakovostna tesnila (kot so tesnila bata in ojnice), izdelana iz trpe\u017enih materialov, kot sta poliuretan ali nitrilna guma, so bistvena za vzdr\u017eevanje tlaka in zmanj\u0161anje obrabe. Pravilno tesnjenje prispeva k dolgi \u017eivljenjski dobi komponente in celotnega hidravli\u010dnega sistema.<\/p>\n<h3>Vzdr\u017eljivost<\/h3>\n<p>Vzdr\u017eljivost je klju\u010dnega pomena za hidravli\u010dne cilindre, zlasti v zahtevnih okoljih. Materiali, uporabljeni pri izdelavi, morajo biti odporni na obrabo, korozijo in izpostavljenost ekstremnim pogojem. Obi\u010dajno se uporablja visoko trdno jeklo ali aluminij, povr\u0161inska obdelava pa pove\u010da odpornost proti abraziji in okoljskim dejavnikom. Izbira trpe\u017enih materialov zagotavlja, da bo valj zanesljivo deloval v celotni predvideni \u017eivljenjski dobi.<\/p>\n<h3>Varnostne funkcije<\/h3>\n<p>Varnost je izjemnega pomena pri delu s te\u017ekimi stroji. Cilinder roke mora imeti varnostne funkcije, kot so varnostni ventili za prepre\u010devanje previsokega tlaka, ter varnostne naprave, ki lahko zaklenejo cilinder, \u010de se hidravli\u010dni tlak izgubi. Te funkcije \u0161\u010ditijo tako upravljavca kot opremo pred morebitnimi nesre\u010dami ali po\u0161kodbami.<\/p>\n<h3>Vzdr\u017eevanje<\/h3>\n<p>Enostavnost vzdr\u017eevanja je \u0161e en klju\u010dni dejavnik pri zasnovi hidravli\u010dnega cilindra. Cilinder mora omogo\u010dati preprosta vzdr\u017eevalna opravila, kot so menjava olja, zamenjava tesnil in pregledi. Dostopna zasnova lahko znatno zmanj\u0161a \u010das izpada in stro\u0161ke vzdr\u017eevanja, kar zagotavlja, da lahko upravljavci vzdr\u017eujejo svoje stroje v optimalnem delovnem stanju z minimalnimi te\u017eavami.<\/p>\n<p><img decoding=\"async\" src=\"https:\/\/www.hydraulic-cylinders.net\/wp-content\/uploads\/2025\/04\/songte-oil-pipes-and-spare-parts.webp\" alt=\"Rezervni deli za hidravli\u010dne cilindre\"><\/p>\n<h2>Tesnjenje in mazanje<\/h2>\n<p>U\u010dinkovito tesnjenje in mazanje sta klju\u010dnega pomena za optimalno delovanje hidravli\u010dnih cilindrov. Razli\u010dni tesnilni elementi, kot so tesnila bata in ojnice, igrajo klju\u010dno vlogo pri vzdr\u017eevanju tlaka in prepre\u010devanju pu\u0161\u010danja. Tesnila iz materialov, odpornih proti obrabi, kot sta poliuretan in nitrilna guma, se pogosto uporabljajo zaradi svoje vzdr\u017eljivosti in pro\u017enosti.<\/p>\n<p>Telo valja in navojne kon\u010dne povr\u0161ine so fino obdelane, da se pove\u010da odpornost proti obrabi in zagotovi pravilno prileganje. Redno mazanje s hidravli\u010dnim oljem je bistvenega pomena za zmanj\u0161anje trenja in obrabe, kar prispeva k dolgi \u017eivljenjski dobi in u\u010dinkovitosti hidravli\u010dnega sistema. Pravilni postopki mazanja pomagajo ohranjati optimalno delovanje valja in prepre\u010dujejo prezgodnje okvare, kar na koncu zmanj\u0161a stro\u0161ke vzdr\u017eevanja.<\/p>\n<h2>Redni pregledi in preventivno vzdr\u017eevanje<\/h2>\n<ul>\n<li><strong>Vizualni pregledi:<\/strong> Redno je treba izvajati vizualne preglede, da se preveri morebitna obraba, pu\u0161\u010danje ali fizi\u010dne po\u0161kodbe. Zgodnje odkrivanje te\u017eav lahko prepre\u010di nadaljnjo \u0161kodo in draga popravila.<\/li>\n<li><strong>Vzdr\u017eevanje mazanja:<\/strong> Zagotavljanje ustreznega polnjenja in redne menjave hidravli\u010dnega olja je klju\u010dnega pomena za ohranjanje u\u010dinkovitosti valja. Zanemarjanje mazanja lahko povzro\u010di pove\u010dano obrabo.<\/li>\n<li><strong>Zamenjava tesnila:<\/strong> S\u010dasoma se tesnila lahko obrabijo in jih je treba zamenjati, da se ohrani optimalno tesnilno delovanje. Redni pregledi lahko pomagajo ugotoviti, kdaj je treba tesnila zamenjati.<\/li>\n<\/ul>\n<h2>Navodila za namestitev<\/h2>\n<p>Pravilna namestitev cilindra roke za Yugong WY15-7 je bistvenega pomena za njegovo delovanje in dolgo \u017eivljenjsko dobo. Najprej zagotovite, da je delovno obmo\u010dje \u010disto in brez ostankov. Cilinder natan\u010dno poravnajte z nosilci, da prepre\u010dite napa\u010dno poravnavo, ki lahko povzro\u010di prezgodnjo obrabo. Priporo\u010dljivo je uporabiti ustrezne nosilce, da trdno pritrdite cilinder.<\/p>\n<p>Med namestitvijo se prepri\u010dajte, da so vse hidravli\u010dne povezave tesne in ne pu\u0161\u010dajo. Preverite nivo hidravli\u010dne teko\u010dine in se prepri\u010dajte, da je sistem odzra\u010den. Po namestitvi opravite temeljit pregled in preizkus delovanja, da potrdite, da valj deluje gladko in u\u010dinkovito. Pravilna namestitev ne le izbolj\u0161a delovanje, temve\u010d tudi znatno podalj\u0161a \u017eivljenjsko dobo hidravli\u010dnega valja.<\/p>\n<h2>Pogosta vzdr\u017eevalna opravila<\/h2>\n<h3>Redni pregledi<\/h3>\n<p>Redni pregledi so klju\u010dnega pomena za prepoznavanje morebitnih te\u017eav, preden se te stopnjujejo. Upravljavci bi morali redno preverjati znake pu\u0161\u010danja hidravli\u010dne teko\u010dine, obrabe ali po\u0161kodb cilindra. Zgodnje odkrivanje te\u017eav lahko prihrani \u010das in stro\u0161ke popravil ter zagotovi, da hidravli\u010dni sistem ostane delujo\u010d in varen.<\/p>\n<h3>Ustrezno mazanje<\/h3>\n<p>Pravilno mazanje hidravli\u010dnega cilindra je bistvenega pomena za njegovo delovanje. Redno preverjajte nivo hidravli\u010dne teko\u010dine in jo po potrebi dolijte. Uporaba prave vrste hidravli\u010dnega olja bo zagotovila nemoteno in u\u010dinkovito delovanje cilindra ter zmanj\u0161ala obrabo notranjih komponent.<\/p>\n<h3>Zamenjava tesnil in preverjanje kalibracije<\/h3>\n<p>S\u010dasoma se tesnila lahko obrabijo in jih je treba zamenjati, da se ohrani optimalno delovanje. Vklju\u010dite rutinske preglede za oceno stanja tesnil in po potrebi izvedite zamenjave. Poleg tega redno kalibrirajte hidravli\u010dni sistem, da zagotovite pravilno in u\u010dinkovito delovanje vseh komponent, s \u010dimer izbolj\u0161ate splo\u0161no delovanje strojev.<\/p>\n<p><img decoding=\"async\" src=\"https:\/\/www.hydraulic-cylinders.net\/wp-content\/uploads\/2025\/04\/songte-chushion-collar.webp\" alt=\"Blazinasti ovratnik za hidravli\u010dni cilinder\"><\/p>\n<h2>Varnostni vidiki in okoljski dejavniki<\/h2>\n<p>Izvajanje varnostnih ukrepov pri uporabi hidravli\u010dnih cilindrov je klju\u010dnega pomena za prepre\u010devanje nesre\u010d in zagotavljanje varnosti upravljavca. Upravljavci morajo biti usposobljeni za razumevanje tveganj, povezanih s hidravli\u010dnimi sistemi, vklju\u010dno z mo\u017enostjo nenadnih okvar ali pu\u0161\u010danja hidravli\u010dne teko\u010dine. Pravilno vzdr\u017eevanje hidravli\u010dnega sistema ne le izbolj\u0161a delovanje, temve\u010d tudi zmanj\u0161a tveganje onesna\u017eenja okolja s hidravli\u010dnimi teko\u010dinami.<\/p>\n<h2>Diagnoza napak in pogoste te\u017eave<\/h2>\n<ul>\n<li><strong>Pu\u0161\u010danje hidravli\u010dne teko\u010dine:<\/strong> Ena najpogostej\u0161ih te\u017eav s hidravli\u010dnimi cilindri je pu\u0161\u010danje teko\u010dine. To lahko nastane zaradi obrabljenih tesnil ali po\u0161kodovanih komponent. Redni pregledi se morajo osredoto\u010diti na celovitost tesnil in stanje cilindra, da se prepre\u010di pu\u0161\u010danje.<\/li>\n<li><strong>Nedosledno gibanje:<\/strong> \u010ce se valj ne iztegne ali umakne gladko, to lahko ka\u017ee na nizko raven hidravli\u010dne teko\u010dine, zrak v sistemu ali notranjo obrabo. Preverjanje ravni teko\u010dine in odzra\u010devanje lahko pogosto re\u0161ita to te\u017eavo.<\/li>\n<li><strong>Pregrevanje:<\/strong> Do pregrevanja lahko pride zaradi prekomerne obremenitve ali nezadostnega mazanja. Spremljanje obratovalnih pogojev in zagotavljanje ustreznega mazanja lahko pomagata prepre\u010diti pregrevanje in posledi\u010dno \u0161kodo.<\/li>\n<\/ul>\n<h2>Nasveti za odpravljanje te\u017eav<\/h2>\n<p>Pri diagnosticiranju te\u017eav z cilindrom roke je pomembno sistemati\u010dno prepoznati morebitne te\u017eave. Za\u010dnite s preverjanjem nivoja teko\u010din in pregledom morebitnih pu\u0161\u010danj. \u010ce simptomi vztrajajo, preverite hidravli\u010dni sistem glede zra\u010dnih \u017eepov ali neskladij tlaka. Redno vzdr\u017eevanje in pravo\u010dasna popravila so klju\u010dnega pomena za zmanj\u0161anje te\u017eav in zagotavljanje u\u010dinkovitega delovanja.<\/p>\n<p>Preventivni ukrepi, kot sta upo\u0161tevanje na\u010drtovanih vzdr\u017eevalnih postopkov in vzdr\u017eevanje \u010disto\u010de hidravli\u010dnega sistema, lahko znatno zmanj\u0161ajo verjetnost ve\u010djih te\u017eav. Z ustreznim vzdr\u017eevanjem cilindra lahko upravljavci podalj\u0161ajo njegovo \u017eivljenjsko dobo in zanesljivost.<\/p>\n<p><img decoding=\"async\" src=\"https:\/\/www.hydraulic-cylinders.net\/wp-content\/uploads\/2025\/04\/songte-bushings-with-all-kinds-of-excavator-models.webp\" alt=\"Pu\u0161e za modele bagrov\"><\/p>\n<h2>O na\u0161em podjetju<\/h2>\n<p>Smo vodilni proizvajalec in veletrgovec hidravli\u010dnih cilindrov, specializiran za zagotavljanje visokokakovostnih alternativ za razli\u010dne hidravli\u010dne komponente. Na\u0161a \u0161iroka paleta izdelkov nas je uveljavila kot pomembnega akterja tako na doma\u010dem kot na mednarodnem trgu. Zavezani smo k odli\u010dnosti, zato uporabljamo izpopolnjene proizvodne strategije in napredne prakse upravljanja proizvodnje.<\/p>\n<p>Na\u0161o ponudbo podpirajo usposobljeni tehniki, najsodobnej\u0161a proizvodna oprema in celoviti sistemi testiranja, ki izbolj\u0161ujejo na\u0161e proizvodne zmogljivosti. Prizadevamo si zadovoljiti raznolike potrebe strank z u\u010dinkovitostjo, natan\u010dnostjo in kakovostjo, pri \u010demer zagotavljamo, da na\u0161i izdelki ustrezajo mednarodnim standardom in certifikatom.<\/p>\n<p><img decoding=\"async\" src=\"https:\/\/www.hydraulic-cylinders.net\/wp-content\/uploads\/2025\/04\/songte-company-4.webp\" alt=\"Prostori na\u0161ega podjetja\"><br \/>\n<img decoding=\"async\" src=\"https:\/\/www.hydraulic-cylinders.net\/wp-content\/uploads\/2025\/04\/songte-company-3.webp\" alt=\"Proizvodni proces\"><\/p>\n<p>Avtor: lyl<\/p>","protected":false},"excerpt":{"rendered":"<p>Boom Cylinder For Yugong WY15-7 Product Overview The Boom Cylinder for Yugong WY15-7 is a specialized hydraulic cylinder designed for controlling the movement of buckets in various heavy machinery. Hydraulic cylinders are critical components in hydraulic systems, allowing for precise control of the movement and positioning of equipment. This particular boom cylinder is integral to [&hellip;]<\/p>","protected":false},"featured_media":17870,"comment_status":"open","ping_status":"closed","template":"","meta":{"_et_pb_use_builder":"","_et_pb_old_content":"","_et_gb_content_width":""},"product_brand":[],"product_cat":[1546],"product_tag":[1547,1496],"class_list":{"0":"post-19094","1":"product","2":"type-product","3":"status-publish","4":"has-post-thumbnail","6":"product_cat-boom-cylinders","7":"product_tag-boom-cylinders","8":"product_tag-hydraulic-cylinders","10":"first","11":"instock","12":"shipping-taxable","13":"product-type-simple"},"amp_enabled":true,"_links":{"self":[{"href":"https:\/\/www.hydraulic-cylinders.net\/sl\/wp-json\/wp\/v2\/product\/19094","targetHints":{"allow":["GET"]}}],"collection":[{"href":"https:\/\/www.hydraulic-cylinders.net\/sl\/wp-json\/wp\/v2\/product"}],"about":[{"href":"https:\/\/www.hydraulic-cylinders.net\/sl\/wp-json\/wp\/v2\/types\/product"}],"replies":[{"embeddable":true,"href":"https:\/\/www.hydraulic-cylinders.net\/sl\/wp-json\/wp\/v2\/comments?post=19094"}],"wp:featuredmedia":[{"embeddable":true,"href":"https:\/\/www.hydraulic-cylinders.net\/sl\/wp-json\/wp\/v2\/media\/17870"}],"wp:attachment":[{"href":"https:\/\/www.hydraulic-cylinders.net\/sl\/wp-json\/wp\/v2\/media?parent=19094"}],"wp:term":[{"taxonomy":"product_brand","embeddable":true,"href":"https:\/\/www.hydraulic-cylinders.net\/sl\/wp-json\/wp\/v2\/product_brand?post=19094"},{"taxonomy":"product_cat","embeddable":true,"href":"https:\/\/www.hydraulic-cylinders.net\/sl\/wp-json\/wp\/v2\/product_cat?post=19094"},{"taxonomy":"product_tag","embeddable":true,"href":"https:\/\/www.hydraulic-cylinders.net\/sl\/wp-json\/wp\/v2\/product_tag?post=19094"}],"curies":[{"name":"delovni list","href":"https:\/\/api.w.org\/{rel}","templated":true}]}}