{"id":19096,"date":"2025-04-07T06:12:34","date_gmt":"2025-04-07T06:12:34","guid":{"rendered":"https:\/\/www.hydraulic-cylinders.net\/product\/boom-cylinder-for-yugong-wy135-8\/"},"modified":"2025-04-07T06:12:40","modified_gmt":"2025-04-07T06:12:40","slug":"boom-cylinder-for-yugong-wy135-8","status":"publish","type":"product","link":"https:\/\/www.hydraulic-cylinders.net\/sl\/izdelek\/boom-cylinder-for-yugong-wy135-8\/","title":{"rendered":"Cilinder roke za Yugong WY135-8"},"content":{"rendered":"<h1>Cilinder roke za Yugong WY135-8<\/h1>\n<h2>Pregled izdelka<\/h2>\n<p>Hidravli\u010dni cilinder za Yugong WY135-8 je specializiran hidravli\u010dni cilinder, zasnovan za nadzor gibanja roke roke v razli\u010dnih te\u017ekih strojih, kot so bagri, bagri nakladalniki in \u010delni nakladalniki. Ti cilindri omogo\u010dajo natan\u010dno dvigovanje, spu\u0161\u010danje in nagibanje opreme, kar olaj\u0161a u\u010dinkovito ravnanje z materiali. Kot klju\u010dni sestavni del hidravli\u010dnih sistemov deluje cilinder roke s pretvorbo hidravli\u010dne energije v mehansko energijo, kar omogo\u010da mo\u010dne in nadzorovane gibe.<\/p>\n<p><img decoding=\"async\" src=\"https:\/\/www.hydraulic-cylinders.net\/wp-content\/uploads\/2025\/04\/songte-company-1.webp\" alt=\"Slika cilindra roke\" \/><\/p>\n<h2>Klju\u010dne lastnosti<\/h2>\n<ul>\n<li>\n<h3>Visoka trdnost in vzdr\u017eljivost<\/h3>\n<p>Cilinder roke, izdelan iz visoko trdnega jekla ali aluminija, je zasnovan tako, da prenese visok tlak in velike obremenitve, zaradi \u010desar je primeren za zahtevna delovna okolja. Njegova zasnova vklju\u010duje odpornost proti obrabi in koroziji, kar podalj\u0161a \u017eivljenjsko dobo izdelka.<\/p>\n<\/li>\n<li>\n<h3>U\u010dinkovito hidravli\u010dno delovanje<\/h3>\n<p>Cilinder uporablja hidravli\u010dni tlak olja za doseganje gladkega iztegovanja in vvla\u010devanja, se hitro odziva na ukaze upravljavca in zagotavlja robustno silo potiska in vle\u010denja. Ta u\u010dinkovitost je bistvena za ravnanje s te\u017ekimi materiali in kompleksne operativne naloge.<\/p>\n<\/li>\n<li>\n<h3>Razli\u010dne konfiguracije<\/h3>\n<p>Na voljo je v enosmerni (deluje v eno smer) in dvosmerni (deluje v dve smeri) izvedbi, zato lahko cilinder roke izpolnjuje razli\u010dne operativne zahteve. Nekateri modeli imajo teleskopsko zasnovo, ki omogo\u010da ve\u010dji razteg brez pove\u010danja zunanjih dimenzij, kar je idealno za aplikacije z omejenim prostorom.<\/p>\n<\/li>\n<li>\n<h3>Prilagodljiva proizvodnja<\/h3>\n<p>Ta izdelek lahko izdelamo, na\u0161i cilindri pa lahko brezhibno nadomestijo obstoje\u010de hidravli\u010dne cilindre na trgu.<\/p>\n<\/li>\n<\/ul>\n<p><img decoding=\"async\" src=\"https:\/\/www.hydraulic-cylinders.net\/wp-content\/uploads\/2025\/04\/songte-cylinder-head-with-all-kinds-excavator-models.webp\" alt=\"Model bagra\" \/><\/p>\n<h2>Aplikacije<\/h2>\n<ul>\n<li>\n<h3>Gradbena oprema<\/h3>\n<p>Pri bagrih so cilindri roke klju\u010dni za kopanje, nakladanje in premikanje zemlje ali ru\u0161evin. Ne pomagajo le pri izkopavanju, temve\u010d tudi pri dvigovanju materialov, kar znatno pove\u010da produktivnost stroja. Njihovo zanesljivo delovanje je klju\u010dnega pomena za vsakodnevno delovanje v gradbeni industriji.<\/p>\n<\/li>\n<li>\n<h3>Kmetijska mehanizacija<\/h3>\n<p>Ti cilindri, ki se uporabljajo v \u010delnih nakladalnikih, so odgovorni za zajemanje, dvigovanje in transport zemlje, sena in drugih materialov. Njihova zasnova omogo\u010da u\u010dinkovito delovanje pri razli\u010dnih kmetijskih opravilih, kar kmetom zagotavlja u\u010dinkovito ravnanje z materiali in pove\u010danje produktivnosti.<\/p>\n<\/li>\n<li>\n<h3>Bagri<\/h3>\n<p>Cilinder roke omogo\u010da, da \u017elica med kopanjem prodre v tla, kar operaterjem omogo\u010da u\u010dinkovito izkopavanje. Natan\u010den nadzor gibanja roke zagotavlja, da lahko bagri kopljejo globlje in natan\u010dneje, zaradi \u010desar so nepogre\u0161ljivi pri gradbenih in krajinskih projektih.<\/p>\n<\/li>\n<li>\n<h3>Nakladalci<\/h3>\n<p>Pri \u010delnih nakladalnikih cilindri roke pomagajo u\u010dinkovito dvigovati in razkladati tovor. Njihovo odzivno delovanje in mo\u010d zagotavljata, da lahko nakladalniki z lahkoto rokujejo z razli\u010dnimi materiali, od zemlje do agregatov, kar prispeva k splo\u0161ni u\u010dinkovitosti nakladalnega procesa.<\/p>\n<\/li>\n<\/ul>\n<h2>Oblikovalski vidiki in izbirna merila<\/h2>\n<ul>\n<li>\n<h3>Nosilnost<\/h3>\n<p>Pri izbiri cilindra roke je klju\u010dnega pomena upo\u0161tevati nosilnost. Cilinder mora biti sposoben prenesti najve\u010djo pri\u010dakovano obremenitev, ne da bi pri tem ogrozil varnost ali zmogljivost. To vklju\u010duje oceno te\u017ee materialov, ki se premikajo, in posebnih zahtev stroja.<\/p>\n<\/li>\n<li>\n<h3>Tesnilna zmogljivost<\/h3>\n<p>U\u010dinkovito tesnjenje je bistvenega pomena za vzdr\u017eevanje hidravli\u010dnega tlaka in prepre\u010devanje pu\u0161\u010danja. Visokokakovostna tesnila iz trpe\u017enih materialov so klju\u010dnega pomena za zagotavljanje dolge \u017eivljenjske dobe in zanesljivosti cilindra. Pravilno tesnjenje zmanj\u0161uje potrebe po vzdr\u017eevanju in pove\u010duje obratovalno u\u010dinkovitost.<\/p>\n<\/li>\n<li>\n<h3>Vzdr\u017eljivost<\/h3>\n<p>Vzdr\u017eljivost je pomemben dejavnik pri zasnovi hidravli\u010dnega cilindra. Cilinder mora prenesti te\u017eke delovne pogoje, vklju\u010dno z izpostavljenostjo umazaniji, ostankom in ekstremnim temperaturam. Izbira materialov in povr\u0161in, ki zagotavljajo odpornost proti koroziji in obrabi, je bistvenega pomena za podalj\u0161anje \u017eivljenjske dobe.<\/p>\n<\/li>\n<li>\n<h3>Varnostne funkcije<\/h3>\n<p>Varnost mora biti vedno na prvem mestu pri na\u010drtovanju hidravli\u010dnih cilindrov. Vklju\u010ditev varnostnih elementov, kot so tla\u010dni varnostni ventili in za\u0161\u010ditna ohi\u0161ja, zagotavlja, da lahko sistem obvladuje nepredvidene okoli\u0161\u010dine brez tveganja za upravljavce ali opremo.<\/p>\n<\/li>\n<li>\n<h3>Dostopnost vzdr\u017eevanja<\/h3>\n<p>Zasnova mora upo\u0161tevati tudi enostavnost vzdr\u017eevanja. Omogo\u010dati mora enostaven pregled, mazanje in zamenjavo delov. Dostopnost je klju\u010dnega pomena za zagotovitev u\u010dinkovitega izvajanja rednega vzdr\u017eevanja, s \u010dimer se podalj\u0161a \u017eivljenjska doba cilindra.<\/p>\n<\/li>\n<\/ul>\n<p><img decoding=\"async\" src=\"https:\/\/www.hydraulic-cylinders.net\/wp-content\/uploads\/2025\/04\/songte-oil-pipes-and-spare-parts.webp\" alt=\"Hidravli\u010dni deli\" \/><\/p>\n<h2>Tesnjenje in mazanje<\/h2>\n<p>Pravilno tesnjenje in mazanje sta klju\u010dnega pomena za u\u010dinkovito delovanje hidravli\u010dnih cilindrov. Za vzdr\u017eevanje tlaka v sistemu se uporabljajo razli\u010dne tesnilne komponente, kot so tesnila bata in ojnice. Za pove\u010danje vzdr\u017eljivosti se pogosto uporabljajo tesnila iz materialov, odpornih proti obrabi, kot sta poliuretan in nitrilna guma.<\/p>\n<p>Telo valja in navojni konci so skrbno obdelani za izbolj\u0161anje odpornosti proti obrabi, kar zagotavlja, da tesnila s\u010dasoma ohranijo svojo celovitost. Redno mazanje s hidravli\u010dnim oljem je potrebno za zmanj\u0161anje trenja in prepre\u010devanje obrabe med gibljivimi deli. Upo\u0161tevanje strogega na\u010drta mazanja pomaga ohranjati obratovalno u\u010dinkovitost in podalj\u0161uje \u017eivljenjsko dobo valja.<\/p>\n<h2>Redni pregledi in preventivno vzdr\u017eevanje<\/h2>\n<ul>\n<li>\n<h3>Redni pregledi<\/h3>\n<p>Izvajanje rednih pregledov je klju\u010dnega pomena za prepoznavanje morebitnih te\u017eav, preden se te stopnjujejo. Upravljavci morajo vizualno preveriti pu\u0161\u010danje, obrabo in po\u0161kodbe jeklenke in njenih komponent, da zagotovijo optimalno delovanje.<\/p>\n<\/li>\n<li>\n<h3>Pravilno mazanje<\/h3>\n<p>Za nemoteno delovanje je bistveno zagotoviti ustrezno mazanje hidravli\u010dnega cilindra. Upravljavci morajo upo\u0161tevati navodila proizvajalca glede intervalov mazanja in uporabljati priporo\u010deno hidravli\u010dno olje, da prepre\u010dijo obrabo.<\/p>\n<\/li>\n<li>\n<h3>Zamenjava tesnila<\/h3>\n<p>Tesnila je treba redno menjati, da se ohrani hidravli\u010dna celovitost. Upravljavci morajo biti pozorni pri spremljanju delovanja tesnil in pravo\u010dasno odpravljati morebitne znake obrabe ali pu\u0161\u010danja, da prepre\u010dijo okvaro sistema.<\/p>\n<\/li>\n<\/ul>\n<h2>Navodila za namestitev<\/h2>\n<p>Pravilna namestitev cilindra roke je klju\u010dnega pomena za optimalno delovanje. Tukaj je nekaj bistvenih korakov, ki jih je treba upo\u0161tevati:<\/p>\n<ol>\n<li>Prepri\u010dajte se, da so monta\u017ene povr\u0161ine \u010diste in brez umazanije.<\/li>\n<li>Pravilno poravnajte valj, da prepre\u010dite nepravilno poravnavo, ki bi lahko povzro\u010dila prezgodnjo obrabo.<\/li>\n<li>Za pritrditev cilindra uporabite ustrezne monta\u017ene nosilce, da zagotovite njegovo stabilnost in natan\u010dno namestitev.<\/li>\n<li>Po namestitvi preverite pravilno gibanje cilindra in po potrebi prilagodite.<\/li>\n<li>Pri privijanju vijakov in fitingov upo\u0161tevajte navodila proizvajalca glede navora.<\/li>\n<\/ol>\n<h2>Pogosta vzdr\u017eevalna opravila<\/h2>\n<ul>\n<li>\n<h3>Redni pregledi<\/h3>\n<p>Redno preverjanje hidravli\u010dnega sistema, vklju\u010dno z cilindrom roke, je klju\u010dnega pomena za zgodnje odkrivanje morebitnih te\u017eav. Upravljavci morajo oceniti splo\u0161no stanje cilindra in okoli\u0161kih komponent, da zagotovijo pravilno delovanje.<\/p>\n<\/li>\n<li>\n<h3>Ustrezno mazanje<\/h3>\n<p>Mazanje je klju\u010dnega pomena za zmanj\u0161anje trenja in obrabe v hidravli\u010dnih sistemih. Upravljavci se morajo dr\u017eati na\u010drtov mazanja in uporabljati ustrezna hidravli\u010dna olja, da zagotovijo dolgo \u017eivljenjsko dobo in u\u010dinkovitost cilindra roke.<\/p>\n<\/li>\n<li>\n<h3>Zamenjava tesnil in preverjanje kalibracije<\/h3>\n<p>Redna menjava tesnil in preverjanje kalibracije jeklenke sta bistveni vzdr\u017eevalni nalogi. Upravljavci morajo spremljati delovanje tesnil in jih po potrebi zamenjati, da prepre\u010dijo pu\u0161\u010danje in ohranijo tlak. Preverjanje kalibracije zagotavlja, da jeklenka deluje znotraj dolo\u010denih parametrov.<\/p>\n<\/li>\n<\/ul>\n<p><img decoding=\"async\" src=\"https:\/\/www.hydraulic-cylinders.net\/wp-content\/uploads\/2025\/04\/songte-chushion-collar.webp\" alt=\"Blazinasti ovratnik\" \/><\/p>\n<h2>Varnostni in okoljski vidiki<\/h2>\n<p>Pri uporabi hidravli\u010dnih cilindrov je bistveno izvajati varnostne ukrepe za za\u0161\u010dito upravljavcev in okolja. Ustrezno usposabljanje o operativnih postopkih in varnostnih protokolih zmanj\u0161uje tveganje za nesre\u010de. Poleg tega uporaba okolju prijaznih hidravli\u010dnih olj in zagotavljanje ustreznih metod odstranjevanja odpadnih materialov pomagata zmanj\u0161ati vpliv hidravli\u010dnih operacij na okolje.<\/p>\n<h2>Odpravljanje te\u017eav in pogoste te\u017eave<\/h2>\n<ul>\n<li>\n<h3>Pu\u0161\u010danje<\/h3>\n<p>Pogosta te\u017eava s hidravli\u010dnimi cilindri je pu\u0161\u010danje. Do tega lahko pride zaradi obrabljenih tesnil ali po\u0161kodovanih komponent. Upravljavci bi morali redno pregledovati tesnila in jih zamenjati ob prvih znakih obrabe, da prepre\u010dijo nadaljnjo \u0161kodo.<\/p>\n<\/li>\n<li>\n<h3>Po\u010dasno gibanje<\/h3>\n<p>\u010ce valj deluje po\u010dasi, to lahko ka\u017ee na nizko raven hidravli\u010dne teko\u010dine ali blokade v sistemu. Preverjanje ravni teko\u010dine in zagotovitev, da v hidravli\u010dnih ceveh ni ovir, lahko pomagata re\u0161iti to te\u017eavo.<\/p>\n<\/li>\n<li>\n<h3>Nenavadni zvoki<\/h3>\n<p>Nenavadni zvoki med delovanjem lahko ka\u017eejo na notranjo obrabo ali pomanjkanje mazanja. Upravljavci morajo preveriti morebitne nenavadne zvoke in po potrebi opraviti vzdr\u017eevanje, da prepre\u010dijo ve\u010dje okvare.<\/p>\n<\/li>\n<\/ul>\n<p><img decoding=\"async\" src=\"https:\/\/www.hydraulic-cylinders.net\/wp-content\/uploads\/2025\/04\/songte-bushings-with-all-kinds-of-excavator-models.webp\" alt=\"Pu\u0161e\" \/><\/p>\n<h2>Zaklju\u010dek<\/h2>\n<p>Na\u0161e podjetje je specializirano za proizvodnjo visokokakovostnih hidravli\u010dnih cilindrov, vklju\u010dno z cilindrom roke za Yugong WY135-8. Zavezani smo k zagotavljanju raznolike palete hidravli\u010dnih re\u0161itev, zaradi \u010desar smo vodilni proizvajalec in veleprodajni distributer na doma\u010dem in mednarodnem trgu. Na\u0161a osredoto\u010denost na odli\u010dnost v kombinaciji z naprednimi proizvodnimi strategijami zagotavlja, da z visoko u\u010dinkovitostjo, natan\u010dnostjo in kakovostjo izpolnjujemo raznolike potrebe na\u0161ih strank.<\/p>\n<p>Z strokovnim znanjem, mednarodnimi certifikati, prilagojenimi storitvami, napredno proizvodno opremo in zanesljivo poprodajno podporo smo predani zagotavljanju vrhunskih izdelkov in storitev na\u0161im strankam.<\/p>\n<p><img decoding=\"async\" src=\"https:\/\/www.hydraulic-cylinders.net\/wp-content\/uploads\/2025\/04\/songte-company-4.webp\" alt=\"Slika podjetja 1\" \/><br \/>\n<img decoding=\"async\" src=\"https:\/\/www.hydraulic-cylinders.net\/wp-content\/uploads\/2025\/04\/songte-company-3.webp\" alt=\"Slika podjetja 2\" \/><\/p>\n<p>Avtor: lyl<\/p>","protected":false},"excerpt":{"rendered":"<p>Boom Cylinder For Yugong WY135-8 Product Overview The Boom Cylinder for Yugong WY135-8 is a specialized hydraulic cylinder designed to control the movement of the boom arm in various heavy machinery such as excavators, backhoe loaders, and front loaders. These cylinders enable the precise lifting, lowering, and tilting of equipment, thus facilitating efficient material handling [&hellip;]<\/p>","protected":false},"featured_media":17872,"comment_status":"open","ping_status":"closed","template":"","meta":{"_et_pb_use_builder":"","_et_pb_old_content":"","_et_gb_content_width":""},"product_brand":[],"product_cat":[1546],"product_tag":[1547,1496],"class_list":{"0":"post-19096","1":"product","2":"type-product","3":"status-publish","4":"has-post-thumbnail","6":"product_cat-boom-cylinders","7":"product_tag-boom-cylinders","8":"product_tag-hydraulic-cylinders","10":"first","11":"instock","12":"shipping-taxable","13":"product-type-simple"},"amp_enabled":true,"_links":{"self":[{"href":"https:\/\/www.hydraulic-cylinders.net\/sl\/wp-json\/wp\/v2\/product\/19096","targetHints":{"allow":["GET"]}}],"collection":[{"href":"https:\/\/www.hydraulic-cylinders.net\/sl\/wp-json\/wp\/v2\/product"}],"about":[{"href":"https:\/\/www.hydraulic-cylinders.net\/sl\/wp-json\/wp\/v2\/types\/product"}],"replies":[{"embeddable":true,"href":"https:\/\/www.hydraulic-cylinders.net\/sl\/wp-json\/wp\/v2\/comments?post=19096"}],"wp:featuredmedia":[{"embeddable":true,"href":"https:\/\/www.hydraulic-cylinders.net\/sl\/wp-json\/wp\/v2\/media\/17872"}],"wp:attachment":[{"href":"https:\/\/www.hydraulic-cylinders.net\/sl\/wp-json\/wp\/v2\/media?parent=19096"}],"wp:term":[{"taxonomy":"product_brand","embeddable":true,"href":"https:\/\/www.hydraulic-cylinders.net\/sl\/wp-json\/wp\/v2\/product_brand?post=19096"},{"taxonomy":"product_cat","embeddable":true,"href":"https:\/\/www.hydraulic-cylinders.net\/sl\/wp-json\/wp\/v2\/product_cat?post=19096"},{"taxonomy":"product_tag","embeddable":true,"href":"https:\/\/www.hydraulic-cylinders.net\/sl\/wp-json\/wp\/v2\/product_tag?post=19096"}],"curies":[{"name":"delovni list","href":"https:\/\/api.w.org\/{rel}","templated":true}]}}