{"id":19097,"date":"2025-04-07T06:12:41","date_gmt":"2025-04-07T06:12:41","guid":{"rendered":"https:\/\/www.hydraulic-cylinders.net\/product\/boom-cylinder-for-yugong-wy150-8\/"},"modified":"2025-04-07T06:12:50","modified_gmt":"2025-04-07T06:12:50","slug":"boom-cylinder-for-yugong-wy150-8","status":"publish","type":"product","link":"https:\/\/www.hydraulic-cylinders.net\/sl\/izdelek\/boom-cylinder-for-yugong-wy150-8\/","title":{"rendered":"Cilinder roke za Yugong WY150-8"},"content":{"rendered":"<h1>Cilinder roke za Yugong WY150-8<\/h1>\n<h2>Pregled izdelka<\/h2>\n<p>Cilinder roke, posebej zasnovan za Yugong WY150-8, je bistvena komponenta hidravli\u010dnih sistemov, ki se uporabljajo v te\u017eki mehanizaciji. Cilinder \u017elice ali cilinder roke je vrsta hidravli\u010dnega cilindra, ki je klju\u010dnega pomena za nadzor gibanja \u017elic v razli\u010dni te\u017eki opremi, kot so bagri, bagri in \u010delni nakladalci. Omogo\u010da dvigovanje, spu\u0161\u010danje in nagibanje \u017elice, kar omogo\u010da u\u010dinkovito ravnanje z materiali. Ti hidravli\u010dni cilindri delujejo s pretvorbo hidravli\u010dne energije v mehansko energijo, kar omogo\u010da natan\u010dne gibe v zahtevnih okoljih.<\/p>\n<p><img decoding=\"async\" src=\"https:\/\/www.hydraulic-cylinders.net\/wp-content\/uploads\/2025\/04\/songte-company-1.webp\" alt=\"Hidravli\u010dni cilinder\"><\/p>\n<h3>Klju\u010dne zna\u010dilnosti cilindra roke<\/h3>\n<ul>\n<li><strong>Visoka trdnost in vzdr\u017eljivost:<\/strong> Ta jeklenka, izdelana iz visoko trdnega jekla ali aluminija, je zasnovana tako, da prenese visok tlak in velike obremenitve, zaradi \u010desar je primerna za te\u017eke delovne pogoje. Zasnova vklju\u010duje tudi odpornost proti obrabi in koroziji, kar podalj\u0161a njeno \u017eivljenjsko dobo.<\/li>\n<li><strong>U\u010dinkovito hidravli\u010dno delovanje:<\/strong> Z uporabo hidravli\u010dnega tlaka olja valj dose\u017ee gladko iztegovanje in vle\u010denje, se hitro odziva na krmilne ukaze in zagotavlja mo\u010dne potisne in vle\u010dne sile, potrebne za te\u017eke in kompleksne operacije.<\/li>\n<li><strong>Razli\u010dne vrste:<\/strong> Cilinder roke je na voljo v enosmerni (hidravli\u010dna sila deluje v eni smeri) ali dvosmerni (hidravli\u010dna sila deluje v obeh smereh) konfiguraciji, ki ustreza razli\u010dnim operativnim potrebam. Nekateri modeli so teleskopski, kar omogo\u010da ve\u010dji izvle\u010dek brez pove\u010danja zunanjih dimenzij, kar je idealno za uporabo v omejenem prostoru.<\/li>\n<li><strong>Izdelava po meri:<\/strong> Na\u0161e podjetje proizvaja ta izdelek, ki s preciznim in\u017eeniringom in prilagojenimi re\u0161itvami popolnoma nadome\u0161\u010da obstoje\u010de hidravli\u010dne cilindre.<\/li>\n<\/ul>\n<p><img decoding=\"async\" src=\"https:\/\/www.hydraulic-cylinders.net\/wp-content\/uploads\/2025\/04\/songte-cylinder-head-with-all-kinds-excavator-models.webp\" alt=\"Modeli bagrov\"><\/p>\n<h2>Uporaba cilindra roke<\/h2>\n<h3>Gradbena oprema<\/h3>\n<p>Pri bagrih je cilinder roke klju\u010dnega pomena za kopanje, nakladanje in premikanje zemlje ali ru\u0161evin. Omogo\u010da, da \u017elica u\u010dinkovito prodre v zemljo, zaradi \u010desar je nepogre\u0161ljiv del procesa izkopavanja. Poleg tega bagri uporabljajo cilinder roke ne le za kopanje, temve\u010d tudi za dvigovanje, s \u010dimer se pove\u010da splo\u0161na produktivnost in funkcionalnost stroja.<\/p>\n<h3>Kmetijska mehanizacija<\/h3>\n<p>\u010celni nakladalniki, opremljeni z valji roke, igrajo klju\u010dno vlogo v kmetijskem sektorju. Ti valji omogo\u010dajo zajemanje, dvigovanje in prevoz zemlje, sena in razli\u010dnih materialov, kar pomembno prispeva k u\u010dinkovitosti kmetovanja. Njihova robustna zasnova zagotavlja zanesljivo delovanje pri razli\u010dnih kmetijskih opravilih, od premikanja krme do ravnanja s pridelki.<\/p>\n<h3>Funkcionalnost bagra<\/h3>\n<p>Pri bagrih cilindri \u017elice omogo\u010dajo kopanje tako, da \u017elici omogo\u010dajo u\u010dinkovito prodiranje v zemljo. Ta hidravli\u010dni mehanizem izbolj\u0161a zmogljivost kopanja stroja, kar zagotavlja, da lahko obvladuje te\u017eaven teren in pove\u010da produktivnost med delovanjem.<\/p>\n<h3>Nakladalne operacije<\/h3>\n<p>Pri \u010delnih nakladalnikih cilindri roke pomagajo pri u\u010dinkovitem dvigovanju in razkladanju tovora. Ta funkcionalnost je klju\u010dnega pomena za razli\u010dne aplikacije, vklju\u010dno z gradbeni\u0161tvom, urejanjem okolice in ravnanjem z materiali, kjer je potreben natan\u010den nadzor nad upravljanjem tovora.<\/p>\n<h2>Oblikovalski vidiki in izbirna merila<\/h2>\n<h3>Nosilnost<\/h3>\n<p>Pri na\u010drtovanju cilindra roke je nosilnost najpomembnej\u0161a. Nana\u0161a se na najve\u010djo te\u017eo, ki jo lahko valj dvigne ali podpira brez tveganja okvare. Pravilna ocena zahtev glede obremenitve zagotavlja, da valj deluje u\u010dinkovito in varno v svojem delovnem okolju.<\/p>\n<h3>Tesnilni mehanizmi<\/h3>\n<p>U\u010dinkovito tesnjenje je klju\u010dnega pomena za delovanje hidravli\u010dnih cilindrov. Izbira tesnil, vklju\u010dno s tesnili bata in ojnice, pomembno vpliva na sposobnost cilindra, da vzdr\u017euje tlak in prepre\u010duje pu\u0161\u010danje. Materiali, kot sta poliuretan in nitrilna guma, se pogosto izberejo zaradi svoje odpornosti proti obrabi in vzdr\u017eljivosti.<\/p>\n<h3>Vzdr\u017eljivost<\/h3>\n<p>Vzdr\u017eljivost je klju\u010dni dejavnik pri zasnovi cilindra roke. Prenesti mora te\u017eke delovne pogoje, vklju\u010dno z izpostavljenostjo ekstremnim temperaturam, vlagi in korozivnim materialom. Uporaba visokokakovostnih materialov in za\u0161\u010ditnih premazov pove\u010da odpornost in dolgo \u017eivljenjsko dobo cilindra.<\/p>\n<h3>Varnostne funkcije<\/h3>\n<p>Varnost je v hidravli\u010dnih sistemih izjemnega pomena. Pri na\u010drtovanju je treba upo\u0161tevati funkcije, ki prepre\u010dujejo prekomerno raztezanje, nenadne okvare in zagotavljajo varno delovanje v razli\u010dnih pogojih. Uporaba varnostnih ventilov in mehanizmov za razbremenitev tlaka pove\u010duje varnost delovanja.<\/p>\n<h3>Vzdr\u017eevanje in servisiranje<\/h3>\n<p>Zasnova cilindra roke z mislijo na vzdr\u017eevanje poenostavi servisiranje in podalj\u0161a njegovo \u017eivljenjsko dobo. Funkcije, kot so lahko dostopne komponente in poenostavljeni postopki zamenjave tesnil, so bistvene za zmanj\u0161anje izpadov in zagotavljanje u\u010dinkovitega delovanja.<\/p>\n<p><img decoding=\"async\" src=\"https:\/\/www.hydraulic-cylinders.net\/wp-content\/uploads\/2025\/04\/songte-oil-pipes-and-spare-parts.webp\" alt=\"Rezervni deli\"><\/p>\n<h2>Tesnjenje in mazanje<\/h2>\n<p>Tesnjenje in mazanje sta klju\u010dni komponenti vzdr\u017eevanja hidravli\u010dnih cilindrov. Razli\u010dna tesnila, kot so tesnila bata in tesnila palic, so bistvena za ohranjanje celovitosti hidravli\u010dnega sistema. Tesnila iz trpe\u017enih materialov, kot sta poliuretan in nitrilna guma, zagotavljajo odli\u010dno odpornost proti obrabi, kar zagotavlja dolgoro\u010dno delovanje. Telo cilindra in navojne kon\u010dne povr\u0161ine so natan\u010dno obdelane za izbolj\u0161anje odpornosti proti obrabi in zanesljivosti. Redno mazanje z ustreznim hidravli\u010dnim oljem je potrebno za zmanj\u0161anje trenja in obrabe ter zagotavljanje nemotenega delovanja. Pravilni postopki mazanja podalj\u0161ajo \u017eivljenjsko dobo cilindra in ohranjajo dosledno delovanje.<\/p>\n<h2>Preventivni vzdr\u017eevalni ukrepi<\/h2>\n<ul>\n<li><strong>Redni pregledi:<\/strong> Izvajanje rednih pregledov cilindra roke glede znakov obrabe, pu\u0161\u010danja ali po\u0161kodb je klju\u010dnega pomena. Redni pregledi pomagajo prepoznati morebitne te\u017eave, preden se stopnjujejo, kar zagotavlja optimalno delovanje.<\/li>\n<li><strong>Ustrezno mazanje:<\/strong> Vzdr\u017eevanje ustrezne ravni mazanja je bistvenega pomena za nemoteno delovanje hidravli\u010dnega sistema. Uporabniki morajo upo\u0161tevati proizvajal\u010deve smernice glede intervalov in koli\u010din mazanja, da prepre\u010dijo obrabo in okvare sistema.<\/li>\n<li><strong>Zamenjava tesnila:<\/strong> S\u010dasoma se lahko tesnila obrabijo in jih je treba zamenjati. Redno spremljanje stanja tesnil in njihova zamenjava po potrebi prepre\u010duje pu\u0161\u010danje in vzdr\u017euje hidravli\u010dni tlak.<\/li>\n<\/ul>\n<h2>Navodila za namestitev<\/h2>\n<p>Pravilna namestitev cilindra roke je klju\u010dnega pomena za njegovo delovanje in dolgo \u017eivljenjsko dobo. Najprej se prepri\u010dajte, da so vse komponente \u010diste in brez umazanije. Pravilna poravnava je klju\u010dnega pomena; za pritrditev cilindra uporabite ustrezne nosilce in se izognite napa\u010dni poravnavi, ki bi lahko povzro\u010dila prezgodnjo obrabo. Upo\u0161tevajte proizvajal\u010deve specifikacije glede nastavitev navora in zahtev glede priklju\u010ditve. Po namestitvi preizkusite sistem pod nizkim tlakom, da preverite morebitne pu\u0161\u010danja in zagotovite pravilno delovanje, preden se v celoti lotite operativnih nalog. Na koncu po namestitvi opravite temeljit pregled, da preverite, ali vse komponente delujejo po predvidenem postopku.<\/p>\n<h2>Pogosta vzdr\u017eevalna opravila<\/h2>\n<ul>\n<li><strong>Redni pregledi:<\/strong> Redni pregledi pomagajo zgodaj odkriti obrabo in po\u0161kodbe. Poi\u0161\u010dite pu\u0161\u010danja, razpoke in znake prekomerne obrabe. Zgodnje odkrivanje lahko prepre\u010di draga popravila in izpade.<\/li>\n<li><strong>Pravilno mazanje:<\/strong> Mazanje hidravli\u010dnih komponent v skladu s specifikacijami proizvajalca zagotavlja nemoteno delovanje in zmanj\u0161uje obrabo. Redno preverjanje nivoja mazanja je potrebno za ohranjanje optimalne zmogljivosti.<\/li>\n<li><strong>Zamenjava tesnila:<\/strong> Tesnila je treba redno pregledovati in jih zamenjati, ko opazite znake obrabe. Ta naloga je klju\u010dnega pomena za vzdr\u017eevanje hidravli\u010dnega tlaka in u\u010dinkovitosti sistema.<\/li>\n<\/ul>\n<h2>Varnostni vidiki in okoljski dejavniki<\/h2>\n<p>Pri delu s hidravli\u010dnimi sistemi so varnostni ukrepi bistveni. Upravljavci morajo biti usposobljeni za razumevanje tveganj, povezanih s hidravli\u010dnimi cilindri, vklju\u010dno z morebitnimi okvarami in nevarnostmi, povezanimi s tlakom. Za zmanj\u0161anje tveganja po\u0161kodb med vzdr\u017eevanjem je treba nositi ustrezno osebno za\u0161\u010ditno opremo (OZO). Poleg tega je treba upo\u0161tevati okoljske vidike, kot je pravilno odstranjevanje hidravli\u010dnih teko\u010din in obrabljenih komponent, da se prepre\u010di kontaminacija, in upo\u0161tevati okoljske predpise.<\/p>\n<h2>Odpravljanje te\u017eav in pogoste te\u017eave<\/h2>\n<ul>\n<li><strong>Pu\u0161\u010danje:<\/strong> Pu\u0161\u010danje, ki ga pogosto povzro\u010dajo obrabljena tesnila ali po\u0161kodovani fitingi, lahko povzro\u010di te\u017eave z delovanjem. Redni pregledi tesnil in fitingov so bistveni za zgodnje odkrivanje.<\/li>\n<li><strong>Po\u010dasno delovanje:<\/strong> \u010ce cilinder roke deluje po\u010dasneje kot obi\u010dajno, to lahko ka\u017ee na nizko raven hidravli\u010dne teko\u010dine ali zama\u0161en filter. Preverjanje ravni teko\u010dine in zamenjava filtrov lahko odpravita to te\u017eavo.<\/li>\n<li><strong>Nenavadni zvoki:<\/strong> Hrup med delovanjem lahko ka\u017ee na notranje po\u0161kodbe ali nezadostno mazanje. Da prepre\u010dite nadaljnjo \u0161kodo, je priporo\u010dljivo takoj ustaviti delovanje in pregledati valj.<\/li>\n<\/ul>\n<h2>Nasveti za odpravljanje te\u017eav<\/h2>\n<p>Za u\u010dinkovito diagnosticiranje in odpravljanje te\u017eav z valjem roke sledite tem korakom: prepoznajte simptome in se sklicujte na zgoraj opisane pogoste te\u017eave. Opravite temeljit vizualni pregled glede pu\u0161\u010danja ali po\u0161kodb in preverite nivo hidravli\u010dne teko\u010dine. Prepri\u010dajte se, da so vsa tesnila in povezave varne. Izvedite preventivne ukrepe, kot sta redno vzdr\u017eevanje in pravo\u010dasna zamenjava obrabljenih komponent, da zmanj\u0161ate morebitne te\u017eave. Vodenje dnevnika vzdr\u017eevanja lahko pomaga pri sledenju te\u017eav skozi \u010das, kar omogo\u010da sprejemanje proaktivnih ukrepov po potrebi.<\/p>\n<p><img decoding=\"async\" src=\"https:\/\/www.hydraulic-cylinders.net\/wp-content\/uploads\/2025\/04\/songte-bushings-with-all-kinds-of-excavator-models.webp\" alt=\"Modeli bagrov\"><\/p>\n<h2>O na\u0161em podjetju<\/h2>\n<p>Smo vodilni proizvajalec in veleprodajni distributer nadomestnih hidravli\u010dnih cilindrov, ki ponuja \u0161iroko paleto izdelkov tako doma\u010demu kot mednarodnemu trgu. Na\u0161a zavezanost odli\u010dnosti se ka\u017ee v na\u0161ih izpopolnjenih proizvodnih procesih, ki jih podpirajo napredna tehnologija in usposobljeni strokovnjaki. Nenehno izbolj\u0161ujemo svoje proizvodne zmogljivosti z integracijo najsodobnej\u0161e opreme in robustnim sistemom nadzora kakovosti. Na\u0161a osredoto\u010denost na visoko u\u010dinkovitost, natan\u010dnost in kakovost nam omogo\u010da, da zadovoljimo raznolike potrebe na\u0161ih strank. Ponujamo tudi re\u0161itve po meri, prilagojene specifi\u010dnim operativnim zahtevam, s \u010dimer zagotavljamo, da na\u0161e stranke prejmejo najbolj\u0161e mo\u017ene izdelke in storitve.<\/p>\n<p><img decoding=\"async\" src=\"https:\/\/www.hydraulic-cylinders.net\/wp-content\/uploads\/2025\/04\/songte-company-4.webp\" alt=\"Pregled podjetja\"><br \/>\n<img decoding=\"async\" src=\"https:\/\/www.hydraulic-cylinders.net\/wp-content\/uploads\/2025\/04\/songte-company-3.webp\" alt=\"Proizvodnja podjetja\"><\/p>\n<p>Avtor: lyl<\/p>","protected":false},"excerpt":{"rendered":"<p>Boom Cylinder For Yugong WY150-8 Product Overview The Boom Cylinder, specifically designed for the Yugong WY150-8, is an essential component in hydraulic systems utilized in heavy machinery. A bucket cylinder, or boom cylinder, is a type of hydraulic cylinder that is crucial in controlling the movement of buckets in various heavy equipment such as excavators, [&hellip;]<\/p>","protected":false},"featured_media":17873,"comment_status":"open","ping_status":"closed","template":"","meta":{"_et_pb_use_builder":"","_et_pb_old_content":"","_et_gb_content_width":""},"product_brand":[],"product_cat":[1546],"product_tag":[1547,1496],"class_list":{"0":"post-19097","1":"product","2":"type-product","3":"status-publish","4":"has-post-thumbnail","6":"product_cat-boom-cylinders","7":"product_tag-boom-cylinders","8":"product_tag-hydraulic-cylinders","10":"first","11":"instock","12":"shipping-taxable","13":"product-type-simple"},"amp_enabled":true,"_links":{"self":[{"href":"https:\/\/www.hydraulic-cylinders.net\/sl\/wp-json\/wp\/v2\/product\/19097","targetHints":{"allow":["GET"]}}],"collection":[{"href":"https:\/\/www.hydraulic-cylinders.net\/sl\/wp-json\/wp\/v2\/product"}],"about":[{"href":"https:\/\/www.hydraulic-cylinders.net\/sl\/wp-json\/wp\/v2\/types\/product"}],"replies":[{"embeddable":true,"href":"https:\/\/www.hydraulic-cylinders.net\/sl\/wp-json\/wp\/v2\/comments?post=19097"}],"wp:featuredmedia":[{"embeddable":true,"href":"https:\/\/www.hydraulic-cylinders.net\/sl\/wp-json\/wp\/v2\/media\/17873"}],"wp:attachment":[{"href":"https:\/\/www.hydraulic-cylinders.net\/sl\/wp-json\/wp\/v2\/media?parent=19097"}],"wp:term":[{"taxonomy":"product_brand","embeddable":true,"href":"https:\/\/www.hydraulic-cylinders.net\/sl\/wp-json\/wp\/v2\/product_brand?post=19097"},{"taxonomy":"product_cat","embeddable":true,"href":"https:\/\/www.hydraulic-cylinders.net\/sl\/wp-json\/wp\/v2\/product_cat?post=19097"},{"taxonomy":"product_tag","embeddable":true,"href":"https:\/\/www.hydraulic-cylinders.net\/sl\/wp-json\/wp\/v2\/product_tag?post=19097"}],"curies":[{"name":"delovni list","href":"https:\/\/api.w.org\/{rel}","templated":true}]}}