{"id":19106,"date":"2025-04-07T06:13:11","date_gmt":"2025-04-07T06:13:11","guid":{"rendered":"https:\/\/www.hydraulic-cylinders.net\/product\/boom-cylinder-for-volvo-small-excavator-ec60c-80d\/"},"modified":"2025-04-07T06:13:13","modified_gmt":"2025-04-07T06:13:13","slug":"boom-cylinder-for-volvo-small-excavator-ec60c-80d","status":"publish","type":"product","link":"https:\/\/www.hydraulic-cylinders.net\/sl\/izdelek\/boom-cylinder-for-volvo-small-excavator-ec60c-80d\/","title":{"rendered":"Cilinder roke za majhen bager Volvo EC60C\/80D"},"content":{"rendered":"<h1>Cilinder roke za majhen bager Volvo EC60C\/80D<\/h1>\n<h2>Uvod v cilindre roke<\/h2>\n<p>Cilinder roke je klju\u010dna hidravli\u010dna komponenta, ki se uporablja v razli\u010dnih te\u017ekih strojih, zlasti bagrih, bagrih nakladalnikih in \u010delnih nakladalnikih. Njegova funkcija je nadzor gibanja \u017elice, kar omogo\u010da dvigovanje, spu\u0161\u010danje in nagibanje. Ta zmogljivost je bistvena za u\u010dinkovito ravnanje z materiali v gradbeni\u0161tvu, kmetijstvu in drugih panogah.<\/p>\n<p>Kot vrsta hidravli\u010dnega cilindra deluje valj roke s hidravli\u010dno teko\u010dino, ki pretvarja tlak v mehansko silo. To omogo\u010da gladke in natan\u010dne gibe, zaradi \u010desar je nepogre\u0161ljiv pri uporabi te\u017eke opreme.<\/p>\n<p><img decoding=\"async\" src=\"https:\/\/www.hydraulic-cylinders.net\/wp-content\/uploads\/2025\/04\/songte-company-1.webp\" alt=\"Slika cilindra roke\" \/><\/p>\n<h2>Zna\u010dilnosti cilindra roke<\/h2>\n<ul>\n<li>\n<h3>Visoka trdnost in vzdr\u017eljivost<\/h3>\n<p>Cilindri roke, ki so obi\u010dajno izdelani iz visoko trdnega jekla ali aluminija, so zasnovani tako, da prenesejo visoke tlake in velike obremenitve. Njihova konstrukcija upo\u0161teva odpornost proti obrabi in koroziji, kar podalj\u0161uje njihovo \u017eivljenjsko dobo v zahtevnih okoljih.<\/p>\n<\/li>\n<li>\n<h3>U\u010dinkovito hidravli\u010dno delovanje<\/h3>\n<p>Z uporabo tlaka hidravli\u010dnega olja ti cilindri omogo\u010dajo gladko iztegovanje in vstavljanje. Zagotavljajo hiter odziv na ukaze upravljavca ter zagotavljajo mo\u010dne potisne in vle\u010dne sile, primerne za te\u017eka in kompleksna opravila.<\/p>\n<\/li>\n<li>\n<h3>Na voljo so razli\u010dne vrste<\/h3>\n<p>Cilindre roke je mogo\u010de prilagoditi specifi\u010dnim aplikacijam, pri \u010demer so na voljo mo\u017enosti enosmernega (delovanje v eno smer) ali dvojnega (delovanje v obe smeri) konfiguracije. Nekateri modeli imajo teleskopsko zasnovo, ki omogo\u010da ve\u010dji izvle\u010dek brez pove\u010danja zunanjih dimenzij, kar je idealno za aplikacije z omejenim prostorom.<\/p>\n<\/li>\n<li>\n<h3>Zdru\u017eljivost in zamenjava<\/h3>\n<p>Na\u0161i izdelki lahko popolnoma nadomestijo obstoje\u010de hidravli\u010dne cilindre, kar zagotavlja zdru\u017eljivost in zanesljivost va\u0161e opreme.<\/p>\n<\/li>\n<\/ul>\n<p><img decoding=\"async\" src=\"https:\/\/www.hydraulic-cylinders.net\/wp-content\/uploads\/2025\/04\/songte-cylinder-head-with-all-kinds-excavator-models.webp\" alt=\"Slika glave valja\" \/><\/p>\n<h2>Uporaba cilindrov roke<\/h2>\n<h3>Gradbena oprema<\/h3>\n<p>Pri bagrih imajo cilindri roke klju\u010dno vlogo pri kopanju, nakladanju in premikanju zemlje ali ru\u0161evin. Omogo\u010dajo, da \u017elica u\u010dinkovito prodre v tla, zaradi \u010desar so bistveni za izkopavanja. To hidravli\u010dno delovanje je klju\u010dnega pomena za pove\u010danje produktivnosti na gradbi\u0161\u010dih, saj omogo\u010da hitro in u\u010dinkovito premikanje materialov.<\/p>\n<h3>Kmetijska mehanizacija<\/h3>\n<p>Pri \u010delnih nakladalnikih se cilindri roke uporabljajo za zajemanje, dvigovanje in prevoz zemlje, sena in drugih materialov. Njihove hidravli\u010dne zmogljivosti omogo\u010dajo u\u010dinkovito opravljanje kmetijskih opravil in zagotavljajo produktivnost pri kmetijskih delih. Natan\u010dnost in mo\u010d teh cilindrov omogo\u010data kmetom optimizacijo delovnega procesa in izbolj\u0161anje splo\u0161ne u\u010dinkovitosti.<\/p>\n<h3>Bagri<\/h3>\n<p>Pri bagrih cilinder roke omogo\u010da, da \u017elica u\u010dinkovito prodre v zemljo, kar omogo\u010da u\u010dinkovito kopanje. Hidravli\u010dni sistem zagotavlja, da je postopek kopanja hiter in u\u010dinkovit, kar je klju\u010dnega pomena za izpolnjevanje rokov in prora\u010duna projekta.<\/p>\n<h3>Nakladalci<\/h3>\n<p>Pri \u010delnih nakladalnikih cilindri roke pomagajo pri u\u010dinkovitem dvigovanju in razkladanju bremen. Njihova zasnova omogo\u010da nemoten postopek dvigovanja, kar je bistvenega pomena za razli\u010dna nakladalna in razkladalna opravila v razli\u010dnih panogah.<\/p>\n<h2>Oblikovalski vidiki in izbirna merila<\/h2>\n<h3>Nosilnost<\/h3>\n<p>Pri izbiri cilindra roke je klju\u010dnega pomena razumevanje njegove nosilnosti. Nosilnost narekuje najve\u010djo te\u017eo, ki jo lahko cilinder varno prenese med delovanjem. Cilinder z nezadostno nosilnostjo lahko povzro\u010di okvaro opreme, kar lahko povzro\u010di varnostne nevarnosti in zamude pri projektu. Zato je za zagotovitev optimalne zmogljivosti bistveno oceniti tako te\u017eo materialov, s katerimi se ravna, kot tudi nazivno nosilnost cilindra.<\/p>\n<h3>Tesnjenje in vzdr\u017eljivost<\/h3>\n<p>U\u010dinkovito tesnjenje je v hidravli\u010dnih sistemih bistvenega pomena za prepre\u010devanje pu\u0161\u010danja teko\u010dine in zagotavljanje u\u010dinkovitosti delovanja. Tesnila, ki se uporabljajo v cilindrih roke, morajo prenesti visoke tlake in ekstremne pogoje. Materiali, kot sta poliuretan in nitrilna guma, se pogosto uporabljajo zaradi svoje vzdr\u017eljivosti in odpornosti proti obrabi. Pravilno tesnjenje ne le podalj\u0161a \u017eivljenjsko dobo cilindra, temve\u010d zagotavlja tudi varnost med delovanjem.<\/p>\n<h3>Varnost in vzdr\u017eevanje<\/h3>\n<p>Pri izbiri in uporabi cilindrov roke mora biti varnost na prvem mestu. Klju\u010dnega pomena je izbrati cilindre, ki ustrezajo mednarodnim varnostnim standardom in predpisom. Poleg tega bi morali biti redno vzdr\u017eevanje in pregledi del operativne rutine, da se zgodaj odkrije obraba, prepre\u010dijo nesre\u010de in zagotovi nemoteno in u\u010dinkovito delovanje strojev.<\/p>\n<p><img decoding=\"async\" src=\"https:\/\/www.hydraulic-cylinders.net\/wp-content\/uploads\/2025\/04\/songte-oil-pipes-and-spare-parts.webp\" alt=\"Oljne cevi in \u200b\u200brezervni deli\" \/><\/p>\n<h2>Tesnjenje in mazanje cilindrov roke<\/h2>\n<p>Pravilno tesnjenje in mazanje sta klju\u010dnega pomena za dolgo \u017eivljenjsko dobo in u\u010dinkovitost cilindrov roke. Razli\u010dne tesnilne komponente, kot so tesnila bata in tesnila palic, so klju\u010dne za vzdr\u017eevanje hidravli\u010dnega tlaka in prepre\u010devanje pu\u0161\u010danja. Izbira tesnilnih materialov, kot sta poliuretan in nitrilna guma, zagotavlja vzdr\u017eljivost proti obrabi.<\/p>\n<p>Povr\u0161ine ohi\u0161ja valja in navojnih koncev je treba fino obdelati, da se pove\u010da odpornost proti obrabi. Redno dodajanje zadostne koli\u010dine hidravli\u010dnega olja za mazanje je prav tako potrebno, saj zmanj\u0161uje trenje in prepre\u010duje pregrevanje, s \u010dimer se s\u010dasoma ohranja funkcionalnost valja.<\/p>\n<h2>Preventivni vzdr\u017eevalni ukrepi<\/h2>\n<ul>\n<li>\n<h3>Redni pregledi<\/h3>\n<p>Izvajanje rednih pregledov pomaga prepoznati morebitne te\u017eave, preden se stopnjujejo. Poi\u0161\u010dite znake obrabe, po\u0161kodb ali pu\u0161\u010danja v hidravli\u010dnem sistemu. Zgodnje odkrivanje lahko prihrani \u010das in stro\u0161ke, povezane z ve\u010djimi popravili.<\/p>\n<\/li>\n<li>\n<h3>Pravilno mazanje<\/h3>\n<p>Zagotavljanje ustreznega mazanja hidravli\u010dnega sistema je klju\u010dnega pomena za nemoteno delovanje. Redno preverjajte in po potrebi menjajte hidravli\u010dno olje, da ohranite optimalno delovanje ter prepre\u010dite pregrevanje in obrabo.<\/p>\n<\/li>\n<li>\n<h3>Zamenjava tesnila<\/h3>\n<p>S\u010dasoma se tesnila lahko obrabijo in povzro\u010dijo pu\u0161\u010danje. Redno preverjajte stanje tesnil in jih po potrebi zamenjajte, da ohranite hidravli\u010dni tlak in delovanje.<\/p>\n<\/li>\n<\/ul>\n<h2>Navodila za namestitev cilindrov roke<\/h2>\n<p>Pravilna namestitev cilindrov roke je klju\u010dnega pomena za zagotovitev njihovega delovanja in dolge \u017eivljenjske dobe. Najprej se prepri\u010dajte, da so cilinder in nosilci \u010disti in brez ostankov. Cilinder pravilno poravnajte s pritrdilnimi to\u010dkami z ustreznimi nosilci za oporo. Nosilce trdno pritrdite, vendar se izogibajte premo\u010dnemu zategovanju, saj lahko to povzro\u010di napetostne zlome.<\/p>\n<p>Hidravli\u010dne cevi morajo biti priklju\u010dene brez pregibov, da se prepre\u010di blokada teko\u010dine. Po namestitvi preverite morebitna pu\u0161\u010danja tako, da sistem pred polnim delovanjem cikli\u010dno izklopite pod nizkim tlakom. Redno pregledujte namestitev, da zagotovite, da komponente ostanejo pravilno poravnane in pritrjene skozi \u010das.<\/p>\n<h2>Pogosta vzdr\u017eevalna opravila<\/h2>\n<ul>\n<li>\n<h3>Redni pregledi<\/h3>\n<p>Redni pregledi so bistveni za prepoznavanje obrabe in odpravljanje morebitnih te\u017eav, preden te prerastejo v draga popravila. Preverite morebitne znake pu\u0161\u010danja, obrabe ali druge po\u0161kodbe in nemudoma sprejmite korektivne ukrepe.<\/p>\n<\/li>\n<li>\n<h3>Pravilno mazanje<\/h3>\n<p>Zagotovite, da so vsi gibljivi deli ustrezno namazani, da zmanj\u0161ate trenje in obrabo. Uporabljajte priporo\u010deno hidravli\u010dno olje in upo\u0161tevajte navodila proizvajalca glede intervalov in koli\u010din.<\/p>\n<\/li>\n<li>\n<h3>Zamenjava tesnila<\/h3>\n<p>Spremljajte stanje tesnil in jih pravo\u010dasno zamenjajte, da ohranite hidravli\u010dni tlak. Redni pregledi tesnil lahko pomagajo prepre\u010diti pu\u0161\u010danje in zagotoviti u\u010dinkovito delovanje hidravli\u010dnega sistema.<\/p>\n<\/li>\n<\/ul>\n<p><img decoding=\"async\" src=\"https:\/\/www.hydraulic-cylinders.net\/wp-content\/uploads\/2025\/04\/songte-chushion-collar.webp\" alt=\"Slika ovratnika z blazino\" \/><\/p>\n<h2>Varnostni vidiki in okoljski dejavniki<\/h2>\n<p>Varnostni ukrepi so klju\u010dnega pomena pri delu s hidravli\u010dnimi sistemi. Uporaba ustrezne osebne za\u0161\u010ditne opreme (OZO) in upo\u0161tevanje ustaljenih varnostnih protokolov lahko znatno zmanj\u0161ata tveganje za nesre\u010de. Bistveno je usposobiti upravljavce za varno ravnanje in upravljanje strojev, opremljenih z valji roke. Poleg tega je treba sprejeti okolju prijazne prakse, da se \u010dim bolj zmanj\u0161a vpliv pu\u0161\u010danja hidravli\u010dne teko\u010dine in ravnanja z odpadki na okolje.<\/p>\n<h2>Diagnoza napak in pogoste te\u017eave<\/h2>\n<ul>\n<li>\n<h3>Pu\u0161\u010danje<\/h3>\n<p>Pu\u0161\u010danje hidravli\u010dne teko\u010dine je ena najpogostej\u0161ih te\u017eav. Lahko nastane zaradi obrabljenih tesnil, po\u0161kodovanih cevi ali nepravilne namestitve. Redni pregledi in vzdr\u017eevanje lahko pomagajo pri zgodnjem odkrivanju in odpravljanju pu\u0161\u010danj.<\/p>\n<\/li>\n<li>\n<h3>Te\u017eave z zmogljivostjo<\/h3>\n<p>\u010ce se valj roke ne odziva po pri\u010dakovanjih, to lahko ka\u017ee na nizko raven hidravli\u010dne teko\u010dine ali ujeti zrak v sistemu. Te te\u017eave je pogosto mogo\u010de odpraviti s preverjanjem ravni teko\u010din in odzra\u010devanjem sistema, da se odstrani ujeti zrak.<\/p>\n<\/li>\n<li>\n<h3>Pregrevanje<\/h3>\n<p>Pregrevanje lahko povzro\u010di neustrezno mazanje ali onesna\u017eenje hidravli\u010dne teko\u010dine. Redna menjava olja in vzdr\u017eevanje ustrezne ravni teko\u010dine lahko zmanj\u0161ata to tveganje.<\/p>\n<\/li>\n<\/ul>\n<p>Za u\u010dinkovito diagnosticiranje in odpravljanje te\u017eav morajo biti upravljavci usposobljeni za prepoznavanje znakov okvare in razumevanje osnovnega delovanja hidravli\u010dnega sistema. Preventivni ukrepi, kot je redno vzdr\u017eevanje, lahko pomagajo zmanj\u0161ati morebitne te\u017eave.<\/p>\n<p><img decoding=\"async\" src=\"https:\/\/www.hydraulic-cylinders.net\/wp-content\/uploads\/2025\/04\/songte-bushings-with-all-kinds-of-excavator-models.webp\" alt=\"Slika pu\u0161\" \/><\/p>\n<h2>Pregled podjetja<\/h2>\n<p>Smo vodilni proizvajalec in veleprodajni distributer nadomestnih hidravli\u010dnih cilindrov, ki ponuja \u0161iroko paleto izdelkov. Na\u0161o zavezanost k odli\u010dnosti v kakovosti podpira izpopolnjena proizvodna strategija, ki vklju\u010duje napredno tehnologijo in usposobljeno osebje. Nenehno izbolj\u0161ujemo svoje proizvodne zmogljivosti, da bi z visoko u\u010dinkovitostjo in natan\u010dnostjo zadovoljili raznolike potrebe strank.<\/p>\n<p>Na\u0161i izdelki so mednarodno certificirani, kar zagotavlja, da ustrezajo svetovnim standardom. Ponujamo tudi mo\u017enosti prilagoditve specifi\u010dnim zahtevam uporabe. Na\u0161a najsodobnej\u0161a proizvodna oprema in namenska poprodajna storitev zagotavljata zadovoljstvo strank in dolgoro\u010dna partnerstva.<\/p>\n<p><img decoding=\"async\" src=\"https:\/\/www.hydraulic-cylinders.net\/wp-content\/uploads\/2025\/04\/songte-company-4.webp\" alt=\"Slika podjetja\" \/><br \/>\n<img decoding=\"async\" src=\"https:\/\/www.hydraulic-cylinders.net\/wp-content\/uploads\/2025\/04\/songte-company-3.webp\" alt=\"Slika podjetja\" \/><\/p>\n<p>Avtor: lyl<\/p>","protected":false},"excerpt":{"rendered":"<p>Boom Cylinder For Volvo Small Excavator EC60C\/80D Introduction to Boom Cylinders The boom cylinder is a vital hydraulic component used in various heavy machinery, particularly excavators, backhoe loaders, and front loaders. It functions to control the movement of the bucket, allowing it to lift, lower, and tilt. This capability is essential for efficient material handling [&hellip;]<\/p>","protected":false},"featured_media":17867,"comment_status":"open","ping_status":"closed","template":"","meta":{"_et_pb_use_builder":"","_et_pb_old_content":"","_et_gb_content_width":""},"product_brand":[],"product_cat":[1546],"product_tag":[1547,1496],"class_list":{"0":"post-19106","1":"product","2":"type-product","3":"status-publish","4":"has-post-thumbnail","6":"product_cat-boom-cylinders","7":"product_tag-boom-cylinders","8":"product_tag-hydraulic-cylinders","10":"first","11":"instock","12":"shipping-taxable","13":"product-type-simple"},"amp_enabled":true,"_links":{"self":[{"href":"https:\/\/www.hydraulic-cylinders.net\/sl\/wp-json\/wp\/v2\/product\/19106","targetHints":{"allow":["GET"]}}],"collection":[{"href":"https:\/\/www.hydraulic-cylinders.net\/sl\/wp-json\/wp\/v2\/product"}],"about":[{"href":"https:\/\/www.hydraulic-cylinders.net\/sl\/wp-json\/wp\/v2\/types\/product"}],"replies":[{"embeddable":true,"href":"https:\/\/www.hydraulic-cylinders.net\/sl\/wp-json\/wp\/v2\/comments?post=19106"}],"wp:featuredmedia":[{"embeddable":true,"href":"https:\/\/www.hydraulic-cylinders.net\/sl\/wp-json\/wp\/v2\/media\/17867"}],"wp:attachment":[{"href":"https:\/\/www.hydraulic-cylinders.net\/sl\/wp-json\/wp\/v2\/media?parent=19106"}],"wp:term":[{"taxonomy":"product_brand","embeddable":true,"href":"https:\/\/www.hydraulic-cylinders.net\/sl\/wp-json\/wp\/v2\/product_brand?post=19106"},{"taxonomy":"product_cat","embeddable":true,"href":"https:\/\/www.hydraulic-cylinders.net\/sl\/wp-json\/wp\/v2\/product_cat?post=19106"},{"taxonomy":"product_tag","embeddable":true,"href":"https:\/\/www.hydraulic-cylinders.net\/sl\/wp-json\/wp\/v2\/product_tag?post=19106"}],"curies":[{"name":"delovni list","href":"https:\/\/api.w.org\/{rel}","templated":true}]}}