{"id":1913,"date":"2023-10-19T07:48:03","date_gmt":"2023-10-19T07:48:03","guid":{"rendered":"https:\/\/hydraulic-cylinders.net\/?post_type=product&#038;p=1913"},"modified":"2025-04-11T02:51:43","modified_gmt":"2025-04-11T02:51:43","slug":"double-shield-tbm-auxiliary-thrust-cylinder","status":"publish","type":"product","link":"https:\/\/www.hydraulic-cylinders.net\/sl\/izdelek\/double-shield-tbm-auxiliary-thrust-cylinder\/","title":{"rendered":"Pomo\u017eni potisni valj z dvojnim \u0161\u010ditom TBM"},"content":{"rendered":"<h1 style=\"text-align: center;\"><strong>Pomo\u017eni potisni valj z dvojnim \u0161\u010ditom TBM<\/strong><\/h1>\n<p><img loading=\"lazy\" decoding=\"async\" class=\"aligncenter wp-image-1914\" src=\"https:\/\/hydraulic-cylinders.net\/wp-content\/uploads\/2023\/10\/auxiliary-thrust-cylinder-1-300x300.webp\" alt=\"\" width=\"400\" height=\"400\" \/><\/p>\n<p>Dvojno za\u0161\u010diteni pomo\u017eni potisni cilinder TBM je najsodobnej\u0161a hidravli\u010dna komponenta, ki je klju\u010dnega pomena za optimizacijo delovanja strojev za vrtanje predorov. Ta specializirani cilinder je zasnovan tako, da zagotavlja pomo\u017eno potisno silo, podpira glavni potisni cilinder in pove\u010duje u\u010dinkovitost procesa vrtanja predorov. Ta obse\u017een \u010dlanek bo poglobljeno predstavil klju\u010dne zna\u010dilnosti, na\u010dine uporabe in smernice za vzdr\u017eevanje dvojno za\u0161\u010ditenega pomo\u017enega potisnega cilindra tbm.<\/p>\n<p>Dvojno za\u0161\u010diteni pomo\u017eni potisni valj TBM je klju\u010dna komponenta, ki omogo\u010da strojem za vrtanje predorov, da dose\u017eejo neprimerljivo u\u010dinkovitost in produktivnost. Z izbolj\u0161ano podporo potiska, robustno konstrukcijo, kompaktno zasnovo in natan\u010dnimi krmilnimi mehanizmi ta valj zagotavlja nemoten in u\u010dinkovit napredek pri vrtanju predorov. Z upo\u0161tevanjem priporo\u010denih metod uporabe in rednih vzdr\u017eevalnih praks bo dvojno za\u0161\u010diteni pomo\u017eni potisni valj tbm \u0161e naprej zagotavljal izjemno zmogljivost in prispeval k uspehu projektov vrtanja predorov. Izkoristite mo\u010d in zanesljivost dvojno za\u0161\u010ditenega pomo\u017enega potisnega valja tbm, ki bo revolucioniral vrtanje predorov z neprimerljivo u\u010dinkovitostjo in uspe\u0161nostjo.<\/p>\n<p>Klju\u010dne zna\u010dilnosti pomo\u017enega potisnega cilindra z dvojnim \u0161\u010ditom TBM:<\/p>\n<ul>\n<li>Izbolj\u0161ana podpora potiska: Dvojno za\u0161\u010diten pomo\u017eni potisni valj je zasnovan tako, da zagotavlja izjemno pomo\u017eno podporo potiska glavnemu potisnemu valju. Z zagotavljanjem dodatne sile zagotavlja stabilno in u\u010dinkovito napredovanje stroja za vrtanje predorov, tudi v zahtevnih talnih razmerah.<\/li>\n<li>Robustna konstrukcija: Ta valj ima robustno in vzdr\u017eljivo konstrukcijo, izdelano tako, da prenese zahtevna okolja, s katerimi se sre\u010dujemo med gradnjo predorov. Visokokakovostni materiali in natan\u010dna izdelava zagotavljajo dolgo \u017eivljenjsko dobo in zanesljivost tudi v najte\u017ejih pogojih.<\/li>\n<li>Kompaktna zasnova: Pomo\u017eni potisni valj TBM z dvojnim \u0161\u010ditom se pona\u0161a s kompaktno zasnovo, ki omogo\u010da enostavno integracijo v stroj za vrtanje predorov. Njegova prostorsko u\u010dinkovita konstrukcija zagotavlja minimalno motenje drugih komponent in s tem maksimizira splo\u0161no u\u010dinkovitost procesa vrtanja predorov.<\/li>\n<li>Natan\u010dni krmilni mehanizmi: Ta valj, opremljen z naprednimi krmilnimi mehanizmi, ponuja natan\u010dno in odzivno delovanje. Upravljavci lahko prilagodijo pomo\u017eno potisno silo glede na specifi\u010dne pogoje tal, kar zagotavlja optimalno delovanje in zmanj\u0161uje tveganje za motnje.<\/li>\n<\/ul>\n<h2><strong>Parameter pomo\u017enega potisnega cilindra z dvojnim \u0161\u010ditom TBM:<\/strong><\/h2>\n<table border=\"1\" cellspacing=\"0\" cellpadding=\"0\">\n<tbody>\n<tr>\n<td>Ime izdelka<\/td>\n<td>Pomo\u017eni potisni valj za vrtalni stroj z dvojnim \u0161\u010ditom<\/td>\n<\/tr>\n<tr>\n<td>Zna\u010dilnosti:<\/td>\n<td>Zana\u0161anje na reakcijsko silo pomo\u017enega potisnega valja za potiskanje cevnega kosa, da se TBM premakne naprej<\/td>\n<\/tr>\n<tr>\n<td>Premer izvrtine:<\/td>\n<td>220 mm\uff5e320 mm<\/td>\n<\/tr>\n<tr>\n<td>Premer palice:<\/td>\n<td>180 mm\uff5e240 mm<br \/>\nHod: 2100 mm\uff5e2600 mm<\/td>\n<\/tr>\n<tr>\n<td>Tlak:<\/td>\n<td>do 35 MPa<br \/>\nPosebne zahteve do 45 MPa<\/td>\n<\/tr>\n<tr>\n<td>Uporaba:<\/td>\n<td>Stroj za vrtanje predorov z dvojnim \u0161\u010ditom<\/td>\n<\/tr>\n<\/tbody>\n<\/table>\n<h2><strong>Uporaba dvojnega \u0161\u010ditnega cilindra TBM:<\/strong><\/h2>\n<p><img loading=\"lazy\" decoding=\"async\" class=\"alignnone wp-image-1909 size-full\" src=\"https:\/\/hydraulic-cylinders.net\/wp-content\/uploads\/2023\/10\/double-shield-tbm-cylinder-1.webp\" alt=\"\" width=\"709\" height=\"473\" srcset=\"https:\/\/hydraulic-cylinders.net\/wp-content\/uploads\/2023\/10\/double-shield-tbm-cylinder-1.webp 709w, https:\/\/hydraulic-cylinders.net\/wp-content\/uploads\/2023\/10\/double-shield-tbm-cylinder-1-480x320.webp 480w\" sizes=\"(min-width: 0px) and (max-width: 480px) 480px, (min-width: 481px) 709px, 100vw\" \/><\/p>\n<h2><strong>Metoda uporabe pomo\u017enega potisnega cilindra z dvojnim \u0161\u010ditom TBM<\/strong><strong>:<\/strong><\/h2>\n<ol>\n<li><strong>Integracija cilindra:<\/strong> Dvojno za\u0161\u010diteni pomo\u017eni potisni valj TBM namestite na dolo\u010deno mesto v stroju za vrtanje predorov v skladu z navodili in specifikacijami proizvajalca. Zagotovite pravilno poravnavo in varno pritrditev na konstrukcijo TBM z uporabo ustreznih monta\u017enih nosilcev ali dodatkov.<\/li>\n<li><strong>Integracija hidravli\u010dnega sistema:<\/strong> Priklju\u010dite jeklenko na hidravli\u010dni sistem TBM z uporabo zdru\u017eljivih cevi in \u200b\u200bspojk. Preverite, ali so vse povezave varne, netesne in pravilno privite, da zagotovite optimalno hidravli\u010dno delovanje.<\/li>\n<li><strong>Nadzor in delovanje:<\/strong>\u00a0 Seznanite se s krmilnim sistemom TBM in specifi\u010dnimi krmilnimi elementi, povezanimi z dvojno za\u0161\u010ditenim pomo\u017enim potisnim cilindrom TBM. S temi krmilnimi elementi aktivirajte, regulirajte in spremljajte pomo\u017eno potisno silo ter jo prilagajajte zahtevam postopka kopanja predora in talnim razmeram.<\/li>\n<li><strong>Spremljanje in prilagajanje:<\/strong>\u00a0 Neprekinjeno spremljajte delovanje pomo\u017enega potisnega cilindra z dvojnim \u0161\u010ditom tbm in splo\u0161no obna\u0161anje stroja za vrtanje predorov. Izvedite potrebne prilagoditve pomo\u017ene potisne sile, pri \u010demer upo\u0161tevajte talne razmere, geolo\u0161ke razlike in druge dejavnike, ki lahko vplivajo na postopek vrtanja predorov.<\/li>\n<\/ol>\n<h2><strong>Kako zamenjati tesnilo na hidravli\u010dnem cilindru?<\/strong><\/h2>\n<p>Preden za\u010dnete, se prepri\u010dajte, da imate potrebno orodje, nadomestna tesnila in \u010disto delovno obmo\u010dje. Poleg tega upo\u0161tevajte varnostne ukrepe, da prepre\u010dite nesre\u010de, kot je na primer spro\u0161\u010danje tlaka v sistemu.<\/p>\n<ol>\n<li><strong>Priprava cilindra:<\/strong>\n<ul>\n<li>Hidravli\u010dni valj odklopite iz sistema in se prepri\u010dajte, da je pod tlakom.<\/li>\n<li>O\u010distite zunanjost cilindra, da prepre\u010dite vdor umazanije ali ostankov med razstavljanjem.<\/li>\n<li>Cilinder postavite na stabilno delovno povr\u0161ino in ga pritrdite s sponkami ali prime\u017eem.<\/li>\n<\/ul>\n<\/li>\n<li><strong>Odstranite pritrdilne komponente:<\/strong>\n<ul>\n<li>Prepoznajte pritrdilne komponente, ki pritrjujejo glavo ali pokrov valja, kot so vijaki ali varovalni obro\u010di.<\/li>\n<li>Za odvijanje in odstranitev teh pritrdilnih komponent uporabite ustrezno orodje (klju\u010de, nastavke, kle\u0161\u010de).<\/li>\n<li>Komponente shranite na varno mesto za ponovno sestavljanje.<\/li>\n<\/ul>\n<\/li>\n<li><strong>Lo\u010dite komponente cilindra:<\/strong>\n<ul>\n<li>Z mehkim kladivom ne\u017eno udarite po glavi ali pokrovu valja, da pretrgate morebitno tesnilo ali lepilno vez.<\/li>\n<li>Po\u010dasi in previdno odstranite glavo valja ali pokrov\u010dek, s \u010dimer odkrijete bat in tesnilo.<\/li>\n<li>Bodite pozorni na morebitne podlo\u017eke, distan\u010dnike ali druge prisotne komponente in jih odstranite za kasnej\u0161o ponovno monta\u017eo.<\/li>\n<\/ul>\n<\/li>\n<li><strong>Odstranite staro tesnilo:<\/strong>\n<ul>\n<li>Preverite staro tesnilo glede morebitnih po\u0161kodb ali obrabe in ugotovite vrsto uporabljenega tesnila.<\/li>\n<li>Glede na vrsto tesnila boste morda morali uporabiti orodja za odstranjevanje tesnila (krampe, kavelj\u010dke) ali ga previdno izvle\u010di z ravnim izvija\u010dem.<\/li>\n<li>Za pravilno namestitev novega tesnila bodite pozorni na orientacijo tesnila.<\/li>\n<\/ul>\n<\/li>\n<li><strong>O\u010distite in pregledajte:<\/strong>\n<ul>\n<li>Temeljito o\u010distite izvrtino valja, bat in okoli\u0161ke komponente z uporabo krpe, ki ne pu\u0161\u010da vlaken, ali topila, primernega za va\u0161 hidravli\u010dni sistem.<\/li>\n<li>Preverite vse komponente glede morebitnih znakov po\u0161kodb, obrabe ali zarez. Po potrebi zamenjajte vse obrabljene ali po\u0161kodovane dele.<\/li>\n<\/ul>\n<\/li>\n<li><strong>Namestite novo tesnilo:<\/strong>\n<ul>\n<li>Novo tesnilo nama\u017eite s hidravli\u010dno teko\u010dino ali zdru\u017eljivim mazivom za tesnila.<\/li>\n<li>Novo tesnilo previdno namestite v utor tesnila ali na bat in se prepri\u010dajte, da je pravilno usmerjeno, kot je bilo zabele\u017eeno med odstranjevanjem tesnila.<\/li>\n<li>Z orodjem za namestitev tesnila ali mehkim kladivom ne\u017eno pritisnite tesnilo na svoje mesto in se prepri\u010dajte, da je pravilno in enakomerno name\u0161\u010deno.<\/li>\n<\/ul>\n<\/li>\n<li><strong>Ponovno sestavite valj:<\/strong>\n<ul>\n<li>Ponovno namestite podlo\u017eke, distan\u010dnike ali druge komponente, ki ste jih odstranili med demonta\u017eo.<\/li>\n<li>Previdno poravnajte glavo ali pokrov valja s telesom valja in skozenj potisnite bat.<\/li>\n<li>Na pritrdilne komponente nanesite ustrezno tesnilno maso za navoje ali pasto za varovanje navoja in jih ponovno varno pritrdite.<\/li>\n<li>Za zagotovitev ustreznega tesnjenja in poravnave upo\u0161tevajte proizvajal\u010deve navorne vrednosti za privijanje pritrdilnih komponent.<\/li>\n<\/ul>\n<\/li>\n<li><strong>Preizkus in preverjanje:<\/strong>\n<ul>\n<li>Ponovno priklju\u010dite hidravli\u010dni cilinder na sistem in se prepri\u010dajte, da so vse povezave varne.<\/li>\n<li>Postopoma obnovite tlak v sistemu in preverite morebitna pu\u0161\u010danja ali nenavadno delovanje.<\/li>\n<li>Popolnoma izpraznite hidravli\u010dni valj, da preverite pravilno delovanje in celovitost tesnjenja.<\/li>\n<\/ul>\n<\/li>\n<\/ol>\n<h2><strong>Zmogljivost in zmogljivost tovarne:<\/strong><\/h2>\n<h3>(1) Sestavljanje<\/h3>\n<p>Imamo prvovrstno neodvisno platformo za raziskave in razvoj. Delavnica za proizvodnjo hidravli\u010dnih cilindrov ima \u0161tiri polavtomatske monta\u017ene linije za dvi\u017ene cilindre in eno avtomatsko monta\u017eno linijo za nagibne cilindre z letno proizvodno zmogljivostjo 1 milijona kosov. Delavnica za posebne cilindre je opremljena z razli\u010dnimi specifikacijami polavtomatskega sistema za \u010di\u0161\u010denje in monta\u017eo z letno proizvodno zmogljivostjo 200.000 kosov ter znano CNC obdelovalno opremo, obdelovalnim centrom, visoko precizno posebno opremo za obdelavo cilindrov, robotskim varilnim strojem, avtomatskim \u010distilnim strojem, avtomatskim strojem za monta\u017eo cilindrov in avtomatsko proizvodno linijo za barvanje. Obstoje\u010da kriti\u010dna oprema obsega ve\u010d kot 300 kompletov (kompletov). Optimalna razporeditev in u\u010dinkovita uporaba opremnih virov zagotavljata zahteve glede natan\u010dnosti izdelkov in izpolnjujeta visoke zahteve glede kakovosti izdelkov.<\/p>\n<p><img loading=\"lazy\" decoding=\"async\" class=\"alignnone wp-image-626\" src=\"https:\/\/hydraulic-cylinders.net\/wp-content\/uploads\/2023\/08\/hydraulic-cylinder-product-1-300x158.webp\" alt=\"\" width=\"495\" height=\"260\" srcset=\"https:\/\/hydraulic-cylinders.net\/wp-content\/uploads\/2023\/08\/hydraulic-cylinder-product-1-300x158.webp 495w, https:\/\/hydraulic-cylinders.net\/wp-content\/uploads\/2023\/08\/hydraulic-cylinder-product-1-480x252.webp 480w\" sizes=\"(min-width: 0px) and (max-width: 480px) 480px, (min-width: 481px) 495px, 100vw\" \/> <img loading=\"lazy\" decoding=\"async\" class=\"alignnone wp-image-627\" src=\"https:\/\/hydraulic-cylinders.net\/wp-content\/uploads\/2023\/08\/hydraulic-cylinder-product-2-300x189.webp\" alt=\"\" width=\"413\" height=\"260\" \/><\/p>\n<h3>(2) Strojna obdelava<\/h3>\n<p>Strojna delavnica je opremljena s prilagojenim centrom za stru\u017eenje nagnjenih tirnic, obdelovalnim centrom, visokohitrostnim strojem za honanje, varilnim robotom in drugo sorodno opremo, ki lahko obdeluje cilindri\u010dne cevi z najve\u010djim notranjim premerom 400 mm in najve\u010djo dol\u017eino 6 metrov.<\/p>\n<p><img loading=\"lazy\" decoding=\"async\" class=\"alignnone wp-image-628 size-large\" src=\"https:\/\/hydraulic-cylinders.net\/wp-content\/uploads\/2023\/08\/hydraulic-cylinder-product-3-1024x391.webp\" alt=\"\" width=\"1024\" height=\"391\" srcset=\"https:\/\/hydraulic-cylinders.net\/wp-content\/uploads\/2023\/08\/hydraulic-cylinder-product-3-980x374.webp 980w, https:\/\/hydraulic-cylinders.net\/wp-content\/uploads\/2023\/08\/hydraulic-cylinder-product-3-480x183.webp 480w\" sizes=\"(min-width: 0px) and (max-width: 480px) 480px, (min-width: 481px) and (max-width: 980px) 980px, (min-width: 981px) 1024px, 100vw\" \/><\/p>\n<h3>(3) Varjenje<\/h3>\n<p><img loading=\"lazy\" decoding=\"async\" class=\"alignnone wp-image-629 size-large\" src=\"https:\/\/hydraulic-cylinders.net\/wp-content\/uploads\/2023\/08\/hydraulic-cylinder-product-4-1024x510.webp\" alt=\"\" width=\"1024\" height=\"510\" srcset=\"https:\/\/hydraulic-cylinders.net\/wp-content\/uploads\/2023\/08\/hydraulic-cylinder-product-4-980x488.webp 980w, https:\/\/hydraulic-cylinders.net\/wp-content\/uploads\/2023\/08\/hydraulic-cylinder-product-4-480x239.webp 480w\" sizes=\"(min-width: 0px) and (max-width: 480px) 480px, (min-width: 481px) and (max-width: 980px) 980px, (min-width: 981px) 1024px, 100vw\" \/><\/p>\n<h3>(4) Barvanje in premazovanje<\/h3>\n<p>Z majhnimi in srednje velikimi cilindri\u010dnimi avtomatskimi linijami za barvanje na vodni osnovi, za doseganje avtomatskega nakladanja in razkladanja robotov ter avtomatskega brizganja, je projektna zmogljivost 4000 kosov na izmeno;<br \/>\nImamo tudi polavtomatsko linijo za proizvodnjo barv za velike jeklenke, ki jo poganja veriga, s projektno zmogljivostjo 60 zabojev na izmeno.<\/p>\n<p><img loading=\"lazy\" decoding=\"async\" class=\"alignnone wp-image-630\" src=\"https:\/\/hydraulic-cylinders.net\/wp-content\/uploads\/2023\/08\/hydraulic-cylinder-product-5-300x213.webp\" alt=\"\" width=\"366\" height=\"260\" \/> <img loading=\"lazy\" decoding=\"async\" class=\"alignnone wp-image-631\" src=\"https:\/\/hydraulic-cylinders.net\/wp-content\/uploads\/2023\/08\/hydraulic-cylinder-product-6-300x225.webp\" alt=\"\" width=\"347\" height=\"260\" \/><\/p>\n<h3>(5) Testiranje<\/h3>\n<p>Imamo prvovrstne in\u0161pekcijske prostore in testne postaje, s katerimi zagotavljamo, da delovanje jeklenke izpolnjuje zahteve.<\/p>\n<p><img loading=\"lazy\" decoding=\"async\" class=\"alignnone wp-image-632\" src=\"https:\/\/hydraulic-cylinders.net\/wp-content\/uploads\/2023\/08\/hydraulic-cylinder-product-8-300x200.webp\" alt=\"\" width=\"389\" height=\"260\" \/><\/p>\n<p>&nbsp;<\/p>\n<p>&nbsp;<\/p>\n<p>Smo eden najbolj\u0161ih proizvajalcev hidravli\u010dnih cilindrov. Ponujamo vam celovite hidravli\u010dne cilindre. Zagotavljamo tudi ustrezne <a href=\"https:\/\/hzpt.com\/agricultural-pto-gearbox\/\" target=\"_blank\" rel=\"noopener\">kmetijski menjalniki<\/a>Na\u0161e izdelke smo izvozili strankam po vsem svetu in si prislu\u017eili dober ugled zaradi vrhunske kakovosti izdelkov in poprodajnih storitev. Z veseljem vas vabimo, da nas kontaktirate za poslovne dogovore, izmenjavo informacij in ... <a href=\"https:\/\/www.hydraulic-cylinders.net\/sl\/contact-us\/\">sodelujte z nami<\/a>!<\/p>\n<p>&nbsp;<\/p>","protected":false},"excerpt":{"rendered":"<p>Double Shield TBM Auxiliary Thrust Cylinder The double shield TBM auxiliary thrust cylinder is a cutting-edge hydraulic component that is vital in optimizing tunnel boring machines&#8217; performance. This specialized cylinder is designed to provide auxiliary thrust force, supporting the main thrust cylinder and enhancing the efficiency of the tunneling process. This comprehensive article will delve [&hellip;]<\/p>","protected":false},"featured_media":1915,"comment_status":"open","ping_status":"closed","template":"","meta":{"_et_pb_use_builder":"","_et_pb_old_content":"","_et_gb_content_width":""},"product_brand":[],"product_cat":[1519,1549],"product_tag":[1380],"class_list":{"0":"post-1913","1":"product","2":"type-product","3":"status-publish","4":"has-post-thumbnail","6":"product_cat-shield-machine-hydraulic-cylinders","7":"product_cat-single-acting-hydraulic-cylinder","8":"product_tag-hydraulic-cylinder","10":"first","11":"instock","12":"shipping-taxable","13":"product-type-simple"},"amp_enabled":true,"_links":{"self":[{"href":"https:\/\/www.hydraulic-cylinders.net\/sl\/wp-json\/wp\/v2\/product\/1913","targetHints":{"allow":["GET"]}}],"collection":[{"href":"https:\/\/www.hydraulic-cylinders.net\/sl\/wp-json\/wp\/v2\/product"}],"about":[{"href":"https:\/\/www.hydraulic-cylinders.net\/sl\/wp-json\/wp\/v2\/types\/product"}],"replies":[{"embeddable":true,"href":"https:\/\/www.hydraulic-cylinders.net\/sl\/wp-json\/wp\/v2\/comments?post=1913"}],"wp:featuredmedia":[{"embeddable":true,"href":"https:\/\/www.hydraulic-cylinders.net\/sl\/wp-json\/wp\/v2\/media\/1915"}],"wp:attachment":[{"href":"https:\/\/www.hydraulic-cylinders.net\/sl\/wp-json\/wp\/v2\/media?parent=1913"}],"wp:term":[{"taxonomy":"product_brand","embeddable":true,"href":"https:\/\/www.hydraulic-cylinders.net\/sl\/wp-json\/wp\/v2\/product_brand?post=1913"},{"taxonomy":"product_cat","embeddable":true,"href":"https:\/\/www.hydraulic-cylinders.net\/sl\/wp-json\/wp\/v2\/product_cat?post=1913"},{"taxonomy":"product_tag","embeddable":true,"href":"https:\/\/www.hydraulic-cylinders.net\/sl\/wp-json\/wp\/v2\/product_tag?post=1913"}],"curies":[{"name":"delovni list","href":"https:\/\/api.w.org\/{rel}","templated":true}]}}