{"id":19133,"date":"2025-04-07T06:14:26","date_gmt":"2025-04-07T06:14:26","guid":{"rendered":"https:\/\/www.hydraulic-cylinders.net\/product\/boom-cylinder-for-volvo-wheel-excavator-ew60c\/"},"modified":"2025-04-07T06:14:29","modified_gmt":"2025-04-07T06:14:29","slug":"boom-cylinder-for-volvo-wheel-excavator-ew60c","status":"publish","type":"product","link":"https:\/\/www.hydraulic-cylinders.net\/sl\/izdelek\/boom-cylinder-for-volvo-wheel-excavator-ew60c\/","title":{"rendered":"Cilinder roke za kolesni bager Volvo EW60C"},"content":{"rendered":"<h1>Cilinder roke za kolesni bager Volvo EW60C<\/h1>\n<h2>Uvod v cilinder roke<\/h2>\n<p>The boom cylinder is a crucial hydraulic component used in various heavy machinery, particularly in excavators, backhoe loaders, and front loaders. This hydraulic cylinder facilitates the movement of the bucket, enabling it to lift, lower, and tilt efficiently, which is essential for material handling tasks. The boom cylinder operates within the hydraulic system, leveraging the power of pressurized hydraulic fluid to control the bucket&#8217;s actions. This allows operators to perform complex tasks effectively, enhancing productivity on the job site.<\/p>\n<p><img decoding=\"async\" src=\"https:\/\/www.hydraulic-cylinders.net\/wp-content\/uploads\/2025\/04\/songte-company-1.webp\" alt=\"Cilinder roke za bager\" \/><\/p>\n<h2>Zna\u010dilnosti cilindra roke<\/h2>\n<ul>\n<li><strong>Visoka trdnost in vzdr\u017eljivost:<\/strong> Ti cilindri, obi\u010dajno izdelani iz visoko trdnega jekla ali aluminija, lahko prenesejo visoke tlake in velike obremenitve, zaradi \u010desar so primerni za zahtevna delovna okolja. Njihova zasnova vklju\u010duje odpornost proti obrabi in koroziji, kar podalj\u0161uje njihovo \u017eivljenjsko dobo.<\/li>\n<li><strong>U\u010dinkovito hidravli\u010dno delovanje:<\/strong> Cilinder roke izkori\u0161\u010da tlak hidravli\u010dnega olja za gladko iztegovanje in vstavljanje. Hitro se odziva na ukaze upravljavca in zagotavlja mo\u010dne potisne in vle\u010dne sile, ki so idealne za ravnanje s te\u017ekimi materiali in kompleksnimi nalogami.<\/li>\n<li><strong>Razli\u010dne vrste:<\/strong> Glede na operativne potrebe lahko izbirate med enosmerno delujo\u010dimi (hidravli\u010dno delovanje v eno smer) ali dvosmerno delujo\u010dimi (hidravli\u010dno delovanje v obe smeri) cilindri. Nekateri modeli so teleskopski, kar omogo\u010da ve\u010dji razteg brez pove\u010danja zunanjih dimenzij, zaradi \u010desar so idealni za uporabo z omejenim prostorom.<\/li>\n<\/ul>\n<p>Ta izdelek proizvajamo mi, na\u0161i hidravli\u010dni cilindri pa odli\u010dno nadome\u0161\u010dajo obstoje\u010de modele.<\/p>\n<p><img decoding=\"async\" src=\"https:\/\/www.hydraulic-cylinders.net\/wp-content\/uploads\/2025\/04\/songte-cylinder-head-with-all-kinds-excavator-models.webp\" alt=\"Modeli bagrov\" \/><\/p>\n<h2>Uporaba cilindra roke<\/h2>\n<h3>Gradbena oprema<\/h3>\n<p>Pri bagrih so cilindri roke bistveni za kopanje, nakladanje in premikanje zemlje ali ru\u0161evin. Njihove hidravli\u010dne zmogljivosti pomagajo pri opravljanju razli\u010dnih funkcij, kot sta zajemanje in dvigovanje materialov. Pri bagrih nakladalnikih ti cilindri pomagajo ne le pri izkopavanju, temve\u010d tudi pri dvigovanju, zaradi \u010desar so vsestransko orodje v gradbeni\u0161tvu.<\/p>\n<h3>Kmetijska mehanizacija<\/h3>\n<p>Pri \u010delnih nakladalnikih se cilindri roke uporabljajo za zajemanje, dvigovanje in prevoz zemlje, sena in drugih materialov. Omogo\u010dajo u\u010dinkovito premikanje in ravnanje s kmetijskimi viri, kar pove\u010duje produktivnost pri kmetijskih delih.<\/p>\n<h3>Bagri<\/h3>\n<p>Pri bagrih cilinder roke omogo\u010da, da \u017elica prodre v zemljo, kar olaj\u0161a kopanje. Hidravli\u010dno krmiljenje omogo\u010da natan\u010dnost pri izkopavanju, kar je klju\u010dnega pomena pri gradbenih in krajinskih projektih.<\/p>\n<h3>Nakladalci<\/h3>\n<p>Pri \u010delnih nakladalnikih cilindri roke u\u010dinkovito pomagajo pri dvigovanju in razkladanju bremen. Njihova hidravli\u010dna mehanika zagotavlja, da lahko upravljavci z lahkoto opravljajo dvigovanje te\u017ekih bremen, kar optimizira u\u010dinkovitost pri nalogah ravnanja z materiali.<\/p>\n<h2>Oblikovalski vidiki in izbirna merila<\/h2>\n<h3>Nosilnost<\/h3>\n<p>Eden glavnih dejavnikov pri na\u010drtovanju cilindrov roke je nosilnost. Klju\u010dnega pomena je, da lahko valj prenese najve\u010djo obremenitev, ki jo pri\u010dakujemo med delovanjem, da se prepre\u010di okvara. To vklju\u010duje oceno te\u017ee materialov, ki se premikajo, in zagotovitev, da trdnost cilindra presega te zahteve. Proizvajalci pogosto navedejo specifikacije, ki opisujejo omejitve obremenitve, ki jih je treba med postopkom izbire skrbno upo\u0161tevati. Pravilno dimenzionirani cilindri prispevajo k varnosti in u\u010dinkovitosti ter zmanj\u0161ujejo tveganje za nesre\u010de in po\u0161kodbe strojev.<\/p>\n<h3>Tesnjenje<\/h3>\n<p>U\u010dinkovito tesnjenje je klju\u010dnega pomena za hidravli\u010dne cilindre, da prepre\u010dijo pu\u0161\u010danje in ohranijo tlak. Tesnila morajo biti zasnovana tako, da prenesejo visok tlak in razli\u010dne okoljske pogoje. Uporaba visokokakovostnih materialov, kot sta poliuretan in nitrilna guma, zagotavlja vzdr\u017eljivost. Tesnila je treba redno pregledovati in menjati, da se ohrani optimalno delovanje, saj lahko obrabljena tesnila zmanj\u0161ajo u\u010dinkovitost in pove\u010dajo stro\u0161ke vzdr\u017eevanja.<\/p>\n<h3>Vzdr\u017eljivost<\/h3>\n<p>Vzdr\u017eljivost je bistvenega pomena za cilindre roke, zlasti tiste, ki se uporabljajo v zahtevnih okoljih. Izbira materialov, kot je visokotrdno jeklo, igra pomembno vlogo pri dolgi \u017eivljenjski dobi cilindrov. Poleg tega povr\u0161inske obdelave, ki izbolj\u0161ajo odpornost proti koroziji in obrabi, pomagajo podalj\u0161ati \u017eivljenjsko dobo izdelka. Razumevanje delovnih pogojev in izbira cilindrov, zasnovanih za ta okolja, lahko prepre\u010dita prezgodnje okvare in draga popravila.<\/p>\n<h3>Varnost<\/h3>\n<p>Pri na\u010drtovanju hidravli\u010dnih cilindrov ne smemo spregledati varnosti. Funkcije, kot so varnostni ventili in dobro zasnovani sistemi pritrditve, so klju\u010dnega pomena za prepre\u010devanje nesre\u010d. Upravljavci morajo biti usposobljeni za razumevanje omejitev opreme in pomena rednih varnostnih pregledov, da se zagotovi pravilno delovanje vseh komponent. Varnostni ukrepi ne le \u0161\u010ditijo upravljavce, temve\u010d tudi podalj\u0161ujejo \u017eivljenjsko dobo strojev.<\/p>\n<h3>Vzdr\u017eevanje<\/h3>\n<p>Vzdr\u017eevanje je klju\u010dni dejavnik za vsak hidravli\u010dni sistem. Izbira cilindra roke, ki omogo\u010da enostaven dostop do kriti\u010dnih komponent za servisiranje, je klju\u010dnega pomena. Redni pregledi vzdr\u017eevanja, vklju\u010dno z nivoji teko\u010din, stanjem tesnil in poravnavo cilindrov, zagotavljajo, da oprema ostane v optimalnem delovnem stanju. Zagotavljanje jasnih navodil za vzdr\u017eevanje lahko mo\u010dno pove\u010da u\u010dinkovitost in varnost delovanja.<\/p>\n<p><img decoding=\"async\" src=\"https:\/\/www.hydraulic-cylinders.net\/wp-content\/uploads\/2025\/04\/songte-oil-pipes-and-spare-parts.webp\" alt=\"Hidravli\u010dne komponente\" \/><\/p>\n<h2>Tesnjenje in mazanje<\/h2>\n<p>Pravilno tesnjenje in mazanje cilindrov roke sta klju\u010dnega pomena za njihovo delovanje in dolgo \u017eivljenjsko dobo. Razli\u010dne tesnilne komponente, kot so tesnila bata in ojnice, so klju\u010dne za vzdr\u017eevanje tlaka v hidravli\u010dnem sistemu. Tesnila so obi\u010dajno izdelana iz trpe\u017enih materialov, kot sta poliuretan in nitrilna guma, ki zagotavljata odli\u010dno odpornost proti obrabi. Ohi\u0161je cilindra in navojne kon\u010dne povr\u0161ine morajo biti fino obdelane, da se pove\u010da odpornost proti obrabi in s tem podalj\u0161a \u017eivljenjska doba tesnil.<\/p>\n<p>Poleg tega je redno dodajanje ustrezne koli\u010dine hidravli\u010dnega olja za mazanje bistvenega pomena. Pravilno mazanje zmanj\u0161a trenje in obrabo med gibljivimi deli, kar zagotavlja nemoteno delovanje. Zanemarjanje mazanja lahko povzro\u010di pove\u010dano obrabo, kar povzro\u010di prezgodnjo odpoved hidravli\u010dnega sistema. Redni vzdr\u017eevalni na\u010drt mora vklju\u010devati preverjanje mazanja in celovitosti tesnil, da se ohrani optimalno delovanje.<\/p>\n<h2>Redni pregledi in preventivno vzdr\u017eevanje<\/h2>\n<ul>\n<li><strong>Pogosti pregledi:<\/strong> Redni pregledi cilindrov roke so klju\u010dnega pomena za odkrivanje morebitnih te\u017eav, preden se te stopnjujejo. Upravljavci morajo iskati znake pu\u0161\u010danja, obrabe ali po\u0161kodb in te te\u017eave nemudoma odpraviti, da prepre\u010dijo obratovalne okvare.<\/li>\n<li><strong>Pravilno mazanje:<\/strong> Redno mazanje valja v skladu z navodili proizvajalca je bistvenega pomena za ohranjanje optimalne zmogljivosti. Uporaba pravilne vrste hidravli\u010dnega olja in zagotavljanje ustreznega mazanja vseh gibljivih delov lahko znatno podalj\u0161ata \u017eivljenjsko dobo valja.<\/li>\n<li><strong>Zamenjava tesnila:<\/strong> Tesnila so obrabne komponente, ki jih je treba redno menjati, da se ohrani celovitost sistema. Prepoznavanje in zamenjava obrabljenih ali po\u0161kodovanih tesnil lahko prepre\u010di pu\u0161\u010danje in vzdr\u017euje tlak v hidravli\u010dnem sistemu, kar zagotavlja u\u010dinkovito delovanje.<\/li>\n<\/ul>\n<h2>Navodila za namestitev<\/h2>\n<p>Pravilna namestitev cilindrov roke je klju\u010dnega pomena za njihovo delovanje in dolgo \u017eivljenjsko dobo. Pred namestitvijo cilindra se prepri\u010dajte, da so vse povr\u0161ine za namestitev \u010diste in brez umazanije. Za pritrditev cilindra uporabite ustrezne nosilce, ki omogo\u010dajo pravilno poravnavo z drugimi komponentami. Da prepre\u010dite mehanske okvare, je nujno upo\u0161tevati proizvajal\u010deve specifikacije glede nastavitev navora in vrst priklju\u010dkov.<\/p>\n<p>Med namestitvijo bodite pozorni na orientacijo cilindra, da zagotovite pravilno delovanje. Pravilna poravnava bo zmanj\u0161ala obremenitev cilindra in pripadajo\u010dih komponent, kar bo pove\u010dalo vzdr\u017eljivost. Po namestitvi temeljito preverite, ali so vse povezave varne in ali hidravli\u010dni sistem deluje pravilno, preden stroj za\u017eenete.<\/p>\n<h2>Pogosta vzdr\u017eevalna opravila<\/h2>\n<h3>Redni pregledi<\/h3>\n<p>Redni pregledi cilindra roke so klju\u010dnega pomena za zgodnje odkrivanje morebitne obrabe ali po\u0161kodb. Upravljavci morajo preveriti znake pu\u0161\u010danja hidravli\u010dne teko\u010dine, nenavadne zvoke med delovanjem in morebitne vidne znake korozije ali fizi\u010dne po\u0161kodbe. Vodenje dnevnika pregledov lahko pomaga spremljati stanje cilindra in olaj\u0161a pravo\u010dasna popravila.<\/p>\n<h3>Ustrezno mazanje<\/h3>\n<p>Vzdr\u017eevanje ustreznega mazanja je bistvenega pomena za u\u010dinkovito delovanje hidravli\u010dnih sistemov. Upravljavci morajo zagotoviti, da je valj roke redno mazan z ustreznim hidravli\u010dnim oljem. To zmanj\u0161a trenje med gibljivimi deli in pomaga prepre\u010diti pregrevanje. Upo\u0161tevanje proizvajal\u010devih smernic glede intervalov mazanja lahko izbolj\u0161a delovanje in \u017eivljenjsko dobo valjev.<\/p>\n<h3>Zamenjava tesnil in preverjanje kalibracije<\/h3>\n<p>Regularly replacing seals is critical to prevent leaks and maintain the cylinder&#8217;s pressure. Operators should observe the condition of seals during inspections and replace them as needed. Additionally, performing calibration checks ensures that the hydraulic system operates within the correct parameters, enhancing safety and efficiency during operations.<\/p>\n<p><img decoding=\"async\" src=\"https:\/\/www.hydraulic-cylinders.net\/wp-content\/uploads\/2025\/04\/songte-chushion-collar.webp\" alt=\"Blazinasti ovratnik\" \/><\/p>\n<h2>Varnostni vidiki in okoljski dejavniki<\/h2>\n<p>Izvajanje varnostnih ukrepov pri delu s hidravli\u010dnimi cilindri je klju\u010dnega pomena za za\u0161\u010dito upravljavcev in opreme. Upravljavci morajo med delovanjem in vzdr\u017eevanjem nositi ustrezno osebno za\u0161\u010ditno opremo (OZO) in upo\u0161tevati varnostne protokole. Poleg tega lahko zagotovitev, da je uporabljena hidravli\u010dna teko\u010dina okolju prijazna, zmanj\u0161a ekolo\u0161ki vpliv morebitnih pu\u0161\u010danj ali razlitij.<\/p>\n<h2>Diagnoza napak in pogoste te\u017eave<\/h2>\n<ul>\n<li><strong>Pu\u0161\u010danje:<\/strong> Ena najpogostej\u0161ih te\u017eav z cilindri roke je pu\u0161\u010danje. To lahko povzro\u010dijo obrabljena tesnila, po\u0161kodovane stene cilindrov ali nepravilna namestitev. Redni pregledi morajo vklju\u010devati preverjanje znakov izgube teko\u010dine in pravo\u010dasno odpravljanje morebitnih pu\u0161\u010danj.<\/li>\n<li><strong>Izguba tlaka:<\/strong> \u010ce valj ne vzdr\u017euje tlaka, lahko to ka\u017ee na te\u017eave s tesnili ali hidravli\u010dnim sistemom. Upravljavci morajo oceniti celoten hidravli\u010dni tokokrog glede blokad ali pu\u0161\u010danj, ki bi lahko vplivale na delovanje.<\/li>\n<li><strong>Nenavadni zvoki:<\/strong> Hidravli\u010dni cilindri morajo delovati tiho. Vsako \u0161kripanje ali ropotanje lahko ka\u017ee na mehansko okvaro ali nepravilno poravnavo. Za prepre\u010ditev nadaljnje \u0161kode je potrebna takoj\u0161nja preiskava.<\/li>\n<\/ul>\n<p>Nasveti za odpravljanje napak vklju\u010dujejo vodenje podrobnega dnevnika delovanja jeklenk in izvajanje rednih vzdr\u017eevalnih pregledov. Obravnavanje te\u017eav sproti lahko prepre\u010di, da bi manj\u0161e te\u017eave prerasle v ve\u010dje okvare. Upravljavci bi morali biti usposobljeni tudi za prepoznavanje opozorilnih znakov in razumevanje pomena pravo\u010dasnih popravil.<\/p>\n<p><img decoding=\"async\" src=\"https:\/\/www.hydraulic-cylinders.net\/wp-content\/uploads\/2025\/04\/songte-bushings-with-all-kinds-of-excavator-models.webp\" alt=\"Pu\u0161e za bagre\" \/><\/p>\n<h2>O na\u0161em podjetju<\/h2>\n<p>Smo vodilni proizvajalec nadomestnih hidravli\u010dnih cilindrov in ponujamo \u0161iroko paleto izdelkov, zaradi katerih smo postali pomemben akter na doma\u010dem in mednarodnem trgu. Na\u0161a zavezanost odli\u010dnosti je gonilna sila na\u0161e strategije upravljanja industrijske proizvodnje, s poudarkom na izpopolnjenih proizvodnih procesih in visokih standardih kakovosti. Za izbolj\u0161anje na\u0161ih proizvodnih zmogljivosti uporabljamo napredno tehnologijo, usposobljeno osebje in najsodobnej\u0161o proizvodno opremo.<\/p>\n<p>Na\u0161a ponudba izdelkov vklju\u010duje razli\u010dne hidravli\u010dne cilindre, prilagojene razli\u010dnim potrebam strank. Dajemo prednost natan\u010dnosti in u\u010dinkovitosti ter zagotavljamo, da na\u0161i izdelki ustrezajo mednarodnim certifikatom. Na\u0161a predana ekipa za pomo\u010d strankam ponuja prilagodljive re\u0161itve in poprodajno podporo, s \u010dimer utrjuje na\u0161o zavezanost zadovoljstvu strank.<\/p>\n<p><img decoding=\"async\" src=\"https:\/\/www.hydraulic-cylinders.net\/wp-content\/uploads\/2025\/04\/songte-company-4.webp\" alt=\"Pregled podjetja\" \/><br \/>\n<img decoding=\"async\" src=\"https:\/\/www.hydraulic-cylinders.net\/wp-content\/uploads\/2025\/04\/songte-company-3.webp\" alt=\"Proizvodni obrat\" \/><\/p>\n<p>Avtor: lyl<\/p>","protected":false},"excerpt":{"rendered":"<p>Boom Cylinder For Volvo Wheel Excavator EW60C Introduction to Boom Cylinder The boom cylinder is a crucial hydraulic component used in various heavy machinery, particularly in excavators, backhoe loaders, and front loaders. This hydraulic cylinder facilitates the movement of the bucket, enabling it to lift, lower, and tilt efficiently, which is essential for material handling [&hellip;]<\/p>","protected":false},"featured_media":17879,"comment_status":"open","ping_status":"closed","template":"","meta":{"_et_pb_use_builder":"","_et_pb_old_content":"","_et_gb_content_width":""},"product_brand":[],"product_cat":[1546],"product_tag":[1547,1496],"class_list":{"0":"post-19133","1":"product","2":"type-product","3":"status-publish","4":"has-post-thumbnail","6":"product_cat-boom-cylinders","7":"product_tag-boom-cylinders","8":"product_tag-hydraulic-cylinders","10":"first","11":"instock","12":"shipping-taxable","13":"product-type-simple"},"amp_enabled":true,"_links":{"self":[{"href":"https:\/\/www.hydraulic-cylinders.net\/sl\/wp-json\/wp\/v2\/product\/19133","targetHints":{"allow":["GET"]}}],"collection":[{"href":"https:\/\/www.hydraulic-cylinders.net\/sl\/wp-json\/wp\/v2\/product"}],"about":[{"href":"https:\/\/www.hydraulic-cylinders.net\/sl\/wp-json\/wp\/v2\/types\/product"}],"replies":[{"embeddable":true,"href":"https:\/\/www.hydraulic-cylinders.net\/sl\/wp-json\/wp\/v2\/comments?post=19133"}],"wp:featuredmedia":[{"embeddable":true,"href":"https:\/\/www.hydraulic-cylinders.net\/sl\/wp-json\/wp\/v2\/media\/17879"}],"wp:attachment":[{"href":"https:\/\/www.hydraulic-cylinders.net\/sl\/wp-json\/wp\/v2\/media?parent=19133"}],"wp:term":[{"taxonomy":"product_brand","embeddable":true,"href":"https:\/\/www.hydraulic-cylinders.net\/sl\/wp-json\/wp\/v2\/product_brand?post=19133"},{"taxonomy":"product_cat","embeddable":true,"href":"https:\/\/www.hydraulic-cylinders.net\/sl\/wp-json\/wp\/v2\/product_cat?post=19133"},{"taxonomy":"product_tag","embeddable":true,"href":"https:\/\/www.hydraulic-cylinders.net\/sl\/wp-json\/wp\/v2\/product_tag?post=19133"}],"curies":[{"name":"delovni list","href":"https:\/\/api.w.org\/{rel}","templated":true}]}}