{"id":19178,"date":"2025-04-07T06:16:41","date_gmt":"2025-04-07T06:16:41","guid":{"rendered":"https:\/\/www.hydraulic-cylinders.net\/product\/boom-cylinder-for-xcmg-small-excavator-xe15\/"},"modified":"2025-04-07T06:16:44","modified_gmt":"2025-04-07T06:16:44","slug":"boom-cylinder-for-xcmg-small-excavator-xe15","status":"publish","type":"product","link":"https:\/\/www.hydraulic-cylinders.net\/sl\/izdelek\/boom-cylinder-for-xcmg-small-excavator-xe15\/","title":{"rendered":"Cilinder roke za majhen bager XCMG XE15"},"content":{"rendered":"<h1>Cilinder roke za majhen bager XCMG XE15<\/h1>\n<h2>Uvod v cilinder roke<\/h2>\n<p>Cilinder roke je klju\u010dna komponenta hidravli\u010dnih sistemov te\u017eke mehanizacije, zlasti v majhnih bagrih, kot je XCMG XE15. Ta hidravli\u010dni cilinder je posebej zasnovan za nadzor gibanja roke, kar omogo\u010da u\u010dinkovito dvigovanje, spu\u0161\u010danje in nagibanje med razli\u010dnimi operacijami. Ta dejanja so bistvena za naloge ravnanja z materiali, zaradi \u010desar je cilinder roke klju\u010dni element delovanja bagrov, bagrov in \u010delnih nakladalnikov.<\/p>\n<p><img decoding=\"async\" src=\"https:\/\/www.hydraulic-cylinders.net\/wp-content\/uploads\/2025\/04\/songte-company-1.webp\" alt=\"Cilinder roke\" \/><\/p>\n<h3>Funkcija in uporaba cilindrov roke<\/h3>\n<p>Hidravli\u010dni cilindri roke so vrsta hidravli\u010dnega cilindra, ki deluje s hidravli\u010dnim tlakom, ki ga ustvarja stroj. Omogo\u010dajo izkopni opremi natan\u010dno opravljanje nalog, kot so kopanje, dvigovanje in premikanje materialov. Hidravli\u010dni sistem izkori\u0161\u010da silo teko\u010dine pod tlakom za doseganje gladkih in mo\u010dnih gibov, zaradi \u010desar je primeren za te\u017eka dela.<\/p>\n<h2>Zna\u010dilnosti cilindra roke<\/h2>\n<ul>\n<li><strong>Visoka trdnost in vzdr\u017eljivost:<\/strong> Izdelane iz visoko trdnega jekla ali aluminija, te jeklenke lahko prenesejo visok tlak in velike obremenitve, zaradi \u010desar so primerne za zahtevna delovna okolja.<\/li>\n<li><strong>U\u010dinkovito hidravli\u010dno delovanje:<\/strong> Zasnova omogo\u010da gladko in odzivno hidravli\u010dno delovanje, kar zagotavlja mo\u010dne potisne in vle\u010dne sile, potrebne za kompleksne operativne naloge.<\/li>\n<li><strong>Razli\u010dne vrste:<\/strong> Na voljo v enojno in dvostransko delujo\u010di razli\u010dici, kar uporabnikom omogo\u010da izbiro glede na operativne potrebe, nekateri modeli pa imajo teleskopsko zasnovo za dalj\u0161i doseg.<\/li>\n<li><strong>Prijazno vzdr\u017eevanje:<\/strong> Zasnovan za la\u017eji pregled in vzdr\u017eevanje, kar zagotavlja dolgo \u017eivljenjsko dobo in skraj\u0161a \u010das izpada strojev.<\/li>\n<li><strong>Odpornost proti koroziji:<\/strong> Izdelano iz materialov, ki so odporni proti koroziji, kar podalj\u0161a \u017eivljenjsko dobo in zanesljivost cilindra v razli\u010dnih okoljskih pogojih.<\/li>\n<\/ul>\n<h2>Na\u0161e proizvodne zmogljivosti<\/h2>\n<p>Specializirani smo za proizvodnjo visokokakovostnih cilindrov roke, ki popolnoma nadomestijo obstoje\u010de hidravli\u010dne cilindre. Na\u0161i izdelki so zasnovani natan\u010dno, da ustrezajo industrijskim standardom.<\/p>\n<p><img decoding=\"async\" src=\"https:\/\/www.hydraulic-cylinders.net\/wp-content\/uploads\/2025\/04\/songte-cylinder-head-with-all-kinds-excavator-models.webp\" alt=\"Proizvodnja hidravli\u010dnih cilindrov\" \/><\/p>\n<h2>Scenariji uporabe<\/h2>\n<h3>Gradbena oprema<\/h3>\n<p>Pri bagrih imajo cilindri roke klju\u010dno vlogo pri kopanju, nakladanju in prevozu zemlje ali ru\u0161evin. Zagotavljajo potrebno mo\u010d in nadzor za u\u010dinkovito manevriranje roke. Pri bagrih nakladalnikih cilindri roke pomagajo ne le pri izkopavanju, temve\u010d tudi pri dvigovanju te\u017ekih bremen, kar ka\u017ee na njihovo vsestranskost v gradbeni\u0161tvu.<\/p>\n<h3>Kmetijska mehanizacija<\/h3>\n<p>Pri \u010delnih nakladalnikih se cilindri roke uporabljajo za zajemanje, dvigovanje in prevoz razli\u010dnih materialov, vklju\u010dno z zemljo, senom in drugimi kmetijskimi pridelki. Zaradi svoje zmo\u017enosti zagotavljanja mo\u010dnih dvi\u017enih zmogljivosti so nepogre\u0161ljivi pri kmetijskih delih, kjer sta u\u010dinkovitost in natan\u010dnost klju\u010dnega pomena.<\/p>\n<h3>Bagri<\/h3>\n<p>Pri standardnih bagrih cilindri roke omogo\u010dajo, da \u017elica u\u010dinkovito prodre v tla. Ta funkcija je bistvena za kopanje, saj omogo\u010da globlje izkopavanje brez ve\u010djega napora. Hidravli\u010dno delovanje zagotavlja natan\u010dno krmiljenje \u017elice, kar izbolj\u0161a produktivnost na gradbi\u0161\u010dih.<\/p>\n<h3>Nakladalci<\/h3>\n<p>Pri \u010delnih nakladalnikih cilindri roke pomagajo pri u\u010dinkovitem dvigovanju in razkladanju materialov. Zagotavljajo potrebno mo\u010d za ravnanje s te\u017ekimi bremeni, kar zagotavlja enostavno in u\u010dinkovito izvajanje operacij, kot so nakladanje tovornjakov ali preme\u0161\u010danje materialov.<\/p>\n<h2>Oblikovalski vidiki<\/h2>\n<h3>Nosilnost<\/h3>\n<p>Pri na\u010drtovanju cilindrov roke je nosilnost glavni dejavnik. Cilinder mora biti sposoben prenesti najve\u010djo obremenitev, ne da bi pri tem ogrozil strukturno celovitost. To vklju\u010duje podrobne izra\u010dune in testiranja, s katerimi se zagotovi, da uporabljeni materiali prenesejo obratovalne obremenitve.<\/p>\n<h3>Tesnjenje<\/h3>\n<p>U\u010dinkovito tesnjenje je klju\u010dnega pomena za prepre\u010devanje pu\u0161\u010danja hidravli\u010dne teko\u010dine, ki lahko povzro\u010di znatne obratovalne okvare. Tesnila je treba izbrati glede na delovno okolje in vrsto teko\u010dine, pri \u010demer je treba uporabiti visokokakovostne materiale za zagotovitev dolge \u017eivljenjske dobe in zanesljivosti.<\/p>\n<h3>Vzdr\u017eljivost<\/h3>\n<p>Vzdr\u017eljivost je \u0161e en klju\u010dni dejavnik, saj cilindri roke pogosto delujejo v te\u017ekih pogojih. Zasnova mora upo\u0161tevati obrabo, pri \u010demer se uporabljajo obdelave in premazi, ki pove\u010dajo odpornost proti odrgninam in koroziji, s \u010dimer se podalj\u0161a \u017eivljenjska doba izdelka.<\/p>\n<h3>Varnostne funkcije<\/h3>\n<p>Vklju\u010ditev varnostnih funkcij je bistvenega pomena za za\u0161\u010dito tako opreme kot upravljavca. To vklju\u010duje varnostne ventile in mehanizme za razbremenitev tlaka, ki prepre\u010dujejo preobremenitev in zagotavljajo varno delovanje v vseh pogojih.<\/p>\n<h3>Vzdr\u017eevanje<\/h3>\n<p>Zasnova za vzdr\u017eevanje zagotavlja, da lahko upravljavci enostavno dostopajo do cilindra roke in ga servisirajo. To vklju\u010duje zasnovo komponente za enostavno mazanje, pregled in zamenjavo delov, s \u010dimer se zmanj\u0161ajo \u010dasi izpada in stro\u0161ki vzdr\u017eevanja.<\/p>\n<p><img decoding=\"async\" src=\"https:\/\/www.hydraulic-cylinders.net\/wp-content\/uploads\/2025\/04\/songte-oil-pipes-and-spare-parts.webp\" alt=\"Hidravli\u010dne komponente\" \/><\/p>\n<h2>Tesnjenje in mazanje<\/h2>\n<p>Pravilno tesnjenje in mazanje sta klju\u010dnega pomena za ohranjanje u\u010dinkovitosti in dolge \u017eivljenjske dobe cilindrov roke. Razli\u010dne tesnilne komponente, kot so tesnila bata in tesnila palic, so klju\u010dne za prepre\u010devanje pu\u0161\u010danja hidravli\u010dne teko\u010dine. Materiali, kot sta poliuretan in nitrilna guma, se pogosto uporabljajo zaradi svojih lastnosti odpornosti proti obrabi. Poleg tega so ohi\u0161je cilindra in navojni konci podvr\u017eeni natan\u010dnim postopkom obdelave za pove\u010danje vzdr\u017eljivosti in zmanj\u0161anje trenja. Redno mazanje s hidravli\u010dnim oljem je potrebno za nemoteno delovanje in prepre\u010devanje obrabe.<\/p>\n<h2>Preventivni vzdr\u017eevalni ukrepi<\/h2>\n<ul>\n<li><strong>Redni pregledi:<\/strong> Izvajanje rednih pregledov za zagotovitev pravilnega delovanja vseh komponent pomaga prepoznati morebitne te\u017eave, preden se stopnjujejo.<\/li>\n<li><strong>Mazanje:<\/strong> Zagotavljanje ustreznega mazanja hidravli\u010dnega sistema prepre\u010duje obrabo in pove\u010duje u\u010dinkovitost delovanja valja.<\/li>\n<li><strong>Zamenjava tesnila:<\/strong> Redna menjava tesnil lahko prepre\u010di pu\u0161\u010danje in vzdr\u017euje hidravli\u010dni tlak, kar zagotavlja dosledno delovanje.<\/li>\n<\/ul>\n<h2>Navodila za namestitev<\/h2>\n<p>Namestitev cilindra roke zahteva posebno pozornost do podrobnosti, da se zagotovi optimalno delovanje. Za\u010dnite s pravilno poravnavo cilindra z nosilci in se prepri\u010dajte, da je raven in varen. Klju\u010dnega pomena je uporaba ustreznih pritrdilnih elementov za pritrditev cilindra na mestu. Prepri\u010dajte se, da so vse hidravli\u010dne povezave netesnjene in da je sistem napolnjen s pravilno vrsto hidravli\u010dne teko\u010dine. Po namestitvi izvedite vrsto preizkusov, da preverite, ali cilinder pravilno deluje pod obremenitvijo.<\/p>\n<h2>Vzdr\u017eevalna opravila<\/h2>\n<ul>\n<li><strong>Redni pregledi:<\/strong> Na\u010drtujte pogoste preglede, da zgodaj odkrijete morebitne znake obrabe ali po\u0161kodb. Ta proaktivni pristop omogo\u010da pravo\u010dasna popravila in zmanj\u0161uje tveganje okvar.<\/li>\n<li><strong>Pravilno mazanje:<\/strong> Zagotovite mazanje v priporo\u010denih intervalih z uporabo predpisanega hidravli\u010dnega olja. Ta korak je klju\u010dnega pomena za ohranjanje delovanja valja in prepre\u010devanje prezgodnje obrabe.<\/li>\n<li><strong>Zamenjava tesnila:<\/strong> Preverite tesnila glede znakov obrabe ali pu\u0161\u010danja. Redna zamenjava tesnil je bistvenega pomena za ohranjanje hidravli\u010dne celovitosti in obratovalne u\u010dinkovitosti.<\/li>\n<\/ul>\n<h2>Varnostni vidiki in okoljski dejavniki<\/h2>\n<p>Pri delu s hidravli\u010dnimi sistemi so varnostni ukrepi najpomembnej\u0161i. Upravljavci morajo biti usposobljeni za pravilno ravnanje s hidravli\u010dno opremo, da prepre\u010dijo nesre\u010de. Poleg tega je treba pri na\u010drtovanju in uporabi cilindrov roke upo\u0161tevati okoljske dejavnike, kot je izpostavljenost ekstremnim temperaturam ali korozivnim snovem, da se prepre\u010dijo okvare.<\/p>\n<h2>Odpravljanje te\u017eav in pogoste te\u017eave<\/h2>\n<ul>\n<li><strong>Izguba hidravli\u010dnega tlaka:<\/strong> To lahko ka\u017ee na pu\u0161\u010danje v hidravli\u010dnem sistemu ali okvaro \u010drpalke. Redni pregledi in popravila lahko prepre\u010dijo to te\u017eavo.<\/li>\n<li><strong>Po\u010dasno delovanje:<\/strong> \u010ce cilinder roke deluje po\u010dasi, je to lahko posledica nezadostne koli\u010dine hidravli\u010dne teko\u010dine ali blokade v ceveh. Preverjanje nivoja teko\u010din in cevi lahko pomaga odpraviti to te\u017eavo.<\/li>\n<li><strong>Nenavadni zvoki:<\/strong> Hrup lahko ka\u017ee na notranjo obrabo ali potrebo po mazanju. Za prepre\u010ditev nadaljnjih po\u0161kodb je priporo\u010dljiv takoj\u0161en pregled in vzdr\u017eevanje.<\/li>\n<\/ul>\n<h2>Nasveti za odpravljanje napak<\/h2>\n<p>Za u\u010dinkovito diagnosticiranje in odpravljanje te\u017eav morajo upravljavci voditi podrobne dnevnike delovanja opreme. Prepoznavanje vzorcev te\u017eav lahko pomaga pri odpravljanju te\u017eav. Redno usposabljanje o operativnih postopkih in vzdr\u017eevanju lahko dodatno zmanj\u0161a te\u017eave. Izvajanje na\u010drta preventivnega vzdr\u017eevanja je klju\u010dnega pomena za zmanj\u0161anje morebitnih okvar in podalj\u0161anje \u017eivljenjske dobe cilindra roke.<\/p>\n<p><img decoding=\"async\" src=\"https:\/\/www.hydraulic-cylinders.net\/wp-content\/uploads\/2025\/04\/songte-bushings-with-all-kinds-of-excavator-models.webp\" alt=\"Hidravli\u010dne komponente\" \/><\/p>\n<h2>Pregled podjetja<\/h2>\n<p>Smo vodilni proizvajalec hidravli\u010dnih cilindrov, specializiran za visokokakovostne nadomestne dele. Na\u0161a celovita ponudba izdelkov nas je postavila med klju\u010dne akterje tako na doma\u010dem kot na mednarodnem trgu. Osredoto\u010damo se na odli\u010dnost z izpopolnjenimi proizvodnimi procesi in naprednimi strategijami upravljanja proizvodnje. Na\u0161o zavezanost kakovosti krepimo z uporabo visoko usposobljenega osebja, najsodobnej\u0161e proizvodne opreme in strogih sistemov testiranja. Prizadevamo si zadovoljiti raznolike potrebe strank z visoko u\u010dinkovitostjo, natan\u010dnostjo in kakovostjo.<\/p>\n<p><img decoding=\"async\" src=\"https:\/\/www.hydraulic-cylinders.net\/wp-content\/uploads\/2025\/04\/songte-company-4.webp\" alt=\"Proizvodni obrat\" \/><br \/>\n<img decoding=\"async\" src=\"https:\/\/www.hydraulic-cylinders.net\/wp-content\/uploads\/2025\/04\/songte-company-3.webp\" alt=\"Proizvodna oprema\" \/><\/p>\n<p>Na\u0161a ponudba vklju\u010duje specializirane storitve, mednarodne certifikate in robustno poprodajno podporo. Dajemo prednost zadovoljstvu strank in smo predani zagotavljanju prilagojenih re\u0161itev, ki ustrezajo specifi\u010dnim zahtevam.<\/p>\n<p>Avtor: lyl<\/p>","protected":false},"excerpt":{"rendered":"<p>Boom Cylinder For XCMG Small Excavator XE15 Introduction to Boom Cylinder The Boom Cylinder is a vital component in the hydraulic systems of heavy machinery, particularly in small excavators like the XCMG XE15. This hydraulic cylinder is specifically designed to control the motion of the boom, enabling it to lift, lower, and tilt effectively during [&hellip;]<\/p>","protected":false},"featured_media":17879,"comment_status":"open","ping_status":"closed","template":"","meta":{"_et_pb_use_builder":"","_et_pb_old_content":"","_et_gb_content_width":""},"product_brand":[],"product_cat":[1546],"product_tag":[1547,1496],"class_list":{"0":"post-19178","1":"product","2":"type-product","3":"status-publish","4":"has-post-thumbnail","6":"product_cat-boom-cylinders","7":"product_tag-boom-cylinders","8":"product_tag-hydraulic-cylinders","10":"first","11":"instock","12":"shipping-taxable","13":"product-type-simple"},"amp_enabled":true,"_links":{"self":[{"href":"https:\/\/www.hydraulic-cylinders.net\/sl\/wp-json\/wp\/v2\/product\/19178","targetHints":{"allow":["GET"]}}],"collection":[{"href":"https:\/\/www.hydraulic-cylinders.net\/sl\/wp-json\/wp\/v2\/product"}],"about":[{"href":"https:\/\/www.hydraulic-cylinders.net\/sl\/wp-json\/wp\/v2\/types\/product"}],"replies":[{"embeddable":true,"href":"https:\/\/www.hydraulic-cylinders.net\/sl\/wp-json\/wp\/v2\/comments?post=19178"}],"wp:featuredmedia":[{"embeddable":true,"href":"https:\/\/www.hydraulic-cylinders.net\/sl\/wp-json\/wp\/v2\/media\/17879"}],"wp:attachment":[{"href":"https:\/\/www.hydraulic-cylinders.net\/sl\/wp-json\/wp\/v2\/media?parent=19178"}],"wp:term":[{"taxonomy":"product_brand","embeddable":true,"href":"https:\/\/www.hydraulic-cylinders.net\/sl\/wp-json\/wp\/v2\/product_brand?post=19178"},{"taxonomy":"product_cat","embeddable":true,"href":"https:\/\/www.hydraulic-cylinders.net\/sl\/wp-json\/wp\/v2\/product_cat?post=19178"},{"taxonomy":"product_tag","embeddable":true,"href":"https:\/\/www.hydraulic-cylinders.net\/sl\/wp-json\/wp\/v2\/product_tag?post=19178"}],"curies":[{"name":"delovni list","href":"https:\/\/api.w.org\/{rel}","templated":true}]}}