{"id":19180,"date":"2025-04-07T06:16:46","date_gmt":"2025-04-07T06:16:46","guid":{"rendered":"https:\/\/www.hydraulic-cylinders.net\/product\/boom-cylinder-for-xcmg-small-excavator-xe75\/"},"modified":"2025-04-07T06:16:48","modified_gmt":"2025-04-07T06:16:48","slug":"boom-cylinder-for-xcmg-small-excavator-xe75","status":"publish","type":"product","link":"https:\/\/www.hydraulic-cylinders.net\/sl\/izdelek\/boom-cylinder-for-xcmg-small-excavator-xe75\/","title":{"rendered":"Cilinder roke za majhen bager XCMG XE75"},"content":{"rendered":"<h1>Cilinder roke za majhen bager XCMG XE75<\/h1>\n<h2>Razumevanje cilindra roke<\/h2>\n<p>Cilinder roke je klju\u010dni sestavni del razli\u010dnih te\u017ekih strojev, zlasti bagrov, bagrov nakladalnikov in \u010delnih nakladalnikov. Gre za vrsto hidravli\u010dnega cilindra, zasnovanega posebej za nadzor gibanja \u017elice, kar omogo\u010da u\u010dinkovito dvigovanje, spu\u0161\u010danje in nagibanje. Ta funkcionalnost je bistvena za naloge ravnanja z materiali, saj omogo\u010da upravljavcem natan\u010dno izvajanje kopanja, nakladanja in premikanja.<\/p>\n<p><img decoding=\"async\" src=\"https:\/\/www.hydraulic-cylinders.net\/wp-content\/uploads\/2025\/04\/songte-company-1.webp\" alt=\"Hidravli\u010dni cilinder\"><\/p>\n<h3>Vloga in uporaba v hidravli\u010dnih sistemih<\/h3>\n<p>V hidravli\u010dnih sistemih ima valj roke klju\u010dno vlogo pri pretvorbi hidravli\u010dne energije v mehansko energijo. Ko se hidravli\u010dna teko\u010dina \u010drpa v valj, ustvari tlak, ki valj raztegne ali umakne, kar povzro\u010di \u017eeleno gibanje \u017elice. Ta mehanizem ni le u\u010dinkovit, temve\u010d omogo\u010da tudi gladko in nadzorovano delovanje, zaradi \u010desar je nepogre\u0161ljiv del sodobnih bagrov.<\/p>\n<h2>Zna\u010dilnosti cilindra roke<\/h2>\n<ul>\n<li><strong>Visoka trdnost in vzdr\u017eljivost:<\/strong> Obi\u010dajno so izdelani iz visoko trdnega jekla ali aluminija, lahko prenesejo visok tlak in velike obremenitve, zasnovani so za prena\u0161anje zahtevnih delovnih okolij z lastnostmi odpornosti proti obrabi in koroziji, kar podalj\u0161a njihovo \u017eivljenjsko dobo.<\/li>\n<li><strong>U\u010dinkovito hidravli\u010dno delovanje:<\/strong> Cilinder roke uporablja hidravli\u010dni tlak olja za gladko iztegovanje in vstavljanje, kar omogo\u010da hiter odziv na ukaze upravljavca in zagotavlja mo\u010dno potisno in vle\u010dno silo, primerno za ravnanje s te\u017ekimi materiali in kompleksnimi nalogami.<\/li>\n<li><strong>Razli\u010dne vrste:<\/strong> Ti cilindri so na voljo v enosmerni (hidravli\u010dno delovanje v eno smer) ali dvosmerni (hidravli\u010dno delovanje v obe smeri) konfiguraciji, da izpolnjujejo razli\u010dne operativne zahteve, pri \u010demer so nekateri modeli zasnovani kot teleskopski, kar omogo\u010da ve\u010dji razteg brez pove\u010danja zunanjih dimenzij, kar je idealno za aplikacije z omejenim prostorom.<\/li>\n<li><strong>Zdru\u017eljivost:<\/strong> Na\u0161i izdelki lahko popolnoma nadomestijo obstoje\u010de hidravli\u010dne cilindre in zagotavljajo brezhibno integracijo z razli\u010dnimi modeli bagrov.<\/li>\n<\/ul>\n<p><img decoding=\"async\" src=\"https:\/\/www.hydraulic-cylinders.net\/wp-content\/uploads\/2025\/04\/songte-cylinder-head-with-all-kinds-excavator-models.webp\" alt=\"Modeli bagrov\"><\/p>\n<h2>Uporaba cilindrov roke<\/h2>\n<ul>\n<li><strong>Gradbena oprema:<\/strong> Pri bagrih so cilindri roke bistveni za kopanje, nakladanje in premikanje zemlje ali ru\u0161evin. Njihov natan\u010den nadzor omogo\u010da u\u010dinkovito izkopavanje in ravnanje z materiali, kar je klju\u010dnega pomena za vsako gradbi\u0161\u010de.<\/li>\n<li><strong>Kmetijska mehanizacija:<\/strong> Cilindri roke, ki se uporabljajo v \u010delnih nakladalnikih, olaj\u0161ajo zajemanje, dvigovanje in prevoz zemlje, sena in drugih materialov, zaradi \u010desar so neprecenljivi v kmetijskih dejavnostih.<\/li>\n<li><strong>Bagri:<\/strong> Ti cilindri omogo\u010dajo, da \u017elica u\u010dinkovito prodre v zemljo, kar izbolj\u0161a postopek izkopavanja in pove\u010da produktivnost na gradbi\u0161\u010dih.<\/li>\n<li><strong>Nakladalci:<\/strong> Pri \u010delnih nakladalnikih cilindri roke u\u010dinkovito pomagajo pri dvigovanju in odlaganju materialov, kar dokazuje njihovo vsestranskost pri razli\u010dnih tipih strojev.<\/li>\n<\/ul>\n<h2>Oblikovalski vidiki in izbirna merila<\/h2>\n<ul>\n<li><strong>Nosilnost:<\/strong> Zasnova mora upo\u0161tevati najve\u010djo nosilnost, da se prepre\u010dijo okvare med delovanjem. Pravilna in\u017eeniring zagotavlja, da lahko valj prenese te\u017eo premikanih materialov, ne da bi pri tem ogrozil varnost ali delovanje.<\/li>\n<li><strong>Celovitost tesnjenja:<\/strong> U\u010dinkovito tesnjenje je klju\u010dnega pomena za prepre\u010devanje pu\u0161\u010danja hidravli\u010dne teko\u010dine, kar lahko povzro\u010di te\u017eave z delovanjem in okoljske te\u017eave. Uporaba visokokakovostnih tesnil, ki prenesejo tlak in obrabo, je bistvenega pomena za ohranjanje funkcionalnosti cilindra.<\/li>\n<li><strong>Vzdr\u017eljivost:<\/strong> Materiali, ki se uporabljajo v gradbeni\u0161tvu, morajo biti odporni proti obrabi in koroziji, zlasti v zahtevnih okoljih. To velja tudi za povr\u0161inske obdelave, ki podalj\u0161ajo \u017eivljenjsko dobo in zmanj\u0161ajo potrebe po vzdr\u017eevanju.<\/li>\n<li><strong>Varnostne funkcije:<\/strong> Varnostni mehanizmi, kot so varnostni ventili, so klju\u010dni za za\u0161\u010dito sistema pred prekomernim tlakom in zagotavljajo varno delovanje tudi pri velikih obremenitvah.<\/li>\n<li><strong>Dostopnost vzdr\u017eevanja:<\/strong> Zasnova naj bi omogo\u010dala enostavno vzdr\u017eevanje in popravila, kar bi upravljavcem omogo\u010dilo izvajanje rutinskih pregledov in servisiranja brez dalj\u0161ih izpadov.<\/li>\n<\/ul>\n<p><img decoding=\"async\" src=\"https:\/\/www.hydraulic-cylinders.net\/wp-content\/uploads\/2025\/04\/songte-oil-pipes-and-spare-parts.webp\" alt=\"Oljne cevi in \u200b\u200brezervni deli\"><\/p>\n<h2>Tesnjenje in mazanje<\/h2>\n<p>Pravilno tesnjenje in mazanje sta klju\u010dnega pomena za delovanje in dolgo \u017eivljenjsko dobo cilindrov roke. Za zagotovitev, da hidravli\u010dna teko\u010dina ostane v cilindru, se uporabljajo razli\u010dna tesnila, kot so tesnila bata in tesnila palic. Tesnila so pogosto izdelana iz trpe\u017enih materialov, kot sta poliuretan in nitrilna guma, ki so odporni na obrabo in okoljske po\u0161kodbe.<\/p>\n<p>Poleg tega sta ohi\u0161je valja in navojne kon\u010dne povr\u0161ine natan\u010dno obdelani za izbolj\u0161anje odpornosti proti obrabi. Redno mazanje s hidravli\u010dnim oljem je potrebno za nemoteno delovanje in prepre\u010devanje obrabe in po\u0161kodb zaradi trenja. Na\u010drtovano vzdr\u017eevanje mora vklju\u010devati preverjanje nivoja olja in celovitosti tesnil.<\/p>\n<h2>Redni pregledi in preventivni vzdr\u017eevalni ukrepi<\/h2>\n<ul>\n<li><strong>Rutinski pregledi:<\/strong> Redno pregledujte cilindre roke, da odkrijete znake obrabe, pu\u0161\u010danja ali po\u0161kodb. Zgodnje odkrivanje te\u017eav lahko prepre\u010di draga popravila in izpade.<\/li>\n<li><strong>Mazanje:<\/strong> Zadostno mazanje je bistvenega pomena za nemoteno delovanje in prepre\u010devanje obrabe. Upravljavci morajo zagotoviti, da je hidravli\u010dno olje na priporo\u010deni ravni, in ga po potrebi dolivati \u200b\u200bglede na uporabo.<\/li>\n<li><strong>Zamenjava tesnila:<\/strong> S\u010dasoma se tesnila lahko obrabijo in povzro\u010dijo pu\u0161\u010danje. Z izvajanjem urnika pregledov in zamenjav tesnil boste ohranili celovitost in delovanje jeklenke.<\/li>\n<\/ul>\n<h2>Navodila za namestitev<\/h2>\n<p>Pravilna namestitev cilindra roke je klju\u010dnega pomena za optimalno delovanje. Najprej pravilno poravnajte valj z nosilci in se prepri\u010dajte, da je varno name\u0161\u010den. Med namestitvijo uporabite ustrezne nosilce, da valj pritrdite na svoje mesto.<\/p>\n<p>Pred pritrditvijo cilindra preverite, ali so vse hidravli\u010dne cevi prepognjene ali po\u0161kodovane. Po namestitvi preizkusite delovanje cilindra tako, da ga cikli\u010dno premikate skozi celoten obseg gibanja in preverite morebitne pu\u0161\u010danja ali nenavadne zvoke. Za zagotovitev pravilne poravnave in delovanja bodo morda potrebne prilagoditve.<\/p>\n<h2>Pogosta vzdr\u017eevalna opravila<\/h2>\n<ul>\n<li><strong>Redni pregledi:<\/strong> Pogosto preverjajte obrabo, pu\u0161\u010danje in splo\u0161no stanje jeklenk, da odkrijete manj\u0161e te\u017eave, preden postanejo resne.<\/li>\n<li><strong>Pravilno mazanje:<\/strong> Za optimalno delovanje zagotovite, da se hidravli\u010dno olje doliva in vzdr\u017euje na pravilni ravni.<\/li>\n<li><strong>Zamenjava tesnila:<\/strong> Spremljajte tesnila glede znakov obrabe in na\u010drtujte zamenjavo, da prepre\u010dite pu\u0161\u010danje teko\u010dine in ohranite u\u010dinkovitost.<\/li>\n<\/ul>\n<p>Med postopkom namestitve je klju\u010dnega pomena, da pravilno poravnate valj, da se izognete prekomerni obremenitvi in \u200b\u200bmorebitni okvari. Uporaba pravilnih monta\u017enih nosilcev in strojne opreme bo zagotovila stabilnost. Priporo\u010deni postopki za pregled, popravilo in zamenjavo bodo pomagali podalj\u0161ati \u017eivljenjsko dobo cilindra roke.<\/p>\n<p><img decoding=\"async\" src=\"https:\/\/www.hydraulic-cylinders.net\/wp-content\/uploads\/2025\/04\/songte-chushion-collar.webp\" alt=\"Blazinasti ovratnik\"><\/p>\n<h2>Varnostni vidiki in okoljski dejavniki<\/h2>\n<p>Varnostni ukrepi so pri delu z valji roke najpomembnej\u0161i. Upravljavci morajo vedno upo\u0161tevati priporo\u010dene varnostne protokole, vklju\u010dno z no\u0161enjem ustrezne osebne za\u0161\u010ditne opreme (OZO) in zagotavljanjem, da je delovno obmo\u010dje brez nevarnosti. Ustrezno usposabljanje za upravljanje in vzdr\u017eevanje hidravli\u010dnih valjev je bistvenega pomena za prepre\u010devanje nesre\u010d.<\/p>\n<p>Pomembno vlogo igrajo tudi okoljski vidiki. S hidravli\u010dnimi teko\u010dinami je treba ravnati previdno, da se prepre\u010di razlitje, odpadno olje pa je treba odstraniti v skladu z lokalnimi predpisi, da se \u010dim bolj zmanj\u0161a vpliv na okolje.<\/p>\n<h2>Diagnoza napak in pogoste te\u017eave<\/h2>\n<ul>\n<li><strong>Pu\u0161\u010danje:<\/strong> Pogosta te\u017eava je pu\u0161\u010danje teko\u010dine iz tesnil, ki ga pogosto povzro\u010di obraba ali po\u0161kodba. Za pravo\u010dasno popravilo je klju\u010dnega pomena ugotoviti vir pu\u0161\u010danja.<\/li>\n<li><strong>Zmanj\u0161ana zmogljivost:<\/strong> \u010ce se valj ne izteguje ali umika gladko, lahko to ka\u017ee na nizko raven hidravli\u010dne teko\u010dine ali notranjo po\u0161kodbo.<\/li>\n<li><strong>Hrup med delovanjem:<\/strong> Nenavadni zvoki lahko ka\u017eejo na te\u017eave z mazanjem ali mehansko obrabo, kar zahteva takoj\u0161njo preiskavo.<\/li>\n<\/ul>\n<h2>Nasveti za odpravljanje te\u017eav<\/h2>\n<p>Za u\u010dinkovito diagnosticiranje in odpravljanje te\u017eav z cilindri roke morajo upravljavci redno spremljati delovanje in biti proaktivni pri odpravljanju morebitnih nepravilnosti. Izvajajte preventivne ukrepe, kot je na\u010drtovano vzdr\u017eevanje, da zmanj\u0161ate verjetnost te\u017eav. Vodenje podrobnega dnevnika vzdr\u017eevanja lahko pomaga spremljati delovanje cilindrov in prepoznati vzorce, ki lahko ka\u017eejo na nastajajo\u010de te\u017eave.<\/p>\n<p><img decoding=\"async\" src=\"https:\/\/www.hydraulic-cylinders.net\/wp-content\/uploads\/2025\/04\/songte-bushings-with-all-kinds-of-excavator-models.webp\" alt=\"Pu\u0161e z modeli bagrov\"><\/p>\n<h2>O na\u0161em podjetju<\/h2>\n<p>Smo vodilni proizvajalec in veletrgovec alternativnih hidravli\u010dnih cilindrov, znani po svoji \u0161iroki paleti izdelkov. Na\u0161o zavezanost odli\u010dnosti vodi dovr\u0161ena strategija upravljanja proizvodnje, ki poudarja natan\u010dnost in kakovost. S poudarkom na tehnolo\u0161kem napredku uporabljamo visoko napredno proizvodno opremo in profesionalne sisteme testiranja za izbolj\u0161anje na\u0161ih proizvodnih zmogljivosti.<\/p>\n<p>Na\u0161e podjetje se pona\u0161a s svojo mo\u010dno inovacijsko zmogljivostjo, ki nam omogo\u010da, da s prilagojenimi storitvami zadovoljimo raznolike potrebe strank. Imamo mednarodne certifikate, kar zagotavlja, da na\u0161i izdelki izpolnjujejo svetovne standarde kakovosti. Na\u0161a predana poprodajna storitev \u0161e dodatno utrjuje na\u0161o zavezanost zadovoljstvu strank.<\/p>\n<p><img decoding=\"async\" src=\"https:\/\/www.hydraulic-cylinders.net\/wp-content\/uploads\/2025\/04\/songte-company-4.webp\" alt=\"Pregled podjetja\"><br \/>\n<img decoding=\"async\" src=\"https:\/\/www.hydraulic-cylinders.net\/wp-content\/uploads\/2025\/04\/songte-company-3.webp\" alt=\"Proizvodni obrat podjetja\"><\/p>\n<p>Avtor: lyl<\/p>","protected":false},"excerpt":{"rendered":"<p>Boom Cylinder For XCMG Small Excavator XE75 Understanding the Boom Cylinder The boom cylinder is a crucial component in various heavy machinery, particularly in excavators, backhoe loaders, and front loaders. It is a type of hydraulic cylinder designed specifically to control the movement of the bucket, allowing it to lift, lower, and tilt efficiently. This [&hellip;]<\/p>","protected":false},"featured_media":17881,"comment_status":"open","ping_status":"closed","template":"","meta":{"_et_pb_use_builder":"","_et_pb_old_content":"","_et_gb_content_width":""},"product_brand":[],"product_cat":[1546],"product_tag":[1547,1496],"class_list":{"0":"post-19180","1":"product","2":"type-product","3":"status-publish","4":"has-post-thumbnail","6":"product_cat-boom-cylinders","7":"product_tag-boom-cylinders","8":"product_tag-hydraulic-cylinders","10":"first","11":"instock","12":"shipping-taxable","13":"product-type-simple"},"amp_enabled":true,"_links":{"self":[{"href":"https:\/\/www.hydraulic-cylinders.net\/sl\/wp-json\/wp\/v2\/product\/19180","targetHints":{"allow":["GET"]}}],"collection":[{"href":"https:\/\/www.hydraulic-cylinders.net\/sl\/wp-json\/wp\/v2\/product"}],"about":[{"href":"https:\/\/www.hydraulic-cylinders.net\/sl\/wp-json\/wp\/v2\/types\/product"}],"replies":[{"embeddable":true,"href":"https:\/\/www.hydraulic-cylinders.net\/sl\/wp-json\/wp\/v2\/comments?post=19180"}],"wp:featuredmedia":[{"embeddable":true,"href":"https:\/\/www.hydraulic-cylinders.net\/sl\/wp-json\/wp\/v2\/media\/17881"}],"wp:attachment":[{"href":"https:\/\/www.hydraulic-cylinders.net\/sl\/wp-json\/wp\/v2\/media?parent=19180"}],"wp:term":[{"taxonomy":"product_brand","embeddable":true,"href":"https:\/\/www.hydraulic-cylinders.net\/sl\/wp-json\/wp\/v2\/product_brand?post=19180"},{"taxonomy":"product_cat","embeddable":true,"href":"https:\/\/www.hydraulic-cylinders.net\/sl\/wp-json\/wp\/v2\/product_cat?post=19180"},{"taxonomy":"product_tag","embeddable":true,"href":"https:\/\/www.hydraulic-cylinders.net\/sl\/wp-json\/wp\/v2\/product_tag?post=19180"}],"curies":[{"name":"delovni list","href":"https:\/\/api.w.org\/{rel}","templated":true}]}}