{"id":19183,"date":"2025-04-07T06:17:01","date_gmt":"2025-04-07T06:17:01","guid":{"rendered":"https:\/\/www.hydraulic-cylinders.net\/product\/boom-cylinder-for-xcmg-small-excavator-xe40\/"},"modified":"2025-04-07T06:17:03","modified_gmt":"2025-04-07T06:17:03","slug":"boom-cylinder-for-xcmg-small-excavator-xe40","status":"publish","type":"product","link":"https:\/\/www.hydraulic-cylinders.net\/sl\/izdelek\/boom-cylinder-for-xcmg-small-excavator-xe40\/","title":{"rendered":"Cilinder roke za majhen bager XCMG XE40"},"content":{"rendered":"<h1>Cilinder roke za majhen bager XCMG XE40<\/h1>\n<h2>Pregled izdelka<\/h2>\n<p>Cilinder roke za majhen bager XCMG XE40 je klju\u010dna hidravli\u010dna komponenta, zasnovana za izbolj\u0161anje zmogljivosti majhnih bagrov. Ta hidravli\u010dni cilinder igra klju\u010dno vlogo pri nadzoru gibanja roke, kar je bistveno za razli\u010dna zemeljska dela. Ker omogo\u010da gladko iztegovanje in umikanje roke, omogo\u010da natan\u010dno kopanje, dvigovanje in premikanje materialov, zaradi \u010desar je nepogre\u0161ljiv del gradbenih in izkopnih strojev.<\/p>\n<p><img decoding=\"async\" src=\"https:\/\/www.hydraulic-cylinders.net\/wp-content\/uploads\/2025\/04\/songte-company-1.webp\" alt=\"Cilinder roke\"><\/p>\n<h3>Definiranje valja vedra<\/h3>\n<p>Hidravli\u010dni cilinder \u017elice, vrsta hidravli\u010dnega cilindra, je posebej zasnovan za nadzor gibanja \u017elic v te\u017ekih strojih, kot so bagri, bagri nakladalniki in \u010delni nakladalniki. Omogo\u010da dvigovanje, spu\u0161\u010danje in nagibanje \u017elice, kar omogo\u010da u\u010dinkovito ravnanje z materiali. Zaradi svoje robustne zasnove lahko cilinder \u017elice prenese visoke tlake in obremenitve, zna\u010dilne za gradbena okolja, kar zagotavlja optimalno delovanje in zanesljivost.<\/p>\n<h2>Zna\u010dilnosti cilindra roke<\/h2>\n<ul>\n<li><strong>Visoka trdnost in vzdr\u017eljivost:<\/strong> Jeklenka je izdelana iz visoko trdnega jekla ali aluminija in je zasnovana tako, da prenese visok tlak in velike obremenitve, zaradi \u010desar je primerna za zahtevna delovna okolja.<\/li>\n<li><strong>U\u010dinkovito hidravli\u010dno delovanje:<\/strong> Za gladko iztegovanje in vle\u010denje uporablja hidravli\u010dni tlak olja, kar zagotavlja hiter odziv na ukaze upravljavca in zmogljive potisne in vle\u010dne zmogljivosti.<\/li>\n<li><strong>Razli\u010dne vrste:<\/strong> Na voljo so v enosmerno delujo\u010di (delujejo v eno smer) ali dvosmerno delujo\u010di (delujejo v obe smeri) konfiguraciji, nekateri modeli pa so tudi teleskopski, kar omogo\u010da ve\u010dji razteg brez pove\u010danja zunanjih dimenzij.<\/li>\n<li><strong>Prilagodljive mo\u017enosti:<\/strong> Razli\u010dne specifikacije je mogo\u010de prilagoditi specifi\u010dnim operativnim zahtevam, kar zagotavlja vsestranskost za razli\u010dne aplikacije.<\/li>\n<li><strong>Prijazno vzdr\u017eevanje:<\/strong> Jeklenka je zasnovana za enostavno vzdr\u017eevanje, zato jo je mogo\u010de servisirati in popravljati z minimalnim \u010dasom izpada, kar zagotavlja neprekinjeno delovanje.<\/li>\n<\/ul>\n<p>Ta izdelek smo sposobni izdelati sami, na\u0161i cilindri pa lahko odli\u010dno nadomestijo obstoje\u010de hidravli\u010dne cilindre.<\/p>\n<p><img decoding=\"async\" src=\"https:\/\/www.hydraulic-cylinders.net\/wp-content\/uploads\/2025\/04\/songte-cylinder-head-with-all-kinds-excavator-models.webp\" alt=\"Cilindri za bagre\"><\/p>\n<h2>Uporaba cilindra roke<\/h2>\n<h3>Gradbena oprema<\/h3>\n<p>Pri bagrih je cilinder roke bistvenega pomena za kopanje, nakladanje in premikanje zemlje ali ru\u0161evin. Njegova sposobnost iztegovanja in spu\u0161\u010danja omogo\u010da upravljavcem doseganje razli\u010dnih globin in polo\u017eajev, kar pove\u010duje u\u010dinkovitost in produktivnost na gradbi\u0161\u010dih.<\/p>\n<h3>Kmetijska mehanizacija<\/h3>\n<p>Pri \u010delnih nakladalnikih se cilinder roke uporablja za zajemanje, dvigovanje in prevoz zemlje, sena in drugih materialov. Izbolj\u0161a zmogljivost nakladalnika za obvladovanje razli\u010dnih bremen, zaradi \u010desar je klju\u010dni sestavni del kmetijskih operacij.<\/p>\n<h3>Bagri<\/h3>\n<p>Pri bagrih cilinder roke olaj\u0161a kopanje, saj omogo\u010da, da \u017elica u\u010dinkovito prodre v zemljo. Ta sposobnost je klju\u010dnega pomena za doseganje natan\u010dnega izkopa v razli\u010dnih talnih pogojih.<\/p>\n<h3>Nakladalci<\/h3>\n<p>Pri \u010delnih nakladalnikih cilinder roke pomaga pri u\u010dinkovitem dvigovanju in odlaganju materialov. U\u010dinkovito delovanje nakladalnika je mo\u010dno odvisno od delovanja cilindra roke, kar prispeva k splo\u0161ni produktivnosti.<\/p>\n<h2>Oblikovalski vidiki in izbirna merila<\/h2>\n<h3>Nosilnost<\/h3>\n<p>Nosilnost cilindra roke je klju\u010dni dejavnik v procesu na\u010drtovanja. Mora biti sposoben prenesti najve\u010djo te\u017eo, ki jo bo bager dvignil ali premaknil. Materiali, uporabljeni pri izdelavi, skupaj z dimenzijami cilindra so skrbno izbrani, da se zagotovi ustrezna trdnost in zanesljivost pod obremenitvijo.<\/p>\n<h3>Tesnjenje<\/h3>\n<p>U\u010dinkovito tesnjenje je klju\u010dnega pomena za delovanje hidravli\u010dnih cilindrov. Uporaba visokokakovostnih tesnil prepre\u010duje pu\u0161\u010danje hidravli\u010dne teko\u010dine, kar lahko ogrozi u\u010dinkovitost cilindra in povzro\u010di draga popravila. Tesnila je treba izbrati glede na njihovo vzdr\u017eljivost in zdru\u017eljivost s hidravli\u010dnimi olji, da se zagotovi dolga \u017eivljenjska doba.<\/p>\n<h3>Vzdr\u017eljivost<\/h3>\n<p>Vzdr\u017eljivost je bistvenega pomena za vsako hidravli\u010dno komponento, zlasti v zahtevnih aplikacijah, kot je gradbeni\u0161tvo. Materiali in premazi, uporabljeni pri izdelavi cilindra, morajo biti odporni proti obrabi in koroziji, kar zagotavlja, da lahko valj u\u010dinkovito deluje dlje \u010dasa tudi v zahtevnih okoljih.<\/p>\n<h3>Varnost<\/h3>\n<p>Varnostni vidiki so sestavni del zasnove hidravli\u010dnih cilindrov. Vklju\u010dene morajo biti funkcije, kot so varnostni ventili in mehanizmi za varnostno zaustavitev, da se prepre\u010dijo nesre\u010de in zagotovi varno delovanje med vsemi nalogami.<\/p>\n<h3>Vzdr\u017eevanje<\/h3>\n<p>Zasnova za vzdr\u017eevanje je klju\u010dnega pomena za zagotovitev dolge \u017eivljenjske dobe cilindra roke. To vklju\u010duje enostaven dostop do klju\u010dnih komponent za pregled in popravilo ter jasne smernice za redne vzdr\u017eevalne postopke za prepre\u010devanje okvar.<\/p>\n<p><img decoding=\"async\" src=\"https:\/\/www.hydraulic-cylinders.net\/wp-content\/uploads\/2025\/04\/songte-oil-pipes-and-spare-parts.webp\" alt=\"Hidravli\u010dne komponente\"><\/p>\n<h2>Tesnjenje in mazanje<\/h2>\n<p>Pravilno tesnjenje in mazanje sta klju\u010dnega pomena za delovanje in dolgo \u017eivljenjsko dobo cilindra roke. Za vzdr\u017eevanje tlaka in prepre\u010devanje pu\u0161\u010danja se uporabljajo razli\u010dna tesnila, vklju\u010dno s tesnili bata in palice. Ta tesnila so pogosto izdelana iz trpe\u017enih materialov, kot sta poliuretan in nitrilna guma, ki lahko prenesejo te\u017eke pogoje. Telo cilindra in navojni konci so natan\u010dno obdelani za ve\u010djo odpornost proti obrabi in zagotavljanje tesnega tesnjenja. Redno mazanje s hidravli\u010dnim oljem je bistveno za zmanj\u0161anje trenja in obrabe, s \u010dimer se podalj\u0161a \u017eivljenjska doba cilindra.<\/p>\n<h2>Preventivni vzdr\u017eevalni ukrepi<\/h2>\n<ul>\n<li><strong>Redni pregledi:<\/strong> Redno preverjajte pu\u0161\u010danja, obrabo in po\u0161kodbe. Zgodnje odkrivanje te\u017eav lahko prepre\u010di draga popravila in izpade.<\/li>\n<li><strong>Mazanje:<\/strong> Zagotovite, da je valj ustrezno mazan z ustreznim hidravli\u010dnim oljem, da ohranite nemoteno delovanje in zmanj\u0161ate obrabo.<\/li>\n<li><strong>Zamenjava tesnila:<\/strong> Spremljajte tesnila glede znakov obrabe in jih po potrebi zamenjajte, da prepre\u010dite pu\u0161\u010danje in ohranite delovanje.<\/li>\n<\/ul>\n<h2>Navodila za namestitev<\/h2>\n<p>Pravilna namestitev cilindra roke je klju\u010dnega pomena za optimalno delovanje. Najprej zagotovite, da so nosilci pravilno poravnani, da prepre\u010dite nepravilno poravnavo. Za pritrditev cilindra na mesto uporabite ustrezne monta\u017ene opore, ki omogo\u010dajo natan\u010dno poravnavo z operativnimi komponentami bagra. Bistveno je, da vse vijake privijete v skladu s specifikacijami proizvajalca, da prepre\u010dite morebitno zrahljanje med delovanjem. Po namestitvi preizkusite cilinder z vrsto operativnih pregledov, da se prepri\u010date, da deluje pravilno.<\/p>\n<h2>Pogosta vzdr\u017eevalna opravila<\/h2>\n<ul>\n<li><strong>Redni pregledi:<\/strong> Izvajanje rednih pregledov pomaga prepoznati morebitne te\u017eave, preden se stopnjujejo, kar zagotavlja nadaljnje delovanje in varnost.<\/li>\n<li><strong>Pravilno mazanje:<\/strong> Zadostno mazanje je klju\u010dnega pomena za nemoteno delovanje in dolgo \u017eivljenjsko dobo; na\u010drtujte redne intervale mazanja glede na uporabo.<\/li>\n<li><strong>Zamenjava tesnila:<\/strong> Redno preverjajte tesnila glede obrabe in jih zamenjajte, da prepre\u010dite pu\u0161\u010danje hidravli\u010dne teko\u010dine, ki lahko poslab\u0161a delovanje.<\/li>\n<\/ul>\n<h2>Varnostni in okoljski vidiki<\/h2>\n<p>Pri delu s hidravli\u010dnimi cilindri so varnostni ukrepi najpomembnej\u0161i. Upravljavci morajo biti ustrezno usposobljeni za uporabo strojev in vklju\u010denih hidravli\u010dnih sistemov. Poleg tega lahko zagotovitev pravilnega delovanja vseh varnostnih mehanizmov prepre\u010di nesre\u010de. Upo\u0161tevati je treba tudi okoljske vidike, kot je pravilno odstranjevanje hidravli\u010dnih teko\u010din in materialov, uporabljenih pri vzdr\u017eevanju, da se \u010dim bolj zmanj\u0161a vpliv na okolje.<\/p>\n<h2>Odpravljanje te\u017eav in pogoste te\u017eave<\/h2>\n<ul>\n<li><strong>Pu\u0161\u010danje tesnil:<\/strong> To pogosto ka\u017ee na obrabo in zahteva takoj\u0161njo zamenjavo obrabljenih tesnil, da se prepre\u010di izguba teko\u010dine.<\/li>\n<li><strong>Zmanj\u0161ana zmogljivost:<\/strong> \u010ce se valj ne izteguje ali umika pravilno, preverite nivo hidravli\u010dne teko\u010dine in preverite, ali so kak\u0161ni zama\u0161eni ali po\u0161kodovani deli.<\/li>\n<li><strong>Nenavadni zvoki:<\/strong> Nenavadni zvoki med delovanjem lahko ka\u017eejo na notranje po\u0161kodbe ali pomanjkanje mazanja, kar zahteva takoj\u0161en pregled in vzdr\u017eevanje.<\/li>\n<\/ul>\n<h2>Nasveti za odpravljanje te\u017eav in preventivni ukrepi<\/h2>\n<p>Za u\u010dinkovito diagnosticiranje in odpravljanje te\u017eav z cilindrom roke morajo upravljavci razumeti znake morebitnih okvar. Izvajanje rutinskih preventivnih ukrepov, kot so redni pregledi in pravo\u010dasno vzdr\u017eevanje, lahko zmanj\u0161a verjetnost te\u017eav. Ustrezno usposabljanje in ozave\u0161\u010danje lahko upravljavcem omogo\u010dita hitro re\u0161evanje te\u017eav, kar zagotavlja zanesljivost in varnost stroja.<\/p>\n<p><img decoding=\"async\" src=\"https:\/\/www.hydraulic-cylinders.net\/wp-content\/uploads\/2025\/04\/songte-bushings-with-all-kinds-of-excavator-models.webp\" alt=\"Komponente bagra\"><\/p>\n<h2>Profil podjetja<\/h2>\n<p>Smo proizvajalec, specializiran za alternativne hidravli\u010dne cilindre, in se pona\u0161amo s \u0161iroko paleto izdelkov, zaradi \u010desar smo eden vodilnih proizvajalcev in veletrgovcev na doma\u010dem in mednarodnem trgu. Na\u0161o zavezanost odli\u010dnosti v kakovosti podpira izpopolnjena strategija upravljanja proizvodnje, ki izkori\u0161\u010da usposobljeno tehni\u010dno osebje, najsodobnej\u0161o digitalno proizvodno opremo in specializirane sisteme za testiranje. Nenehno izbolj\u0161ujemo na\u0161e proizvodne platforme, s \u010dimer zagotavljamo visoko u\u010dinkovitost, natan\u010dnost in kakovost, da bi zadovoljili raznolike potrebe strank.<\/p>\n<p><img decoding=\"async\" src=\"https:\/\/www.hydraulic-cylinders.net\/wp-content\/uploads\/2025\/04\/songte-company-4.webp\" alt=\"Pregled podjetja\"><br \/>\n<img decoding=\"async\" src=\"https:\/\/www.hydraulic-cylinders.net\/wp-content\/uploads\/2025\/04\/songte-company-3.webp\" alt=\"Proizvodni obrati\"><\/p>\n<p>Na\u0161e podjetje ponuja strokovno znanje, mednarodne certifikate, prilagojene storitve, napredno proizvodno opremo in izjemno poprodajno podporo, s \u010dimer zagotavlja, da izpolnjujemo in presegamo pri\u010dakovanja na\u0161ih strank.<\/p>\n<p>Avtor: lyl<\/p>","protected":false},"excerpt":{"rendered":"<p>Boom Cylinder For XCMG Small Excavator XE40 Product Overview The Boom Cylinder for XCMG Small Excavator XE40 is a crucial hydraulic component designed to enhance the performance of small excavators. This hydraulic cylinder plays a vital role in controlling the movement of the boom, which is essential for various earth-moving tasks. By allowing the boom [&hellip;]<\/p>","protected":false},"featured_media":17869,"comment_status":"open","ping_status":"closed","template":"","meta":{"_et_pb_use_builder":"","_et_pb_old_content":"","_et_gb_content_width":""},"product_brand":[],"product_cat":[1546],"product_tag":[1547,1496],"class_list":{"0":"post-19183","1":"product","2":"type-product","3":"status-publish","4":"has-post-thumbnail","6":"product_cat-boom-cylinders","7":"product_tag-boom-cylinders","8":"product_tag-hydraulic-cylinders","10":"first","11":"instock","12":"shipping-taxable","13":"product-type-simple"},"amp_enabled":true,"_links":{"self":[{"href":"https:\/\/www.hydraulic-cylinders.net\/sl\/wp-json\/wp\/v2\/product\/19183","targetHints":{"allow":["GET"]}}],"collection":[{"href":"https:\/\/www.hydraulic-cylinders.net\/sl\/wp-json\/wp\/v2\/product"}],"about":[{"href":"https:\/\/www.hydraulic-cylinders.net\/sl\/wp-json\/wp\/v2\/types\/product"}],"replies":[{"embeddable":true,"href":"https:\/\/www.hydraulic-cylinders.net\/sl\/wp-json\/wp\/v2\/comments?post=19183"}],"wp:featuredmedia":[{"embeddable":true,"href":"https:\/\/www.hydraulic-cylinders.net\/sl\/wp-json\/wp\/v2\/media\/17869"}],"wp:attachment":[{"href":"https:\/\/www.hydraulic-cylinders.net\/sl\/wp-json\/wp\/v2\/media?parent=19183"}],"wp:term":[{"taxonomy":"product_brand","embeddable":true,"href":"https:\/\/www.hydraulic-cylinders.net\/sl\/wp-json\/wp\/v2\/product_brand?post=19183"},{"taxonomy":"product_cat","embeddable":true,"href":"https:\/\/www.hydraulic-cylinders.net\/sl\/wp-json\/wp\/v2\/product_cat?post=19183"},{"taxonomy":"product_tag","embeddable":true,"href":"https:\/\/www.hydraulic-cylinders.net\/sl\/wp-json\/wp\/v2\/product_tag?post=19183"}],"curies":[{"name":"delovni list","href":"https:\/\/api.w.org\/{rel}","templated":true}]}}