{"id":19184,"date":"2025-04-07T06:17:04","date_gmt":"2025-04-07T06:17:04","guid":{"rendered":"https:\/\/www.hydraulic-cylinders.net\/product\/boom-cylinder-for-xcmg-small-excavator-xe65ca\/"},"modified":"2025-04-07T06:17:06","modified_gmt":"2025-04-07T06:17:06","slug":"boom-cylinder-for-xcmg-small-excavator-xe65ca","status":"publish","type":"product","link":"https:\/\/www.hydraulic-cylinders.net\/sl\/izdelek\/boom-cylinder-for-xcmg-small-excavator-xe65ca\/","title":{"rendered":"Cilinder roke za majhen bager XCMG XE65CA"},"content":{"rendered":"<h1>Cilinder roke za majhen bager XCMG XE65CA<\/h1>\n<h2>Pregled izdelka<\/h2>\n<p>Cilinder roke za majhen bager XCMG XE65CA je bistvena komponenta hidravli\u010dnega sistema bagrov. Ta hidravli\u010dni cilinder je posebej zasnovan za nadzor gibanja roke, kar omogo\u010da dvigovanje, spu\u0161\u010danje in nagibanje. Ta zmogljivost je klju\u010dnega pomena za razli\u010dna opravila ravnanja z materiali v gradbeni\u0161tvu in pri delu s te\u017ekimi stroji. Cilinder roke igra klju\u010dno vlogo pri omogo\u010danju u\u010dinkovitega delovanja opreme, kot so bagri, bagri nakladalniki in \u010delni nakladalniki. Z omogo\u010danjem natan\u010dnega gibanja roke ta hidravli\u010dni cilinder izbolj\u0161a splo\u0161no zmogljivost in produktivnost stroja.<\/p>\n<p><img decoding=\"async\" src=\"https:\/\/www.hydraulic-cylinders.net\/wp-content\/uploads\/2025\/04\/songte-company-1.webp\" alt=\"Cilinder roke\"><\/p>\n<h3>Definicija in funkcionalnost<\/h3>\n<p>Hidravli\u010dni cilindri, kot je na primer valj roke, so naprave, ki pretvarjajo hidravli\u010dno energijo v mehansko energijo. Zasnovani so za ustvarjanje linearnega gibanja z uporabo tlaka hidravli\u010dne teko\u010dine. Cilinder roke omogo\u010da nemoteno delovanje roke bagra, kar upravljavcem omogo\u010da u\u010dinkovito opravljanje razli\u010dnih nalog, vklju\u010dno z u\u010dinkovitim kopanjem, dvigovanjem in premikanjem materialov.<\/p>\n<h2>Zna\u010dilnosti cilindra roke<\/h2>\n<ul>\n<li><strong>Visoka trdnost in vzdr\u017eljivost:<\/strong> Te valje, izdelane iz visoko trdnega jekla ali aluminija, lahko prenesejo visok tlak in velike obremenitve, zaradi \u010desar so primerne za zahtevna delovna okolja. Zasnovane so z mislijo na odpornost proti obrabi in koroziji, da se podalj\u0161a njihova \u017eivljenjska doba.<\/li>\n<li><strong>U\u010dinkovito hidravli\u010dno delovanje:<\/strong> Z uporabo hidravli\u010dnega oljnega tlaka valj zagotavlja gladko iztegovanje in vle\u010denje, kar omogo\u010da hiter odziv na krmilne ukaze in zagotavlja mo\u010dne potisne in vle\u010dne sile, idealne za opravljanje te\u017ekih in kompleksnih nalog.<\/li>\n<li><strong>Razli\u010dne vrste:<\/strong> Glede na operativne potrebe lahko uporabniki izbirajo med enosmerno delujo\u010dimi (delujejo v eno smer) ali dvosmerno delujo\u010dimi (delujejo v obe smeri) cilindri. Nekateri modeli so teleskopski, kar omogo\u010da ve\u010dji razteg brez pove\u010danja zunanjih dimenzij, zaradi \u010desar so primerni za aplikacije z omejenim prostorom.<\/li>\n<li><strong>Odli\u010dna tesnilna zmogljivost:<\/strong> Ti cilindri so zasnovani tako, da zmanj\u0161ujejo pu\u0161\u010danje in zagotavljajo u\u010dinkovito delovanje, in uporabljajo visokokakovostna tesnila, ki ohranjajo tlak in celovitost teko\u010dine.<\/li>\n<li><strong>Prilagodljive mo\u017enosti:<\/strong> Na\u0161e cilindre je mogo\u010de prilagoditi specifi\u010dnim zahtevam uporabe, kar zagotavlja brezhibno integracijo in delovanje v razli\u010dnih strojih.<\/li>\n<\/ul>\n<p><img decoding=\"async\" src=\"https:\/\/www.hydraulic-cylinders.net\/wp-content\/uploads\/2025\/04\/songte-cylinder-head-with-all-kinds-excavator-models.webp\" alt=\"Glava valja\"><\/p>\n<h2>Uporaba cilindra roke<\/h2>\n<h3>Gradbena oprema<\/h3>\n<p>Pri bagrih so cilindri roke klju\u010dni za kopanje, nakladanje in prevoz zemlje ali ru\u0161evin. Omogo\u010dajo u\u010dinkovito premikanje roke, kar upravljavcem omogo\u010da natan\u010dno izvajanje razli\u010dnih nalog. Pri bagrih nakladalnikih cilinder roke pomaga tako pri izkopavanju kot dvigovanju, kar pove\u010duje vsestranskost na gradbi\u0161\u010dih.<\/p>\n<h3>Kmetijska mehanizacija<\/h3>\n<p>Pri \u010delnih nakladalnikih so cilindri roke odgovorni za zajemanje, dvigovanje in transport zemlje, sena in drugih materialov. Njihova sposobnost nemotenega delovanja pod razli\u010dnimi obremenitvami je bistvenega pomena za kmetijska opravila, zaradi \u010desar so nepogre\u0161ljivi za kmete in kmetijske izvajalce.<\/p>\n<h3>Izkopavanja<\/h3>\n<p>Cilinder roke omogo\u010da bagrom u\u010dinkovito prodiranje v zemljo, kar omogo\u010da u\u010dinkovito kopanje. Ta zmogljivost je klju\u010dnega pomena pri gradbeni\u0161tvu, urejanju okolice in pripravi gradbi\u0161\u010d, \u200b\u200bkjer je potrebno natan\u010dno odstranjevanje zemlje.<\/p>\n<h3>Nalaganje operacij<\/h3>\n<p>Pri \u010delnih nakladalnikih cilindri roke pomagajo pri u\u010dinkovitem dvigovanju in razkladanju bremen. Ta funkcionalnost je \u0161e posebej pomembna v gradbeni\u0161tvu in ravnanju z materiali, kjer sta u\u010dinkovitost in hitrost klju\u010dnega pomena.<\/p>\n<h2>Oblikovalski vidiki in izbirna merila<\/h2>\n<h3>Nosilnost<\/h3>\n<p>Pri izbiri cilindra roke je bistveno upo\u0161tevati njegovo nosilnost, ki neposredno vpliva na njegovo sposobnost varnega in u\u010dinkovitega opravljanja nalog. Cilinder mora biti zasnovan tako, da prenese najve\u010djo te\u017eo, s katero se bo soo\u010dil med delovanjem, kar zagotavlja tako varnost kot zanesljivost.<\/p>\n<h3>Tesnjenje in vzdr\u017eljivost<\/h3>\n<p>Tesnilni sistem v hidravli\u010dnem cilindru je klju\u010dnega pomena za ohranjanje operativne u\u010dinkovitosti. Visokokakovostna tesnila prepre\u010dujejo pu\u0161\u010danje teko\u010dine, kar lahko povzro\u010di zmanj\u0161ano delovanje in morebitno okvaro strojev. Materiali, uporabljeni v teh tesnilih, morajo biti odporni tudi na zahtevna delovna okolja, kar zagotavlja dolgotrajno vzdr\u017eljivost.<\/p>\n<h3>Varnostne funkcije<\/h3>\n<p>Varnost je najpomembnej\u0161a pri hidravli\u010dnih sistemih. Zasnova mora vklju\u010devati varnostne mehanizme in mehanizme za razbremenitev tlaka, da se prepre\u010dijo nesre\u010de zaradi preobremenitve ali hidravli\u010dnih okvar. Zagotavljanje prisotnosti teh varnostnih elementov je bistvenega pomena za varnost tako upravljavca kot opreme.<\/p>\n<h3>Vzdr\u017eevanje in popravila<\/h3>\n<p>Enostavnost vzdr\u017eevanja je \u0161e en pomemben vidik, ki ga je treba upo\u0161tevati. Hidravli\u010dni cilindri morajo biti zasnovani za enostaven pregled in servisiranje, kar omogo\u010da redne vzdr\u017eevalne preglede brez ve\u010djih izpadov. Ta dejavnik pove\u010da \u017eivljenjsko dobo in zanesljivost opreme.<\/p>\n<p><img decoding=\"async\" src=\"https:\/\/www.hydraulic-cylinders.net\/wp-content\/uploads\/2025\/04\/songte-oil-pipes-and-spare-parts.webp\" alt=\"Oljne cevi in \u200b\u200brezervni deli\"><\/p>\n<h2>Tesnjenje in mazanje hidravli\u010dnega cilindra<\/h2>\n<p>Tesnilni sistem cilindrov roke vklju\u010duje razli\u010dne tesnilne elemente, kot so tesnila bata in tesnila palic, ki so klju\u010dnega pomena za ohranjanje celovitosti hidravli\u010dne teko\u010dine. Tesnila iz materialov, kot sta poliuretan in nitrilna guma, so izbrana zaradi svojih lastnosti odpornosti proti obrabi. Poleg tega so ohi\u0161je cilindra in navojne kon\u010dne povr\u0161ine fino obdelane za pove\u010danje odpornosti proti obrabi. Redno mazanje z ustrezno koli\u010dino hidravli\u010dnega olja je potrebno za zagotovitev nemotenega delovanja in podalj\u0161anje \u017eivljenjske dobe tesnil in cilindra.<\/p>\n<h2>Preventivni vzdr\u017eevalni ukrepi<\/h2>\n<ul>\n<li><strong>Redni pregledi:<\/strong> Redno pregledujte tesnila, fitinge in ohi\u0161je jeklenke, da ugotovite obrabo. Redno preverjanje pu\u0161\u010danja in po\u0161kodb lahko prepre\u010di nadaljnjo degradacijo in draga popravila.<\/li>\n<li><strong>Ustrezno mazanje:<\/strong> Zagotovite, da je hidravli\u010dni valj ustrezno namazan, saj to prepre\u010duje trenje in obrabo. Za ohranjanje optimalne zmogljivosti uporabljajte le priporo\u010dena maziva.<\/li>\n<li><strong>Zamenjava tesnila:<\/strong> Tesnila redno menjajte glede na uporabo in vzorce obrabe. Redna menjava obrabljenih tesnil zagotavlja u\u010dinkovito delovanje hidravli\u010dnega sistema in prepre\u010duje pu\u0161\u010danje.<\/li>\n<\/ul>\n<h2>Navodila za namestitev cilindra roke<\/h2>\n<p>Pravilna namestitev cilindra roke je bistvenega pomena za optimalno delovanje. Najprej zagotovite, da so vse pritrdilne povr\u0161ine \u010diste in brez umazanije. Cilinder natan\u010dno poravnajte z pritrdilnimi nosilci z uporabo ustreznih monta\u017enih \u0161ablon ali vpenjalnih elementov, da med monta\u017eo ohranite poravnavo. Cilinder pritrdite z uporabo predpisanih pritrdilnih elementov in nastavitev navora, ki jih je dolo\u010dil proizvajalec. Pred presku\u0161anjem sistema pod obratovalnimi obremenitvami preverite, ali so vse hidravli\u010dne povezave tesne in ne pu\u0161\u010dajo. Redno spremljajte namestitev glede morebitnih znakov neporavnanosti ali obrabe in nemudoma odpravite te\u017eave, da ohranite delovanje.<\/p>\n<h2>Pogosta vzdr\u017eevalna opravila<\/h2>\n<h3>Redni pregledi<\/h3>\n<p>Redni pregledi cilindra roke so klju\u010dnega pomena za prepoznavanje morebitnih te\u017eav, preden se stopnjujejo. Preverite morebitne znake obrabe, kot so praske ali udrtine na ohi\u0161ju cilindra, in preverite tesnila za morebitne znake pu\u0161\u010danja teko\u010dine. Pravo\u010dasno odkrivanje te\u017eav omogo\u010da preventivne ukrepe, ki zagotavljajo u\u010dinkovito in varno delovanje cilindra.<\/p>\n<h3>Ustrezno mazanje<\/h3>\n<p>Vzdr\u017eevanje ustreznega mazanja je klju\u010dnega pomena za dolgo \u017eivljenjsko dobo hidravli\u010dnega cilindra. Zagotovite uporabo pravilne vrste hidravli\u010dnega olja in njegovo redno dolivanje v skladu s priporo\u010dili proizvajalca. Pravilno mazanje zmanj\u0161a trenje in obrabo ter s tem izbolj\u0161a delovanje in \u017eivljenjsko dobo cilindra.<\/p>\n<h3>Zamenjava tesnil in preverjanje kalibracije<\/h3>\n<p>Redno preverjajte stanje tesnil in jih po potrebi zamenjajte, da prepre\u010dite pu\u0161\u010danje. Preverjanje kalibracije zagotavlja, da jeklenka deluje v skladu s svojimi konstrukcijskimi specifikacijami, pri \u010demer vzdr\u017euje pravilen tlak in funkcionalnost. Ta postopek je bistvenega pomena za zagotovitev u\u010dinkovitega delovanja in prepre\u010devanje mehanskih okvar.<\/p>\n<p><img decoding=\"async\" src=\"https:\/\/www.hydraulic-cylinders.net\/wp-content\/uploads\/2025\/04\/songte-chushion-collar.webp\" alt=\"Blazinasti ovratnik\"><\/p>\n<h2>Varnostni vidiki in okoljski dejavniki<\/h2>\n<p>Pri delu s hidravli\u010dnimi sistemi je klju\u010dnega pomena dati prednost varnostnim ukrepom. Upravljavci morajo biti usposobljeni za varno ravnanje s hidravli\u010dno opremo in se zavedati morebitnih tveganj, povezanih s pu\u0161\u010danjem hidravli\u010dne teko\u010dine. Izvajanje varnostnih protokolov, kot sta uporaba osebne za\u0161\u010ditne opreme (OZO) in redni varnostni pregledi, lahko pomaga zmanj\u0161ati tveganja in zagotoviti varno delovno okolje.<\/p>\n<h2>Odpravljanje te\u017eav in pogoste te\u017eave<\/h2>\n<ul>\n<li><strong>Izguba mo\u010di:<\/strong> \u010ce cilinder roke izgublja mo\u010d ali se premika po\u010dasi, to lahko ka\u017ee na nizko raven hidravli\u010dne teko\u010dine ali zrak v sistemu. Preverite raven teko\u010dine in po potrebi odzra\u010dite sistem.<\/li>\n<li><strong>Pu\u0161\u010danje:<\/strong> Pu\u0161\u010danje hidravli\u010dne teko\u010dine lahko ogrozi delovanje cilindra. Preverite tesnila in priklju\u010dke glede obrabe ali po\u0161kodb ter zamenjajte vse okvarjene komponente.<\/li>\n<li><strong>Neusklajenost:<\/strong> \u010ce valj ne deluje gladko, preverite poravnavo monta\u017enih nosilcev in samega valja. Nepravilna poravnava lahko povzro\u010di neenakomerno obrabo in morebitno \u0161kodo.<\/li>\n<\/ul>\n<p>Za u\u010dinkovito diagnosticiranje in odpravljanje te\u017eav se morajo upravljavci seznaniti z normalnimi obratovalnimi parametri hidravli\u010dnega sistema. Redno usposabljanje in vzdr\u017eevalni postopki lahko mo\u010dno zmanj\u0161ajo pojav te\u017eav in zagotovijo nemoteno delovanje.<\/p>\n<p><img decoding=\"async\" src=\"https:\/\/www.hydraulic-cylinders.net\/wp-content\/uploads\/2025\/04\/songte-bushings-with-all-kinds-of-excavator-models.webp\" alt=\"Pu\u0161e z modeli bagrov\"><\/p>\n<h2>O na\u0161em podjetju<\/h2>\n<p>Smo vodilni proizvajalec in veletrgovec hidravli\u010dnih cilindrov, specializiran za zagotavljanje visokokakovostnih nadomestkov za razli\u010dne hidravli\u010dne sisteme. Na\u0161a \u0161iroka paleta izdelkov nas je uveljavila kot klju\u010dnega akterja tako na doma\u010dem kot na mednarodnem trgu. Zavzemamo se za odli\u010dnost v kakovosti in uporabljamo prefinjeno strategijo upravljanja proizvodnje. Na\u0161e podjetje nenehno izbolj\u0161uje svojo proizvodno platformo z napredno tehnologijo, vrhunsko proizvodno opremo in profesionalnimi sistemi za testiranje.<\/p>\n<p>Na\u0161e zmogljivosti vklju\u010dujejo:<\/p>\n<ul>\n<li><strong>Strokovno znanje:<\/strong> Na\u0161a ekipa je sestavljena iz usposobljenih strokovnjakov z bogatimi izku\u0161njami na podro\u010dju hidravli\u010dnih sistemov.<\/li>\n<li><strong>Mednarodni certifikati:<\/strong> Na\u0161i izdelki ustrezajo mednarodnim standardom, kar zagotavlja zanesljivost in varnost.<\/li>\n<li><strong>Storitve prilagajanja:<\/strong> Ponujamo prilagojene re\u0161itve, ki ustrezajo specifi\u010dnim potrebam strank in operativnim zahtevam.<\/li>\n<li><strong>Najsodobnej\u0161a oprema:<\/strong> Na\u0161 proizvodni obrat je opremljen s sodobnimi stroji za pove\u010danje u\u010dinkovitosti in natan\u010dnosti proizvodnje.<\/li>\n<li><strong>Celovita poprodajna podpora:<\/strong> Zavezani smo k zagotavljanju izjemne storitve in podpore strankam ter zagotavljanju zadovoljstva skozi celoten \u017eivljenjski cikel izdelka.<\/li>\n<\/ul>\n<p><img decoding=\"async\" src=\"https:\/\/www.hydraulic-cylinders.net\/wp-content\/uploads\/2025\/04\/songte-company-4.webp\" alt=\"Pregled podjetja\"><br \/>\n<img decoding=\"async\" src=\"https:\/\/www.hydraulic-cylinders.net\/wp-content\/uploads\/2025\/04\/songte-company-3.webp\" alt=\"Prostori podjetja\"><\/p>\n<p>Avtor: lyl<\/p>","protected":false},"excerpt":{"rendered":"<p>Boom Cylinder For XCMG Small Excavator XE65CA Product Overview The Boom Cylinder for XCMG Small Excavator XE65CA is an essential component in the hydraulic system of excavators. This hydraulic cylinder is specifically designed to control the movement of the boom, allowing it to lift, lower, and tilt. This capability is crucial for various material handling [&hellip;]<\/p>","protected":false},"featured_media":17870,"comment_status":"open","ping_status":"closed","template":"","meta":{"_et_pb_use_builder":"","_et_pb_old_content":"","_et_gb_content_width":""},"product_brand":[],"product_cat":[1546],"product_tag":[1547,1496],"class_list":{"0":"post-19184","1":"product","2":"type-product","3":"status-publish","4":"has-post-thumbnail","6":"product_cat-boom-cylinders","7":"product_tag-boom-cylinders","8":"product_tag-hydraulic-cylinders","10":"first","11":"instock","12":"shipping-taxable","13":"product-type-simple"},"amp_enabled":true,"_links":{"self":[{"href":"https:\/\/www.hydraulic-cylinders.net\/sl\/wp-json\/wp\/v2\/product\/19184","targetHints":{"allow":["GET"]}}],"collection":[{"href":"https:\/\/www.hydraulic-cylinders.net\/sl\/wp-json\/wp\/v2\/product"}],"about":[{"href":"https:\/\/www.hydraulic-cylinders.net\/sl\/wp-json\/wp\/v2\/types\/product"}],"replies":[{"embeddable":true,"href":"https:\/\/www.hydraulic-cylinders.net\/sl\/wp-json\/wp\/v2\/comments?post=19184"}],"wp:featuredmedia":[{"embeddable":true,"href":"https:\/\/www.hydraulic-cylinders.net\/sl\/wp-json\/wp\/v2\/media\/17870"}],"wp:attachment":[{"href":"https:\/\/www.hydraulic-cylinders.net\/sl\/wp-json\/wp\/v2\/media?parent=19184"}],"wp:term":[{"taxonomy":"product_brand","embeddable":true,"href":"https:\/\/www.hydraulic-cylinders.net\/sl\/wp-json\/wp\/v2\/product_brand?post=19184"},{"taxonomy":"product_cat","embeddable":true,"href":"https:\/\/www.hydraulic-cylinders.net\/sl\/wp-json\/wp\/v2\/product_cat?post=19184"},{"taxonomy":"product_tag","embeddable":true,"href":"https:\/\/www.hydraulic-cylinders.net\/sl\/wp-json\/wp\/v2\/product_tag?post=19184"}],"curies":[{"name":"delovni list","href":"https:\/\/api.w.org\/{rel}","templated":true}]}}