{"id":19186,"date":"2025-04-07T06:17:08","date_gmt":"2025-04-07T06:17:08","guid":{"rendered":"https:\/\/www.hydraulic-cylinders.net\/product\/boom-cylinder-for-xcmg-small-excavator-xe135b\/"},"modified":"2025-04-07T06:17:11","modified_gmt":"2025-04-07T06:17:11","slug":"boom-cylinder-for-xcmg-small-excavator-xe135b","status":"publish","type":"product","link":"https:\/\/www.hydraulic-cylinders.net\/sl\/izdelek\/boom-cylinder-for-xcmg-small-excavator-xe135b\/","title":{"rendered":"Cilinder roke za majhen bager XCMG XE135B"},"content":{"rendered":"<h1>Cilinder roke za majhen bager XCMG XE135B<\/h1>\n<h2>Uvod v cilinder roke<\/h2>\n<p>Cilinder roke, klju\u010dni sestavni del hidravli\u010dnih sistemov, je zasnovan za nadzor gibanja \u017elice v razli\u010dnih te\u017ekih strojih, kot so bagri, bagri nakladalniki in \u010delni nakladalniki. Omogo\u010da dvigovanje, spu\u0161\u010danje in nagibanje \u017elice, kar olaj\u0161a u\u010dinkovito ravnanje z materiali. Cilinder roke deluje s hidravli\u010dnim tlakom, kar omogo\u010da gladke in natan\u010dne gibe, ki so bistveni za naloge, ki vklju\u010dujejo kopanje, dvigovanje in prevoz materialov.<\/p>\n<p><img decoding=\"async\" src=\"https:\/\/www.hydraulic-cylinders.net\/wp-content\/uploads\/2025\/04\/songte-company-1.webp\" alt=\"Slika cilindra roke\"><\/p>\n<p>V bistvu cilinder roke slu\u017ei kot aktuator v te\u017eki opremi, ki pretvarja hidravli\u010dno energijo v mehansko energijo. Njegova vloga je klju\u010dnega pomena pri opravljanju razli\u010dnih funkcij, od izkopavanja do prevoza materiala, zaradi \u010desar je nepogre\u0161ljiv v gradbeni in kmetijski mehanizaciji.<\/p>\n<h2>Zna\u010dilnosti cilindra roke<\/h2>\n<ul>\n<li>\n<h3>Visoka trdnost in vzdr\u017eljivost<\/h3>\n<p>Cilinder roke, izdelan iz visoko trdnega jekla ali aluminija, je zasnovan tako, da prenese visok tlak in velike obremenitve, zaradi \u010desar je primeren za zahtevna delovna okolja. Njegova konstrukcija upo\u0161teva odpornost proti obrabi in koroziji, kar znatno podalj\u0161a njegovo \u017eivljenjsko dobo.<\/p>\n<\/li>\n<li>\n<h3>U\u010dinkovito hidravli\u010dno delovanje<\/h3>\n<p>Cilinder uporablja hidravli\u010dni tlak olja za gladko iztegovanje in vstavljanje, kar omogo\u010da hiter odziv na krmilne ukaze. To zagotavlja mo\u010dne potisne in vle\u010dne sile, zaradi \u010desar je u\u010dinkovit pri rokovanju s te\u017ekimi predmeti in kompleksnih nalogah.<\/p>\n<\/li>\n<li>\n<h3>Raznolikost vrst<\/h3>\n<p>Glede na operativne potrebe je cilinder roke na voljo v enosmerni (deluje v eno smer) ali dvosmerni (deluje v obe smeri) konfiguraciji. Nekateri modeli so teleskopski, kar omogo\u010da ve\u010dji izvle\u010dek brez pove\u010danja zunanjih dimenzij, kar je idealno za aplikacije z omejenim prostorom.<\/p>\n<\/li>\n<li>\n<h3>Precizno in\u017eenirstvo<\/h3>\n<p>Vsak valj roke je izdelan natan\u010dno, da zagotavlja optimalno delovanje v zahtevnih pogojih. Zasnova vklju\u010duje napredne proizvodne tehnike, ki pove\u010dujejo zanesljivost in u\u010dinkovitost.<\/p>\n<\/li>\n<li>\n<h3>Zmogljivosti izdelave po meri<\/h3>\n<p>Ta izdelek lahko izdelamo po meri specifi\u010dnih zahtev, kar zagotavlja, da lahko na\u0161i cilindri roke brezhibno nadomestijo obstoje\u010de hidravli\u010dne cilindre v razli\u010dnih aplikacijah.<\/p>\n<\/li>\n<\/ul>\n<p><img decoding=\"async\" src=\"https:\/\/www.hydraulic-cylinders.net\/wp-content\/uploads\/2025\/04\/songte-cylinder-head-with-all-kinds-excavator-models.webp\" alt=\"Slika glave valja\"><\/p>\n<h2>Uporaba cilindra roke<\/h2>\n<ul>\n<li>\n<h3>Gradbena oprema<\/h3>\n<p>Pri bagrih ima cilinder roke klju\u010dno vlogo pri kopanju, nakladanju in premikanju zemlje ali ru\u0161evin. Njegova sposobnost nadzora kota in polo\u017eaja \u017elice omogo\u010da upravljavcem natan\u010dno opravljanje nalog. Pri bagrih nakladalnikih cilinder roke pomaga tako pri kopanju kot pri dvigovanju, zaradi \u010desar je vsestranski za razli\u010dna gradbena opravila.<\/p>\n<\/li>\n<li>\n<h3>Kmetijska mehanizacija<\/h3>\n<p>\u010celni nakladalniki se za zajemanje, dvigovanje in prevoz zemlje, sena in drugih materialov zana\u0161ajo na cilindre roke. U\u010dinkovitost teh cilindrov omogo\u010da kmetom u\u010dinkovito upravljanje svojih operacij, kar pove\u010duje produktivnost med \u017eetvijo in ravnanjem z materiali.<\/p>\n<\/li>\n<li>\n<h3>Bagri<\/h3>\n<p>Pri bagrih je cilinder roke bistvenega pomena za to, da \u017elica prodre v zemljo, kar omogo\u010da u\u010dinkovito kopanje. Ta zmogljivost je klju\u010dnega pomena pri gradbenih in krajinskih projektih, kjer sta potrebna globina in natan\u010dnost izkopa.<\/p>\n<\/li>\n<li>\n<h3>Nakladalci<\/h3>\n<p>Pri \u010delnih nakladalnikih so cilindri roke odgovorni za u\u010dinkovito dvigovanje in razkladanje tovora. Njihovo zanesljivo delovanje zagotavlja, da lahko upravljavci hitro in u\u010dinkovito premikajo materiale, kar je bistvenega pomena pri razli\u010dnih opravilih ravnanja z materiali.<\/p>\n<\/li>\n<\/ul>\n<h2>Oblikovalski vidiki in izbirna merila<\/h2>\n<ul>\n<li>\n<h3>Nosilnost<\/h3>\n<p>Eden glavnih dejavnikov pri na\u010drtovanju cilindrov roke je nosilnost. Klju\u010dnega pomena je zagotoviti, da lahko valj prenese najve\u010dje pri\u010dakovane obremenitve brez deformacij ali okvar. To vklju\u010duje izbiro materialov in dimenzij, ki zagotavljajo zadostno trdnost in stabilnost pod obratovalnim tlakom.<\/p>\n<\/li>\n<li>\n<h3>Tesnilna zmogljivost<\/h3>\n<p>U\u010dinkovitost cilindra roke je mo\u010dno odvisna od njegove tesnilne sposobnosti. Visokokakovostna tesnila prepre\u010dujejo pu\u0161\u010danje hidravli\u010dne teko\u010dine, ohranjajo tlak in u\u010dinkovitost. Izbira tesnil, kot so O-tesnila in tesnila bata iz trpe\u017enih materialov, igra pomembno vlogo pri podalj\u0161anju \u017eivljenjske dobe cilindra in zmanj\u0161evanju potreb po vzdr\u017eevanju.<\/p>\n<\/li>\n<li>\n<h3>Vzdr\u017eljivost<\/h3>\n<p>Vzdr\u017eljivost je klju\u010dni dejavnik pri na\u010drtovanju cilindrov roke, zlasti v zahtevnih delovnih okoljih. Med na\u010drtovanjem je treba upo\u0161tevati dejavnike, kot so odpornost proti koroziji, odpornost proti obrabi in sposobnost prena\u0161anja ekstremnih temperatur, da se zagotovi dolga \u017eivljenjska doba in zanesljivost.<\/p>\n<\/li>\n<li>\n<h3>Varnostne funkcije<\/h3>\n<p>Vklju\u010ditev varnostnih elementov v zasnovo cilindrov roke je bistvenega pomena za prepre\u010devanje nesre\u010d in zagotavljanje varnega delovanja. Funkcije, kot so tla\u010dni varnostni ventili in mehanizmi za za\u0161\u010dito pred preobremenitvijo, pove\u010dujejo varnost opreme in njenih upravljavcev.<\/p>\n<\/li>\n<li>\n<h3>Dostopnost vzdr\u017eevanja<\/h3>\n<p>Zasnova cilindrov roke z mislijo na vzdr\u017eevanje lahko mo\u010dno poenostavi postopek vzdr\u017eevanja. To vklju\u010duje enostaven dostop do tesnil in drugih komponent za pregled in zamenjavo, kar pomaga ohranjati optimalno delovanje z minimalnim \u010dasom izpada.<\/p>\n<\/li>\n<\/ul>\n<p><img decoding=\"async\" src=\"https:\/\/www.hydraulic-cylinders.net\/wp-content\/uploads\/2025\/04\/songte-oil-pipes-and-spare-parts.webp\" alt=\"Slika oljnih cevi in \u200b\u200brezervnih delov\"><\/p>\n<h2>Tesnjenje in mazanje<\/h2>\n<p>Pravilno tesnjenje in mazanje sta klju\u010dnega pomena za delovanje cilindrov roke. Razli\u010dne tesnilne komponente, kot so tesnila bata in ojnice, so bistvene za prepre\u010devanje pu\u0161\u010danja hidravli\u010dne teko\u010dine. Izbira materialov za ta tesnila, vklju\u010dno s poliuretanom in nitrilno gumo, je klju\u010dnega pomena za njihovo vzdr\u017eljivost in u\u010dinkovitost v okoljih z visokim tlakom.<\/p>\n<p>Telo valja in navojne kon\u010dne povr\u0161ine so natan\u010dno obdelane za pove\u010danje odpornosti proti obrabi, kar je pomembno za ohranjanje celovitosti tesnil. Redno mazanje s hidravli\u010dnim oljem je potrebno za zmanj\u0161anje trenja in obrabe med gibljivimi deli, kar zagotavlja nemoteno delovanje valja.<\/p>\n<p>Vzdr\u017eevanje ustrezne koli\u010dine hidravli\u010dnega olja je bistvenega pomena za optimalno delovanje. Nezadostno mazanje lahko povzro\u010di ve\u010djo obrabo in morebitne okvare, prekomerno mazanje pa lahko povzro\u010di kopi\u010denje tlaka in pu\u0161\u010danje. Zato je upo\u0161tevanje priporo\u010denega na\u010drta mazanja klju\u010dnega pomena za dolgo \u017eivljenjsko dobo cilindra roke.<\/p>\n<h2>Preventivni vzdr\u017eevalni ukrepi<\/h2>\n<ul>\n<li>\n<h3>Redni pregledi<\/h3>\n<p>Redni pregledi cilindra roke so bistvenega pomena za zgodnje odkrivanje morebitnih znakov obrabe ali po\u0161kodb. To vklju\u010duje preverjanje pu\u0161\u010danja, pregled tesnil in zagotavljanje celovitosti ohi\u0161ja cilindra. Zgodnje odkrivanje te\u017eav lahko prepre\u010di ve\u010dje te\u017eave in draga popravila.<\/p>\n<\/li>\n<li>\n<h3>Pravilno mazanje<\/h3>\n<p>Za u\u010dinkovito delovanje cilindra roke je klju\u010dnega pomena zagotoviti ustrezno mazanje. Upo\u0161tevanje priporo\u010dil proizvajalca glede intervalov in koli\u010din mazanja bo pripomoglo k nemotenemu delovanju cilindra in zmanj\u0161alo obrabo komponent. Pomembno je tudi redno preverjanje stanja hidravli\u010dnega olja, saj lahko onesna\u017eeno olje povzro\u010di okvare.<\/p>\n<\/li>\n<li>\n<h3>Zamenjava tesnila<\/h3>\n<p>S\u010dasoma se tesnila lahko obrabijo in postanejo neu\u010dinkovita. Vzpostavitev rutine za pregled in zamenjavo tesnil lahko pomaga ohranjati delovanje cilindra roke. Uporaba visokokakovostnih nadomestnih tesnil je klju\u010dnega pomena za zagotovitev zdru\u017eljivosti in dolge \u017eivljenjske dobe.<\/p>\n<\/li>\n<\/ul>\n<h2>Navodila za namestitev<\/h2>\n<p>Pravilna namestitev cilindra roke je klju\u010dnega pomena za njegovo delovanje. Najprej se prepri\u010dajte, da so nosilci varno pritrjeni na stroj v skladu s specifikacijami proizvajalca. Pravilna poravnava cilindra je bistvenega pomena; napa\u010dna poravnava lahko povzro\u010di prezgodnjo obrabo in okvaro. Uporaba ustreznega pritrdilnega materiala in podpor bo pomagala ohranjati pravilen polo\u017eaj med delovanjem.<\/p>\n<p>Pred namestitvijo preverite, ali so vse povr\u0161ine \u010diste in brez umazanije. Za nemoteno delovanje nama\u017eite pritrdilne to\u010dke, kot je predpisano. Ko je cilinder roke name\u0161\u010den, izvedite vrsto testov, da potrdite, da deluje pravilno brez pu\u0161\u010danja ali ovir. Spremljanje za\u010detnih operacij bo pomagalo zgodaj odkriti morebitne te\u017eave s poravnavo ali namestitvijo.<\/p>\n<h2>Vzdr\u017eevalna opravila<\/h2>\n<ul>\n<li>\n<h3>Redni pregledi<\/h3>\n<p>Redni pregledi cilindra roke so klju\u010dnega pomena za odkrivanje morebitnih znakov obrabe ali po\u0161kodb. To vklju\u010duje pregled pu\u0161\u010danja, oceno delovanja tesnil in zagotavljanje nemotenega delovanja cilindra brez nenavadnih zvokov.<\/p>\n<\/li>\n<li>\n<h3>Ustrezno mazanje<\/h3>\n<p>Zagotavljanje ustreznega mazanja je klju\u010dnega pomena za dolgo \u017eivljenjsko dobo cilindra roke. Redno mazanje pomaga zmanj\u0161ati trenje in obrabo. Za optimalno delovanje je bistveno upo\u0161tevati priporo\u010dila proizvajalca glede intervalov mazanja in vrste hidravli\u010dnega olja.<\/p>\n<\/li>\n<li>\n<h3>Zamenjava in kalibracija tesnila<\/h3>\n<p>S\u010dasoma se tesnila obrabijo in jih je treba zamenjati. Redni pregledi lahko pomagajo ugotoviti, kdaj je treba tesnila zamenjati. Izvajati je treba tudi kalibracijske preglede, da se zagotovi delovanje jeklenke znotraj dolo\u010denih parametrov, kar prispeva k njeni splo\u0161ni u\u010dinkovitosti in varnosti.<\/p>\n<\/li>\n<\/ul>\n<p><img decoding=\"async\" src=\"https:\/\/www.hydraulic-cylinders.net\/wp-content\/uploads\/2025\/04\/songte-chushion-collar.webp\" alt=\"Slika ovratnika z blazino\"><\/p>\n<h2>Varnostni vidiki in okoljski dejavniki<\/h2>\n<p>Pri razpravi o cilindrih roke so varnostni ukrepi najpomembnej\u0161i. Med delovanjem in vzdr\u017eevanjem je klju\u010dnega pomena izvajati varnostne postopke za za\u0161\u010dito tako upravljavcev kot opreme. Upravljavci morajo biti usposobljeni za prepoznavanje morebitnih nevarnosti, povezanih s hidravli\u010dnimi sistemi, vklju\u010dno s tveganji pu\u0161\u010danja in visokotla\u010dnega brizganja teko\u010dine.<\/p>\n<p>Poleg tega lahko okoljski dejavniki, kot je izpostavljenost ekstremnim temperaturam in korozivnim elementom, znatno vplivajo na delovanje in dolgo \u017eivljenjsko dobo cilindrov roke. Uporaba za\u0161\u010ditnih ukrepov in materialov, ki prenesejo te\u017eke pogoje, je klju\u010dnega pomena za ohranjanje varnosti in u\u010dinkovitosti delovanja.<\/p>\n<h2>Odpravljanje te\u017eav in pogoste te\u017eave<\/h2>\n<ul>\n<li>\n<h3>Pu\u0161\u010danje<\/h3>\n<p>Pu\u0161\u010danje je ena najpogostej\u0161ih te\u017eav, s katerimi se soo\u010dajo cilindri roke. Klju\u010dnega pomena je ugotoviti vir pu\u0161\u010danja, saj lahko izvira iz obrabljenih tesnil ali po\u0161kodbe ohi\u0161ja cilindra. Redni pregledi in pravo\u010dasna zamenjava obrabljenih tesnil lahko pomagajo ubla\u017eiti to te\u017eavo.<\/p>\n<\/li>\n<li>\n<h3>Nedosledna u\u010dinkovitost delovanja<\/h3>\n<p>\u010ce delovanje cilindra roke ni konstantno, to lahko ka\u017ee na te\u017eave z nivojem hidravli\u010dne teko\u010dine ali kontaminacijo. Preverjanje nivoja teko\u010dine in zagotavljanje \u010disto\u010de hidravli\u010dnega olja sta bistvena koraka za odpravo te te\u017eave. Redno vzdr\u017eevanje lahko prepre\u010di tak\u0161ne neenakomerne delovanje.<\/p>\n<\/li>\n<li>\n<h3>Pregrevanje<\/h3>\n<p>Pregrevanje hidravli\u010dnega sistema lahko povzro\u010di okvaro cilindra roke. To je lahko posledica nezadostnega mazanja ali prekomernih obratovalnih obremenitev. Spremljanje obratovalnih pogojev in zagotavljanje, da valj ni izpostavljen prekomernemu tlaku, lahko pomagata prepre\u010diti pregrevanje.<\/p>\n<\/li>\n<\/ul>\n<p><img decoding=\"async\" src=\"https:\/\/www.hydraulic-cylinders.net\/wp-content\/uploads\/2025\/04\/songte-bushings-with-all-kinds-of-excavator-models.webp\" alt=\"Slika pu\u0161\"><\/p>\n<p>Za u\u010dinkovito diagnosticiranje in re\u0161evanje teh te\u017eav morajo upravljavci upo\u0161tevati sistemati\u010den pristop k odpravljanju te\u017eav. Jasno razumevanje obratovalnih parametrov in morebitnih to\u010dk napak omogo\u010da hitrej\u0161e re\u0161evanje te\u017eav in skraj\u0161a \u010das izpada.<\/p>\n<h2>Pregled podjetja<\/h2>\n<p>Smo vodilni proizvajalec alternativnih hidravli\u010dnih cilindrov in ponujamo \u0161iroko paleto izdelkov, ki ustrezajo tako doma\u010demu kot mednarodnemu trgu. Na\u0161a zavezanost odli\u010dnosti se odra\u017ea v na\u0161ih proizvodnih strategijah, ki poudarjajo natan\u010dne proizvodne procese in upravljanje kakovosti. Z mo\u010dnim poudarkom na tehnologiji uporabljamo napredno digitalno proizvodno opremo in profesionalne sisteme testiranja za izbolj\u0161anje na\u0161ih proizvodnih zmogljivosti.<\/p>\n<p>Na\u0161e podjetje se pona\u0161a s svojo sposobnostjo prilagajanja potrebam strank in ponuja prilagojene re\u0161itve, ki izpolnjujejo specifi\u010dne zahteve. Pridobili smo mednarodne certifikate, ki potrjujejo na\u0161o skladnost z globalnimi standardi kakovosti. Na\u0161a poprodajna storitev je robustna in strankam zagotavlja stalno podporo in pomo\u010d \u0161e dolgo po nakupu.<\/p>\n<p><img decoding=\"async\" src=\"https:\/\/www.hydraulic-cylinders.net\/wp-content\/uploads\/2025\/04\/songte-company-4.webp\" alt=\"Slika podjetja 1\"><br \/>\n<img decoding=\"async\" src=\"https:\/\/www.hydraulic-cylinders.net\/wp-content\/uploads\/2025\/04\/songte-company-3.webp\" alt=\"Slika podjetja 2\"><\/p>\n<p>Avtor: lyl<\/p>","protected":false},"excerpt":{"rendered":"<p>Boom Cylinder For XCMG Small Excavator XE135B Introduction to Boom Cylinder The boom cylinder, a crucial component in hydraulic systems, is designed to control the movement of the bucket in various heavy machinery such as excavators, backhoe loaders, and front-end loaders. It enables the bucket to lift, lower, and tilt, facilitating material handling tasks efficiently. [&hellip;]<\/p>","protected":false},"featured_media":17872,"comment_status":"open","ping_status":"closed","template":"","meta":{"_et_pb_use_builder":"","_et_pb_old_content":"","_et_gb_content_width":""},"product_brand":[],"product_cat":[1546],"product_tag":[1547,1496],"class_list":{"0":"post-19186","1":"product","2":"type-product","3":"status-publish","4":"has-post-thumbnail","6":"product_cat-boom-cylinders","7":"product_tag-boom-cylinders","8":"product_tag-hydraulic-cylinders","10":"first","11":"instock","12":"shipping-taxable","13":"product-type-simple"},"amp_enabled":true,"_links":{"self":[{"href":"https:\/\/www.hydraulic-cylinders.net\/sl\/wp-json\/wp\/v2\/product\/19186","targetHints":{"allow":["GET"]}}],"collection":[{"href":"https:\/\/www.hydraulic-cylinders.net\/sl\/wp-json\/wp\/v2\/product"}],"about":[{"href":"https:\/\/www.hydraulic-cylinders.net\/sl\/wp-json\/wp\/v2\/types\/product"}],"replies":[{"embeddable":true,"href":"https:\/\/www.hydraulic-cylinders.net\/sl\/wp-json\/wp\/v2\/comments?post=19186"}],"wp:featuredmedia":[{"embeddable":true,"href":"https:\/\/www.hydraulic-cylinders.net\/sl\/wp-json\/wp\/v2\/media\/17872"}],"wp:attachment":[{"href":"https:\/\/www.hydraulic-cylinders.net\/sl\/wp-json\/wp\/v2\/media?parent=19186"}],"wp:term":[{"taxonomy":"product_brand","embeddable":true,"href":"https:\/\/www.hydraulic-cylinders.net\/sl\/wp-json\/wp\/v2\/product_brand?post=19186"},{"taxonomy":"product_cat","embeddable":true,"href":"https:\/\/www.hydraulic-cylinders.net\/sl\/wp-json\/wp\/v2\/product_cat?post=19186"},{"taxonomy":"product_tag","embeddable":true,"href":"https:\/\/www.hydraulic-cylinders.net\/sl\/wp-json\/wp\/v2\/product_tag?post=19186"}],"curies":[{"name":"delovni list","href":"https:\/\/api.w.org\/{rel}","templated":true}]}}