{"id":19194,"date":"2025-04-07T06:17:29","date_gmt":"2025-04-07T06:17:29","guid":{"rendered":"https:\/\/www.hydraulic-cylinders.net\/product\/boom-cylinder-for-xcmg-middle-excavator-xe235c\/"},"modified":"2025-04-07T06:17:31","modified_gmt":"2025-04-07T06:17:31","slug":"boom-cylinder-for-xcmg-middle-excavator-xe235c","status":"publish","type":"product","link":"https:\/\/www.hydraulic-cylinders.net\/sl\/izdelek\/boom-cylinder-for-xcmg-middle-excavator-xe235c\/","title":{"rendered":"Cilinder roke za srednji bager XCMG XE235C"},"content":{"rendered":"<h1>Cilinder roke za srednji bager XCMG XE235C<\/h1>\n<h2>Uvod v cilinder roke<\/h2>\n<p>Cilinder roke je bistvena hidravli\u010dna komponenta, posebej zasnovana za nadzor gibanja \u017elice v te\u017ekih strojih, kot so bagri, bagri in \u010delni nakladalci. Omogo\u010da dvigovanje, spu\u0161\u010danje in nagibanje \u017elice, kar olaj\u0161a u\u010dinkovito ravnanje z materiali. V hidravli\u010dnih sistemih imajo cilindri roke klju\u010dno vlogo pri pretvorbi hidravli\u010dnega tlaka v mehansko silo, ki je potrebna za izvajanje razli\u010dnih operacij v gradbeni\u0161tvu in industriji. Ti cilindri so zasnovani tako, da prenesejo visoke tlake in velike obremenitve, zaradi \u010desar so nepogre\u0161ljivi v \u0161tevilnih strojnih aplikacijah.<\/p>\n<p><img decoding=\"async\" src=\"https:\/\/www.hydraulic-cylinders.net\/wp-content\/uploads\/2025\/04\/songte-company-1.webp\" alt=\"Cilinder roke\"><\/p>\n<h2>Klju\u010dne zna\u010dilnosti cilindra roke<\/h2>\n<ul>\n<li><strong>Visoka trdnost in vzdr\u017eljivost:<\/strong> Cilinder roke, ki je obi\u010dajno izdelan iz visoko trdnega jekla ali aluminija, lahko prenese visok tlak in velike obremenitve. Njegova zasnova upo\u0161teva odpornost proti obrabi in koroziji, kar zagotavlja dolgo \u017eivljenjsko dobo.<\/li>\n<li><strong>U\u010dinkovito hidravli\u010dno delovanje:<\/strong> Cilinder uporablja hidravli\u010dni tlak olja za gladko iztegovanje in vstavljanje, kar omogo\u010da hiter odziv na krmilne ukaze, hkrati pa zagotavlja mo\u010dno vle\u010dno in potisno silo, idealno za te\u017eke in kompleksne operacije.<\/li>\n<li><strong>Razli\u010dne vrste:<\/strong> Na voljo so mo\u017enosti za enosmerno delujo\u010de (hidravli\u010dno delovanje v eno smer) ali dvosmerno delujo\u010de (hidravli\u010dno delovanje v obe smeri) cilindre za razli\u010dne operativne potrebe. Nekateri modeli so teleskopski, kar omogo\u010da ve\u010dji razteg brez pove\u010danja zunanjih dimenzij, primerni za aplikacije z omejenim prostorom.<\/li>\n<li><strong>Zdru\u017eljivost:<\/strong> Na\u0161i izdelki so zasnovani tako, da popolnoma nadomestijo razli\u010dne hidravli\u010dne cilindre in zagotavljajo brezhibno integracijo z obstoje\u010dimi stroji.<\/li>\n<li><strong>Re\u0161itve po meri:<\/strong> Ponujamo prilagojene re\u0161itve, ki temeljijo na specifi\u010dnih operativnih zahtevah, in zagotavljamo ustrezno prilagoditev za vsako aplikacijo.<\/li>\n<\/ul>\n<p><img decoding=\"async\" src=\"https:\/\/www.hydraulic-cylinders.net\/wp-content\/uploads\/2025\/04\/songte-cylinder-head-with-all-kinds-excavator-models.webp\" alt=\"Zdru\u017eljivost cilindra roke\"><\/p>\n<h2>Scenariji uporabe<\/h2>\n<h3>Gradbena oprema<\/h3>\n<p>Pri bagrih je cilinder roke klju\u010dnega pomena za kopanje, nakladanje in premikanje zemlje ali ru\u0161evin. Zagotavlja potrebno silo, da \u017elica u\u010dinkovito prodre v tla, zaradi \u010desar je bistvena komponenta pri izkopavanjih. Pri uporabi v bagrih cilinder roke prispeva tako k kopanju kot dvigovanju, kar pove\u010duje vsestranskost stroja.<\/p>\n<h3>Kmetijska mehanizacija<\/h3>\n<p>Pri \u010delnih nakladalnikih se cilindri roke uporabljajo za zajemanje, dvigovanje in prevoz zemlje, sena in drugih materialov. Zaradi svoje sposobnosti preva\u017eanja te\u017ekih bremen in izvajanja razli\u010dnih manevrov so neprecenljivi v kmetijskih okoljih, saj poenostavljajo naloge, kot sta nakladanje in razkladanje materiala.<\/p>\n<h3>Bagri<\/h3>\n<p>Cilinder roke omogo\u010da, da \u017elica u\u010dinkovito prodre v zemljo, kar olaj\u0161a kopanje, ki je bistvenega pomena za razli\u010dne gradbene in krajinske projekte. Njegova u\u010dinkovitost neposredno vpliva na produktivnost in operativni uspeh pri izkopavanjih.<\/p>\n<h3>Nakladalci<\/h3>\n<p>Pri \u010delnih nakladalnikih cilindri roke pomagajo pri u\u010dinkovitem dvigovanju in odlaganju materialov. Omogo\u010dajo nakladalniku ravnanje s te\u017ekimi bremeni, zaradi \u010desar so bistveni za naloge, kot so prevoz agregatov, zemlje in drugih te\u017ekih materialov.<\/p>\n<h2>Oblikovalski vidiki in standardi izbire<\/h2>\n<h3>Nosilnost<\/h3>\n<p>Pri na\u010drtovanju cilindra roke je nosilnost najpomembnej\u0161a. Valj mora biti sposoben prenesti najve\u010djo pri\u010dakovano obremenitev med delovanjem brez okvare. To vklju\u010duje upo\u0161tevanje dejavnikov, kot sta te\u017ea materialov, s katerimi se ravna, in delovno okolje.<\/p>\n<h3>Tesnjenje<\/h3>\n<p>U\u010dinkovito tesnjenje je klju\u010dnega pomena za prepre\u010devanje pu\u0161\u010danja hidravli\u010dne teko\u010dine, ki lahko ogrozi delovanje in varnost. Celovitost tesnil, kot so tesnila bata in ojnice, zagotavlja optimalno delovanje in podalj\u0161uje \u017eivljenjsko dobo valja.<\/p>\n<h3>Vzdr\u017eljivost<\/h3>\n<p>Vzdr\u017eljivost je klju\u010dnega pomena za cilindre roke, ki delujejo v zahtevnih okoljih. Uporabljeni materiali in premazi morajo biti odporni proti obrabi in koroziji, da se podalj\u0161a \u017eivljenjska doba cilindra, zlasti pri zunanji uporabi, izpostavljeni vremenskim vplivom.<\/p>\n<h3>Varnost<\/h3>\n<p>Varnost je klju\u010dni dejavnik pri na\u010drtovanju cilindrov roke. Vgrajene morajo biti ustrezne varnostne funkcije za za\u0161\u010dito tako upravljavcev kot strojev. To vklju\u010duje tla\u010dne varnostne ventile in mehanizme za zaustavitev v sili, da se prepre\u010dijo nesre\u010de med delovanjem.<\/p>\n<h3>Vzdr\u017eevanje<\/h3>\n<p>Zasnova za enostavno vzdr\u017eevanje je pomembna za zagotovitev, da je mogo\u010de jeklenke servisirati brez dalj\u0161ih izpadov. To vklju\u010duje funkcije, ki omogo\u010dajo enostaven dostop do notranjih komponent za popravila ali zamenjave.<\/p>\n<p><img decoding=\"async\" src=\"https:\/\/www.hydraulic-cylinders.net\/wp-content\/uploads\/2025\/04\/songte-oil-pipes-and-spare-parts.webp\" alt=\"Komponente hidravli\u010dnega cilindra\"><\/p>\n<h2>Tesnjenje in mazanje cilindrov roke<\/h2>\n<p>Pravilno tesnjenje in mazanje sta klju\u010dnega pomena za delovanje in dolgo \u017eivljenjsko dobo cilindrov roke. Za prepre\u010devanje pu\u0161\u010danja hidravli\u010dne teko\u010dine se uporabljajo razli\u010dna tesnila, kot so tesnila bata in tesnila palic. Zaradi svoje vzdr\u017eljivosti so prednostna tesnila iz materialov, odpornih proti obrabi, kot sta poliuretan in nitrilna guma.<\/p>\n<p>Telo valja in navojni konci so fino obdelani za ve\u010djo odpornost proti obrabi, kar zagotavlja, da lahko prenesejo obremenitve delovanja. Redno dodajanje hidravli\u010dnega olja za mazanje je potrebno za nemoteno delovanje in prepre\u010devanje prezgodnje obrabe notranjih komponent.<\/p>\n<h2>Preventivni vzdr\u017eevalni ukrepi<\/h2>\n<ul>\n<li><strong>Redni pregledi:<\/strong> Redno preverjajte morebitne znake obrabe ali po\u0161kodb. Ta proaktivni pristop lahko pomaga pri odpravljanju te\u017eav, preden te povzro\u010dijo ve\u010dje okvare.<\/li>\n<li><strong>Pravilno mazanje:<\/strong> Zagotovite, da se v valj redno dodaja hidravli\u010dno olje, da se ohrani mazanje, prepre\u010di obraba in ohrani u\u010dinkovitost.<\/li>\n<li><strong>Zamenjava tesnila:<\/strong> Redno preverjajte in po potrebi zamenjajte tesnila, da prepre\u010dite pu\u0161\u010danje in ohranite hidravli\u010dni tlak.<\/li>\n<\/ul>\n<h2>Navodila za namestitev<\/h2>\n<p>Namestitev cilindra roke zahteva skrbno pozornost, da se zagotovi optimalno delovanje. Tukaj so koraki za pravilno namestitev:<\/p>\n<ol>\n<li><strong>Priprava:<\/strong> Pred namestitvijo se prepri\u010dajte, da so vsi pritrdilni elementi in oprema v dobrem stanju.<\/li>\n<li><strong>Poravnava:<\/strong> Pravilno poravnajte valj s pritrdilnimi to\u010dkami, da prepre\u010dite obremenitev tesnil in prezgodnjo obrabo.<\/li>\n<li><strong>Varna monta\u017ea:<\/strong> Za trdno pritrditev cilindra na mesto uporabite ustrezne pritrdilne nosilce, ki zagotavljajo stabilnost med delovanjem.<\/li>\n<li><strong>Hidravli\u010dni priklju\u010dki:<\/strong> Hidravli\u010dne cevi priklju\u010dite na valj in se prepri\u010dajte, da so vse povezave tesne in ne pu\u0161\u010dajo.<\/li>\n<li><strong>Testiranje:<\/strong> Po namestitvi preizkusite jeklenko v normalnih obratovalnih pogojih, da preverite delovanje in morebitna pu\u0161\u010danja.<\/li>\n<\/ol>\n<h2>Pogosta vzdr\u017eevalna opravila<\/h2>\n<ul>\n<li><strong>Redni pregledi:<\/strong> Pogosto preverjanje znakov obrabe ali morebitnih te\u017eav je bistvenega pomena za ohranjanje delovanja valjev.<\/li>\n<li><strong>Pravilno mazanje:<\/strong> Zagotavljanje ustreznega mazanja je klju\u010dnega pomena za zmanj\u0161anje trenja in obrabe notranjih komponent, s \u010dimer se podalj\u0161a \u017eivljenjska doba valja.<\/li>\n<li><strong>Zamenjava tesnil in kalibracije:<\/strong> Redno menjajte tesnila po potrebi in izvajajte kalibracijske preglede, da zagotovite pravilno delovanje hidravli\u010dnega sistema.<\/li>\n<\/ul>\n<h2>Varnostni vidiki in okoljski dejavniki<\/h2>\n<p>Pri delu z valji roke je izvajanje varnostnih ukrepov klju\u010dnega pomena. Upravljavci se morajo zavedati morebitnih nevarnosti, povezanih s hidravli\u010dnimi sistemi, kot so poki tlaka ali pu\u0161\u010danje teko\u010dine. Zagotavljanje ustreznega usposabljanja in upo\u0161tevanje varnostnih protokolov pomaga zmanj\u0161ati tveganja. Poleg tega je za varno ravnanje in uporabo strojev bistveno upo\u0161tevati okoljske dejavnike med delovanjem, kot so vremenske razmere in teren.<\/p>\n<h2>Diagnoza napak in pogoste te\u017eave<\/h2>\n<ul>\n<li><strong>Pu\u0161\u010danje tesnil:<\/strong> Pogosta te\u017eava je pu\u0161\u010danje hidravli\u010dne teko\u010dine, ki ga pogosto povzro\u010dijo obrabljena ali po\u0161kodovana tesnila. Redni pregledi lahko pomagajo odkriti to zgodaj.<\/li>\n<li><strong>Zmanj\u0161ana zmogljivost:<\/strong> Zmanj\u0161anje odzivnosti valja lahko ka\u017ee na notranjo obrabo ali onesna\u017eenje hidravli\u010dne teko\u010dine.<\/li>\n<li><strong>Nenavadni zvoki:<\/strong> Nenavadni zvoki med delovanjem lahko ka\u017eejo na mehanske te\u017eave ali nepravilno mazanje.<\/li>\n<\/ul>\n<h2>Nasveti za odpravljanje te\u017eav<\/h2>\n<p>Za u\u010dinkovito diagnosticiranje in odpravljanje te\u017eav z cilindrom roke:<\/p>\n<ul>\n<li>Redno izvajajte preglede, da zgodaj odkrijete morebitne te\u017eave.<\/li>\n<li>Vzdr\u017eujte \u010dist hidravli\u010dni sistem, da prepre\u010dite onesna\u017eenje.<\/li>\n<li>Prepri\u010dajte se, da so vsi priklju\u010dki in spoji tesni in varni.<\/li>\n<\/ul>\n<p>Izvajanje preventivnih ukrepov lahko znatno zmanj\u0161a verjetnost ve\u010djih te\u017eav, zagotovi nemoteno delovanje in podalj\u0161a \u017eivljenjsko dobo opreme.<\/p>\n<p><img decoding=\"async\" src=\"https:\/\/www.hydraulic-cylinders.net\/wp-content\/uploads\/2025\/04\/songte-bushings-with-all-kinds-of-excavator-models.webp\" alt=\"Komponente cilindra roke\"><\/p>\n<h2>O na\u0161em podjetju<\/h2>\n<p>Smo vodilni proizvajalec in veletrgovec hidravli\u010dnih cilindrov, specializirani za nadomestne mo\u017enosti. Na\u0161a \u0161iroka paleta izdelkov nas uvr\u0161\u010da med vodilne proizvajalce tako na doma\u010dem kot na mednarodnem trgu. Zavzemamo se za odli\u010dnost v kakovosti, ki jo podpira prefinjena proizvodna strategija, ki poudarja industrijsko upravljanje proizvodnje.<\/p>\n<p>Na\u0161i najsodobnej\u0161i proizvodni obrati uporabljajo usposobljene tehnike, vrhunsko digitalno opremo in profesionalne kontrolne sisteme za izbolj\u0161anje na\u0161ih proizvodnih zmogljivosti. Zavezani smo k nenehnemu izbolj\u0161evanju na\u0161e proizvodne platforme in izpopolnjevanju proizvodne poti, da bi zagotovili visokokakovostne izdelke, ki zadovoljujejo raznolike potrebe strank.<\/p>\n<p>Na\u0161 poudarek na profesionalnosti, mednarodnih certifikatih, storitvah prilagajanja, napredni proizvodni opremi in izjemni poprodajni storitvi nas lo\u010di od drugih v panogi.<\/p>\n<p><img decoding=\"async\" src=\"https:\/\/www.hydraulic-cylinders.net\/wp-content\/uploads\/2025\/04\/songte-company-4.webp\" alt=\"Pregled podjetja\"><br \/>\n<img decoding=\"async\" src=\"https:\/\/www.hydraulic-cylinders.net\/wp-content\/uploads\/2025\/04\/songte-company-3.webp\" alt=\"Infrastruktura podjetja\"><\/p>\n<p>Avtor: lyl<\/p>","protected":false},"excerpt":{"rendered":"<p>Boom Cylinder For XCMG Middle Excavator XE235C Introduction to Boom Cylinder The Boom Cylinder is an essential hydraulic component specifically designed for controlling the motion of the bucket in heavy machinery like excavators, backhoes, and front loaders. It enables the bucket to lift, lower, and tilt, facilitating efficient material handling tasks. In hydraulic systems, boom [&hellip;]<\/p>","protected":false},"featured_media":17880,"comment_status":"open","ping_status":"closed","template":"","meta":{"_et_pb_use_builder":"","_et_pb_old_content":"","_et_gb_content_width":""},"product_brand":[],"product_cat":[1546],"product_tag":[1547,1496],"class_list":{"0":"post-19194","1":"product","2":"type-product","3":"status-publish","4":"has-post-thumbnail","6":"product_cat-boom-cylinders","7":"product_tag-boom-cylinders","8":"product_tag-hydraulic-cylinders","10":"first","11":"instock","12":"shipping-taxable","13":"product-type-simple"},"amp_enabled":true,"_links":{"self":[{"href":"https:\/\/www.hydraulic-cylinders.net\/sl\/wp-json\/wp\/v2\/product\/19194","targetHints":{"allow":["GET"]}}],"collection":[{"href":"https:\/\/www.hydraulic-cylinders.net\/sl\/wp-json\/wp\/v2\/product"}],"about":[{"href":"https:\/\/www.hydraulic-cylinders.net\/sl\/wp-json\/wp\/v2\/types\/product"}],"replies":[{"embeddable":true,"href":"https:\/\/www.hydraulic-cylinders.net\/sl\/wp-json\/wp\/v2\/comments?post=19194"}],"wp:featuredmedia":[{"embeddable":true,"href":"https:\/\/www.hydraulic-cylinders.net\/sl\/wp-json\/wp\/v2\/media\/17880"}],"wp:attachment":[{"href":"https:\/\/www.hydraulic-cylinders.net\/sl\/wp-json\/wp\/v2\/media?parent=19194"}],"wp:term":[{"taxonomy":"product_brand","embeddable":true,"href":"https:\/\/www.hydraulic-cylinders.net\/sl\/wp-json\/wp\/v2\/product_brand?post=19194"},{"taxonomy":"product_cat","embeddable":true,"href":"https:\/\/www.hydraulic-cylinders.net\/sl\/wp-json\/wp\/v2\/product_cat?post=19194"},{"taxonomy":"product_tag","embeddable":true,"href":"https:\/\/www.hydraulic-cylinders.net\/sl\/wp-json\/wp\/v2\/product_tag?post=19194"}],"curies":[{"name":"delovni list","href":"https:\/\/api.w.org\/{rel}","templated":true}]}}