{"id":19197,"date":"2025-04-07T06:17:36","date_gmt":"2025-04-07T06:17:36","guid":{"rendered":"https:\/\/www.hydraulic-cylinders.net\/product\/boom-cylinder-for-xcmg-large-excavator-xe470ck\/"},"modified":"2025-04-07T06:17:38","modified_gmt":"2025-04-07T06:17:38","slug":"boom-cylinder-for-xcmg-large-excavator-xe470ck","status":"publish","type":"product","link":"https:\/\/www.hydraulic-cylinders.net\/sl\/izdelek\/boom-cylinder-for-xcmg-large-excavator-xe470ck\/","title":{"rendered":"Cilinder roke za velik bager XCMG XE470CK"},"content":{"rendered":"<h1>Cilinder roke za velik bager XCMG XE470CK<\/h1>\n<h2>Pregled izdelka<\/h2>\n<p>The Boom Cylinder for the XCMG Large Excavator XE470CK is a specialized hydraulic cylinder designed to manage the motion of the excavator&#8217;s boom. This cylinder plays a crucial role in hydraulic systems, facilitating the lifting, lowering, and tilting of the boom, which is essential for various material handling tasks.<\/p>\n<p><img decoding=\"async\" src=\"https:\/\/www.hydraulic-cylinders.net\/wp-content\/uploads\/2025\/04\/songte-company-1.webp\" alt=\"Cilinder roke za bager\" \/><\/p>\n<h3>Definicija in namen<\/h3>\n<p>Hidravli\u010dni cilindri roke so vrsta hidravli\u010dnega cilindra, ki se uporablja posebej za nadzor gibanja \u017elice v te\u017ekih strojih, kot so bagri, bagri in \u010delni nakladalniki. Omogo\u010dajo natan\u010dno delovanje, kar roki omogo\u010da izvajanje funkcij, kot so kopanje, dvigovanje in premikanje materialov. Njegova integracija v hidravli\u010dne sisteme je klju\u010dnega pomena, saj zagotavlja nemoteno delovanje pod visokim tlakom in obremenitvijo. Zasnova cilindra roke upo\u0161teva dejavnike, kot so trdnost, vzdr\u017eljivost in odpornost proti obrabi, kar podalj\u0161uje njegovo \u017eivljenjsko dobo v te\u017ekih delovnih okoljih.<\/p>\n<h2>Zna\u010dilnosti cilindra roke<\/h2>\n<ul>\n<li><strong>Visoka trdnost in vzdr\u017eljivost:<\/strong> Izdelan je iz visoko trdnega jekla ali aluminija, zato lahko valj roke prenese visoke tlake in velike obremenitve, hkrati pa je odporen proti obrabi in koroziji.<\/li>\n<li><strong>U\u010dinkovito hidravli\u010dno delovanje:<\/strong> Uporablja hidravli\u010dni tlak olja za gladko iztegovanje in vstavljanje, se hitro odziva na krmilne ukaze in zagotavlja mo\u010dne potisne in vle\u010dne sile, idealne za opravljanje te\u017ekih in kompleksnih nalog.<\/li>\n<li><strong>Razli\u010dne vrste:<\/strong> Na voljo so v enosmerno delujo\u010di (hidravli\u010dna mo\u010d se uporablja v eni smeri) ali dvosmerno delujo\u010di (hidravli\u010dna mo\u010d se uporablja v obeh smereh) konfiguraciji za zadovoljevanje razli\u010dnih operativnih potreb, pri \u010demer imajo nekateri modeli teleskopske zasnove za raz\u0161irjen doseg brez pove\u010danja zunanjih dimenzij.<\/li>\n<\/ul>\n<h2>Proizvodna zmogljivost<\/h2>\n<p>Specializirani smo za proizvodnjo cilindrov roke, kar zagotavlja, da lahko na\u0161i izdelki popolnoma nadomestijo obstoje\u010de hidravli\u010dne cilindre brez kompromisov glede kakovosti ali zmogljivosti.<\/p>\n<p><img decoding=\"async\" src=\"https:\/\/www.hydraulic-cylinders.net\/wp-content\/uploads\/2025\/04\/songte-cylinder-head-with-all-kinds-excavator-models.webp\" alt=\"Zdru\u017eljivost modelov bagrov\" \/><\/p>\n<h2>Uporaba cilindra roke<\/h2>\n<h3>Gradbena oprema<\/h3>\n<p>Pri bagrih so cilindri roke bistveni za kopanje, nakladanje in prevoz zemlje ali ru\u0161evin. Omogo\u010dajo u\u010dinkovito izkopavanje, saj omogo\u010dajo, da \u017elica prodre v tla in u\u010dinkovito dvigne materiale. Pri bagrih nakladalnikih cilinder roke pomaga tako pri izkopavanju kot pri dvigovanju, kar pove\u010duje produktivnost na gradbi\u0161\u010dih.<\/p>\n<h3>Kmetijska mehanizacija<\/h3>\n<p>Pri \u010delnih nakladalnikih se cilindri roke uporabljajo za zajemanje, dvigovanje in prevoz zemlje, sena in drugih materialov. Zaradi svoje sposobnosti preva\u017eanja te\u017ekih bremen so neprecenljivi v kmetijskih dejavnostih, kjer je u\u010dinkovitost klju\u010dnega pomena za naloge, kot so sajenje, \u017eetev in premikanje materiala.<\/p>\n<h3>Bagri<\/h3>\n<p>Pri bagrih cilinder roke omogo\u010da, da \u017elica u\u010dinkovito prodre v zemljo, kar omogo\u010da hitro in u\u010dinkovito kopanje. Ta funkcionalnost je klju\u010dnega pomena pri gradbenih in zemeljskih projektih, kjer \u010das in u\u010dinkovitost neposredno vplivata na produktivnost in stro\u0161ke.<\/p>\n<h3>Nakladalci<\/h3>\n<p>Pri \u010delnih nakladalnikih cilindri roke u\u010dinkovito pomagajo pri dvigovanju in razkladanju bremen. Njihova zasnova zagotavlja, da lahko prenesejo obremenitve dvigovanja te\u017ekih materialov, hkrati pa ohranjajo stabilnost in nadzor med delovanjem.<\/p>\n<h2>Oblikovalski vidiki<\/h2>\n<ul>\n<li><strong>Nosilnost:<\/strong> Zasnova mora zadostiti najve\u010dji obremenitvi, ki jo bo valj prenesel v resni\u010dnih aplikacijah, s \u010dimer se zagotovi varnost in zanesljivost.<\/li>\n<li><strong>Tesnjenje:<\/strong> Effective sealing mechanisms are critical to prevent hydraulic fluid leakage, which can compromise the system&#8217;s efficiency and lead to failures.<\/li>\n<li><strong>Vzdr\u017eljivost:<\/strong> Materials and construction techniques used must enhance the cylinder&#8217;s resistance to wear and environmental factors, increasing the lifespan of the product.<\/li>\n<li><strong>Varnost:<\/strong> Vgrajene morajo biti varnostne funkcije za za\u0161\u010dito tako strojev kot upravljavcev, s \u010dimer se zmanj\u0161a tveganje za nesre\u010de med delovanjem.<\/li>\n<li><strong>Vzdr\u017eevanje:<\/strong> Zasnova mora omogo\u010dati enostavno vzdr\u017eevanje in popravila, vklju\u010dno z dostopom za preglede in zamenjavo tesnil ter drugih komponent.<\/li>\n<\/ul>\n<p><img decoding=\"async\" src=\"https:\/\/www.hydraulic-cylinders.net\/wp-content\/uploads\/2025\/04\/songte-oil-pipes-and-spare-parts.webp\" alt=\"Komponente hidravli\u010dnega sistema\" \/><\/p>\n<h2>Tesnjenje in mazanje<\/h2>\n<p>Pravilno tesnjenje in mazanje sta klju\u010dnega pomena za u\u010dinkovito delovanje cilindra roke. Za prepre\u010devanje pu\u0161\u010danja hidravli\u010dne teko\u010dine se uporabljajo razli\u010dni tesnilni elementi, kot so tesnila bata in tesnila palice. Tesnila so obi\u010dajno izdelana iz trpe\u017enih materialov, kot sta poliuretan in nitrilna guma, ki sta odporna proti obrabi in okoljskim vplivom. Telo cilindra in navojni konci so fino obdelani za ve\u010djo vzdr\u017eljivost. Redno mazanje s hidravli\u010dnim oljem je potrebno za nemoteno delovanje in podalj\u0161anje \u017eivljenjske dobe cilindra.<\/p>\n<h2>Preventivni vzdr\u017eevalni ukrepi<\/h2>\n<ul>\n<li><strong>Redni pregledi:<\/strong> Izvajanje rednih pregledov pomaga prepoznati obrabo in morebitne okvare, preden se stopnjujejo, kar zagotavlja optimalno delovanje in varnost.<\/li>\n<li><strong>Pravilno mazanje:<\/strong> Dosledno mazanje gibljivih delov je bistvenega pomena za zmanj\u0161anje trenja, prepre\u010devanje obrabe in ohranjanje optimalnega delovanja hidravli\u010dnega sistema.<\/li>\n<li><strong>Zamenjava tesnila:<\/strong> Redna menjava obrabljenih tesnil lahko prepre\u010di pu\u0161\u010danje in ohrani u\u010dinkovitost hidravli\u010dnega sistema.<\/li>\n<\/ul>\n<h2>Navodila za namestitev<\/h2>\n<p>Pri name\u0161\u010danju cilindra roke upo\u0161tevajte naslednje korake za optimalno delovanje:<\/p>\n<ol>\n<li><strong>Priprava:<\/strong> O\u010distite obmo\u010dje namestitve in se prepri\u010dajte, da so vse povr\u0161ine brez umazanije.<\/li>\n<li><strong>Poravnava:<\/strong> Pravilno poravnajte valj z monta\u017enimi nosilci, da prepre\u010dite prekomerno obremenitev valja.<\/li>\n<li><strong>Varna monta\u017ea:<\/strong> Za trdno pritrditev cilindra uporabite ustrezne pritrdilne nosilce in se pri tem izognite premikanju med delovanjem.<\/li>\n<li><strong>Hidravli\u010dni priklju\u010dki:<\/strong> Connect hydraulic lines ensuring there are no leaks, and follow the manufacturer&#8217;s specifications for torque settings.<\/li>\n<li><strong>Testiranje:<\/strong> Po namestitvi izvedite temeljit preizkus, da zagotovite pravilno delovanje, in po potrebi prilagodite vse nastavitve.<\/li>\n<\/ol>\n<h2>Pogosta vzdr\u017eevalna opravila<\/h2>\n<ul>\n<li><strong>Redni pregledi:<\/strong> Redni pregledi zagotavljajo u\u010dinkovito delovanje jeklenke in pomagajo odkriti te\u017eave, preden postanejo resne.<\/li>\n<li><strong>Ustrezno mazanje:<\/strong> Dobro mazanje valja zmanj\u0161a obrabo in podalj\u0161a njegovo \u017eivljenjsko dobo, zato je redno mazanje prednostna naloga.<\/li>\n<li><strong>Zamenjava tesnila:<\/strong> Pogosto preverjanje obrabe tesnil in pravo\u010dasna zamenjava pomagata ohranjati hidravli\u010dno u\u010dinkovitost in prepre\u010devati pu\u0161\u010danje.<\/li>\n<\/ul>\n<h2>Varnostni vidiki<\/h2>\n<p>Varnostni ukrepi so klju\u010dnega pomena pri delu s hidravli\u010dnimi cilindri. Pravilno ravnanje, vklju\u010dno z uporabo osebne za\u0161\u010ditne opreme (OZO) in upo\u0161tevanjem varnostnih protokolov za delovanje, lahko zmanj\u0161a tveganja. Zagotovite, da so vsi upravljavci usposobljeni za varne delovne postopke, da prepre\u010dite nesre\u010de in po\u0161kodbe.<\/p>\n<h2>Diagnoza napak in pogoste te\u017eave<\/h2>\n<ul>\n<li><strong>Pu\u0161\u010danje hidravli\u010dne teko\u010dine:<\/strong> Poi\u0161\u010dite znake pu\u0161\u010danja okoli tesnil in priklju\u010dkov; to lahko ka\u017ee na obrabljena tesnila ali ohlapne spoje.<\/li>\n<li><strong>Po\u010dasno delovanje:<\/strong> \u010ce valj deluje po\u010dasi, je to lahko posledica nizke ravni hidravli\u010dne teko\u010dine ali kontaminacije teko\u010dine.<\/li>\n<li><strong>Nepri\u010dakovani premiki:<\/strong> Neenakomerno gibanje cilindra je lahko znak notranje po\u0161kodbe ali zraka, ujetega v hidravli\u010dnem sistemu.<\/li>\n<\/ul>\n<h2>Nasveti za odpravljanje te\u017eav<\/h2>\n<p>Za u\u010dinkovito diagnosticiranje in re\u0161evanje te\u017eav:<\/p>\n<ol>\n<li>Preverite nivo in kakovost hidravli\u010dne teko\u010dine ter po potrebi zamenjajte onesna\u017eeno teko\u010dino.<\/li>\n<li>Preverite tesnila in fitinge glede obrabe in jih zamenjajte, da prepre\u010dite prihodnje pu\u0161\u010danje.<\/li>\n<li>Odzra\u010dite hidravli\u010dni sistem, da odstranite ujeti zrak, ki lahko vpliva na delovanje.<\/li>\n<\/ol>\n<p><img decoding=\"async\" src=\"https:\/\/www.hydraulic-cylinders.net\/wp-content\/uploads\/2025\/04\/songte-bushings-with-all-kinds-of-excavator-models.webp\" alt=\"Modeli pu\u0161 za bagre\" \/><\/p>\n<h2>Pregled podjetja<\/h2>\n<p>Smo proizvajalec nadomestnih delov za hidravli\u010dne cilindre in ponujamo \u0161iroko paleto izdelkov, zaradi katerih smo eden vodilnih proizvajalcev in veletrgovcev na doma\u010dem in mednarodnem trgu. Sledimo strategiji odli\u010dnosti z natan\u010dnim upravljanjem proizvodnje in nenehnim izbolj\u0161evanjem na\u0161e proizvodne platforme. Na\u0161a zavezanost visoki u\u010dinkovitosti, natan\u010dnosti in kakovosti zagotavlja, da izpolnjujemo raznolike potrebe strank.<\/p>\n<h3>Profesionalnost in certifikati<\/h3>\n<p>Na\u0161i izdelki ustrezajo mednarodnim standardom in ponujamo storitve prilagajanja specifi\u010dnim zahtevam. Na\u0161a napredna proizvodna oprema skupaj z na\u0161o skrbno poprodajno storitvijo zagotavlja zadovoljstvo strank.<\/p>\n<p><img decoding=\"async\" src=\"https:\/\/www.hydraulic-cylinders.net\/wp-content\/uploads\/2025\/04\/songte-company-4.webp\" alt=\"Objekt podjetja\" \/><br \/>\n<img decoding=\"async\" src=\"https:\/\/www.hydraulic-cylinders.net\/wp-content\/uploads\/2025\/04\/songte-company-3.webp\" alt=\"Proizvodnja podjetja\" \/><\/p>\n<p>Avtor: lyl<\/p>","protected":false},"excerpt":{"rendered":"<p>Boom Cylinder For XCMG Large Excavator XE470CK Product Overview The Boom Cylinder for the XCMG Large Excavator XE470CK is a specialized hydraulic cylinder designed to manage the motion of the excavator&#8217;s boom. This cylinder plays a crucial role in hydraulic systems, facilitating the lifting, lowering, and tilting of the boom, which is essential for various [&hellip;]<\/p>","protected":false},"featured_media":17868,"comment_status":"open","ping_status":"closed","template":"","meta":{"_et_pb_use_builder":"","_et_pb_old_content":"","_et_gb_content_width":""},"product_brand":[],"product_cat":[1546],"product_tag":[1547,1496],"class_list":{"0":"post-19197","1":"product","2":"type-product","3":"status-publish","4":"has-post-thumbnail","6":"product_cat-boom-cylinders","7":"product_tag-boom-cylinders","8":"product_tag-hydraulic-cylinders","10":"first","11":"instock","12":"shipping-taxable","13":"product-type-simple"},"amp_enabled":true,"_links":{"self":[{"href":"https:\/\/www.hydraulic-cylinders.net\/sl\/wp-json\/wp\/v2\/product\/19197","targetHints":{"allow":["GET"]}}],"collection":[{"href":"https:\/\/www.hydraulic-cylinders.net\/sl\/wp-json\/wp\/v2\/product"}],"about":[{"href":"https:\/\/www.hydraulic-cylinders.net\/sl\/wp-json\/wp\/v2\/types\/product"}],"replies":[{"embeddable":true,"href":"https:\/\/www.hydraulic-cylinders.net\/sl\/wp-json\/wp\/v2\/comments?post=19197"}],"wp:featuredmedia":[{"embeddable":true,"href":"https:\/\/www.hydraulic-cylinders.net\/sl\/wp-json\/wp\/v2\/media\/17868"}],"wp:attachment":[{"href":"https:\/\/www.hydraulic-cylinders.net\/sl\/wp-json\/wp\/v2\/media?parent=19197"}],"wp:term":[{"taxonomy":"product_brand","embeddable":true,"href":"https:\/\/www.hydraulic-cylinders.net\/sl\/wp-json\/wp\/v2\/product_brand?post=19197"},{"taxonomy":"product_cat","embeddable":true,"href":"https:\/\/www.hydraulic-cylinders.net\/sl\/wp-json\/wp\/v2\/product_cat?post=19197"},{"taxonomy":"product_tag","embeddable":true,"href":"https:\/\/www.hydraulic-cylinders.net\/sl\/wp-json\/wp\/v2\/product_tag?post=19197"}],"curies":[{"name":"delovni list","href":"https:\/\/api.w.org\/{rel}","templated":true}]}}