{"id":19200,"date":"2025-04-07T06:17:44","date_gmt":"2025-04-07T06:17:44","guid":{"rendered":"https:\/\/www.hydraulic-cylinders.net\/product\/boom-cylinder-for-xcmg-large-excavator-xe370ca\/"},"modified":"2025-04-07T06:17:46","modified_gmt":"2025-04-07T06:17:46","slug":"boom-cylinder-for-xcmg-large-excavator-xe370ca","status":"publish","type":"product","link":"https:\/\/www.hydraulic-cylinders.net\/sl\/izdelek\/boom-cylinder-for-xcmg-large-excavator-xe370ca\/","title":{"rendered":"Cilinder roke za velik bager XCMG XE370CA"},"content":{"rendered":"<h1>Cilinder roke za velik bager XCMG XE370CA<\/h1>\n<h2>Pregled izdelka<\/h2>\n<p>Hidravli\u010dni cilinder roke za velik bager XCMG XE370CA je specializiran hidravli\u010dni cilinder, zasnovan za upravljanje gibanja roke na velikih bagrih. Ta klju\u010dna komponenta omogo\u010da natan\u010dno dvigovanje, spu\u0161\u010danje in nagibanje roke, kar olaj\u0161a \u0161irok spekter nalog ravnanja z materiali. Hidravli\u010dni cilindri, zlasti cilindri roke, igrajo bistveno vlogo v hidravli\u010dnih sistemih te\u017ekih strojev, saj omogo\u010dajo u\u010dinkovito delovanje priklju\u010dkov, kot so \u017elice in kle\u0161\u010de.<\/p>\n<p>Ti cilindri so zasnovani tako, da zagotavljajo zanesljivo delovanje tudi v zahtevnih okoljih, zaradi \u010desar so nepogre\u0161ljivi v gradbeni\u0161tvu, rudarstvu in drugih te\u017ekih aplikacijah. Izdelani so iz visokokakovostnih materialov, kar zagotavlja vzdr\u017eljivost in dolgo \u017eivljenjsko dobo, kar zmanj\u0161uje potrebe po vzdr\u017eevanju in izpade.<\/p>\n<p><img decoding=\"async\" src=\"https:\/\/www.hydraulic-cylinders.net\/wp-content\/uploads\/2025\/04\/songte-company-1.webp\" alt=\"Hidravli\u010dni cilinder za bagre\"><\/p>\n<h3>Klju\u010dne lastnosti<\/h3>\n<ul>\n<li><strong>Visoka trdnost in vzdr\u017eljivost:<\/strong> Izdelane iz visoko trdnega jekla ali aluminija, te valje lahko prenesejo visoke tlake in velike obremenitve, zaradi \u010desar so primerne za te\u017eke delovne pogoje.<\/li>\n<li><strong>U\u010dinkovito hidravli\u010dno delovanje:<\/strong> Za gladko iztegovanje in vstavljanje uporabljajo hidravli\u010dni tlak olja, se hitro odzivajo na ukaze upravljavca in zagotavljajo mo\u010dno silo potiska in vle\u010denja, kar je idealno za delo s te\u017ekimi predmeti.<\/li>\n<li><strong>Razli\u010dne vrste:<\/strong> Ti cilindri, ki so na voljo v enosmerni in dvosmerni izvedbi, jih je mogo\u010de prilagoditi specifi\u010dnim operativnim potrebam. Nekateri modeli imajo teleskopsko zasnovo, ki omogo\u010da ve\u010dji razteg brez pove\u010danja zunanje velikosti.<\/li>\n<li><strong>Izdelava po meri:<\/strong> Specializirani smo za proizvodnjo hidravli\u010dnih cilindrov, ki popolnoma nadomestijo obstoje\u010de modele, kar zagotavlja zdru\u017eljivost in zmogljivost.<\/li>\n<li><strong>Vsestranskost uporabe:<\/strong> Idealno za razli\u010dne te\u017eke stroje, vklju\u010dno z bagri, bagri nakladalniki in \u010delnimi nakladalniki.<\/li>\n<\/ul>\n<p><img decoding=\"async\" src=\"https:\/\/www.hydraulic-cylinders.net\/wp-content\/uploads\/2025\/04\/songte-cylinder-head-with-all-kinds-excavator-models.webp\" alt=\"Modeli bagrov Glava valja\"><\/p>\n<h2>Aplikacije<\/h2>\n<h3>Gradbena oprema<\/h3>\n<p>Pri bagrih so cilindri roke klju\u010dni za kopanje, nakladanje in premikanje zemlje ali ru\u0161evin. Zagotavljajo potrebno silo za prodiranje v trda tla, kar omogo\u010da upravljavcem u\u010dinkovito opravljanje izkopnih del. Pri bagrih nakladalnikih cilinder roke pomaga ne le pri kopanju, temve\u010d tudi pri dvigovanju te\u017ekih bremen, kar izbolj\u0161a splo\u0161no funkcionalnost stroja na gradbi\u0161\u010dih.<\/p>\n<h3>Kmetijska mehanizacija<\/h3>\n<p>Pri \u010delnih nakladalnikih so cilindri roke bistveni za zajemanje, dvigovanje in prevoz materialov, kot so zemlja, seno in drugi kmetijski pridelki. Njihova zmogljiva zmogljivost omogo\u010da kmetom, da obvladujejo te\u017eke bremena, kar prispeva k u\u010dinkovitej\u0161emu kmetovanju in produktivnosti.<\/p>\n<h3>Bagri<\/h3>\n<p>Ti cilindri omogo\u010dajo, da \u017elica bagra u\u010dinkovito prodre v zemljo, kar olaj\u0161a kopanje, potrebno za izkop temeljev in jarkov. Njihova zanesljivost zagotavlja, da lahko izkopna dela potekajo nemoteno, kar je klju\u010dnega pomena za \u010dasovni okvir projekta.<\/p>\n<h3>Nakladalci<\/h3>\n<p>Pri \u010delnih nakladalnikih cilindri roke pomagajo pri u\u010dinkovitem dvigovanju in razkladanju tovora. Ta zmogljivost je bistvenega pomena za gradbene in krajinske projekte, kjer je pravo\u010dasno ravnanje z materialom klju\u010dnega pomena. Robustna zasnova teh cilindrov zagotavlja, da lahko obvladajo zahteve dvigovanja in prevoza te\u017ekih materialov.<\/p>\n<h2>Oblikovalski vidiki<\/h2>\n<h3>Nosilnost<\/h3>\n<p>Nosilnost cilindra roke je klju\u010dni dejavnik pri njegovi zasnovi. Mora biti sposoben prenesti najve\u010djo te\u017eo, ki jo lahko dvigne roka, kar zagotavlja varnost in operativno u\u010dinkovitost. In\u017eenirji skrbno izra\u010dunajo dimenzije cilindra in trdnost materiala, da dose\u017eejo zahtevano nosilnost.<\/p>\n<h3>Tesnilna zmogljivost<\/h3>\n<p>U\u010dinkovito tesnjenje je pri hidravli\u010dnih cilindrih klju\u010dnega pomena za prepre\u010devanje pu\u0161\u010danja in vzdr\u017eevanje tlaka. Uporabljajo se napredne tehnologije tesnjenja, vklju\u010dno z uporabo tesnil iz trpe\u017enih materialov, kot sta poliuretan in nitrilna guma. Ta tesnila zagotavljajo dolgo \u017eivljenjsko dobo in zanesljivost, tudi pod ekstremnim pritiskom in v okoljskih pogojih.<\/p>\n<h3>Vzdr\u017eljivost<\/h3>\n<p>Vzdr\u017eljivost je klju\u010dni dejavnik pri zasnovi cilindrov roke. Prenesti morajo te\u017eke pogoje uporabe, vklju\u010dno z izpostavljenostjo abrazivnim in korozivnim materialom. Izbira visoko trdnih materialov in za\u0161\u010ditnih premazov znatno podalj\u0161a \u017eivljenjsko dobo in zmogljivost cilindra.<\/p>\n<h3>Varnost<\/h3>\n<p>Varnostne funkcije so sestavni del zasnove cilindrov roke, saj zagotavljajo njihovo delovanje brez tveganja okvare. To vklju\u010duje vgradnjo varnostnih ventilov in mehanizmov za razbremenitev tlaka, ki prepre\u010dujejo preobremenitev in morebitne nesre\u010de med delovanjem.<\/p>\n<h3>Dostopnost vzdr\u017eevanja<\/h3>\n<p>Zasnova hidravli\u010dnih cilindrov za enostavno vzdr\u017eevanje je klju\u010dnega pomena. To vklju\u010duje dostopnost za preglede, mazanje in zamenjavo tesnil. Zasnova, ki omogo\u010da enostavno vzdr\u017eevanje, podalj\u0161a \u017eivljenjsko dobo cilindra in zagotavlja njegovo delovanje z najve\u010djo u\u010dinkovitostjo.<\/p>\n<p><img decoding=\"async\" src=\"https:\/\/www.hydraulic-cylinders.net\/wp-content\/uploads\/2025\/04\/songte-oil-pipes-and-spare-parts.webp\" alt=\"Deli hidravli\u010dnega cilindra\"><\/p>\n<h2>Tesnila in mazanje<\/h2>\n<p>V cilindrih roke se uporabljajo razli\u010dna tesnila, vklju\u010dno z batnimi in pali\u010dastimi tesnili, da se zagotovi optimalno delovanje. Tesnila iz materialov, odpornih proti obrabi, kot sta poliuretan in nitrilna guma, so prednostna zaradi svoje vzdr\u017eljivosti. Telo cilindra in navojne kon\u010dne povr\u0161ine so natan\u010dno obdelane za izbolj\u0161anje odpornosti proti obrabi in tesnilne u\u010dinkovitosti.<\/p>\n<p>Redno mazanje je bistvenega pomena za ohranjanje funkcionalnosti hidravli\u010dnega sistema. Za zagotovitev nemotenega delovanja in prepre\u010devanje obrabe tesnil in notranjih komponent je treba redno dodajati zadostno koli\u010dino hidravli\u010dnega olja. Pravilno mazanje ne le izbolj\u0161a delovanje, temve\u010d tudi podalj\u0161a \u017eivljenjsko dobo cilindra.<\/p>\n<h2>Vzdr\u017eevalni ukrepi<\/h2>\n<ul>\n<li><strong>Redni pregledi:<\/strong> Redno preverjajte znake obrabe, po\u0161kodb ali pu\u0161\u010danja. To pomaga pri prepoznavanju morebitnih te\u017eav, preden se stopnjujejo, in zagotavlja varnost in u\u010dinkovitost delovanja.<\/li>\n<li><strong>Pravilno mazanje:<\/strong> Zagotovite, da je raven hidravli\u010dnega olja vzdr\u017eevana in da so tesnila ustrezno mazana, da prepre\u010dite pregrevanje in obrabo.<\/li>\n<li><strong>Zamenjava tesnila:<\/strong> Redno preverjajte stanje tesnil in jih po potrebi zamenjajte, da prepre\u010dite pu\u0161\u010danje hidravli\u010dne teko\u010dine, ki lahko ogrozi delovanje sistema.<\/li>\n<\/ul>\n<h2>Navodila za namestitev<\/h2>\n<p>Namestitev cilindra roke zahteva posebno pozornost do podrobnosti, da se zagotovi pravilna poravnava in delovanje. Najprej se prepri\u010dajte, da so monta\u017ene povr\u0161ine \u010diste in brez umazanije. Za pritrditev cilindra uporabite ustrezne monta\u017ene nosilce. Preden privijete monta\u017eni material, poravnajte cilinder z \u017eelenim kotom in ga po potrebi prilagodite.<\/p>\n<p>Nato priklju\u010dite hidravli\u010dne cevi in \u200b\u200bse prepri\u010dajte, da niso prepognjene ali po\u0161kodovane. Preverite pravilno napeljavo, da prepre\u010dite obrabo zaradi gibljivih delov. Ko so cevi priklju\u010dene, jih napolnite s priporo\u010denim oljem in iz sistema odzra\u010dite morebitni zrak, da zagotovite optimalno delovanje. Po namestitvi preizkusite valj pod obremenitvijo, da potrdite pravilno delovanje, in opravite potrebne prilagoditve.<\/p>\n<h2>Pogosta vzdr\u017eevalna opravila<\/h2>\n<h3>Redni pregledi<\/h3>\n<p>Redni pregledi so klju\u010dnega pomena za dolgo \u017eivljenjsko dobo hidravli\u010dnih valjev. Bodite pozorni na znake obrabe, vklju\u010dno z razpokami, izboklinami ali pu\u0161\u010danjem. Zgodnje odkrivanje morebitnih te\u017eav lahko prepre\u010di ve\u010dje te\u017eave in drage izpade. Redno izvajajte vizualne preglede in podrobne preglede med na\u010drtovanim vzdr\u017eevanjem.<\/p>\n<h3>Ustrezno mazanje<\/h3>\n<p>Zagotovite, da je hidravli\u010dni sistem ustrezno mazan, da prepre\u010dite trenje in obrabo. Redno preverjajte nivo olja in ga menjajte v skladu s priporo\u010dili proizvajalca. Pravilno mazanje zagotavlja nemoteno delovanje in zmanj\u0161uje tveganje okvare zaradi suhih komponent.<\/p>\n<h3>Zamenjava tesnil in preverjanje kalibracije<\/h3>\n<p>S\u010dasoma se lahko tesnila zaradi izpostavljenosti hidravli\u010dni teko\u010dini in okoljskim pogojem obrabijo. Redno pregledujte in po potrebi zamenjajte tesnila, da ohranite celovitost sistema. Izvajati je treba tudi kalibracijske preglede, da zagotovite delovanje valja znotraj dolo\u010denih parametrov in prepre\u010dite te\u017eave z delovanjem.<\/p>\n<p><img decoding=\"async\" src=\"https:\/\/www.hydraulic-cylinders.net\/wp-content\/uploads\/2025\/04\/songte-chushion-collar.webp\" alt=\"Blazinasti ovratnik\"><\/p>\n<h2>Varnostni vidiki<\/h2>\n<p>Pri delu s hidravli\u010dnimi cilindri so varnostni ukrepi najpomembnej\u0161i. Zagotovite, da je vse osebje usposobljeno za pravilno ravnanje s hidravli\u010dno opremo in razume povezana tveganja. Uporabljajte ustrezno osebno za\u0161\u010ditno opremo (OZO) in zagotovite, da vse varnostne funkcije opreme delujejo. Redni varnostni pregledi lahko pomagajo prepoznati morebitne nevarnosti in zagotoviti skladnost z varnostnimi standardi.<\/p>\n<h2>Odpravljanje pogostih te\u017eav<\/h2>\n<ul>\n<li><strong>Pu\u0161\u010danje:<\/strong> Preverite, ali so tesnila po\u0161kodovana ali so spoji zrahljani, kar so morebitni vzroki. Po potrebi zamenjajte tesnila in se prepri\u010dajte, da so vse povezave zategnjene.<\/li>\n<li><strong>Po\u010dasno delovanje:<\/strong> To lahko ka\u017ee na nizko raven hidravli\u010dne teko\u010dine ali na ujet zrak v sistemu. Prepri\u010dajte se, da je teko\u010dina dolita, in odzra\u010dite sistem, da odstranite morebitni zrak.<\/li>\n<li><strong>Nedosledna zmogljivost:<\/strong> Nihanja v delovanju lahko povzro\u010di onesna\u017eenje hidravli\u010dne teko\u010dine. Redno preverjajte in menjajte hidravli\u010dno teko\u010dino, da ohranite delovanje sistema.<\/li>\n<\/ul>\n<h2>Nasveti za odpravljanje te\u017eav<\/h2>\n<p>Za u\u010dinkovito odpravljanje te\u017eav s hidravli\u010dnimi cilindri za\u010dnite s temeljitim pregledom, da ugotovite vidne te\u017eave. Za morebitna pu\u0161\u010danja preverite tesnost in celovitost vseh cevi in \u200b\u200bspojev. Pri po\u010dasnem delovanju preverite, ali je hidravli\u010dna teko\u010dina na ustrezni ravni in da v ceveh ni blokad. Redno preventivno vzdr\u017eevanje, vklju\u010dno s pravo\u010dasno menjavo teko\u010dine in pregledi tesnil, lahko zmanj\u0161a pojav teh te\u017eav.<\/p>\n<p><img decoding=\"async\" src=\"https:\/\/www.hydraulic-cylinders.net\/wp-content\/uploads\/2025\/04\/songte-bushings-with-all-kinds-of-excavator-models.webp\" alt=\"Pu\u0161e za bagre\"><\/p>\n<h2>O na\u0161em podjetju<\/h2>\n<p>Smo vodilni proizvajalec hidravli\u010dnih cilindrov, specializiran za proizvodnjo visokokakovostnih nadomestnih hidravli\u010dnih cilindrov za razli\u010dne stroje. Z obse\u017eno paleto izdelkov smo se uveljavili kot eden vodilnih proizvajalcev in veletrgovcev tako na doma\u010dem kot na mednarodnem trgu. Na\u0161o zavezanost odli\u010dnosti podpira dovr\u0161en proizvodni proces, ki zdru\u017euje usposobljeno delovno silo, napredno digitalno proizvodno opremo in stroge sisteme nadzora kakovosti.<\/p>\n<p>Na\u0161e podjetje se osredoto\u010da na izbolj\u0161anje proizvodnih zmogljivosti z nenehnim izbolj\u0161evanjem in inovacijami. Pri vseh na\u0161ih izdelkih dajemo prednost visoki u\u010dinkovitosti, natan\u010dnosti in kakovosti, s \u010dimer zagotavljamo, da izpolnjujemo raznolike potrebe na\u0161ih strank.<\/p>\n<h3>Strokovno znanje<\/h3>\n<p>Na\u0161a ekipa je sestavljena iz izku\u0161enih in\u017eenirjev in tehnikov, ki so predani zagotavljanju prilagojenih re\u0161itev za na\u0161e stranke. Ponujamo storitve po meri, ki ustrezajo specifi\u010dnim zahtevam hidravli\u010dnih cilindrov, s \u010dimer zagotavljamo zdru\u017eljivost in optimalno delovanje.<\/p>\n<h3>Mednarodni certifikati<\/h3>\n<p>Upo\u0161tevamo mednarodne proizvodne standarde in imamo razli\u010dne certifikate, ki potrjujejo na\u0161o zavezanost kakovosti in varnosti. To zagotavlja, da na\u0161e stranke prejmejo zanesljive izdelke, ki ustrezajo svetovnim industrijskim standardom.<\/p>\n<h3>Proizvodna oprema<\/h3>\n<p>Na\u0161i najsodobnej\u0161i proizvodni obrati so opremljeni z najnovej\u0161o tehnologijo, ki zagotavlja najvi\u0161je standarde proizvodnje. To vklju\u010duje avtomatizirane stroje in precizno orodje, ki izbolj\u0161ujejo u\u010dinkovitost proizvodnje in kakovost izdelkov.<\/p>\n<h3>Poprodajne storitve<\/h3>\n<p>Na\u0161im strankam nudimo celovito poprodajno podporo, vklju\u010dno s servisom in vzdr\u017eevanjem. Na\u0161a namenska ekipa za pomo\u010d strankam je na voljo za odgovore na vpra\u0161anja, tehni\u010dno podporo in zagotavljanje zadovoljstva strank.<\/p>\n<p><img decoding=\"async\" src=\"https:\/\/www.hydraulic-cylinders.net\/wp-content\/uploads\/2025\/04\/songte-company-4.webp\" alt=\"Slika podjetja 1\"><br \/>\n<img decoding=\"async\" src=\"https:\/\/www.hydraulic-cylinders.net\/wp-content\/uploads\/2025\/04\/songte-company-3.webp\" alt=\"Slika podjetja 2\"><\/p>\n<p>Avtor: lyl<\/p>","protected":false},"excerpt":{"rendered":"<p>Boom Cylinder For XCMG Large Excavator XE370CA Product Overview The Boom Cylinder for XCMG Large Excavator XE370CA is a specialized hydraulic cylinder designed to manage the movement of the boom on large excavators. This critical component enables the precise lifting, lowering, and tilting of the boom, facilitating a wide range of material handling tasks. Hydraulic [&hellip;]<\/p>","protected":false},"featured_media":17871,"comment_status":"open","ping_status":"closed","template":"","meta":{"_et_pb_use_builder":"","_et_pb_old_content":"","_et_gb_content_width":""},"product_brand":[],"product_cat":[1546],"product_tag":[1547,1496],"class_list":{"0":"post-19200","1":"product","2":"type-product","3":"status-publish","4":"has-post-thumbnail","6":"product_cat-boom-cylinders","7":"product_tag-boom-cylinders","8":"product_tag-hydraulic-cylinders","10":"first","11":"instock","12":"shipping-taxable","13":"product-type-simple"},"amp_enabled":true,"_links":{"self":[{"href":"https:\/\/www.hydraulic-cylinders.net\/sl\/wp-json\/wp\/v2\/product\/19200","targetHints":{"allow":["GET"]}}],"collection":[{"href":"https:\/\/www.hydraulic-cylinders.net\/sl\/wp-json\/wp\/v2\/product"}],"about":[{"href":"https:\/\/www.hydraulic-cylinders.net\/sl\/wp-json\/wp\/v2\/types\/product"}],"replies":[{"embeddable":true,"href":"https:\/\/www.hydraulic-cylinders.net\/sl\/wp-json\/wp\/v2\/comments?post=19200"}],"wp:featuredmedia":[{"embeddable":true,"href":"https:\/\/www.hydraulic-cylinders.net\/sl\/wp-json\/wp\/v2\/media\/17871"}],"wp:attachment":[{"href":"https:\/\/www.hydraulic-cylinders.net\/sl\/wp-json\/wp\/v2\/media?parent=19200"}],"wp:term":[{"taxonomy":"product_brand","embeddable":true,"href":"https:\/\/www.hydraulic-cylinders.net\/sl\/wp-json\/wp\/v2\/product_brand?post=19200"},{"taxonomy":"product_cat","embeddable":true,"href":"https:\/\/www.hydraulic-cylinders.net\/sl\/wp-json\/wp\/v2\/product_cat?post=19200"},{"taxonomy":"product_tag","embeddable":true,"href":"https:\/\/www.hydraulic-cylinders.net\/sl\/wp-json\/wp\/v2\/product_tag?post=19200"}],"curies":[{"name":"delovni list","href":"https:\/\/api.w.org\/{rel}","templated":true}]}}