{"id":1921,"date":"2023-10-20T03:13:13","date_gmt":"2023-10-20T03:13:13","guid":{"rendered":"https:\/\/hydraulic-cylinders.net\/?post_type=product&#038;p=1921"},"modified":"2023-10-20T03:55:31","modified_gmt":"2023-10-20T03:55:31","slug":"hp3v-s-series-axial-piston-variable-displacement-hydraulic-pump","status":"publish","type":"product","link":"https:\/\/www.hydraulic-cylinders.net\/sl\/izdelek\/hp3v-s-series-axial-piston-variable-displacement-hydraulic-pump\/","title":{"rendered":"Aksialna batna hidravli\u010dna \u010drpalka s spremenljivim pretokom serije HP3V-S"},"content":{"rendered":"<h1 style=\"text-align: center;\"><strong>Aksialna batna hidravli\u010dna \u010drpalka s spremenljivim pretokom serije HP3V-S<\/strong><\/h1>\n<p><img loading=\"lazy\" decoding=\"async\" class=\"aligncenter wp-image-1935\" src=\"https:\/\/hydraulic-cylinders.net\/wp-content\/uploads\/2023\/10\/hp3v-s-series-axial-piston-variable-displacement-hydraulic-pump-1-300x300.webp\" alt=\"\" width=\"400\" height=\"400\" \/><\/p>\n<p>Aksialna batna hidravli\u010dna \u010drpalka s spremenljivim pretokom serije HP3V-S je vrhunska re\u0161itev, ki revolucionira hidravli\u010dne sisteme. Zaradi izjemne u\u010dinkovitosti in izjemne zmogljivosti je ta \u010drpalka nepogre\u0161ljiva v razli\u010dnih industrijskih aplikacijah. Ta obse\u017een \u010dlanek bo raziskal klju\u010dne zna\u010dilnosti, na\u010dine uporabe in smernice za vzdr\u017eevanje aksialne batne hidravli\u010dne \u010drpalke s spremenljivim pretokom serije HP3V-S.<\/p>\n<p>Aksialna batna hidravli\u010dna \u010drpalka s spremenljivim pretokom serije HP3V-S je zmogljiva in u\u010dinkovita re\u0161itev za hidravli\u010dne sisteme. S tehnologijo spremenljivega pretoka, kompaktno zasnovo in tihim delovanjem ta \u010drpalka zagotavlja izjemno zmogljivost v razli\u010dnih industrijskih aplikacijah. Z upo\u0161tevanjem priporo\u010denih na\u010dinov uporabe in rednih vzdr\u017eevalnih praks bo \u010drpalka serije hp3v-s \u0161e naprej zagotavljala izjemno zmogljivost in prispevala k uspehu hidravli\u010dnih sistemov. Izkoristite mo\u010d u\u010dinkovitosti in zmogljivosti aksialne batne hidravli\u010dne \u010drpalke s spremenljivim pretokom serije hp3v-s in sprostite polni potencial svojega hidravli\u010dnega sistema.<\/p>\n<p>Klju\u010dne zna\u010dilnosti aksialne batne hidravli\u010dne \u010drpalke s spremenljivim pretokom serije HP3V-S:<\/p>\n<ul>\n<li>Tehnologija spremenljivega pretoka: \u010crpalka serije HP3V-S, opremljena z napredno tehnologijo spremenljivega pretoka, omogo\u010da natan\u010dno prilagajanje izhodne koli\u010dine, da ustreza specifi\u010dnim zahtevam sistema. Ta funkcija pove\u010da energetsko u\u010dinkovitost, zmanj\u0161a proizvodnjo toplote in optimizira celotno delovanje sistema.<\/li>\n<li>Neprimerljiva u\u010dinkovitost: \u010crpalka serije HP3V-S uporablja inovativno aksialno batno zasnovo, ki zagotavlja izjemno u\u010dinkovitost. Natan\u010dna hidravli\u010dna mo\u010d zagotavlja nemoteno delovanje in brez napora obvladuje visokotla\u010dne aplikacije.<\/li>\n<li>Kompaktna in vsestranska: Kompaktna zasnova \u010drpalke omogo\u010da enostavno integracijo v hidravli\u010dne sisteme z omejenim prostorom. Zaradi svoje vsestranskosti se lahko uporablja v razli\u010dnih aplikacijah brez kompromisov pri zmogljivosti ali funkcionalnosti.<\/li>\n<li>Tiho in zanesljivo delovanje: Funkcije za zmanj\u0161anje hrupa, vgrajene v \u010drpalko serije HP3V-S, zagotavljajo tiho delovanje v razli\u010dnih industrijskih okoljih. Ta lastnost je dragocena v aplikacijah, ki zahtevajo nizke ravni hrupa, kar spodbuja udobno in produktivno delovno okolje. Poleg tega robustna konstrukcija \u010drpalke zagotavlja dolgotrajno zanesljivost.<\/li>\n<\/ul>\n<h2><strong>Parameter aksialne batne hidravli\u010dne \u010drpalke s spremenljivim pretokom serije HP3V-S:<\/strong><\/h2>\n<table class=\"table table-bordered table-hover table-colored\" data-sort=\"sortDisabled\">\n<tbody>\n<tr class=\"firstRow\">\n<td colspan=\"2\" align=\"left\" valign=\"middle\">Velikost<\/td>\n<td align=\"center\" valign=\"middle\">HP5VS28<\/td>\n<td align=\"center\" valign=\"middle\">HP5V28<\/td>\n<td align=\"center\" valign=\"middle\">HP5V45<\/td>\n<td align=\"center\" valign=\"middle\">HP5V60<\/td>\n<td align=\"center\" valign=\"middle\">HP5V76<\/td>\n<td align=\"center\" valign=\"middle\">HP5V85<\/td>\n<td align=\"center\" valign=\"middle\">HP5V105<\/td>\n<\/tr>\n<tr>\n<td colspan=\"2\" align=\"left\" valign=\"middle\">Prostornina (ccm\/vrt)<\/td>\n<td align=\"center\" valign=\"middle\">28<\/td>\n<td align=\"center\" valign=\"middle\">28<\/td>\n<td align=\"center\" valign=\"middle\">45<\/td>\n<td align=\"center\" valign=\"middle\">60<\/td>\n<td align=\"center\" valign=\"middle\">76<\/td>\n<td align=\"center\" valign=\"middle\">85<\/td>\n<td align=\"center\" valign=\"middle\">104.3<\/td>\n<\/tr>\n<tr>\n<td rowspan=\"2\" align=\"left\" valign=\"middle\">Tlak<\/td>\n<td align=\"center\" valign=\"middle\">Nazivni tlak (bar)<\/td>\n<td align=\"center\" valign=\"middle\">250<\/td>\n<td align=\"center\" valign=\"middle\">320<\/td>\n<td align=\"center\" valign=\"middle\">320<\/td>\n<td align=\"center\" valign=\"middle\">250<\/td>\n<td align=\"center\" valign=\"middle\">320<\/td>\n<td align=\"center\" valign=\"middle\">280<\/td>\n<td align=\"center\" valign=\"middle\">350<\/td>\n<\/tr>\n<tr>\n<td align=\"left\" valign=\"middle\">Najvi\u0161ji tlak (bar)<\/td>\n<td align=\"center\" valign=\"middle\">315<\/td>\n<td align=\"center\" valign=\"middle\">350<\/td>\n<td align=\"center\" valign=\"middle\">350<\/td>\n<td align=\"center\" valign=\"middle\">280<\/td>\n<td align=\"center\" valign=\"middle\">350<\/td>\n<td align=\"center\" valign=\"middle\">320<\/td>\n<td align=\"center\" valign=\"middle\">400<\/td>\n<\/tr>\n<tr>\n<td rowspan=\"2\" align=\"left\" valign=\"middle\">Hitrost vrtenja vrt\/min<\/td>\n<td align=\"center\" valign=\"middle\">Max za samosesalno\u00a0<sup>*1<\/sup>\u00a0(bar)<\/td>\n<td align=\"center\" valign=\"middle\">3000<\/td>\n<td align=\"center\" valign=\"middle\">3000<\/td>\n<td align=\"center\" valign=\"middle\">2700<\/td>\n<td align=\"center\" valign=\"middle\">2400<\/td>\n<td align=\"center\" valign=\"middle\">2400<\/td>\n<td align=\"center\" valign=\"middle\">2400<\/td>\n<td align=\"center\" valign=\"middle\">2200<\/td>\n<\/tr>\n<tr>\n<td align=\"center\" valign=\"middle\">Maks.<sup>*2\u00a0<\/sup>\u00a0(bar)<\/td>\n<td align=\"center\" valign=\"middle\">3600<\/td>\n<td align=\"center\" valign=\"middle\">3600<\/td>\n<td align=\"center\" valign=\"middle\">3250<\/td>\n<td align=\"center\" valign=\"middle\">3000<\/td>\n<td align=\"center\" valign=\"middle\">3000<\/td>\n<td align=\"center\" valign=\"middle\">3000<\/td>\n<td align=\"center\" valign=\"middle\">2600<\/td>\n<\/tr>\n<tr>\n<td colspan=\"2\" align=\"left\" valign=\"middle\">Te\u017ea (kg)<\/td>\n<td align=\"center\" valign=\"middle\">17.2<\/td>\n<td align=\"center\" valign=\"middle\">20<\/td>\n<td align=\"center\" valign=\"middle\">24<\/td>\n<td align=\"center\" valign=\"middle\">24<\/td>\n<td align=\"center\" valign=\"middle\">28<\/td>\n<td align=\"center\" valign=\"middle\">28<\/td>\n<td align=\"center\" valign=\"middle\">45<\/td>\n<\/tr>\n<tr>\n<td colspan=\"2\" align=\"left\" valign=\"middle\">Koli\u010dina olja za polnjenje ohi\u0161ja \u010drpalke (l)<\/td>\n<td align=\"center\" valign=\"middle\">0.55<\/td>\n<td align=\"center\" valign=\"middle\">0.6<\/td>\n<td align=\"center\" valign=\"middle\">0.6<\/td>\n<td align=\"center\" valign=\"middle\">0.6<\/td>\n<td align=\"center\" valign=\"middle\">0.8<\/td>\n<td align=\"center\" valign=\"middle\">0.8<\/td>\n<td align=\"center\" valign=\"middle\">1<\/td>\n<\/tr>\n<tr>\n<td colspan=\"2\" align=\"left\" valign=\"middle\">Temperaturno obmo\u010dje (\u2103)<\/td>\n<td colspan=\"7\" align=\"center\" valign=\"middle\">-20~95<\/td>\n<\/tr>\n<tr>\n<td colspan=\"2\" rowspan=\"1\" align=\"left\" valign=\"middle\">Temperaturno obmo\u010dje (mm)<sup>2<\/sup>\/s)<\/td>\n<td colspan=\"7\" align=\"center\" valign=\"middle\">10-1000<sup>*3<\/sup>(Najbolj\u0161a uporaba obmo\u010dja viskoznosti 16~36 mm<sup>2<\/sup>\/s)<\/td>\n<\/tr>\n<\/tbody>\n<\/table>\n<h2><strong>Prednosti aksialne batne hidravli\u010dne \u010drpalke s spremenljivim pretokom serije HP3V-S:<\/strong><\/h2>\n<p>\u2022 Spremenljiva \u010drpalka v izvedbi z nagibno plo\u0161\u010do za odprti krog.<br \/>\n\u2022 V primerjavi z izdelki na obstoje\u010dem trgu sta uporabljena oja\u010dana pogonska gred in visokotrdni material cilindra, kar omogo\u010da delovanje pri neprekinjenem tlaku ve\u010d kot 320 barov.<br \/>\n\u2022 Za pove\u010danje nosilnosti in dolgo \u017eivljenjsko dobo so uporabljeni te\u017eki le\u017eaji, kot so cilindri\u010dni valji.<br \/>\n\u2022 Visoko razmerje med mo\u010djo in te\u017eo.<br \/>\n\u2022 Na voljo z ameri\u0161kimi (SAE) in japonskimi (JIS) monta\u017enimi prirobnicami in gredmi.<br \/>\n\u2022 Odli\u010dna zanesljivost in dolga \u017eivljenjska doba.<br \/>\n\u2022 Razli\u010dne mo\u017enosti upravljanja.<br \/>\n\u2022 Izbirni pogon skozi.<br \/>\n\u2022 Hiter odziv krmiljenja.<br \/>\n\u2022 Nizko pulziranje tlaka in nizek hrup.<br \/>\n\u2022 Razvito za in\u017eeniring, mobilna vozila, industrijo, druge industrijske aplikacije in kmetijsko mehanizacijo<\/p>\n<h2><strong>Aksialna batna hidravli\u010dna \u010drpalka s spremenljivim pretokom serije HP3V-S <\/strong><strong>Uporaba:<\/strong><\/h2>\n<p><img loading=\"lazy\" decoding=\"async\" class=\"alignnone wp-image-1938 size-full\" src=\"https:\/\/hydraulic-cylinders.net\/wp-content\/uploads\/2023\/10\/hp3v-s-series-axial-piston-variable-displacement-hydraulic-pump-2.jpg\" alt=\"\" width=\"1145\" height=\"234\" srcset=\"https:\/\/hydraulic-cylinders.net\/wp-content\/uploads\/2023\/10\/hp3v-s-series-axial-piston-variable-displacement-hydraulic-pump-2.jpg 1145w, https:\/\/hydraulic-cylinders.net\/wp-content\/uploads\/2023\/10\/hp3v-s-series-axial-piston-variable-displacement-hydraulic-pump-2-980x200.jpg 980w, https:\/\/hydraulic-cylinders.net\/wp-content\/uploads\/2023\/10\/hp3v-s-series-axial-piston-variable-displacement-hydraulic-pump-2-480x98.jpg 480w\" sizes=\"(min-width: 0px) and (max-width: 480px) 480px, (min-width: 481px) and (max-width: 980px) 980px, (min-width: 981px) 1145px, 100vw\" \/><\/p>\n<h2><strong>Na\u010din uporabe aksialne batne hidravli\u010dne \u010drpalke s spremenljivim pretokom serije HP3V<\/strong><strong>:<\/strong><\/h2>\n<ul>\n<li><strong>Namestitev:<\/strong> Izberite ustrezno mesto v hidravli\u010dnem sistemu za namestitev aksialne batne hidravli\u010dne \u010drpalke s spremenljivim pretokom serije HP3V-S. Zagotovite pravilno poravnavo in varno pritrditev na konstrukcijo sistema z uporabo ustreznih monta\u017enih nosilcev ali dodatne opreme.<\/li>\n<li><strong>Integracija s hidravli\u010dnim sistemom:<\/strong> \u010crpalko priklju\u010dite na hidravli\u010dni sistem z uporabo zdru\u017eljivih cevi, fitingov in ventilov. Za zagotovitev optimalne hidravli\u010dne zmogljivosti se prepri\u010dajte, da so vsi priklju\u010dki varni, nepu\u0161\u010dajo\u010di in pravilno priviti.<\/li>\n<li><strong>Zdru\u017eljivost teko\u010din:<\/strong> Preverite, ali je hidravli\u010dna teko\u010dina, ki se uporablja v sistemu, zdru\u017eljiva s \u010drpalko serije HP3V-S. Za ustrezno vrsto teko\u010dine, viskoznost in temperaturno obmo\u010dje glejte priporo\u010dila proizvajalca. Redno spremljajte in vzdr\u017eujte hidravli\u010dno teko\u010dino, da zagotovite pravilno delovanje in dolgo \u017eivljenjsko dobo \u010drpalke.<\/li>\n<li><strong>Operativni parametri:<\/strong> Seznanite se z mo\u017enostmi krmiljenja \u010drpalke in prilagodite obratovalne parametre glede na specifi\u010dne zahteve hidravli\u010dnega sistema. Spremljajte in spreminjajte nastavitve pretoka \u010drpalke, da optimizirate delovanje in energetsko u\u010dinkovitost.<\/li>\n<\/ul>\n<h2><strong>Kako obnoviti hidravli\u010dni cilinder?<\/strong><\/h2>\n<p>Obnova hidravli\u010dnega cilindra vklju\u010duje razstavljanje, pregled, zamenjavo obrabljenih ali po\u0161kodovanih komponent in ponovno sestavljanje cilindra. Tukaj je vodnik po korakih za obnovo hidravli\u010dnega cilindra:<\/p>\n<ol>\n<li><strong>Priprava:<\/strong>\n<ul>\n<li>Prepri\u010dajte se, da je hidravli\u010dni sistem brez tlaka in odklopljen.<\/li>\n<li>O\u010distite zunanjost valja, da prepre\u010dite kontaminacijo med postopkom obnove.<\/li>\n<li>Cilinder postavite na stabilno delovno povr\u0161ino in ga pritrdite s sponkami ali prime\u017eem.<\/li>\n<\/ul>\n<\/li>\n<li><strong>Demonta\u017ea:<\/strong>\n<ul>\n<li>Odstranite kon\u010dne pokrov\u010dke valja z ustreznim orodjem in tehnikami, ki jih je navedel proizvajalec.<\/li>\n<li>Previdno odstranite sklop bata in palice iz cilindra.<\/li>\n<li>Za pravilno sestavljanje upo\u0161tevajte vrstni red odstranjevanja komponent.<\/li>\n<\/ul>\n<\/li>\n<li><strong>Pregled:<\/strong>\n<ul>\n<li>Vse komponente temeljito preglejte glede znakov obrabe, po\u0161kodb ali onesna\u017eenja.<\/li>\n<li>Preverite cev valja glede zarez, jamk ali rje. \u010ce so prisotne ve\u010dje po\u0161kodbe, bo morda treba cev zamenjati.<\/li>\n<li>Preverite bat, batnico in tesnila glede obrabe, zarez ali prask. Zamenjajte vse po\u0161kodovane dele.<\/li>\n<\/ul>\n<\/li>\n<li><strong>Zamenjava komponent:<\/strong>\n<ul>\n<li>Zamenjajte tesnila bata, tesnila batnic in vse O-tesnila ali tesnila, ki ka\u017eejo znake obrabe ali po\u0161kodb.<\/li>\n<li>Prepri\u010dajte se, da so nadomestne komponente zdru\u017eljive s specifi\u010dnim modelom hidravli\u010dnega cilindra.<\/li>\n<li>Pred namestitvijo nama\u017eite nova tesnila in O-tesnila s hidravli\u010dnim oljem.<\/li>\n<\/ul>\n<\/li>\n<li><strong>Ponovna monta\u017ea:<\/strong>\n<ul>\n<li>Ponovno sestavljanje za\u010dnite tako, da sklop bata in palice vstavite nazaj v valj valja.<\/li>\n<li>Za la\u017ejo ponovno monta\u017eo nanesite tanko plast hidravli\u010dnega olja na valj valja in tesnila.<\/li>\n<li>Previdno poravnajte komponente in potisnite batni sklop v valj valja.<\/li>\n<li>Namestite kon\u010dne pokrov\u010dke in pazite na pravilno poravnavo in tesnost v skladu s specifikacijami proizvajalca.<\/li>\n<\/ul>\n<\/li>\n<li><strong>Testiranje in namestitev:<\/strong>\n<ul>\n<li>Ko je jeklenka ponovno sestavljena, izvedite tla\u010dni preizkus, da se prepri\u010date, da deluje pravilno.<\/li>\n<li>Priklju\u010dite hidravli\u010dni sistem in postopoma pove\u010dujte tlak, medtem ko preverjate morebitna pu\u0161\u010danja ali nenavadno delovanje.<\/li>\n<li>\u010ce jeklenka opravi tla\u010dni preizkus, je pripravljena za ponovno vgradnjo v hidravli\u010dni sistem.<\/li>\n<\/ul>\n<\/li>\n<li><strong>Redno vzdr\u017eevanje:<\/strong>\n<ul>\n<li>Za podalj\u0161anje \u017eivljenjske dobe obnovljenega hidravli\u010dnega cilindra uvedite redni vzdr\u017eevalni na\u010drt.<\/li>\n<li>Spremljajte valj glede znakov pu\u0161\u010danja, prekomerne obrabe ali drugih te\u017eav.<\/li>\n<li>Redno \u010distite zunanjost in vzdr\u017eujte ustrezno raven hidravli\u010dne teko\u010dine.<\/li>\n<\/ul>\n<\/li>\n<\/ol>\n<h2><strong>Zmogljivost in zmogljivost tovarne:<\/strong><\/h2>\n<h3>(1) Sestavljanje<\/h3>\n<p>Imamo prvovrstno neodvisno platformo za raziskave in razvoj. Delavnica za proizvodnjo hidravli\u010dnih cilindrov ima \u0161tiri polavtomatske monta\u017ene linije za dvi\u017ene cilindre in eno avtomatsko monta\u017eno linijo za nagibne cilindre z letno proizvodno zmogljivostjo 1 milijona kosov. Delavnica za posebne cilindre je opremljena z razli\u010dnimi specifikacijami polavtomatskega sistema za \u010di\u0161\u010denje in monta\u017eo z letno proizvodno zmogljivostjo 200.000 kosov ter znano CNC obdelovalno opremo, obdelovalnim centrom, visoko precizno posebno opremo za obdelavo cilindrov, robotskim varilnim strojem, avtomatskim \u010distilnim strojem, avtomatskim strojem za monta\u017eo cilindrov in avtomatsko proizvodno linijo za barvanje. Obstoje\u010da kriti\u010dna oprema obsega ve\u010d kot 300 kompletov (kompletov). Optimalna razporeditev in u\u010dinkovita uporaba opremnih virov zagotavljata zahteve glede natan\u010dnosti izdelkov in izpolnjujeta visoke zahteve glede kakovosti izdelkov.<\/p>\n<p><img loading=\"lazy\" decoding=\"async\" class=\"alignnone wp-image-626\" src=\"https:\/\/hydraulic-cylinders.net\/wp-content\/uploads\/2023\/08\/hydraulic-cylinder-product-1-300x158.webp\" alt=\"\" width=\"495\" height=\"260\" srcset=\"https:\/\/hydraulic-cylinders.net\/wp-content\/uploads\/2023\/08\/hydraulic-cylinder-product-1-300x158.webp 495w, https:\/\/hydraulic-cylinders.net\/wp-content\/uploads\/2023\/08\/hydraulic-cylinder-product-1-480x252.webp 480w\" sizes=\"(min-width: 0px) and (max-width: 480px) 480px, (min-width: 481px) 495px, 100vw\" \/> <img loading=\"lazy\" decoding=\"async\" class=\"alignnone wp-image-627\" src=\"https:\/\/hydraulic-cylinders.net\/wp-content\/uploads\/2023\/08\/hydraulic-cylinder-product-2-300x189.webp\" alt=\"\" width=\"413\" height=\"260\" \/><\/p>\n<h3>(2) Strojna obdelava<\/h3>\n<p>Strojna delavnica je opremljena s prilagojenim centrom za stru\u017eenje nagnjenih tirnic, obdelovalnim centrom, visokohitrostnim strojem za honanje, varilnim robotom in drugo sorodno opremo, ki lahko obdeluje cilindri\u010dne cevi z najve\u010djim notranjim premerom 400 mm in najve\u010djo dol\u017eino 6 metrov.<\/p>\n<p><img loading=\"lazy\" decoding=\"async\" class=\"alignnone wp-image-628 size-large\" src=\"https:\/\/hydraulic-cylinders.net\/wp-content\/uploads\/2023\/08\/hydraulic-cylinder-product-3-1024x391.webp\" alt=\"\" width=\"1024\" height=\"391\" srcset=\"https:\/\/hydraulic-cylinders.net\/wp-content\/uploads\/2023\/08\/hydraulic-cylinder-product-3-980x374.webp 980w, https:\/\/hydraulic-cylinders.net\/wp-content\/uploads\/2023\/08\/hydraulic-cylinder-product-3-480x183.webp 480w\" sizes=\"(min-width: 0px) and (max-width: 480px) 480px, (min-width: 481px) and (max-width: 980px) 980px, (min-width: 981px) 1024px, 100vw\" \/><\/p>\n<h3>(3) Varjenje<\/h3>\n<p><img loading=\"lazy\" decoding=\"async\" class=\"alignnone wp-image-629 size-large\" src=\"https:\/\/hydraulic-cylinders.net\/wp-content\/uploads\/2023\/08\/hydraulic-cylinder-product-4-1024x510.webp\" alt=\"\" width=\"1024\" height=\"510\" srcset=\"https:\/\/hydraulic-cylinders.net\/wp-content\/uploads\/2023\/08\/hydraulic-cylinder-product-4-980x488.webp 980w, https:\/\/hydraulic-cylinders.net\/wp-content\/uploads\/2023\/08\/hydraulic-cylinder-product-4-480x239.webp 480w\" sizes=\"(min-width: 0px) and (max-width: 480px) 480px, (min-width: 481px) and (max-width: 980px) 980px, (min-width: 981px) 1024px, 100vw\" \/><\/p>\n<h3>(4) Barvanje in premazovanje<\/h3>\n<p>Z majhnimi in srednje velikimi cilindri\u010dnimi avtomatskimi linijami za barvanje na vodni osnovi, za doseganje avtomatskega nakladanja in razkladanja robotov ter avtomatskega brizganja, je projektna zmogljivost 4000 kosov na izmeno;<br \/>\nImamo tudi polavtomatsko linijo za proizvodnjo barv za velike jeklenke, ki jo poganja veriga, s projektno zmogljivostjo 60 zabojev na izmeno.<\/p>\n<p><img loading=\"lazy\" decoding=\"async\" class=\"alignnone wp-image-630\" src=\"https:\/\/hydraulic-cylinders.net\/wp-content\/uploads\/2023\/08\/hydraulic-cylinder-product-5-300x213.webp\" alt=\"\" width=\"366\" height=\"260\" \/> <img loading=\"lazy\" decoding=\"async\" class=\"alignnone wp-image-631\" src=\"https:\/\/hydraulic-cylinders.net\/wp-content\/uploads\/2023\/08\/hydraulic-cylinder-product-6-300x225.webp\" alt=\"\" width=\"347\" height=\"260\" \/><\/p>\n<h3>(5) Testiranje<\/h3>\n<p>Imamo prvovrstne in\u0161pekcijske prostore in testne postaje, s katerimi zagotavljamo, da delovanje jeklenke izpolnjuje zahteve.<\/p>\n<p><img loading=\"lazy\" decoding=\"async\" class=\"alignnone wp-image-632\" src=\"https:\/\/hydraulic-cylinders.net\/wp-content\/uploads\/2023\/08\/hydraulic-cylinder-product-8-300x200.webp\" alt=\"\" width=\"389\" height=\"260\" \/><\/p>\n<p>&nbsp;<\/p>\n<p>&nbsp;<\/p>\n<p>Smo eden najbolj\u0161ih proizvajalcev hidravli\u010dnih cilindrov. Ponujamo vam celovite hidravli\u010dne cilindre. Zagotavljamo tudi ustrezne <a href=\"https:\/\/hzpt.com\/agricultural-pto-gearbox\/\" target=\"_blank\" rel=\"noopener\">kmetijski menjalniki<\/a>Na\u0161e izdelke smo izvozili strankam po vsem svetu in si prislu\u017eili dober ugled zaradi vrhunske kakovosti izdelkov in poprodajnih storitev. Z veseljem vas vabimo, da nas kontaktirate za poslovne dogovore, izmenjavo informacij in ... <a href=\"https:\/\/www.hydraulic-cylinders.net\/sl\/contact-us\/\">sodelujte z nami<\/a>!<\/p>\n<p>&nbsp;<\/p>","protected":false},"excerpt":{"rendered":"<p>HP3V-S Series Axial Piston Variable Displacement Hydraulic Pump The HP3V-S series axial piston variable displacement hydraulic pump is a cutting-edge solution that revolutionizes hydraulic systems. With its exceptional efficiency and outstanding performance, this pump is indispensable in various industrial applications. This comprehensive article will explore the key characteristics, usage methods, and maintenance guidelines for the [&hellip;]<\/p>","protected":false},"featured_media":1936,"comment_status":"open","ping_status":"closed","template":"","meta":{"_et_pb_use_builder":"","_et_pb_old_content":"","_et_gb_content_width":""},"product_brand":[],"product_cat":[1425],"product_tag":[1380],"class_list":{"0":"post-1921","1":"product","2":"type-product","3":"status-publish","4":"has-post-thumbnail","6":"product_cat-piston-pump","7":"product_tag-hydraulic-cylinder","9":"first","10":"instock","11":"shipping-taxable","12":"product-type-simple"},"amp_enabled":true,"_links":{"self":[{"href":"https:\/\/www.hydraulic-cylinders.net\/sl\/wp-json\/wp\/v2\/product\/1921","targetHints":{"allow":["GET"]}}],"collection":[{"href":"https:\/\/www.hydraulic-cylinders.net\/sl\/wp-json\/wp\/v2\/product"}],"about":[{"href":"https:\/\/www.hydraulic-cylinders.net\/sl\/wp-json\/wp\/v2\/types\/product"}],"replies":[{"embeddable":true,"href":"https:\/\/www.hydraulic-cylinders.net\/sl\/wp-json\/wp\/v2\/comments?post=1921"}],"wp:featuredmedia":[{"embeddable":true,"href":"https:\/\/www.hydraulic-cylinders.net\/sl\/wp-json\/wp\/v2\/media\/1936"}],"wp:attachment":[{"href":"https:\/\/www.hydraulic-cylinders.net\/sl\/wp-json\/wp\/v2\/media?parent=1921"}],"wp:term":[{"taxonomy":"product_brand","embeddable":true,"href":"https:\/\/www.hydraulic-cylinders.net\/sl\/wp-json\/wp\/v2\/product_brand?post=1921"},{"taxonomy":"product_cat","embeddable":true,"href":"https:\/\/www.hydraulic-cylinders.net\/sl\/wp-json\/wp\/v2\/product_cat?post=1921"},{"taxonomy":"product_tag","embeddable":true,"href":"https:\/\/www.hydraulic-cylinders.net\/sl\/wp-json\/wp\/v2\/product_tag?post=1921"}],"curies":[{"name":"delovni list","href":"https:\/\/api.w.org\/{rel}","templated":true}]}}