{"id":19216,"date":"2025-04-07T06:18:34","date_gmt":"2025-04-07T06:18:34","guid":{"rendered":"https:\/\/www.hydraulic-cylinders.net\/product\/boom-cylinder-for-zoomlion-middle-excavator-ze210e\/"},"modified":"2025-04-07T06:18:36","modified_gmt":"2025-04-07T06:18:36","slug":"boom-cylinder-for-zoomlion-middle-excavator-ze210e","status":"publish","type":"product","link":"https:\/\/www.hydraulic-cylinders.net\/sl\/izdelek\/boom-cylinder-for-zoomlion-middle-excavator-ze210e\/","title":{"rendered":"Cilinder roke za srednji bager Zoomlion ZE210E"},"content":{"rendered":"<h1>Cilinder roke za srednji bager Zoomlion ZE210E<\/h1>\n<h2>Uvod v cilindre roke<\/h2>\n<p>Cilinder roke je klju\u010dna hidravli\u010dna komponenta, zasnovana posebej za te\u017eke stroje, kot so bagri, bagri nakladalniki in \u010delni nakladalniki. Nadzoruje gibanje \u017elice, kar omogo\u010da dvigovanje, spu\u0161\u010danje in nagibanje, kar je bistveno za razli\u010dna opravila ravnanja z materiali. Funkcija cilindra roke sega dlje od zgolj dvigovanja; igra pomembno vlogo pri izbolj\u0161anju operativne u\u010dinkovitosti in produktivnosti stroja. Ko so integrirani v hidravli\u010dni sistem, cilindri roke uporabljajo hidravli\u010dno teko\u010dino za ustvarjanje sile, zaradi \u010desar so klju\u010dni za opravila, ki zahtevajo veliko mo\u010d in natan\u010dnost. Ti cilindri so zasnovani tako, da prenesejo visoke tlake in razli\u010dne delovne pogoje, kar zagotavlja dolgo \u017eivljenjsko dobo in zanesljivost.<\/p>\n<p><img decoding=\"async\" src=\"https:\/\/www.hydraulic-cylinders.net\/wp-content\/uploads\/2025\/04\/songte-company-1.webp\" alt=\"Slika cilindra roke\" \/><\/p>\n<h2>Klju\u010dne zna\u010dilnosti cilindra roke<\/h2>\n<ul>\n<li><strong>Visoka trdnost in vzdr\u017eljivost:<\/strong> Ti cilindri so obi\u010dajno izdelani iz visoko trdnega jekla ali aluminija in so zasnovani tako, da prenesejo visoke tlake in velike obremenitve, zaradi \u010desar so primerni za zahtevna delovna okolja.<\/li>\n<li><strong>U\u010dinkovito hidravli\u010dno delovanje:<\/strong> Cilinder roke deluje gladko s pomo\u010djo hidravli\u010dnega oljnega tlaka, kar omogo\u010da hiter odziv na krmilne ukaze in zagotavlja znatne potisne in vle\u010dne sile, potrebne za te\u017eke tovore.<\/li>\n<li><strong>Razli\u010dne vrste na voljo:<\/strong> Mo\u017enosti vklju\u010dujejo enosmerno delujo\u010de (delujejo v eno smer) ali dvosmerno delujo\u010de (delujejo v obe smeri) cilindre, ki ustrezajo razli\u010dnim operativnim potrebam, pri \u010demer so nekateri modeli teleskopski za dalj\u0161i doseg v omejenih prostorih.<\/li>\n<li><strong>Izbolj\u0161ana odpornost proti obrabi:<\/strong> Zasnovan z upo\u0161tevanjem odpornosti proti abraziji in koroziji, kar podalj\u0161uje \u017eivljenjsko dobo cilindra in zagotavlja zanesljivo delovanje skozi \u010das.<\/li>\n<li><strong>Prilagodljivo oblikovanje:<\/strong> Zasnova cilindra roke upo\u0161teva specifi\u010dne zahteve razli\u010dnih strojev, kar omogo\u010da optimalno funkcionalnost v razli\u010dnih aplikacijah.<\/li>\n<\/ul>\n<h2>Proizvodne zmogljivosti<\/h2>\n<p>Ta izdelek izdelujemo natan\u010dno, kar zagotavlja, da lahko na\u0161i cilindri roke popolnoma nadomestijo obstoje\u010de hidravli\u010dne cilindre v razli\u010dni opremi. Na\u0161 proizvodni proces uporablja napredno tehnologijo in stroge ukrepe nadzora kakovosti, da zagotovimo, da vsak valj izpolnjuje industrijske standarde.<\/p>\n<p><img decoding=\"async\" src=\"https:\/\/www.hydraulic-cylinders.net\/wp-content\/uploads\/2025\/04\/songte-cylinder-head-with-all-kinds-excavator-models.webp\" alt=\"Slika modelov bagrov\" \/><\/p>\n<h2>Uporaba cilindrov roke<\/h2>\n<h3>Gradbena oprema<\/h3>\n<p>Pri bagrih so cilindri roke bistveni za kopanje, nakladanje in premikanje zemlje ali ru\u0161evin. Omogo\u010dajo, da \u017elica u\u010dinkovito prodre v tla, kar izbolj\u0161a kopalne zmogljivosti stroja. Pri uporabi v bagrih nakladalnikih cilinder roke ne le olaj\u0161a kopanje, temve\u010d pomaga tudi pri dvigovanju te\u017ekih bremen, kar zagotavlja vsestranskost pri gradbenih opravilih.<\/p>\n<h3>Kmetijska mehanizacija<\/h3>\n<p>Pri \u010delnih nakladalnikih so cilindri roke klju\u010dni za zajemanje, dvigovanje in prevoz materialov, kot so zemlja, seno in drugi kmetijski pridelki. U\u010dinkovitost teh cilindrov neposredno vpliva na produktivnost kmetijskih dejavnosti, kar kmetom omogo\u010da u\u010dinkovitej\u0161e upravljanje njihovih nalog.<\/p>\n<h3>Bagri<\/h3>\n<p>Pri bagrih cilinder roke omogo\u010da, da se \u017elica zarije v zemljo, zaradi \u010desar je nepogre\u0161ljiv del stroja. Njegova zasnova optimizira kopanje, kar omogo\u010da upravljavcem, da dose\u017eejo ve\u010djo globino in u\u010dinkovitost pri izkopavanjih.<\/p>\n<h3>Nakladalci<\/h3>\n<p>Pri \u010delnih nakladalnikih cilindri roke prispevajo k u\u010dinkovitemu dvigovanju in razkladanju bremen. Mo\u010d in odzivnost teh cilindrov zagotavljata hitro in varno premikanje te\u017ekih materialov, kar pove\u010duje splo\u0161no operativno produktivnost.<\/p>\n<h2>Oblikovalski vidiki in izbirna merila<\/h2>\n<h3>Nosilnost<\/h3>\n<p>Nosilnost cilindra roke je klju\u010dni dejavnik pri na\u010drtovanju. Mora biti sposoben prenesti najve\u010djo te\u017eo materialov, ki se premikajo. In\u017eenirji morajo oceniti te\u017eo in pogoje, pod katerimi bo valj deloval, da zagotovijo, da lahko brez okvare prenese najve\u010dje obremenitve. Pravilni izra\u010duni in varnostni faktorji so bistveni v procesu na\u010drtovanja, da se zagotovi zanesljivost in varnost strojev.<\/p>\n<h3>Celovitost tesnjenja<\/h3>\n<p>Tesnjenje je \u0161e en pomemben vidik zasnove cilindrov roke. Visokokakovostna tesnila prepre\u010dujejo pu\u0161\u010danje hidravli\u010dne teko\u010dine, kar lahko povzro\u010di te\u017eave z delovanjem in po\u0161kodbe. Uporaba trpe\u017enih tesnilnih materialov, kot sta poliuretan in nitrilna guma, zagotavlja, da tesnila prenesejo pritiske in trenje, povezano s hidravli\u010dnim delovanjem. Dobro zasnovan tesnilni sistem podalj\u0161a \u017eivljenjsko dobo cilindra in zmanj\u0161a pogostost vzdr\u017eevalnih posegov.<\/p>\n<h3>Vzdr\u017eljivost<\/h3>\n<p>Pri zasnovi cilindrov roke je vzdr\u017eljivost najpomembnej\u0161a. Uporabljeni materiali morajo biti odporni proti obrabi in koroziji zaradi okoljskih dejavnikov in same hidravli\u010dne teko\u010dine. Proizvajalci te cilindre pogosto podvr\u017eejo strogim testiranjem, da simulirajo resni\u010dne pogoje in zagotovijo, da lahko prenesejo dolgotrajno uporabo brez ve\u010dje degradacije.<\/p>\n<h3>Varnostne funkcije<\/h3>\n<p>Varnostne funkcije so klju\u010dnega pomena za zasnovo cilindrov roke. To vklju\u010duje mehanizme za prepre\u010devanje prekomernega raztezanja in preobremenitve, kar lahko povzro\u010di katastrofalne okvare. Proizvajalci morajo izvajati varnostne protokole in standarde za za\u0161\u010dito upravljavcev in opreme med delovanjem.<\/p>\n<h3>Vzdr\u017eevanje in servisiranje<\/h3>\n<p>Zasnova cilindrov roke z mislijo na vzdr\u017eevanje je bistvenega pomena za zagotavljanje dolgoro\u010dne funkcionalnosti. Funkcije, kot so lahko dostopne mazalke, zamenljiva tesnila in standardizirane komponente, olaj\u0161ajo rutinske preglede in popravila. Dobro zasnovan valj omogo\u010da priro\u010dno vzdr\u017eevanje, skraj\u0161a \u010das izpada in pove\u010da produktivnost.<\/p>\n<p><img decoding=\"async\" src=\"https:\/\/www.hydraulic-cylinders.net\/wp-content\/uploads\/2025\/04\/songte-oil-pipes-and-spare-parts.webp\" alt=\"Slika hidravli\u010dnih delov\" \/><\/p>\n<h2>Tesnjenje in mazanje<\/h2>\n<p>U\u010dinkovito tesnjenje in mazanje sta klju\u010dnega pomena za delovanje cilindrov roke. Za prepre\u010devanje pu\u0161\u010danja hidravli\u010dne teko\u010dine se uporabljajo razli\u010dne tesnilne komponente, vklju\u010dno s tesnili bata in palice. Materiali, izbrani za ta tesnila, kot sta poliuretan in nitrilna guma, so znani po svoji odpornosti proti obrabi in vzdr\u017eljivosti. Telo cilindra in navojne kon\u010dne povr\u0161ine so fino obdelane za pove\u010danje odpornosti proti obrabi. Redno mazanje z ustreznim hidravli\u010dnim oljem je bistveno za ohranjanje optimalne zmogljivosti in prepre\u010devanje prekomerne obrabe skozi \u010das.<\/p>\n<h2>Preventivni vzdr\u017eevalni ukrepi<\/h2>\n<ul>\n<li><strong>Redni pregledi:<\/strong> Redni pregledi jeklenke glede pu\u0161\u010danja, po\u0161kodb in obrabe so bistveni za zagotovitev u\u010dinkovitega in varnega delovanja. Upravljavci morajo biti usposobljeni za zgodnje prepoznavanje znakov morebitnih te\u017eav.<\/li>\n<li><strong>Ustrezno mazanje:<\/strong> Redno mazanje valja s pravim hidravli\u010dnim oljem je klju\u010dnega pomena za ohranjanje njegove funkcionalnosti. Upravljavci morajo upo\u0161tevati na\u010drt mazanja, ki temelji na uporabi in priporo\u010dilih proizvajalca.<\/li>\n<li><strong>Zamenjava tesnil:<\/strong> S\u010dasoma se tesnila lahko obrabijo in jih je treba zamenjati. Redno preverjanje stanja tesnil in njihova zamenjava po potrebi lahko prepre\u010dita pu\u0161\u010danje in okvare delovanja.<\/li>\n<\/ul>\n<h2>Navodila za namestitev<\/h2>\n<p>Pravilna namestitev cilindrov roke je bistvenega pomena za optimalno delovanje. Najprej se prepri\u010dajte, da je cilinder zdru\u017eljiv s specifi\u010dnim modelom opreme. Cilinder pravilno poravnajte z pritrdilnimi to\u010dkami in ga trdno pritrdite z ustreznimi nosilci. Bodite pozorni na hidravli\u010dne priklju\u010dke ter se prepri\u010dajte, da so tesni in ne pu\u0161\u010dajo. Pred uporabo stroja izvedite preizkus delovanja, da preverite, ali cilinder deluje gladko, brez nenavadnih zvokov ali upora. Upo\u0161tevanje teh smernic pomaga prepre\u010diti prezgodnjo obrabo in okvaro ter zagotavlja dolgo \u017eivljenjsko dobo komponente.<\/p>\n<h2>Pogosta vzdr\u017eevalna opravila<\/h2>\n<ul>\n<li><strong>Redni pregledi:<\/strong> Izvajanje temeljitih pregledov v na\u010drtovanih intervalih za preverjanje znakov obrabe, po\u0161kodb ali pu\u0161\u010danja je klju\u010dnega pomena za ohranjanje delovanja cilindra roke.<\/li>\n<li><strong>Ustrezno mazanje:<\/strong> Zagotovite, da je hidravli\u010dni valj ustrezno mazan s pravilno vrsto hidravli\u010dnega olja, kar je klju\u010dnega pomena za nemoteno delovanje in dolgo \u017eivljenjsko dobo.<\/li>\n<li><strong>Zamenjava tesnila:<\/strong> Pravo\u010dasna zamenjava tesnil je bistvenega pomena za prepre\u010devanje pu\u0161\u010danja in zagotavljanje u\u010dinkovitega delovanja cilindra roke. Upravljavci morajo biti pozorni na znake, ki ka\u017eejo, da je treba tesnila zamenjati.<\/li>\n<\/ul>\n<h2>Varnostni vidiki in okoljski dejavniki<\/h2>\n<p>Pri uporabi cilindrov roke so varnostni ukrepi najpomembnej\u0161i. Upravljavci morajo biti usposobljeni za pravilne postopke ravnanja s hidravli\u010dno opremo, vklju\u010dno z razumevanjem tveganj, povezanih z visokotla\u010dnimi sistemi. Za prepre\u010devanje nesre\u010d je treba nositi ustrezno varnostno opremo, stroje pa upravljati v skladu z navodili proizvajalca. Okoljski dejavniki, kot je izpostavljenost ostrim vremenskim razmeram, lahko vplivajo tudi na delovanje in \u017eivljenjsko dobo cilindrov roke, zato je nujno upo\u0161tevati za\u0161\u010ditne ukrepe med delovanjem.<\/p>\n<h2>Odpravljanje te\u017eav in pogoste te\u017eave<\/h2>\n<ul>\n<li><strong>Izguba mo\u010di:<\/strong> \u010ce cilinder roke ka\u017ee izgubo delovne mo\u010di, je to lahko posledica nizke ravni hidravli\u010dne teko\u010dine ali pu\u0161\u010danja v sistemu. Preverite raven teko\u010dine in preglejte morebitna vidna pu\u0161\u010danja.<\/li>\n<li><strong>Nenavadni zvoki:<\/strong> Zvoki, kot sta \u0161kripanje ali trkanje, lahko ka\u017eejo na obrabo ali po\u0161kodbo notranjih komponent. Takoj ustavite delovanje in preverite valj glede morebitnih znakov po\u0161kodb.<\/li>\n<li><strong>Nedosledno gibanje:<\/strong> \u010ce se cilinder roke ne izteguje ali vklaplja gladko, je to lahko posledica blokade ali zraka v hidravli\u010dnem sistemu. Odzra\u010dite sistem in odstranite morebitne blokade, da ponovno vzpostavite delovanje.<\/li>\n<\/ul>\n<h2>Nasveti za odpravljanje te\u017eav<\/h2>\n<p>Za u\u010dinkovito odpravljanje te\u017eav z cilindri roke morajo upravljavci voditi podroben dnevnik delovanja in morebitnih nepravilnosti. Redno usposabljanje o pogostih te\u017eavah in njihovih re\u0161itvah lahko upravljavcem omogo\u010di, da obravnavajo manj\u0161e te\u017eave, preden se stopnjujejo. Izvajanje na\u010drta preventivnega vzdr\u017eevanja zmanj\u0161uje mo\u017enost napak in podalj\u0161uje \u017eivljenjsko dobo opreme. Redna komunikacija s proizvajalcem ali dobaviteljem lahko zagotovi tudi dragocene vpoglede v ohranjanje optimalne zmogljivosti.<\/p>\n<p><img decoding=\"async\" src=\"https:\/\/www.hydraulic-cylinders.net\/wp-content\/uploads\/2025\/04\/songte-bushings-with-all-kinds-of-excavator-models.webp\" alt=\"Slika pu\u0161e bagra\" \/><\/p>\n<h2>O na\u0161em podjetju<\/h2>\n<p>Smo vodilni proizvajalec hidravli\u010dnih cilindrov, specializiran za proizvodnjo visokokakovostnih nadomestnih cilindrov za razli\u010dne aplikacije. Z obse\u017eno paleto izdelkov smo se uveljavili kot eden vodilnih proizvajalcev in veletrgovcev tako na doma\u010dem kot na mednarodnem trgu. Na\u0161a zavezanost odli\u010dnosti se odra\u017ea v na\u0161ih izpopolnjenih strategijah upravljanja proizvodnje, ki jih podpirata napredna proizvodna tehnologija in usposobljena delovna sila. Nenehno izbolj\u0161ujemo na\u0161e proizvodne zmogljivosti in zagotavljamo, da vsak izdelek izpolnjuje najvi\u0161je standarde kakovosti in zmogljivosti.<\/p>\n<p><img decoding=\"async\" src=\"https:\/\/www.hydraulic-cylinders.net\/wp-content\/uploads\/2025\/04\/songte-company-4.webp\" alt=\"Slika podjetja 1\" \/><br \/>\n<img decoding=\"async\" src=\"https:\/\/www.hydraulic-cylinders.net\/wp-content\/uploads\/2025\/04\/songte-company-3.webp\" alt=\"Slika podjetja 2\" \/><\/p>\n<p>Na\u0161a predanost profesionalnosti se ka\u017ee v mednarodnih certifikatih, prilagodljivih storitvah, najsodobnej\u0161i proizvodni opremi in izjemni poprodajni podpori. Prizadevamo si zadovoljiti raznolike potrebe na\u0161ih strank, hkrati pa ohranjamo poudarek na kakovosti in u\u010dinkovitosti.<\/p>\n<p>Avtor: lyl<\/p>","protected":false},"excerpt":{"rendered":"<p>Boom Cylinder For Zoomlion Middle Excavator ZE210E Introduction to Boom Cylinders The Boom Cylinder is a crucial hydraulic component designed specifically for heavy machinery such as excavators, backhoe loaders, and front loaders. It controls the movement of the bucket, allowing it to lift, lower, and tilt, which is essential for various material handling tasks. The [&hellip;]<\/p>","protected":false},"featured_media":17872,"comment_status":"open","ping_status":"closed","template":"","meta":{"_et_pb_use_builder":"","_et_pb_old_content":"","_et_gb_content_width":""},"product_brand":[],"product_cat":[1546],"product_tag":[1547,1496],"class_list":{"0":"post-19216","1":"product","2":"type-product","3":"status-publish","4":"has-post-thumbnail","6":"product_cat-boom-cylinders","7":"product_tag-boom-cylinders","8":"product_tag-hydraulic-cylinders","10":"first","11":"instock","12":"shipping-taxable","13":"product-type-simple"},"amp_enabled":true,"_links":{"self":[{"href":"https:\/\/www.hydraulic-cylinders.net\/sl\/wp-json\/wp\/v2\/product\/19216","targetHints":{"allow":["GET"]}}],"collection":[{"href":"https:\/\/www.hydraulic-cylinders.net\/sl\/wp-json\/wp\/v2\/product"}],"about":[{"href":"https:\/\/www.hydraulic-cylinders.net\/sl\/wp-json\/wp\/v2\/types\/product"}],"replies":[{"embeddable":true,"href":"https:\/\/www.hydraulic-cylinders.net\/sl\/wp-json\/wp\/v2\/comments?post=19216"}],"wp:featuredmedia":[{"embeddable":true,"href":"https:\/\/www.hydraulic-cylinders.net\/sl\/wp-json\/wp\/v2\/media\/17872"}],"wp:attachment":[{"href":"https:\/\/www.hydraulic-cylinders.net\/sl\/wp-json\/wp\/v2\/media?parent=19216"}],"wp:term":[{"taxonomy":"product_brand","embeddable":true,"href":"https:\/\/www.hydraulic-cylinders.net\/sl\/wp-json\/wp\/v2\/product_brand?post=19216"},{"taxonomy":"product_cat","embeddable":true,"href":"https:\/\/www.hydraulic-cylinders.net\/sl\/wp-json\/wp\/v2\/product_cat?post=19216"},{"taxonomy":"product_tag","embeddable":true,"href":"https:\/\/www.hydraulic-cylinders.net\/sl\/wp-json\/wp\/v2\/product_tag?post=19216"}],"curies":[{"name":"delovni list","href":"https:\/\/api.w.org\/{rel}","templated":true}]}}