{"id":19221,"date":"2025-04-07T06:18:45","date_gmt":"2025-04-07T06:18:45","guid":{"rendered":"https:\/\/www.hydraulic-cylinders.net\/product\/boom-cylinder-for-zoomlion-middle-excavator-ze210e-9\/"},"modified":"2025-04-07T06:18:48","modified_gmt":"2025-04-07T06:18:48","slug":"boom-cylinder-for-zoomlion-middle-excavator-ze210e-9","status":"publish","type":"product","link":"https:\/\/www.hydraulic-cylinders.net\/sl\/izdelek\/boom-cylinder-for-zoomlion-middle-excavator-ze210e-9\/","title":{"rendered":"Cilinder roke za srednji bager Zoomlion ZE210E-9"},"content":{"rendered":"<h1>Cilinder roke za srednji bager Zoomlion ZE210E-9<\/h1>\n<h2>Pregled izdelka<\/h2>\n<p>Cilinder roke za srednji bager Zoomlion ZE210E-9 je klju\u010dna hidravli\u010dna komponenta, ki igra klju\u010dno vlogo pri delovanju te\u017eke mehanizacije. Ta hidravli\u010dni cilinder je posebej zasnovan za nadzor gibanja roke, kar omogo\u010da vrsto operacij, bistvenih za izkopavanja in ravnanje z materiali.<\/p>\n<p>Cilinder \u017elice omogo\u010da dvigovanje, spu\u0161\u010danje in nagibanje \u017elice bagra, zaradi \u010desar je nepogre\u0161ljiv pri razli\u010dnih aplikacijah. Hidravli\u010dni sistem, ki vklju\u010duje ta cilinder, uporablja hidravli\u010dno teko\u010dino pod tlakom za ustvarjanje linearnega gibanja, kar upravljavcu omogo\u010da natan\u010dno in u\u010dinkovito opravljanje nalog.<\/p>\n<p><img decoding=\"async\" src=\"https:\/\/www.hydraulic-cylinders.net\/wp-content\/uploads\/2025\/04\/songte-company-1.webp\" alt=\"Slika cilindra roke\" \/><\/p>\n<h2>Zna\u010dilnosti cilindra roke<\/h2>\n<ul>\n<li><strong>Visoka trdnost in vzdr\u017eljivost:<\/strong> Cilinder roke, izdelan iz visoko trdnega jekla ali aluminija, je sposoben prenesti visoke tlake in velike obremenitve, hkrati pa je zasnovan tako, da je odporen proti obrabi in koroziji, kar zagotavlja dolgo \u017eivljenjsko dobo.<\/li>\n<li><strong>U\u010dinkovito hidravli\u010dno delovanje:<\/strong> Cilinder uporablja hidravli\u010dni tlak olja za gladko iztegovanje in vle\u010denje, kar zagotavlja hiter odziv na krmilne ukaze in mo\u010dne potisne in vle\u010dne zmogljivosti, primerne za te\u017eka in kompleksna opravila.<\/li>\n<li><strong>Razli\u010dne vrste:<\/strong> Na voljo so kot enosmerno delujo\u010di (delujejo v eno smer) ali dvosmerno delujo\u010di (delujejo v obe smeri) cilindri, pri \u010demer nekateri modeli ponujajo teleskopsko zasnovo za ve\u010dji doseg brez pove\u010danja zunanje velikosti, kar je idealno za omejene prostore.<\/li>\n<li><strong>Precizno in\u017eenirstvo:<\/strong> Izdelano z naprednimi in\u017eenirskimi tehnikami za zagotavljanje optimalne zmogljivosti, zanesljivosti in zdru\u017eljivosti z razli\u010dnimi modeli bagrov.<\/li>\n<li><strong>Prilagodljive re\u0161itve:<\/strong> Na\u0161e podjetje lahko izdela ta izdelek, ki ustreza specifi\u010dnim zahtevam in popolnoma nadomesti obstoje\u010de hidravli\u010dne cilindre.<\/li>\n<\/ul>\n<p><img decoding=\"async\" src=\"https:\/\/www.hydraulic-cylinders.net\/wp-content\/uploads\/2025\/04\/songte-cylinder-head-with-all-kinds-excavator-models.webp\" alt=\"Modeli bagrov\" \/><\/p>\n<h2>Uporaba cilindra roke<\/h2>\n<h3>Gradbena oprema<\/h3>\n<p>V gradbeni opremi je cilinder roke bistvenega pomena pri bagrih za kopanje, nakladanje in premikanje zemlje ali ru\u0161evin. Cilinder omogo\u010da, da \u017elica prodre v tla, kar omogo\u010da u\u010dinkovito izkopavanje in hkrati ohranja stabilnost med delovanjem. Poleg tega pomaga pri dvigovanju materialov na vi\u0161je ravni za bolj\u0161o odlaganje, kar pove\u010duje produktivnost na gradbi\u0161\u010dih.<\/p>\n<h3>Kmetijska mehanizacija<\/h3>\n<p>V kmetijski mehanizaciji, kot so \u010delni nakladalniki, se cilinder roke uporablja za zajemanje, dvigovanje in prevoz zemlje, sena in drugih materialov. Zmo\u017enost nadzora kota in vi\u0161ine \u017elice omogo\u010da u\u010dinkovito upravljanje materiala med sajenjem, \u017eetvijo in drugimi kmetijskimi opravili.<\/p>\n<h3>Bagri<\/h3>\n<p>Cilinder roke omogo\u010da bagrom u\u010dinkovito prodiranje v zemljo, zaradi \u010desar je klju\u010dni sestavni del pri izkopavanju. Njegovo zanesljivo delovanje zagotavlja, da se stroj lahko spopade z razli\u010dnimi tereni in pogoji, kar zagotavlja nemoten in u\u010dinkovit napredek projekta.<\/p>\n<h3>Nakladalci<\/h3>\n<p>Pri \u010delnih nakladalnikih cilindri roke pomagajo pri u\u010dinkovitem dvigovanju in razkladanju bremen. Zagotavljajo potrebno mo\u010d za dvigovanje te\u017ekih materialov na znatne vi\u0161ine, kar omogo\u010da enostavno razkladanje in odlaganje, kar je klju\u010dnega pomena za vzdr\u017eevanje delovnega procesa pri gradbenih in krajinskih projektih.<\/p>\n<h2>Oblikovalski vidiki in izbirna merila<\/h2>\n<h3>Nosilnost<\/h3>\n<p>Pri izbiri cilindra roke je nosilnost najpomembnej\u0161i dejavnik. Cilinder mora biti sposoben prenesti te\u017eo materialov, ki se premikajo, in dinami\u010dne sile, ki delujejo med delovanjem. Razumevanje specifikacij in zagotovitev, da je cilinder ocenjen za pri\u010dakovane obremenitve, bosta prepre\u010dila okvare in pove\u010dala varnost. Proizvajalci obi\u010dajno navedejo podrobne nazivne nosilnosti, zato je za dodatno zanesljivost klju\u010dnega pomena izbrati cilinder, ki presega najve\u010dje pri\u010dakovane obremenitve.<\/p>\n<h3>Tesnjenje in vzdr\u017eljivost<\/h3>\n<p>Tesnilni sistem cilindra roke je klju\u010dnega pomena za njegovo dolgo \u017eivljenjsko dobo in delovanje. Visokokakovostna tesnila prepre\u010dujejo pu\u0161\u010danje hidravli\u010dne teko\u010dine, kar je bistveno za vzdr\u017eevanje tlaka in u\u010dinkovitosti. Uporaba trpe\u017enih materialov, kot sta poliuretan in nitrilna guma, za tesnila zagotavlja odpornost proti obrabi, pa tudi na temperaturne spremembe in okoljske pogoje. Dobro zatesnjen valj zmanj\u0161uje potrebe po vzdr\u017eevanju in izpade delovanja, kar zagotavlja bolj\u0161o splo\u0161no u\u010dinkovitost.<\/p>\n<h3>Varnostne funkcije<\/h3>\n<p>Varnost je pri zasnovi hidravli\u010dnih cilindrov glavna prednostna naloga. Napredne varnostne funkcije, kot so tla\u010dni varnostni ventili in omejitveni ventili, pomagajo prepre\u010diti katastrofalne okvare in zagotavljajo varno delovanje. Te funkcije \u0161\u010ditijo tako stroje kot upravljavca, kar zmanj\u0161uje tveganje za nesre\u010de na gradbi\u0161\u010du. Poleg tega imajo redni pregledi in upo\u0161tevanje varnostnih standardov klju\u010dno vlogo pri ohranjanju varnosti delovanja in prepre\u010devanju nesre\u010d.<\/p>\n<h3>Vzdr\u017eevanje in popravljivost<\/h3>\n<p>Zasnova cilindra roke z mislijo na vzdr\u017eevanje je bistvenega pomena za njegovo dolgoro\u010dno delovanje. Funkcije, ki omogo\u010dajo enostaven dostop za vzdr\u017eevanje, kot so odstranljivi pokrovi in \u200b\u200bdostopni hidravli\u010dni priklju\u010dki, lahko znatno skraj\u0161ajo \u010das izpada. Redni vzdr\u017eevalni postopki, vklju\u010dno s pregledi in pravo\u010dasnimi popravili, lahko podalj\u0161ajo \u017eivljenjsko dobo cilindra in zagotovijo dosledno delovanje, s \u010dimer se zmanj\u0161ajo skupni obratovalni stro\u0161ki.<\/p>\n<p><img decoding=\"async\" src=\"https:\/\/www.hydraulic-cylinders.net\/wp-content\/uploads\/2025\/04\/songte-oil-pipes-and-spare-parts.webp\" alt=\"Oljne cevi in \u200b\u200brezervni deli\" \/><\/p>\n<h2>Tesnjenje in mazanje<\/h2>\n<p>U\u010dinkovito tesnjenje in mazanje sta temeljnega pomena za delovanje hidravli\u010dnih cilindrov. Za prepre\u010devanje pu\u0161\u010danja in vzdr\u017eevanje tlaka v sistemu se uporabljajo razli\u010dne tesnilne komponente, vklju\u010dno s tesnili bata in palice. Tesnila iz materialov, odpornih proti obrabi, kot sta poliuretan in nitrilna guma, znatno pove\u010dajo vzdr\u017eljivost in zmogljivost.<\/p>\n<p>Telo valja in navojni konci so natan\u010dno obdelani za izbolj\u0161anje odpornosti proti obrabi. Redno mazanje s hidravli\u010dnim oljem je bistvenega pomena; zmanj\u0161uje trenje in obrabo gibljivih delov, kar zagotavlja nemoteno delovanje. Upravljavci morajo upo\u0161tevati priporo\u010dila proizvajalca glede intervalov in koli\u010din mazanja, da ohranijo optimalno delovanje.<\/p>\n<h2>Redni pregledi in preventivno vzdr\u017eevanje<\/h2>\n<ul>\n<li><strong>Pogosti pregledi:<\/strong> Redni pregledi so bistveni za odkrivanje morebitnih te\u017eav, preden se te stopnjujejo. Upravljavci naj vizualno pregledajo jeklenko glede znakov obrabe, pu\u0161\u010danja ali po\u0161kodb in opravijo operativne preglede, da zagotovijo, da vse deluje po predvidenem postopku.<\/li>\n<li><strong>Ustrezno mazanje:<\/strong> Zagotavljanje pravilnega mazanja hidravli\u010dnega sistema je klju\u010dnega pomena za zmanj\u0161anje trenja in obrabe. Upravljavci morajo upo\u0161tevati na\u010drtovani postopek mazanja glede na delovne ure in okoljske pogoje, pri \u010demer morajo uporabljati priporo\u010deno vrsto hidravli\u010dnega olja.<\/li>\n<li><strong>Zamenjava tesnila:<\/strong> Tesnila so obrabni deli in jih je treba zamenjati kot del rednega vzdr\u017eevanja. Redni pregledi lahko pomagajo prepoznati tesnila, ki ka\u017eejo znake obrabe ali po\u0161kodb, kar omogo\u010da pravo\u010dasno zamenjavo, da se prepre\u010di pu\u0161\u010danje in ohrani celovitost sistema.<\/li>\n<\/ul>\n<h2>Navodila za namestitev<\/h2>\n<p>Pravilna namestitev cilindra roke je klju\u010dnega pomena za njegovo delovanje in dolgo \u017eivljenjsko dobo. Najprej se prepri\u010dajte, da so pritrdilne povr\u0161ine \u010diste in brez umazanije. Za pritrditev cilindra uporabite ustrezne pritrdilne nosilce in se izogibajte prekomernemu premikanju med delovanjem. Pravilna poravnava je klju\u010dnega pomena; palica cilindra mora biti poravnana z obremenitvijo, da se prepre\u010di stranska obremenitev, ki lahko povzro\u010di prezgodnjo obrabo ali okvaro.<\/p>\n<p>Med namestitvijo sledite tem korakom:<\/p>\n<ul>\n<li>Prepri\u010dajte se, da so vse navojne povezave ustrezno privite v skladu s specifikacijami proizvajalca.<\/li>\n<li>Preverite, ali so hidravli\u010dne cevi in \u200b\u200bpriklju\u010dki varno pritrjeni, da prepre\u010dite pu\u0161\u010danje.<\/li>\n<li>Po namestitvi preklopite valj skozi celoten obseg gibanja, da se prepri\u010date, da ni ovir ali te\u017eav s poravnavo.<\/li>\n<li>Preden opremo za\u017eenete, izvedite tla\u010dni preizkus, da se prepri\u010date, da sistem deluje pravilno in da ni pu\u0161\u010danja.<\/li>\n<\/ul>\n<h2>Pogosta vzdr\u017eevalna opravila<\/h2>\n<ul>\n<li><strong>Redni pregledi:<\/strong> Izvajanje temeljitih pregledov pomaga pri zgodnjem odkrivanju morebitnih te\u017eav. Poi\u0161\u010dite znake pu\u0161\u010danja, korozije ali po\u0161kodb in jih nemudoma odpravite, da prepre\u010dite ve\u010dje te\u017eave.<\/li>\n<li><strong>Pravilno mazanje:<\/strong> Redno ma\u017eite valj v skladu z navodili proizvajalca. Ta praksa je bistvena za ohranjanje nemotenega delovanja in zmanj\u0161anje obrabe tesnil in gibljivih delov.<\/li>\n<li><strong>Zamenjava tesnil in preverjanje kalibracije:<\/strong> Redno preverjajte tesnila glede obrabe in jih po potrebi zamenjajte. Kalibracija cilindra zagotavlja, da deluje znotraj dolo\u010denih parametrov, kar je klju\u010dnega pomena za ohranjanje delovanja in varnosti.<\/li>\n<\/ul>\n<h2>Varnostni vidiki in okoljski dejavniki<\/h2>\n<p>Varnostni ukrepi so pri upravljanju hidravli\u010dnih sistemov bistvenega pomena. Upravljavci morajo biti usposobljeni za varno ravnanje in razumeti morebitne nevarnosti, povezane s hidravli\u010dno opremo. Redni varnostni pregledi in upo\u0161tevanje ustaljenih varnostnih smernic lahko znatno zmanj\u0161ajo tveganje za nesre\u010de na delovnem mestu. Poleg tega lahko okoljski dejavniki, kot so temperaturna nihanja in izpostavljenost te\u017ekim razmeram, vplivajo na delovanje hidravli\u010dnih valjev; zato je klju\u010dnega pomena izbira materialov in zasnov, primernih za specifi\u010dna okolja.<\/p>\n<h2>Odpravljanje te\u017eav in pogoste te\u017eave<\/h2>\n<ul>\n<li><strong>Pu\u0161\u010danja:<\/strong> Ena najpogostej\u0161ih te\u017eav s hidravli\u010dnimi cilindri je pu\u0161\u010danje, ki ga lahko povzro\u010dijo obrabljena tesnila ali po\u0161kodovani priklju\u010dki. Za odpravljanje te\u017eav preglejte tesnila in jih po potrebi zamenjajte. Prepri\u010dajte se, da so vse povezave tesne in da nimajo navzkri\u017enega navoja.<\/li>\n<li><strong>Slaba zmogljivost:<\/strong> \u010ce se valj ne iztegne ali umakne gladko, je to lahko posledica premajhne koli\u010dine hidravli\u010dne teko\u010dine ali zraka v sistemu. Preverite nivo teko\u010dine in odzra\u010dite sistem, da odstranite morebitni ujeti zrak.<\/li>\n<li><strong>Pregrevanje:<\/strong> Do pregrevanja lahko pride zaradi prevelike obremenitve ali nezadostne ravni teko\u010dine. Prepri\u010dajte se, da je hidravli\u010dna teko\u010dina na pravilni ravni in da sistem ni preobremenjen. Preden nadaljujete z delovanjem, pustite, da se sistem ohladi.<\/li>\n<\/ul>\n<p>Preventivni ukrepi, kot so redno vzdr\u017eevanje, uporaba ustreznih hidravli\u010dnih teko\u010din in usposabljanje upravljavcev za pravilno ravnanje, lahko ubla\u017eijo te te\u017eave in podalj\u0161ajo \u017eivljenjsko dobo opreme.<\/p>\n<p><img decoding=\"async\" src=\"https:\/\/www.hydraulic-cylinders.net\/wp-content\/uploads\/2025\/04\/songte-bushings-with-all-kinds-of-excavator-models.webp\" alt=\"Pu\u0161e z modeli bagrov\" \/><\/p>\n<h2>Pregled podjetja<\/h2>\n<p>Smo vodilni proizvajalec nadomestnih hidravli\u010dnih cilindrov, priznani tako na doma\u010dem kot mednarodnem trgu. Na\u0161a \u0161iroka paleta izdelkov utrjuje na\u0161 polo\u017eaj vrhunskega proizvajalca in veleprodajnega distributerja. Odli\u010dnost v kakovosti zagotavljamo s skrbno izdelanimi strategijami upravljanja proizvodnje. Na\u0161e nalo\u017ebe v tehni\u010dne talente, vrhunsko digitalno proizvodno opremo in profesionalne sisteme testiranja izbolj\u0161ujejo na\u0161e proizvodne zmogljivosti, kar nam omogo\u010da, da z visoko u\u010dinkovitostjo, natan\u010dnostjo in kakovostjo zadovoljimo raznolike potrebe strank.<\/p>\n<p>Na\u0161e podjetje se pona\u0161a s profesionalnostjo, mednarodnimi certifikati, prilagojenimi storitvami, napredno proizvodno opremo in celovito poprodajno podporo, kar na\u0161im strankam zagotavlja izjemne izdelke in storitve.<\/p>\n<p><img decoding=\"async\" src=\"https:\/\/www.hydraulic-cylinders.net\/wp-content\/uploads\/2025\/04\/songte-company-4.webp\" alt=\"Pregled podjetja\" \/><br \/>\n<img decoding=\"async\" src=\"https:\/\/www.hydraulic-cylinders.net\/wp-content\/uploads\/2025\/04\/songte-company-3.webp\" alt=\"Proizvodni obrat\" \/><\/p>\n<p>Avtor: lyl<\/p>","protected":false},"excerpt":{"rendered":"<p>Boom Cylinder For Zoomlion Middle Excavator ZE210E-9 Product Overview The Boom Cylinder for the Zoomlion Middle Excavator ZE210E-9 is a vital hydraulic component that plays a crucial role in the functionality of heavy machinery. This hydraulic cylinder is specifically designed to control the movement of the boom, allowing for a range of operations essential for [&hellip;]<\/p>","protected":false},"featured_media":17877,"comment_status":"open","ping_status":"closed","template":"","meta":{"_et_pb_use_builder":"","_et_pb_old_content":"","_et_gb_content_width":""},"product_brand":[],"product_cat":[1546],"product_tag":[1547,1496],"class_list":{"0":"post-19221","1":"product","2":"type-product","3":"status-publish","4":"has-post-thumbnail","6":"product_cat-boom-cylinders","7":"product_tag-boom-cylinders","8":"product_tag-hydraulic-cylinders","10":"first","11":"instock","12":"shipping-taxable","13":"product-type-simple"},"amp_enabled":true,"_links":{"self":[{"href":"https:\/\/www.hydraulic-cylinders.net\/sl\/wp-json\/wp\/v2\/product\/19221","targetHints":{"allow":["GET"]}}],"collection":[{"href":"https:\/\/www.hydraulic-cylinders.net\/sl\/wp-json\/wp\/v2\/product"}],"about":[{"href":"https:\/\/www.hydraulic-cylinders.net\/sl\/wp-json\/wp\/v2\/types\/product"}],"replies":[{"embeddable":true,"href":"https:\/\/www.hydraulic-cylinders.net\/sl\/wp-json\/wp\/v2\/comments?post=19221"}],"wp:featuredmedia":[{"embeddable":true,"href":"https:\/\/www.hydraulic-cylinders.net\/sl\/wp-json\/wp\/v2\/media\/17877"}],"wp:attachment":[{"href":"https:\/\/www.hydraulic-cylinders.net\/sl\/wp-json\/wp\/v2\/media?parent=19221"}],"wp:term":[{"taxonomy":"product_brand","embeddable":true,"href":"https:\/\/www.hydraulic-cylinders.net\/sl\/wp-json\/wp\/v2\/product_brand?post=19221"},{"taxonomy":"product_cat","embeddable":true,"href":"https:\/\/www.hydraulic-cylinders.net\/sl\/wp-json\/wp\/v2\/product_cat?post=19221"},{"taxonomy":"product_tag","embeddable":true,"href":"https:\/\/www.hydraulic-cylinders.net\/sl\/wp-json\/wp\/v2\/product_tag?post=19221"}],"curies":[{"name":"delovni list","href":"https:\/\/api.w.org\/{rel}","templated":true}]}}