{"id":19229,"date":"2025-04-07T06:19:14","date_gmt":"2025-04-07T06:19:14","guid":{"rendered":"https:\/\/www.hydraulic-cylinders.net\/product\/boom-cylinder-for-zoomlion-large-excavator-ze700esp\/"},"modified":"2025-04-07T06:19:17","modified_gmt":"2025-04-07T06:19:17","slug":"boom-cylinder-for-zoomlion-large-excavator-ze700esp","status":"publish","type":"product","link":"https:\/\/www.hydraulic-cylinders.net\/sl\/izdelek\/boom-cylinder-for-zoomlion-large-excavator-ze700esp\/","title":{"rendered":"Cilinder roke za velik bager Zoomlion ZE700ESP"},"content":{"rendered":"<h1>Cilinder roke za velik bager Zoomlion ZE700ESP<\/h1>\n<h2>Uvod v cilinder roke<\/h2>\n<p>Hidravli\u010dni cilinder roke je klju\u010dni sestavni del te\u017eke mehanizacije, zlasti bagrov, kot je Zoomlion Large Excavator ZE700ESP. Ta hidravli\u010dni cilinder igra bistveno vlogo pri nadzoru gibanja roke roke, kar ji omogo\u010da dvigovanje, spu\u0161\u010danje in nagibanje po potrebi za razli\u010dne operacije. Natan\u010dno gibanje, ki ga omogo\u010da cilinder roke, je klju\u010dnega pomena za naloge, kot so kopanje, dvigovanje in prevoz materialov, ki so u\u010dinkovite in varne.<\/p>\n<p><img decoding=\"async\" src=\"https:\/\/www.hydraulic-cylinders.net\/wp-content\/uploads\/2025\/04\/songte-company-1.webp\" alt=\"Cilinder roke za bagre\"><\/p>\n<h3>Funkcija in uporaba cilindrov roke<\/h3>\n<p>V hidravli\u010dnem sistemu je valj roke odgovoren za pretvorbo hidravli\u010dnega tlaka v mehansko silo, kar te\u017eki opremi omogo\u010da opravljanje kompleksnih nalog. Upravljavcu omogo\u010da nadzor nad polo\u017eajem in kotom roke, kar olaj\u0161a manevriranje okoli ovir in u\u010dinkovito izvajanje nalog na gradbi\u0161\u010du. Cilinder roke je obi\u010dajno zasnovan tako, da prenese visoke tlake in velike obremenitve, kar zagotavlja vzdr\u017eljivost in zanesljivost.<\/p>\n<h2>Zna\u010dilnosti cilindra roke<\/h2>\n<ul>\n<li><strong>Visoka trdnost in vzdr\u017eljivost:<\/strong> Cilinder roke je izdelan iz visoko trdnega jekla ali aluminija in je zasnovan tako, da prenese visok tlak in velike obremenitve, zaradi \u010desar je primeren za zahtevna delovna okolja.<\/li>\n<li><strong>U\u010dinkovito hidravli\u010dno delovanje:<\/strong> Cilinder uporablja hidravli\u010dni tlak olja za gladko in hitro iztegovanje in umikanje, kar zagotavlja mo\u010dne potisne in vle\u010dne sile, potrebne za te\u017eka opravila.<\/li>\n<li><strong>Raznolikost vrst:<\/strong> Cilindri roke, ki so na voljo v enojno in dvostransko delujo\u010di konfiguraciji, jih je mogo\u010de prilagoditi specifi\u010dnim operativnim zahtevam.<\/li>\n<li><strong>Prostorsko var\u010dna zasnova:<\/strong> Nekateri modeli imajo teleskopske zasnove, ki omogo\u010dajo ve\u010dji razteg brez pove\u010danja zunanjih dimenzij, kar je idealno za omejene prostore.<\/li>\n<li><strong>Odpornost proti koroziji:<\/strong> Zasnovan z antikorozijskimi lastnostmi za podalj\u0161anje \u017eivljenjske dobe in zmanj\u0161anje potreb po vzdr\u017eevanju.<\/li>\n<\/ul>\n<h3>Na\u0161e proizvodne zmogljivosti<\/h3>\n<p>Specializirani smo za proizvodnjo visokokakovostnih cilindrov roke, ki lahko popolnoma nadomestijo obstoje\u010de hidravli\u010dne cilindre v razli\u010dnih aplikacijah, kar zagotavlja optimalno delovanje in dolgo \u017eivljenjsko dobo.<\/p>\n<p><img decoding=\"async\" src=\"https:\/\/www.hydraulic-cylinders.net\/wp-content\/uploads\/2025\/04\/songte-cylinder-head-with-all-kinds-excavator-models.webp\" alt=\"Modeli bagrov z valji roke\"><\/p>\n<h2>Scenariji uporabe<\/h2>\n<h3>Gradbena oprema<\/h3>\n<p>V gradbeni\u0161tvu so cilindri roke sestavni del bagrov, kjer igrajo klju\u010dno vlogo pri kopanju, nakladanju in premikanju zemlje ali ru\u0161evin. Upravljavcem omogo\u010dajo natan\u010dne gibe, potrebne za izkopavanja, in u\u010dinkovito dvigovanje te\u017ekih bremen.<\/p>\n<h3>Kmetijska mehanizacija<\/h3>\n<p>V kmetijstvu se cilindri roke uporabljajo v \u010delnih nakladalnikih za zajemanje, dvigovanje in prevoz zemlje, sena in razli\u010dnih drugih materialov. Njihovo u\u010dinkovito delovanje omogo\u010da poenostavljene postopke nakladanja in razkladanja, kar pove\u010duje produktivnost na kmetijah.<\/p>\n<h3>Bagri<\/h3>\n<p>Cilinder roke je bistvenega pomena za to, da \u017elica bagra prodre v tla in izvede vitalna kopalna dejanja. Ta zmogljivost je klju\u010dna za razli\u010dna izkopna dela, potrebna pri gradbenih in krajinskih projektih.<\/p>\n<h3>Nakladalci<\/h3>\n<p>Pri \u010delnih nakladalnikih cilindri roke u\u010dinkovito pomagajo pri dvigovanju in razkladanju bremen. Njihova robustna zasnova jim omogo\u010da ravnanje s te\u017ekimi materiali, kar zagotavlja u\u010dinkovito in varno izvajanje operacij.<\/p>\n<h2>Oblikovalski vidiki in izbirna merila<\/h2>\n<h3>Nosilnost<\/h3>\n<p>Pri izbiri cilindra roke je razumevanje njegove nosilnosti bistvenega pomena. Cilinder mora biti sposoben varno podpirati te\u017eo bremen, ki jih bo dvigoval. To pomeni upo\u0161tevanje dejavnikov, kot so najve\u010dja te\u017ea, ki jo bo roka dvignila, in dinami\u010dne obremenitve, ki nastanejo med delovanjem.<\/p>\n<h3>Tesnjenje<\/h3>\n<p>Tesnilne sposobnosti cilindra roke so klju\u010dnega pomena za njegovo delovanje. Visokokakovostna tesnila prepre\u010dujejo pu\u0161\u010danje hidravli\u010dne teko\u010dine in vzdr\u017eujejo tlak v sistemu. To je \u0161e posebej pomembno pri prepre\u010devanju izgube hidravli\u010dne teko\u010dine, kar lahko povzro\u010di zmanj\u0161ano u\u010dinkovitost in morebitno po\u0161kodbo opreme.<\/p>\n<h3>Vzdr\u017eljivost<\/h3>\n<p>Vzdr\u017eljivost je klju\u010dna lastnost cilindra roke, zlasti v zahtevnih delovnih okoljih. Materiali, uporabljeni pri izdelavi, morajo biti odporni na obrabo in izpostavljenost te\u017ekim pogojem, kot so umazanija, vlaga in razli\u010dne temperature.<\/p>\n<h3>Varnostne funkcije<\/h3>\n<p>Pri na\u010drtovanju cilindrov roke z mislijo na varnost je najpomembnej\u0161e. Funkcije, kot so integrirani varnostni ventili, lahko prepre\u010dijo preobremenitve in zagotovijo, da oprema med dvigovanjem in spu\u0161\u010danjem deluje znotraj varnih parametrov, s \u010dimer za\u0161\u010ditijo tako stroje kot upravljavce.<\/p>\n<h3>Dostopnost vzdr\u017eevanja<\/h3>\n<p>Enostavnost vzdr\u017eevanja je \u0161e en pomemben dejavnik pri zasnovi. Cilindri roke morajo biti zasnovani tako, da omogo\u010dajo enostaven dostop do kriti\u010dnih komponent za pregled in servisiranje. Dobro na\u010drtovana strategija vzdr\u017eevanja lahko podalj\u0161a \u017eivljenjsko dobo cilindra in izbolj\u0161a splo\u0161no zanesljivost opreme.<\/p>\n<p><img decoding=\"async\" src=\"https:\/\/www.hydraulic-cylinders.net\/wp-content\/uploads\/2025\/04\/songte-oil-pipes-and-spare-parts.webp\" alt=\"Hidravli\u010dni deli in dodatki\"><\/p>\n<h2>Tesnjenje in mazanje<\/h2>\n<p>Na u\u010dinkovitost cilindra roke pomembno vplivajo njegovi tesnilni in mazalni sistemi. Za zagotovitev celovitosti zadr\u017eevanja hidravli\u010dne teko\u010dine se uporabljajo razli\u010dna tesnila, kot so tesnila bata in tesnila palic. Zaradi svojih lastnosti odpornosti proti obrabi se pogosto uporabljajo materiali, kot sta poliuretan in nitrilna guma. Povr\u0161ine cilindra in navojni konci so skrbno obdelani, da se pove\u010da vzdr\u017eljivost proti obrabi. Redno mazanje s hidravli\u010dnim oljem je bistveno za ohranjanje optimalne zmogljivosti in zmanj\u0161anje trenja med gibljivimi deli.<\/p>\n<h2>Preventivni vzdr\u017eevalni ukrepi<\/h2>\n<ul>\n<li><strong>Redni pregledi:<\/strong> Redno pregledujte, da odkrijete morebitne znake obrabe ali po\u0161kodb, kar lahko v prihodnosti prepre\u010di resnej\u0161e te\u017eave.<\/li>\n<li><strong>Pravilno mazanje:<\/strong> Zagotovite vzdr\u017eevanje nivoja hidravli\u010dnega olja in po potrebi nama\u017eite gibljive dele, da zmanj\u0161ate trenje in podalj\u0161ate \u017eivljenjsko dobo.<\/li>\n<li><strong>Zamenjava tesnila:<\/strong> Redno preverjajte tesnila glede obrabe in jih po potrebi zamenjajte, da prepre\u010dite pu\u0161\u010danje in ohranite hidravli\u010dni tlak.<\/li>\n<\/ul>\n<h2>Navodila za namestitev<\/h2>\n<p>Pravilna namestitev cilindra roke je klju\u010dnega pomena za njegovo delovanje. Najprej zagotovite, da so monta\u017ene povr\u0161ine \u010diste in brez umazanije. Cilinder skrbno poravnajte, da se izognete napa\u010dni poravnavi, ki bi lahko povzro\u010dila prezgodnjo obrabo ali okvaro. Za pritrditev cilindra uporabite ustrezne monta\u017ene nosilce in se prepri\u010dajte, da je tesno pritrjen. Ko je name\u0161\u010den, preverite morebitna pu\u0161\u010danja hidravli\u010dnih cevi in \u200b\u200bse prepri\u010dajte, da so te cevi pravilno priklju\u010dene. Upo\u0161tevanje teh korakov bo pomagalo dose\u010di optimalno delovanje cilindra roke.<\/p>\n<h2>Pogosta vzdr\u017eevalna opravila<\/h2>\n<ul>\n<li><strong>Redni pregledi:<\/strong> Redni pregledi lahko pomagajo prepoznati morebitne te\u017eave, preden postanejo resne. Preverite jeklenko glede morebitnih znakov pu\u0161\u010danja tesnil ali fizi\u010dnih po\u0161kodb.<\/li>\n<li><strong>Ustrezno mazanje:<\/strong> Zagotovite, da je valj roke ustrezno mazan s pravo vrsto hidravli\u010dnega olja, da zmanj\u0161ate obrabo notranjih komponent.<\/li>\n<li><strong>Zamenjava tesnila:<\/strong> Redno menjajte tesnila kot del preventivnega vzdr\u017eevalnega na\u010drta, da ohranite hidravli\u010dni tlak in u\u010dinkovitost.<\/li>\n<\/ul>\n<h2>Varnostni vidiki in okoljski dejavniki<\/h2>\n<p>Pri uporabi cilindrov roke je klju\u010dnega pomena upo\u0161tevati varnostne ukrepe za prepre\u010devanje nesre\u010d in po\u0161kodb. Upravljavci morajo biti usposobljeni za pravilno ravnanje in upravljanje, da se zagotovi varnost med dvigovanjem in premikanjem. Poleg tega je treba upo\u0161tevati vpliv hidravli\u010dnih teko\u010din na okolje in zagotoviti ustrezne metode odstranjevanja, da se \u010dim bolj zmanj\u0161a ekolo\u0161ka \u0161koda.<\/p>\n<h2>Odpravljanje te\u017eav in pogoste te\u017eave<\/h2>\n<ul>\n<li><strong>Hidravli\u010dna pu\u0161\u010danja:<\/strong> \u010ce opazite padec nivoja hidravli\u010dne teko\u010dine, preverite tesnila in priklju\u010dke glede pu\u0161\u010danja ter takoj zamenjajte vse po\u0161kodovane dele.<\/li>\n<li><strong>Po\u010dasno delovanje:<\/strong> Po\u010dasen odziv cilindra roke lahko ka\u017ee na nizko raven hidravli\u010dne teko\u010dine ali zrak v sistemu. Preverite in po potrebi dolijte hidravli\u010dno teko\u010dino.<\/li>\n<li><strong>Nenavadni zvoki:<\/strong> \u010ce med delovanjem sli\u0161ite \u0161kripanje ali druge nenavadne zvoke, prenehajte uporabljati opremo in preverite, ali je pri\u0161lo do notranjih po\u0161kodb ali nepravilne poravnave.<\/li>\n<\/ul>\n<h2>Nasveti za odpravljanje te\u017eav<\/h2>\n<p>Za u\u010dinkovito diagnosticiranje in odpravljanje te\u017eav z cilindrom roke za\u010dnite s pregledom nivoja hidravli\u010dne teko\u010dine in preverjanjem morebitnih pu\u0161\u010danj. Redno preventivno vzdr\u017eevanje lahko pomaga zmanj\u0161ati morebitne te\u017eave z odpravljanjem obrabe, preden se stopnjujejo. Izvajanje ustreznih postopkov shranjevanja in ravnanja bo prav tako zagotovilo, da bo cilinder ostal v optimalnem stanju.<\/p>\n<p><img decoding=\"async\" src=\"https:\/\/www.hydraulic-cylinders.net\/wp-content\/uploads\/2025\/04\/songte-bushings-with-all-kinds-of-excavator-models.webp\" alt=\"Pu\u0161e za modele bagrov\"><\/p>\n<h2>Pregled podjetja<\/h2>\n<p>Smo vodilni proizvajalec nadomestnih hidravli\u010dnih cilindrov, ki oskrbujejo tako doma\u010di kot mednarodni trg. Na\u0161a \u0161iroka paleta izdelkov nas uvr\u0161\u010da med najbolj\u0161ega konkurenta v sektorju proizvodnje in veleprodaje hidravli\u010dnih cilindrov. Dr\u017eimo se strogih standardov kakovosti in uporabljamo sofisticirane strategije upravljanja proizvodnje. Na\u0161a usposobljena delovna sila, napredna digitalna proizvodna oprema in profesionalni kontrolni sistemi nenehno izbolj\u0161ujejo na\u0161e proizvodne zmogljivosti, kar zagotavlja visoko u\u010dinkovitost, natan\u010dnost in kakovost za zadovoljevanje raznolikih potreb strank.<\/p>\n<p><img decoding=\"async\" src=\"https:\/\/www.hydraulic-cylinders.net\/wp-content\/uploads\/2025\/04\/songte-company-4.webp\" alt=\"Pregled podjetja\"><br \/>\n<img decoding=\"async\" src=\"https:\/\/www.hydraulic-cylinders.net\/wp-content\/uploads\/2025\/04\/songte-company-3.webp\" alt=\"Proizvodni obrati\"><\/p>\n<p>Ponosni smo na svojo profesionalnost, mednarodne certifikate, mo\u017enosti storitev po meri, najsodobnej\u0161o proizvodno opremo in celovito poprodajno podporo.<\/p>\n<p>Avtor: lyl<\/p>","protected":false},"excerpt":{"rendered":"<p>Boom Cylinder For Zoomlion Large Excavator ZE700ESP Introduction to the Boom Cylinder The boom cylinder is a vital component in heavy machinery, particularly in excavators like the Zoomlion Large Excavator ZE700ESP. This hydraulic cylinder plays an essential role in controlling the movement of the boom arm, allowing it to lift, lower, and tilt as needed [&hellip;]<\/p>","protected":false},"featured_media":17870,"comment_status":"open","ping_status":"closed","template":"","meta":{"_et_pb_use_builder":"","_et_pb_old_content":"","_et_gb_content_width":""},"product_brand":[],"product_cat":[1546],"product_tag":[1547,1496],"class_list":{"0":"post-19229","1":"product","2":"type-product","3":"status-publish","4":"has-post-thumbnail","6":"product_cat-boom-cylinders","7":"product_tag-boom-cylinders","8":"product_tag-hydraulic-cylinders","10":"first","11":"instock","12":"shipping-taxable","13":"product-type-simple"},"amp_enabled":true,"_links":{"self":[{"href":"https:\/\/www.hydraulic-cylinders.net\/sl\/wp-json\/wp\/v2\/product\/19229","targetHints":{"allow":["GET"]}}],"collection":[{"href":"https:\/\/www.hydraulic-cylinders.net\/sl\/wp-json\/wp\/v2\/product"}],"about":[{"href":"https:\/\/www.hydraulic-cylinders.net\/sl\/wp-json\/wp\/v2\/types\/product"}],"replies":[{"embeddable":true,"href":"https:\/\/www.hydraulic-cylinders.net\/sl\/wp-json\/wp\/v2\/comments?post=19229"}],"wp:featuredmedia":[{"embeddable":true,"href":"https:\/\/www.hydraulic-cylinders.net\/sl\/wp-json\/wp\/v2\/media\/17870"}],"wp:attachment":[{"href":"https:\/\/www.hydraulic-cylinders.net\/sl\/wp-json\/wp\/v2\/media?parent=19229"}],"wp:term":[{"taxonomy":"product_brand","embeddable":true,"href":"https:\/\/www.hydraulic-cylinders.net\/sl\/wp-json\/wp\/v2\/product_brand?post=19229"},{"taxonomy":"product_cat","embeddable":true,"href":"https:\/\/www.hydraulic-cylinders.net\/sl\/wp-json\/wp\/v2\/product_cat?post=19229"},{"taxonomy":"product_tag","embeddable":true,"href":"https:\/\/www.hydraulic-cylinders.net\/sl\/wp-json\/wp\/v2\/product_tag?post=19229"}],"curies":[{"name":"delovni list","href":"https:\/\/api.w.org\/{rel}","templated":true}]}}