{"id":19250,"date":"2025-04-07T06:22:55","date_gmt":"2025-04-07T06:22:55","guid":{"rendered":"https:\/\/www.hydraulic-cylinders.net\/product\/boom-cylinder-for-sunward-wheel-excavator-swe130w\/"},"modified":"2025-04-07T06:22:58","modified_gmt":"2025-04-07T06:22:58","slug":"boom-cylinder-for-sunward-wheel-excavator-swe130w","status":"publish","type":"product","link":"https:\/\/www.hydraulic-cylinders.net\/sl\/izdelek\/boom-cylinder-for-sunward-wheel-excavator-swe130w\/","title":{"rendered":"Cilinder roke za kolesni bager Sunward SWE130W"},"content":{"rendered":"<h1>Cilinder roke za kolesni bager Sunward SWE130W<\/h1>\n<h2>Uvod v cilindre roke<\/h2>\n<p>Hidravli\u010dni cilinder roke je klju\u010dna hidravli\u010dna komponenta, posebej zasnovana za nadzor gibanja \u017elic v te\u017ekih strojih, kot so bagri, bagri nakladalniki in \u010delni nakladalniki. Ta hidravli\u010dni cilinder omogo\u010da dvigovanje, spu\u0161\u010danje in nagibanje \u017elice, kar omogo\u010da u\u010dinkovito ravnanje z materiali.<\/p>\n<p><img decoding=\"async\" src=\"https:\/\/www.hydraulic-cylinders.net\/wp-content\/uploads\/2025\/04\/songte-company-1.webp\" alt=\"Slika cilindra roke\"><\/p>\n<p>V hidravli\u010dnih sistemih imajo cilindri roke bistveno vlogo v razli\u010dnih aplikacijah. Pretvarjajo hidravli\u010dni tlak v mehansko silo, kar upravljavcem te\u017eke mehanizacije omogo\u010da natan\u010dno in enostavno opravljanje kompleksnih nalog. Ti cilindri so zasnovani za delovanje pod visokim tlakom in velikimi obremenitvami, zaradi \u010desar so nepogre\u0161ljivi v gradbeni\u0161tvu, kmetijstvu in drugih panogah, ki se zana\u0161ajo na te\u017eko mehanizacijo.<\/p>\n<h2>Zna\u010dilnosti cilindra roke<\/h2>\n<ul>\n<li><strong>Visoka trdnost in vzdr\u017eljivost:<\/strong> Ti cilindri, ki so obi\u010dajno izdelani iz visoko trdnega jekla ali aluminija, lahko prenesejo visoke tlake in velike obremenitve, hkrati pa se prilagajajo zahtevnim delovnim okoljem. Zasnova upo\u0161teva odpornost proti obrabi in koroziji, kar podalj\u0161uje \u017eivljenjsko dobo izdelka.<\/li>\n<li><strong>U\u010dinkovito hidravli\u010dno delovanje:<\/strong> Z uporabo hidravli\u010dnega tlaka olja valj roke dose\u017ee gladko iztegovanje in vstavljanje, se hitro odziva na operativne ukaze in zagotavlja robustno potisno in vle\u010dno silo, kar je bistveno za opravljanje te\u017ekih in kompleksnih nalog.<\/li>\n<li><strong>Razli\u010dne vrste:<\/strong> Na voljo v enosmerno delujo\u010di (hidravli\u010dno delovanje v eni smeri) ali dvosmerno delujo\u010di (hidravli\u010dno delovanje v obeh smereh) konfiguraciji za razli\u010dne operativne potrebe. Nekateri modeli so teleskopski, kar omogo\u010da ve\u010dji izvle\u010dek brez pove\u010danja zunanjih dimenzij, primerni za uporabo z omejenim prostorom.<\/li>\n<li><strong>Napredna zasnova:<\/strong> Vklju\u010devanje inovativnih in\u017eenirskih tehnik za izbolj\u0161anje zmogljivosti in zanesljivosti, kar zagotavlja dalj\u0161o \u017eivljenjsko dobo in manj\u0161e potrebe po vzdr\u017eevanju.<\/li>\n<li><strong>Izdelava po meri:<\/strong> Specializirani smo za proizvodnjo teh cilindrov, ki ponujajo popolne alternative obstoje\u010dim hidravli\u010dnim cilindrom.<\/li>\n<\/ul>\n<p><img decoding=\"async\" src=\"https:\/\/www.hydraulic-cylinders.net\/wp-content\/uploads\/2025\/04\/songte-cylinder-head-with-all-kinds-excavator-models.webp\" alt=\"Modeli bagrov\"><\/p>\n<h2>Scenariji uporabe cilindrov roke<\/h2>\n<h3>Gradbena oprema<\/h3>\n<p>V gradbeni opremi se cilindri roke nahajajo v bagrih, kjer so klju\u010dni za kopanje, nakladanje in premikanje zemlje ali ru\u0161evin. Ti cilindri omogo\u010dajo, da \u017elica u\u010dinkovito prodre v tla, kar omogo\u010da globoka izkopavanja in hitro ravnanje z materialom. Mo\u017enost nadzora kota in globine \u017elice pove\u010duje operativno u\u010dinkovitost, zaradi \u010desar so cilindri roke bistveni za gradbi\u0161\u010da.<\/p>\n<h3>Kmetijska mehanizacija<\/h3>\n<p>V kmetijski mehanizaciji, kot so \u010delni nakladalniki, so cilindri roke bistveni za zajemanje, dvigovanje in prevoz zemlje, sena in drugih materialov. Kmetom omogo\u010dajo enostavno ravnanje z razsutimi materiali, kar izbolj\u0161uje produktivnost in zmanj\u0161uje delo. Vsestranskost cilindrov roke omogo\u010da razli\u010dna opravila, od nalaganja \u017eita do premikanja te\u017ekih bal, kar je klju\u010dnega pomena v sodobnem kmetijstvu.<\/p>\n<h3>Bagri<\/h3>\n<p>Pri bagrih cilindri roke olaj\u0161ajo kopanje, saj omogo\u010dajo, da \u017elica prodre globoko v zemljo. Ta postopek je klju\u010dnega pomena v gradbeni\u0161tvu, urejanju krajine in komunalnih delih, kjer sta potrebni natan\u010dnost in globina. U\u010dinkovitost hidravli\u010dnih cilindrov zmanj\u0161a \u010das in delo, potrebno za izkopavanja, kar vodi do znatnih prihrankov stro\u0161kov.<\/p>\n<h3>Nakladalci<\/h3>\n<p>Pri \u010delnih nakladalnikih cilindri roke u\u010dinkovito pomagajo pri dvigovanju in odlaganju materialov. Ti cilindri izbolj\u0161ajo splo\u0161no funkcionalnost nakladalnika, saj omogo\u010dajo upravljavcem dvigovanje tovora na \u017eeleno vi\u0161ino za odlaganje, kar izbolj\u0161a potek dela na gradbi\u0161\u010dih. Mo\u010d in zanesljivost cilindrov roke prispevata k ve\u010dji varnosti in u\u010dinkovitosti pri ravnanju z materiali.<\/p>\n<h2>Oblikovalski vidiki in izbirna merila<\/h2>\n<ul>\n<li><strong>Nosilnost:<\/strong> Nosilnost cilindra roke je klju\u010dni dejavnik pri njegovi zasnovi. Zasnovan mora biti tako, da prenese najve\u010djo obremenitev, s katero se bo oprema soo\u010dila. To vklju\u010duje izra\u010dun sil, ki delujejo na cilinder med delovanjem, in zagotavljanje, da uporabljeni materiali prenesejo tak\u0161ne obremenitve brez okvare. Dobro zasnovan cilinder zagotavlja varnost in zanesljivost v zahtevnih aplikacijah.<\/li>\n<li><strong>Mehanizmi za tesnjenje:<\/strong> U\u010dinkovito tesnjenje je klju\u010dnega pomena za prepre\u010devanje pu\u0161\u010danja hidravli\u010dne teko\u010dine, ki lahko ogrozi delovanje in povzro\u010di po\u0161kodbe. Pogosto se uporabljajo visokokakovostna tesnila iz trpe\u017enih materialov, kot sta poliuretan in nitrilna guma. Ta tesnila morajo prenesti te\u017eke pogoje, vklju\u010dno s temperaturnimi nihanji in izpostavljenostjo onesna\u017eevalcem, kar zagotavlja dolgo \u017eivljenjsko dobo in u\u010dinkovitost hidravli\u010dnega sistema.<\/li>\n<li><strong>Vzdr\u017eljivost:<\/strong> Pri zasnovi cilindrov roke je vzdr\u017eljivost najpomembnej\u0161a. Morajo biti odporni na obrabo zaradi neprekinjene uporabe v zahtevnih okoljih. In\u017eenirski proces pogosto vklju\u010duje izbiro ustreznih povr\u0161inskih obdelav in premazov za pove\u010danje odpornosti proti koroziji in abraziji, kar znatno podalj\u0161a \u017eivljenjsko dobo izdelka.<\/li>\n<li><strong>Varnostne funkcije:<\/strong> Vklju\u010ditev varnostnih elementov v zasnovo cilindrov roke je klju\u010dnega pomena. To vklju\u010duje varnostne ventile za prepre\u010devanje preobremenitve in zagotavljanje, da cilindri med delovanjem prenesejo nepri\u010dakovane udarce. Ti varnostni ukrepi \u0161\u010ditijo stroje in upravljavce ter zmanj\u0161ujejo tveganje za nesre\u010de.<\/li>\n<li><strong>Dostopnost vzdr\u017eevanja:<\/strong> Zasnova cilindrov roke za enostavno vzdr\u017eevanje je bistvenega pomena. To vklju\u010duje upo\u0161tevanje zamenjave tesnil, mazanja delov in pregledovanja komponent. Enostaven dostop do kriti\u010dnih delov omogo\u010da redne vzdr\u017eevalne preglede, ki pomagajo pri prepoznavanju morebitnih te\u017eav, preden se te stopnjujejo, in zagotavljajo neprekinjeno delovanje.<\/li>\n<\/ul>\n<p><img decoding=\"async\" src=\"https:\/\/www.hydraulic-cylinders.net\/wp-content\/uploads\/2025\/04\/songte-oil-pipes-and-spare-parts.webp\" alt=\"Hidravli\u010dni deli\"><\/p>\n<h2>Tesnjenje in mazanje cilindrov roke<\/h2>\n<p>Tesnjenje in mazanje cilindrov roke sta klju\u010dnega pomena za njihovo optimalno delovanje in dolgo \u017eivljenjsko dobo. Uporabljajo se razli\u010dna tesnila, vklju\u010dno s tesnili bata in tesnili palic, da se prepre\u010di iztekanje hidravli\u010dne teko\u010dine in vdor onesna\u017eevalcev v valj. Izbira tesnilnih materialov, kot sta poliuretan in nitrilna guma, je klju\u010dnega pomena, saj zagotavljajo odpornost proti obrabi in u\u010dinkovito tesnjenje skozi \u010das.<\/p>\n<p>Telo valja in navojne kon\u010dne povr\u0161ine so skrbno obdelane za pove\u010danje odpornosti proti obrabi. Redno mazanje s hidravli\u010dnim oljem je potrebno za nemoteno delovanje in prepre\u010devanje po\u0161kodb zaradi trenja. Klju\u010dnega pomena je zagotoviti pravilno koli\u010dino olja in izvajati rutinske preglede, da se prepre\u010di suhi tek valja, ki lahko povzro\u010di resne po\u0161kodbe.<\/p>\n<h2>Redni pregledi in preventivni vzdr\u017eevalni ukrepi<\/h2>\n<ul>\n<li><strong>Redni pregledi:<\/strong> Izvajanje rednih pregledov je bistvenega pomena za odkrivanje morebitnih znakov obrabe, pu\u0161\u010danja ali po\u0161kodb. Upravljavci morajo med delovanjem stroja preveriti morebitne nenavadne zvoke ali te\u017eave z delovanjem. Redni pregledi lahko pomagajo odkriti manj\u0161e te\u017eave, preden se razvijejo v ve\u010dja popravila, s \u010dimer se ohrani celovitost hidravli\u010dnega sistema.<\/li>\n<li><strong>Pravilno mazanje:<\/strong> Zagotavljanje ustreznega mazanja je klju\u010dnega pomena za dolgo \u017eivljenjsko dobo cilindrov roke. Upravljavci se morajo dr\u017eati priporo\u010denega na\u010drta mazanja in uporabljati ustrezno hidravli\u010dno olje. Nezadostno mazanje lahko povzro\u010di pove\u010dano trenje in obrabo, kar na koncu skraj\u0161a \u017eivljenjsko dobo cilindra.<\/li>\n<li><strong>Zamenjava tesnil in preverjanje kalibracije:<\/strong> Za ohranjanje optimalne zmogljivosti je treba ob\u010dasno zamenjati obrabljena tesnila in izvajati kalibracijske preglede. Upravljavci se morajo seznaniti z znaki obrabe tesnil in biti pripravljeni, da jih po potrebi prilagodijo ali zamenjajo. Kalibracijski pregledi zagotavljajo, da hidravli\u010dni sistem deluje znotraj predvidenih parametrov, s \u010dimer se prepre\u010dijo te\u017eave, povezane z neporavnanostjo ali nihanji tlaka.<\/li>\n<\/ul>\n<p><img decoding=\"async\" src=\"https:\/\/www.hydraulic-cylinders.net\/wp-content\/uploads\/2025\/04\/songte-chushion-collar.webp\" alt=\"Blazinasti ovratnik\"><\/p>\n<h2>Varnostni vidiki in okoljski dejavniki<\/h2>\n<p>Kar zadeva varnost, je izvajanje varnostnih ukrepov med delovanjem cilindrov roke najpomembnej\u0161e. Upravljavci se morajo zavedati morebitnih nevarnosti, kot je nepri\u010dakovana odpoved cilindra, in sprejeti previdnostne ukrepe, kot sta uporaba ustreznih tehnik dvigovanja in vzdr\u017eevanje varne razdalje od gibljivih delov. Poleg tega je treba upo\u0161tevati okoljske dejavnike, kot so temperatura, vla\u017enost in izpostavljenost kemikalijam, da se zagotovi u\u010dinkovitost in varnost delovanja hidravli\u010dnih sistemov.<\/p>\n<h2>Diagnoza napak in pogoste te\u017eave<\/h2>\n<ul>\n<li><strong>Hidravli\u010dna pu\u0161\u010danja:<\/strong> Ena najpogostej\u0161ih te\u017eav je pu\u0161\u010danje hidravli\u010dne teko\u010dine. Upravljavci morajo redno preverjati znake pu\u0161\u010danja, ki lahko ka\u017eejo na obrabljena tesnila ali po\u0161kodovane komponente. Pravo\u010dasno odpravljanje pu\u0161\u010danj je bistvenega pomena za prepre\u010devanje nadaljnjih po\u0161kodb hidravli\u010dnega sistema in zagotavljanje optimalnega delovanja.<\/li>\n<li><strong>Po\u010dasno ali nedosledno gibanje:<\/strong> \u010ce se cilinder roke premika po\u010dasi ali neenakomerno, je to lahko posledica nizke ravni hidravli\u010dne teko\u010dine ali zraka, ujetega v sistemu. Za ponovno vzpostavitev pravilnega delovanja je klju\u010dnega pomena preveriti raven teko\u010dine in po potrebi odzra\u010diti sistem.<\/li>\n<li><strong>Pregrevanje:<\/strong> Do pregrevanja lahko pride, \u010de ni dovolj hidravli\u010dne teko\u010dine ali \u010de je olje onesna\u017eeno. Redno pregledujte hidravli\u010dno teko\u010dino glede onesna\u017eenosti in vzdr\u017eujte ustrezno raven teko\u010dine, da prepre\u010dite pregrevanje in morebitno po\u0161kodbo sistema.<\/li>\n<\/ul>\n<p>Za u\u010dinkovito diagnosticiranje in re\u0161evanje te\u017eav morajo upravljavci slediti sistemati\u010dnemu pristopu, prepoznavati simptome in jih povezovati z morebitnimi vzroki. Izvajanje preventivnih ukrepov, kot sta redno vzdr\u017eevanje in pravo\u010dasni pregledi, lahko znatno zmanj\u0161a verjetnost nastanka teh te\u017eav.<\/p>\n<p><img decoding=\"async\" src=\"https:\/\/www.hydraulic-cylinders.net\/wp-content\/uploads\/2025\/04\/songte-bushings-with-all-kinds-of-excavator-models.webp\" alt=\"Pu\u0161e za bagre\"><\/p>\n<h2>Zaklju\u010dek: Pregled podjetja<\/h2>\n<p>Smo proizvajalci nadomestnih hidravli\u010dnih cilindrov in ponujamo \u0161iroko paleto izdelkov. Na\u0161e podjetje je postalo eden vodilnih proizvajalcev in veleprodajnih distributerjev hidravli\u010dnih cilindrov na doma\u010dem in mednarodnem trgu. Zavzemamo se za odli\u010dnost v kakovosti, ki jo podpira prefinjena strategija upravljanja proizvodnje.<\/p>\n<p>Z integracijo tehni\u010dnih talentov, vrhunske digitalne proizvodne opreme in specializiranih sistemov za testiranje nenehno izbolj\u0161ujemo na\u0161e proizvodne zmogljivosti. Na\u0161a mo\u010dna ustvarjalna sposobnost nam omogo\u010da, da z u\u010dinkovitostjo, natan\u010dnostjo in visoko kakovostjo izpolnjujemo raznolike zahteve strank. Osredoto\u010damo se na strokovno znanje, mednarodne certifikate, prilagojene storitve, napredno proizvodno opremo in robustno poprodajno podporo.<\/p>\n<p><img decoding=\"async\" src=\"https:\/\/www.hydraulic-cylinders.net\/wp-content\/uploads\/2025\/04\/songte-company-4.webp\" alt=\"Pregled podjetja\"><br \/>\n<img decoding=\"async\" src=\"https:\/\/www.hydraulic-cylinders.net\/wp-content\/uploads\/2025\/04\/songte-company-3.webp\" alt=\"Oprema podjetja\"><\/p>\n<p>Avtor: lyl<\/p>","protected":false},"excerpt":{"rendered":"<p>Boom Cylinder For Sunward Wheel Excavator SWE130W Introduction to Boom Cylinders The Boom Cylinder is a crucial hydraulic component specifically designed for controlling the movement of buckets in heavy machinery such as excavators, backhoe loaders, and front loaders. This hydraulic cylinder enables the bucket to lift, lower, and tilt, facilitating efficient material handling tasks. In [&hellip;]<\/p>","protected":false},"featured_media":17875,"comment_status":"open","ping_status":"closed","template":"","meta":{"_et_pb_use_builder":"","_et_pb_old_content":"","_et_gb_content_width":""},"product_brand":[],"product_cat":[1546],"product_tag":[1547,1496],"class_list":{"0":"post-19250","1":"product","2":"type-product","3":"status-publish","4":"has-post-thumbnail","6":"product_cat-boom-cylinders","7":"product_tag-boom-cylinders","8":"product_tag-hydraulic-cylinders","10":"first","11":"instock","12":"shipping-taxable","13":"product-type-simple"},"amp_enabled":true,"_links":{"self":[{"href":"https:\/\/www.hydraulic-cylinders.net\/sl\/wp-json\/wp\/v2\/product\/19250","targetHints":{"allow":["GET"]}}],"collection":[{"href":"https:\/\/www.hydraulic-cylinders.net\/sl\/wp-json\/wp\/v2\/product"}],"about":[{"href":"https:\/\/www.hydraulic-cylinders.net\/sl\/wp-json\/wp\/v2\/types\/product"}],"replies":[{"embeddable":true,"href":"https:\/\/www.hydraulic-cylinders.net\/sl\/wp-json\/wp\/v2\/comments?post=19250"}],"wp:featuredmedia":[{"embeddable":true,"href":"https:\/\/www.hydraulic-cylinders.net\/sl\/wp-json\/wp\/v2\/media\/17875"}],"wp:attachment":[{"href":"https:\/\/www.hydraulic-cylinders.net\/sl\/wp-json\/wp\/v2\/media?parent=19250"}],"wp:term":[{"taxonomy":"product_brand","embeddable":true,"href":"https:\/\/www.hydraulic-cylinders.net\/sl\/wp-json\/wp\/v2\/product_brand?post=19250"},{"taxonomy":"product_cat","embeddable":true,"href":"https:\/\/www.hydraulic-cylinders.net\/sl\/wp-json\/wp\/v2\/product_cat?post=19250"},{"taxonomy":"product_tag","embeddable":true,"href":"https:\/\/www.hydraulic-cylinders.net\/sl\/wp-json\/wp\/v2\/product_tag?post=19250"}],"curies":[{"name":"delovni list","href":"https:\/\/api.w.org\/{rel}","templated":true}]}}