{"id":19268,"date":"2025-04-07T06:23:55","date_gmt":"2025-04-07T06:23:55","guid":{"rendered":"https:\/\/www.hydraulic-cylinders.net\/product\/boom-cylinder-for-lishide-large-excavator-sc330-8\/"},"modified":"2025-04-07T06:23:59","modified_gmt":"2025-04-07T06:23:59","slug":"boom-cylinder-for-lishide-large-excavator-sc330-8","status":"publish","type":"product","link":"https:\/\/www.hydraulic-cylinders.net\/sl\/izdelek\/boom-cylinder-for-lishide-large-excavator-sc330-8\/","title":{"rendered":"Cilinder roke za velik bager Lishide SC330.8"},"content":{"rendered":"<h1>Cilinder roke za velik bager Lishide SC330.8<\/h1>\n<h2>Pregled izdelka<\/h2>\n<p>Cilinder roke za velik bager Lishide SC330.8 je klju\u010dna hidravli\u010dna komponenta, zasnovana posebej za nadzor gibanja roke bagra. Ta hidravli\u010dni cilinder igra klju\u010dno vlogo pri operativni u\u010dinkovitosti te\u017ekih strojev, saj omogo\u010da dvigovanje, spu\u0161\u010danje in nagibanje roke. Ti gibi so bistveni za razli\u010dna opravila ravnanja z materiali, zlasti pri gradbenih in izkopnih projektih.<\/p>\n<p><img decoding=\"async\" src=\"https:\/\/www.hydraulic-cylinders.net\/wp-content\/uploads\/2025\/04\/songte-company-1.webp\" alt=\"Cilinder roke za bager\" \/><\/p>\n<h3>Definicija in funkcionalnost<\/h3>\n<p>Hidravli\u010dni cilinder \u017elice je vrsta hidravli\u010dnega cilindra, ki se uporablja za krmiljenje gibanja \u017elic v te\u017ekih strojih, kot so bagri, bagri nakladalniki in \u010delni nakladalniki. Omogo\u010da dvigovanje, spu\u0161\u010danje in nagibanje \u017elice, kar omogo\u010da u\u010dinkovito ravnanje z materialom. Brezhibno delovanje tak\u0161nih cilindrov zagotavlja u\u010dinkovito premikanje te\u017ekih bremen, kar izbolj\u0161uje produktivnost na gradbi\u0161\u010dih.<\/p>\n<h2>Klju\u010dne zna\u010dilnosti cilindra roke<\/h2>\n<ul>\n<li><strong>Visoka trdnost in vzdr\u017eljivost:<\/strong> Te valje, izdelane iz visoko trdnega jekla ali aluminija, lahko prenesejo visoke tlake in velike obremenitve. Njihova zasnova upo\u0161teva tudi odpornost proti obrabi in koroziji, kar podalj\u0161uje njihovo \u017eivljenjsko dobo.<\/li>\n<li><strong>U\u010dinkovito hidravli\u010dno delovanje:<\/strong> Uporaba hidravli\u010dnega oljnega tlaka omogo\u010da gladko vle\u010denje in iztegovanje, kar zagotavlja hiter odziv na ukaze upravljavca in znatno silo potiska in vle\u010denja za te\u017eka in kompleksna opravila.<\/li>\n<li><strong>Razli\u010dne vrste:<\/strong> Glede na operativne potrebe so cilindri lahko enosmerno delujo\u010di (uporabljajo hidravli\u010dni tlak v eno smer) ali dvosmerno delujo\u010di (uporabljajo hidravli\u010dni tlak v obe smeri). Nekateri modeli so teleskopski, kar omogo\u010da ve\u010dji razteg brez pove\u010danja zunanjih dimenzij, primerni za aplikacije z omejenim prostorom.<\/li>\n<li><strong>Brezhibna integracija:<\/strong> Na\u0161i izdelki so zasnovani tako, da popolnoma nadomestijo te hidravli\u010dne cilindre in zagotavljajo zdru\u017eljivost z razli\u010dnimi modeli bagrov.<\/li>\n<li><strong>Napredne proizvodne tehnike:<\/strong> Uporaba najsodobnej\u0161e tehnologije in proizvodnih metod za zagotavljanje natan\u010dnosti in kakovosti vsakega izdelanega cilindra.<\/li>\n<\/ul>\n<p><img decoding=\"async\" src=\"https:\/\/www.hydraulic-cylinders.net\/wp-content\/uploads\/2025\/04\/songte-cylinder-head-with-all-kinds-excavator-models.webp\" alt=\"Modeli bagrov\" \/><\/p>\n<h2>Uporaba cilindrov roke<\/h2>\n<h3>Gradbena oprema<\/h3>\n<p>Pri bagrih so cilindri roke klju\u010dni za kopanje, nakladanje in premikanje zemlje ali ru\u0161evin. Omogo\u010dajo bagru opravljanje razli\u010dnih nalog, kot sta kopanje jarkov ali priprava temeljev. Pri bagrih nakladalnikih ti cilindri pomagajo ne le pri kopanju, temve\u010d tudi pri dvigovanju, zaradi \u010desar so bistveni za razli\u010dna gradbena dela.<\/p>\n<h3>Kmetijska mehanizacija<\/h3>\n<p>Pri \u010delnih nakladalnikih se cilindri roke uporabljajo za zajemanje, dvigovanje in prevoz zemlje, sena in drugih materialov. Njihova robustna zasnova zagotavlja, da lahko obvladajo zahtevna opravila, povezana s kmetijskimi operacijami, in s tem izbolj\u0161ajo u\u010dinkovitost ravnanja z materiali na kmetijah.<\/p>\n<h3>Bagri<\/h3>\n<p>Pri bagrih cilinder \u017elice omogo\u010da, da \u017elica u\u010dinkovito prodre v zemljo, kar omogo\u010da u\u010dinkovito kopanje. Ta zmogljivost je klju\u010dnega pomena pri gradbenih in rudarskih dejavnostih, kjer je potrebno kopati globoko v zemljo.<\/p>\n<h3>Nakladalci<\/h3>\n<p>Pri \u010delnih nakladalnikih imajo cilindri roke klju\u010dno vlogo pri u\u010dinkovitem dvigovanju in razkladanju bremen. Njihova sposobnost rokovanja s te\u017ekimi materiali zagotavlja hitro in u\u010dinkovito izvajanje nakladalnih operacij, kar prispeva k splo\u0161ni produktivnosti na gradbi\u0161\u010dih.<\/p>\n<h2>Oblikovalski vidiki in izbirna merila<\/h2>\n<h3>Nosilnost<\/h3>\n<p>Pri izbiri cilindra roke je nosilnost klju\u010dni dejavnik. Dolo\u010da najve\u010djo te\u017eo, ki jo lahko cilinder varno prenese. In\u017eenirji morajo zagotoviti, da izbrani cilinder lahko podpira obremenitve, ki se pri\u010dakujejo med delovanjem, in prepre\u010diti mehanske okvare, ki bi lahko povzro\u010dile nesre\u010de ali po\u0161kodbe opreme.<\/p>\n<h3>Tesnilna zmogljivost<\/h3>\n<p>Tesnilna zmogljivost hidravli\u010dnih cilindrov je klju\u010dnega pomena za u\u010dinkovitost delovanja. Visokokakovostna tesnila prepre\u010dujejo pu\u0161\u010danje hidravli\u010dne teko\u010dine in zagotavljajo, da sistem vzdr\u017euje optimalne ravni tlaka. U\u010dinkovito tesnjenje prepre\u010duje tudi kontaminacijo zaradi zunanjih elementov, kar bi lahko ogrozilo hidravli\u010dno teko\u010dino in \u017eivljenjsko dobo cilindra.<\/p>\n<h3>Vzdr\u017eljivost<\/h3>\n<p>Vzdr\u017eljivost je bistvenega pomena za komponente te\u017ekih strojev, ki delujejo v te\u017ekih okoljih. Izbrani materiali in proizvodni procesi bi morali pove\u010dati odpornost proti obrabi in koroziji ter zagotoviti, da cilinder roke ostane funkcionalen dlje \u010dasa, tudi v ekstremnih pogojih.<\/p>\n<h3>Varnostne funkcije<\/h3>\n<p>Pri na\u010drtovanju hidravli\u010dnih cilindrov so varnostni vidiki najpomembnej\u0161i. Funkcije, kot so varnostni ventili in robustna konstrukcija, pomagajo zmanj\u0161ati tveganja, povezana s hidravli\u010dnimi okvarami. Zagotavljanje izpolnjevanja varnostnih standardov je klju\u010dnega pomena za za\u0161\u010dito upravljavcev in opreme med delovanjem.<\/p>\n<h3>Dostopnost vzdr\u017eevanja<\/h3>\n<p>Zasnova za dostopnost med vzdr\u017eevanjem je bistvenega pomena za zagotavljanje dolgoro\u010dnega delovanja. Cilindri roke morajo omogo\u010dati enostaven pregled, mazanje in zamenjavo delov. To spodbuja redne vzdr\u017eevalne postopke, ki so klju\u010dnega pomena za prepre\u010devanje nepri\u010dakovanih okvar in podalj\u0161anje \u017eivljenjske dobe cilindra.<\/p>\n<p><img decoding=\"async\" src=\"https:\/\/www.hydraulic-cylinders.net\/wp-content\/uploads\/2025\/04\/songte-oil-pipes-and-spare-parts.webp\" alt=\"Hidravli\u010dni deli\" \/><\/p>\n<h2>Tesnjenje in mazanje cilindrov roke<\/h2>\n<p>U\u010dinkovito tesnjenje in mazanje sta klju\u010dnega pomena za dolgo \u017eivljenjsko dobo in delovanje hidravli\u010dnih cilindrov. Razli\u010dne tesnilne komponente, kot so tesnila bata in palice, morajo biti izdelane iz materialov, odpornih proti obrabi, kot sta poliuretan in nitrilna guma. Pravilna izbira teh materialov pove\u010da vzdr\u017eljivost proti obrabi. Poleg tega je treba ohi\u0161je cilindra in navojne konce fino obdelati, da se izbolj\u0161a odpornost proti obrabi. Redno mazanje z ustreznim hidravli\u010dnim oljem je potrebno za nemoteno delovanje in prepre\u010devanje notranjih po\u0161kodb.<\/p>\n<h2>Preventivni vzdr\u017eevalni ukrepi<\/h2>\n<ul>\n<li><strong>Redni pregledi:<\/strong> Redno pregledujte, da odkrijete znake obrabe, pu\u0161\u010danja ali druge te\u017eave, ki bi lahko vplivale na delovanje. Zgodnje odkrivanje te\u017eav lahko prepre\u010di resnej\u0161o \u0161kodo in draga popravila.<\/li>\n<li><strong>Ustrezno mazanje:<\/strong> Zagotovite, da je valj ustrezno namazan s hidravli\u010dnim oljem, da zmanj\u0161ate trenje in obrabo. Redno preverjanje nivoja in kakovosti olja je bistvenega pomena za ohranjanje optimalne zmogljivosti.<\/li>\n<li><strong>Zamenjava tesnila:<\/strong> Spremljajte tesnila glede znakov obrabe ali degradacije. Pravo\u010dasna zamenjava obrabljenih tesnil pomaga vzdr\u017eevati tlak in prepre\u010duje pu\u0161\u010danje teko\u010dine, kar zagotavlja u\u010dinkovito delovanje.<\/li>\n<\/ul>\n<h2>Pravilna navodila za namestitev<\/h2>\n<p>Pravilna namestitev cilindra roke je klju\u010dnega pomena za njegovo delovanje in dolgo \u017eivljenjsko dobo. Najprej zagotovite, da je valj pravilno poravnan s pritrdilnimi to\u010dkami. Za pritrditev cilindra uporabite ustrezne nosilce. Pri privijanju vijakov upo\u0161tevajte navodila proizvajalca glede navora, da prepre\u010dite po\u0161kodbe. Prav tako je pomembno zagotoviti, da so hidravli\u010dne povezave varne in ne pu\u0161\u010dajo. Po namestitvi temeljito preverite, ali valj deluje gladko, brez ovir ali nepravilnih poravnav. Redno spremljajte namestitev glede morebitnih znakov obrabe ali zrahljanosti in po potrebi izvedite prilagoditve.<\/p>\n<h2>Pogosta vzdr\u017eevalna opravila<\/h2>\n<h3>Redni pregledi<\/h3>\n<p>Redni pregledi so klju\u010dnega pomena za ohranjanje delovanja hidravli\u010dnih cilindrov. Bodite pozorni na znake obrabe, kot so razpoke ali pu\u0161\u010danja, in se prepri\u010dajte, da so vse komponente varno pritrjene. Zgodnje odkrivanje te\u017eav omogo\u010da pravo\u010dasna popravila in prepre\u010devanje nadaljnjih po\u0161kodb.<\/p>\n<h3>Pravilno mazanje<\/h3>\n<p>Zagotovite ustrezno mazanje cilindra roke, da zmanj\u0161ate trenje in obrabo. Uporabljajte visokokakovostno hidravli\u010dno olje in upo\u0161tevajte proizvajal\u010deve specifikacije glede intervalov mazanja. Ta praksa pomaga ohranjati nemoteno delovanje in podalj\u0161uje \u017eivljenjsko dobo cilindra.<\/p>\n<h3>Zamenjava tesnil in preverjanje kalibracije<\/h3>\n<p>Redno preverjajte tesnila glede morebitnih znakov obrabe ali po\u0161kodb. Pravo\u010dasna zamenjava obrabljenih tesnil prepre\u010duje pu\u0161\u010danje teko\u010dine in vzdr\u017euje tlak v sistemu. Poleg tega redni pregledi kalibracije zagotavljajo, da jeklenka deluje znotraj dolo\u010denih parametrov, kar izbolj\u0161a splo\u0161no zmogljivost in varnost.<\/p>\n<p><img decoding=\"async\" src=\"https:\/\/www.hydraulic-cylinders.net\/wp-content\/uploads\/2025\/04\/songte-chushion-collar.webp\" alt=\"Blazinasti ovratnik\" \/><\/p>\n<h2>Varnostni vidiki in okoljski dejavniki<\/h2>\n<p>Pri delu s hidravli\u010dnimi sistemi so varnostni ukrepi najpomembnej\u0161i. Upravljavci morajo biti usposobljeni za pravilno ravnanje s hidravli\u010dno opremo, vklju\u010dno z razumevanjem tveganj, povezanih z visokotla\u010dnimi sistemi. Uporaba osebne za\u0161\u010ditne opreme (OZO) je bistvenega pomena za zagotavljanje varnosti na delovnem mestu. Poleg tega bi morali pri izbiri hidravli\u010dnih teko\u010din in odstranjevanju rabljenih materialov upo\u0161tevati okoljske vidike, da se \u010dim bolj zmanj\u0161a vpliv na okolje.<\/p>\n<h2>Diagnoza napak in pogoste te\u017eave<\/h2>\n<ul>\n<li><strong>Pu\u0161\u010danje teko\u010dine:<\/strong> Pu\u0161\u010danja lahko nastanejo zaradi po\u0161kodovanih tesnil ali fitingov. Redni pregledi lahko pomagajo prepoznati in odpraviti pu\u0161\u010danja, preden povzro\u010dijo resne te\u017eave.<\/li>\n<li><strong>Slaba zmogljivost:<\/strong> \u010ce se valj ne odziva po pri\u010dakovanjih, lahko to ka\u017ee na te\u017eavo s hidravli\u010dnim tlakom ali notranjimi komponentami. Odpravljanje te\u017eav s hidravli\u010dnim sistemom je bistvenega pomena za natan\u010dno dolo\u010ditev vzroka te\u017eave.<\/li>\n<li><strong>Pregrevanje:<\/strong> Do pregrevanja lahko pride, \u010de hidravli\u010dno olje ni ustrezno ohlajeno ali \u010de je sistem prekomerno obremenjen. Spremljanje temperaturnih ravni in zagotavljanje ustreznih hladilnih mehanizmov lahko pomagata prepre\u010diti to te\u017eavo.<\/li>\n<\/ul>\n<h2>Nasveti in re\u0161itve za odpravljanje te\u017eav<\/h2>\n<p>Za u\u010dinkovito diagnosticiranje in odpravljanje te\u017eav morajo upravljavci voditi podroben dnevnik delovanja hidravli\u010dnega sistema. Ta dnevnik lahko pomaga prepoznati ponavljajo\u010de se te\u017eave in vzorce, ki lahko ka\u017eejo na osnovne te\u017eave. Pri odpravljanju napake za\u010dnite s preprostimi pregledi, kot sta preverjanje nivoja olja in iskanje zunanjih pu\u0161\u010danj. Za bolj zapletene te\u017eave se posvetujte s smernicami proizvajalca ali poi\u0161\u010dite strokovno pomo\u010d. Preventivni ukrepi, kot sta redno vzdr\u017eevanje in pravo\u010dasna popravila, so klju\u010dni za zmanj\u0161anje morebitnih te\u017eav in zagotavljanje u\u010dinkovitega delovanja hidravli\u010dnega sistema.<\/p>\n<p><img decoding=\"async\" src=\"https:\/\/www.hydraulic-cylinders.net\/wp-content\/uploads\/2025\/04\/songte-bushings-with-all-kinds-of-excavator-models.webp\" alt=\"Pu\u0161e za bagre\" \/><\/p>\n<h2>Pregled podjetja<\/h2>\n<p>Smo vodilni proizvajalec nadomestnih hidravli\u010dnih cilindrov, ki se posve\u010da zagotavljanju \u0161iroke palete izdelkov tako za doma\u010di kot mednarodni trg. Na\u0161o zavezanost odli\u010dnosti poudarjajo na\u0161e izpopolnjene strategije upravljanja proizvodnje in najsodobnej\u0161i proizvodni obrati. Z vlaganjem v usposobljeno tehni\u010dno osebje, napredno digitalno proizvodno opremo in profesionalne sisteme testiranja nenehno izbolj\u0161ujemo na\u0161o proizvodno platformo. Na\u0161 poudarek na visoki u\u010dinkovitosti, natan\u010dnosti in kakovosti nam omogo\u010da, da u\u010dinkovito izpolnjujemo raznolike zahteve strank.<\/p>\n<p><img decoding=\"async\" src=\"https:\/\/www.hydraulic-cylinders.net\/wp-content\/uploads\/2025\/04\/songte-company-4.webp\" alt=\"Pregled podjetja\" \/><br \/>\n<img decoding=\"async\" src=\"https:\/\/www.hydraulic-cylinders.net\/wp-content\/uploads\/2025\/04\/songte-company-3.webp\" alt=\"Proizvodni obrat\" \/><\/p>\n<p>S poudarkom na specializaciji, mednarodnih certifikatih, prilagojenih storitvah in zanesljivi poprodajni podpori si prizadevamo zagotavljati izdelke, ki presegajo pri\u010dakovanja strank. Na\u0161a napredna proizvodna oprema in predana ekipa zagotavljata, da vsak hidravli\u010dni valj izpolnjuje najvi\u0161je industrijske standarde.<\/p>\n<p>Avtor: lyl<\/p>","protected":false},"excerpt":{"rendered":"<p>Boom Cylinder For Lishide Large Excavator SC330.8 Product Overview The Boom Cylinder for Lishide Large Excavator SC330.8 is a crucial hydraulic component designed specifically for controlling the movement of the excavator&#8217;s boom. This hydraulic cylinder plays a vital role in the operational efficiency of heavy machinery by enabling the boom to lift, lower, and tilt. [&hellip;]<\/p>","protected":false},"featured_media":17878,"comment_status":"open","ping_status":"closed","template":"","meta":{"_et_pb_use_builder":"","_et_pb_old_content":"","_et_gb_content_width":""},"product_brand":[],"product_cat":[1546],"product_tag":[1547,1496],"class_list":{"0":"post-19268","1":"product","2":"type-product","3":"status-publish","4":"has-post-thumbnail","6":"product_cat-boom-cylinders","7":"product_tag-boom-cylinders","8":"product_tag-hydraulic-cylinders","10":"first","11":"instock","12":"shipping-taxable","13":"product-type-simple"},"amp_enabled":true,"_links":{"self":[{"href":"https:\/\/www.hydraulic-cylinders.net\/sl\/wp-json\/wp\/v2\/product\/19268","targetHints":{"allow":["GET"]}}],"collection":[{"href":"https:\/\/www.hydraulic-cylinders.net\/sl\/wp-json\/wp\/v2\/product"}],"about":[{"href":"https:\/\/www.hydraulic-cylinders.net\/sl\/wp-json\/wp\/v2\/types\/product"}],"replies":[{"embeddable":true,"href":"https:\/\/www.hydraulic-cylinders.net\/sl\/wp-json\/wp\/v2\/comments?post=19268"}],"wp:featuredmedia":[{"embeddable":true,"href":"https:\/\/www.hydraulic-cylinders.net\/sl\/wp-json\/wp\/v2\/media\/17878"}],"wp:attachment":[{"href":"https:\/\/www.hydraulic-cylinders.net\/sl\/wp-json\/wp\/v2\/media?parent=19268"}],"wp:term":[{"taxonomy":"product_brand","embeddable":true,"href":"https:\/\/www.hydraulic-cylinders.net\/sl\/wp-json\/wp\/v2\/product_brand?post=19268"},{"taxonomy":"product_cat","embeddable":true,"href":"https:\/\/www.hydraulic-cylinders.net\/sl\/wp-json\/wp\/v2\/product_cat?post=19268"},{"taxonomy":"product_tag","embeddable":true,"href":"https:\/\/www.hydraulic-cylinders.net\/sl\/wp-json\/wp\/v2\/product_tag?post=19268"}],"curies":[{"name":"delovni list","href":"https:\/\/api.w.org\/{rel}","templated":true}]}}