{"id":19295,"date":"2025-04-07T06:25:32","date_gmt":"2025-04-07T06:25:32","guid":{"rendered":"https:\/\/www.hydraulic-cylinders.net\/product\/boom-cylinder-for-liugong-middle-excavator-clg205\/"},"modified":"2025-04-07T06:25:34","modified_gmt":"2025-04-07T06:25:34","slug":"boom-cylinder-for-liugong-middle-excavator-clg205","status":"publish","type":"product","link":"https:\/\/www.hydraulic-cylinders.net\/sl\/izdelek\/boom-cylinder-for-liugong-middle-excavator-clg205\/","title":{"rendered":"Cilinder roke za srednji bager Liugong CLG205"},"content":{"rendered":"<h1>Cilinder roke za srednji bager Liugong CLG205<\/h1>\n<h2>Uvod v cilinder roke<\/h2>\n<p>Cilinder roke je klju\u010dna hidravli\u010dna komponenta, ki se uporablja v razli\u010dnih te\u017ekih strojih, zlasti v bagrih. Zasnovan je posebej za nadzor gibanja roke, kar omogo\u010da dvigovanje, spu\u0161\u010danje in nagibanje priklju\u010dka, kot je na primer \u017elica. Ta funkcionalnost je bistvena za u\u010dinkovito ravnanje z materiali, zato je cilinder roke klju\u010dni del hidravli\u010dnega sistema.<\/p>\n<p><img decoding=\"async\" src=\"https:\/\/www.hydraulic-cylinders.net\/wp-content\/uploads\/2025\/04\/songte-company-1.webp\" alt=\"Cilinder roke\"><\/p>\n<h3>Definicija in pregled<\/h3>\n<p>Hidravli\u010dni cilinder roke je vrsta hidravli\u010dnega cilindra, ki se uporablja za upravljanje gibanja roke na te\u017ekih strojih, kot so bagri, bagri in \u010delni nakladalniki. Njegova glavna funkcija je zagotavljanje potrebne sile za dvigovanje in spu\u0161\u010danje roke ter njeno nagibanje za natan\u010dne operacije. Hidravli\u010dni sistem deluje z uporabo hidravli\u010dne teko\u010dine pod tlakom, ki omogo\u010da gladko in mo\u010dno gibanje, kar je klju\u010dnega pomena za naloge, kot so kopanje, dvigovanje in prevoz materialov.<\/p>\n<h2>Zna\u010dilnosti cilindra roke<\/h2>\n<ul>\n<li><strong>Visoka trdnost in vzdr\u017eljivost:<\/strong> Cilinder roke, izdelan iz visoko trdnega jekla ali aluminija, lahko prenese visok tlak in velike obremenitve, zaradi \u010desar je primeren za te\u017eke delovne pogoje, hkrati pa podalj\u0161uje svojo \u017eivljenjsko dobo zaradi odpornosti proti obrabi in koroziji.<\/li>\n<li><strong>U\u010dinkovito hidravli\u010dno delovanje:<\/strong> Cilinder omogo\u010da gladko iztegovanje in vle\u010denje s pritiskom hidravli\u010dnega olja, se hitro odziva na ukaze upravljavca in zagotavlja mo\u010dno potisno in vle\u010dno silo, idealno za ravnanje s te\u017ekimi materiali in kompleksnimi nalogami.<\/li>\n<li><strong>Razli\u010dne vrste:<\/strong> Na voljo so kot enosmerno delujo\u010di (hidravli\u010dna sila v eni smeri) ali dvosmerno delujo\u010di (hidravli\u010dna sila v obeh smereh) cilindri, zasnova pa vklju\u010duje teleskopske modele, ki omogo\u010dajo ve\u010dji razteg brez pove\u010danja zunanjih dimenzij in se dobro prilegajo aplikacijam z omejenim prostorom.<\/li>\n<\/ul>\n<p>Ta izdelek izdelujemo mi, na\u0161i cilindri pa so popoln nadomestek za obstoje\u010de hidravli\u010dne cilindre.<\/p>\n<p><img decoding=\"async\" src=\"https:\/\/www.hydraulic-cylinders.net\/wp-content\/uploads\/2025\/04\/songte-cylinder-head-with-all-kinds-excavator-models.webp\" alt=\"Modeli bagrov\"><\/p>\n<h2>Scenariji uporabe<\/h2>\n<h3>Gradbena oprema<\/h3>\n<p>Pri bagrih so cilindri roke bistveni za kopanje, nakladanje in premikanje zemlje ali ru\u0161evin. Omogo\u010dajo stroju u\u010dinkovito opravljanje nalog, kot so kopanje jarkov ali zasipanje, ki so klju\u010dnega pomena med gradbenimi projekti. Gibanje roke, ki ga poganjajo ti cilindri, omogo\u010da natan\u010den nadzor, kar olaj\u0161a navigacijo po tesnih prostorih ali izvajanje ob\u010dutljivih operacij.<\/p>\n<h3>Kmetijska mehanizacija<\/h3>\n<p>Pri \u010delnih nakladalnikih cilindri roke olaj\u0161ajo strganje, dvigovanje in transport zemlje, sena in drugih materialov. Njihova sposobnost zagotavljanja mo\u010dne dvi\u017ene sile omogo\u010da kmetom opravljanje bistvenih nalog, kot je nalaganje materialov na tovornjake ali premikanje zalog znotraj kmetijskega okolja, kar izbolj\u0161uje splo\u0161no produktivnost in u\u010dinkovitost.<\/p>\n<h3>Bagri<\/h3>\n<p>Cilinder roke igra klju\u010dno vlogo pri u\u010dinkovitem prodiranju \u017elice bagra v zemljo, kar omogo\u010da u\u010dinkovite kopalne operacije. Ta zmogljivost je klju\u010dnega pomena za razli\u010dne aplikacije, od urejanja okolice do obse\u017enih izkopnih projektov, kjer je potreben natan\u010den nadzor nad globino kopanja in polo\u017eajem \u017elice.<\/p>\n<h3>Nakladalci<\/h3>\n<p>Pri \u010delnih nakladalnikih cilindri roke pomagajo pri u\u010dinkovitem dvigovanju in razkladanju bremen. Njihova zasnova omogo\u010da hitro in enostavno dvigovanje materialov, kar pove\u010da hitrost delovanja in produktivnost, kar je klju\u010dnega pomena pri razli\u010dnih gradbenih in ravnanju z materiali.<\/p>\n<h2>Oblikovalski vidiki in izbirna merila<\/h2>\n<h3>Nosilnost<\/h3>\n<p>Nosilnost cilindra roke je temeljni dejavnik pri na\u010drtovanju. Mora biti dovolj mo\u010dan, da podpira najve\u010djo te\u017eo, ki jo lahko prenese med delovanjem. In\u017eenirji morajo izra\u010dunati zahteve glede obremenitve, da zagotovijo varno in zanesljivo delovanje cilindra pri intenzivni uporabi.<\/p>\n<h3>Tesnjenje<\/h3>\n<p>Tesnjenje je klju\u010dnega pomena za vzdr\u017eevanje hidravli\u010dnega tlaka in prepre\u010devanje pu\u0161\u010danja. Izbrati je treba visokokakovostna tesnila, ki prenesejo te\u017eke obratovalne pogoje, zagotavljajo dolgo \u017eivljenjsko dobo in u\u010dinkovitost delovanja. Za optimalno delovanje so bistveni ustrezni tesnilni materiali, kot sta poliuretan in nitrilna guma.<\/p>\n<h3>Vzdr\u017eljivost<\/h3>\n<p>Vzdr\u017eljivost je klju\u010dni dejavnik pri zasnovi cilindrov roke. Odporni morajo na obrabo zaradi stalne uporabe v zahtevnih okoljih. Izbira materialov, ki prenesejo te\u017eke pogoje, skupaj z za\u0161\u010ditnimi premazi znatno podalj\u0161a \u017eivljenjsko dobo cilindra.<\/p>\n<h3>Varnost<\/h3>\n<p>Pri na\u010drtovanju hidravli\u010dnih cilindrov je varnost najpomembnej\u0161a. Zasnova mora vklju\u010devati funkcije, ki prepre\u010dujejo okvaro pod tlakom in zagotavljajo, da so vsi gibljivi deli varno zaprti. Redni vzdr\u017eevalni pregledi so prav tako bistveni za zagotavljanje stalne varnosti med delovanjem.<\/p>\n<h3>Vzdr\u017eevanje<\/h3>\n<p>Enostavnost vzdr\u017eevanja je pomemben dejavnik pri zasnovi. Jeklenka mora biti zasnovana tako, da omogo\u010da enostaven dostop do komponent za redne preglede, popravila ali zamenjave. Ta pristop k zasnovi zmanj\u0161a \u010das izpada in pove\u010da u\u010dinkovitost delovanja.<\/p>\n<p><img decoding=\"async\" src=\"https:\/\/www.hydraulic-cylinders.net\/wp-content\/uploads\/2025\/04\/songte-oil-pipes-and-spare-parts.webp\" alt=\"Oljne cevi in \u200b\u200brezervni deli\"><\/p>\n<h2>Tesnjenje in mazanje<\/h2>\n<p>U\u010dinkovito tesnjenje in mazanje sta klju\u010dnega pomena za delovanje hidravli\u010dnih cilindrov. Razli\u010dne tesnilne elemente, kot so tesnila bata in ojnice, je treba izbrati pametno. Tesnila iz trpe\u017enih materialov, kot sta poliuretan in nitrilna guma, pove\u010dajo odpornost proti obrabi. Telo cilindra in navojne kon\u010dne povr\u0161ine morajo biti natan\u010dno obdelane, da se izbolj\u0161a odpornost proti obrabi. Redno mazanje s hidravli\u010dnim oljem je bistveno za ohranjanje optimalnega delovanja in prepre\u010devanje po\u0161kodb zaradi trenja.<\/p>\n<h2>Redni pregledi in preventivno vzdr\u017eevanje<\/h2>\n<ul>\n<li><strong>Rutinski pregledi:<\/strong> Redno preverjanje jeklenke glede znakov obrabe, pu\u0161\u010danja ali po\u0161kodb zagotavlja zgodnje odkrivanje morebitnih te\u017eav, kar omogo\u010da pravo\u010dasna popravila in prepre\u010devanje katastrofalnih okvar.<\/li>\n<li><strong>Pravilno mazanje:<\/strong> Vzdr\u017eevanje ustrezne ravni hidravli\u010dnega olja in zagotavljanje, da dose\u017ee vse gibljive dele, je klju\u010dnega pomena za nemoteno delovanje in dolgo \u017eivljenjsko dobo.<\/li>\n<li><strong>Zamenjava tesnila:<\/strong> Pregledovanje in zamenjava tesnil po potrebi prepre\u010duje pu\u0161\u010danje in vzdr\u017euje hidravli\u010dni tlak, kar zagotavlja u\u010dinkovito in uspe\u0161no delovanje valja.<\/li>\n<\/ul>\n<h2>Navodila za namestitev<\/h2>\n<p>Pravilna namestitev cilindra roke je bistvenega pomena za optimalno delovanje. Najprej zagotovite, da je valj pravilno poravnan z nosilci. Za pritrditev uporabite ustrezno monta\u017eno opremo. Prilagodite valj, da zagotovite delovanje znotraj predvidenih parametrov, in preverite morebitne ovire, ki bi lahko ovirale njegovo gibanje. Pomembno je tudi, da upo\u0161tevate proizvajal\u010deve specifikacije glede nastavitev navora in postopkov namestitve, da se izognete po\u0161kodbam.<\/p>\n<h2>Pogosta vzdr\u017eevalna opravila<\/h2>\n<ul>\n<li><strong>Redni pregledi:<\/strong> Izvajanje pregledov v na\u010drtovanih intervalih omogo\u010da prepoznavanje obrabe ali po\u0161kodb, preden postanejo resne te\u017eave. To je klju\u010dnega pomena za ohranjanje celovitosti hidravli\u010dnega sistema.<\/li>\n<li><strong>Ustrezno mazanje:<\/strong> Zagotavljanje pravilnega mazanja valja s pravilno vrsto in koli\u010dino hidravli\u010dnega olja je klju\u010dnega pomena za prepre\u010devanje prekomerne obrabe in ohranjanje nemotenega delovanja.<\/li>\n<li><strong>Zamenjava tesnila:<\/strong> Redno preverjanje tesnil glede obrabe in njihova zamenjava po potrebi lahko prepre\u010di pu\u0161\u010danje in zagotovi, da hidravli\u010dni tlak ostane na optimalni ravni.<\/li>\n<\/ul>\n<h2>Varnostni vidiki<\/h2>\n<p>Pri upravljanju hidravli\u010dnih cilindrov je upo\u0161tevanje varnostnih ukrepov klju\u010dnega pomena. Upravljavci morajo biti usposobljeni za varno delovanje, da se zmanj\u0161ajo tveganja. Zagotovite, da so vsi varnostni ukrepi name\u0161\u010deni in da nikoli ne prekora\u010dite priporo\u010dene nosilnosti. Redni vzdr\u017eevalni pregledi imajo prav tako klju\u010dno vlogo pri zagotavljanju varnosti opreme in osebja med delovanjem.<\/p>\n<h2>Odpravljanje te\u017eav in pogoste te\u017eave<\/h2>\n<ul>\n<li><strong>Pu\u0161\u010danje:<\/strong> Preverite tesnila in fitinge glede po\u0161kodb ali obrabe. Zamenjajte vse po\u0161kodovane komponente, da ohranite hidravli\u010dni tlak.<\/li>\n<li><strong>Po\u010dasno delovanje:<\/strong> Preverite nivo in stanje hidravli\u010dne teko\u010dine. Nizka ali onesna\u017eena teko\u010dina lahko povzro\u010di po\u010dasno delovanje.<\/li>\n<li><strong>Brez gibanja:<\/strong> To lahko ka\u017ee na blokado v hidravli\u010dnem sistemu. Preverite cevi in \u200b\u200bpriklju\u010dke glede prepognjenosti ali oviranosti.<\/li>\n<\/ul>\n<h2>Nasveti za odpravljanje te\u017eav<\/h2>\n<p>Za u\u010dinkovito diagnozo in re\u0161evanje te\u017eav vedno upo\u0161tevajte proizvajal\u010deva navodila za odpravljanje te\u017eav. Redno preventivno vzdr\u017eevanje lahko znatno zmanj\u0161a pojavnost pogostih te\u017eav. Izvajanje rutinskega na\u010drta pregledov lahko pomaga prepoznati morebitne te\u017eave, preden se razvijejo v resne okvare.<\/p>\n<p><img decoding=\"async\" src=\"https:\/\/www.hydraulic-cylinders.net\/wp-content\/uploads\/2025\/04\/songte-bushings-with-all-kinds-of-excavator-models.webp\" alt=\"Pu\u0161e z modeli bagrov\"><\/p>\n<h2>O na\u0161em podjetju<\/h2>\n<p>Smo vodilni proizvajalec in veleprodajni distributer nadomestnih hidravli\u010dnih cilindrov, prepoznavni po \u0161iroki paleti izdelkov na doma\u010dem in mednarodnem trgu. Na\u0161o zavezanost odli\u010dnosti v kakovosti podpira izpopolnjena proizvodna strategija, ki poudarja natan\u010dnost in u\u010dinkovitost. Na\u0161a usposobljena delovna sila, napredna digitalna proizvodna oprema in profesionalni sistemi testiranja nenehno izbolj\u0161ujejo na\u0161e proizvodne zmogljivosti, kar nam omogo\u010da, da z visoko u\u010dinkovitostjo, natan\u010dnostjo in kakovostjo zadovoljimo raznolike potrebe strank.<\/p>\n<p><img decoding=\"async\" src=\"https:\/\/www.hydraulic-cylinders.net\/wp-content\/uploads\/2025\/04\/songte-company-4.webp\" alt=\"Pregled podjetja\"><br \/>\n<img decoding=\"async\" src=\"https:\/\/www.hydraulic-cylinders.net\/wp-content\/uploads\/2025\/04\/songte-company-3.webp\" alt=\"Proizvodnja podjetja\"><\/p>\n<h2>Kon\u010dna opomba<\/h2>\n<p>Avtor: lyl<\/p>","protected":false},"excerpt":{"rendered":"<p>Boom Cylinder For Liugong Middle Excavator CLG205 Introduction to the Boom Cylinder The Boom Cylinder is a critical hydraulic component used in various heavy machinery, particularly in excavators. It is specifically designed to control the movement of the boom, allowing it to lift, lower, and tilt the attachment, such as a bucket. This functionality is [&hellip;]<\/p>","protected":false},"featured_media":17875,"comment_status":"open","ping_status":"closed","template":"","meta":{"_et_pb_use_builder":"","_et_pb_old_content":"","_et_gb_content_width":""},"product_brand":[],"product_cat":[1546],"product_tag":[1547,1496],"class_list":{"0":"post-19295","1":"product","2":"type-product","3":"status-publish","4":"has-post-thumbnail","6":"product_cat-boom-cylinders","7":"product_tag-boom-cylinders","8":"product_tag-hydraulic-cylinders","10":"first","11":"instock","12":"shipping-taxable","13":"product-type-simple"},"amp_enabled":true,"_links":{"self":[{"href":"https:\/\/www.hydraulic-cylinders.net\/sl\/wp-json\/wp\/v2\/product\/19295","targetHints":{"allow":["GET"]}}],"collection":[{"href":"https:\/\/www.hydraulic-cylinders.net\/sl\/wp-json\/wp\/v2\/product"}],"about":[{"href":"https:\/\/www.hydraulic-cylinders.net\/sl\/wp-json\/wp\/v2\/types\/product"}],"replies":[{"embeddable":true,"href":"https:\/\/www.hydraulic-cylinders.net\/sl\/wp-json\/wp\/v2\/comments?post=19295"}],"wp:featuredmedia":[{"embeddable":true,"href":"https:\/\/www.hydraulic-cylinders.net\/sl\/wp-json\/wp\/v2\/media\/17875"}],"wp:attachment":[{"href":"https:\/\/www.hydraulic-cylinders.net\/sl\/wp-json\/wp\/v2\/media?parent=19295"}],"wp:term":[{"taxonomy":"product_brand","embeddable":true,"href":"https:\/\/www.hydraulic-cylinders.net\/sl\/wp-json\/wp\/v2\/product_brand?post=19295"},{"taxonomy":"product_cat","embeddable":true,"href":"https:\/\/www.hydraulic-cylinders.net\/sl\/wp-json\/wp\/v2\/product_cat?post=19295"},{"taxonomy":"product_tag","embeddable":true,"href":"https:\/\/www.hydraulic-cylinders.net\/sl\/wp-json\/wp\/v2\/product_tag?post=19295"}],"curies":[{"name":"delovni list","href":"https:\/\/api.w.org\/{rel}","templated":true}]}}