{"id":19315,"date":"2025-04-07T06:26:36","date_gmt":"2025-04-07T06:26:36","guid":{"rendered":"https:\/\/www.hydraulic-cylinders.net\/product\/boom-cylinder-for-xgma-middle-excavator-xg822\/"},"modified":"2025-04-07T06:26:38","modified_gmt":"2025-04-07T06:26:38","slug":"boom-cylinder-for-xgma-middle-excavator-xg822","status":"publish","type":"product","link":"https:\/\/www.hydraulic-cylinders.net\/sl\/izdelek\/boom-cylinder-for-xgma-middle-excavator-xg822\/","title":{"rendered":"Cilinder roke za srednji bager XGMA XG822"},"content":{"rendered":"<h1>Cilinder roke za srednji bager XGMA XG822<\/h1>\n<h2>Pregled cilindra roke<\/h2>\n<p>Cilinder roke je bistvena hidravli\u010dna komponenta, zasnovana posebej za srednji bager XGMA XG822. Ta hidravli\u010dni cilinder je klju\u010dnega pomena za nadzor gibanja roke bagra, kar mu omogo\u010da izvajanje razli\u010dnih nalog, kot so dvigovanje, spu\u0161\u010danje in nagibanje. Zasnova omogo\u010da u\u010dinkovito ravnanje z materiali, zaradi \u010desar je nepogre\u0161ljiv pri gradbenih in izkopnih projektih.<\/p>\n<p><img decoding=\"async\" src=\"https:\/\/www.hydraulic-cylinders.net\/wp-content\/uploads\/2025\/04\/songte-company-1.webp\" alt=\"Cilinder roke\" \/><\/p>\n<p>Hidravli\u010dni cilinder \u017elice je vrsta hidravli\u010dnega cilindra, ki deluje kot hrbtenica te\u017eke mehanizacije, zlasti pri bagrih, bagrih nakladalnikih in \u010delnih nakladalnikih. Njegova glavna funkcija je olaj\u0161ati nadzorovano gibanje \u017elice, kar upravljavcem omogo\u010da opravljanje nalog, kot so kopanje, dvigovanje in prevoz materialov. Razumevanje vloge te komponente je klju\u010dnega pomena za u\u010dinkovito delovanje in vzdr\u017eevanje te\u017eke mehanizacije.<\/p>\n<h2>Zna\u010dilnosti cilindra roke<\/h2>\n<ul>\n<li><strong>Visoka trdnost in vzdr\u017eljivost:<\/strong> Izdelano iz visoko trdnega jekla ali aluminija, ki lahko prenese visok tlak in velike obremenitve, primerno za zahtevna delovna okolja. Zasnova upo\u0161teva odpornost proti obrabi in koroziji za podalj\u0161anje \u017eivljenjske dobe.<\/li>\n<li><strong>U\u010dinkovito hidravli\u010dno delovanje:<\/strong> Uporablja hidravli\u010dni tlak olja za gladko iztegovanje in vstavljanje, kar zagotavlja hiter odziv na krmilne ukaze in mo\u010dno silo potiska in vle\u010denja, idealno za rokovanje s te\u017ekimi bremeni in kompleksnimi nalogami.<\/li>\n<li><strong>Razli\u010dne vrste:<\/strong> Na voljo v enosmerni (hidravlika v eni smeri) ali dvosmerni (hidravlika v obeh smereh) izvedbi za razli\u010dne operativne potrebe. Nekateri modeli so teleskopski, kar omogo\u010da ve\u010dji izvle\u010dek brez pove\u010danja zunanjih dimenzij, primerni za uporabo z omejenim prostorom.<\/li>\n<li><strong>Izdelava po meri:<\/strong> Na\u0161i izdelki lahko popolnoma nadomestijo obstoje\u010de hidravli\u010dne cilindre, kar zagotavlja brezhibno integracijo in izbolj\u0161ano delovanje.<\/li>\n<li><strong>Celovito testiranje:<\/strong> Vsak hidravli\u010dni valj je podvr\u017een strogim preizkusom, ki zagotavljajo zanesljivost in delovanje v razli\u010dnih pogojih.<\/li>\n<\/ul>\n<p><img decoding=\"async\" src=\"https:\/\/www.hydraulic-cylinders.net\/wp-content\/uploads\/2025\/04\/songte-cylinder-head-with-all-kinds-excavator-models.webp\" alt=\"Modeli bagrov\" \/><\/p>\n<h2>Uporaba cilindra roke<\/h2>\n<h3>Gradbena oprema<\/h3>\n<p>Pri bagrih je cilinder roke klju\u010dnega pomena za kopanje, nakladanje in premikanje zemlje ali ru\u0161evin. Omogo\u010da natan\u010den nadzor, ki upravljavcem omogo\u010da natan\u010dno in u\u010dinkovito izkopavanje, zato je bistvenega pomena na gradbi\u0161\u010dih, kjer izkopavanje igra klju\u010dno vlogo.<\/p>\n<h3>Kmetijska mehanizacija<\/h3>\n<p>Pri \u010delnih nakladalnikih cilindri roke pomagajo pri zajemanju, dvigovanju in prevozu zemlje, sena in drugih materialov. Izbolj\u0161ujejo vsestranskost stroja in mu omogo\u010dajo u\u010dinkovito opravljanje ve\u010d nalog, kar je klju\u010dnega pomena pri kmetijskih dejavnostih, ki zahtevajo u\u010dinkovito ravnanje z materiali.<\/p>\n<h3>Izkopavanja<\/h3>\n<p>Cilinder \u017elice omogo\u010da, da \u017elica prodre v zemljo, kar olaj\u0161a kopanje, ki je klju\u010dnega pomena za izkopne projekte. Ta sposobnost omogo\u010da bagrom u\u010dinkovito delovanje v razli\u010dnih talnih pogojih, zaradi \u010desar so neprecenljivi v gradbeni\u0161tvu in urejanju okolice.<\/p>\n<h3>Ravnanje s tovorom<\/h3>\n<p>Pri \u010delnih nakladalnikih cilindri roke u\u010dinkovito prispevajo k dvigovanju in odlaganju materialov. Ta funkcionalnost je bistvena za operacije, ki vklju\u010dujejo premikanje te\u017ekih bremen, bodisi v gradbeni\u0161tvu, kmetijstvu ali sektorju ravnanja z materiali.<\/p>\n<h2>Oblikovalski vidiki in izbirna merila<\/h2>\n<h3>Nosilnost<\/h3>\n<p>Nosilnost cilindra roke je klju\u010dni dejavnik pri na\u010drtovanju, ki dolo\u010da, koliko te\u017ee lahko varno dvigne in z njo manipulira. Bistveno je izbrati valj, ki izpolnjuje ali presega operativne zahteve stroja. Na to zmogljivost vplivajo premer cilindra, dol\u017eina hoda in material, uporabljen pri njegovi izdelavi. Za zagotovitev varnosti in u\u010dinkovitosti med delovanjem je treba opraviti ustrezne izra\u010dune.<\/p>\n<h3>Celovitost tesnjenja<\/h3>\n<p>Tesnjenje je klju\u010dnega pomena v hidravli\u010dnih sistemih za prepre\u010devanje pu\u0161\u010danja in vzdr\u017eevanje tlaka. Kakovost tesnil in njihova namestitev neposredno vplivata na delovanje in dolgo \u017eivljenjsko dobo cilindra roke. Visokokakovostna tesnila iz materialov, kot sta poliuretan ali nitrilna guma, so bistvena za zagotavljanje u\u010dinkovitega tesnjenja pri razli\u010dnih tla\u010dnih pogojih. Redni pregledi in zamenjave tesnil lahko prepre\u010dijo prezgodnjo odpoved in izbolj\u0161ajo splo\u0161no u\u010dinkovitost hidravli\u010dnega sistema.<\/p>\n<h3>Vzdr\u017eljivost in odpornost proti obrabi<\/h3>\n<p>Vzdr\u017eljivost je pomemben dejavnik pri izbiri cilindra roke, saj deluje v zahtevnih okoljih. Materiali, uporabljeni pri izdelavi, morajo biti odporni proti obrabi in koroziji. Visokotrdne zlitine in premazi lahko znatno podalj\u0161ajo \u017eivljenjsko dobo cilindra, s \u010dimer se zmanj\u0161ajo \u010dasi izpada in stro\u0161ki vzdr\u017eevanja. Redno vzdr\u017eevanje igra klju\u010dno vlogo pri ohranjanju vzdr\u017eljivosti cilindra in zagotavlja, da lahko prenese obremenitve intenzivne uporabe.<\/p>\n<h3>Varnostne funkcije<\/h3>\n<p>Varnostne funkcije so pri zasnovi hidravli\u010dnih cilindrov bistvenega pomena. Vklju\u010ditev varnostnih ventilov, sistemov za razbremenitev tlaka in naprednih krmilnih mehanizmov lahko prepre\u010di nesre\u010de in pove\u010da varnost delovanja. Zagotavljanje, da cilindri roke izpolnjujejo industrijske varnostne standarde, je klju\u010dnega pomena za za\u0161\u010dito upravljavcev in opreme med delovanjem.<\/p>\n<h3>Dostopnost vzdr\u017eevanja<\/h3>\n<p>Zasnova za dostopnost med vzdr\u017eevanjem omogo\u010da la\u017eje preglede, popravila in zamenjavo delov. Funkcije, kot so odstranljivi pokrovi, standardizirani pritrdilni elementi in dostopne mazalne to\u010dke, lahko znatno skraj\u0161ajo \u010das in stro\u0161ke vzdr\u017eevanja. Upo\u0161tevanje enostavnosti vzdr\u017eevanja v fazi na\u010drtovanja lahko privede do bolj\u0161e dolgoro\u010dne zmogljivosti in zanesljivosti.<\/p>\n<p><img decoding=\"async\" src=\"https:\/\/www.hydraulic-cylinders.net\/wp-content\/uploads\/2025\/04\/songte-oil-pipes-and-spare-parts.webp\" alt=\"Hidravli\u010dni deli\" \/><\/p>\n<h2>Tesnjenje in mazanje valja<\/h2>\n<p>Tesnjenje je klju\u010dnega pomena za ohranjanje u\u010dinkovitosti in dolge \u017eivljenjske dobe hidravli\u010dnih cilindrov. Za prepre\u010devanje pu\u0161\u010danja hidravli\u010dne teko\u010dine se uporabljajo razli\u010dna tesnila, kot so tesnila bata in ojnice. Tesnila iz trpe\u017enih materialov, kot sta poliuretan in nitrilna guma, zagotavljajo odli\u010dno odpornost proti obrabi. Telo cilindra in navojni konci morajo biti fino obdelani, da se pove\u010da odpornost proti obrabi in zagotovi tesno tesnjenje, kar je klju\u010dnega pomena za vzdr\u017eevanje tlaka v sistemu.<\/p>\n<p>Redno mazanje je potrebno za nemoteno delovanje hidravli\u010dnih komponent. Za zagotovitev pravilnega delovanja in prepre\u010devanje pregrevanja je treba redno dodajati zadostno koli\u010dino hidravli\u010dnega olja. Pomembna je tudi izbira prave hidravli\u010dne teko\u010dine, saj vpliva na splo\u0161no delovanje in dolgo \u017eivljenjsko dobo hidravli\u010dnega sistema. Pravilne tehnike mazanja lahko prepre\u010dijo prekomerno obrabo in podalj\u0161ajo \u017eivljenjsko dobo cilindra roke.<\/p>\n<h2>Redni pregledi in preventivni vzdr\u017eevalni ukrepi<\/h2>\n<ul>\n<li><strong>Redni pregledi:<\/strong> Izvajanje rednih pregledov pomaga prepoznati morebitne te\u017eave, preden te povzro\u010dijo ve\u010dje okvare. Upravljavci morajo med delovanjem opreme preveriti pu\u0161\u010danja, razpoke in nenavadne zvoke.<\/li>\n<li><strong>Ustrezno mazanje:<\/strong> Zagotavljanje ustreznega mazanja hidravli\u010dnega sistema prepre\u010duje prekomerno trenje in obrabo. Upravljavci morajo redno preverjati nivo olja in po potrebi menjati teko\u010dine.<\/li>\n<li><strong>Zamenjava tesnila:<\/strong> Tesnila se s\u010dasoma obrabijo in jih je treba redno menjati, da se ohrani celovitost sistema. Spremljanje stanja tesnil lahko pomaga prepre\u010diti pu\u0161\u010danje in izgubo tlaka.<\/li>\n<\/ul>\n<h2>Navodila za namestitev<\/h2>\n<p>Pravilna namestitev cilindra roke je klju\u010dnega pomena za optimalno delovanje. Za\u010dnite s pravilno poravnavo cilindra z monta\u017enimi to\u010dkami stroja, da zagotovite nemoteno delovanje. Za pritrditev cilindra in prepre\u010devanje napa\u010dne poravnave med delovanjem uporabite ustrezne monta\u017ene nosilce.<\/p>\n<p>Pred namestitvijo preverite vse komponente glede po\u0161kodb ali obrabe. Prepri\u010dajte se, da so hidravli\u010dne cevi in \u200b\u200bpriklju\u010dki \u010disti in brez umazanije. Po priklju\u010ditvi cevi odzra\u010dite hidravli\u010dni sistem, da odstranite morebitni ujeti zrak, ki lahko ovira delovanje.<\/p>\n<p>Ko je jeklenka name\u0161\u010dena, jo preizkusite z obremenitvijo, da se prepri\u010date, da deluje pravilno in brez pu\u0161\u010danja. Po namestitvi je priporo\u010dljiv reden ponovni pregled, da zagotovite varnost in delovanje vseh komponent.<\/p>\n<h2>Pogosta vzdr\u017eevalna opravila<\/h2>\n<h3>Redni pregledi<\/h3>\n<p>Redni pregledi so bistvenega pomena za ohranjanje celovitosti cilindra roke. To vklju\u010duje preverjanje vidnih znakov obrabe, pu\u0161\u010danja ali po\u0161kodb. Zgodnje prepoznavanje teh te\u017eav lahko prepre\u010di draga popravila in izpade. Upravljavci bi morali razviti urnik rutinskih pregledov, da zagotovijo dosleden nadzor nad hidravli\u010dnimi komponentami.<\/p>\n<h3>Ustrezno mazanje<\/h3>\n<p>Mazanje je klju\u010dnega pomena za nemoteno delovanje hidravli\u010dnih cilindrov. Upravljavci morajo zagotoviti, da se vzdr\u017euje raven hidravli\u010dnega olja in da se uporablja pravilna vrsta olja. Redne menjave in pregledi olja lahko prepre\u010dijo mehanske okvare in ohranijo u\u010dinkovitost delovanja.<\/p>\n<h3>Zamenjava tesnil in preverjanje kalibracije<\/h3>\n<p>Redna menjava tesnil je klju\u010dnega pomena za prepre\u010devanje pu\u0161\u010danja teko\u010dine in vzdr\u017eevanje tlaka v sistemu. Upravljavci morajo spremljati tesnila glede znakov obrabe in jih po potrebi zamenjati. Izvajati je treba tudi kalibracijske preglede hidravli\u010dnega sistema, da se zagotovi delovanje vseh komponent v skladu z zahtevanimi specifikacijami, kar je bistveno za varnost in u\u010dinkovitost.<\/p>\n<p><img decoding=\"async\" src=\"https:\/\/www.hydraulic-cylinders.net\/wp-content\/uploads\/2025\/04\/songte-chushion-collar.webp\" alt=\"Blazinasti ovratnik\" \/><\/p>\n<h2>Varnostni vidiki in okoljski dejavniki<\/h2>\n<p>Pri delu s hidravli\u010dnimi sistemi so varnostni ukrepi najpomembnej\u0161i. Upravljavci morajo biti usposobljeni za varno ravnanje, zlasti za razumevanje funkcij in omejitev hidravli\u010dnih komponent. Nositi je treba ustrezno varnostno opremo in vzpostaviti varnostne protokole za prepre\u010devanje nesre\u010d. Upo\u0161tevati je treba tudi okoljske dejavnike, kot sta odstranjevanje hidravli\u010dnih teko\u010din in vpliv pu\u0161\u010danja na okoli\u0161ka obmo\u010dja.<\/p>\n<h2>Odpravljanje te\u017eav in pogoste te\u017eave<\/h2>\n<ul>\n<li><strong>Pu\u0161\u010danje:<\/strong> Pu\u0161\u010danje teko\u010dine lahko ka\u017ee na okvaro tesnila ali po\u0161kodbo valja. Preverite tesnila in jih po potrebi zamenjajte.<\/li>\n<li><strong>Izguba tlaka:<\/strong> Zni\u017eanje hidravli\u010dnega tlaka je lahko posledica pu\u0161\u010danja ali nezadostne ravni teko\u010dine. Redno preverjajte raven teko\u010dine in sistem preglejte glede pu\u0161\u010danja.<\/li>\n<li><strong>Nenavaden hrup:<\/strong> Hrup med delovanjem lahko ka\u017ee na mehansko okvaro ali pomanjkanje mazanja. Preverite valj glede obrabe in se prepri\u010dajte, da je zagotovljeno ustrezno mazanje.<\/li>\n<\/ul>\n<h2>Nasveti za u\u010dinkovito re\u0161evanje napak<\/h2>\n<p>Za u\u010dinkovito re\u0161evanje te\u017eav morajo upravljavci upo\u0161tevati sistemati\u010den pristop k odpravljanju te\u017eav. Za\u010dnite z dokumentiranjem simptomov in sprememb v delovanju. Te informacije lahko pomagajo pri u\u010dinkovitej\u0161em diagnosticiranju te\u017eav. Redno vzdr\u017eevanje in pravo\u010dasna popravila lahko prepre\u010dijo, da bi manj\u0161e te\u017eave prerasle v ve\u010dje okvare.<\/p>\n<p>Izvajanje preventivnih ukrepov, kot so redni pregledi in vzdr\u017eevalni na\u010drti, lahko znatno zmanj\u0161a verjetnost nastanka te\u017eav. Usposabljanje upravljavcev o pravilni uporabi in vzdr\u017eevalnih praksah je prav tako klju\u010dnega pomena za zmanj\u0161anje morebitnih te\u017eav.<\/p>\n<p><img decoding=\"async\" src=\"https:\/\/www.hydraulic-cylinders.net\/wp-content\/uploads\/2025\/04\/songte-bushings-with-all-kinds-of-excavator-models.webp\" alt=\"Pu\u0161e\" \/><\/p>\n<h2>O na\u0161em podjetju<\/h2>\n<p>Smo vodilni proizvajalec nadomestnih hidravli\u010dnih cilindrov s \u0161iroko paleto izdelkov, ki ustrezajo doma\u010demu in mednarodnemu trgu. Na\u0161o zavezanost k odli\u010dnosti kakovosti podpirajo izpopolnjeni proizvodni procesi in robustna strategija upravljanja proizvodnje. Na\u0161o proizvodno platformo nenehno izbolj\u0161ujemo z uporabo usposobljenega osebja, digitalne proizvodne opreme in specializiranih sistemov za testiranje.<\/p>\n<p>Na\u0161e napredne zmogljivosti nam omogo\u010dajo, da zadovoljimo raznolike potrebe strank z u\u010dinkovitostjo, natan\u010dnostjo in visoko kakovostjo. Ponujamo profesionalne storitve, mednarodne certifikate in prilagojene re\u0161itve, ki se popolnoma ujemajo z zahtevami strank. Na\u0161a poprodajna storitev zagotavlja, da stranke prejemajo stalno podporo in pomo\u010d, kar krepi na\u0161o zavezanost kakovosti in zanesljivosti.<\/p>\n<p><img decoding=\"async\" src=\"https:\/\/www.hydraulic-cylinders.net\/wp-content\/uploads\/2025\/04\/songte-company-4.webp\" alt=\"Pregled podjetja\" \/><br \/>\n<img decoding=\"async\" src=\"https:\/\/www.hydraulic-cylinders.net\/wp-content\/uploads\/2025\/04\/songte-company-3.webp\" alt=\"Proizvodni obrat\" \/><\/p>\n<p>Avtor: lyl<\/p>","protected":false},"excerpt":{"rendered":"<p>Boom Cylinder For XGMA Middle Excavator XG822 Overview of Boom Cylinder The Boom Cylinder is an essential hydraulic component designed specifically for the XGMA Middle Excavator XG822. This hydraulic cylinder is pivotal for controlling the movement of the excavator&#8217;s boom, enabling it to perform a variety of tasks such as lifting, lowering, and tilting. The [&hellip;]<\/p>","protected":false},"featured_media":17880,"comment_status":"open","ping_status":"closed","template":"","meta":{"_et_pb_use_builder":"","_et_pb_old_content":"","_et_gb_content_width":""},"product_brand":[],"product_cat":[1546],"product_tag":[1547,1496],"class_list":{"0":"post-19315","1":"product","2":"type-product","3":"status-publish","4":"has-post-thumbnail","6":"product_cat-boom-cylinders","7":"product_tag-boom-cylinders","8":"product_tag-hydraulic-cylinders","10":"first","11":"instock","12":"shipping-taxable","13":"product-type-simple"},"amp_enabled":true,"_links":{"self":[{"href":"https:\/\/www.hydraulic-cylinders.net\/sl\/wp-json\/wp\/v2\/product\/19315","targetHints":{"allow":["GET"]}}],"collection":[{"href":"https:\/\/www.hydraulic-cylinders.net\/sl\/wp-json\/wp\/v2\/product"}],"about":[{"href":"https:\/\/www.hydraulic-cylinders.net\/sl\/wp-json\/wp\/v2\/types\/product"}],"replies":[{"embeddable":true,"href":"https:\/\/www.hydraulic-cylinders.net\/sl\/wp-json\/wp\/v2\/comments?post=19315"}],"wp:featuredmedia":[{"embeddable":true,"href":"https:\/\/www.hydraulic-cylinders.net\/sl\/wp-json\/wp\/v2\/media\/17880"}],"wp:attachment":[{"href":"https:\/\/www.hydraulic-cylinders.net\/sl\/wp-json\/wp\/v2\/media?parent=19315"}],"wp:term":[{"taxonomy":"product_brand","embeddable":true,"href":"https:\/\/www.hydraulic-cylinders.net\/sl\/wp-json\/wp\/v2\/product_brand?post=19315"},{"taxonomy":"product_cat","embeddable":true,"href":"https:\/\/www.hydraulic-cylinders.net\/sl\/wp-json\/wp\/v2\/product_cat?post=19315"},{"taxonomy":"product_tag","embeddable":true,"href":"https:\/\/www.hydraulic-cylinders.net\/sl\/wp-json\/wp\/v2\/product_tag?post=19315"}],"curies":[{"name":"delovni list","href":"https:\/\/api.w.org\/{rel}","templated":true}]}}