{"id":19322,"date":"2025-04-07T06:26:55","date_gmt":"2025-04-07T06:26:55","guid":{"rendered":"https:\/\/www.hydraulic-cylinders.net\/product\/boom-cylinder-for-xgma-large-excavator-xg836mh\/"},"modified":"2025-04-07T06:26:57","modified_gmt":"2025-04-07T06:26:57","slug":"boom-cylinder-for-xgma-large-excavator-xg836mh","status":"publish","type":"product","link":"https:\/\/www.hydraulic-cylinders.net\/sl\/izdelek\/boom-cylinder-for-xgma-large-excavator-xg836mh\/","title":{"rendered":"Cilinder roke za velik bager XGMA XG836MH"},"content":{"rendered":"<h1>Cilinder roke za velik bager XGMA XG836MH<\/h1>\n<h2>Uvod v cilindre roke<\/h2>\n<p>Cilinder roke za velik bager XGMA XG836MH je klju\u010dna komponenta, zasnovana za delovanje te\u017ekih strojev. Ta hidravli\u010dni cilinder je specializiran za nadzor gibanja priklju\u010dkov bagra, kot so \u017elice, kar omogo\u010da bistvena opravila, kot so dvigovanje, spu\u0161\u010danje in nagibanje. Omogo\u010da u\u010dinkovito ravnanje z materiali, zaradi \u010desar je bistveni del razli\u010dnih gradbenih in izkopnih projektov.<\/p>\n<p><img decoding=\"async\" src=\"https:\/\/www.hydraulic-cylinders.net\/wp-content\/uploads\/2025\/04\/songte-company-1.webp\" alt=\"Cilinder roke za bagre\" \/><\/p>\n<h3>Razumevanje cilindrov vedra<\/h3>\n<p>Cilindri \u017elice so hidravli\u010dni mehanizmi, posebej zasnovani za upravljanje gibanja \u017elic na te\u017eki gradbeni opremi, vklju\u010dno z bagri, bagri nakladalniki in \u010delnimi nakladalniki. Delujejo v hidravli\u010dnem sistemu, kjer se za ustvarjanje gibanja uporablja tla\u010dna teko\u010dina. Ta uporaba omogo\u010da \u017elici, da opravlja bistvene funkcije, potrebne za u\u010dinkovito kopanje, prevoz in odlaganje materialov. Zasnova in delovanje teh cilindrov sta klju\u010dnega pomena za doseganje optimalne zmogljivosti v zahtevnih delovnih okoljih.<\/p>\n<h2>Zna\u010dilnosti cilindra roke<\/h2>\n<ul>\n<li><strong>Visoka trdnost in vzdr\u017eljivost:<\/strong> Izdelani iz visoko trdnega jekla ali aluminija, ti cilindri prenesejo visoke tlake in velike obremenitve, kar zagotavlja zanesljivost tudi v te\u017ekih delovnih pogojih.<\/li>\n<li><strong>U\u010dinkovito hidravli\u010dno delovanje:<\/strong> Z uporabo hidravli\u010dnega tlaka olja omogo\u010da valj roke gladko iztegovanje in vstavljanje, kar zagotavlja hiter odziv na ukaze upravljavca in mo\u010dne sile potiska in vle\u010denja.<\/li>\n<li><strong>Raznolikost vrst:<\/strong> Ti cilindri, ki so na voljo v enosmerni in dvosmerni izvedbi, zadovoljujejo razli\u010dne operativne potrebe. Nekateri modeli so teleskopski, kar omogo\u010da dalj\u0161i doseg brez pove\u010danja zunanjih dimenzij.<\/li>\n<li><strong>Enostavna integracija:<\/strong> Zasnovan za brezhibno zamenjavo obstoje\u010dih hidravli\u010dnih cilindrov, kar zagotavlja nemotene nadgradnje in vzdr\u017eevanje.<\/li>\n<li><strong>Vzdr\u017eevalno prijazna zasnova:<\/strong> Konfigurirano za preproste vzdr\u017eevalne postopke, kar omogo\u010da dalj\u0161o \u017eivljenjsko dobo in kraj\u0161i \u010das izpada.<\/li>\n<\/ul>\n<p><img decoding=\"async\" src=\"https:\/\/www.hydraulic-cylinders.net\/wp-content\/uploads\/2025\/04\/songte-cylinder-head-with-all-kinds-excavator-models.webp\" alt=\"Modeli bagrov\" \/><\/p>\n<h2>Uporaba cilindra roke<\/h2>\n<h3>Gradbena oprema<\/h3>\n<p>Pri bagrih imajo cilindri roke klju\u010dno vlogo pri kopanju, nakladanju in premikanju zemlje ali ru\u0161evin. Njihova sposobnost u\u010dinkovitega nadzora gibanja \u017elice je klju\u010dnega pomena za uspe\u0161na izkopavanja. Poleg tega pri bagrih nakladalnikih pomagajo tako pri kopanju jarkov kot pri dvigovanju materialov, kar pove\u010duje splo\u0161no produktivnost na gradbi\u0161\u010dih.<\/p>\n<h3>Kmetijska mehanizacija<\/h3>\n<p>Pri \u010delnih nakladalnikih so cilindri roke odgovorni za zajemanje, dvigovanje in prevoz zemlje, sena in drugih materialov. Njihova robustna zasnova zagotavlja, da lahko prenesejo znatno te\u017eo, zaradi \u010desar so nepogre\u0161ljivi pri kmetijskih opravilih. Kmetom in izvajalcem omogo\u010dajo u\u010dinkovito opravljanje razli\u010dnih nalog, kot sta nakladanje in razkladanje materialov, kar pove\u010duje produktivnost v kmetijskem sektorju.<\/p>\n<h3>Bagri<\/h3>\n<p>Pri bagrih cilindr roke omogo\u010da, da \u017elica u\u010dinkovito prodre v zemljo. Ta sposobnost je bistvena za razli\u010dna izkopavanja, od urejanja okolice do obse\u017enih gradbenih projektov. Zasnova cilindra roke zagotavlja natan\u010den nadzor nad gibanjem \u017elice, kar je klju\u010dnega pomena za zmanj\u0161anje motenj v okolici.<\/p>\n<h3>Nakladalci<\/h3>\n<p>Pri \u010delnih nakladalnikih ti cilindri olaj\u0161ajo u\u010dinkovito dvigovanje in odlaganje materialov. Njihove hidravli\u010dne zmogljivosti omogo\u010dajo hitro manevriranje, kar je bistvenega pomena v hitrih gradbenih okoljih. U\u010dinkovitost, ki jo ponujajo cilindri roke, pove\u010da splo\u0161no operativno zmogljivost nakladalnikov, zaradi \u010desar so u\u010dinkovitej\u0161i pri nalogah ravnanja z materiali.<\/p>\n<h2>Oblikovalski vidiki in izbirna merila<\/h2>\n<h3>Nosilnost<\/h3>\n<p>Pri zasnovi cilindrov roke je treba dati prednost nosilnosti, da se zagotovi, da lahko prenesejo te\u017eo priklju\u010dkov bagra in premikanih materialov. In\u017eenirji izra\u010dunajo potrebno nosilnost glede na predvideno uporabo in tako zagotovijo varno delovanje cilindra brez tveganja okvare.<\/p>\n<h3>U\u010dinkovitost tesnjenja<\/h3>\n<p>Pravilno tesnjenje je bistvenega pomena za prepre\u010devanje pu\u0161\u010danja hidravli\u010dne teko\u010dine, kar lahko povzro\u010di zmanj\u0161ano u\u010dinkovitost in morebitno po\u0161kodbo hidravli\u010dnega sistema. Visokokakovostna tesnila iz trpe\u017enih materialov, kot sta poliuretan ali nitrilna guma, izbolj\u0161ajo tesnilno u\u010dinkovitost in hkrati zmanj\u0161ajo potrebe po vzdr\u017eevanju.<\/p>\n<h3>Vzdr\u017eljivost<\/h3>\n<p>Vzdr\u017eljivost je klju\u010dnega pomena za cilindre roke, saj so med delovanjem izpostavljeni ekstremnim pogojem in silam. Izbira materialov, ki so odporni na obrabo, skupaj z za\u0161\u010ditnimi premazi podalj\u0161a \u017eivljenjsko dobo cilindra in zmanj\u0161a pogostost zamenjav.<\/p>\n<h3>Varnost<\/h3>\n<p>Varnostne funkcije pri zasnovi cilindrov roke so bistvenega pomena, zlasti pri te\u017ekih strojih, kjer lahko okvare povzro\u010dijo nesre\u010de. Vklju\u010ditev varnostnih mehanizmov, kot so tla\u010dni varnostni ventili in robustni sistemi pritrditve, zmanj\u0161uje tveganja, povezana s hidravli\u010dnimi okvarami.<\/p>\n<h3>Vzdr\u017eevanje<\/h3>\n<p>Zasnova cilindrov roke za enostavno vzdr\u017eevanje zagotavlja, da lahko upravljavci pogosto preverjajo morebitne te\u017eave in izvajajo potrebna popravila brez dalj\u0161ih izpadov. Funkcije, kot so dostopne mazalke in enostavno zamenljiva tesnila, izbolj\u0161ujejo vzdr\u017eevanje.<\/p>\n<p><img decoding=\"async\" src=\"https:\/\/www.hydraulic-cylinders.net\/wp-content\/uploads\/2025\/04\/songte-oil-pipes-and-spare-parts.webp\" alt=\"Hidravli\u010dni deli\" \/><\/p>\n<h2>Tesnjenje in mazanje<\/h2>\n<p>U\u010dinkovito tesnjenje in mazanje sta klju\u010dnega pomena za delovanje in dolgo \u017eivljenjsko dobo cilindrov roke. Za vzdr\u017eevanje hidravli\u010dnega tlaka in prepre\u010devanje izgube teko\u010dine se uporabljajo razli\u010dna tesnila, vklju\u010dno s tesnili bata in palice. Materiali, kot sta poliuretan in nitrilna guma, se pogosto uporabljajo zaradi svojih lastnosti odpornosti proti obrabi. Telo cilindra in navojne kon\u010dne povr\u0161ine so podvr\u017eene fini obdelavi za pove\u010danje vzdr\u017eljivosti in odpornosti proti obrabi. Poleg tega je redno mazanje s hidravli\u010dnim oljem potrebno za zagotovitev nemotenega delovanja in zmanj\u0161anje trenja med gibljivimi deli.<\/p>\n<h2>Redni pregledi in preventivni vzdr\u017eevalni ukrepi<\/h2>\n<ul>\n<li><strong>Redni pregledi:<\/strong> Redni pregledi pomagajo prepoznati morebitne te\u017eave, preden se stopnjujejo. Preverite pu\u0161\u010danja, obrabo in pravilno poravnavo.<\/li>\n<li><strong>Pravilno mazanje:<\/strong> Zagotovite, da so vsi gibljivi deli ustrezno namazani, da zmanj\u0161ate trenje in prepre\u010dite obrabo. Za optimalno delovanje uporabite priporo\u010deno vrsto hidravli\u010dnega olja.<\/li>\n<li><strong>Zamenjava tesnila:<\/strong> Redno menjajte tesnila glede na uporabo, da ohranite celovitost jeklenke. Preverite tesnila glede znakov obrabe in jih po potrebi zamenjajte.<\/li>\n<\/ul>\n<h2>Navodila za namestitev<\/h2>\n<p>Pravilna namestitev cilindra roke je klju\u010dnega pomena za optimalno delovanje. Najprej zagotovite, da je delovno obmo\u010dje \u010disto in brez umazanije. Cilinder pravilno poravnajte z nosilci in ga pritrdite z ustreznimi monta\u017enimi priklju\u010dki. Prepri\u010dajte se, da so hidravli\u010dne povezave tesne in ne pu\u0161\u010dajo. Po namestitvi preverite poravnavo cilindra, da prepre\u010dite prekomerno obremenitev med delovanjem. Po namestitvi izvedite preizkusno delovanje, da preverite delovanje, in po potrebi prilagodite hidravli\u010dni sistem za nemoteno delovanje.<\/p>\n<h2>Pogosta vzdr\u017eevalna opravila<\/h2>\n<ul>\n<li><strong>Redni pregledi:<\/strong> Pogosto preverjanje pu\u0161\u010danja ali znakov obrabe pomaga ohranjati u\u010dinkovitost cilindra. Preverite vse priklju\u010dke in tesnila, da se prepri\u010date, da so nepo\u0161kodovani.<\/li>\n<li><strong>Pravilno mazanje:<\/strong> Vzdr\u017eevanje ustrezne ravni mazanja je klju\u010dnega pomena. Zagotovite, da je valj mazan v skladu s priporo\u010dili proizvajalca, da prepre\u010dite prezgodnjo obrabo.<\/li>\n<li><strong>Zamenjava tesnila:<\/strong> Redno ocenjujte stanje tesnil in jih po potrebi zamenjajte. To nalogo prepre\u010duje izgubo hidravli\u010dne teko\u010dine in vzdr\u017euje tlak v sistemu.<\/li>\n<\/ul>\n<h2>Varnostni vidiki in okoljski dejavniki<\/h2>\n<p>Pri uporabi cilindrov roke so varnostni ukrepi najpomembnej\u0161i. Upravljavci morajo upo\u0161tevati vse varnostne smernice, vklju\u010dno z no\u0161enjem ustrezne osebne za\u0161\u010ditne opreme (OZO), da bi zmanj\u0161ali tveganja med delovanjem. Za prepre\u010devanje nesre\u010d je bistvenega pomena ustrezno usposabljanje za ravnanje s hidravli\u010dnimi sistemi. Poleg tega je klju\u010dnega pomena pozornost do okoljskih dejavnikov; zagotavljanje, da hidravli\u010dne teko\u010dine ne pu\u0161\u010dajo v okolje, pomaga zmanj\u0161ati ekolo\u0161ka tveganja.<\/p>\n<h2>Odpravljanje te\u017eav in pogoste te\u017eave<\/h2>\n<ul>\n<li><strong>Pu\u0161\u010danje:<\/strong> Preverite vsa tesnila in priklju\u010dke glede obrabe ali po\u0161kodb. Zamenjajte morebitna po\u0161kodovana tesnila in se prepri\u010dajte, da so priklju\u010dki tesni.<\/li>\n<li><strong>Slaba zmogljivost:<\/strong> Preverite nivo in kakovost hidravli\u010dne teko\u010dine. Nizka raven teko\u010dine lahko povzro\u010di neustrezno delovanje, zato se prepri\u010dajte, da ustreza specifikacijam.<\/li>\n<li><strong>Hrup med delovanjem:<\/strong> Nenavadni zvoki lahko ka\u017eejo na mehanske te\u017eave. Preverite, ali so komponente nepravilno poravnane ali po\u0161kodovane, kar bi lahko zahtevalo nastavitev ali zamenjavo.<\/li>\n<\/ul>\n<h2>Nasveti za odpravljanje te\u017eav<\/h2>\n<p>Za u\u010dinkovito diagnosticiranje in odpravljanje te\u017eav z cilindri roke morajo upravljavci voditi obse\u017een dnevnik vzdr\u017eevanja. Vodite evidenco pregledov, popravil in menjav teko\u010din. Redno usposabljanje za hidravli\u010dne sisteme lahko upravljavcem omogo\u010di zgodnje prepoznavanje te\u017eav. Izvajajte preventivne ukrepe, kot so redni pregledi in upo\u0161tevanje vzdr\u017eevalnih na\u010drtov, da zmanj\u0161ate tveganje za morebitne okvare.<\/p>\n<p><img decoding=\"async\" src=\"https:\/\/www.hydraulic-cylinders.net\/wp-content\/uploads\/2025\/04\/songte-bushings-with-all-kinds-of-excavator-models.webp\" alt=\"Pu\u0161e za bagre\" \/><\/p>\n<h2>O na\u0161em podjetju<\/h2>\n<p>Smo vodilni proizvajalec nadomestnih hidravli\u010dnih cilindrov in ponujamo \u0161iroko paleto izdelkov za doma\u010di in mednarodni trg. Na\u0161o zavezanost vrhunski kakovosti podpira izpopolnjena proizvodna strategija, ki vklju\u010duje napredno tehnologijo in usposobljeno osebje. Z uporabo najsodobnej\u0161e digitalne proizvodne opreme in profesionalnih sistemov za testiranje nenehno izbolj\u0161ujemo na\u0161e proizvodne zmogljivosti. Na\u0161 poudarek na u\u010dinkovitosti, natan\u010dnosti in visokih standardih kakovosti izpolnjuje raznolike potrebe na\u0161ih strank.<\/p>\n<p><img decoding=\"async\" src=\"https:\/\/www.hydraulic-cylinders.net\/wp-content\/uploads\/2025\/04\/songte-company-4.webp\" alt=\"Pregled podjetja\" \/><br \/>\n<img decoding=\"async\" src=\"https:\/\/www.hydraulic-cylinders.net\/wp-content\/uploads\/2025\/04\/songte-company-3.webp\" alt=\"Prostori podjetja\" \/><\/p>\n<p>Na\u0161e strokovno znanje sega v mednarodne certifikate, prilagojene storitve in izjemno poprodajno podporo, kar na\u0161im strankam zagotavlja najvi\u0161jo raven storitev in zanesljivosti izdelkov.<\/p>\n<p>Avtor: lyl<\/p>","protected":false},"excerpt":{"rendered":"<p>Boom Cylinder For XGMA Large Excavator XG836MH Introduction to Boom Cylinders The Boom Cylinder for the XGMA Large Excavator XG836MH is a critical component designed for heavy machinery operations. This hydraulic cylinder specializes in controlling the movement of excavator attachments, such as buckets, enabling essential tasks such as lifting, lowering, and tilting. It facilitates effective [&hellip;]<\/p>","protected":false},"featured_media":17872,"comment_status":"open","ping_status":"closed","template":"","meta":{"_et_pb_use_builder":"","_et_pb_old_content":"","_et_gb_content_width":""},"product_brand":[],"product_cat":[1546],"product_tag":[1547,1496],"class_list":{"0":"post-19322","1":"product","2":"type-product","3":"status-publish","4":"has-post-thumbnail","6":"product_cat-boom-cylinders","7":"product_tag-boom-cylinders","8":"product_tag-hydraulic-cylinders","10":"first","11":"instock","12":"shipping-taxable","13":"product-type-simple"},"amp_enabled":true,"_links":{"self":[{"href":"https:\/\/www.hydraulic-cylinders.net\/sl\/wp-json\/wp\/v2\/product\/19322","targetHints":{"allow":["GET"]}}],"collection":[{"href":"https:\/\/www.hydraulic-cylinders.net\/sl\/wp-json\/wp\/v2\/product"}],"about":[{"href":"https:\/\/www.hydraulic-cylinders.net\/sl\/wp-json\/wp\/v2\/types\/product"}],"replies":[{"embeddable":true,"href":"https:\/\/www.hydraulic-cylinders.net\/sl\/wp-json\/wp\/v2\/comments?post=19322"}],"wp:featuredmedia":[{"embeddable":true,"href":"https:\/\/www.hydraulic-cylinders.net\/sl\/wp-json\/wp\/v2\/media\/17872"}],"wp:attachment":[{"href":"https:\/\/www.hydraulic-cylinders.net\/sl\/wp-json\/wp\/v2\/media?parent=19322"}],"wp:term":[{"taxonomy":"product_brand","embeddable":true,"href":"https:\/\/www.hydraulic-cylinders.net\/sl\/wp-json\/wp\/v2\/product_brand?post=19322"},{"taxonomy":"product_cat","embeddable":true,"href":"https:\/\/www.hydraulic-cylinders.net\/sl\/wp-json\/wp\/v2\/product_cat?post=19322"},{"taxonomy":"product_tag","embeddable":true,"href":"https:\/\/www.hydraulic-cylinders.net\/sl\/wp-json\/wp\/v2\/product_tag?post=19322"}],"curies":[{"name":"delovni list","href":"https:\/\/api.w.org\/{rel}","templated":true}]}}