{"id":19411,"date":"2025-04-07T06:33:12","date_gmt":"2025-04-07T06:33:12","guid":{"rendered":"https:\/\/www.hydraulic-cylinders.net\/product\/boom-cylinder-for-bobcat-small-excavator-e32\/"},"modified":"2025-04-07T06:33:14","modified_gmt":"2025-04-07T06:33:14","slug":"boom-cylinder-for-bobcat-small-excavator-e32","status":"publish","type":"product","link":"https:\/\/www.hydraulic-cylinders.net\/sl\/izdelek\/boom-cylinder-for-bobcat-small-excavator-e32\/","title":{"rendered":"Cilinder roke za majhen bager Bobcat E32"},"content":{"rendered":"<h1>Cilinder roke za majhen bager Bobcat E32<\/h1>\n<h2>Razumevanje cilindra roke<\/h2>\n<p>Cilinder roke je klju\u010dna komponenta hidravli\u010dnih sistemov te\u017ekih strojev, posebej zasnovana za nadzor gibanja \u017elic v bagrih, bagrih in \u010delnih nakladalnikih. Ta hidravli\u010dni cilinder omogo\u010da dvigovanje, spu\u0161\u010danje in nagibanje \u017elice, zaradi \u010desar je bistvenega pomena za u\u010dinkovito ravnanje z materiali.<\/p>\n<p>Kot vrsta hidravli\u010dnega cilindra deluje cilinder roke s tla\u010dno hidravli\u010dno teko\u010dino za ustvarjanje gibanja. Ko upravljavec po\u0161lje ukaz, se hidravli\u010dna teko\u010dina premakne v cilinder, zaradi \u010desar se batnica iztegne ali umakne. Ta mehanizem omogo\u010da natan\u010den nadzor nad polo\u017eajem \u017elice in izbolj\u0161a funkcionalnost stroja.<\/p>\n<p>V gradbeni\u0161tvu je klju\u010dnega pomena sposobnost natan\u010dnosti in hitrosti manevriranja te\u017ekih bremen. Zaradi vloge cilindra roke pri doseganju tega cilja je nepogre\u0161ljiv element sodobnih bagrov, zlasti v zahtevnih delovnih okoljih. Njegova zasnova se osredoto\u010da na vzdr\u017eljivost in u\u010dinkovitost, kar zagotavlja, da lahko upravljavci opravljajo naloge z najve\u010djo produktivnostjo.<\/p>\n<p><img decoding=\"async\" src=\"https:\/\/www.hydraulic-cylinders.net\/wp-content\/uploads\/2025\/04\/songte-company-1.webp\" alt=\"Cilinder roke\" \/><\/p>\n<h2>Klju\u010dne zna\u010dilnosti cilindra roke<\/h2>\n<ul>\n<li><strong>Visoka trdnost in vzdr\u017eljivost:<\/strong> Cilinder roke, ki je obi\u010dajno izdelan iz visoko trdnega jekla ali aluminija, je zasnovan tako, da prenese visok tlak in velike obremenitve, zaradi \u010desar je primeren za te\u017eke delovne pogoje.<\/li>\n<li><strong>U\u010dinkovito hidravli\u010dno delovanje:<\/strong> Cilinder uporablja hidravli\u010dni tlak olja za gladko iztegovanje in vstavljanje, kar zagotavlja hiter odziv na operativne ukaze in zagotavlja znatno silo potiska in vle\u010denja.<\/li>\n<li><strong>Razli\u010dne vrste:<\/strong> Na voljo so v enosmerno ali dvosmerno delujo\u010di konfiguraciji, tako da lahko uporabniki izberejo tip, ki najbolj ustreza njihovim operativnim potrebam. Nekateri modeli so teleskopski, kar omogo\u010da dalj\u0161i doseg brez pove\u010danja zunanjih dimenzij.<\/li>\n<\/ul>\n<p>Specializirani smo za proizvodnjo visokokakovostnih cilindrov roke, ki lahko brezhibno nadomestijo obstoje\u010de hidravli\u010dne cilindre in zagotavljajo optimalno delovanje v razli\u010dnih aplikacijah.<\/p>\n<p><img decoding=\"async\" src=\"https:\/\/www.hydraulic-cylinders.net\/wp-content\/uploads\/2025\/04\/songte-cylinder-head-with-all-kinds-excavator-models.webp\" alt=\"Hidravli\u010dni cilindri\" \/><\/p>\n<h2>Uporaba cilindra roke<\/h2>\n<h3>Gradbena oprema<\/h3>\n<p>Pri bagrih so cilindri roke klju\u010dni za kopanje, nakladanje in prevoz zemlje ali ru\u0161evin. Omogo\u010dajo natan\u010dne premike, kar zagotavlja, da lahko upravljavci u\u010dinkovito upravljajo izkopavanja, ne da bi pri tem ogrozili varnost ali zmogljivost.<\/p>\n<h3>Bagri nakladalci<\/h3>\n<p>Pri bagrih nakladalnikih cilinder roke ne le olaj\u0161a kopanje, temve\u010d pomaga tudi pri dvigovanju te\u017ekih bremen. Ta dvojna funkcionalnost pove\u010duje vsestranskost stroja, zaradi \u010desar je dragocen pripomo\u010dek na katerem koli gradbi\u0161\u010du, bodisi za izkopavanje bodisi za ravnanje z materiali.<\/p>\n<h3>Kmetijska mehanizacija<\/h3>\n<p>Pri \u010delnih nakladalnikih imajo cilindri roke klju\u010dno vlogo pri zajemanju, dvigovanju in prevozu zemlje, sena in drugih materialov. Njihovo zanesljivo delovanje pomaga kmetom in kmetijskim delavcem optimizirati svojo produktivnost pri razli\u010dnih opravilih.<\/p>\n<h3>Bagri<\/h3>\n<p>Pri bagrih je sposobnost cilindra roke, da omogo\u010di prodiranje \u017elice v zemljo, klju\u010dnega pomena. Ta sposobnost je bistvena za u\u010dinkovito kopanje, zato je cilinder roke sestavni del hidravli\u010dnega sistema stroja.<\/p>\n<h3>Nakladalci<\/h3>\n<p>Pri \u010delnih nakladalnikih cilindri roke u\u010dinkovito pomagajo pri dvigovanju in razkladanju bremen. Njihova robustna zasnova in zanesljivo delovanje omogo\u010data upravljavcem varno upravljanje te\u017ekih materialov, kar zagotavlja u\u010dinkovit potek dela med nakladanjem.<\/p>\n<h2>Oblikovalski vidiki in izbirna merila<\/h2>\n<h3>Nosilnost<\/h3>\n<p>Pri izbiri cilindra roke je klju\u010dnega pomena razumevanje njegove nosilnosti. Cilinder mora biti sposoben prenesti najve\u010djo obremenitev, ki se pri\u010dakuje med delovanjem, ne da bi pri tem tvegali okvaro. Proizvajalci obi\u010dajno navedejo nazivne nosilnosti, zato je bistveno izbrati valj, ki presega pri\u010dakovane obremenitve, da se zagotovi varnost in dolga \u017eivljenjska doba.<\/p>\n<h3>Tesnilni mehanizmi<\/h3>\n<p>U\u010dinkovito tesnjenje je \u0161e en klju\u010dni dejavnik. Tesnila morajo prepre\u010devati pu\u0161\u010danje hidravli\u010dne teko\u010dine in hkrati omogo\u010dati nemoteno gibanje. Visokokakovostna tesnila zmanj\u0161ujejo obrabo valja in izbolj\u0161ujejo splo\u0161no u\u010dinkovitost. Za optimalno delovanje so bistveni ustrezni tesnilni materiali, kot sta poliuretan in nitrilna guma.<\/p>\n<h3>Vzdr\u017eljivost<\/h3>\n<p>Vzdr\u017eljivost je izjemnega pomena, zlasti v zahtevnih delovnih okoljih. Dobro zasnovan valj roke mora biti odporen proti odrgninam, koroziji in drugim \u0161kodljivim u\u010dinkom izpostavljenosti elementom. Materiali in premazi, ki pove\u010dajo vzdr\u017eljivost, lahko znatno podalj\u0161ajo \u017eivljenjsko dobo valja.<\/p>\n<h3>Varnostne funkcije<\/h3>\n<p>Varnost je klju\u010dnega pomena. Cilindri roke morajo imeti varnostne funkcije, kot so varnostni ventili, da se prepre\u010di previsok tlak, ki lahko povzro\u010di katastrofalne okvare. Redni varnostni pregledi so prav tako bistveni za ohranjanje operativne integritete.<\/p>\n<h3>Dostopnost vzdr\u017eevanja<\/h3>\n<p>Nenazadnje je dostopnost za vzdr\u017eevanje klju\u010dnega pomena za zagotavljanje dolge \u017eivljenjske dobe cilindra roke. Zasnova, ki omogo\u010da enostaven pregled, mazanje in zamenjavo tesnil, lahko dolgoro\u010dno prihrani \u010das in zmanj\u0161a stro\u0161ke dela.<\/p>\n<p><img decoding=\"async\" src=\"https:\/\/www.hydraulic-cylinders.net\/wp-content\/uploads\/2025\/04\/songte-oil-pipes-and-spare-parts.webp\" alt=\"Hidravli\u010dni deli\" \/><\/p>\n<h2>Tesnjenje in mazanje hidravli\u010dnega cilindra<\/h2>\n<p>Pravilno tesnjenje in mazanje sta klju\u010dnega pomena za delovanje cilindra roke. Razli\u010dne tesnilne elemente, vklju\u010dno s tesnili bata in ojnice, je treba skrbno izbrati, da se zagotovi, da lahko prenesejo delovne pogoje hidravli\u010dnega sistema. Materiali, kot sta poliuretan in nitrilna guma, zagotavljajo odli\u010dno odpornost proti obrabi in pove\u010dujejo vzdr\u017eljivost tesnil.<\/p>\n<p>Telo valja in navojne kon\u010dne povr\u0161ine je treba natan\u010dno obdelati, da se izbolj\u0161a odpornost proti obrabi in zagotovi tesno tesnjenje. Redno vzdr\u017eevanje mora vklju\u010devati preverjanje tesnil glede obrabe in njihovo zamenjavo po potrebi.<\/p>\n<p>Poleg tega je redna oskrba s hidravli\u010dnim oljem bistvenega pomena za mazanje. Upravljavci morajo redno preverjati nivo olja in zagotoviti, da uporabljajo pravilno vrsto hidravli\u010dne teko\u010dine za ohranjanje delovanja cilindra.<\/p>\n<h2>Preventivni vzdr\u017eevalni ukrepi<\/h2>\n<ul>\n<li><strong>Redni pregledi:<\/strong> Izvajajte rutinske preglede, da zgodaj odkrijete morebitne te\u017eave. Bodite pozorni na znake obrabe, pu\u0161\u010danja ali po\u0161kodb in jih nemudoma odpravite, da prepre\u010dite nadaljnje zaplete.<\/li>\n<li><strong>Ustrezno mazanje:<\/strong> Prepri\u010dajte se, da je valj roke pravilno namazan s priporo\u010denim hidravli\u010dnim oljem. Nezadostno mazanje lahko povzro\u010di ve\u010djo obrabo, kar vpliva na delovanje.<\/li>\n<li><strong>Zamenjava tesnila:<\/strong> Redno preverjajte stanje tesnil in jih po potrebi zamenjajte. Obrabljena tesnila lahko povzro\u010dijo pu\u0161\u010danje olja, kar zmanj\u0161a u\u010dinkovitost in pove\u010da tveganje za okvaro valjev.<\/li>\n<\/ul>\n<h2>Navodila za namestitev<\/h2>\n<p>Pravilna namestitev cilindra roke je klju\u010dnega pomena za optimalno delovanje. Najprej se prepri\u010dajte, da so vse komponente \u010diste in brez ostankov. Cilinder pravilno poravnajte s pritrdilnimi to\u010dkami na bagru. Z ustreznimi pritrdilnimi nosilci pritrdite valj, da prepre\u010dite premikanje med delovanjem.<\/p>\n<p>Preverite, ali so hidravli\u010dne cevi varno priklju\u010dene in da cevi niso prepognjene ali zama\u0161ene. Ko je vse name\u0161\u010deno, je nujno, da hidravli\u010dni sistem napolnite s pravilno teko\u010dino in ga odzra\u010dite, da odstranite morebitne zra\u010dne \u017eepe. Redni pregledi po namestitvi lahko pomagajo zagotoviti, da vse ostane varno in deluje pravilno.<\/p>\n<h2>Pogosta vzdr\u017eevalna opravila<\/h2>\n<h3>Redni pregledi<\/h3>\n<p>Redni pregledi cilindra roke so bistveni za prepoznavanje morebitnih te\u017eav, preden te postanejo resne. Preverite, ali so prisotni znaki obrabe, pu\u0161\u010danja ali po\u0161kodb, in morebitne te\u017eave takoj odpravite. Dosleden nadzor lahko prepre\u010di draga popravila in zagotovi nemoteno delovanje hidravli\u010dnega sistema.<\/p>\n<h3>Ustrezno mazanje<\/h3>\n<p>Pravilno mazanje je klju\u010dnega pomena za ohranjanje delovanja cilindra roke. Zagotovite, da je hidravli\u010dno olje na pravilni ravni in da ustreza specifikacijam proizvajalca. Nezadostno mazanje lahko povzro\u010di pove\u010dano trenje in obrabo, kar lahko skraj\u0161a \u017eivljenjsko dobo cilindra.<\/p>\n<h3>Zamenjava tesnila<\/h3>\n<p>Redno spremljajte stanje tesnil. Obrabljena ali po\u0161kodovana tesnila lahko povzro\u010dijo pu\u0161\u010danje hidravli\u010dne teko\u010dine, kar zmanj\u0161a u\u010dinkovitost in lahko povzro\u010di okvaro sistema. Za ohranjanje optimalne zmogljivosti vzpostavite rutino za preglede in zamenjave tesnil.<\/p>\n<p><img decoding=\"async\" src=\"https:\/\/www.hydraulic-cylinders.net\/wp-content\/uploads\/2025\/04\/songte-chushion-collar.webp\" alt=\"Deli hidravli\u010dnega cilindra\" \/><\/p>\n<h2>Varnostni vidiki in okoljski dejavniki<\/h2>\n<p>Pri delu s hidravli\u010dnimi cilindri so varnostni ukrepi izjemnega pomena. Upravljavci morajo vedno nositi ustrezno osebno za\u0161\u010ditno opremo (OZO) in zagotoviti, da je delovno obmo\u010dje varno pred nevarnostmi. Razumevanje delovnega tlaka cilindra roke in njegovo upo\u0161tevanje lahko prepre\u010di nesre\u010de in okvare opreme.<\/p>\n<p>Poleg tega je bistveno upo\u0161tevati vpliv hidravli\u010dnih teko\u010din na okolje. Uporaba biorazgradljivih hidravli\u010dnih olj lahko ubla\u017ei okoljske skrbi in zagotovi skladnost s predpisi. Redno vzdr\u017eevanje in pravilno odstranjevanje teko\u010din lahko prav tako pomagata zmanj\u0161ati ekolo\u0161ki odtis.<\/p>\n<h2>Odpravljanje te\u017eav in pogoste te\u017eave<\/h2>\n<ul>\n<li><strong>Zni\u017eana zmogljivost:<\/strong> \u010ce se valj roke ne dviga po pri\u010dakovanjih, preverite nivo hidravli\u010dne teko\u010dine in morebitne pu\u0161\u010danja v sistemu. Nizka raven teko\u010dine lahko zmanj\u0161a u\u010dinkovitost delovanja.<\/li>\n<li><strong>Pu\u0161\u010danje tesnil:<\/strong> \u010ce hidravli\u010dna teko\u010dina pu\u0161\u010da, preverite tesnila glede po\u0161kodb. Obrabljena tesnila je treba takoj zamenjati, da prepre\u010dite izgubo teko\u010dine.<\/li>\n<li><strong>Hrup med delovanjem:<\/strong> Nenavadni zvoki lahko ka\u017eejo na zrak v hidravli\u010dnem sistemu ali nizko raven teko\u010dine. Te te\u017eave lahko odpravite z odzra\u010devanjem sistema in dolivanjem hidravli\u010dne teko\u010dine.<\/li>\n<\/ul>\n<h2>Nasveti za odpravljanje te\u017eav<\/h2>\n<p>Za u\u010dinkovito diagnosticiranje in odpravljanje te\u017eav z cilindrom roke morajo upravljavci upo\u0161tevati sistemati\u010den pristop. Za\u010dnite s pregledom operativnih priro\u010dnikov in vodnikov za odpravljanje te\u017eav za specifi\u010dne simptome. Vodite organiziran dnevnik vzdr\u017eevalnih dejavnosti in vseh te\u017eav, ki so se pojavile, saj lahko te informacije pomagajo prepoznati ponavljajo\u010de se te\u017eave.<\/p>\n<p>Prepre\u010devanje je klju\u010dnega pomena. Redno vzdr\u017eevanje, vklju\u010dno s pregledi in mazanjem, lahko pomaga zmanj\u0161ati verjetnost te\u017eav. Upravljavci se morajo seznaniti tudi s komponentami in funkcijami sistema, da bi bolje razumeli morebitne to\u010dke okvare.<\/p>\n<p><img decoding=\"async\" src=\"https:\/\/www.hydraulic-cylinders.net\/wp-content\/uploads\/2025\/04\/songte-bushings-with-all-kinds-of-excavator-models.webp\" alt=\"Deli za bagre\" \/><\/p>\n<h2>O na\u0161em podjetju<\/h2>\n<p>Smo vodilni proizvajalec nadomestnih hidravli\u010dnih cilindrov in ponujamo \u0161iroko paleto izdelkov, ki zadovoljujejo raznolike potrebe doma\u010dega in mednarodnega trga. Na\u0161a zavezanost kakovosti se ka\u017ee v na\u0161ih naprednih proizvodnih procesih in najsodobnej\u0161i opremi.<\/p>\n<p>Sledimo strategiji odli\u010dnosti pri upravljanju proizvodnje, pri \u010demer zaposlujemo usposobljene tehnike in digitalne proizvodne sisteme za izbolj\u0161anje na\u0161ih proizvodnih zmogljivosti. Na\u0161 poudarek na nadzoru kakovosti zagotavlja, da vsak izdelek izpolnjuje najvi\u0161je industrijske standarde, kar nam omogo\u010da, da zadostimo \u0161irokemu spektru zahtev strank.<\/p>\n<p>Na\u0161e podjetje je prepoznano tudi po bogatih izku\u0161njah, strokovnem znanju in predanosti zadovoljstvu strank. Zagotavljamo prilagojene storitve, s katerimi zagotavljamo, da na\u0161i izdelki ustrezajo specifi\u010dnim potrebam strank, hkrati pa ohranjamo stroge mednarodne certifikate.<\/p>\n<p><img decoding=\"async\" src=\"https:\/\/www.hydraulic-cylinders.net\/wp-content\/uploads\/2025\/04\/songte-company-4.webp\" alt=\"Na\u0161e podjetje\" \/><br \/>\n<img decoding=\"async\" src=\"https:\/\/www.hydraulic-cylinders.net\/wp-content\/uploads\/2025\/04\/songte-company-3.webp\" alt=\"Proizvodni obrat\" \/><\/p>\n<p>Avtor: lyl<\/p>","protected":false},"excerpt":{"rendered":"<p>Boom Cylinder For Bobcat Small Excavator E32 Understanding the Boom Cylinder The boom cylinder is a vital component in the hydraulic systems of heavy machinery, specifically designed to control the movement of buckets in excavators, backhoes, and front loaders. This hydraulic cylinder enables the bucket to lift, lower, and tilt, making it essential for efficient [&hellip;]<\/p>","protected":false},"featured_media":17871,"comment_status":"open","ping_status":"closed","template":"","meta":{"_et_pb_use_builder":"","_et_pb_old_content":"","_et_gb_content_width":""},"product_brand":[],"product_cat":[1546],"product_tag":[1547,1496],"class_list":{"0":"post-19411","1":"product","2":"type-product","3":"status-publish","4":"has-post-thumbnail","6":"product_cat-boom-cylinders","7":"product_tag-boom-cylinders","8":"product_tag-hydraulic-cylinders","10":"first","11":"instock","12":"shipping-taxable","13":"product-type-simple"},"amp_enabled":true,"_links":{"self":[{"href":"https:\/\/www.hydraulic-cylinders.net\/sl\/wp-json\/wp\/v2\/product\/19411","targetHints":{"allow":["GET"]}}],"collection":[{"href":"https:\/\/www.hydraulic-cylinders.net\/sl\/wp-json\/wp\/v2\/product"}],"about":[{"href":"https:\/\/www.hydraulic-cylinders.net\/sl\/wp-json\/wp\/v2\/types\/product"}],"replies":[{"embeddable":true,"href":"https:\/\/www.hydraulic-cylinders.net\/sl\/wp-json\/wp\/v2\/comments?post=19411"}],"wp:featuredmedia":[{"embeddable":true,"href":"https:\/\/www.hydraulic-cylinders.net\/sl\/wp-json\/wp\/v2\/media\/17871"}],"wp:attachment":[{"href":"https:\/\/www.hydraulic-cylinders.net\/sl\/wp-json\/wp\/v2\/media?parent=19411"}],"wp:term":[{"taxonomy":"product_brand","embeddable":true,"href":"https:\/\/www.hydraulic-cylinders.net\/sl\/wp-json\/wp\/v2\/product_brand?post=19411"},{"taxonomy":"product_cat","embeddable":true,"href":"https:\/\/www.hydraulic-cylinders.net\/sl\/wp-json\/wp\/v2\/product_cat?post=19411"},{"taxonomy":"product_tag","embeddable":true,"href":"https:\/\/www.hydraulic-cylinders.net\/sl\/wp-json\/wp\/v2\/product_tag?post=19411"}],"curies":[{"name":"delovni list","href":"https:\/\/api.w.org\/{rel}","templated":true}]}}