{"id":19415,"date":"2025-04-07T06:33:25","date_gmt":"2025-04-07T06:33:25","guid":{"rendered":"https:\/\/www.hydraulic-cylinders.net\/product\/boom-cylinder-for-bobcat-small-excavator-e85\/"},"modified":"2025-04-07T06:33:28","modified_gmt":"2025-04-07T06:33:28","slug":"boom-cylinder-for-bobcat-small-excavator-e85","status":"publish","type":"product","link":"https:\/\/www.hydraulic-cylinders.net\/sl\/izdelek\/boom-cylinder-for-bobcat-small-excavator-e85\/","title":{"rendered":"Cilinder roke za majhen bager Bobcat E85"},"content":{"rendered":"<h1>Cilinder roke za majhen bager Bobcat E85<\/h1>\n<h2>Pregled izdelka<\/h2>\n<p>Cilinder roke za majhen bager Bobcat E85 je vitalna hidravli\u010dna komponenta, ki igra klju\u010dno vlogo pri delovanju te\u017ekih strojev. Ta hidravli\u010dni cilinder je posebej zasnovan za nadzor gibanja roke v bagrih, bagrih in \u010delnih nakladalnikih. Omogo\u010da dvigovanje, spu\u0161\u010danje in nagibanje roke, kar olaj\u0161a u\u010dinkovito ravnanje z materiali. V bistvu je cilinder \u017elice vrsta hidravli\u010dnega cilindra, ki pretvarja hidravli\u010dni tlak v mehansko silo, kar omogo\u010da gladke in nadzorovane gibe. To je \u0161e posebej pomembno pri gradbenih in izkopnih delih, kjer sta potrebni natan\u010dnost in mo\u010d.<\/p>\n<p><img decoding=\"async\" src=\"https:\/\/www.hydraulic-cylinders.net\/wp-content\/uploads\/2025\/04\/songte-company-1.webp\" alt=\"Slika hidravli\u010dnega cilindra\"><\/p>\n<h2>Zna\u010dilnosti cilindra roke<\/h2>\n<ul>\n<li><strong>Visoka trdnost in vzdr\u017eljivost:<\/strong> Ta jeklenka, izdelana iz visoko trdnega jekla ali aluminija, lahko prenese visok tlak in velike obremenitve, zaradi \u010desar je primerna za zahtevna delovna okolja. Zasnova upo\u0161teva odpornost proti obrabi in koroziji, da se podalj\u0161a \u017eivljenjska doba izdelka.<\/li>\n<li><strong>U\u010dinkovito hidravli\u010dno delovanje:<\/strong> Uporablja hidravli\u010dni tlak teko\u010dine za gladko iztegovanje in vstavljanje, kar omogo\u010da hiter odziv na krmilne ukaze ter zagotavlja mo\u010dno silo potiska in vle\u010denja za opravljanje te\u017ekih in kompleksnih nalog.<\/li>\n<li><strong>Razli\u010dne vrste:<\/strong> Na voljo so z enosmerno delujo\u010dimi (hidravli\u010dni pogon se uporablja v eni smeri) ali dvosmerno delujo\u010dimi (hidravli\u010dni pogon se uporablja v obeh smereh) cilindri za razli\u010dne operativne potrebe. Nekateri modeli imajo teleskopsko zasnovo za ve\u010dji izvle\u010dek brez pove\u010danja zunanjih dimenzij, kar je idealno za uporabo v omejenem prostoru.<\/li>\n<li><strong>Zdru\u017eljivost:<\/strong> Na\u0161i izdelki odli\u010dno nadomestijo te hidravli\u010dne cilindre in zagotavljajo brezhibno integracijo in delovanje.<\/li>\n<li><strong>Vsestranske uporabe:<\/strong> Uporablja se lahko v razli\u010dnih strojih, kar pove\u010da splo\u0161no produktivnost in u\u010dinkovitost pri opravilih.<\/li>\n<\/ul>\n<p><img decoding=\"async\" src=\"https:\/\/www.hydraulic-cylinders.net\/wp-content\/uploads\/2025\/04\/songte-cylinder-head-with-all-kinds-excavator-models.webp\" alt=\"Model bagra Cilinder\"><\/p>\n<h2>Uporaba cilindra roke<\/h2>\n<h3>Gradbena oprema<\/h3>\n<p>Pri bagrih so cilindri roke bistveni za u\u010dinkovito kopanje, nakladanje in premikanje zemlje ali ru\u0161evin. Omogo\u010dajo natan\u010dne gibe, potrebne za izkop globokih jarkov ali dvigovanje te\u017ekih bremen. Zmo\u017enost hitrega iztegovanja in spu\u0161\u010danja zagotavlja u\u010dinkovito opravljanje gradbenih nalog, zaradi \u010desar so neprecenljivi na katerem koli gradbi\u0161\u010du.<\/p>\n<h3>Kmetijska mehanizacija<\/h3>\n<p>Cilindri roke, ki se uporabljajo v \u010delnih nakladalnikih, pomagajo pri zajemanju, dvigovanju in prevozu zemlje, sena in drugih materialov. Njihova sposobnost premostitve te\u017ekih bremen ob hkratnem zagotavljanju natan\u010dnega nadzora je klju\u010dnega pomena v kmetijskih okoljih, kjer lahko pravo\u010dasne in natan\u010dne operacije bistveno vplivajo na produktivnost.<\/p>\n<h3>Bagri<\/h3>\n<p>Pri bagrih cilinder roke omogo\u010da, da \u017elica u\u010dinkovito prodre v zemljo, kar omogo\u010da u\u010dinkovito izkopavanje. Ta funkcionalnost je klju\u010dnega pomena pri razli\u010dnih aplikacijah, od urejanja okolice do obse\u017enih gradbenih projektov, kjer je sposobnost hitrega in natan\u010dnega izkopavanja izjemnega pomena.<\/p>\n<h3>Nakladalci<\/h3>\n<p>Pri \u010delnih nakladalnikih imajo cilindri roke klju\u010dno vlogo pri u\u010dinkovitem dvigovanju in razkladanju bremen. Zaradi svoje mo\u010di in odzivnosti so idealni za ravnanje z materiali v skladi\u0161\u010dih, na gradbi\u0161\u010dih in kmetijskih poljih, kjer je hitro in u\u010dinkovito ravnanje z materiali bistvenega pomena.<\/p>\n<h2>Oblikovalski vidiki in izbirna merila<\/h2>\n<h3>Nosilnost<\/h3>\n<p>Nosilnost cilindra roke je klju\u010dnega pomena. Zasnovan mora biti tako, da prenese najve\u010djo obremenitev, s katero se bo soo\u010dil med delovanjem. To zagotavlja varno in u\u010dinkovito delovanje cilindra pod tlakom brez okvar. Izbira cilindra z zadostno prostornino je klju\u010dnega pomena za prepre\u010devanje po\u0161kodb opreme in ohranjanje obratovalne u\u010dinkovitosti. Pravilni izra\u010duni, ki temeljijo na specifikacijah stroja in pri\u010dakovanih obremenitvah, so bistveni za pravilno izbiro.<\/p>\n<h3>Tesnjenje<\/h3>\n<p>U\u010dinkovito tesnjenje je klju\u010dnega pomena za vzdr\u017eevanje hidravli\u010dnega tlaka in prepre\u010devanje pu\u0161\u010danja. Pri izbiri tesnil je treba dati prednost materialom, ki so odporni proti obrabi in okolju, v katerem delujejo. Zaradi njihove vzdr\u017eljivosti in odpornosti na kemikalije so priporo\u010dljiva visokokakovostna tesnila iz poliuretana ali nitrilne gume. Pravilna zasnova tesnila pomembno prispeva k splo\u0161ni zanesljivosti in dolgi \u017eivljenjski dobi valja.<\/p>\n<h3>Vzdr\u017eljivost<\/h3>\n<p>Vzdr\u017eljivost je bistvenega pomena za cilindre roke, zlasti pri zahtevnih aplikacijah. Uporabljeni materiali morajo biti odporni proti obrabi in koroziji, kar zagotavlja, da lahko valj prenese obremenitve intenzivne uporabe. Redni pregledi in vzdr\u017eevanje lahko pomagajo zgodaj prepoznati znake obrabe in podalj\u0161ati \u017eivljenjsko dobo izdelka. Vlaganje v visokokakovostne materiale in gradbene tehnike lahko ubla\u017ei te\u017eave, povezane s pogostimi zamenjavami in izpadi.<\/p>\n<h3>Varnost<\/h3>\n<p>V zasnovo morajo biti vklju\u010dene varnostne funkcije za za\u0161\u010dito upravljavcev in strojev. To vklju\u010duje vgradnjo varnostnih ventilov in zagotavljanje varnega delovanja jeklenke v ekstremnih pogojih. Redni varnostni pregledi in upo\u0161tevanje varnostnih protokolov so potrebni za zmanj\u0161anje tveganj, povezanih s hidravli\u010dnimi okvarami.<\/p>\n<h3>Vzdr\u017eevanje<\/h3>\n<p>Pri izbiri cilindra roke bi moralo biti vzdr\u017eevanje glavni dejavnik. Zasnova, ki omogo\u010da enostaven dostop do komponent za mazanje, pregled in popravilo, lahko prihrani \u010das in stro\u0161ke. Izvajanje preventivnega na\u010drta vzdr\u017eevanja lahko pove\u010da zanesljivost cilindra in zagotovi njegovo u\u010dinkovito delovanje skozi celotno \u017eivljenjsko dobo.<\/p>\n<p><img decoding=\"async\" src=\"https:\/\/www.hydraulic-cylinders.net\/wp-content\/uploads\/2025\/04\/songte-oil-pipes-and-spare-parts.webp\" alt=\"Slika hidravli\u010dnih delov\"><\/p>\n<h2>Tesnjenje in mazanje<\/h2>\n<p>Pravilno tesnjenje je klju\u010dnega pomena v hidravli\u010dnih sistemih. Razli\u010dna tesnila, kot so tesnila bata in ojnice, prepre\u010dujejo pu\u0161\u010danje hidravli\u010dne teko\u010dine in vzdr\u017eujejo tlak v valju. Tesnila morajo biti izdelana iz trpe\u017enih materialov, kot sta poliuretan ali nitrilna guma, da prenesejo obrabo in okoljske pogoje. Poleg tega morajo biti ohi\u0161je valja in navojne kon\u010dne povr\u0161ine fino obdelane, da se pove\u010da odpornost proti obrabi. Redno mazanje z ustreznim hidravli\u010dnim oljem je potrebno za zmanj\u0161anje trenja in izbolj\u0161anje delovanja. To ne le podalj\u0161a \u017eivljenjsko dobo tesnil, temve\u010d zagotavlja tudi nemoteno delovanje hidravli\u010dnega sistema.<\/p>\n<h2>Redni pregledi in preventivno vzdr\u017eevanje<\/h2>\n<ul>\n<li><strong>Redni pregledi:<\/strong> Na\u010drtujte rutinske preglede, da odkrijete morebitne znake obrabe ali po\u0161kodb. Ta proaktivni pristop lahko pomaga odkriti te\u017eave zgodaj, preden se stopnjujejo v resne te\u017eave.<\/li>\n<li><strong>Ustrezno mazanje:<\/strong> Za optimalno delovanje zagotovite, da je raven hidravli\u010dnega olja pravilna in da je ustrezne vrste. Redno preverjajte in po potrebi menjajte olje, da se izognete te\u017eavam, povezanim z okvaro mazanja.<\/li>\n<li><strong>Zamenjava tesnila:<\/strong> Spremljajte obrabo tesnil in jih po potrebi zamenjajte, da prepre\u010dite pu\u0161\u010danje in ohranite tlak v sistemu. Redni pregledi tesnil so bistveni za dolgo \u017eivljenjsko dobo hidravli\u010dnega cilindra.<\/li>\n<\/ul>\n<h2>Navodila za namestitev<\/h2>\n<p>Pravilna namestitev cilindra roke je klju\u010dnega pomena za optimalno delovanje. Najprej zagotovite, da je valj pravilno poravnan z nosilci, saj lahko nepravilna poravnava povzro\u010di prekomerno obrabo in morebitno okvaro. Za pritrditev cilindra uporabite ustrezno monta\u017eno opremo in se izogibajte premo\u010dnemu zategovanju, ki bi lahko po\u0161kodovalo komponente. Upo\u0161tevajte specifikacije proizvajalca za hidravli\u010dne priklju\u010dke in se prepri\u010dajte, da so vsi priklju\u010dki tesni, da prepre\u010dite pu\u0161\u010danje. Po namestitvi izvedite poskusni zagon, da preverite morebitne nepravilnosti v delovanju. Med prvim delovanjem redno spremljajte valj, da zagotovite pravilno in varno delovanje.<\/p>\n<h2>Pogosta vzdr\u017eevalna opravila<\/h2>\n<h3>Redni pregledi<\/h3>\n<p>Redni pregledi so bistvenega pomena za odkrivanje morebitnih te\u017eav, preden postanejo resne. Preverite znake pu\u0161\u010danja, obrabe in splo\u0161no delovanje. Vizualni pregled lahko pogosto razkrije te\u017eave, ki jih je treba odpraviti. Dokumentiranje ugotovitev in njihovo pravo\u010dasno odpravljanje lahko pomagata ohranjati operativno u\u010dinkovitost.<\/p>\n<h3>Ustrezno mazanje<\/h3>\n<p>Redno mazanje hidravli\u010dnega sistema je klju\u010dnega pomena za zmanj\u0161anje trenja in obrabe. Uporabljajte priporo\u010deno hidravli\u010dno olje in zagotovite, da so vsi gibljivi deli ustrezno maziva. Ta praksa ne le podalj\u0161a \u017eivljenjsko dobo komponent, temve\u010d tudi izbolj\u0161a splo\u0161no delovanje sistema. Vzpostavitev urnika mazanja lahko pomaga ohranjati doslednost pri tej nalogi.<\/p>\n<h3>Zamenjava tesnila<\/h3>\n<p>Zamenjava tesnil kot del rednega vzdr\u017eevanja je klju\u010dnega pomena za prepre\u010devanje pu\u0161\u010danja. Spremljajte stanje tesnil in jih zamenjajte, preden se znatno obrabijo. Pravilno vzdr\u017eevanje tesnil zagotavlja, da sistem vzdr\u017euje tlak in deluje pravilno, s \u010dimer se izognemo dragim popravilom, povezanim s hidravli\u010dnimi okvarami.<\/p>\n<p><img decoding=\"async\" src=\"https:\/\/www.hydraulic-cylinders.net\/wp-content\/uploads\/2025\/04\/songte-chushion-collar.webp\" alt=\"Slika ovratnika z blazino\"><\/p>\n<h2>Varnostni vidiki in okoljski dejavniki<\/h2>\n<p>Pri delu s hidravli\u010dnimi sistemi so varnostni ukrepi najpomembnej\u0161i. Upravljavci morajo biti usposobljeni za varno uporabo opreme in se zavedati morebitnih nevarnosti, povezanih s hidravli\u010dnimi okvarami. Za zmanj\u0161anje tveganj med delovanjem in vzdr\u017eevanjem je treba uporabljati osebno za\u0161\u010ditno opremo (OZO). Poleg tega je treba upo\u0161tevati okoljske vidike, s poudarkom na pravilnem ravnanju s hidravli\u010dnimi teko\u010dinami in materiali ter njihovem odstranjevanju, da se prepre\u010di kontaminacija in zagotovi skladnost z okoljskimi predpisi.<\/p>\n<h2>Odpravljanje te\u017eav in pogoste te\u017eave<\/h2>\n<ul>\n<li><strong>Pu\u0161\u010danje:<\/strong> Pogosto je vzrok obrabljena tesnila ali nepravilna namestitev. Preverite tesnila in priklju\u010dke ter jih po potrebi zamenjajte.<\/li>\n<li><strong>Nizek tlak:<\/strong> Lahko ka\u017ee na pu\u0161\u010danje v sistemu, premalo hidravli\u010dne teko\u010dine ali te\u017eave s \u010drpalko. Sistem temeljito preglejte, da ugotovite vir te\u017eave.<\/li>\n<li><strong>Neodzivni valj:<\/strong> To je lahko posledica zraka, ujetega v hidravli\u010dnih ceveh, nizke ravni teko\u010dine ali blokad. Odzra\u010dite sistem, preverite raven teko\u010dine in odstranite morebitne ovire.<\/li>\n<\/ul>\n<h2>Nasveti za odpravljanje te\u017eav<\/h2>\n<p>Pri diagnosticiranju te\u017eav za\u010dnite s pregledom obratovalnih parametrov in preverite morebitne vidne po\u0161kodbe. Preverjanje ravni in kakovosti teko\u010din lahko pogosto razkrije vzrok okvar. Pri odpravljanju te\u017eav uporabljajte sistemati\u010den pristop, dokumentirajte ugotovitve in sprejete ukrepe, da ustvarite celovito zgodovino vzdr\u017eevanja. Preventivni ukrepi, kot sta redno vzdr\u017eevanje in pregledi sistema, lahko znatno zmanj\u0161ajo verjetnost prihodnjih te\u017eav.<\/p>\n<p><img decoding=\"async\" src=\"https:\/\/www.hydraulic-cylinders.net\/wp-content\/uploads\/2025\/04\/songte-bushings-with-all-kinds-of-excavator-models.webp\" alt=\"Slika pu\u0161e bagra\"><\/p>\n<h2>Pregled podjetja<\/h2>\n<p>Smo vodilni proizvajalec nadomestnih hidravli\u010dnih cilindrov, ki ponuja \u0161iroko paleto izdelkov tako za doma\u010di kot mednarodni trg. Na\u0161o zavezanost odli\u010dnosti v kakovosti podpirajo na\u0161e natan\u010dne proizvodne strategije in napredni sistemi upravljanja proizvodnje. Z usposobljenim tehni\u010dnim osebjem in najsodobnej\u0161o digitalno proizvodno opremo nenehno izbolj\u0161ujemo na\u0161e proizvodne platforme za izbolj\u0161anje kakovosti izdelkov. Na\u0161e zmogljivosti nam omogo\u010dajo, da u\u010dinkovito in natan\u010dno izpolnjujemo raznolike zahteve strank ter zagotavljamo visoko raven zadovoljstva strank.<\/p>\n<p>Na\u0161a profesionalnost se odra\u017ea v mednarodnih certifikatih in storitvah po meri, ki jih ponujamo. Uporabljamo najsodobnej\u0161o proizvodno opremo in vzdr\u017eujemo robustno poprodajno podporo za re\u0161evanje povpra\u0161evanj in pomislekov strank. Z na\u0161o predanostjo kakovosti in storitvam si prizadevamo biti prednostna izbira za hidravli\u010dne cilindre v panogi.<\/p>\n<p><img decoding=\"async\" src=\"https:\/\/www.hydraulic-cylinders.net\/wp-content\/uploads\/2025\/04\/songte-company-4.webp\" alt=\"Slika podjetja\"><br \/>\n<img decoding=\"async\" src=\"https:\/\/www.hydraulic-cylinders.net\/wp-content\/uploads\/2025\/04\/songte-company-3.webp\" alt=\"Slika podjetja\"><\/p>\n<p>Avtor: lyl<\/p>","protected":false},"excerpt":{"rendered":"<p>Boom Cylinder For Bobcat Small Excavator E85 Product Overview The Boom Cylinder for Bobcat Small Excavator E85 is a vital hydraulic component that plays a crucial role in the performance of heavy machinery. This hydraulic cylinder is specifically designed to control the movement of the boom in excavators, backhoes, and front loaders. It enables the [&hellip;]<\/p>","protected":false},"featured_media":17875,"comment_status":"open","ping_status":"closed","template":"","meta":{"_et_pb_use_builder":"","_et_pb_old_content":"","_et_gb_content_width":""},"product_brand":[],"product_cat":[1546],"product_tag":[1547,1496],"class_list":{"0":"post-19415","1":"product","2":"type-product","3":"status-publish","4":"has-post-thumbnail","6":"product_cat-boom-cylinders","7":"product_tag-boom-cylinders","8":"product_tag-hydraulic-cylinders","10":"first","11":"instock","12":"shipping-taxable","13":"product-type-simple"},"amp_enabled":true,"_links":{"self":[{"href":"https:\/\/www.hydraulic-cylinders.net\/sl\/wp-json\/wp\/v2\/product\/19415","targetHints":{"allow":["GET"]}}],"collection":[{"href":"https:\/\/www.hydraulic-cylinders.net\/sl\/wp-json\/wp\/v2\/product"}],"about":[{"href":"https:\/\/www.hydraulic-cylinders.net\/sl\/wp-json\/wp\/v2\/types\/product"}],"replies":[{"embeddable":true,"href":"https:\/\/www.hydraulic-cylinders.net\/sl\/wp-json\/wp\/v2\/comments?post=19415"}],"wp:featuredmedia":[{"embeddable":true,"href":"https:\/\/www.hydraulic-cylinders.net\/sl\/wp-json\/wp\/v2\/media\/17875"}],"wp:attachment":[{"href":"https:\/\/www.hydraulic-cylinders.net\/sl\/wp-json\/wp\/v2\/media?parent=19415"}],"wp:term":[{"taxonomy":"product_brand","embeddable":true,"href":"https:\/\/www.hydraulic-cylinders.net\/sl\/wp-json\/wp\/v2\/product_brand?post=19415"},{"taxonomy":"product_cat","embeddable":true,"href":"https:\/\/www.hydraulic-cylinders.net\/sl\/wp-json\/wp\/v2\/product_cat?post=19415"},{"taxonomy":"product_tag","embeddable":true,"href":"https:\/\/www.hydraulic-cylinders.net\/sl\/wp-json\/wp\/v2\/product_tag?post=19415"}],"curies":[{"name":"delovni list","href":"https:\/\/api.w.org\/{rel}","templated":true}]}}