{"id":19439,"date":"2025-04-07T06:47:35","date_gmt":"2025-04-07T06:47:35","guid":{"rendered":"https:\/\/www.hydraulic-cylinders.net\/product\/boom-cylinder-for-case-small-excavator-cx58c\/"},"modified":"2025-04-07T06:47:38","modified_gmt":"2025-04-07T06:47:38","slug":"boom-cylinder-for-case-small-excavator-cx58c","status":"publish","type":"product","link":"https:\/\/www.hydraulic-cylinders.net\/sl\/izdelek\/boom-cylinder-for-case-small-excavator-cx58c\/","title":{"rendered":"Cilinder roke za majhen bager CX58C"},"content":{"rendered":"<h1>Cilinder roke za majhen bager CX58C<\/h1>\n<h2>Razumevanje cilindrov roke<\/h2>\n<p>Cilinder roke je klju\u010dna hidravli\u010dna komponenta, zasnovana posebej za nadzor gibanja \u017elic v te\u017ekih strojih, kot so bagri, bagri in \u010delni nakladalniki. Ta hidravli\u010dni cilinder omogo\u010da dvigovanje, spu\u0161\u010danje in nagibanje \u017elice, kar omogo\u010da u\u010dinkovito ravnanje z materiali. Kot specializirana hidravli\u010dna naprava igra klju\u010dno vlogo pri zagotavljanju nemotenega delovanja teh strojev, saj jim omogo\u010da u\u010dinkovito opravljanje nalog, kot so kopanje, dvigovanje in prevoz materialov.<\/p>\n<p><img decoding=\"async\" src=\"https:\/\/www.hydraulic-cylinders.net\/wp-content\/uploads\/2025\/04\/songte-company-1.webp\" alt=\"Hidravli\u010dni cilinder\"><\/p>\n<h3>Definicija in pregled<\/h3>\n<p>Valj \u017elice je vrsta hidravli\u010dnega cilindra, ki deluje v hidravli\u010dnem sistemu in pretvarja hidravli\u010dno energijo v mehansko silo. \u0160e posebej je pomemben pri gradbeni opremi in kmetijskih strojih, kjer neposredno vpliva na delovanje in u\u010dinkovitost delovanja. Sposobnost cilindra, da zagotavlja nadzorovano gibanje, je klju\u010dnega pomena, saj zagotavlja natan\u010dnost in mo\u010d med dvigovanjem in kopanjem. Celostna zasnova tega hidravli\u010dnega sistema ne le pove\u010da produktivnost, temve\u010d prispeva tudi k splo\u0161ni varnosti in u\u010dinkovitosti te\u017eke mehanizacije.<\/p>\n<h2>Klju\u010dne zna\u010dilnosti cilindra roke<\/h2>\n<ul>\n<li><strong>Visoka trdnost in vzdr\u017eljivost:<\/strong> Cilinder roke je izdelan iz visoko trdnega jekla ali aluminija in je zasnovan tako, da prenese visoke tlake in velike obremenitve, zaradi \u010desar je idealen za zahtevna delovna okolja. Njegova konstrukcija upo\u0161teva odpornost proti obrabi in koroziji, kar mo\u010dno podalj\u0161a njegovo obratovalno \u017eivljenjsko dobo.<\/li>\n<li><strong>U\u010dinkovito hidravli\u010dno delovanje:<\/strong> Z uporabo hidravli\u010dnega tlaka olja za gladko iztegovanje in vstavljanje se ta valj hitro odziva na krmilne ukaze ter zagotavlja mo\u010dne potisne in vle\u010dne sile, primerne za dvigovanje te\u017ekih bremen in kompleksna opravila.<\/li>\n<li><strong>Razli\u010dne vrste na voljo:<\/strong> Glede na potrebe lahko uporabniki izberejo enosmerne (delujejo v eno smer) ali dvojne (delujejo v obe smeri) cilindre. Nekateri modeli so teleskopski, kar omogo\u010da ve\u010dji razteg brez pove\u010danja zunanjih dimenzij, kar je idealno za aplikacije z omejenim prostorom.<\/li>\n<li><strong>Prilagodljive re\u0161itve:<\/strong> Ta izdelek izdelujemo natan\u010dno, kar zagotavlja, da lahko na\u0161i cilindri popolnoma nadomestijo obstoje\u010de hidravli\u010dne cilindre, ki se uporabljajo v razli\u010dnih strojih.<\/li>\n<li><strong>Napredna tehnologija oblikovanja:<\/strong> Na\u0161i cilindri roke so zasnovani z najsodobnej\u0161o tehnologijo, ki zagotavlja zdru\u017eljivost z razli\u010dnimi modeli bagrov, kar optimizira zmogljivost in zanesljivost.<\/li>\n<\/ul>\n<p><img decoding=\"async\" src=\"https:\/\/www.hydraulic-cylinders.net\/wp-content\/uploads\/2025\/04\/songte-cylinder-head-with-all-kinds-excavator-models.webp\" alt=\"Modeli bagrov\"><\/p>\n<h2>Uporaba cilindra roke<\/h2>\n<h3>Gradbena oprema<\/h3>\n<p>Pri bagrih so cilindri roke klju\u010dni za kopanje, nakladanje in premikanje zemlje ali ru\u0161evin. Omogo\u010dajo natan\u010dno premikanje \u017elice, kar pove\u010duje produktivnost na gradbi\u0161\u010dih. Nadzor, ki ga zagotavlja cilinder roke, poenostavlja naloge upravljavca in omogo\u010da u\u010dinkovito izkopavanje in ravnanje z materialom.<\/p>\n<h3>Kmetijska mehanizacija<\/h3>\n<p>Pri \u010delnih nakladalnikih se cilindri roke uporabljajo za zajemanje, dvigovanje in prevoz materialov, kot so zemlja, seno in drugi kmetijski pridelki. Njihova robustna zasnova zagotavlja, da se spopadajo z zahtevno naravo kmetijskih del, kar kmetom omogo\u010da u\u010dinkovito upravljanje njihovih nalog.<\/p>\n<h3>Izkopavanja<\/h3>\n<p>Bagri se pri kopanju mo\u010dno zana\u0161ajo na cilindre roke. Ker omogo\u010da \u017elici, da u\u010dinkovito prodre v zemljo, valj omogo\u010da globlje in u\u010dinkovitej\u0161e izkope, kar je bistveno za razli\u010dne gradbene in krajinske projekte.<\/p>\n<h3>Uporaba nakladalnika<\/h3>\n<p>Pri \u010delnih nakladalnikih cilindri roke pomagajo pri u\u010dinkovitem dvigovanju in razkladanju tovora. Njihova zasnova zagotavlja dvigovanje in nagibanje te\u017ekih materialov, kar omogo\u010da u\u010dinkovito razkladanje, s \u010dimer se pove\u010da produktivnost in zmanj\u0161a \u010das, porabljen za opravila.<\/p>\n<h2>Oblikovalski vidiki in izbirna merila<\/h2>\n<h3>Nosilnost<\/h3>\n<p>Pri izbiri cilindra roke je klju\u010dnega pomena upo\u0161tevati njegovo nosilnost. Cilinder mora biti sposoben prenesti najve\u010djo te\u017eo bremena, ki ga bo dvignil ali premaknil, brez tveganja okvare. Preobremenitev cilindra lahko povzro\u010di katastrofalne okvare in nesre\u010de, zato je nujno izbrati valj, ki presega pri\u010dakovane zahteve glede obremenitve.<\/p>\n<h3>Tesnilni sistemi<\/h3>\n<p>Za prepre\u010devanje pu\u0161\u010danja hidravli\u010dne teko\u010dine in zagotavljanje optimalnega delovanja je potreben zanesljiv tesnilni sistem. Primerna tesnila je treba izbrati glede na delovno okolje, pri \u010demer so na voljo mo\u017enosti, kot sta poliuretan in nitrilna guma, zaradi svoje vzdr\u017eljivosti in odpornosti proti obrabi. Kakovostno tesnjenje pomembno vpliva na u\u010dinkovitost in dolgo \u017eivljenjsko dobo valja.<\/p>\n<h3>Vzdr\u017eljivost<\/h3>\n<p>Vzdr\u017eljivost je klju\u010dni dejavnik pri izbiri hidravli\u010dnih cilindrov. Materiali, uporabljeni v konstrukciji, morajo biti odporni proti obrabi in koroziji, zlasti v okoljih, izpostavljenih te\u017ekim razmeram. Visoko trdni materiali v kombinaciji z za\u0161\u010ditnimi premazi lahko podalj\u0161ajo \u017eivljenjsko dobo cilindra in zagotovijo, da prenese redno uporabo brez poslab\u0161anja.<\/p>\n<h3>Varnostne funkcije<\/h3>\n<p>Varnost je pri zasnovi hidravli\u010dnih cilindrov najpomembnej\u0161a. Vklju\u010ditev funkcij, kot so tla\u010dni varnostni ventili in mehanizmi za za\u0161\u010dito pred preobremenitvijo, lahko prepre\u010di nesre\u010de in okvare opreme. Bistveno je zagotoviti, da so te funkcije vklju\u010dene v zasnovo, da se zagotovi varno delovanje na terenu.<\/p>\n<h3>Dostopnost vzdr\u017eevanja<\/h3>\n<p>Zasnova hidravli\u010dnega cilindra z mislijo na dostopnost za vzdr\u017eevanje lahko znatno olaj\u0161a postopek vzdr\u017eevanja. Funkcije, ki omogo\u010dajo enostaven pregled, \u010di\u0161\u010denje in zamenjavo delov, lahko prihranijo \u010das in zmanj\u0161ajo stro\u0161ke, povezane z dalj\u0161imi izpadi. \u200b\u200bZagotavljanje dostopnosti vseh komponent bo olaj\u0161alo redne vzdr\u017eevalne preglede.<\/p>\n<p><img decoding=\"async\" src=\"https:\/\/www.hydraulic-cylinders.net\/wp-content\/uploads\/2025\/04\/songte-oil-pipes-and-spare-parts.webp\" alt=\"Hidravli\u010dni deli\"><\/p>\n<h2>Tesnjenje in mazanje<\/h2>\n<p>U\u010dinkovitost hidravli\u010dnega sistema je mo\u010dno odvisna od njegovega tesnjenja in mazanja. V cilindru roke je treba uporabiti razli\u010dna tesnila, vklju\u010dno s tesnili bata in ojnice. Tesnila iz trpe\u017enih materialov, kot sta poliuretan in nitrilna guma, pove\u010dajo odpornost proti obrabi in dolgo \u017eivljenjsko dobo. Poleg tega je treba ohi\u0161je cilindra in navojne kon\u010dne povr\u0161ine fino obdelati, da se izbolj\u0161a odpornost proti obrabi.<\/p>\n<p>Redno mazanje je klju\u010dnega pomena za ohranjanje optimalnih delovnih pogojev. Hidravli\u010dno olje je treba redno dodajati, da se zagotovi nemoteno delovanje in prepre\u010di obraba. Pravilno mazanje zmanj\u0161uje trenje in nastajanje toplote, ki lahko s\u010dasoma po\u0161kodujeta notranje komponente.<\/p>\n<h2>Redni pregledi in preventivni vzdr\u017eevalni ukrepi<\/h2>\n<ul>\n<li><strong>Rutinski pregledi:<\/strong> Redno pregledujte cilindre roke, da odkrijete morebitne znake obrabe ali po\u0161kodb. Preverite pu\u0161\u010danja in se prepri\u010dajte, da vsa tesnila delujejo pravilno.<\/li>\n<li><strong>Pravilno mazanje:<\/strong> Vzdr\u017eujte urnik mazanja cilindra, da prepre\u010dite obrabo in zagotovite u\u010dinkovito delovanje. Preverite nivo hidravli\u010dnega olja in ga po potrebi dolijte.<\/li>\n<li><strong>Zamenjava tesnila:<\/strong> Redno spremljajte stanje tesnil. Obrabljena ali po\u0161kodovana tesnila nemudoma zamenjajte, da prepre\u010dite pu\u0161\u010danje in izgubo hidravli\u010dnega tlaka.<\/li>\n<\/ul>\n<h2>Navodila za namestitev<\/h2>\n<p>Pravilna namestitev cilindra roke je klju\u010dnega pomena za optimalno delovanje. Najprej zagotovite, da so monta\u017ene povr\u0161ine \u010diste in brez umazanije. Cilinder pravilno poravnajte z obstoje\u010dimi priklju\u010dki, da se izognete te\u017eavam z neporavnanostjo, ki bi lahko povzro\u010dile prezgodnjo obrabo ali okvaro. Za pritrditev cilindra uporabite ustrezne monta\u017ene nosilce in zagotovite, da je med delovanjem ustrezno podprt.<\/p>\n<p>Pri priklju\u010devanju hidravli\u010dnih cevi se prepri\u010dajte, da niso prepognjene ali prepognjene, kar bi lahko oviralo pretok teko\u010dine. Preverite tesnost vseh priklju\u010dkov, da prepre\u010dite pu\u0161\u010danje. Po namestitvi izvedite poskusni zagon, da se prepri\u010date, da valj deluje gladko in da ni pu\u0161\u010danja ali nenavadnih zvokov.<\/p>\n<h2>Pogosta vzdr\u017eevalna opravila<\/h2>\n<ul>\n<li><strong>Redni pregledi:<\/strong> Preglede je treba izvajati v na\u010drtovanih intervalih, da se zgodaj odkrijejo morebitne te\u017eave. Bodite pozorni na znake obrabe, pu\u0161\u010danja ali nepravilne poravnave in jih nemudoma odpravite, da prepre\u010dite draga popravila.<\/li>\n<li><strong>Ustrezno mazanje:<\/strong> Za optimalno delovanje zagotovite ustrezno mazanje hidravli\u010dnega sistema. Redno preverjajte nivo olja in po potrebi dolijte hidravli\u010dno teko\u010dino, da zagotovite nemoteno delovanje.<\/li>\n<li><strong>Zamenjava in kalibracija tesnila:<\/strong> Redno ocenjujte stanje tesnil in jih po potrebi zamenjajte. Preverjanje kalibracije bo zagotovilo delovanje sistema znotraj varnih parametrov, prepre\u010dilo preobremenitve in morebitne okvare.<\/li>\n<\/ul>\n<h2>Varnostni vidiki in okoljski dejavniki<\/h2>\n<p>Pri uporabi hidravli\u010dnih cilindrov je klju\u010dnega pomena izvajanje varnostnih ukrepov za za\u0161\u010dito upravljavcev in opreme. Ustrezno usposabljanje za upravljanje in vzdr\u017eevanje hidravli\u010dnih sistemov je bistvenega pomena za zmanj\u0161anje nesre\u010d. Vedno upo\u0161tevajte navodila proizvajalca glede omejitev obremenitve in operativnih postopkov.<\/p>\n<p>Okoljski dejavniki igrajo pomembno vlogo tudi pri \u017eivljenjski dobi hidravli\u010dnih sistemov. Zagotovite, da je delovno okolje brez onesna\u017eevalcev in da se hidravli\u010dne teko\u010dine pravilno odstranijo, da se \u010dim bolj zmanj\u0161a vpliv na okolje.<\/p>\n<h2>Odpravljanje te\u017eav in pogoste te\u017eave<\/h2>\n<ul>\n<li><strong>Pu\u0161\u010danje:<\/strong> Pu\u0161\u010danje lahko izvira iz obrabljenih tesnil ali po\u0161kodovanih komponent. Redno je treba preverjati, da se pu\u0161\u010danja zgodaj odkrijejo in po\u0161kodovane dele zamenja.<\/li>\n<li><strong>Nedosledno delovanje:<\/strong> \u010ce se valj roke ne izteguje ali vklaplja gladko, to lahko ka\u017ee na nizko raven hidravli\u010dne teko\u010dine ali zrak v sistemu. Preverite raven teko\u010dine in po potrebi odzra\u010dite sistem.<\/li>\n<li><strong>\u010cudni zvoki:<\/strong> Nenavadni zvoki med delovanjem lahko ka\u017eejo na notranje po\u0161kodbe ali pomanjkanje mazanja. Prei\u0161\u010dite vir hrupa in nemudoma odpravite morebitne te\u017eave.<\/li>\n<\/ul>\n<h2>Nasveti za odpravljanje te\u017eav<\/h2>\n<p>Za u\u010dinkovito diagnosticiranje te\u017eav z valjem roke najprej preverite vidne znake po\u0161kodb ali obrabe. Prepri\u010dajte se, da je raven hidravli\u010dne teko\u010dine ustrezna in da v hidravli\u010dnih ceveh ni blokad. \u010ce pride do pu\u0161\u010danja, ugotovite njihov vir in po potrebi zamenjajte po\u0161kodovana tesnila ali komponente. Redno vzdr\u017eevanje lahko pomaga prepre\u010diti \u0161tevilne pogoste te\u017eave, s \u010dimer podalj\u0161a \u017eivljenjsko dobo hidravli\u010dnega valja in zagotovi zanesljivo delovanje.<\/p>\n<p><img decoding=\"async\" src=\"https:\/\/www.hydraulic-cylinders.net\/wp-content\/uploads\/2025\/04\/songte-bushings-with-all-kinds-of-excavator-models.webp\" alt=\"Pu\u0161e za bagre\"><\/p>\n<h2>O na\u0161em podjetju<\/h2>\n<p>Smo vodilni proizvajalec nadomestnih hidravli\u010dnih cilindrov in ponujamo \u0161iroko paleto izdelkov. Na\u0161a zavezanost odli\u010dnosti nas je postavila med pomembne akterje tako na doma\u010dem kot na mednarodnem trgu. Dr\u017eimo se visokih standardov kakovosti in v na\u0161ih natan\u010dno ugla\u0161enih proizvodnih delavnicah uporabljamo strategijo industrijskega upravljanja proizvodnje. Na\u0161e podjetje nenehno izbolj\u0161uje svoje proizvodne zmogljivosti z usposobljenim osebjem, napredno digitalno proizvodno opremo in profesionalnimi sistemi testiranja.<\/p>\n<p>Ponosni smo na svojo sposobnost zagotavljanja prilagojenih re\u0161itev, ki zadovoljujejo raznolike potrebe strank. Na\u0161a osredoto\u010denost na visoko u\u010dinkovitost, natan\u010dnost in kakovost zagotavlja, da izpolnjujemo in presegamo zahteve trga. Z mo\u010dno ustvarjalno sposobnostjo smo predani zagotavljanju izdelkov, ki izbolj\u0161ujejo zmogljivost in zanesljivost.<\/p>\n<p><img decoding=\"async\" src=\"https:\/\/www.hydraulic-cylinders.net\/wp-content\/uploads\/2025\/04\/songte-company-4.webp\" alt=\"Pregled podjetja\"><br \/>\n<img decoding=\"async\" src=\"https:\/\/www.hydraulic-cylinders.net\/wp-content\/uploads\/2025\/04\/songte-company-3.webp\" alt=\"Proizvodni obrati\"><\/p>\n<p>Avtor: lyl<\/p>","protected":false},"excerpt":{"rendered":"<p>Boom Cylinder For Case Small Excavator CX58C Understanding Boom Cylinders The Boom Cylinder is a vital hydraulic component designed specifically for controlling the movement of buckets in heavy machinery such as excavators, backhoes, and front loaders. This hydraulic cylinder allows the bucket to lift, lower, and tilt, facilitating efficient material handling operations. As a specialized [&hellip;]<\/p>","protected":false},"featured_media":17868,"comment_status":"open","ping_status":"closed","template":"","meta":{"_et_pb_use_builder":"","_et_pb_old_content":"","_et_gb_content_width":""},"product_brand":[],"product_cat":[1546],"product_tag":[1547,1496],"class_list":{"0":"post-19439","1":"product","2":"type-product","3":"status-publish","4":"has-post-thumbnail","6":"product_cat-boom-cylinders","7":"product_tag-boom-cylinders","8":"product_tag-hydraulic-cylinders","10":"first","11":"instock","12":"shipping-taxable","13":"product-type-simple"},"amp_enabled":true,"_links":{"self":[{"href":"https:\/\/www.hydraulic-cylinders.net\/sl\/wp-json\/wp\/v2\/product\/19439","targetHints":{"allow":["GET"]}}],"collection":[{"href":"https:\/\/www.hydraulic-cylinders.net\/sl\/wp-json\/wp\/v2\/product"}],"about":[{"href":"https:\/\/www.hydraulic-cylinders.net\/sl\/wp-json\/wp\/v2\/types\/product"}],"replies":[{"embeddable":true,"href":"https:\/\/www.hydraulic-cylinders.net\/sl\/wp-json\/wp\/v2\/comments?post=19439"}],"wp:featuredmedia":[{"embeddable":true,"href":"https:\/\/www.hydraulic-cylinders.net\/sl\/wp-json\/wp\/v2\/media\/17868"}],"wp:attachment":[{"href":"https:\/\/www.hydraulic-cylinders.net\/sl\/wp-json\/wp\/v2\/media?parent=19439"}],"wp:term":[{"taxonomy":"product_brand","embeddable":true,"href":"https:\/\/www.hydraulic-cylinders.net\/sl\/wp-json\/wp\/v2\/product_brand?post=19439"},{"taxonomy":"product_cat","embeddable":true,"href":"https:\/\/www.hydraulic-cylinders.net\/sl\/wp-json\/wp\/v2\/product_cat?post=19439"},{"taxonomy":"product_tag","embeddable":true,"href":"https:\/\/www.hydraulic-cylinders.net\/sl\/wp-json\/wp\/v2\/product_tag?post=19439"}],"curies":[{"name":"delovni list","href":"https:\/\/api.w.org\/{rel}","templated":true}]}}