{"id":19441,"date":"2025-04-07T06:47:41","date_gmt":"2025-04-07T06:47:41","guid":{"rendered":"https:\/\/www.hydraulic-cylinders.net\/product\/boom-cylinder-for-case-small-excavator-cx130b\/"},"modified":"2025-04-07T06:47:44","modified_gmt":"2025-04-07T06:47:44","slug":"boom-cylinder-for-case-small-excavator-cx130b","status":"publish","type":"product","link":"https:\/\/www.hydraulic-cylinders.net\/sl\/izdelek\/boom-cylinder-for-case-small-excavator-cx130b\/","title":{"rendered":"Cilinder roke za majhen bager Case CX130B"},"content":{"rendered":"<h1>Cilinder roke za majhen bager Case CX130B<\/h1>\n<h2>Pregled izdelka<\/h2>\n<p>Hidravli\u010dni cilinder roke za bager Case CX130B je specializiran hidravli\u010dni cilinder, zasnovan za krmiljenje gibanja \u017elice v razli\u010dnih te\u017ekih strojih, kot so bagri, bagri nakladalniki in \u010delni nakladalniki. Ta hidravli\u010dna komponenta omogo\u010da dvigovanje, spu\u0161\u010danje in nagibanje \u017elice, kar omogo\u010da u\u010dinkovito ravnanje z materiali. Cilinder \u017elice igra klju\u010dno vlogo v hidravli\u010dnih sistemih, saj omogo\u010da gladke in natan\u010dne gibe, ki so bistveni za izkopavanja in nakladanja.<\/p>\n<p><img decoding=\"async\" src=\"https:\/\/www.hydraulic-cylinders.net\/wp-content\/uploads\/2025\/04\/songte-company-1.webp\" alt=\"Cilinder roke za bagre\" \/><\/p>\n<h2>Zna\u010dilnosti cilindra roke<\/h2>\n<ul>\n<li><strong>Visoka trdnost in vzdr\u017eljivost:<\/strong> Ta jeklenka, izdelana iz visoko trdnega jekla ali aluminija, je zasnovana tako, da prenese visok tlak in velike obremenitve, zaradi \u010desar je primerna za zahtevna delovna okolja.<\/li>\n<li><strong>U\u010dinkovito hidravli\u010dno delovanje:<\/strong> Uporablja hidravli\u010dni tlak olja za gladko iztegovanje in vstavljanje, kar omogo\u010da hiter odziv na krmilne ukaze in zagotavlja mo\u010dno potisno in vle\u010dno silo.<\/li>\n<li><strong>Razli\u010dne vrste na voljo:<\/strong> Mo\u017enosti za enosmerno delujo\u010de (z uporabo hidravli\u010dnega tlaka v eno smer) ali dvosmerno delujo\u010de (z uporabo hidravli\u010dnega tlaka v obe smeri) cilindre, pri \u010demer so nekateri modeli teleskopski, kar omogo\u010da ve\u010dji razteg brez pove\u010danja zunanjih dimenzij.<\/li>\n<li><strong>Prilagodljive re\u0161itve:<\/strong> Na\u0161e izdelke je mogo\u010de izdelati tako, da popolnoma nadomestijo obstoje\u010de hidravli\u010dne cilindre, kar zagotavlja zdru\u017eljivost z razli\u010dnimi modeli bagrov.<\/li>\n<li><strong>Stro\u0161kovno u\u010dinkovita zasnova:<\/strong> Zasnovan za minimalno vzdr\u017eevanje in optimalno delovanje, kar zmanj\u0161uje skupne obratovalne stro\u0161ke strojev.<\/li>\n<\/ul>\n<p><img decoding=\"async\" src=\"https:\/\/www.hydraulic-cylinders.net\/wp-content\/uploads\/2025\/04\/songte-cylinder-head-with-all-kinds-excavator-models.webp\" alt=\"Modeli cilindrov bagrov\" \/><\/p>\n<h2>Uporaba cilindra roke<\/h2>\n<h3>Gradbena oprema<\/h3>\n<p>V gradbeni mehanizaciji imajo cilindri roke klju\u010dno vlogo pri bagrih, saj omogo\u010dajo kopanje, nakladanje in premikanje zemlje ali ru\u0161evin. Pri bagrih nakladalnikih cilinder \u017elice pomaga pri izkopavanju in dvigovanju, kar spodbuja u\u010dinkovito delovanje na gradbi\u0161\u010dih.<\/p>\n<h3>Kmetijska mehanizacija<\/h3>\n<p>Cilindri roke, ki se uporabljajo v \u010delnih nakladalnikih, olaj\u0161ajo strganje, dvigovanje in prevoz zemlje, sena in drugih materialov. Ta vsestranskost je bistvena za kmetijska dela, ki zahtevajo zanesljivo opremo za ravnanje z materiali.<\/p>\n<h3>Bagri<\/h3>\n<p>Pri bagrih cilinder roke omogo\u010da, da \u017elica u\u010dinkovito prodre v tla, kar omogo\u010da kopanje. Njegova zasnova zagotavlja, da \u017elica ostane stabilna med izvajanjem razli\u010dnih nalog prodiranja v tla.<\/p>\n<h3>Nakladalci<\/h3>\n<p>Pri \u010delnih nakladalnikih cilindri roke pomagajo pri u\u010dinkovitem dvigovanju in odlaganju materialov. Njihova hidravli\u010dna mo\u010d je klju\u010dnega pomena za ravnanje s te\u017ekimi bremeni in pove\u010danje produktivnosti v gradbeni\u0161tvu in kmetijstvu.<\/p>\n<h2>Oblikovalski vidiki in izbirna merila<\/h2>\n<h3>Nosilnost<\/h3>\n<p>Nosilnost cilindra roke je temeljni dejavnik pri na\u010drtovanju. Mora biti sposoben prenesti te\u017eo in sile, ki delujejo med delovanjem. In\u017eenirji ocenijo obremenitve, s katerimi se bo bager soo\u010dil, da dolo\u010dijo ustrezne specifikacije za valj.<\/p>\n<h3>Celovitost tesnila<\/h3>\n<p>Tesnjenje je klju\u010dnega pomena za vzdr\u017eevanje hidravli\u010dnega tlaka in prepre\u010devanje pu\u0161\u010danja teko\u010dine. Izbira visokokakovostnih tesnil, kot so tesnila bata in ojnice, zagotavlja optimalno delovanje in dolgo \u017eivljenjsko dobo hidravli\u010dnega cilindra. Redni pregledi in vzdr\u017eevanje so potrebni za ohranjanje celovitosti tesnila.<\/p>\n<h3>Vzdr\u017eljivost<\/h3>\n<p>Pri zasnovi hidravli\u010dnih cilindrov je vzdr\u017eljivost najpomembnej\u0161a, saj so te komponente izpostavljene visokim obremenitvam in spremenljivim okoljskim pogojem. Materiali in premazi, ki so odporni proti obrabi in koroziji, so bistveni za podalj\u0161anje \u017eivljenjske dobe cilindra roke.<\/p>\n<h3>Varnostne funkcije<\/h3>\n<p>Zasnova za varnost vklju\u010duje integracijo funkcij, ki zmanj\u0161ujejo tveganja med delovanjem. To vklju\u010duje tla\u010dne varnostne ventile, ki prepre\u010dujejo preobremenitev, in robustne pritrdilne to\u010dke za ve\u010djo stabilnost med uporabo.<\/p>\n<h3>Vzdr\u017eevanje<\/h3>\n<p>Dobro zasnovan hidravli\u010dni valj naj bi omogo\u010dal enostavno vzdr\u017eevanje. To vklju\u010duje dostopne mazalne to\u010dke, preproste postopke zamenjave tesnil ter jasne smernice za pregled in servisiranje, da se zagotovi stalna operativna u\u010dinkovitost.<\/p>\n<p><img decoding=\"async\" src=\"https:\/\/www.hydraulic-cylinders.net\/wp-content\/uploads\/2025\/04\/songte-oil-pipes-and-spare-parts.webp\" alt=\"Hidravli\u010dni deli in dodatki\" \/><\/p>\n<h2>Tesnjenje in mazanje<\/h2>\n<p>Tesnjenje in mazanje cilindrov roke sta klju\u010dnega pomena za njihovo u\u010dinkovitost in dolgo \u017eivljenjsko dobo. Pogosto se uporabljajo razli\u010dne tesnilne komponente, kot so tesnila bata in ojnice. Izbira materialov, kot sta poliuretan in nitrilna guma, je klju\u010dnega pomena za njihovo odpornost proti obrabi. Poleg tega temeljita povr\u0161inska obdelava telesa cilindra in navojnih koncev pove\u010da vzdr\u017eljivost proti obrabi. Redno mazanje s hidravli\u010dnim oljem je potrebno za nemoteno delovanje in prepre\u010devanje prezgodnje obrabe notranjih komponent.<\/p>\n<h2>Preventivni vzdr\u017eevalni ukrepi<\/h2>\n<ul>\n<li><strong>Redni pregledi:<\/strong> Redno je treba izvajati vizualne in funkcionalne preglede, da se odkrijejo morebitni znaki obrabe, pu\u0161\u010danja ali po\u0161kodb. Zgodnje odkrivanje pomaga pri re\u0161evanju morebitnih te\u017eav, preden se stopnjujejo.<\/li>\n<li><strong>Pravilno mazanje:<\/strong> Zagotavljanje ustreznega mazanja hidravli\u010dnega cilindra z ustreznim hidravli\u010dnim oljem zmanj\u0161a trenje in obrabo, kar podalj\u0161a \u017eivljenjsko dobo cilindra.<\/li>\n<li><strong>Zamenjava tesnila:<\/strong> Tesnila je treba redno pregledovati, vsa obrabljena ali po\u0161kodovana tesnila pa je treba nemudoma zamenjati, da se prepre\u010di pu\u0161\u010danje in ohrani hidravli\u010dni tlak.<\/li>\n<\/ul>\n<h2>Navodila za namestitev<\/h2>\n<p>Pravilna namestitev cilindra roke je klju\u010dnega pomena za optimalno delovanje. Najprej zagotovite, da je valj pravilno poravnan z nosilci. Za pritrditev cilindra uporabite ustrezna orodja za namestitev in preverite, ali so vsi priklju\u010dki priviti v skladu s specifikacijami proizvajalca. Pomembno je preveriti morebitne ovire, ki bi lahko ovirale gibanje cilindra med delovanjem. Po namestitvi preizkusite hidravli\u010dni sistem, da zagotovite nemoteno delovanje cilindra brez pu\u0161\u010danja ali nepravilnosti.<\/p>\n<h2>Vzdr\u017eevalna opravila<\/h2>\n<ul>\n<li><strong>Redni pregledi:<\/strong> Redno preverjajte hidravli\u010dni sistem, da zgodaj odkrijete morebitne te\u017eave.<\/li>\n<li><strong>Ustrezno mazanje:<\/strong> Za ohranitev delovanja zagotovite, da je valj mazan v skladu s priporo\u010dili proizvajalca.<\/li>\n<li><strong>Zamenjava tesnila:<\/strong> Spremljajte stanje tesnil in jih po potrebi zamenjajte, da prepre\u010dite pu\u0161\u010danje in ohranite hidravli\u010dni tlak.<\/li>\n<\/ul>\n<h2>Varnostni vidiki in okoljski dejavniki<\/h2>\n<p>Varnostni ukrepi so pri delu s hidravli\u010dnimi sistemi najpomembnej\u0161i. Upravljavci morajo biti usposobljeni za pravilne postopke ravnanja, da se zmanj\u0161a tveganje med delovanjem. Poleg tega je treba pozornost nameniti okoljskim dejavnikom, kot je prepre\u010devanje pu\u0161\u010danja hidravli\u010dne teko\u010dine, ki lahko \u0161kodljivo vpliva na okoli\u0161ki ekosistem.<\/p>\n<h2>Odpravljanje te\u017eav in pogoste te\u017eave<\/h2>\n<ul>\n<li><strong>Pu\u0161\u010danje:<\/strong> Pogosto je vzrok obrabljena tesnila. Preverite tesnila in jih po potrebi zamenjajte.<\/li>\n<li><strong>Slaba zmogljivost:<\/strong> Lahko ka\u017ee na nezadostno mazanje ali raven hidravli\u010dne teko\u010dine. Preverite in po potrebi dolijte hidravli\u010dno olje.<\/li>\n<li><strong>Zastoji v cilindru:<\/strong> Pogosto zaradi napa\u010dne poravnave. Med namestitvijo in rednimi vzdr\u017eevalnimi pregledi zagotovite pravilno poravnavo.<\/li>\n<\/ul>\n<h2>Nasveti za diagnosticiranje napak<\/h2>\n<p>Za u\u010dinkovito odpravljanje te\u017eav morajo upravljavci voditi dnevnik te\u017eav z delovanjem in sprejetih ukrepov za odpravo te\u017eav. Razumevanje pogostih na\u010dinov napak pomaga pri hitrem diagnosticiranju te\u017eav. Redno preventivno vzdr\u017eevanje lahko znatno zmanj\u0161a pojavnost napak in izbolj\u0161a splo\u0161no zanesljivost hidravli\u010dnega sistema.<\/p>\n<p><img decoding=\"async\" src=\"https:\/\/www.hydraulic-cylinders.net\/wp-content\/uploads\/2025\/04\/songte-bushings-with-all-kinds-of-excavator-models.webp\" alt=\"Pu\u0161e za bagre\" \/><\/p>\n<h2>O na\u0161em podjetju<\/h2>\n<p>Smo vodilni proizvajalec in veletrgovec hidravli\u010dnih cilindrov, zavezani k zagotavljanju celovite palete izdelkov, ki zadovoljujejo potrebe doma\u010dega in mednarodnega trga. Na\u0161o osredoto\u010denost na odli\u010dnost podpira izpopolnjena proizvodna strategija, ki uporablja napredno tehnologijo in visoko natan\u010dne proizvodne procese. Nenehno izbolj\u0161ujemo svoje proizvodne zmogljivosti, da bi zagotovili visoko kakovost izdelkov in u\u010dinkovito izpolnili raznolike zahteve strank.<\/p>\n<p>Na\u0161e strokovno znanje vklju\u010duje:<\/p>\n<ul>\n<li><strong>Profesionalnost:<\/strong> Na\u0161a ekipa je sestavljena iz usposobljenih strokovnjakov, ki so predani izdelavi visokokakovostnih hidravli\u010dnih komponent.<\/li>\n<li><strong>Mednarodni certifikati:<\/strong> Na\u0161i izdelki ustrezajo mednarodnim standardom kakovosti, kar zagotavlja zanesljivost in u\u010dinkovitost.<\/li>\n<li><strong>Storitve po meri:<\/strong> Ponujamo re\u0161itve po meri, ki so prilagojene specifi\u010dnim zahtevam strank.<\/li>\n<li><strong>Napredna oprema:<\/strong> Uporaba najsodobnej\u0161e proizvodne opreme za natan\u010dnost in u\u010dinkovitost.<\/li>\n<li><strong>Poprodajna podpora:<\/strong> Zagotavljamo robustne poprodajne storitve, da zagotovimo zadovoljstvo in podporo strank.<\/li>\n<\/ul>\n<p><img decoding=\"async\" src=\"https:\/\/www.hydraulic-cylinders.net\/wp-content\/uploads\/2025\/04\/songte-company-4.webp\" alt=\"Na\u0161e podjetje\" \/><br \/>\n<img decoding=\"async\" src=\"https:\/\/www.hydraulic-cylinders.net\/wp-content\/uploads\/2025\/04\/songte-company-3.webp\" alt=\"Proizvodni proces\" \/><\/p>\n<p>Avtor: lyl<\/p>","protected":false},"excerpt":{"rendered":"<p>Boom Cylinder For Case Small Excavator CX130B Product Overview The Boom Cylinder for Case Small Excavator CX130B is a specialized hydraulic cylinder designed for controlling the movement of the bucket in various heavy machinery, such as excavators, backhoe loaders, and front loaders. This hydraulic component allows the bucket to lift, lower, and tilt, facilitating efficient [&hellip;]<\/p>","protected":false},"featured_media":17870,"comment_status":"open","ping_status":"closed","template":"","meta":{"_et_pb_use_builder":"","_et_pb_old_content":"","_et_gb_content_width":""},"product_brand":[],"product_cat":[1546],"product_tag":[1547,1496],"class_list":{"0":"post-19441","1":"product","2":"type-product","3":"status-publish","4":"has-post-thumbnail","6":"product_cat-boom-cylinders","7":"product_tag-boom-cylinders","8":"product_tag-hydraulic-cylinders","10":"first","11":"instock","12":"shipping-taxable","13":"product-type-simple"},"amp_enabled":true,"_links":{"self":[{"href":"https:\/\/www.hydraulic-cylinders.net\/sl\/wp-json\/wp\/v2\/product\/19441","targetHints":{"allow":["GET"]}}],"collection":[{"href":"https:\/\/www.hydraulic-cylinders.net\/sl\/wp-json\/wp\/v2\/product"}],"about":[{"href":"https:\/\/www.hydraulic-cylinders.net\/sl\/wp-json\/wp\/v2\/types\/product"}],"replies":[{"embeddable":true,"href":"https:\/\/www.hydraulic-cylinders.net\/sl\/wp-json\/wp\/v2\/comments?post=19441"}],"wp:featuredmedia":[{"embeddable":true,"href":"https:\/\/www.hydraulic-cylinders.net\/sl\/wp-json\/wp\/v2\/media\/17870"}],"wp:attachment":[{"href":"https:\/\/www.hydraulic-cylinders.net\/sl\/wp-json\/wp\/v2\/media?parent=19441"}],"wp:term":[{"taxonomy":"product_brand","embeddable":true,"href":"https:\/\/www.hydraulic-cylinders.net\/sl\/wp-json\/wp\/v2\/product_brand?post=19441"},{"taxonomy":"product_cat","embeddable":true,"href":"https:\/\/www.hydraulic-cylinders.net\/sl\/wp-json\/wp\/v2\/product_cat?post=19441"},{"taxonomy":"product_tag","embeddable":true,"href":"https:\/\/www.hydraulic-cylinders.net\/sl\/wp-json\/wp\/v2\/product_tag?post=19441"}],"curies":[{"name":"delovni list","href":"https:\/\/api.w.org\/{rel}","templated":true}]}}