{"id":19446,"date":"2025-04-07T06:47:55","date_gmt":"2025-04-07T06:47:55","guid":{"rendered":"https:\/\/www.hydraulic-cylinders.net\/product\/boom-cylinder-for-case-middle-excavator-cx240bhr\/"},"modified":"2025-04-07T06:47:59","modified_gmt":"2025-04-07T06:47:59","slug":"boom-cylinder-for-case-middle-excavator-cx240bhr","status":"publish","type":"product","link":"https:\/\/www.hydraulic-cylinders.net\/sl\/izdelek\/boom-cylinder-for-case-middle-excavator-cx240bhr\/","title":{"rendered":"Cilinder roke za bager Case Middle CX240BHR"},"content":{"rendered":"<h1>Cilinder roke za bager Case Middle CX240BHR<\/h1>\n<h2>Uvod v cilinder roke<\/h2>\n<p>Hidravli\u010dni cilinder roke je klju\u010dna komponenta, zasnovana posebej za bager Case CX240BHR. Ta hidravli\u010dni cilinder igra klju\u010dno vlogo pri nadzoru gibanja roke bagra, kar omogo\u010da natan\u010dno dvigovanje, spu\u0161\u010danje in nagibanje. Slu\u017ei kot klju\u010dni del hidravli\u010dnega sistema, ki omogo\u010da u\u010dinkovito delovanje te\u017eke mehanizacije, ki se uporablja pri gradbenih in zemeljskih delih.<\/p>\n<p><img decoding=\"async\" src=\"https:\/\/www.hydraulic-cylinders.net\/wp-content\/uploads\/2025\/04\/songte-company-1.webp\" alt=\"Slika cilindra roke\" \/><\/p>\n<h3>Definicija in pregled<\/h3>\n<p>Hidravli\u010dni cilindri \u017elice so vrsta hidravli\u010dnega cilindra, namenjenega krmiljenju gibanja \u017elic v razli\u010dnih te\u017ekih strojih, kot so bagri, bagri nakladalniki in \u010delni nakladalniki. Njegova glavna funkcija je omogo\u010diti dvigovanje, spu\u0161\u010danje in nagibanje \u017elice, kar olaj\u0161a naloge ravnanja z materiali. Ti cilindri delujejo z uporabo tlaka hidravli\u010dnega olja za ustvarjanje gibanja, zaradi \u010desar so nepogre\u0161ljivi za vsako operacijo, ki zahteva dvigovanje te\u017ekih bremen ali natan\u010dno pozicioniranje.<\/p>\n<h2>Zna\u010dilnosti cilindra roke<\/h2>\n<ul>\n<li><strong>Visoka trdnost in vzdr\u017eljivost:<\/strong> Obi\u010dajno so izdelani iz visoko trdnega jekla ali aluminija, kar jim omogo\u010da, da prenesejo visok tlak in velike obremenitve, zasnovani pa so za zahtevna delovna okolja z upo\u0161tevanjem odpornosti proti obrabi in koroziji za podalj\u0161anje \u017eivljenjske dobe.<\/li>\n<li><strong>U\u010dinkovito hidravli\u010dno delovanje:<\/strong> Uporablja hidravli\u010dni tlak olja za doseganje gladkega iztegovanja in vvla\u010devanja, kar omogo\u010da hiter odziv na krmilne ukaze in zagotavlja mo\u010dno silo potiska in vle\u010denja, primerno za rokovanje s te\u017ekimi predmeti in kompleksne naloge.<\/li>\n<li><strong>Razli\u010dne vrste:<\/strong> Na voljo v enosmerni (hidravlika v eni smeri) ali dvosmerni (hidravlika v obeh smereh) konfiguraciji za razli\u010dne operativne potrebe. Nekateri modeli so teleskopski, kar omogo\u010da ve\u010dji izvle\u010dek brez pove\u010danja zunanjih dimenzij, idealno za uporabo v omejenem prostoru.<\/li>\n<li><strong>Prilagodljive mo\u017enosti:<\/strong> Zasnovan tako, da ustreza \u0161irokemu naboru modelov bagrov, kar zagotavlja zdru\u017eljivost in zmogljivost, prilagojeno specifi\u010dnim projektnim zahtevam in uporabnikovim \u017eeljam.<\/li>\n<li><strong>Enostavno vzdr\u017eevanje:<\/strong> Zasnovan za enostavno servisiranje in vzdr\u017eevanje, kar omogo\u010da hitra popravila in zamenjave, kar zmanj\u0161uje \u010das izpada in zagotavlja dolgo \u017eivljenjsko dobo.<\/li>\n<\/ul>\n<p>Na\u0161i izdelki lahko popolnoma nadomestijo te hidravli\u010dne cilindre in zagotavljajo optimalno delovanje in zanesljivost.<\/p>\n<p><img decoding=\"async\" src=\"https:\/\/www.hydraulic-cylinders.net\/wp-content\/uploads\/2025\/04\/songte-cylinder-head-with-all-kinds-excavator-models.webp\" alt=\"Modeli bagrov\" \/><\/p>\n<h2>Uporaba cilindra roke<\/h2>\n<h3>Gradbena oprema<\/h3>\n<p>Pri bagrih je valj roke klju\u010dnega pomena za kopanje, nakladanje in premikanje zemlje ali ru\u0161evin. Omogo\u010da znatno dvi\u017eno silo, ki je bistvena za gradbena dela, ki zahtevajo natan\u010dno izkopavanje in ravnanje z materialom. U\u010dinkovitost teh valjev zagotavlja, da se projekti lahko zaklju\u010dijo pravo\u010dasno in v okviru prora\u010duna.<\/p>\n<h3>Kmetijska mehanizacija<\/h3>\n<p>\u010celni nakladalniki uporabljajo cilindre roke za zajemanje, dvigovanje in prevoz zemlje, sena in drugih materialov. Hidravli\u010dno delovanje zagotavlja potrebno mo\u010d za u\u010dinkovito opravljanje teh nalog, zaradi \u010desar so nepogre\u0161ljivo orodje v kmetijskih dejavnostih, kjer sta \u010das in produktivnost klju\u010dnega pomena.<\/p>\n<h3>Izkopavanja<\/h3>\n<p>Pri izkopavanju valj \u017elice omogo\u010da, da \u017elica prodre v tla, kar olaj\u0161a kopanje. To dejanje je klju\u010dnega pomena za gradbeni\u0161tvo, urejanje krajine in razli\u010dna zemeljska dela, ki zahtevajo globino in natan\u010dnost.<\/p>\n<h3>Funkcije nalagalnika<\/h3>\n<p>Pri \u010delnih nakladalnikih cilindri roke pomagajo pri u\u010dinkovitem dvigovanju in razkladanju tovora. Ta mehanizem zagotavlja u\u010dinkovit prenos materialov z ene lokacije na drugo, kar pove\u010duje produktivnost na gradbi\u0161\u010dih, kjer je premikanje materiala pogosto.<\/p>\n<h2>Oblikovalski vidiki in izbirna merila<\/h2>\n<h3>Nosilnost<\/h3>\n<p>Pri izbiri cilindra roke je razumevanje njegove nosilnosti najpomembnej\u0161e. Cilinder mora biti sposoben prenesti najve\u010djo te\u017eo, s katero se bo soo\u010dil med delovanjem. To zahteva temeljito oceno zahtev stroja in vrst materialov, s katerimi se bo ravnalo. Dobro zasnovan valj bo zagotovil potrebno trdnost, ne da bi pri tem ogrozil varnost.<\/p>\n<h3>Tesnilni mehanizmi<\/h3>\n<p>U\u010dinkovito tesnjenje je klju\u010dnega pomena za delovanje in dolgo \u017eivljenjsko dobo hidravli\u010dnih cilindrov. Visokokakovostna tesnila prepre\u010dujejo pu\u0161\u010danje hidravli\u010dne teko\u010dine, kar zagotavlja u\u010dinkovito delovanje in zmanj\u0161uje stro\u0161ke vzdr\u017eevanja. Izbira tesnilnih materialov, kot sta poliuretan ali nitrilna guma, lahko drasti\u010dno vpliva na zanesljivost in funkcionalnost cilindra.<\/p>\n<h3>Vzdr\u017eljivost in dolgo\u017eivost<\/h3>\n<p>Na vzdr\u017eljivost cilindra roke vplivajo materiali, uporabljeni pri njegovi izdelavi, in uporabljeni proizvodni procesi. Visoko trdna jekla in napredni premazi lahko pove\u010dajo odpornost proti obrabi in koroziji, s \u010dimer podalj\u0161ajo \u017eivljenjsko dobo cilindra in zmanj\u0161ajo pogostost zamenjav.<\/p>\n<h3>Varnostne funkcije<\/h3>\n<p>Varnost je klju\u010dnega pomena pri na\u010drtovanju hidravli\u010dnih cilindrov. Funkcije, kot so varnostni ventili, lahko prepre\u010dijo preobremenitev, oja\u010dane strukture pa pove\u010dajo splo\u0161no varnost pri upravljanju te\u017ekih strojev. Izbira cilindra z ustreznimi varnostnimi ukrepi je klju\u010dnega pomena za za\u0161\u010dito tako upravljavca kot opreme.<\/p>\n<h3>Vzdr\u017eevanje<\/h3>\n<p>Enostavnost vzdr\u017eevanja je \u0161e en bistven dejavnik pri zasnovi cilindrov roke. Funkcije, ki omogo\u010dajo hiter dostop do notranjih komponent, kot so odstranljivi kon\u010dni pokrovi in \u200b\u200bstandardizirani deli, olaj\u0161ajo rutinske preglede in popravila, kar zmanj\u0161uje \u010das izpada in zagotavlja neprekinjeno delovanje.<\/p>\n<p><img decoding=\"async\" src=\"https:\/\/www.hydraulic-cylinders.net\/wp-content\/uploads\/2025\/04\/songte-oil-pipes-and-spare-parts.webp\" alt=\"Oljne cevi in \u200b\u200brezervni deli\" \/><\/p>\n<h2>Tesnjenje in mazanje<\/h2>\n<p>Pomena tesnjenja in mazanja v hidravli\u010dnih cilindrih ni mogo\u010de preceniti. Uporaba razli\u010dnih tesnilnih elementov, kot so tesnila bata in ojnice, zagotavlja, da hidravli\u010dna teko\u010dina ostane v cilindru. Ta tesnila so pogosto izdelana iz materialov, odpornih proti obrabi, kot sta poliuretan in nitrilna guma, ki lahko prenesejo te\u017eke delovne pogoje. Poleg tega sta ohi\u0161je cilindra in navojni konci fino obdelani za ve\u010djo vzdr\u017eljivost.<\/p>\n<p>Redno mazanje je bistvenega pomena za ohranjanje delovanja cilindra. Za zmanj\u0161anje trenja in obrabe gibljivih komponent je treba zagotoviti zadostno koli\u010dino hidravli\u010dnega olja. Na\u010drtovani vzdr\u017eevalni postopki, ki vklju\u010dujejo preverjanje nivoja olja in zamenjavo maziv, bodo znatno prispevali k dolgi \u017eivljenjski dobi cilindra roke.<\/p>\n<h2>Preventivni vzdr\u017eevalni ukrepi<\/h2>\n<ul>\n<li><strong>Redni pregledi:<\/strong> Redno preverjajte, da zgodaj odkrijete morebitne znake obrabe ali po\u0161kodb. To vklju\u010duje iskanje pu\u0161\u010danj, razpok in nenavadnih zvokov med delovanjem.<\/li>\n<li><strong>Mazanje:<\/strong> Zagotovite redno mazanje valja, da zagotovite nemoteno delovanje in prepre\u010dite prekomerno obrabo. To vklju\u010duje dodajanje hidravli\u010dnega olja in preverjanje morebitnih znakov onesna\u017eenja.<\/li>\n<li><strong>Zamenjava tesnila:<\/strong> Redno pregledujte tesnila in jih po potrebi zamenjajte, da prepre\u010dite pu\u0161\u010danje in zagotovite u\u010dinkovito delovanje. Obrabljena tesnila lahko povzro\u010dijo znatne te\u017eave z delovanjem in jim je treba dati prednost v na\u010drtih vzdr\u017eevanja.<\/li>\n<\/ul>\n<h2>Navodila za namestitev<\/h2>\n<p>Pravilna namestitev cilindra roke je klju\u010dnega pomena za njegovo delovanje in dolgo \u017eivljenjsko dobo. Najprej se prepri\u010dajte, da so nosilci pritrjeni in pravilno poravnani. Nepravilna poravnava lahko povzro\u010di prezgodnjo obrabo in okvaro.<\/p>\n<p>Med namestitvijo je klju\u010dnega pomena uporaba ustreznih monta\u017enih opor za stabilizacijo cilindra. Poleg tega upo\u0161tevajte navodila proizvajalca glede navora pri vseh pritrdilnih elementih, da se izognete morebitnim strukturnim te\u017eavam.<\/p>\n<p>Med namestitvijo se prepri\u010dajte, da so hidravli\u010dne povezave tesne in ne pu\u0161\u010dajo. Po namestitvi izvedite temeljit preizkus hidravli\u010dnega sistema, da potrdite, da valj roke deluje gladko in se pravilno odziva na krmilne vhode.<\/p>\n<h2>Pogosta vzdr\u017eevalna opravila<\/h2>\n<h3>Redni pregledi<\/h3>\n<p>Redni pregledi so klju\u010dnega pomena za vzdr\u017eevanje hidravli\u010dnih sistemov. Med delovanjem preverjajte znake obrabe, pu\u0161\u010danje teko\u010dine in morebitne nenavadne zvoke. Zgodnje odkrivanje te\u017eav lahko prepre\u010di draga popravila in zagotovi zanesljivo delovanje sistema.<\/p>\n<h3>Pravilno mazanje<\/h3>\n<p>Zagotavljanje ustreznega mazanja je bistvenega pomena za nemoteno delovanje cilindra roke. Redno preverjajte nivo hidravli\u010dnega olja in zamenjajte onesna\u017eeno olje. Ta praksa zmanj\u0161a trenje in obrabo komponent cilindra ter podalj\u0161a njegovo \u017eivljenjsko dobo.<\/p>\n<h3>Zamenjava tesnila<\/h3>\n<p>Redna menjava tesnil je klju\u010dnega pomena za prepre\u010devanje pu\u0161\u010danja in ohranjanje optimalnega delovanja. Preverite tesnila glede znakov obrabe ali po\u0161kodb in jih nemudoma zamenjajte. Ta naloga je klju\u010dna za zagotavljanje u\u010dinkovitosti in zanesljivosti hidravli\u010dnih sistemov.<\/p>\n<h2>Varnostni vidiki in okoljski dejavniki<\/h2>\n<p>Pri uporabi hidravli\u010dnih cilindrov je izvajanje varnostnih ukrepov najpomembnej\u0161e. Upravljavci morajo biti usposobljeni za pravilno ravnanje s stroji in njihovo upravljanje, da se zmanj\u0161a tveganje za nesre\u010de. Poleg tega je treba zagotoviti, da so vsi varnostni \u0161\u010ditniki in naprave name\u0161\u010deni in delujejo pravilno. Pri obratovalnih pogojih je treba upo\u0161tevati okoljske dejavnike, kot je izpostavljenost ekstremnim temperaturam ali korozivnim snovem, da se zagotovi dolga \u017eivljenjska doba in zanesljivost cilindra.<\/p>\n<h2>Diagnoza napak in pogoste te\u017eave<\/h2>\n<ul>\n<li><strong>Pu\u0161\u010danje hidravli\u010dne teko\u010dine:<\/strong> To lahko ka\u017ee na obrabljena tesnila ali po\u0161kodovane komponente. Preverite valj za vidna pu\u0161\u010danja in po potrebi zamenjajte morebitne po\u0161kodovane dele.<\/li>\n<li><strong>Izguba tlaka:<\/strong> Padec hidravli\u010dnega tlaka lahko vpliva na delovanje. Preverite, ali so hidravli\u010dne cevi zama\u0161ene ali po\u0161kodovane.<\/li>\n<li><strong>Nenavadni zvoki:<\/strong> \u0160kripajo\u010di ali \u0161kripajo\u010di zvoki lahko ka\u017eejo na pomanjkanje mazanja ali po\u0161kodovane notranje komponente. Takoj opravite preglede, da ugotovite in odpravite te\u017eavo.<\/li>\n<\/ul>\n<h2>Nasveti za odpravljanje te\u017eav<\/h2>\n<p>Za u\u010dinkovito diagnosticiranje in odpravljanje te\u017eav z cilindrom roke sledite tem nasvetom za odpravljanje te\u017eav:<\/p>\n<ul>\n<li>Redno vzdr\u017eujte hidravli\u010dni sistem, da zmanj\u0161ate tveganje za nastanek te\u017eav. Izvedite preventivni na\u010drt vzdr\u017eevanja, ki vklju\u010duje preglede in mazanje.<\/li>\n<li>Vodite podrobne evidence vzdr\u017eevalnih dejavnosti, da prepoznate vzorce te\u017eav, ki se lahko pojavijo skozi \u010das. Ta praksa pomaga pri diagnosticiranju ponavljajo\u010dih se te\u017eav in razvoju u\u010dinkovitih re\u0161itev.<\/li>\n<li>Za specifi\u010dne korake za odpravljanje te\u017eav, povezane z va\u0161o opremo, se posvetujte s proizvajal\u010devimi navodili. Upo\u0161tevanje priporo\u010denih postopkov zagotavlja upo\u0161tevanje najbolj\u0161ih praks.<\/li>\n<\/ul>\n<p><img decoding=\"async\" src=\"https:\/\/www.hydraulic-cylinders.net\/wp-content\/uploads\/2025\/04\/songte-bushings-with-all-kinds-of-excavator-models.webp\" alt=\"Pu\u0161e z modeli bagrov\" \/><\/p>\n<h2>O na\u0161em podjetju<\/h2>\n<p>Smo vodilni proizvajalec nadomestnih hidravli\u010dnih cilindrov in ponujamo \u0161iroko paleto izdelkov, ki ustrezajo tako doma\u010demu kot mednarodnemu trgu. Na\u0161a zavezanost odli\u010dnosti nas spodbuja k sprejemanju prefinjenih proizvodnih strategij, ki jih podpirajo napredna tehnologija in usposobljeni talenti.<\/p>\n<p>Zagotavljamo, da na\u0161i proizvodni procesi ustrezajo mednarodnim standardom in ponujamo re\u0161itve po meri, prilagojene razli\u010dnim potrebam strank. Na\u0161i proizvodni obrati so opremljeni z vrhunsko digitalno proizvodno opremo in profesionalnimi sistemi za testiranje, kar izbolj\u0161uje kakovost in zanesljivost na\u0161ih izdelkov.<\/p>\n<p><img decoding=\"async\" src=\"https:\/\/www.hydraulic-cylinders.net\/wp-content\/uploads\/2025\/04\/songte-company-4.webp\" alt=\"Pregled podjetja\" \/><br \/>\n<img decoding=\"async\" src=\"https:\/\/www.hydraulic-cylinders.net\/wp-content\/uploads\/2025\/04\/songte-company-3.webp\" alt=\"Proizvodni obrat\" \/><\/p>\n<p>Na\u0161a specializacija, mednarodni certifikati, storitve prilagajanja, najsodobnej\u0161a proizvodna oprema in namenska poprodajna podpora nas lo\u010dijo od konkurence v industriji hidravli\u010dnih cilindrov.<\/p>\n<p>Avtor: lyl<\/p>","protected":false},"excerpt":{"rendered":"<p>Boom Cylinder For Case Middle Excavator CX240BHR Introduction to the Boom Cylinder The Boom Cylinder is a critical component designed specifically for the Case CX240BHR excavator. This hydraulic cylinder plays a key role in controlling the movement of the excavator&#8217;s boom, allowing it to lift, lower, and tilt with precision. It serves as a vital [&hellip;]<\/p>","protected":false},"featured_media":17875,"comment_status":"open","ping_status":"closed","template":"","meta":{"_et_pb_use_builder":"","_et_pb_old_content":"","_et_gb_content_width":""},"product_brand":[],"product_cat":[1546],"product_tag":[1547,1496],"class_list":{"0":"post-19446","1":"product","2":"type-product","3":"status-publish","4":"has-post-thumbnail","6":"product_cat-boom-cylinders","7":"product_tag-boom-cylinders","8":"product_tag-hydraulic-cylinders","10":"first","11":"instock","12":"shipping-taxable","13":"product-type-simple"},"amp_enabled":true,"_links":{"self":[{"href":"https:\/\/www.hydraulic-cylinders.net\/sl\/wp-json\/wp\/v2\/product\/19446","targetHints":{"allow":["GET"]}}],"collection":[{"href":"https:\/\/www.hydraulic-cylinders.net\/sl\/wp-json\/wp\/v2\/product"}],"about":[{"href":"https:\/\/www.hydraulic-cylinders.net\/sl\/wp-json\/wp\/v2\/types\/product"}],"replies":[{"embeddable":true,"href":"https:\/\/www.hydraulic-cylinders.net\/sl\/wp-json\/wp\/v2\/comments?post=19446"}],"wp:featuredmedia":[{"embeddable":true,"href":"https:\/\/www.hydraulic-cylinders.net\/sl\/wp-json\/wp\/v2\/media\/17875"}],"wp:attachment":[{"href":"https:\/\/www.hydraulic-cylinders.net\/sl\/wp-json\/wp\/v2\/media?parent=19446"}],"wp:term":[{"taxonomy":"product_brand","embeddable":true,"href":"https:\/\/www.hydraulic-cylinders.net\/sl\/wp-json\/wp\/v2\/product_brand?post=19446"},{"taxonomy":"product_cat","embeddable":true,"href":"https:\/\/www.hydraulic-cylinders.net\/sl\/wp-json\/wp\/v2\/product_cat?post=19446"},{"taxonomy":"product_tag","embeddable":true,"href":"https:\/\/www.hydraulic-cylinders.net\/sl\/wp-json\/wp\/v2\/product_tag?post=19446"}],"curies":[{"name":"delovni list","href":"https:\/\/api.w.org\/{rel}","templated":true}]}}