{"id":19456,"date":"2025-04-07T06:48:37","date_gmt":"2025-04-07T06:48:37","guid":{"rendered":"https:\/\/www.hydraulic-cylinders.net\/product\/boom-cylinder-for-zhenyu-small-excavator-zy260\/"},"modified":"2025-04-07T06:48:40","modified_gmt":"2025-04-07T06:48:40","slug":"boom-cylinder-for-zhenyu-small-excavator-zy260","status":"publish","type":"product","link":"https:\/\/www.hydraulic-cylinders.net\/sl\/izdelek\/boom-cylinder-for-zhenyu-small-excavator-zy260\/","title":{"rendered":"Cilinder roke za majhen bager Zhenyu ZY260"},"content":{"rendered":"<h1>Cilinder roke za majhen bager Zhenyu ZY260<\/h1>\n<h2>Pregled cilindra roke<\/h2>\n<p>Cilinder roke, znan tudi kot valj \u017elice, je klju\u010dni sestavni del te\u017eke mehanizacije, zlasti bagrov. Ti hidravli\u010dni cilindri so posebej zasnovani za nadzor gibanja \u017elice v razli\u010dnih vrstah te\u017eke mehanizacije, kot so bagri, bagri nakladalniki in \u010delni nakladalniki. Omogo\u010dajo dvigovanje, spu\u0161\u010danje in nagibanje \u017elice, kar olaj\u0161a u\u010dinkovito ravnanje z materiali. V bistvu valj roke omogo\u010da natan\u010dnost pri kopanju, dvigovanju in premikanju materialov, zaradi \u010desar je nepogre\u0161ljiv del hidravli\u010dnih sistemov v gradbeni in kmetijski mehanizaciji.<\/p>\n<p><img decoding=\"async\" src=\"https:\/\/www.hydraulic-cylinders.net\/wp-content\/uploads\/2025\/04\/songte-company-1.webp\" alt=\"Slika cilindra roke\"><\/p>\n<h2>Zna\u010dilnosti cilindra roke<\/h2>\n<ul>\n<li>\n<h3>Visoka trdnost in vzdr\u017eljivost<\/h3>\n<\/li>\n<p>Ti cilindri, ki so obi\u010dajno izdelani iz visoko trdnega jekla ali aluminija, lahko prenesejo visok tlak in velike obremenitve. Zasnovani so tako, da prenesejo zahtevna delovna okolja, saj imajo lastnosti, odporne proti obrabi in koroziji, ki podalj\u0161ajo njihovo \u017eivljenjsko dobo.<\/p>\n<li>\n<h3>U\u010dinkovito hidravli\u010dno delovanje<\/h3>\n<\/li>\n<p>Z uporabo hidravli\u010dnega tlaka olja dose\u017ee valj roke gladko iztegovanje in vstavljanje. Hitro se odziva na krmilne ukaze in zagotavlja znatno potisno in vle\u010dno silo, zaradi \u010desar je primeren za ravnanje s te\u017ekimi predmeti in kompleksnimi nalogami.<\/p>\n<li>\n<h3>Na voljo so razli\u010dne vrste<\/h3>\n<\/li>\n<p>Te cilindre je mogo\u010de izbrati glede na specifi\u010dne potrebe, vklju\u010dno z enosmerno delujo\u010dimi (hidravli\u010dni, ki se uporabljajo v eno smer) in dvosmerno delujo\u010dimi (hidravli\u010dni, ki se uporabljajo v obe smeri). Nekateri modeli so teleskopski, kar omogo\u010da ve\u010dji razteg brez pove\u010danja zunanjih dimenzij, kar je idealno za aplikacije z omejenim prostorom.<\/p>\n<li>\n<h3>Izdelava po meri<\/h3>\n<\/li>\n<p>Specializirani smo za proizvodnjo cilindrov roke, ki lahko popolnoma nadomestijo obstoje\u010de hidravli\u010dne cilindre. Na\u0161e re\u0161itve po meri zagotavljajo zdru\u017eljivost z razli\u010dnimi modeli strojev.<\/p>\n<li>\n<h3>Zagotavljanje kakovosti<\/h3>\n<\/li>\n<p>Na\u0161i izdelki so podvr\u017eeni strogim testiranjem, da izpolnjujejo visoke standarde kakovosti, kar zagotavlja zanesljivost in delovanje v zahtevnih pogojih.<\/p>\n<\/ul>\n<p><img decoding=\"async\" src=\"https:\/\/www.hydraulic-cylinders.net\/wp-content\/uploads\/2025\/04\/songte-cylinder-head-with-all-kinds-excavator-models.webp\" alt=\"Zdru\u017eljivost modelov bagrov\"><\/p>\n<h2>Uporaba cilindra roke<\/h2>\n<h3>Gradbena oprema<\/h3>\n<p>Pri bagrih so cilindri roke klju\u010dnega pomena za kopanje, nakladanje in premikanje zemlje ali ru\u0161evin. Zagotavljajo natan\u010dnost pri izkopu, kar operaterjem omogo\u010da u\u010dinkovito upravljanje velikih koli\u010din materialov. Pri bagrih nakladalnikih cilinder roke pomaga ne le pri kopanju, temve\u010d tudi pri dvigovanju, kar pove\u010duje splo\u0161no produktivnost na gradbi\u0161\u010dih.<\/p>\n<h3>Kmetijska mehanizacija<\/h3>\n<p>\u010celni nakladalniki uporabljajo cilindre roke za zajemanje, dvigovanje in prevoz zemlje, sena in drugih materialov. Ker ti cilindri omogo\u010dajo upravljavcem enostavno opravljanje razli\u010dnih nalog, pove\u010dajo vsestranskost in funkcionalnost kmetijske opreme, zaradi \u010desar so kmetijska dela u\u010dinkovitej\u0161a in uspe\u0161nej\u0161a.<\/p>\n<h3>Bagri<\/h3>\n<p>Pri bagrih cilindri roke olaj\u0161ajo kopanje, saj omogo\u010dajo, da \u017elica u\u010dinkovito prodre v zemljo. Ta sposobnost je bistvena za naloge, kot so kopanje jarkov, ravnanje in priprava gradbi\u0161\u010da, kar prispeva k splo\u0161ni produktivnosti gradbenih projektov.<\/p>\n<h3>Nakladalci<\/h3>\n<p>Pri \u010delnih nakladalnikih imajo cilindri roke klju\u010dno vlogo pri u\u010dinkovitem dvigovanju in razkladanju bremen. Hidravli\u010dna mo\u010d, ki jo zagotavljajo ti cilindri, omogo\u010da upravljavcem hitro in u\u010dinkovito ravnanje z materiali, zaradi \u010desar so nakladalniki nepogre\u0161ljivi pri ravnanju z materiali.<\/p>\n<h2>Oblikovalski vidiki in izbirna merila<\/h2>\n<h3>Nosilnost<\/h3>\n<p>Pri izbiri cilindra roke je klju\u010dnega pomena upo\u0161tevati nosilnost. Pravilno dimenzioniran cilinder lahko prenese pri\u010dakovane obremenitve brez tveganja okvare. Precenjevanje nosilnosti lahko povzro\u010di po\u0161kodbe opreme, podcenjevanje pa lahko povzro\u010di varnostne nevarnosti. Pravilna ocena najve\u010djih obremenitev in zahtev uporabe je bistvenega pomena.<\/p>\n<h3>Celovitost tesnjenja<\/h3>\n<p>Tesnjenje je \u0161e en klju\u010dni dejavnik pri zasnovi cilindra roke. Visokokakovostna tesnila prepre\u010dujejo pu\u0161\u010danje hidravli\u010dne teko\u010dine in vzdr\u017eujejo tlak, kar zagotavlja u\u010dinkovito delovanje. Izbira tesnilnih materialov, kot sta poliuretan ali nitrilna guma, lahko pomembno vpliva na delovanje in vzdr\u017eljivost cilindra. U\u010dinkoviti tesnilni mehanizmi so bistveni za podalj\u0161anje \u017eivljenjske dobe in zanesljivosti hidravli\u010dnih sistemov.<\/p>\n<h3>Vzdr\u017eljivost<\/h3>\n<p>Vzdr\u017eljivost je bistvenega pomena za cilindre roke, zlasti v te\u017ekih obratovalnih pogojih. Dejavniki, kot so izbira materiala, za\u0161\u010ditni premazi in oblikovne zna\u010dilnosti, prispevajo k odpornosti cilindra proti obrabi, koroziji in utrujenosti. Zagotavljanje robustne konstrukcije in kakovostnih proizvodnih procesov izbolj\u0161a delovanje in dolgo \u017eivljenjsko dobo cilindra.<\/p>\n<h3>Varnostne funkcije<\/h3>\n<p>Pri izbiri cilindra roke ne smete spregledati varnostnih funkcij. Konstrukcijski elementi, kot so varnostni ventili in varnostne klju\u010davnice, lahko pomagajo prepre\u010diti nesre\u010de in po\u0161kodbe opreme. Zagotavljanje skladnosti z varnostnimi predpisi je bistvenega pomena za za\u0161\u010dito upravljavcev in opreme med delovanjem.<\/p>\n<h3>Vzdr\u017eevanje in popravljivost<\/h3>\n<p>Upo\u0161tevanje enostavnosti vzdr\u017eevanja in popravil med fazo na\u010drtovanja je klju\u010dnega pomena. Funkcije, ki olaj\u0161ajo pregled, mazanje in zamenjavo tesnil, lahko mo\u010dno podalj\u0161ajo \u017eivljenjsko dobo valja. Dobro zasnovan hidravli\u010dni valj mora omogo\u010dati preproste vzdr\u017eevalne postopke, kar zmanj\u0161a \u010das izpada in stro\u0161ke popravil.<\/p>\n<p><img decoding=\"async\" src=\"https:\/\/www.hydraulic-cylinders.net\/wp-content\/uploads\/2025\/04\/songte-oil-pipes-and-spare-parts.webp\" alt=\"Deli hidravli\u010dnega cilindra\"><\/p>\n<h2>Tesnjenje in mazanje cilindra roke<\/h2>\n<p>Pravilno tesnjenje in mazanje sta klju\u010dnega pomena za u\u010dinkovito delovanje cilindrov roke. Razli\u010dne tesnilne komponente, vklju\u010dno s tesnili bata in palice, so klju\u010dne za vzdr\u017eevanje hidravli\u010dnega tlaka in prepre\u010devanje pu\u0161\u010danja. Izbira materialov, odpornih proti obrabi, kot sta poliuretan in nitrilna guma, izbolj\u0161a tesnilno u\u010dinkovitost in vzdr\u017eljivost.<\/p>\n<p>Telo valja in navojni konci morajo biti fino obdelani, da se izbolj\u0161a odpornost proti obrabi in zagotovi dalj\u0161a \u017eivljenjska doba. Redno mazanje s hidravli\u010dnim oljem je bistvenega pomena za ohranjanje optimalne zmogljivosti, zato je treba redno preverjati ustrezno raven in kakovost olja.<\/p>\n<h2>Preventivni vzdr\u017eevalni ukrepi<\/h2>\n<ul>\n<li>\n<h3>Redni pregledi<\/h3>\n<\/li>\n<p>Redni pregledi so bistvenega pomena za zgodnje odkrivanje morebitnih te\u017eav. Upravljavci morajo preveriti znake obrabe, pu\u0161\u010danja in pravilno poravnavo. Na\u010drtovani pregledi lahko prepre\u010dijo draga popravila in izpade.<\/p>\n<li>\n<h3>Pravilno mazanje<\/h3>\n<\/li>\n<p>Dosledno mazanje je klju\u010dnega pomena za zmanj\u0161anje trenja in obrabe gibljivih delov. Upravljavci morajo upo\u0161tevati priporo\u010dila proizvajalca glede intervalov in vrst mazanja, da zagotovijo nemoteno delovanje.<\/p>\n<li>\n<h3>Zamenjava tesnila<\/h3>\n<\/li>\n<p>Tesnila je treba redno pregledovati in po potrebi zamenjati, da se ohrani hidravli\u010dna celovitost. Obrabljena ali po\u0161kodovana tesnila lahko povzro\u010dijo pu\u0161\u010danje, kar vpliva na delovanje in varnost.<\/p>\n<\/ul>\n<h2>Navodila za namestitev cilindra roke<\/h2>\n<p>Pravilna namestitev je klju\u010dnega pomena za delovanje in dolgo \u017eivljenjsko dobo cilindra roke. Najprej se prepri\u010dajte, da je obmo\u010dje namestitve \u010disto in brez umazanije. Za pritrditev cilindra uporabite ustrezne nosilce in ga pravilno poravnajte, da prepre\u010dite obremenitev hidravli\u010dnih komponent.<\/p>\n<p>Upo\u0161tevajte proizvajal\u010deve specifikacije glede nastavitev navora na vijakih in drugih pritrdilnih elementih. Po namestitvi preverite hidravli\u010dni sistem glede tesnjenja in se prepri\u010dajte, da valj deluje gladko v celotnem obsegu gibanja. Redno preverjajte poravnavo in stanje valja skozi celotno njegovo \u017eivljenjsko dobo, da prepre\u010dite prezgodnjo obrabo.<\/p>\n<h2>Pogosta vzdr\u017eevalna opravila<\/h2>\n<ul>\n<li>\n<h3>Redni pregledi<\/h3>\n<\/li>\n<p>Izvajanje rednih pregledov cilindra roke je klju\u010dnega pomena za ohranjanje optimalne zmogljivosti. Upravljavci morajo pregledati morebitne vidne po\u0161kodbe, pu\u0161\u010danja ali nepravilnosti v delovanju. Vzpostavitev rednega urnika teh pregledov pomaga prepoznati morebitne te\u017eave, preden se stopnjujejo.<\/p>\n<li>\n<h3>Ustrezno mazanje<\/h3>\n<\/li>\n<p>Pravilno mazanje je klju\u010dnega pomena za u\u010dinkovito delovanje cilindra. Za zmanj\u0161anje obrabe uporabljajte priporo\u010deno hidravli\u010dno olje in upo\u0161tevajte predpisane intervale mazanja. Za podalj\u0161anje \u017eivljenjske dobe cilindra zagotovite, da so vsi gibljivi deli ustrezno namazani.<\/p>\n<li>\n<h3>Zamenjava in kalibracija tesnila<\/h3>\n<\/li>\n<p>Redna menjava tesnil je bistvenega pomena za prepre\u010devanje pu\u0161\u010danja hidravli\u010dne teko\u010dine. Upravljavci morajo izvajati tudi kalibracijske preglede, da zagotovijo delovanje valja znotraj dolo\u010denih parametrov. Vodenje natan\u010dnih evidenc vzdr\u017eevalnih dejavnosti lahko izbolj\u0161a operativno u\u010dinkovitost in varnost.<\/p>\n<\/ul>\n<p><img decoding=\"async\" src=\"https:\/\/www.hydraulic-cylinders.net\/wp-content\/uploads\/2025\/04\/songte-chushion-collar.webp\" alt=\"Blazinasti ovratnik\"><\/p>\n<h2>Varnostni vidiki in okoljski dejavniki<\/h2>\n<p>Varnostni ukrepi so bistvenega pomena pri upravljanju opreme z valji roke. Upravljavci morajo upo\u0161tevati varnostne smernice, da bi zmanj\u0161ali tveganja, povezana s hidravli\u010dnimi sistemi. Ustrezno usposabljanje in ozave\u0161\u010denost o morebitnih nevarnostih lahko znatno zmanj\u0161ata verjetnost nesre\u010d. Poleg tega lahko uporaba okolju prijaznih hidravli\u010dnih teko\u010din ubla\u017ei vpliv na okolje, spodbuja trajnost in skladnost s predpisi.<\/p>\n<h2>Diagnoza napak in pogoste te\u017eave<\/h2>\n<ul>\n<li>\n<h3>Pu\u0161\u010danje<\/h3>\n<\/li>\n<p>Pu\u0161\u010danje je pogosta te\u017eava, ki lahko nastane zaradi obrabljenih tesnil ali po\u0161kodovanih komponent. Redno pregledujte tesnila in jih po potrebi zamenjajte, da ohranite hidravli\u010dno celovitost.<\/p>\n<li>\n<h3>Zmanj\u0161ana zmogljivost<\/h3>\n<\/li>\n<p>\u010ce delovanje cilindra roke zmanj\u0161ano, je to lahko posledica nizke ravni hidravli\u010dne teko\u010dine ali zraka v sistemu. Preverite raven teko\u010din in po potrebi odzra\u010dite sistem.<\/p>\n<li>\n<h3>Neusklajenost<\/h3>\n<\/li>\n<p>Nepravilna poravnava lahko povzro\u010di neenakomerno obrabo in morebitno okvaro. Med namestitvijo zagotovite pravilno poravnavo in jo med delovanjem redno preverjajte.<\/p>\n<\/ul>\n<h2>Nasveti za odpravljanje te\u017eav<\/h2>\n<p>Za u\u010dinkovito diagnosticiranje in odpravljanje te\u017eav z cilindrom roke morajo upravljavci najprej opazovati morebitne znake nepravilnega delovanja. Redni pregledi lahko pomagajo zgodaj odkriti pu\u0161\u010danja ali padce zmogljivosti. Izvajajte preventivne vzdr\u017eevalne ukrepe za zmanj\u0161anje tveganj in ohranjanje optimalne funkcionalnosti. Vodenje dnevnika vzdr\u017eevalnih dejavnosti in te\u017eav lahko pomaga pri prihodnjih prizadevanjih za odpravljanje te\u017eav.<\/p>\n<p><img decoding=\"async\" src=\"https:\/\/www.hydraulic-cylinders.net\/wp-content\/uploads\/2025\/04\/songte-bushings-with-all-kinds-of-excavator-models.webp\" alt=\"Pu\u0161a za modele bagrov\"><\/p>\n<h2>O na\u0161em podjetju<\/h2>\n<p>Smo vodilni proizvajalec nadomestnih hidravli\u010dnih cilindrov in ponujamo \u0161iroko paleto izdelkov. Na\u0161a zavezanost odli\u010dnosti nas je uveljavila kot enega vodilnih proizvajalcev in veletrgovcev hidravli\u010dnih cilindrov na doma\u010dem in mednarodnem trgu. Dr\u017eimo se strogih standardov kakovosti, pri \u010demer izkori\u0161\u010damo dovr\u0161eno proizvodno delavnico in vodilne strategije upravljanja proizvodnje v panogi.<\/p>\n<p>Na\u0161e podjetje nenehno izbolj\u0161uje proizvodne zmogljivosti z usposobljenim osebjem, napredno digitalno proizvodno opremo in profesionalnimi sistemi testiranja. Dajemo prednost visoki u\u010dinkovitosti, natan\u010dnosti in kakovosti, da bi zadovoljili raznolike potrebe strank.<\/p>\n<h2>Zaklju\u010dek<\/h2>\n<p>Na\u0161a predanost profesionalnosti, mednarodnim certifikatom in storitvam po meri, skupaj z najsodobnej\u0161o proizvodno opremo in odli\u010dno poprodajno podporo, zagotavlja, da izpolnjujemo in presegamo pri\u010dakovanja strank.<\/p>\n<p><img decoding=\"async\" src=\"https:\/\/www.hydraulic-cylinders.net\/wp-content\/uploads\/2025\/04\/songte-company-4.webp\" alt=\"Slika podjetja 1\"><br \/>\n<img decoding=\"async\" src=\"https:\/\/www.hydraulic-cylinders.net\/wp-content\/uploads\/2025\/04\/songte-company-3.webp\" alt=\"Slika podjetja 2\"><\/p>\n<p>Avtor: lyl<\/p>","protected":false},"excerpt":{"rendered":"<p>Boom Cylinder For Zhenyu Small Excavator ZY260 Overview of the Boom Cylinder The boom cylinder, also known as the bucket cylinder, is a crucial component in heavy machinery, particularly in excavators. These hydraulic cylinders are specifically designed to control the movement of the bucket in various types of heavy equipment such as excavators, backhoe loaders, [&hellip;]<\/p>","protected":false},"featured_media":17870,"comment_status":"open","ping_status":"closed","template":"","meta":{"_et_pb_use_builder":"","_et_pb_old_content":"","_et_gb_content_width":""},"product_brand":[],"product_cat":[1546],"product_tag":[1547,1496],"class_list":{"0":"post-19456","1":"product","2":"type-product","3":"status-publish","4":"has-post-thumbnail","6":"product_cat-boom-cylinders","7":"product_tag-boom-cylinders","8":"product_tag-hydraulic-cylinders","10":"first","11":"instock","12":"shipping-taxable","13":"product-type-simple"},"amp_enabled":true,"_links":{"self":[{"href":"https:\/\/www.hydraulic-cylinders.net\/sl\/wp-json\/wp\/v2\/product\/19456","targetHints":{"allow":["GET"]}}],"collection":[{"href":"https:\/\/www.hydraulic-cylinders.net\/sl\/wp-json\/wp\/v2\/product"}],"about":[{"href":"https:\/\/www.hydraulic-cylinders.net\/sl\/wp-json\/wp\/v2\/types\/product"}],"replies":[{"embeddable":true,"href":"https:\/\/www.hydraulic-cylinders.net\/sl\/wp-json\/wp\/v2\/comments?post=19456"}],"wp:featuredmedia":[{"embeddable":true,"href":"https:\/\/www.hydraulic-cylinders.net\/sl\/wp-json\/wp\/v2\/media\/17870"}],"wp:attachment":[{"href":"https:\/\/www.hydraulic-cylinders.net\/sl\/wp-json\/wp\/v2\/media?parent=19456"}],"wp:term":[{"taxonomy":"product_brand","embeddable":true,"href":"https:\/\/www.hydraulic-cylinders.net\/sl\/wp-json\/wp\/v2\/product_brand?post=19456"},{"taxonomy":"product_cat","embeddable":true,"href":"https:\/\/www.hydraulic-cylinders.net\/sl\/wp-json\/wp\/v2\/product_cat?post=19456"},{"taxonomy":"product_tag","embeddable":true,"href":"https:\/\/www.hydraulic-cylinders.net\/sl\/wp-json\/wp\/v2\/product_tag?post=19456"}],"curies":[{"name":"delovni list","href":"https:\/\/api.w.org\/{rel}","templated":true}]}}