{"id":19497,"date":"2025-04-07T06:50:56","date_gmt":"2025-04-07T06:50:56","guid":{"rendered":"https:\/\/www.hydraulic-cylinders.net\/product\/boom-cylinder-for-jove-jv365lc\/"},"modified":"2025-04-07T06:50:58","modified_gmt":"2025-04-07T06:50:58","slug":"boom-cylinder-for-jove-jv365lc","status":"publish","type":"product","link":"https:\/\/www.hydraulic-cylinders.net\/sl\/izdelek\/boom-cylinder-for-jove-jv365lc\/","title":{"rendered":"Cilinder roke za Jove JV365LC"},"content":{"rendered":"<h1>Cilinder roke za Jove JV365LC<\/h1>\n<h2>Pregled izdelka<\/h2>\n<p>The <strong>Cilinder roke za Jove JV365LC<\/strong> je specializiran hidravli\u010dni cilinder, zasnovan za krmiljenje gibanja \u017elic v te\u017ekih strojih, kot so bagri, bagri nakladalniki in \u010delni nakladalniki. Ti cilindri igrajo klju\u010dno vlogo pri omogo\u010danju dvigovanja, spu\u0161\u010danja in nagibanja \u017elic, kar olaj\u0161a razli\u010dna opravila ravnanja z materiali. Cilinder \u017elice deluje v hidravli\u010dnih sistemih in pretvarja hidravli\u010dno energijo v mehansko silo, kar omogo\u010da nemoteno in u\u010dinkovito delovanje v zahtevnih okoljih.<\/p>\n<p><img decoding=\"async\" src=\"https:\/\/www.hydraulic-cylinders.net\/wp-content\/uploads\/2025\/04\/songte-company-1.webp\" alt=\"Cilinder roke za Jove JV365LC\"><\/p>\n<h3>Klju\u010dne lastnosti<\/h3>\n<ul>\n<li><strong>Visoka trdnost in vzdr\u017eljivost:<\/strong> Te valje, izdelane iz visoko trdnega jekla ali aluminija, lahko prenesejo visok tlak in velike obremenitve. Njihova zasnova upo\u0161teva odpornost proti obrabi in koroziji, kar podalj\u0161uje njihovo \u017eivljenjsko dobo.<\/li>\n<li><strong>U\u010dinkovito hidravli\u010dno delovanje:<\/strong> Za doseganje gladkega iztegovanja in vvla\u010denja uporabljajo hidravli\u010dni tlak olja, se hitro odzivajo na krmilne ukaze in hkrati zagotavljajo znatno silo potiska in vle\u010denja, kar je idealno za te\u017eka in kompleksna opravila.<\/li>\n<li><strong>Razli\u010dne vrste:<\/strong> Na voljo so v enosmerno delujo\u010di (hidravli\u010dno delovanje v eni smeri) in dvosmerno delujo\u010di (hidravli\u010dno delovanje v obeh smereh) izvedbi, ki ustrezajo razli\u010dnim operativnim potrebam. Nekateri modeli imajo teleskopsko zasnovo za ve\u010dji izvle\u010dek brez pove\u010danja zunanjih dimenzij, kar je idealno za omejene aplikacije.<\/li>\n<li><strong>Izdelava po meri:<\/strong> Ta izdelek lahko izdelamo sami in tako zagotovimo, da so na\u0161i hidravli\u010dni cilindri popolna zamenjava za obstoje\u010de modele.<\/li>\n<\/ul>\n<p><img decoding=\"async\" src=\"https:\/\/www.hydraulic-cylinders.net\/wp-content\/uploads\/2025\/04\/songte-cylinder-head-with-all-kinds-excavator-models.webp\" alt=\"Glava hidravli\u010dnega valja\"><\/p>\n<h2>Aplikacije<\/h2>\n<h3>Gradbena oprema<\/h3>\n<p>V gradbenem sektorju so cilindri roke klju\u010dni sestavni deli bagrov, ki omogo\u010dajo izkopavanje, nakladanje in prevoz zemlje ali ru\u0161evin. Njihova funkcionalnost je klju\u010dnega pomena tako za kopanje kot za dvigovanje v bagrih nakladalnikih, kar pove\u010duje splo\u0161no u\u010dinkovitost gradbenih projektov. Natan\u010dno gibanje, ki ga omogo\u010dajo ti cilindri, olaj\u0161a natan\u010dno kopanje in ravnanje z materiali, kar zagotavlja produktivnost na gradbi\u0161\u010dih.<\/p>\n<h3>Kmetijska mehanizacija<\/h3>\n<p>\u010celni nakladalniki, opremljeni z valji roke, so bistveni za kmetijska opravila, saj omogo\u010dajo dvigovanje, zajemanje in prevoz razli\u010dnih materialov, kot sta zemlja in seno. Ta prilagodljivost je klju\u010dnega pomena za kmete, da lahko u\u010dinkovito upravljajo z viri, kar omogo\u010da hitrej\u0161e in u\u010dinkovitej\u0161e delovanje na kmetiji. Zanesljivost teh valjev neposredno vpliva na produktivnost kmetijske mehanizacije, zaradi \u010desar so nepogre\u0161ljivi v sodobnih kmetijskih praksah.<\/p>\n<h3>Bagri<\/h3>\n<p>Pri bagrih cilindri roke omogo\u010dajo, da \u017elica med kopanjem prodre v zemljo. Ta sposobnost omogo\u010da u\u010dinkovito izkopavanje razli\u010dnih materialov, od rahle zemlje do trdih povr\u0161in. Hidravli\u010dna sila, ki jo ustvarjajo ti cilindri, pove\u010duje u\u010dinkovitost bagra, zaradi \u010desar je to klju\u010dno orodje v gradbeni\u0161tvu in rudarstvu. Njihova sposobnost delovanja pod velikimi obremenitvami zagotavlja, da se projekti lahko zaklju\u010dijo pravo\u010dasno z minimalnim izpadom.<\/p>\n<h3>Nakladalci<\/h3>\n<p>Pri \u010delnih nakladalnikih so cilindri roke odgovorni za u\u010dinkovito dvigovanje in prekucanje bremen. Zagotavljajo potrebno silo za ravnanje s te\u017ekimi materiali, kar zagotavlja nemoteno delovanje med nakladanjem in razkladanjem. U\u010dinkovitost teh cilindrov pomembno prispeva k operativnim zmogljivostim nakladalnika, kar pomaga poenostaviti delovne procese na gradbi\u0161\u010dih in pri ravnanju z materiali.<\/p>\n<h2>Oblikovalski vidiki in izbirna merila<\/h2>\n<h3>Nosilnost<\/h3>\n<p>Pri izbiri cilindra roke je klju\u010dnega pomena upo\u0161tevati njegovo nosilnost. Cilinder mora biti zasnovan tako, da prenese specifi\u010dne te\u017ee, s katerimi se sre\u010da pri predvideni uporabi. Izbira cilindra z nezadostno nosilnostjo lahko povzro\u010di okvaro in predstavlja varnostna tveganja. Zato je razumevanje omejitev te\u017ee in zagotovitev ustreznega dimenzioniranja cilindra bistvenega pomena za varno in u\u010dinkovito delovanje.<\/p>\n<h3>Tesnjenje in vzdr\u017eljivost<\/h3>\n<p>U\u010dinkovito tesnjenje je klju\u010dnega pomena za dolgo \u017eivljenjsko dobo hidravli\u010dnih cilindrov. Zasnova mora vklju\u010devati visokokakovostna tesnila, ki prepre\u010dujejo pu\u0161\u010danje hidravli\u010dne teko\u010dine in hkrati zagotavljajo, da onesna\u017eevalci ne vstopijo v valj. Tesnilni materiali, kot sta poliuretan in nitrilna guma, morajo biti izbrani zaradi njihove odpornosti proti obrabi in dolge \u017eivljenjske dobe. Pravilno tesnjenje podalj\u0161a \u017eivljenjsko dobo cilindra, zmanj\u0161a potrebe po vzdr\u017eevanju in zagotavlja dosledno hidravli\u010dno delovanje.<\/p>\n<h3>Varnostne funkcije<\/h3>\n<p>Varnost je pri na\u010drtovanju hidravli\u010dnih cilindrov najpomembnej\u0161i dejavnik. Funkcije, kot so tla\u010dni varnostni ventili in robustne pritrdilne naprave, pove\u010dujejo varnost delovanja. Te funkcije \u0161\u010ditijo pred previsokim tlakom in zagotavljajo, da je valj med delovanjem varno pritrjen. Redni pregledi in upo\u0161tevanje varnostnih protokolov dodatno pove\u010dujejo varnost delovanja s hidravli\u010dnimi cilindri.<\/p>\n<h3>Vzdr\u017eevanje in servisiranje<\/h3>\n<p>Zasnova hidravli\u010dnih cilindrov za enostavno vzdr\u017eevanje je bistvenega pomena za zagotovitev njihove dolgo\u017eivosti in zanesljivosti. Cilindri morajo biti izdelani tako, da omogo\u010dajo enostaven dostop med rutinskimi pregledi in popravili. To vklju\u010duje funkcije, kot so zamenljiva tesnila in lahko dostopne mazalne to\u010dke, ki omogo\u010dajo redne vzdr\u017eevalne preglede, zmanj\u0161ujejo tveganje za nepri\u010dakovane okvare in podalj\u0161ujejo \u017eivljenjsko dobo opreme.<\/p>\n<p><img decoding=\"async\" src=\"https:\/\/www.hydraulic-cylinders.net\/wp-content\/uploads\/2025\/04\/songte-oil-pipes-and-spare-parts.webp\" alt=\"Deli hidravli\u010dnega cilindra\"><\/p>\n<h2>Tesnjenje in mazanje<\/h2>\n<p>Zmogljivost in \u017eivljenjska doba cilindrov roke sta mo\u010dno odvisni od u\u010dinkovitih strategij tesnjenja in mazanja. Razli\u010dni tesnilni elementi, kot so tesnila bata in ojnice, igrajo klju\u010dno vlogo pri ohranjanju celovitosti hidravli\u010dnih sistemov. Tesnila iz materialov, odpornih proti obrabi, kot sta poliuretan in nitrilna guma, so prednostna zaradi svoje sposobnosti, da prenesejo te\u017eke obratovalne pogoje.<\/p>\n<p>Poleg tega sta ohi\u0161je valja in navojne kon\u010dne povr\u0161ine skrbno obdelani za izbolj\u0161anje odpornosti proti obrabi. Redno mazanje z ustreznim hidravli\u010dnim oljem je bistvenega pomena za zmanj\u0161anje trenja in obrabe ter zagotavljanje nemotenega delovanja. To redno vzdr\u017eevanje podalj\u0161a \u017eivljenjsko dobo hidravli\u010dnega valja, hkrati pa ohranja optimalno delovanje.<\/p>\n<h2>Redni pregledi in preventivno vzdr\u017eevanje<\/h2>\n<ul>\n<li><strong>Redni pregledi:<\/strong> Redni pregledi hidravli\u010dnega sistema so klju\u010dnega pomena za prepoznavanje morebitnih te\u017eav, preden se te stopnjujejo. To vklju\u010duje preverjanje pu\u0161\u010danja, pregled tesnil glede obrabe in zagotavljanje ustrezne ravni hidravli\u010dne teko\u010dine.<\/li>\n<li><strong>Pravilno mazanje:<\/strong> Ustrezno mazanje hidravli\u010dnih komponent prepre\u010duje prekomerno obrabo. Redno dodajanje hidravli\u010dne teko\u010dine in zagotavljanje, da mazivo ne vsebuje ne\u010disto\u010d, lahko znatno podalj\u0161a \u017eivljenjsko dobo sistema.<\/li>\n<li><strong>Zamenjava tesnila:<\/strong> S\u010dasoma se tesnila obrabijo. Izvajanje urnika za pregled in zamenjavo tesnil je klju\u010dnega pomena za prepre\u010devanje pu\u0161\u010danja in ohranjanje celovitosti sistema. Redni pregledi kalibracije lahko pomagajo tudi pri odkrivanju morebitnih odstopanj, ki bi lahko povzro\u010dila te\u017eave z delovanjem.<\/li>\n<\/ul>\n<h2>Navodila za namestitev<\/h2>\n<p>Pravilna namestitev cilindra roke je klju\u010dnega pomena za zagotavljanje optimalne zmogljivosti in varnosti. Najprej natan\u010dno preberite navodila in smernice proizvajalca. Cilinder pravilno poravnajte z pritrdilnimi to\u010dkami, da se izognete prekomerni obremenitvi komponente. Priporo\u010dljivo je, da za pritrditev cilindra uporabite ustrezne pritrdilne nosilce. Pred presku\u0161anjem sistema se prepri\u010dajte, da so vse hidravli\u010dne povezave tesne in ne pu\u0161\u010dajo. Po namestitvi opravite temeljit pregled, da potrdite, da cilinder deluje gladko in u\u010dinkovito. Redno spremljajte namestitev glede morebitnih znakov obrabe ali pu\u0161\u010danja, da lahko proaktivno odpravite te\u017eave.<\/p>\n<h2>Vzdr\u017eevalna opravila<\/h2>\n<h3>Redni pregled<\/h3>\n<p>Redni pregledi so bistveni za ohranjanje delovanja hidravli\u010dnih cilindrov. To vklju\u010duje vizualno preverjanje morebitnih znakov obrabe ali po\u0161kodb, zlasti tesnil in pritrdilnih to\u010dk. Vodenje dnevnika pregledov lahko pomaga spremljati delovanje cilindra skozi \u010das in prepoznati trende, ki lahko ka\u017eejo na morebitne te\u017eave.<\/p>\n<h3>Pravilno mazanje<\/h3>\n<p>Mazanje je klju\u010dni vidik vzdr\u017eevanja hidravli\u010dnega cilindra. Zagotavljanje ustreznega mazanja vseh gibljivih delov lahko prepre\u010di trenje in obrabo, kar podalj\u0161a \u017eivljenjsko dobo cilindra. Pomembno je uporabljati hidravli\u010dno teko\u010dino, ki jo priporo\u010da proizvajalec, in redno preverjati nivo teko\u010dine, da se ohrani optimalno delovanje.<\/p>\n<h3>Zamenjava tesnila<\/h3>\n<p>Ker so tesnila podvr\u017eena nenehni obrabi, je njihova redna menjava bistvenega pomena za prepre\u010devanje pu\u0161\u010danja in ohranjanje celovitosti sistema. Med rednim vzdr\u017eevanjem preverite tesnila glede znakov po\u0161kodb ali obrabe in jih po potrebi zamenjajte. Ta proaktivni pristop bo pomagal ohranjati u\u010dinkovitost in varnost hidravli\u010dnega sistema, hkrati pa zmanj\u0161al verjetnost nepri\u010dakovanih izpadov.<\/p>\n<p><img decoding=\"async\" src=\"https:\/\/www.hydraulic-cylinders.net\/wp-content\/uploads\/2025\/04\/songte-chushion-collar.webp\" alt=\"Blazinasti ovratnik za hidravli\u010dne cilindre\"><\/p>\n<h2>Varnostni vidiki in okoljski dejavniki<\/h2>\n<p>Pri uporabi hidravli\u010dnih cilindrov je izvajanje ustreznih varnostnih ukrepov bistvenega pomena. Upravljavci morajo biti usposobljeni za razumevanje morebitnih nevarnosti, povezanih s hidravli\u010dnimi sistemi, vklju\u010dno s tveganji za sprostitev tlaka in pu\u0161\u010danje teko\u010din. Med delovanjem je treba ves \u010das nositi osebno za\u0161\u010ditno opremo (OZO). Poleg tega je treba upo\u0161tevati okoljske vidike, kot je pravilno odstranjevanje hidravli\u010dnih teko\u010din in vzdr\u017eevalnih materialov, da se prepre\u010di onesna\u017eenje tal in vode. Upo\u0161tevanje varnostnih protokolov ne le \u0161\u010diti delavce, temve\u010d tudi pomaga ohranjati skladnost z okoljskimi predpisi.<\/p>\n<h2>Odpravljanje pogostih te\u017eav<\/h2>\n<ul>\n<li><strong>Pu\u0161\u010danje hidravli\u010dne teko\u010dine:<\/strong> Ena najpogostej\u0161ih te\u017eav je pu\u0161\u010danje hidravli\u010dne teko\u010dine. To lahko povzro\u010dijo obrabljena tesnila ali nepravilne povezave. Da bi to odpravili, preverite sistem glede po\u0161kodovanih tesnil in jih po potrebi zamenjajte.<\/li>\n<li><strong>Nedosledno gibanje valja:<\/strong> \u010ce valj deluje neenakomerno, je to lahko posledica zraka, ujetega v hidravli\u010dnih ceveh, ali nezadostne koli\u010dine hidravli\u010dne teko\u010dine. Odzra\u010devanje sistema za odstranitev ujetega zraka in preverjanje nivoja teko\u010dine lahko pomagata obnoviti enakomerno delovanje.<\/li>\n<li><strong>Pregrevanje:<\/strong> Prekomerno segrevanje je lahko posledica preobremenitve ali nezadostnega mazanja. Redno spremljajte delovno temperaturo in zagotovite, da je hidravli\u010dna teko\u010dina \u010dista in na ustrezni ravni, da zmanj\u0161ate te\u017eave s pregrevanjem.<\/li>\n<\/ul>\n<h2>Preventivni ukrepi<\/h2>\n<p>Za zmanj\u0161anje morebitnih te\u017eav s hidravli\u010dnimi cilindri je bistveno sprejeti preventivne ukrepe. Redno vzdr\u017eevanje in pravo\u010dasni pregledi lahko odkrijejo te\u017eave, preden se stopnjujejo, kar zmanj\u0161a tveganje za nepri\u010dakovane okvare. Ustrezno usposabljanje upravljavcev lahko prav tako pove\u010da varnost in u\u010dinkovitost pri uporabi hidravli\u010dnih sistemov. Nenazadnje lahko vzdr\u017eevanje \u010diste in dobro mazane hidravli\u010dne teko\u010dine mo\u010dno zmanj\u0161a obrabo in podalj\u0161a \u017eivljenjsko dobo komponent.<\/p>\n<p><img decoding=\"async\" src=\"https:\/\/www.hydraulic-cylinders.net\/wp-content\/uploads\/2025\/04\/songte-bushings-with-all-kinds-of-excavator-models.webp\" alt=\"Pu\u0161e za modele bagrov\"><\/p>\n<h2>Predstavitev podjetja<\/h2>\n<p>Smo vodilni proizvajalec nadomestnih hidravli\u010dnih cilindrov in ponujamo \u0161iroko paleto izdelkov, zaradi katerih smo se uveljavili kot eden vodilnih proizvajalcev in veletrgovcev na doma\u010dem in mednarodnem trgu. Na\u0161o zavezanost odli\u010dnosti v kakovosti podpira izpopolnjena proizvodna strategija, ki uporablja napredno digitalno proizvodno opremo in profesionalne sisteme testiranja.<\/p>\n<p>Na\u0161e delavnice nenehno izbolj\u0161ujejo svoje proizvodne platforme in zagotavljajo poenostavljen in visokokakovosten proizvodni proces. Z mo\u010dnim poudarkom na tehni\u010dni nadarjenosti in inovacijah si prizadevamo u\u010dinkovito in uspe\u0161no zadovoljiti raznolike potrebe strank. Na\u0161a osredoto\u010denost na visoko u\u010dinkovitost, natan\u010dnost in kakovost nam omogo\u010da, da zagotavljamo vrhunske izdelke, ki prestanejo preizkus \u010dasa.<\/p>\n<p><img decoding=\"async\" src=\"https:\/\/www.hydraulic-cylinders.net\/wp-content\/uploads\/2025\/04\/songte-company-4.webp\" alt=\"Pregled podjetja\"><br \/>\n<img decoding=\"async\" src=\"https:\/\/www.hydraulic-cylinders.net\/wp-content\/uploads\/2025\/04\/songte-company-3.webp\" alt=\"Prostori podjetja\"><\/p>\n<p>Avtor: lyl<\/p>","protected":false},"excerpt":{"rendered":"<p>Boom Cylinder For Jove JV365LC Product Overview The Boom Cylinder for Jove JV365LC is a specialized hydraulic cylinder designed for controlling the movement of buckets in heavy machinery such as excavators, backhoe loaders, and front loaders. These cylinders play a crucial role in enabling the lifting, lowering, and tilting of buckets, facilitating various material handling [&hellip;]<\/p>","protected":false},"featured_media":17881,"comment_status":"open","ping_status":"closed","template":"","meta":{"_et_pb_use_builder":"","_et_pb_old_content":"","_et_gb_content_width":""},"product_brand":[],"product_cat":[1546],"product_tag":[1547,1496],"class_list":{"0":"post-19497","1":"product","2":"type-product","3":"status-publish","4":"has-post-thumbnail","6":"product_cat-boom-cylinders","7":"product_tag-boom-cylinders","8":"product_tag-hydraulic-cylinders","10":"first","11":"instock","12":"shipping-taxable","13":"product-type-simple"},"amp_enabled":true,"_links":{"self":[{"href":"https:\/\/www.hydraulic-cylinders.net\/sl\/wp-json\/wp\/v2\/product\/19497","targetHints":{"allow":["GET"]}}],"collection":[{"href":"https:\/\/www.hydraulic-cylinders.net\/sl\/wp-json\/wp\/v2\/product"}],"about":[{"href":"https:\/\/www.hydraulic-cylinders.net\/sl\/wp-json\/wp\/v2\/types\/product"}],"replies":[{"embeddable":true,"href":"https:\/\/www.hydraulic-cylinders.net\/sl\/wp-json\/wp\/v2\/comments?post=19497"}],"wp:featuredmedia":[{"embeddable":true,"href":"https:\/\/www.hydraulic-cylinders.net\/sl\/wp-json\/wp\/v2\/media\/17881"}],"wp:attachment":[{"href":"https:\/\/www.hydraulic-cylinders.net\/sl\/wp-json\/wp\/v2\/media?parent=19497"}],"wp:term":[{"taxonomy":"product_brand","embeddable":true,"href":"https:\/\/www.hydraulic-cylinders.net\/sl\/wp-json\/wp\/v2\/product_brand?post=19497"},{"taxonomy":"product_cat","embeddable":true,"href":"https:\/\/www.hydraulic-cylinders.net\/sl\/wp-json\/wp\/v2\/product_cat?post=19497"},{"taxonomy":"product_tag","embeddable":true,"href":"https:\/\/www.hydraulic-cylinders.net\/sl\/wp-json\/wp\/v2\/product_tag?post=19497"}],"curies":[{"name":"delovni list","href":"https:\/\/api.w.org\/{rel}","templated":true}]}}